{"id":785,"date":"2023-10-23T05:54:21","date_gmt":"2023-10-23T05:54:21","guid":{"rendered":"https:\/\/swingbearing.net\/?post_type=product&#038;p=785"},"modified":"2023-10-23T06:44:31","modified_gmt":"2023-10-23T06:44:31","slug":"slewing-gear-sk200","status":"publish","type":"product","link":"https:\/\/swingbearing.net\/sk\/product\/slewing-gear-sk200\/","title":{"rendered":"Oto\u010dn\u00fd prevod SK200"},"content":{"rendered":"<p>Oto\u010dn\u00fd prevod<\/p>","protected":false},"excerpt":{"rendered":"<p>Oto\u010dn\u00fd prevod<\/p>","protected":false},"featured_media":782,"template":"","meta":[],"product_brand":[],"product_cat":[23],"product_tag":[],"class_list":{"0":"post-785","1":"product","2":"type-product","3":"status-publish","4":"has-post-thumbnail","6":"product_cat-slewing-gears","8":"first","9":"instock","10":"shipping-taxable","11":"product-type-simple"},"_links":{"self":[{"href":"https:\/\/swingbearing.net\/sk\/wp-json\/wp\/v2\/product\/785","targetHints":{"allow":["GET"]}}],"collection":[{"href":"https:\/\/swingbearing.net\/sk\/wp-json\/wp\/v2\/product"}],"about":[{"href":"https:\/\/swingbearing.net\/sk\/wp-json\/wp\/v2\/types\/product"}],"wp:featuredmedia":[{"embeddable":true,"href":"https:\/\/swingbearing.net\/sk\/wp-json\/wp\/v2\/media\/782"}],"wp:attachment":[{"href":"https:\/\/swingbearing.net\/sk\/wp-json\/wp\/v2\/media?parent=785"}],"wp:term":[{"taxonomy":"product_brand","embeddable":true,"href":"https:\/\/swingbearing.net\/sk\/wp-json\/wp\/v2\/product_brand?post=785"},{"taxonomy":"product_cat","embeddable":true,"href":"https:\/\/swingbearing.net\/sk\/wp-json\/wp\/v2\/product_cat?post=785"},{"taxonomy":"product_tag","embeddable":true,"href":"https:\/\/swingbearing.net\/sk\/wp-json\/wp\/v2\/product_tag?post=785"}],"curies":[{"name":"wp","href":"https:\/\/api.w.org\/{rel}","templated":true}]}}