{"id":738,"date":"2023-10-16T08:17:41","date_gmt":"2023-10-16T08:17:41","guid":{"rendered":"https:\/\/swingbearing.net\/?post_type=product&#038;p=738"},"modified":"2023-10-16T08:18:51","modified_gmt":"2023-10-16T08:18:51","slug":"excavator-travel-reducer-dh150-9","status":"publish","type":"product","link":"https:\/\/swingbearing.net\/sk\/product\/excavator-travel-reducer-dh150-9\/","title":{"rendered":"Redukcia pojazdu r\u00fdpadla DH150-9"},"content":{"rendered":"<p><b>&#8212;&#8212;&#8212;&#8212;&#8212;&#8212;&#8212;\u00a0 \u00a0<\/b><b>Hot Selling Travel Gearbox model<\/b><b>&#8212;&#8212;&#8212;&#8212;&#8212;<\/b><\/p>\n<div>\n<div class=\"cke_widget_wrapper cke_widget_block cke_widget_selected\" tabindex=\"-1\" contenteditable=\"false\" data-cke-widget-wrapper=\"1\" data-cke-filter=\"off\" data-cke-display-name=\"mictable\" data-cke-widget-id=\"5\">\n<table class=\"cke_widget_element\" data-cke-widget-data=\"%7B%22classes%22%3Anull%7D\" data-cke-widget-upcasted=\"1\" data-cke-widget-keep-attr=\"0\" data-widget=\"micTable\">\n<colgroup>\n<col \/>\n<col \/>\n<col \/><\/colgroup>\n<tbody class=\"cke_widget_editable\" contenteditable=\"true\" data-cke-widget-editable=\"tbody\" data-cke-enter-mode=\"2\">\n<tr>\n<td colspan=\"3\">PC200-7\/8<\/td>\n<td>PC200-7\/8<\/td>\n<td colspan=\"2\">MONT\u00c1\u017dNY CELOK CESTOVN\u00c9HO MOTORA<\/td>\n<\/tr>\n<tr>\n<td colspan=\"3\">ZAX870-3<\/td>\n<td>YB60000031<\/td>\n<td colspan=\"2\">MONT\u00c1\u017dNY CELOK CESTOVN\u00c9HO MOTORA<\/td>\n<\/tr>\n<tr>\n<td colspan=\"3\">PC120-6E<\/td>\n<td>2036063110<\/td>\n<td colspan=\"2\">MONT\u00c1\u017dNY CELOK CESTOVN\u00c9HO MOTORA<\/td>\n<\/tr>\n<tr>\n<td colspan=\"3\">PC120-6<\/td>\n<td>PC120-6<\/td>\n<td colspan=\"2\">MONT\u00c1\u017dNY CELOK CESTOVN\u00c9HO MOTORA<\/td>\n<\/tr>\n<tr>\n<td colspan=\"3\">KYB<\/td>\n<td>MAG-170VP-3800-10 (B0240-93099)<\/td>\n<td colspan=\"2\">MONT\u00c1\u017dNY CELOK CESTOVN\u00c9HO MOTORA<\/td>\n<\/tr>\n<tr>\n<td colspan=\"3\">EC210B<\/td>\n<td>14528732<\/td>\n<td colspan=\"2\">MONT\u00c1\u017dNY CELOK CESTOVN\u00c9HO MOTORA<\/td>\n<\/tr>\n<tr>\n<td colspan=\"3\">E330D<\/td>\n<td>E330D KONCOV\u00dd PREVODOV\u00dd AGREG\u00c1T<\/td>\n<td colspan=\"2\">MONT\u00c1\u017dNY CELOK CESTOVN\u00c9HO MOTORA<\/td>\n<\/tr>\n<tr>\n<td colspan=\"3\">PC40<\/td>\n<td>20T6043100<\/td>\n<td colspan=\"2\">MONT\u00c1\u017dNY CELOK CESTOVN\u00c9HO MOTORA<\/td>\n<\/tr>\n<tr>\n<td colspan=\"3\">KYB<\/td>\n<td>MAG-170VP-G-GT40D43B (B0240-93111)<\/td>\n<td colspan=\"2\">MONT\u00c1\u017dNY CELOK CESTOVN\u00c9HO MOTORA<\/td>\n<\/tr>\n<tr>\n<td colspan=\"3\">PC120-6<\/td>\n<td>PC130-7 MONT\u00c1\u017dNY CELOK MOTORA JAZDY<\/td>\n<td colspan=\"2\">MONT\u00c1\u017dNY CELOK CESTOVN\u00c9HO MOTORA<\/td>\n<\/tr>\n<tr>\n<td colspan=\"3\">SOLAR 150LC-V<\/td>\n<td>401-00034<\/td>\n<td colspan=\"2\">MONT\u00c1\u017dNY CELOK CESTOVN\u00c9HO MOTORA<\/td>\n<\/tr>\n<tr>\n<td colspan=\"3\">PC300 PC350<\/td>\n<td>207-27-00580<\/td>\n<td colspan=\"2\">MONT\u00c1\u017dNY CELOK CESTOVN\u00c9HO MOTORA<\/td>\n<\/tr>\n<tr>\n<td colspan=\"3\">R210-7<\/td>\n<td>39Q6-41110<\/td>\n<td colspan=\"2\">MONT\u00c1\u017dNY CELOK CESTOVN\u00c9HO MOTORA<\/td>\n<\/tr>\n<tr>\n<td colspan=\"3\">E320D<\/td>\n<td>334-9986<\/td>\n<td colspan=\"2\">MONT\u00c1\u017dNY CELOK CESTOVN\u00c9HO MOTORA<\/td>\n<\/tr>\n<tr>\n<td colspan=\"3\">E307<\/td>\n<td>E307 MONT\u00c1\u017dNY CELOK CESTOVN\u00c9HO MOTORA<\/td>\n<td colspan=\"2\">MONT\u00c1\u017dNY CELOK CESTOVN\u00c9HO MOTORA<\/td>\n<\/tr>\n<\/tbody>\n<\/table>\n<\/div>\n<\/div>\n<p>&nbsp;<\/p>\n<p><b>\u00a0 \u00a0 \u00a0 \u00a0 \u00a0 \u00a0 \u00a0 \u00a0 \u00a0 \u00a0 \u00a0 \u00a0 \u00a0 \u00a0 \u00a0 \u00a0 \u00a0 \u00a0 \u00a0 \u00a0 \u00a0 \u00a0 \u00a0 \u00a0 \u00a0 \u00a0 \u00a0 \u00a0 \u00a0 \u00a0 \u00a0 \u00a0 M\u00f4\u017eeme poskytn\u00fa\u0165 SWING MOTOR\u00a0<\/b><\/p>\n<div>\n<div class=\"cke_widget_wrapper cke_widget_block cke_widget_selected\" tabindex=\"-1\" contenteditable=\"false\" data-cke-widget-wrapper=\"1\" data-cke-filter=\"off\" data-cke-display-name=\"mictable\" data-cke-widget-id=\"4\">\n<table class=\"cke_widget_element\" data-cke-widget-data=\"%7B%22classes%22%3Anull%7D\" data-cke-widget-upcasted=\"1\" data-cke-widget-keep-attr=\"0\" data-widget=\"micTable\">\n<colgroup>\n<col \/>\n<col \/><\/colgroup>\n<tbody class=\"cke_widget_editable\" contenteditable=\"true\" data-cke-widget-editable=\"tbody\" data-cke-enter-mode=\"2\">\n<tr>\n<td>SG025<\/td>\n<td>SH60 \/SK60\/E70B\/307<\/td>\n<\/tr>\n<tr>\n<td>SG04<\/td>\n<td>HD400\/450SEV CAT311\/312<\/td>\n<\/tr>\n<tr>\n<td>MFC65<\/td>\n<td>SH100\/120 SK100-2\/3<\/td>\n<\/tr>\n<tr>\n<td>SG08<\/td>\n<td>CAT200B\/SH200\/HD700\/820<\/td>\n<\/tr>\n<tr>\n<td>M2X96<\/td>\n<td>EX200-2 EX220-2<\/td>\n<\/tr>\n<tr>\n<td>M2X120<\/td>\n<td>EX200-3 E320L\/B SK200-6<\/td>\n<\/tr>\n<tr>\n<td>M2X146<\/td>\n<td>EX200-5 EX220-5 SK230-6<\/td>\n<\/tr>\n<tr>\n<td>M2X150\/170<\/td>\n<td>EX200-1 SK200-1\/3 SK07-N2<\/td>\n<\/tr>\n<tr>\n<td>M2X210<\/td>\n<td>EX270\/280\/300-1 HD1250<\/td>\n<\/tr>\n<tr>\n<td>M5X130<\/td>\n<td>ZAX200\/210 CAT320C SK200-8<\/td>\n<\/tr>\n<tr>\n<td>M5X180<\/td>\n<td>ZAX330\/360 HD1430<\/td>\n<\/tr>\n<tr>\n<td>M2X63<\/td>\n<td>R130\/150 SK60-1<\/td>\n<\/tr>\n<tr>\n<td>KMF90<\/td>\n<td>PC200-3\/5 PC220-3\/5<\/td>\n<\/tr>\n<tr>\n<td>KMF160<\/td>\n<td>PC300-3\/5 PC400-3\/5<\/td>\n<\/tr>\n<tr>\n<td>MX173<\/td>\n<td>EX200-1\/220-1(STAR\u00dd)<\/td>\n<\/tr>\n<tr>\n<td>M5X150<\/td>\n<td>CAT300B<\/td>\n<\/tr>\n<\/tbody>\n<\/table>\n<\/div>\n<\/div>\n<p>&nbsp;<\/p>\n<p><strong>\u00a0 \u00a0 \u00a0 \u00a0 \u00a0 \u00a0 \u00a0 \u00a0 \u00a0 \u00a0 \u00a0 \u00a0 \u00a0 \u00a0 \u00a0 \u00a0 \u00a0 \u00a0 \u00a0 \u00a0 \u00a0 \u00a0 \u00a0 \u00a0 \u00a0 \u010eal\u0161ie modely r\u00fdpadiel\u00a0<\/strong><\/p>\n<div>\n<div class=\"cke_widget_wrapper cke_widget_block cke_widget_selected\" tabindex=\"-1\" contenteditable=\"false\" data-cke-widget-wrapper=\"1\" data-cke-filter=\"off\" data-cke-display-name=\"mictable\" data-cke-widget-id=\"3\">\n<table class=\"cke_widget_element\" data-cke-widget-data=\"%7B%22classes%22%3Anull%7D\" data-cke-widget-upcasted=\"1\" data-cke-widget-keep-attr=\"0\" data-widget=\"micTable\">\n<colgroup>\n<col \/>\n<col \/>\n<col \/>\n<col \/>\n<col \/><\/colgroup>\n<tbody class=\"cke_widget_editable\" contenteditable=\"true\" data-cke-widget-editable=\"tbody\" data-cke-enter-mode=\"2\">\n<tr>\n<td rowspan=\"5\">CATERPILLA R<\/td>\n<td>E55\/E55B<\/td>\n<td>E70\/E70B<\/td>\n<td>E110\/E110B<\/td>\n<td>E120\/E120B<\/td>\n<td>E180<\/td>\n<\/tr>\n<tr>\n<td>E215<\/td>\n<td>E225DLC<\/td>\n<td>E235<\/td>\n<td>E240<\/td>\n<td>E300B<\/td>\n<\/tr>\n<tr>\n<td>E307<\/td>\n<td>E306<\/td>\n<td>E305<\/td>\n<td>E311\/E312<\/td>\n<td>E320\/E200B<\/td>\n<\/tr>\n<tr>\n<td>E322<\/td>\n<td>E324<\/td>\n<td>E325<\/td>\n<td>E330<\/td>\n<td>E339<\/td>\n<\/tr>\n<tr>\n<td>E345<\/td>\n<td>E349<\/td>\n<td>E450<\/td>\n<td><\/td>\n<td><\/td>\n<\/tr>\n<tr>\n<td rowspan=\"7\">HITACHI<\/td>\n<td>EX30<\/td>\n<td>EX40<\/td>\n<td>EX55<\/td>\n<td>EX60-1-2-3-5<\/td>\n<td>EX70<\/td>\n<\/tr>\n<tr>\n<td>EX100-1-3<\/td>\n<td>EX120-1-3-5<\/td>\n<td>EX150<\/td>\n<td>EX200-1-2-3-5-8<\/td>\n<td>EX220<\/td>\n<\/tr>\n<tr>\n<td>EX230<\/td>\n<td>EX270<\/td>\n<td>EX300-1-2-3-5-6<\/td>\n<td>EX400-1-2-3-5<\/td>\n<td>EX600<\/td>\n<\/tr>\n<tr>\n<td>UH043<\/td>\n<td>UH052<\/td>\n<td>UH053<\/td>\n<td>UH07<\/td>\n<td>UH081<\/td>\n<\/tr>\n<tr>\n<td>UH082<\/td>\n<td>UH083<\/td>\n<td>ZAXIS 60<\/td>\n<td>ZAXIS 200-3-6<\/td>\n<td>ZAXIS 240<\/td>\n<\/tr>\n<tr>\n<td>ZAXIS 270<\/td>\n<td>ZAXIS 330<\/td>\n<td>ZAXIS 360<\/td>\n<td>ZAXIS 450<\/td>\n<td>ZAXIS 870<\/td>\n<\/tr>\n<tr>\n<td>ZAXIS 110<\/td>\n<td>ZAXIS 120<\/td>\n<td><\/td>\n<td><\/td>\n<td><\/td>\n<\/tr>\n<tr>\n<td rowspan=\"3\">KATO<\/td>\n<td>HD80<\/td>\n<td>HD140<\/td>\n<td>HD250<\/td>\n<td>HD400(HD450)<\/td>\n<td>HD550<\/td>\n<\/tr>\n<tr>\n<td>HD700(HD770)<\/td>\n<td>HD820(HD850)<\/td>\n<td>HD880<\/td>\n<td>HD900<\/td>\n<td>HD1023<\/td>\n<\/tr>\n<tr>\n<td>HD1220<\/td>\n<td>HD1250<\/td>\n<td>HD1430<\/td>\n<td>HD2053<\/td>\n<td><\/td>\n<\/tr>\n<tr>\n<td rowspan=\"4\">SUMITOMO<\/td>\n<td>SH60<\/td>\n<td>SH70<\/td>\n<td>SH100<\/td>\n<td>SH120<\/td>\n<td>SH200<\/td>\n<\/tr>\n<tr>\n<td>SH210<\/td>\n<td>SH220<\/td>\n<td>SH280<\/td>\n<td>SH300<\/td>\n<td>SH320<\/td>\n<\/tr>\n<tr>\n<td>SH350<\/td>\n<td>SH360<\/td>\n<td>SH400<\/td>\n<td>SH450<\/td>\n<td>SH460<\/td>\n<\/tr>\n<tr>\n<td>LS2800FJ<\/td>\n<td>S340<\/td>\n<td>S430<\/td>\n<td><\/td>\n<td><\/td>\n<\/tr>\n<tr>\n<td rowspan=\"4\">KOBELCO<\/td>\n<td>SK60<\/td>\n<td>SK70<\/td>\n<td>SK75<\/td>\n<td>SK07-N2<\/td>\n<td>SK07\/2\/7<\/td>\n<\/tr>\n<tr>\n<td>SK100<\/td>\n<td>SK120-3-5-6<\/td>\n<td>SK125<\/td>\n<td>SK160<\/td>\n<td>SK200-1-3-5-6-8<\/td>\n<\/tr>\n<tr>\n<td>SK210<\/td>\n<td>SK220-3-6<\/td>\n<td>SK230<\/td>\n<td>SK250<\/td>\n<td>SK260<\/td>\n<\/tr>\n<tr>\n<td>SK300-3-6<\/td>\n<td>SK320<\/td>\n<td>SK330<\/td>\n<td>SK400<\/td>\n<td>SK480<\/td>\n<\/tr>\n<tr>\n<td rowspan=\"4\">DAEWOO<\/td>\n<td>DH55<\/td>\n<td>DH60<\/td>\n<td>DH80<\/td>\n<td>DH130<\/td>\n<td>DH150<\/td>\n<\/tr>\n<tr>\n<td>DH200<\/td>\n<td>DH220<\/td>\n<td>DH215<\/td>\n<td>DH220<\/td>\n<td>DH258<\/td>\n<\/tr>\n<tr>\n<td>DH280<\/td>\n<td>DH300<\/td>\n<td>DH360<\/td>\n<td>DH370-9<\/td>\n<td>DH400<\/td>\n<\/tr>\n<tr>\n<td>DH420<\/td>\n<td>DH500<\/td>\n<td>UH07<\/td>\n<td>K907C<\/td>\n<td><\/td>\n<\/tr>\n<tr>\n<td rowspan=\"4\">HYUNDAI<\/td>\n<td>R60<\/td>\n<td>R80<\/td>\n<td>R130-5-7<\/td>\n<td>R150<\/td>\n<td>R200<\/td>\n<\/tr>\n<tr>\n<td>R200-5<\/td>\n<td>R210<\/td>\n<td>R210-7<\/td>\n<td>R215-7<\/td>\n<td>R220-5<\/td>\n<\/tr>\n<tr>\n<td>R225-7<\/td>\n<td>R260-5<\/td>\n<td>R265<\/td>\n<td>R290<\/td>\n<td>R300-5<\/td>\n<\/tr>\n<tr>\n<td>R305<\/td>\n<td>R320<\/td>\n<td>R385<\/td>\n<td>R420<\/td>\n<td>R450-3-5<\/td>\n<\/tr>\n<tr>\n<td rowspan=\"2\">VOLV O<\/td>\n<td>EC55B<\/td>\n<td>EC140B<\/td>\n<td>EC210<\/td>\n<td>EC240<\/td>\n<td>EC290B<\/td>\n<\/tr>\n<tr>\n<td>EC290B PRIME<\/td>\n<td>EC360<\/td>\n<td>EC460<\/td>\n<td>EC700<\/td>\n<td><\/td>\n<\/tr>\n<tr>\n<td rowspan=\"2\">KUBOTA<\/td>\n<td>KX35<\/td>\n<td>KX50<\/td>\n<td>KX85<\/td>\n<td>KX135<\/td>\n<td>KX155<\/td>\n<\/tr>\n<tr>\n<td>KX161<\/td>\n<td><\/td>\n<td><\/td>\n<td><\/td>\n<td><\/td>\n<\/tr>\n<tr>\n<td>DOOSAN<\/td>\n<td>DX60<\/td>\n<td>DX200<\/td>\n<td>DX300<\/td>\n<td>DX340<\/td>\n<td><\/td>\n<\/tr>\n<\/tbody>\n<\/table>\n<\/div>\n<\/div>","protected":false},"excerpt":{"rendered":"<p>&#8212;&#8212;&#8212;&#8212;&#8212;&#8212;&#8212;\u00a0 \u00a0Hot Selling Travel Gearbox\u00a0model&#8212;&#8212;&#8212;&#8212;&#8212; PC200-7\/8 PC200-7\/8 TRAVEL MOTOR ASSY ZAX870-3 YB60000031 TRAVEL MOTOR ASSY PC120-6E 2036063110 TRAVEL MOTOR ASSY PC120-6 PC120-6 TRAVEL MOTOR ASSY KYB MAG-170VP-3800-10 (B0240-93099) TRAVEL MOTOR ASSY EC210B 14528732 TRAVEL MOTOR ASSY E330D E330D FINAL DRIVE ASSY TRAVEL MOTOR ASSY PC40 20T6043100 TRAVEL MOTOR ASSY KYB MAG-170VP-G-GT40D43B (B0240-93111) TRAVEL MOTOR ASSY [&hellip;]<\/p>\n","protected":false},"featured_media":686,"template":"","meta":[],"product_brand":[],"product_cat":[24],"product_tag":[],"class_list":{"0":"post-738","1":"product","2":"type-product","3":"status-publish","4":"has-post-thumbnail","6":"product_cat-travel-reducers","8":"first","9":"instock","10":"shipping-taxable","11":"product-type-simple"},"_links":{"self":[{"href":"https:\/\/swingbearing.net\/sk\/wp-json\/wp\/v2\/product\/738","targetHints":{"allow":["GET"]}}],"collection":[{"href":"https:\/\/swingbearing.net\/sk\/wp-json\/wp\/v2\/product"}],"about":[{"href":"https:\/\/swingbearing.net\/sk\/wp-json\/wp\/v2\/types\/product"}],"wp:featuredmedia":[{"embeddable":true,"href":"https:\/\/swingbearing.net\/sk\/wp-json\/wp\/v2\/media\/686"}],"wp:attachment":[{"href":"https:\/\/swingbearing.net\/sk\/wp-json\/wp\/v2\/media?parent=738"}],"wp:term":[{"taxonomy":"product_brand","embeddable":true,"href":"https:\/\/swingbearing.net\/sk\/wp-json\/wp\/v2\/product_brand?post=738"},{"taxonomy":"product_cat","embeddable":true,"href":"https:\/\/swingbearing.net\/sk\/wp-json\/wp\/v2\/product_cat?post=738"},{"taxonomy":"product_tag","embeddable":true,"href":"https:\/\/swingbearing.net\/sk\/wp-json\/wp\/v2\/product_tag?post=738"}],"curies":[{"name":"wp","href":"https:\/\/api.w.org\/{rel}","templated":true}]}}