{"id":574,"date":"2023-09-27T05:19:35","date_gmt":"2023-09-27T05:19:35","guid":{"rendered":"https:\/\/swingbearing.net\/?post_type=product&#038;p=574"},"modified":"2024-06-12T02:15:53","modified_gmt":"2024-06-12T02:15:53","slug":"swing-bearings-sany","status":"publish","type":"product","link":"https:\/\/swingbearing.net\/sk\/product\/swing-bearings-sany\/","title":{"rendered":"Kyvn\u00e9 lo\u017eisk\u00e1 SANY"},"content":{"rendered":"<h2 style=\"text-align: center;\">Parametre v\u00fdkyvn\u00fdch lo\u017e\u00edsk SANY<\/h2>\n<figure class=\"wp-block-table is-style-stripes has-small-font-size\">\n<table class=\"has-cyan-bluish-gray-background-color has-background\">\n<tbody>\n<tr>\n<td>Vonkaj\u0161\u00ed priemer Da<\/td>\n<td>Vn\u00fatorn\u00fd priemer Di<\/td>\n<td>Mont\u00e1\u017ena v\u00fd\u0161ka H<\/td>\n<td>Ozna\u010denie<\/td>\n<\/tr>\n<tr>\n<td>811<\/td>\n<td>622<\/td>\n<td>75<\/td>\n<td>SY65<\/td>\n<\/tr>\n<tr>\n<td>810<\/td>\n<td>621<\/td>\n<td>75<\/td>\n<td>SY75(90Z)<\/td>\n<\/tr>\n<tr>\n<td>811<\/td>\n<td>601.6<\/td>\n<td>75<\/td>\n<td>SY75(76Z)<\/td>\n<\/tr>\n<tr>\n<td>1122<\/td>\n<td>821<\/td>\n<td>100<\/td>\n<td>SY135<\/td>\n<\/tr>\n<tr>\n<td>1327<\/td>\n<td>1071<\/td>\n<td>99.5<\/td>\n<td>SY185<\/td>\n<\/tr>\n<tr>\n<td>1327<\/td>\n<td>1071<\/td>\n<td>99.5<\/td>\n<td>SY195<\/td>\n<\/tr>\n<tr>\n<td>1322<\/td>\n<td>1071<\/td>\n<td>100<\/td>\n<td>SY200<\/td>\n<\/tr>\n<tr>\n<td>1327<\/td>\n<td>1071<\/td>\n<td>99.5<\/td>\n<td>SY205<\/td>\n<\/tr>\n<tr>\n<td>1322<\/td>\n<td>1071<\/td>\n<td>100<\/td>\n<td>SY210<\/td>\n<\/tr>\n<tr>\n<td>1322<\/td>\n<td>1071<\/td>\n<td>100<\/td>\n<td>SY215-7<\/td>\n<\/tr>\n<tr>\n<td>1322<\/td>\n<td>1071<\/td>\n<td>100<\/td>\n<td>SY215-8<\/td>\n<\/tr>\n<tr>\n<td>1322<\/td>\n<td>1071<\/td>\n<td>100<\/td>\n<td>SY215-9<\/td>\n<\/tr>\n<tr>\n<td>1320<\/td>\n<td>1071<\/td>\n<td>100<\/td>\n<td>SY215<\/td>\n<\/tr>\n<tr>\n<td>1327<\/td>\n<td>1071<\/td>\n<td>99.5<\/td>\n<td>SY235<\/td>\n<\/tr>\n<tr>\n<td>1532<\/td>\n<td>1235<\/td>\n<td>125<\/td>\n<td>SY300<\/td>\n<\/tr>\n<tr>\n<td>1550<\/td>\n<td>1238<\/td>\n<td>152<\/td>\n<td>SY305<\/td>\n<\/tr>\n<tr>\n<td>1532<\/td>\n<td>1235<\/td>\n<td>125<\/td>\n<td>SY310<\/td>\n<\/tr>\n<tr>\n<td>1550<\/td>\n<td>1238<\/td>\n<td>152<\/td>\n<td>SY335<\/td>\n<\/tr>\n<tr>\n<td>1532<\/td>\n<td>1235<\/td>\n<td>125<\/td>\n<td>SY360<\/td>\n<\/tr>\n<tr>\n<td>1550<\/td>\n<td>1238<\/td>\n<td>152<\/td>\n<td>SY365<\/td>\n<\/tr>\n<tr>\n<td>1550<\/td>\n<td>1238.5<\/td>\n<td>152<\/td>\n<td>SY420<\/td>\n<\/tr>\n<\/tbody>\n<\/table>\n<\/figure>\n<p>V\u00fdkyvn\u00e9 lo\u017eisk\u00e1 r\u00fdpadiel Sany s\u00fa z\u00e1kladn\u00fdmi komponentmi v\u00fdkyvn\u00e9ho syst\u00e9mu ka\u017ed\u00e9ho r\u00fdpadla. Tieto lo\u017eisk\u00e1 umo\u017e\u0148uj\u00fa ot\u00e1\u010danie a ot\u00e1\u010danie r\u00fdpadla, v\u010faka \u010domu m\u00f4\u017eu oper\u00e1tori \u013eahko vykon\u00e1va\u0165 \u0161irok\u00fa \u0161k\u00e1lu \u00faloh spojen\u00fdch s kopan\u00edm, zdv\u00edhan\u00edm a nakladan\u00edm. V spolo\u010dnosti Sany pon\u00fakame rad vysokokvalitn\u00fdch oto\u010dn\u00fdch lo\u017e\u00edsk navrhnut\u00fdch \u0161peci\u00e1lne pre r\u00fdpadl\u00e1 vr\u00e1tane modelov vhodn\u00fdch pre modely r\u00fdpadiel SY55, SY60, SY65, SY70, SY75, SY85, SY95, SY115, SY135, SY155, SY195, SY200, SY205, SY215, SY220, SY225, SY235, SY245, SY285, SY305, SY335, SY365, SY375, SY395, SY415 a SY485.<\/p>\n<p>Na\u0161e v\u00fdkyvn\u00e9 lo\u017eisk\u00e1 r\u00fdpadiel Sany s\u00fa navrhnut\u00e9 tak, aby poskytovali optim\u00e1lny v\u00fdkon a odolnos\u0165 aj v t\u00fdch najn\u00e1ro\u010dnej\u0161\u00edch pracovn\u00fdch podmienkach. S\u00fa vyroben\u00e9 z vysokokvalitn\u00fdch materi\u00e1lov vr\u00e1tane kovanej ocele a \u0161pecializovanej lo\u017eiskovej ocele a vyzna\u010duj\u00fa sa pokro\u010dil\u00fdmi v\u00fdrobn\u00fdmi procesmi, ktor\u00e9 zaru\u010duj\u00fa ich presnos\u0165, spo\u013eahlivos\u0165 a dlh\u00fa \u017eivotnos\u0165.<\/p>\n<p>Jednou z k\u013e\u00fa\u010dov\u00fdch v\u00fdhod na\u0161ich oto\u010dn\u00fdch kr\u00fa\u017ekov pre r\u00fdpadl\u00e1 Sany je ich schopnos\u0165 odol\u00e1va\u0165 ve\u013ek\u00fdm za\u0165a\u017eeniam a extr\u00e9mnym prev\u00e1dzkov\u00fdm podmienkam. S\u00fa navrhnut\u00e9 tak, aby odol\u00e1vali axi\u00e1lnemu aj radi\u00e1lnemu za\u0165a\u017eeniu, ako aj vysok\u00fdm \u00farovniam n\u00e1razov a vibr\u00e1ci\u00ed, v\u010faka \u010domu s\u00fa ide\u00e1lne na pou\u017eitie v n\u00e1ro\u010dn\u00fdch aplik\u00e1ci\u00e1ch, ako je \u0165a\u017eba, stavebn\u00edctvo a lesn\u00edctvo.<\/p>\n<p>Okrem pevnosti a odolnosti s\u00fa na\u0161e oto\u010dn\u00e9 lo\u017eisk\u00e1 r\u00fdpadiel Sany navrhnut\u00e9 aj na jednoduch\u00fa in\u0161tal\u00e1ciu a \u00fadr\u017ebu. S\u00fa navrhnut\u00e9 tak, aby sa dali \u013eahko namontova\u0165 a vymeni\u0165 a aby si vy\u017eadovali minim\u00e1lnu \u00fadr\u017ebu na zabezpe\u010denie optim\u00e1lneho v\u00fdkonu a dlhej \u017eivotnosti.V spolo\u010dnosti Sany sa zav\u00e4zujeme poskytova\u0165 na\u0161im z\u00e1kazn\u00edkom v\u00fdrobky a slu\u017eby najvy\u0161\u0161ej kvality a na\u0161e oto\u010dn\u00e9 lo\u017eisk\u00e1 pre r\u00fdpadl\u00e1 Sany nie s\u00fa v\u00fdnimkou. \u010ci u\u017e h\u013ead\u00e1te n\u00e1hradn\u00e9 lo\u017eisko pre existuj\u00face r\u00fdpadlo, alebo vybavujete nov\u00fd stroj, n\u00e1\u0161 t\u00edm odborn\u00edkov v\u00e1m pom\u00f4\u017ee n\u00e1js\u0165 dokonal\u00e9 rie\u0161enie, ktor\u00e9 bude sp\u013a\u0148a\u0165 va\u0161e potreby.<\/p>\n<p>Z\u00e1verom mo\u017eno poveda\u0165, \u017ee v\u00fdkyvn\u00e9 lo\u017eisk\u00e1 r\u00fdpadiel Sany s\u00fa z\u00e1kladn\u00fdmi komponentmi ka\u017ed\u00e9ho r\u00fdpadla a ich spr\u00e1vny v\u00fdber m\u00f4\u017ee v\u00fdrazne ovplyvni\u0165 v\u00fdkon a \u017eivotnos\u0165 v\u00e1\u0161ho stroja. S na\u0161\u00edm sortimentom vysokokvalitn\u00fdch lo\u017e\u00edsk navrhnut\u00fdch \u0161peci\u00e1lne pre r\u00fdpadl\u00e1 si m\u00f4\u017eete by\u0165 ist\u00ed, \u017ee z\u00edskavate spo\u013eahliv\u00fd a odoln\u00fd v\u00fdrobok, ktor\u00fd zabezpe\u010d\u00ed optim\u00e1lny v\u00fdkon a dlh\u00fa \u017eivotnos\u0165 aj v t\u00fdch najn\u00e1ro\u010dnej\u0161\u00edch podmienkach.<br \/>\nM\u00f4\u017eeme poskytn\u00fa\u0165 alternat\u00edvne oto\u010dn\u00e9 kr\u00fa\u017eky pre va\u0161e, CAT, HITACHI, KOMATSU, KOBELCO, HYUNDAI, VOLVO, DOOSAN, DAEWOO, JCB, CASE, SUMITOMO, KATO, , Tam s\u00fa norm\u00e1lne a ne\u0161tandardn\u00e9 viac ako 1000 stovky typov pre v\u00e1s vybra\u0165.<\/p>\n<figure class=\"wp-block-image size-full is-resized\"><img decoding=\"async\" class=\"wp-image-177\" src=\"https:\/\/national-bearing.com\/wp-content\/uploads\/2023\/04\/0001.jpg\" sizes=\"(max-width: 843px) 100vw, 843px\" srcset=\"https:\/\/national-bearing.com\/wp-content\/uploads\/2023\/04\/0001.jpg 600w, https:\/\/national-bearing.com\/wp-content\/uploads\/2023\/04\/0001-300x200.jpg 300w\" alt=\"\" width=\"515\" height=\"343\" \/><\/figure>\n<p>&nbsp;<\/p>","protected":false},"excerpt":{"rendered":"<p>Kyvn\u00e9 lo\u017eisk\u00e1 SANY<br \/>\nModel:SY485,SY415,SY395<br \/>\nSY365,SY375,SY335,SY310<\/p>","protected":false},"featured_media":136,"template":"","meta":[],"product_brand":[],"product_cat":[22,74],"product_tag":[],"class_list":{"0":"post-574","1":"product","2":"type-product","3":"status-publish","4":"has-post-thumbnail","6":"product_cat-swing-bearing","7":"product_cat-sany-excavator-swing-bearing","9":"first","10":"instock","11":"shipping-taxable","12":"product-type-simple"},"_links":{"self":[{"href":"https:\/\/swingbearing.net\/sk\/wp-json\/wp\/v2\/product\/574","targetHints":{"allow":["GET"]}}],"collection":[{"href":"https:\/\/swingbearing.net\/sk\/wp-json\/wp\/v2\/product"}],"about":[{"href":"https:\/\/swingbearing.net\/sk\/wp-json\/wp\/v2\/types\/product"}],"wp:featuredmedia":[{"embeddable":true,"href":"https:\/\/swingbearing.net\/sk\/wp-json\/wp\/v2\/media\/136"}],"wp:attachment":[{"href":"https:\/\/swingbearing.net\/sk\/wp-json\/wp\/v2\/media?parent=574"}],"wp:term":[{"taxonomy":"product_brand","embeddable":true,"href":"https:\/\/swingbearing.net\/sk\/wp-json\/wp\/v2\/product_brand?post=574"},{"taxonomy":"product_cat","embeddable":true,"href":"https:\/\/swingbearing.net\/sk\/wp-json\/wp\/v2\/product_cat?post=574"},{"taxonomy":"product_tag","embeddable":true,"href":"https:\/\/swingbearing.net\/sk\/wp-json\/wp\/v2\/product_tag?post=574"}],"curies":[{"name":"wp","href":"https:\/\/api.w.org\/{rel}","templated":true}]}}