{"id":573,"date":"2023-09-27T05:12:21","date_gmt":"2023-09-27T05:12:21","guid":{"rendered":"https:\/\/swingbearing.net\/?post_type=product&#038;p=573"},"modified":"2024-05-15T06:48:42","modified_gmt":"2024-05-15T06:48:42","slug":"swing-bearing-liebherr","status":"publish","type":"product","link":"https:\/\/swingbearing.net\/sk\/product\/swing-bearing-liebherr\/","title":{"rendered":"Kyvn\u00e9 lo\u017eisko LIEBHERR"},"content":{"rendered":"<h2 style=\"text-align: center;\">Parametre v\u00fdkyvn\u00e9ho lo\u017eiska LIEBHERR<\/h2>\n<figure class=\"wp-block-table is-style-stripes has-small-font-size\">\n<table class=\"has-cyan-bluish-gray-background-color has-background\">\n<tbody>\n<tr>\n<td>Model<\/td>\n<td>\u010c\u00edslo dielu<\/td>\n<td>Vonkaj\u0161\u00ed priemer<\/td>\n<td>Vn\u00fatorn\u00fd priemer<\/td>\n<td>Celkov\u00e1 v\u00fd\u0161ka<\/td>\n<td>Vonkaj\u0161ia v\u00fd\u0161ka<\/td>\n<td>Vn\u00fatorn\u00e1 v\u00fd\u0161ka<\/td>\n<td>Parametre vonkaj\u0161ieho otvoru<\/td>\n<td>Parametre vn\u00fatorn\u00e9ho otvoru<\/td>\n<td>Po\u010det zubov<\/td>\n<\/tr>\n<tr>\n<td>R922<\/td>\n<td>LE982706001<\/td>\n<td>1215<\/td>\n<td>940<\/td>\n<td>115<\/td>\n<td>72<\/td>\n<td>105<\/td>\n<td>48-\u03c622<\/td>\n<td>56-M20<\/td>\n<td>94<\/td>\n<\/tr>\n<tr>\n<td>924HDSL<\/td>\n<td>LE982751901<\/td>\n<td>1215<\/td>\n<td>940<\/td>\n<td>115<\/td>\n<td>72<\/td>\n<td>105<\/td>\n<td>48-\u042422<\/td>\n<td>56-M20cloth<\/td>\n<td>94<\/td>\n<\/tr>\n<tr>\n<td>R924C<\/td>\n<td>982751901<\/td>\n<td>1215<\/td>\n<td>940<\/td>\n<td>115<\/td>\n<td>72<\/td>\n<td>105<\/td>\n<td>48-\u042422<\/td>\n<td>56-M20cloth<\/td>\n<td>94<\/td>\n<\/tr>\n<tr>\n<td>R924C<\/td>\n<td>932833001<\/td>\n<td>1215<\/td>\n<td>940<\/td>\n<td>115<\/td>\n<td>72<\/td>\n<td>105<\/td>\n<td>48-\u042422<\/td>\n<td>56-M20cloth<\/td>\n<td>94<\/td>\n<\/tr>\n<tr>\n<td>R924B<\/td>\n<td>982751901<\/td>\n<td>1215<\/td>\n<td>940<\/td>\n<td>115<\/td>\n<td>72<\/td>\n<td>105<\/td>\n<td>48-\u042422<\/td>\n<td>56-M20cloth<\/td>\n<td>94<\/td>\n<\/tr>\n<tr>\n<td>R934<\/td>\n<td>933816501<\/td>\n<td>1355<\/td>\n<td>1012<\/td>\n<td>125<\/td>\n<td><\/td>\n<td><\/td>\n<td>40<\/td>\n<td>48<\/td>\n<td>92<\/td>\n<\/tr>\n<tr>\n<td>R934HD-S<\/td>\n<td>LE939500601<\/td>\n<td>1355<\/td>\n<td>1012<\/td>\n<td>125<\/td>\n<td>92<\/td>\n<td>113<\/td>\n<td>40-26 priechodn\u00fd otvor<\/td>\n<td>48-M24<\/td>\n<td>92<\/td>\n<\/tr>\n<tr>\n<td>934<\/td>\n<td>982752401<\/td>\n<td>1355<\/td>\n<td>1012<\/td>\n<td>125<\/td>\n<td>92<\/td>\n<td>113<\/td>\n<td>40-26 priechodn\u00fd otvor<\/td>\n<td>48-M24<\/td>\n<td>92<\/td>\n<\/tr>\n<tr>\n<td>R-944C<\/td>\n<td>933628601<\/td>\n<td>1365<\/td>\n<td>1008<\/td>\n<td>150<\/td>\n<td>112<\/td>\n<td>140<\/td>\n<td>60-\u042426<\/td>\n<td>72-M24cloth<\/td>\n<td>84<\/td>\n<\/tr>\n<tr>\n<td>R944B<\/td>\n<td>933626601<\/td>\n<td>1365<\/td>\n<td>1008<\/td>\n<td>150<\/td>\n<td>112<\/td>\n<td>140<\/td>\n<td>60<\/td>\n<td>72<\/td>\n<td>84<\/td>\n<\/tr>\n<\/tbody>\n<\/table>\n<\/figure>\n<p>R\u00fdpadl\u00e1 Liebherr s\u00fa zn\u00e1me svojou spo\u013eahlivos\u0165ou a odolnos\u0165ou, v\u010faka \u010domu s\u00fa ob\u013e\u00fabenou vo\u013ebou pre stavebn\u00fd a \u0165a\u017eobn\u00fd priemysel. Jedn\u00fdm z kritick\u00fdch komponentov, ktor\u00e9 prispievaj\u00fa k v\u00fdkonu stroja, je v\u00fdkyvn\u00e9 lo\u017eisko r\u00fdpadla. Kyvn\u00e9 lo\u017eisk\u00e1 r\u00fdpadiel Liebherr s\u00fa navrhnut\u00e9 tak, aby zvl\u00e1dli n\u00e1ro\u010dn\u00e9 po\u017eiadavky \u0165a\u017ekej pr\u00e1ce v n\u00e1ro\u010dn\u00fdch podmienkach.<\/p>\n<p>Kyvn\u00e9 lo\u017eisk\u00e1 r\u00fdpadiel zohr\u00e1vaj\u00fa k\u013e\u00fa\u010dov\u00fa \u00falohu pri prev\u00e1dzke stroja, preto\u017ee podporuj\u00fa ot\u00e1\u010danie hornej kon\u0161trukcie. Bez kvalitn\u00e9ho kyvn\u00e9ho lo\u017eiska pre r\u00fdpadlo sa horn\u00e1 kon\u0161trukcia nem\u00f4\u017ee plynule ot\u00e1\u010da\u0165, \u010do ovplyv\u0148uje celkov\u00fd v\u00fdkon stroja. Oto\u010dn\u00e9 lo\u017eisk\u00e1 r\u00fdpadiel Liebherr s\u00fa skon\u0161truovan\u00e9 tak, aby poskytovali vysok\u00fa nosnos\u0165, presnos\u0165 a dlh\u00fa \u017eivotnos\u0165, \u010d\u00edm zabezpe\u010duj\u00fa optim\u00e1lny v\u00fdkon stroja.<\/p>\n<p>V\u00fdkyvn\u00e9 lo\u017eisk\u00e1 r\u00fdpadiel Liebherr s\u00fa zn\u00e1me aj ako lo\u017eisk\u00e1 v\u00fdkyvn\u00e9ho kr\u00fa\u017eku, lo\u017eisk\u00e1 oto\u010dn\u00e9ho kr\u00fa\u017eku r\u00fdpadla alebo lo\u017eisk\u00e1 oto\u010dn\u00e9ho stola. Tieto lo\u017eisk\u00e1 s\u00fa navrhnut\u00e9 s obe\u017enou dr\u00e1hou, ktor\u00e1 podporuje hmotnos\u0165 stroja a umo\u017e\u0148uje \u013eahk\u00e9 ot\u00e1\u010danie hornej kon\u0161trukcie. Kyvn\u00e9 lo\u017eisko dielov r\u00fdpadla je vyroben\u00e9 z vysokopevnostn\u00fdch materi\u00e1lov, \u010do zaru\u010duje, \u017ee vydr\u017e\u00ed ve\u013ek\u00e9 za\u0165a\u017eenie, extr\u00e9mne teploty a n\u00e1ro\u010dn\u00e9 podmienky.<\/p>\n<p>Spolo\u010dnos\u0165 Liebherr pon\u00faka rad oto\u010dn\u00fdch lo\u017e\u00edsk r\u00fdpadiel, ktor\u00e9 s\u00fa kompatibiln\u00e9 s r\u00f4znymi modelmi r\u00fdpadiel. Modely, ktor\u00e9 s\u00fa v s\u00fa\u010dasnosti dostupn\u00e9 na trhu, s\u00fa R914, R924, R944, R934 a R944CLC. Tieto modely s\u00fa navrhnut\u00e9 tak, aby poskytovali maxim\u00e1lnu odolnos\u0165 a v\u00fdkon a zabezpe\u010dili, \u017ee v\u00e1\u0161 stroj zvl\u00e1dne ak\u00fako\u013evek pr\u00e1cu, ktor\u00fa mu zad\u00e1te.<\/p>\n<p>Okrem v\u00fdkyvn\u00e9ho lo\u017eiska r\u00fdpadla poskytuje spolo\u010dnos\u0165 Liebherr aj<a href=\"https:\/\/swingbearing.net\/sk\/swing-bearing\/\"> oto\u010dn\u00fd prevod r\u00fdpadla<\/a> a v\u00fdkyvn\u00fd mechanizmus r\u00fdpadla. Tieto komponenty spolo\u010dne zabezpe\u010duj\u00fa plynul\u00e9 a efekt\u00edvne ot\u00e1\u010danie hornej kon\u0161trukcie stroja, tak\u017ee s\u00fa z\u00e1kladn\u00fdmi s\u00fa\u010das\u0165ami ka\u017ed\u00e9ho r\u00fdpadla Liebherr.<br \/>\nNa z\u00e1ver mo\u017eno poveda\u0165, \u017ee pokia\u013e ide o oto\u010dn\u00e9 lo\u017eisk\u00e1 r\u00fdpadiel, spolo\u010dnos\u0165 Liebherr je meno, ktor\u00e9mu m\u00f4\u017eete d\u00f4verova\u0165. Ich kvalitn\u00e9 oto\u010dn\u00e9 lo\u017eisk\u00e1 pre r\u00fdpadl\u00e1 s\u00fa skon\u0161truovan\u00e9 tak, aby odolali naj\u0165a\u017e\u0161\u00edm podmienkam, poskytovali vysok\u00fa nosnos\u0165, presnos\u0165 a dlh\u00fa \u017eivotnos\u0165. \u010ci u\u017e pracujete v stavebn\u00edctve alebo v \u0165a\u017eobnom priemysle, oto\u010dn\u00e9 lo\u017eisk\u00e1 pre r\u00fdpadl\u00e1 Liebherr s\u00fa ide\u00e1lnou vo\u013ebou pre optim\u00e1lny v\u00fdkon stroja.<\/p>\n<p>M\u00f4\u017eeme poskytn\u00fa\u0165 alternat\u00edvne Swing kruh pre va\u0161e , CAT, HITACHI, KOMATSU, KOBELCO, HYUNDAI, VOLVO, DOOSAN, DAEWOO, JCB, CASE, SUMITOMO, KATO.There s\u00fa norm\u00e1lne a ne\u0161tandardn\u00e9 viac ako 1000 stovky typov pre v\u00e1s vybra\u0165.<\/p>\n<figure class=\"wp-block-image size-full is-resized\"><img decoding=\"async\" class=\"wp-image-177\" src=\"https:\/\/national-bearing.com\/wp-content\/uploads\/2023\/04\/0001.jpg\" sizes=\"(max-width: 843px) 100vw, 843px\" srcset=\"https:\/\/national-bearing.com\/wp-content\/uploads\/2023\/04\/0001.jpg 600w, https:\/\/national-bearing.com\/wp-content\/uploads\/2023\/04\/0001-300x200.jpg 300w\" alt=\"\" width=\"515\" height=\"343\" \/><\/figure>","protected":false},"excerpt":{"rendered":"<p>Kyvn\u00e9 lo\u017eisko LIEBHERR<br \/>\nModel:R944B,934,R-944C<br \/>\nR924B,R924C,924HDSL<\/p>","protected":false},"featured_media":136,"template":"","meta":[],"product_brand":[],"product_cat":[22,72],"product_tag":[],"class_list":{"0":"post-573","1":"product","2":"type-product","3":"status-publish","4":"has-post-thumbnail","6":"product_cat-swing-bearing","7":"product_cat-liebherr-excavator-swing-bearing","9":"first","10":"instock","11":"shipping-taxable","12":"product-type-simple"},"_links":{"self":[{"href":"https:\/\/swingbearing.net\/sk\/wp-json\/wp\/v2\/product\/573","targetHints":{"allow":["GET"]}}],"collection":[{"href":"https:\/\/swingbearing.net\/sk\/wp-json\/wp\/v2\/product"}],"about":[{"href":"https:\/\/swingbearing.net\/sk\/wp-json\/wp\/v2\/types\/product"}],"wp:featuredmedia":[{"embeddable":true,"href":"https:\/\/swingbearing.net\/sk\/wp-json\/wp\/v2\/media\/136"}],"wp:attachment":[{"href":"https:\/\/swingbearing.net\/sk\/wp-json\/wp\/v2\/media?parent=573"}],"wp:term":[{"taxonomy":"product_brand","embeddable":true,"href":"https:\/\/swingbearing.net\/sk\/wp-json\/wp\/v2\/product_brand?post=573"},{"taxonomy":"product_cat","embeddable":true,"href":"https:\/\/swingbearing.net\/sk\/wp-json\/wp\/v2\/product_cat?post=573"},{"taxonomy":"product_tag","embeddable":true,"href":"https:\/\/swingbearing.net\/sk\/wp-json\/wp\/v2\/product_tag?post=573"}],"curies":[{"name":"wp","href":"https:\/\/api.w.org\/{rel}","templated":true}]}}