{"id":571,"date":"2023-09-27T05:00:28","date_gmt":"2023-09-27T05:00:28","guid":{"rendered":"https:\/\/swingbearing.net\/?post_type=product&#038;p=571"},"modified":"2024-06-08T09:17:52","modified_gmt":"2024-06-08T09:17:52","slug":"swing-bearing-doosan","status":"publish","type":"product","link":"https:\/\/swingbearing.net\/sk\/product\/swing-bearing-doosan\/","title":{"rendered":"Kyvn\u00e9 lo\u017eisko DOOSAN"},"content":{"rendered":"<h2 style=\"text-align: center;\">Parametre v\u00fdkyvn\u00e9ho lo\u017eiska DOOSAN<\/h2>\r\n<figure class=\"wp-block-table\" style=\"font-size: 12px;\">\r\n<table>\r\n<tbody>\r\n<tr>\r\n<td>Model<\/td>\r\n<td>\u010c\u00edslo dielu<\/td>\r\n<td>Vonkaj\u0161\u00ed priemer<\/td>\r\n<td>Vn\u00fatorn\u00fd priemer<\/td>\r\n<td>Celkov\u00e1 v\u00fd\u0161ka<\/td>\r\n<td>Vonkaj\u0161ia v\u00fd\u0161ka<\/td>\r\n<td>Vn\u00fatorn\u00e1 v\u00fd\u0161ka<\/td>\r\n<td>Parametre vonkaj\u0161ieho otvoru<\/td>\r\n<td>Parametre vn\u00fatorn\u00e9ho otvoru<\/td>\r\n<td>Po\u010det zubov<\/td>\r\n<\/tr>\r\n<tr>\r\n<td>S140LC-V<\/td>\r\n<td>109-00165<\/td>\r\n<td>1202<\/td>\r\n<td>945<\/td>\r\n<td>84<\/td>\r\n<td>75<\/td>\r\n<td>70<\/td>\r\n<td>36-\u042422<\/td>\r\n<td>36-M20<\/td>\r\n<td>80<\/td>\r\n<\/tr>\r\n<tr>\r\n<td>DX225<\/td>\r\n<td>109-00162<\/td>\r\n<td>1327<\/td>\r\n<td>1082<\/td>\r\n<td>110<\/td>\r\n<td>90<\/td>\r\n<td>95<\/td>\r\n<td>36<\/td>\r\n<td>36<\/td>\r\n<td>92<\/td>\r\n<\/tr>\r\n<tr>\r\n<td>DX225<\/td>\r\n<td>109-00162A<\/td>\r\n<td>1327<\/td>\r\n<td>1082<\/td>\r\n<td>110<\/td>\r\n<td>90<\/td>\r\n<td>95<\/td>\r\n<td>36-\u03c621<\/td>\r\n<td>36-M20*1.5<\/td>\r\n<td>92<\/td>\r\n<\/tr>\r\n<tr>\r\n<td>DX225LC<\/td>\r\n<td>109-00162<\/td>\r\n<td>1327<\/td>\r\n<td>1082<\/td>\r\n<td>110<\/td>\r\n<td>90<\/td>\r\n<td>95<\/td>\r\n<td>36-\u03c621<\/td>\r\n<td>36-M20*1.5<\/td>\r\n<td>92<\/td>\r\n<\/tr>\r\n<tr>\r\n<td>DX225LCA<\/td>\r\n<td>109-00162A<\/td>\r\n<td>1327<\/td>\r\n<td>1082<\/td>\r\n<td>110<\/td>\r\n<td>90<\/td>\r\n<td>95<\/td>\r\n<td>36-\u03c621<\/td>\r\n<td>36-M20*1.5<\/td>\r\n<td>92<\/td>\r\n<\/tr>\r\n<tr>\r\n<td>DX225LCA<\/td>\r\n<td>140109-00048A<\/td>\r\n<td>1327<\/td>\r\n<td>1082<\/td>\r\n<td>110<\/td>\r\n<td>90<\/td>\r\n<td>95<\/td>\r\n<td>36-\u03c621<\/td>\r\n<td>36-M20*1.5<\/td>\r\n<td>92<\/td>\r\n<\/tr>\r\n<tr>\r\n<td>S225NLC<\/td>\r\n<td>140109-00045<\/td>\r\n<td>1327<\/td>\r\n<td>1082<\/td>\r\n<td>110<\/td>\r\n<td>90<\/td>\r\n<td>95<\/td>\r\n<td>36-\u03c621<\/td>\r\n<td>36-M20*1.5<\/td>\r\n<td>92<\/td>\r\n<\/tr>\r\n<tr>\r\n<td>SL220LC-V<\/td>\r\n<td>109-00052<\/td>\r\n<td>1328<\/td>\r\n<td>1084<\/td>\r\n<td>110<\/td>\r\n<td>91<\/td>\r\n<td>95<\/td>\r\n<td>36-\u03c621<\/td>\r\n<td>36-M20*1.5<\/td>\r\n<td>92<\/td>\r\n<\/tr>\r\n<tr>\r\n<td>225NLC-V<\/td>\r\n<td>109-00052B<\/td>\r\n<td>1328<\/td>\r\n<td>1084<\/td>\r\n<td>110<\/td>\r\n<td>91<\/td>\r\n<td>95<\/td>\r\n<td>36-\u03c621<\/td>\r\n<td>36-M20*1.5<\/td>\r\n<td>92<\/td>\r\n<\/tr>\r\n<tr>\r\n<td>225NLC-V<\/td>\r\n<td>140109-00045<\/td>\r\n<td>1328<\/td>\r\n<td>1084<\/td>\r\n<td>110<\/td>\r\n<td>91<\/td>\r\n<td>95<\/td>\r\n<td>36-\u03c621<\/td>\r\n<td>36-M20*1.5<\/td>\r\n<td>92<\/td>\r\n<\/tr>\r\n<tr>\r\n<td>255LC-V<\/td>\r\n<td>109-00030B<\/td>\r\n<td>1410<\/td>\r\n<td>1131<\/td>\r\n<td>117<\/td>\r\n<td>89<\/td>\r\n<td>105<\/td>\r\n<td>35-\u03c625<\/td>\r\n<td>36-M24*2<\/td>\r\n<td>82<\/td>\r\n<\/tr>\r\n<tr>\r\n<td>255LC-V<\/td>\r\n<td>180-00297D3<\/td>\r\n<td>1410<\/td>\r\n<td>1131<\/td>\r\n<td>117<\/td>\r\n<td>89<\/td>\r\n<td>105<\/td>\r\n<td>35-\u03c625<\/td>\r\n<td>36-M24*2<\/td>\r\n<td>82<\/td>\r\n<\/tr>\r\n<tr>\r\n<td>255lc-v<\/td>\r\n<td>140109-00042<\/td>\r\n<td>1410<\/td>\r\n<td>1131<\/td>\r\n<td>117<\/td>\r\n<td>89<\/td>\r\n<td>105<\/td>\r\n<td>35-\u03c625<\/td>\r\n<td>36-M24*2<\/td>\r\n<td>82<\/td>\r\n<\/tr>\r\n<tr>\r\n<td>255lc-v<\/td>\r\n<td>140109-00043<\/td>\r\n<td>1410<\/td>\r\n<td>1131<\/td>\r\n<td>117<\/td>\r\n<td>89<\/td>\r\n<td>105<\/td>\r\n<td>35-\u03c625<\/td>\r\n<td>36-M24*2<\/td>\r\n<td>82<\/td>\r\n<\/tr>\r\n<tr>\r\n<td>Dx300LCA<\/td>\r\n<td>140109-00010A<\/td>\r\n<td>1475<\/td>\r\n<td>1165<\/td>\r\n<td>120<\/td>\r\n<td>90<\/td>\r\n<td>110<\/td>\r\n<td>35<\/td>\r\n<td>36<\/td>\r\n<td>85<\/td>\r\n<\/tr>\r\n<tr>\r\n<td>S340<\/td>\r\n<td>140109-00038<\/td>\r\n<td>1544<\/td>\r\n<td>1235<\/td>\r\n<td>122<\/td>\r\n<td>87<\/td>\r\n<td>110<\/td>\r\n<td>35-\u03c626<\/td>\r\n<td>40-M24<\/td>\r\n<td>90<\/td>\r\n<\/tr>\r\n<tr>\r\n<td>S340LC-V<\/td>\r\n<td>140109-00038<\/td>\r\n<td>1544<\/td>\r\n<td>1235<\/td>\r\n<td>122<\/td>\r\n<td>87<\/td>\r\n<td>110<\/td>\r\n<td>35-\u03c626<\/td>\r\n<td>40-M24<\/td>\r\n<td>90<\/td>\r\n<\/tr>\r\n<tr>\r\n<td>S340LC-V<\/td>\r\n<td>2109-1059a<\/td>\r\n<td>1544<\/td>\r\n<td>1235<\/td>\r\n<td>122<\/td>\r\n<td>87<\/td>\r\n<td>110<\/td>\r\n<td>35-\u03c626<\/td>\r\n<td>40-M24<\/td>\r\n<td>90<\/td>\r\n<\/tr>\r\n<tr>\r\n<td>DOOSAN 420<\/td>\r\n<td>140109-00039<\/td>\r\n<td>1549<\/td>\r\n<td>1235<\/td>\r\n<td>134<\/td>\r\n<td>103<\/td>\r\n<td>120<\/td>\r\n<td>35-\u03c626<\/td>\r\n<td>40-M24<\/td>\r\n<td>90<\/td>\r\n<\/tr>\r\n<tr>\r\n<td>S420LC-V<\/td>\r\n<td>109-00161<\/td>\r\n<td>1550<\/td>\r\n<td>1235<\/td>\r\n<td>135<\/td>\r\n<td>102<\/td>\r\n<td>120<\/td>\r\n<td>35-\u03c626<\/td>\r\n<td>40-M24<\/td>\r\n<td>90<\/td>\r\n<\/tr>\r\n<tr>\r\n<td>DX420LC<\/td>\r\n<td>140109-00007A<\/td>\r\n<td>1550<\/td>\r\n<td>1236<\/td>\r\n<td>132<\/td>\r\n<td>103<\/td>\r\n<td>120<\/td>\r\n<td>35<\/td>\r\n<td>40<\/td>\r\n<td>90<\/td>\r\n<\/tr>\r\n<tr>\r\n<td>470<\/td>\r\n<td>109-00159<\/td>\r\n<td>1682<\/td>\r\n<td>1320<\/td>\r\n<td>139<\/td>\r\n<td>118<\/td>\r\n<td>111<\/td>\r\n<td>44<\/td>\r\n<td>44<\/td>\r\n<td>111<\/td>\r\n<\/tr>\r\n<\/tbody>\r\n<\/table>\r\n<\/figure>\r\n<h2 class=\"wp-block-heading\">Pochopenie v\u00fdkyvn\u00fdch lo\u017e\u00edsk r\u00fdpadiel<\/h2>\r\nR\u00fdpadl\u00e1 s\u00fa \u0165a\u017ek\u00e9 stroje, ktor\u00e9 sa \u0161iroko pou\u017e\u00edvaj\u00fa v stavebn\u00edctve, ban\u00edctve a in\u00fdch odvetviach na zemn\u00e9 a v\u00fdkopov\u00e9 pr\u00e1ce. Tieto stroje sa skladaj\u00fa z r\u00f4znych komponentov vr\u00e1tane v\u00fdkyvn\u00e9ho lo\u017eiska r\u00fdpadla, ktor\u00e9 zohr\u00e1va d\u00f4le\u017eit\u00fa \u00falohu pri hladkom chode r\u00fdpadla. Kyvn\u00e9 lo\u017eisko alebo lo\u017eisko oto\u010dn\u00e9ho stola je z\u00e1kladnou s\u00fa\u010das\u0165ou, ktor\u00e1 pom\u00e1ha pri ot\u00e1\u010dan\u00ed hornej kon\u0161trukcie r\u00fdpadla. Ak pre svoje r\u00fdpadlo h\u013ead\u00e1te vysokokvalitn\u00e9 oto\u010dn\u00e9 lo\u017eisk\u00e1, oto\u010dn\u00e9 lo\u017eisk\u00e1 r\u00fdpadiel DOOSAN a DAEWOO s\u00fa pre v\u00e1s ako stvoren\u00e9.\r\n\r\nKyvn\u00e9 lo\u017eisko r\u00fdpadla DOOSAN a kyvn\u00e9 lo\u017eisko r\u00fdpadla DAEWOO s\u00fa spo\u013eahliv\u00e9 a odoln\u00e9 komponenty, ktor\u00e9 vydr\u017eia ve\u013ek\u00e9 za\u0165a\u017eenie, extr\u00e9mne teploty a n\u00e1ro\u010dn\u00e9 prostredie. S\u00fa vyroben\u00e9 z vysokokvalitn\u00fdch materi\u00e1lov, \u010do zaru\u010duje ich dlh\u00fa \u017eivotnos\u0165 a vynikaj\u00faci v\u00fdkon. Tieto oto\u010dn\u00e9 lo\u017eisk\u00e1 s\u00fa navrhnut\u00e9 tak, aby zni\u017eovali trenie a opotrebovanie, \u010d\u00edm zabezpe\u010duj\u00fa hladk\u00fa a konzistentn\u00fa prev\u00e1dzku aj pri ve\u013ekom za\u0165a\u017een\u00ed.\r\n\r\nJednou z pozoruhodn\u00fdch vlastnost\u00ed oto\u010dn\u00fdch kr\u00fa\u017ekov r\u00fdpadiel DOOSAN a DAEWOO je ich kompatibilita so \u0161irokou \u0161k\u00e1lou modelov r\u00fdpadiel, ako napr\u00edklad DH35 DH55 DH60 DH55 DH60 DH80 DH80-7 DH80GOLD DH150 DH200 DH220-3-5 DH280-5 DX60-DX200-DX225 DX260 DH290 DH360 DH420 DH500 DH55-5 DH60\/DX60 DH80\/DH80GLD DH130-5 DH150-7 DX150 DH220-3 DH215-7 DH215-9E DH220-5 DH220-7 DH215-9 DH225-7\/9 DX225-7 DH250-5 DX255-5 DH258-7 DH280 DH290 DH300-5 DH300 DH300-7 DX300-9 DH360-5\/7 DH400-5 DH370-7 DH370-9 DH420 DH450-3 DH500 DH550, a mnoho \u010fal\u0161\u00edch. Tieto oto\u010dn\u00e9 lo\u017eisk\u00e1 sa dod\u00e1vaj\u00fa v r\u00f4znych ve\u013ekostiach a konfigur\u00e1ci\u00e1ch, aby vyhovovali \u0161pecifick\u00fdm po\u017eiadavk\u00e1m v\u00e1\u0161ho r\u00fdpadla.\r\n<h2 class=\"wp-block-heading\">V\u00fdznam klzn\u00fdch lo\u017e\u00edsk v r\u00fdpadl\u00e1ch<\/h2>\r\nLo\u017eisko v\u00fdkyvn\u00e9ho kr\u00fa\u017eku alebo lo\u017eisko oto\u010dn\u00e9ho kr\u00fa\u017eku r\u00fdpadla je z\u00e1kladn\u00fdm komponentom, ktor\u00fd podopiera horn\u00fa kon\u0161trukciu r\u00fdpadla. Umo\u017e\u0148uje plynul\u00e9 a nepretr\u017eit\u00e9 ot\u00e1\u010danie r\u00fdpadla, \u010do mu umo\u017e\u0148uje \u013eahko vykon\u00e1va\u0165 r\u00f4zne v\u00fdkopov\u00e9 pr\u00e1ce. Bez spo\u013eahliv\u00e9ho kyvn\u00e9ho lo\u017eiska by mohol by\u0165 v\u00fdkon a \u00fa\u010dinnos\u0165 r\u00fdpadla v\u00e1\u017ene ovplyvnen\u00e9, \u010do by viedlo k n\u00e1kladn\u00fdm prestojom a oprav\u00e1m.\r\n\r\nAk h\u013ead\u00e1te kyvn\u00e9 lo\u017eisko dielov r\u00fdpadla, ktor\u00e9 pon\u00faka vynikaj\u00faci v\u00fdkon a odolnos\u0165, oto\u010dn\u00e9 kr\u00fa\u017eky r\u00fdpadiel DOOSAN a DAEWOO s\u00fa pre v\u00e1s ide\u00e1lnou vo\u013ebou. Tieto oto\u010dn\u00e9 lo\u017eisk\u00e1 s\u00fa skon\u0161truovan\u00e9 tak, aby poskytovali konzistentn\u00fd a spo\u013eahliv\u00fd v\u00fdkon aj v t\u00fdch najn\u00e1ro\u010dnej\u0161\u00edch podmienkach. \u013dahko sa in\u0161taluj\u00fa a udr\u017eiavaj\u00fa, \u010do zaru\u010duje bezprobl\u00e9mov\u00fa prev\u00e1dzku a zn\u00ed\u017eenie n\u00e1kladov na \u00fadr\u017ebu.\r\n<h3 class=\"wp-block-heading\">Be\u017en\u00e9 probl\u00e9my s v\u00fdkyvn\u00fdmi lo\u017eiskami<\/h3>\r\n<h3 class=\"wp-block-heading\"><!-- \/wp:post-content --><!-- wp:paragraph --><\/h3>\r\nMedzi naj\u010dastej\u0161ie probl\u00e9my patria:\r\n<h3 class=\"wp-block-heading\"><!-- \/wp:paragraph --><!-- wp:list --><\/h3>\r\n<ul><!-- wp:list-item -->\r\n \t<li>Opotrebovanie: sp\u00f4soben\u00e9 nepretr\u017eitou prev\u00e1dzkou a ve\u013ek\u00fdm za\u0165a\u017een\u00edm.<\/li>\r\n<!-- \/wp:list-item --><!-- wp:list-item -->\r\n \t<li>Kontamin\u00e1cia: Ne\u010distoty, voda a ne\u010distoty, ktor\u00e9 sa dostan\u00fa do lo\u017eiska.<\/li>\r\n<!-- \/wp:list-item --><!-- wp:list-item -->\r\n \t<li>Kor\u00f3zia: Vplyvom vlhkosti a drsn\u00fdch podmienok.<\/li>\r\n<!-- \/wp:list-item --><!-- wp:list-item -->\r\n \t<li>Nes\u00falad: V d\u00f4sledku nespr\u00e1vnej in\u0161tal\u00e1cie alebo kon\u0161truk\u010dn\u00fdch probl\u00e9mov.<\/li>\r\n<!-- \/wp:list-item --><\/ul>\r\n<h3 class=\"wp-block-heading\"><!-- \/wp:list --><!-- wp:heading --><\/h3>\r\n<h2 class=\"wp-block-heading\">Z\u00e1ver<\/h2>\r\n<h3 class=\"wp-block-heading\"><!-- \/wp:heading --><!-- wp:paragraph --><\/h3>\r\nV\u00fdkyvn\u00e9 lo\u017eisk\u00e1 r\u00fdpadiel s\u00fa k\u013e\u00fa\u010dov\u00e9 pre funk\u010dnos\u0165 a \u00fa\u010dinnos\u0165 r\u00fdpadiel. Pochopenie ich kon\u0161trukcie, typov, v\u00fdznamu, \u00fadr\u017eby a be\u017en\u00fdch probl\u00e9mov je nevyhnutn\u00e9 na dosiahnutie optim\u00e1lneho v\u00fdkonu. Spr\u00e1vna \u00fadr\u017eba a v\u010dasn\u00e9 rie\u0161enie probl\u00e9mov m\u00f4\u017ee pred\u013a\u017ei\u0165 \u017eivotnos\u0165 a spo\u013eahlivos\u0165 t\u00fdchto lo\u017e\u00edsk a zv\u00fd\u0161i\u0165 produktivitu.","protected":false},"excerpt":{"rendered":"<p>DOOSAN Swing Bearing<br \/>\nModel:DH550,DH500,DH450-3<br \/>\nDX420LC,Dx300LCA,,255LC-V<\/p>","protected":false},"featured_media":136,"template":"","meta":[],"product_brand":[],"product_cat":[22,69],"product_tag":[],"class_list":{"0":"post-571","1":"product","2":"type-product","3":"status-publish","4":"has-post-thumbnail","6":"product_cat-swing-bearing","7":"product_cat-doosan-excavator-swing-bearing","9":"first","10":"instock","11":"shipping-taxable","12":"product-type-simple"},"_links":{"self":[{"href":"https:\/\/swingbearing.net\/sk\/wp-json\/wp\/v2\/product\/571","targetHints":{"allow":["GET"]}}],"collection":[{"href":"https:\/\/swingbearing.net\/sk\/wp-json\/wp\/v2\/product"}],"about":[{"href":"https:\/\/swingbearing.net\/sk\/wp-json\/wp\/v2\/types\/product"}],"wp:featuredmedia":[{"embeddable":true,"href":"https:\/\/swingbearing.net\/sk\/wp-json\/wp\/v2\/media\/136"}],"wp:attachment":[{"href":"https:\/\/swingbearing.net\/sk\/wp-json\/wp\/v2\/media?parent=571"}],"wp:term":[{"taxonomy":"product_brand","embeddable":true,"href":"https:\/\/swingbearing.net\/sk\/wp-json\/wp\/v2\/product_brand?post=571"},{"taxonomy":"product_cat","embeddable":true,"href":"https:\/\/swingbearing.net\/sk\/wp-json\/wp\/v2\/product_cat?post=571"},{"taxonomy":"product_tag","embeddable":true,"href":"https:\/\/swingbearing.net\/sk\/wp-json\/wp\/v2\/product_tag?post=571"}],"curies":[{"name":"wp","href":"https:\/\/api.w.org\/{rel}","templated":true}]}}