{"id":568,"date":"2023-09-27T04:20:00","date_gmt":"2023-09-27T04:20:00","guid":{"rendered":"https:\/\/swingbearing.net\/?post_type=product&#038;p=568"},"modified":"2024-05-15T06:54:01","modified_gmt":"2024-05-15T06:54:01","slug":"swing-bearing-volvo","status":"publish","type":"product","link":"https:\/\/swingbearing.net\/sk\/product\/swing-bearing-volvo\/","title":{"rendered":"Kyvn\u00e9 lo\u017eisko VOLVO"},"content":{"rendered":"<h2 style=\"text-align: center;\">Parametre v\u00fdkyvn\u00e9ho lo\u017eiska VOLVO<\/h2>\n<figure class=\"wp-block-table is-style-stripes has-small-font-size\">\n<table class=\"has-cyan-bluish-gray-background-color has-background\">\n<tbody>\n<tr>\n<td>Model<\/td>\n<td>\u010c\u00edslo dielu<\/td>\n<td>Vonkaj\u0161\u00ed priemer<\/td>\n<td>Vn\u00fatorn\u00fd priemer<\/td>\n<td>Celkov\u00e1 v\u00fd\u0161ka<\/td>\n<td>Vonkaj\u0161ia v\u00fd\u0161ka<\/td>\n<td>Vn\u00fatorn\u00e1 v\u00fd\u0161ka<\/td>\n<td>Parametre vonkaj\u0161ieho otvoru<\/td>\n<td>Parametre vn\u00fatorn\u00e9ho otvoru<\/td>\n<td>Po\u010det zubov<\/td>\n<\/tr>\n<tr>\n<td>EC140B<\/td>\n<td>VOE14520561<\/td>\n<td>1196<\/td>\n<td>963<\/td>\n<td>90<\/td>\n<td>79<\/td>\n<td>80<\/td>\n<td>36-\u042419<\/td>\n<td>36-M16*1.5<\/td>\n<td>98<\/td>\n<\/tr>\n<tr>\n<td>EC210<\/td>\n<td>SA1155-00061<\/td>\n<td>1328<\/td>\n<td>1080<\/td>\n<td>110<\/td>\n<td>90<\/td>\n<td>90<\/td>\n<td>33-\u042422<\/td>\n<td>36-M20<\/td>\n<td>92<\/td>\n<\/tr>\n<tr>\n<td>EC210BLC<\/td>\n<td>14563341<\/td>\n<td>1327<\/td>\n<td>1082<\/td>\n<td>110<\/td>\n<td>90<\/td>\n<td>90<\/td>\n<td>34-\u03c622<\/td>\n<td>36-M20<\/td>\n<td>92<\/td>\n<\/tr>\n<tr>\n<td>EC210BLC<\/td>\n<td>14563342<\/td>\n<td>1327<\/td>\n<td>1082<\/td>\n<td>110<\/td>\n<td>90<\/td>\n<td>90<\/td>\n<td>34-\u03c622<\/td>\n<td>36-M20<\/td>\n<td>92<\/td>\n<\/tr>\n<tr>\n<td>EC210 2005<\/td>\n<td>EC210V13948<\/td>\n<td>1327<\/td>\n<td>1080<\/td>\n<td>110<\/td>\n<td>90<\/td>\n<td>90<\/td>\n<td>34-\u042421.5<\/td>\n<td>36-M20<\/td>\n<td>92<\/td>\n<\/tr>\n<tr>\n<td>EC210B<\/td>\n<td>14563327<\/td>\n<td>1328<\/td>\n<td>1080<\/td>\n<td>110<\/td>\n<td>90<\/td>\n<td>90<\/td>\n<td>34-\u042421.5<\/td>\n<td>36-M20<\/td>\n<td>92<\/td>\n<\/tr>\n<tr>\n<td>EC210B<\/td>\n<td>14505766<\/td>\n<td>1328<\/td>\n<td>1080<\/td>\n<td>110<\/td>\n<td>90<\/td>\n<td>90<\/td>\n<td>34-\u03c622<\/td>\n<td>36-M20<\/td>\n<td>92<\/td>\n<\/tr>\n<tr>\n<td>EC210BLC<\/td>\n<td>14577178<\/td>\n<td>1328<\/td>\n<td>1080<\/td>\n<td>110<\/td>\n<td>90<\/td>\n<td>90<\/td>\n<td>34-\u03c622<\/td>\n<td>36-M20<\/td>\n<td>92<\/td>\n<\/tr>\n<tr>\n<td>EC210BNC<\/td>\n<td>14530323<\/td>\n<td>1328<\/td>\n<td>1080<\/td>\n<td>110<\/td>\n<td>90<\/td>\n<td>90<\/td>\n<td>34-\u03c622<\/td>\n<td>36-M20<\/td>\n<td>92<\/td>\n<\/tr>\n<tr>\n<td>EC210LC<\/td>\n<td>1155-00061<\/td>\n<td>1328<\/td>\n<td>1080<\/td>\n<td>110<\/td>\n<td>90<\/td>\n<td>90<\/td>\n<td>33-\u03c622<\/td>\n<td>36-M20<\/td>\n<td>92<\/td>\n<\/tr>\n<tr>\n<td>EC210LC<\/td>\n<td>14563328<\/td>\n<td>1326<\/td>\n<td>1083<\/td>\n<td>108<\/td>\n<td>90<\/td>\n<td>90<\/td>\n<td>34<\/td>\n<td>36<\/td>\n<td>92<\/td>\n<\/tr>\n<tr>\n<td>EC240BLC<\/td>\n<td>14563334<\/td>\n<td>1462<\/td>\n<td>1162<\/td>\n<td>120<\/td>\n<td>95<\/td>\n<td>105<\/td>\n<td>33<\/td>\n<td>36<\/td>\n<td>85<\/td>\n<\/tr>\n<tr>\n<td>EC240BLC<\/td>\n<td>SA1155-00040<\/td>\n<td>1462<\/td>\n<td>1162<\/td>\n<td>120<\/td>\n<td>95<\/td>\n<td>105<\/td>\n<td>33<\/td>\n<td>36<\/td>\n<td>85<\/td>\n<\/tr>\n<tr>\n<td>EC240BNLC<\/td>\n<td>14520572<\/td>\n<td>1462<\/td>\n<td>1162<\/td>\n<td>120<\/td>\n<td>95<\/td>\n<td>105<\/td>\n<td>33<\/td>\n<td>36<\/td>\n<td>85<\/td>\n<\/tr>\n<tr>\n<td>EC290<\/td>\n<td>14570794<\/td>\n<td>1532<\/td>\n<td>1235<\/td>\n<td>123<\/td>\n<td>90<\/td>\n<td>113<\/td>\n<td>35-\u042426<\/td>\n<td>40-M24<\/td>\n<td>90<\/td>\n<\/tr>\n<tr>\n<td>EC290BLC<\/td>\n<td>14563335<\/td>\n<td>1533<\/td>\n<td>1235<\/td>\n<td>122<\/td>\n<td>90<\/td>\n<td>110<\/td>\n<td>35-\u03c626<\/td>\n<td>40-M24<\/td>\n<td>90<\/td>\n<\/tr>\n<tr>\n<td>EC290B<\/td>\n<td>14563335<\/td>\n<td>1532<\/td>\n<td>1235<\/td>\n<td>122<\/td>\n<td>90<\/td>\n<td>110<\/td>\n<td>35-\u03c626<\/td>\n<td>40-M24<\/td>\n<td>90<\/td>\n<\/tr>\n<tr>\n<td>EC290B<\/td>\n<td>14520573<\/td>\n<td>1532<\/td>\n<td>1235<\/td>\n<td>122<\/td>\n<td>90<\/td>\n<td>110<\/td>\n<td>35-\u03c626<\/td>\n<td>40-M24<\/td>\n<td>90<\/td>\n<\/tr>\n<tr>\n<td>EX300-3C<\/td>\n<td>9112188<\/td>\n<td>1531<\/td>\n<td>1248<\/td>\n<td>117<\/td>\n<td>83<\/td>\n<td>105<\/td>\n<td>32-\u03c626<\/td>\n<td>36-M24*2<\/td>\n<td>91<\/td>\n<\/tr>\n<tr>\n<td>EC360BLC<\/td>\n<td>14563350<\/td>\n<td>1550<\/td>\n<td>1239<\/td>\n<td>150<\/td>\n<td>110<\/td>\n<td>136<\/td>\n<td>35<\/td>\n<td>40<\/td>\n<td>90<\/td>\n<\/tr>\n<tr>\n<td>EC460BLC<\/td>\n<td>14507709<\/td>\n<td>1778<\/td>\n<td>1393<\/td>\n<td>120<\/td>\n<td>110<\/td>\n<td>110<\/td>\n<td>40-\u042433<\/td>\n<td>40-M30<\/td>\n<td>112<\/td>\n<\/tr>\n<tr>\n<td>EC480DL<\/td>\n<td>14559204<\/td>\n<td>1778<\/td>\n<td>1393<\/td>\n<td>120<\/td>\n<td>110<\/td>\n<td>110<\/td>\n<td>40\/33<\/td>\n<td>40\/M30<\/td>\n<td>112<\/td>\n<\/tr>\n<tr>\n<td>EC700BLC<\/td>\n<td>14559205<\/td>\n<td>1815<\/td>\n<td>1375<\/td>\n<td>205<\/td>\n<td>148<\/td>\n<td>180<\/td>\n<td>48<\/td>\n<td>60<\/td>\n<td>100<\/td>\n<\/tr>\n<\/tbody>\n<\/table>\n<\/figure>\n<p>Spolo\u010dnos\u0165 Volvo je v odvetv\u00ed stavebn\u00fdch strojov zn\u00e1mym menom, ktor\u00e9 pon\u00faka vysokokvalitn\u00e9 a spo\u013eahliv\u00e9 stroje na r\u00f4zne aplik\u00e1cie. Zo \u0161irok\u00e9ho sortimentu v\u00fdrobkov s\u00fa r\u00fdpadl\u00e1 Volvo ob\u013e\u00fabenou vo\u013ebou medzi dod\u00e1vate\u013emi a stavebn\u00fdmi spolo\u010dnos\u0165ami pre ich v\u00fdkon a odolnos\u0165. V\u00fdrobky oto\u010dn\u00fdch lo\u017e\u00edsk r\u00fdpadiel Volvo s\u00fa z\u00e1kladnou s\u00fa\u010das\u0165ou t\u00fdchto strojov a zabezpe\u010duj\u00fa ich plynul\u00fa a efekt\u00edvnu prev\u00e1dzku.<\/p>\n<p>V\u00fdkyvn\u00e9 lo\u017eisk\u00e1 r\u00fdpadiel, zn\u00e1me aj ako v\u00fdkyvn\u00e9 lo\u017eisk\u00e1, lo\u017eisk\u00e1 oto\u010dn\u00e9ho stola alebo lo\u017eisk\u00e1 v\u00fdkyvn\u00e9ho kr\u00fa\u017eku, s\u00fa zodpovedn\u00e9 za spojenie hornej a dolnej \u010dasti r\u00fdpadla. Umo\u017e\u0148uj\u00fa ot\u00e1\u010danie hornej kon\u0161trukcie r\u00fdpadla na jeho spodnej kon\u0161trukcii, \u010d\u00edm zabezpe\u010duj\u00fa 360-stup\u0148ov\u00fd pohyb a flexibilitu. Tento pohyb je pre r\u00fdpadl\u00e1 k\u013e\u00fa\u010dov\u00fd, preto\u017ee im umo\u017e\u0148uje pracova\u0165 v stiesnen\u00fdch priestoroch, dosahova\u0165 \u0165a\u017ek\u00e9 uhly a vykon\u00e1va\u0165 \u0161irok\u00fa \u0161k\u00e1lu \u00faloh.<\/p>\n<p>Kyvn\u00e9 lo\u017eisk\u00e1 r\u00fdpadiel Volvo s\u00fa navrhnut\u00e9 tak, aby odol\u00e1vali ve\u013ek\u00fdm za\u0165a\u017eeniam a extr\u00e9mnym podmienkam, v\u010faka \u010domu s\u00fa vhodn\u00e9 na r\u00f4zne aplik\u00e1cie. S\u00fa vyroben\u00e9 z vysokokvalitn\u00fdch materi\u00e1lov a prech\u00e1dzaj\u00fa pr\u00edsnym testovan\u00edm, aby sa zabezpe\u010dila ich pevnos\u0165 a odolnos\u0165. Oto\u010dn\u00e9 kr\u00fa\u017ekov\u00e9 lo\u017eisk\u00e1 r\u00fdpadiel Volvo sa vyzna\u010duj\u00fa aj kompaktnou kon\u0161trukciou, \u010d\u00edm sa zni\u017euje celkov\u00e1 hmotnos\u0165 stroja a zvy\u0161uje sa palivov\u00e1 \u00fa\u010dinnos\u0165.<\/p>\n<p>Lo\u017eisk\u00e1 v\u00fdkyvn\u00fdch kr\u00fa\u017ekov s\u00fa k\u013e\u00fa\u010dov\u00fdmi komponentmi r\u00fdpadiel a ich porucha m\u00f4\u017ee sp\u00f4sobi\u0165 zna\u010dn\u00e9 prestoje a n\u00e1kladn\u00e9 opravy. Pou\u017e\u00edvan\u00edm kyvn\u00fdch lo\u017e\u00edsk dielov r\u00fdpadiel Volvo m\u00f4\u017eu dod\u00e1vatelia zabezpe\u010di\u0165 bezprobl\u00e9mov\u00fd chod svojich r\u00fdpadiel, zn\u00ed\u017ei\u0165 riziko prestojov a minimalizova\u0165 n\u00e1klady na \u00fadr\u017ebu. Oto\u010dn\u00e9 lo\u017eisk\u00e1 r\u00fdpadiel Volvo s\u00fa navrhnut\u00e9 tak, aby vydr\u017eali a poskytovali dlhodob\u00fd v\u00fdkon a spo\u013eahlivos\u0165.<\/p>\n<p>Spolo\u010dnos\u0165 Volvo pon\u00faka \u0161irok\u00fd sortiment oto\u010dn\u00fdch lo\u017e\u00edsk r\u00fdpadiel vhodn\u00fdch pre r\u00f4zne modely a aplik\u00e1cie. Modely Volvo EC55, EC60, EC140BP, EW145BP, EW160BB, EC210, EC240, EC290, EC360LC, EC380, EC460, EC480, EC700, EC210B, EC360 s\u00fa len niektor\u00e9 z modelov, ktor\u00e9 pou\u017e\u00edvaj\u00fa kyvn\u00e9 lo\u017eisk\u00e1 r\u00fdpadiel Volvo.Na z\u00e1ver mo\u017eno poveda\u0165, \u017ee kyvn\u00e9 lo\u017eisk\u00e1 r\u00fdpadiel Volvo s\u00fa z\u00e1kladnou s\u00fa\u010das\u0165ou r\u00fdpadiel Volvo, ktor\u00e9 poskytuj\u00fa flexibilitu a man\u00e9vrovate\u013enos\u0165 potrebn\u00fa na r\u00f4zne stavebn\u00e9 \u00falohy. S\u00fa navrhnut\u00e9 tak, aby odolali ve\u013ek\u00e9mu za\u0165a\u017eeniu a extr\u00e9mnym podmienkam, \u010d\u00edm zabezpe\u010duj\u00fa dlhodob\u00fd v\u00fdkon a spo\u013eahlivos\u0165 stroja. Pou\u017e\u00edvan\u00edm v\u00fdkyvn\u00fdch lo\u017e\u00edsk r\u00fdpadiel Volvo m\u00f4\u017eu dod\u00e1vatelia minimalizova\u0165 prestoje, zn\u00ed\u017ei\u0165 n\u00e1klady na \u00fadr\u017ebu a zv\u00fd\u0161i\u0165 produktivitu.<\/p>\n<p>M\u00f4\u017eeme poskytn\u00fa\u0165 alternat\u00edvne Swing kruh pre va\u0161e , CAT, HITACHI, KOMATSU, KOBELCO, HYUNDAI, VOLVO, DOOSAN, DAEWOO, JCB, CASE, SUMITOMO, KATO.There s\u00fa norm\u00e1lne a ne\u0161tandardn\u00e9 viac ako 1000 stovky typov pre v\u00e1s vybra\u0165.<\/p>","protected":false},"excerpt":{"rendered":"<p>V\u00fdkyvn\u00e9 lo\u017eisko Volvo<br \/>\nModel: EC700BLC, EC480DL<br \/>\nEC460BLC,EC360BLC,EC290B<\/p>","protected":false},"featured_media":136,"template":"","meta":[],"product_brand":[],"product_cat":[22,68],"product_tag":[],"class_list":{"0":"post-568","1":"product","2":"type-product","3":"status-publish","4":"has-post-thumbnail","6":"product_cat-swing-bearing","7":"product_cat-volvo-excavator-swing-bearing","9":"first","10":"instock","11":"shipping-taxable","12":"product-type-simple"},"_links":{"self":[{"href":"https:\/\/swingbearing.net\/sk\/wp-json\/wp\/v2\/product\/568","targetHints":{"allow":["GET"]}}],"collection":[{"href":"https:\/\/swingbearing.net\/sk\/wp-json\/wp\/v2\/product"}],"about":[{"href":"https:\/\/swingbearing.net\/sk\/wp-json\/wp\/v2\/types\/product"}],"wp:featuredmedia":[{"embeddable":true,"href":"https:\/\/swingbearing.net\/sk\/wp-json\/wp\/v2\/media\/136"}],"wp:attachment":[{"href":"https:\/\/swingbearing.net\/sk\/wp-json\/wp\/v2\/media?parent=568"}],"wp:term":[{"taxonomy":"product_brand","embeddable":true,"href":"https:\/\/swingbearing.net\/sk\/wp-json\/wp\/v2\/product_brand?post=568"},{"taxonomy":"product_cat","embeddable":true,"href":"https:\/\/swingbearing.net\/sk\/wp-json\/wp\/v2\/product_cat?post=568"},{"taxonomy":"product_tag","embeddable":true,"href":"https:\/\/swingbearing.net\/sk\/wp-json\/wp\/v2\/product_tag?post=568"}],"curies":[{"name":"wp","href":"https:\/\/api.w.org\/{rel}","templated":true}]}}