{"id":548,"date":"2023-09-26T14:22:24","date_gmt":"2023-09-26T14:22:24","guid":{"rendered":"https:\/\/swingbearing.net\/?post_type=product&#038;p=548"},"modified":"2023-11-09T06:59:32","modified_gmt":"2023-11-09T06:59:32","slug":"swing-bearing-jcb","status":"publish","type":"product","link":"https:\/\/swingbearing.net\/sk\/product\/swing-bearing-jcb\/","title":{"rendered":"Lo\u017eisko v\u00fdkyvu JCB"},"content":{"rendered":"<figure class=\"wp-block-table is-style-stripes has-small-font-size\">\n<table class=\"has-cyan-bluish-white-background-color has-background\">\n<tbody>\n<tr>\n<td width=\"113\"><strong><a href=\"https:\/\/swingbearing.net\/sk\/product\/swing-bearing-cat\/\" target=\"_parent\" rel=\"noopener\">CAT<\/a><\/strong><\/td>\n<td width=\"113\"><strong><a href=\"https:\/\/swingbearing.net\/sk\/product\/swing-bearing-komatsu\/\" rel=\"noopener\">KOMATSU<\/a><\/strong><\/td>\n<td width=\"113\"><strong><a href=\"https:\/\/swingbearing.net\/sk\/product\/swing-bearings-hitachi\/\" rel=\"noopener\">HITACHI<\/a><\/strong><\/td>\n<td width=\"113\"><strong><a href=\"https:\/\/swingbearing.net\/sk\/product\/swing-bearing-kobelco\/\" target=\"_parent\" rel=\"noopener\">KOBELCO<\/a><\/strong><\/td>\n<td width=\"113\"><strong><a href=\"https:\/\/swingbearing.net\/sk\/product\/swing-bearing-hyundai\/\" target=\"_parent\" rel=\"noopener\">HYUNDAI<\/a><\/strong><\/td>\n<\/tr>\n<tr>\n<td width=\"113\"><strong><a href=\"https:\/\/swingbearing.net\/sk\/product\/swing-bearing-doosan\/\" target=\"_parent\" rel=\"noopener\">DOOSAN<\/a><\/strong><\/td>\n<td width=\"113\"><strong><a href=\"https:\/\/swingbearing.net\/sk\/product\/swing-bearing-volvo\/\" target=\"_parent\" rel=\"noopener\">VOLVO<\/a><\/strong><\/td>\n<td width=\"113\"><strong><a href=\"https:\/\/swingbearing.net\/sk\/product\/swing-bearing-jcb\/\" target=\"_parent\" rel=\"noopener\">JCB<\/a><\/strong><\/td>\n<td width=\"113\"><strong><a href=\"https:\/\/swingbearing.net\/sk\/product\/swing-bearing-case\/\" target=\"_parent\" rel=\"noopener\">PR\u00cdPAD<\/a><\/strong><\/td>\n<td width=\"113\"><strong><a href=\"https:\/\/swingbearing.net\/sk\/product\/swing-bearing-liebherr\/\" target=\"_parent\" rel=\"noopener\">LIEBHERR<\/a><\/strong><\/td>\n<\/tr>\n<tr>\n<td width=\"113\"><strong><a href=\"https:\/\/swingbearing.net\/sk\/product\/swing-bearing-liugong\/\" target=\"_parent\" rel=\"noopener\">LIUGONG<\/a><\/strong><\/td>\n<td width=\"113\"><strong><a href=\"https:\/\/swingbearing.net\/sk\/product\/swing-bearings-sany\/\" target=\"_parent\" rel=\"noopener\">SANY<\/a><\/strong><\/td>\n<td width=\"113\"><strong><a href=\"https:\/\/swingbearing.net\/sk\/product\/swing-bearing-yuchai\/\" target=\"_parent\" rel=\"noopener\">YUCHAI<\/a><\/strong><\/td>\n<td width=\"113\"><strong><a href=\"https:\/\/swingbearing.net\/sk\/product\/swing-bearing-xcmg\/\" target=\"_parent\" rel=\"noopener\">XCMG<\/a><\/strong><\/td>\n<td width=\"113\"><strong><a href=\"https:\/\/swingbearing.net\/sk\/product\/swing-bearing-sumitomo\/\" target=\"_parent\" rel=\"noopener\">SUMITOMO<\/a><\/strong><\/td>\n<\/tr>\n<\/tbody>\n<\/table>\n<\/figure>\n<h4 style=\"text-align: center;\">Parametre v\u00fdkyvn\u00e9ho lo\u017eiska JCB<\/h4>\n<figure class=\"wp-block-table is-style-stripes has-small-font-size\">\n<table class=\"has-cyan-bluish-gray-background-color has-background\">\n<tbody>\n<tr>\n<td>Model<\/td>\n<td>\u010c\u00edslo dielu<\/td>\n<td>Vonkaj\u0161\u00ed priemer<\/td>\n<td>Vn\u00fatorn\u00fd priemer<\/td>\n<td>Celkov\u00e1 v\u00fd\u0161ka<\/td>\n<td>Vonkaj\u0161ia v\u00fd\u0161ka<\/td>\n<td>Vn\u00fatorn\u00e1 v\u00fd\u0161ka<\/td>\n<td>Parametre vonkaj\u0161ieho otvoru<\/td>\n<td>Parametre vn\u00fatorn\u00e9ho otvoru<\/td>\n<td>Po\u010det zubov<\/td>\n<\/tr>\n<tr>\n<td>JCB 8060<\/td>\n<td>234\/11000<\/td>\n<td>852<\/td>\n<td>648.5<\/td>\n<td>70<\/td>\n<td>55<\/td>\n<td>60<\/td>\n<td>24<\/td>\n<td>24<\/td>\n<td>109<\/td>\n<\/tr>\n<tr>\n<td>JCB JS130<\/td>\n<td>332\/K8067\uff08Nov\u00fd)<\/td>\n<td>1174<\/td>\n<td>972<\/td>\n<td>88<\/td>\n<td>56<\/td>\n<td>78<\/td>\n<td>32-\u042418<\/td>\n<td>36-M16<\/td>\n<td>98<\/td>\n<\/tr>\n<tr>\n<td>JCB JS130<\/td>\n<td>JNB0146\uff08Old\uff09<\/td>\n<td>1174<\/td>\n<td>972<\/td>\n<td>80<\/td>\n<td>56<\/td>\n<td>70<\/td>\n<td>28-\u042418<\/td>\n<td>36-M16<\/td>\n<td>98<\/td>\n<\/tr>\n<tr>\n<td>JCB JS130<\/td>\n<td>JNB0160<\/td>\n<td>1174<\/td>\n<td>972<\/td>\n<td>80<\/td>\n<td>56<\/td>\n<td>70<\/td>\n<td>28-\u042418<\/td>\n<td>36-M16<\/td>\n<td>98<\/td>\n<\/tr>\n<tr>\n<td>JCB160<\/td>\n<td>331\/12091<\/td>\n<td>1330<\/td>\n<td>1093<\/td>\n<td>102<\/td>\n<td>74<\/td>\n<td>92<\/td>\n<td>31-\u042422.5<\/td>\n<td>36-M20<\/td>\n<td>92<\/td>\n<\/tr>\n<tr>\n<td>JCB 205<\/td>\n<td>333\/P7280<\/td>\n<td>1328<\/td>\n<td>1092<\/td>\n<td>102<\/td>\n<td>74<\/td>\n<td>92<\/td>\n<td>31-\u03c622<\/td>\n<td>36-M20<\/td>\n<td>92<\/td>\n<\/tr>\n<tr>\n<td>JS200LC<\/td>\n<td>JRB0017<\/td>\n<td>1328<\/td>\n<td>1092<\/td>\n<td>102<\/td>\n<td>74<\/td>\n<td>92<\/td>\n<td>31-\u042422.5<\/td>\n<td>36-M20<\/td>\n<td>92<\/td>\n<\/tr>\n<tr>\n<td>JCB JS220<\/td>\n<td>JRB0017<\/td>\n<td>1328<\/td>\n<td>1092<\/td>\n<td>102<\/td>\n<td>74<\/td>\n<td>92<\/td>\n<td>31-\u042422.5<\/td>\n<td>36-M20<\/td>\n<td>92<\/td>\n<\/tr>\n<tr>\n<td>JCB JS220<\/td>\n<td>JRB0017<\/td>\n<td>1328<\/td>\n<td>1092<\/td>\n<td>102<\/td>\n<td>74<\/td>\n<td>92<\/td>\n<td>31-\u042422.5<\/td>\n<td>36-M20<\/td>\n<td>92<\/td>\n<\/tr>\n<tr>\n<td>JCB 240<\/td>\n<td>JBB0001<\/td>\n<td>1375<\/td>\n<td>1094<\/td>\n<td>125<\/td>\n<td>80<\/td>\n<td>115<\/td>\n<td>26<\/td>\n<td>36<\/td>\n<td>92<\/td>\n<\/tr>\n<tr>\n<td>JCB JS240<\/td>\n<td>916\/10029<\/td>\n<td>1375<\/td>\n<td>1094<\/td>\n<td>124<\/td>\n<td>80<\/td>\n<td>114<\/td>\n<td>26-\u042426<\/td>\n<td>36-M24<\/td>\n<td>92<\/td>\n<\/tr>\n<tr>\n<td>JCB JS330<\/td>\n<td>JSB0022<\/td>\n<td>1509<\/td>\n<td>1192<\/td>\n<td>135<\/td>\n<td>100<\/td>\n<td>125<\/td>\n<td>38-\u03c626<\/td>\n<td>43-M24<\/td>\n<td>86<\/td>\n<\/tr>\n<tr>\n<td>JCB 360<\/td>\n<td>JSB0022<\/td>\n<td>1510<\/td>\n<td>1193<\/td>\n<td>135<\/td>\n<td>101<\/td>\n<td>125<\/td>\n<td>38-\u03c626<\/td>\n<td>30-M22<\/td>\n<td>86<\/td>\n<\/tr>\n<\/tbody>\n<\/table>\n<\/figure>\n<p>Zabezpe\u010denie vysok\u00e9ho v\u00fdkonu a odolnosti<br \/>\nV\u00fdkyvn\u00e9 lo\u017eisk\u00e1 s\u00fa z\u00e1kladn\u00fdmi komponentmi kon\u0161trukcie r\u00fdpadla, ktor\u00e9 mu umo\u017e\u0148uj\u00fa ot\u00e1\u010da\u0165 sa okolo svojej osi. Tieto lo\u017eisk\u00e1 musia by\u0165 robustn\u00e9 a kvalitn\u00e9, aby odolali n\u00e1ro\u010dn\u00fdm podmienkam a pracovn\u00e9mu za\u0165a\u017eeniu na stavenisk\u00e1ch. Oto\u010dn\u00e9 lo\u017eisk\u00e1 r\u00fdpadiel JCB s\u00fa vynikaj\u00facou vo\u013ebou pre t\u00fdch, ktor\u00ed h\u013eadaj\u00fa spo\u013eahliv\u00e9, odoln\u00e9 a vysoko v\u00fdkonn\u00e9 v\u00fdrobky.<\/p>\n<p>V\u00fdkyvn\u00e9 lo\u017eisk\u00e1 sa niekedy ozna\u010duj\u00fa okrem in\u00e9ho ako v\u00fdkyvn\u00e9 lo\u017eisk\u00e1 r\u00fdpadiel alebo v\u00fdkyvn\u00e9 kr\u00fa\u017ekov\u00e9 lo\u017eisk\u00e1, lo\u017eisk\u00e1 oto\u010dn\u00e9ho stola a oto\u010dn\u00e9 lo\u017eisk\u00e1 r\u00fdpadiel. V\u0161etky v\u0161ak maj\u00fa rovnak\u00fa funkciu: zabezpe\u010duj\u00fa plynul\u00e9 a stabiln\u00e9 ot\u00e1\u010danie hornej kon\u0161trukcie r\u00fdpadla.<br \/>\nKyvn\u00e9 lo\u017eisko r\u00fdpadla je jednou z najd\u00f4le\u017eitej\u0161\u00edch \u010dast\u00ed stroja a mus\u00ed by\u0165 robustn\u00e9 a spo\u013eahliv\u00e9, aby sa zabezpe\u010dil jeho optim\u00e1lny v\u00fdkon. Kyvn\u00e9 lo\u017eisk\u00e1 r\u00fdpadiel JCB s\u00fa vyroben\u00e9 z vysokokvalitn\u00fdch materi\u00e1lov a pri ich v\u00fdrobe sa dodr\u017eiavaj\u00fa pr\u00edsne opatrenia na kontrolu kvality, aby sa zabezpe\u010dil vynikaj\u00faci v\u00fdkon, spo\u013eahlivos\u0165 a \u017eivotnos\u0165. Tieto lo\u017eisk\u00e1 zvl\u00e1daj\u00fa ve\u013ek\u00e9 za\u0165a\u017eenie a prev\u00e1dzku v n\u00e1ro\u010dn\u00fdch podmienkach prostredia, \u010d\u00edm zabezpe\u010duj\u00fa dlh\u00fa \u017eivotnos\u0165 rota\u010dn\u00e9ho syst\u00e9mu r\u00fdpadla.<br \/>\nOto\u010dn\u00e9 lo\u017eisk\u00e1 r\u00fdpadiel JCB sa \u013eahko in\u0161taluj\u00fa a vy\u017eaduj\u00fa minim\u00e1lnu \u00fadr\u017ebu. Tieto lo\u017eisk\u00e1 s\u00fa navrhnut\u00e9 tak, aby skr\u00e1tili prestoje a zv\u00fd\u0161ili produktivitu a zabezpe\u010dili vynikaj\u00facu n\u00e1vratnos\u0165 invest\u00edci\u00ed. T\u00fdm, \u017ee zabezpe\u010duj\u00fa hladk\u00e9 a spo\u013eahliv\u00e9 ot\u00e1\u010danie hornej kon\u0161trukcie r\u00fdpadla, oto\u010dn\u00e9 lo\u017eisk\u00e1 r\u00fdpadiel JCB pom\u00e1haj\u00fa prev\u00e1dzkovate\u013eom dokon\u010di\u0165 projekty v\u010das a v r\u00e1mci rozpo\u010dtu.<\/p>\n<p>Z\u00e1verom mo\u017eno poveda\u0165, \u017ee oto\u010dn\u00e9 lo\u017eisk\u00e1 r\u00fdpadiel JCB s\u00fa vynikaj\u00facou vo\u013ebou pre t\u00fdch, ktor\u00ed h\u013eadaj\u00fa vysoko v\u00fdkonn\u00e9, odoln\u00e9 a spo\u013eahliv\u00e9 v\u00fdrobky. S\u00fa k dispoz\u00edcii pre r\u00f4zne modely vr\u00e1tane JCB8045, JCB8055, JCB8056, JCB8060, JCB8061, JCB8065, JS130, JS140, JS200, JS210, JS220, JCB70, JCB360 a JS205. Tieto lo\u017eisk\u00e1 sa \u013eahko in\u0161taluj\u00fa, vy\u017eaduj\u00fa minim\u00e1lnu \u00fadr\u017ebu a s\u00fa kon\u0161truovan\u00e9 tak, aby odol\u00e1vali ve\u013ek\u00fdm za\u0165a\u017eeniam a n\u00e1ro\u010dn\u00fdm podmienkam prostredia, \u010d\u00edm zabezpe\u010duj\u00fa dlh\u00fa \u017eivotnos\u0165 rota\u010dn\u00e9ho syst\u00e9mu r\u00fdpadla. S oto\u010dn\u00fdmi lo\u017eiskami r\u00fdpadiel JCB si m\u00f4\u017eete by\u0165 ist\u00ed, \u017ee va\u0161e r\u00fdpadlo bude fungova\u0165 optim\u00e1lne, \u010d\u00edm sa zv\u00fd\u0161i produktivita a zabezpe\u010d\u00ed sol\u00eddna n\u00e1vratnos\u0165 invest\u00edci\u00ed.<\/p>\n<p>M\u00f4\u017eeme poskytn\u00fa\u0165 alternat\u00edvne Swing kruh pre va\u0161e , CAT, HITACHI, KOMATSU, KOBELCO, HYUNDAI, VOLVO, DOOSAN, DAEWOO, JCB, CASE, SUMITOMO, KATO, , Tam s\u00fa norm\u00e1lne a ne\u0161tandardn\u00e9 viac ako 1000 stovky typov pre v\u00e1s vybra\u0165.<\/p>","protected":false},"excerpt":{"rendered":"<p>Kyvn\u00e9 lo\u017eisko JCB<br \/>\nModel:JCB8045,JCB8055,8056<br \/>\nJCB8061,,JCB360,JS330,JS240<\/p>","protected":false},"featured_media":136,"template":"","meta":[],"product_brand":[],"product_cat":[22],"product_tag":[],"class_list":{"0":"post-548","1":"product","2":"type-product","3":"status-publish","4":"has-post-thumbnail","6":"product_cat-swing-bearing","8":"first","9":"instock","10":"shipping-taxable","11":"product-type-simple"},"_links":{"self":[{"href":"https:\/\/swingbearing.net\/sk\/wp-json\/wp\/v2\/product\/548","targetHints":{"allow":["GET"]}}],"collection":[{"href":"https:\/\/swingbearing.net\/sk\/wp-json\/wp\/v2\/product"}],"about":[{"href":"https:\/\/swingbearing.net\/sk\/wp-json\/wp\/v2\/types\/product"}],"wp:featuredmedia":[{"embeddable":true,"href":"https:\/\/swingbearing.net\/sk\/wp-json\/wp\/v2\/media\/136"}],"wp:attachment":[{"href":"https:\/\/swingbearing.net\/sk\/wp-json\/wp\/v2\/media?parent=548"}],"wp:term":[{"taxonomy":"product_brand","embeddable":true,"href":"https:\/\/swingbearing.net\/sk\/wp-json\/wp\/v2\/product_brand?post=548"},{"taxonomy":"product_cat","embeddable":true,"href":"https:\/\/swingbearing.net\/sk\/wp-json\/wp\/v2\/product_cat?post=548"},{"taxonomy":"product_tag","embeddable":true,"href":"https:\/\/swingbearing.net\/sk\/wp-json\/wp\/v2\/product_tag?post=548"}],"curies":[{"name":"wp","href":"https:\/\/api.w.org\/{rel}","templated":true}]}}