{"id":4847,"date":"2024-08-25T09:22:26","date_gmt":"2024-08-25T09:22:26","guid":{"rendered":"https:\/\/swingbearing.net\/?post_type=product&#038;p=4847"},"modified":"2024-08-25T09:55:17","modified_gmt":"2024-08-25T09:55:17","slug":"hitachi-ex400-5-zx450-swing-bearing-9129521-excavator-slewing-ring","status":"publish","type":"product","link":"https:\/\/swingbearing.net\/sk\/product\/hitachi-ex400-5-zx450-swing-bearing-9129521-excavator-slewing-ring\/","title":{"rendered":"Swing Bearing 9129521 for HITACHI EX400-5 ZX450"},"content":{"rendered":"<h2 style=\"text-align: center;\">Parametre kyvn\u00e9ho lo\u017eiska HITACHI<\/h2>\n<figure class=\"wp-block-table\" style=\"font-size: 12px;\">\n<table>\n<tbody>\n<tr>\n<td>Model<\/td>\n<td>\u010c\u00edslo dielu<\/td>\n<td>Vonkaj\u0161\u00ed priemer<\/td>\n<td>Vn\u00fatorn\u00fd priemer<\/td>\n<td>Celkov\u00e1 v\u00fd\u0161ka<\/td>\n<td>Vonkaj\u0161ia v\u00fd\u0161ka<\/td>\n<td>Vn\u00fatorn\u00e1 v\u00fd\u0161ka<\/td>\n<td>Parametre vonkaj\u0161ieho otvoru<\/td>\n<td>Parametre vn\u00fatorn\u00e9ho otvoru<\/td>\n<td>Po\u010det zubov<\/td>\n<\/tr>\n<tr>\n<td>EX60-2<\/td>\n<td>4193433<\/td>\n<td>772<\/td>\n<td>554.4<\/td>\n<td>78<\/td>\n<td>60<\/td>\n<td>65<\/td>\n<td>24-\u03c618<\/td>\n<td>24-\u03c618<\/td>\n<td>71<\/td>\n<\/tr>\n<tr>\n<td>EX60WD -2<\/td>\n<td>4193433<\/td>\n<td>772<\/td>\n<td>554.4<\/td>\n<td>78<\/td>\n<td>60<\/td>\n<td>65<\/td>\n<td>24-\u03c618<\/td>\n<td>24-\u03c618<\/td>\n<td>71<\/td>\n<\/tr>\n<tr>\n<td>Ex60-5<\/td>\n<td>43767553<\/td>\n<td>781<\/td>\n<td>554<\/td>\n<td>76<\/td>\n<td>60<\/td>\n<td>63<\/td>\n<td>24-\u042417<\/td>\n<td>24-\u042417<\/td>\n<td>71<\/td>\n<\/tr>\n<tr>\n<td>EX100<\/td>\n<td>9098995<\/td>\n<td>1195<\/td>\n<td>962<\/td>\n<td>87<\/td>\n<td>72<\/td>\n<td>69<\/td>\n<td>36-\u03c619<\/td>\n<td>36-\u03c617<\/td>\n<td>98<\/td>\n<\/tr>\n<tr>\n<td>EX100-3<\/td>\n<td>9102726<\/td>\n<td>1092<\/td>\n<td>862<\/td>\n<td>84<\/td>\n<td>68<\/td>\n<td>70<\/td>\n<td>36-\u042420<\/td>\n<td>36-\u042418<\/td>\n<td>88<\/td>\n<\/tr>\n<tr>\n<td>EX150-5<\/td>\n<td>9146953<\/td>\n<td>1197<\/td>\n<td>939<\/td>\n<td>98<\/td>\n<td>69<\/td>\n<td>81<\/td>\n<td>36<\/td>\n<td>40<\/td>\n<td>80<\/td>\n<\/tr>\n<tr>\n<td>EX200<\/td>\n<td>9098993<\/td>\n<td>1312<\/td>\n<td>1084<\/td>\n<td>106<\/td>\n<td>72<\/td>\n<td>95<\/td>\n<td>36-\u03c622<\/td>\n<td>36-M20*1.5<\/td>\n<td>92<\/td>\n<\/tr>\n<tr>\n<td>ZX200LC-5G<\/td>\n<td>9260971<\/td>\n<td>1316<\/td>\n<td>1082<\/td>\n<td>96<\/td>\n<td>76<\/td>\n<td>85<\/td>\n<td>37-\u03c621<\/td>\n<td>36-M20*1.5<\/td>\n<td>92<\/td>\n<\/tr>\n<tr>\n<td>ZX200-3<\/td>\n<td>9260971<\/td>\n<td>1316<\/td>\n<td>1082<\/td>\n<td>96<\/td>\n<td>76<\/td>\n<td>85<\/td>\n<td>37-\u03c621<\/td>\n<td>36-M20*1.5<\/td>\n<td>92<\/td>\n<\/tr>\n<tr>\n<td>ZX200<\/td>\n<td>9196732<\/td>\n<td>1312<\/td>\n<td>1082<\/td>\n<td>106<\/td>\n<td>72<\/td>\n<td>95<\/td>\n<td>32-\u042421<\/td>\n<td>36-M20<\/td>\n<td>92<\/td>\n<\/tr>\n<tr>\n<td>ZX200-5G<\/td>\n<td>9260971<\/td>\n<td>1316<\/td>\n<td>1082<\/td>\n<td>96<\/td>\n<td>76<\/td>\n<td>85<\/td>\n<td>37-\u03c621<\/td>\n<td>36-M20*1.5<\/td>\n<td>92<\/td>\n<\/tr>\n<tr>\n<td>EX210-5<\/td>\n<td>9102727<\/td>\n<td>1310<\/td>\n<td>1083<\/td>\n<td>106<\/td>\n<td>72<\/td>\n<td>95<\/td>\n<td>36-\u042422<\/td>\n<td>36-M20<\/td>\n<td>92<\/td>\n<\/tr>\n<tr>\n<td>ZX210LCK<\/td>\n<td>9169646<\/td>\n<td>1312<\/td>\n<td>1082<\/td>\n<td>106<\/td>\n<td>72<\/td>\n<td>95<\/td>\n<td>32-\u042421<\/td>\n<td>36-M20*1.5<\/td>\n<td>92<\/td>\n<\/tr>\n<tr>\n<td>ZX220<\/td>\n<td>9262248<\/td>\n<td>1416<\/td>\n<td>1137<\/td>\n<td>110<\/td>\n<td>84<\/td>\n<td>97<\/td>\n<td>36-\u042424<\/td>\n<td>36-M22*1.5<\/td>\n<td>83<\/td>\n<\/tr>\n<tr>\n<td>EX220-1<\/td>\n<td>9154037<\/td>\n<td>1416<\/td>\n<td>1137<\/td>\n<td>110<\/td>\n<td>84<\/td>\n<td>97<\/td>\n<td>36-\u042424<\/td>\n<td>36-M22<\/td>\n<td>83<\/td>\n<\/tr>\n<tr>\n<td>ZX225US<\/td>\n<td>9196732<\/td>\n<td>1312<\/td>\n<td>1082<\/td>\n<td>106<\/td>\n<td>72<\/td>\n<td>95<\/td>\n<td>32-\u042421<\/td>\n<td>36-M20<\/td>\n<td>92<\/td>\n<\/tr>\n<tr>\n<td>ZX330-3LC<\/td>\n<td>9260971<\/td>\n<td>1312<\/td>\n<td>1082<\/td>\n<td>106<\/td>\n<td>72<\/td>\n<td>95<\/td>\n<td>32\/21<\/td>\n<td>36-M20*1.5<\/td>\n<td>92<\/td>\n<\/tr>\n<tr>\n<td>EX270-5<\/td>\n<td>9154037<\/td>\n<td>1416<\/td>\n<td>1137<\/td>\n<td>110<\/td>\n<td>84<\/td>\n<td>97<\/td>\n<td>36-\u042424<\/td>\n<td>36-M22<\/td>\n<td>83<\/td>\n<\/tr>\n<tr>\n<td>ZX230<\/td>\n<td>9154037<\/td>\n<td>1416<\/td>\n<td>1137<\/td>\n<td>110<\/td>\n<td>84<\/td>\n<td>97<\/td>\n<td>36-\u042424<\/td>\n<td>36-M22*1.5<\/td>\n<td>83<\/td>\n<\/tr>\n<tr>\n<td>ZX230<\/td>\n<td>9159646<\/td>\n<td>1416<\/td>\n<td>1137<\/td>\n<td>110<\/td>\n<td>84<\/td>\n<td>97<\/td>\n<td>36-\u042424<\/td>\n<td>36-M22*1.5<\/td>\n<td>83<\/td>\n<\/tr>\n<tr>\n<td>ZX240<\/td>\n<td>9196732<\/td>\n<td>1416<\/td>\n<td>1137<\/td>\n<td>110<\/td>\n<td>84<\/td>\n<td>97<\/td>\n<td>36-\u042424<\/td>\n<td>36-M22*1.5<\/td>\n<td>83<\/td>\n<\/tr>\n<tr>\n<td>ZX240<\/td>\n<td>9245728<\/td>\n<td>1416<\/td>\n<td>1137<\/td>\n<td>110<\/td>\n<td>84<\/td>\n<td>97<\/td>\n<td>35-\u03c624<\/td>\n<td>36-M22*1.5<\/td>\n<td>83<\/td>\n<\/tr>\n<tr>\n<td>EX300-3<\/td>\n<td>9112188<\/td>\n<td>1531<\/td>\n<td>1248<\/td>\n<td>117<\/td>\n<td>83<\/td>\n<td>105<\/td>\n<td>32-\u03c626<\/td>\n<td>36-M24*2<\/td>\n<td>91<\/td>\n<\/tr>\n<tr>\n<td>ZX330LC-5G<\/td>\n<td>9245698<\/td>\n<td>1930<\/td>\n<td>1297<\/td>\n<td>121<\/td>\n<td>95<\/td>\n<td>110<\/td>\n<td>36-\u03c629<\/td>\n<td>36-M27*2<\/td>\n<td>83<\/td>\n<\/tr>\n<tr>\n<td>340 LCV<\/td>\n<td>140109-00047<\/td>\n<td>1543<\/td>\n<td>1236<\/td>\n<td>132<\/td>\n<td>103<\/td>\n<td>120<\/td>\n<td>35-\u03c626<\/td>\n<td>40-M24<\/td>\n<td>90<\/td>\n<\/tr>\n<tr>\n<td>ZX350-3<\/td>\n<td>9245698<\/td>\n<td>1629<\/td>\n<td>1296<\/td>\n<td>121<\/td>\n<td>95<\/td>\n<td>110<\/td>\n<td>40-\u042429<\/td>\n<td>36-M27*2<\/td>\n<td>83<\/td>\n<\/tr>\n<tr>\n<td>ZX370<\/td>\n<td>9166468<\/td>\n<td>1629<\/td>\n<td>1296<\/td>\n<td>121<\/td>\n<td>95<\/td>\n<td>110<\/td>\n<td>40-\u042429<\/td>\n<td>36-M27*2<\/td>\n<td>83<\/td>\n<\/tr>\n<tr>\n<td>ZX370<\/td>\n<td>9169894<\/td>\n<td>1629<\/td>\n<td>1296<\/td>\n<td>121<\/td>\n<td>95<\/td>\n<td>110<\/td>\n<td>40-\u042429<\/td>\n<td>36-M27*2<\/td>\n<td>83<\/td>\n<\/tr>\n<tr>\n<td>KH180-3<\/td>\n<td>9099074<\/td>\n<td>1630<\/td>\n<td>1218<\/td>\n<td>162<\/td>\n<td>144<\/td>\n<td>136<\/td>\n<td>22-29<\/td>\n<td>36-M27<\/td>\n<td>88<\/td>\n<\/tr>\n<tr>\n<td>EX400-5<\/td>\n<td>9129521<\/td>\n<td>1654<\/td>\n<td>1275<\/td>\n<td>129<\/td>\n<td>117<\/td>\n<td>110<\/td>\n<td>36-\u042429<\/td>\n<td>36-\u042429<\/td>\n<td>107<\/td>\n<\/tr>\n<tr>\n<td>ZX450<\/td>\n<td>9129521<\/td>\n<td>1652<\/td>\n<td>1273<\/td>\n<td>130<\/td>\n<td>120<\/td>\n<td>110<\/td>\n<td>36-\u042429<\/td>\n<td>36-\u042429<\/td>\n<td>107<\/td>\n<\/tr>\n<tr>\n<td>ZX650LCH<\/td>\n<td>6016584<\/td>\n<td>1754<\/td>\n<td>1342<\/td>\n<td>150<\/td>\n<td>130<\/td>\n<td>117<\/td>\n<td>36<\/td>\n<td>36<\/td>\n<td>97<\/td>\n<\/tr>\n<tr>\n<td>ZX800LD<\/td>\n<td>9229741<\/td>\n<td>1930<\/td>\n<td>1495<\/td>\n<td>160<\/td>\n<td>148<\/td>\n<td>135<\/td>\n<td>40<\/td>\n<td>40<\/td>\n<td>108<\/td>\n<\/tr>\n<tr>\n<td>ZX870-3<\/td>\n<td>9321216<\/td>\n<td>2040<\/td>\n<td>1595<\/td>\n<td>160<\/td>\n<td>147<\/td>\n<td>136<\/td>\n<td>41-\u042435<\/td>\n<td>48-\u042431.5<\/td>\n<td>115<\/td>\n<\/tr>\n<tr>\n<td>ZX870<\/td>\n<td>6023643<\/td>\n<td>2037<\/td>\n<td>1595<\/td>\n<td>160<\/td>\n<td>148<\/td>\n<td>136<\/td>\n<td>41<\/td>\n<td>48<\/td>\n<td>115<\/td>\n<\/tr>\n<\/tbody>\n<\/table>\n<p>\n\t\t<style type=\"text\/css\">\n\t\t\t#gallery-1 {\n\t\t\t\tmargin: auto;\n\t\t\t}\n\t\t\t#gallery-1 .gallery-item {\n\t\t\t\tfloat: left;\n\t\t\t\tmargin-top: 10px;\n\t\t\t\ttext-align: center;\n\t\t\t\twidth: 25%;\n\t\t\t}\n\t\t\t#gallery-1 img {\n\t\t\t\tborder: 2px solid #cfcfcf;\n\t\t\t}\n\t\t\t#gallery-1 .gallery-caption {\n\t\t\t\tmargin-left: 0;\n\t\t\t}\n\t\t\t\/* see gallery_shortcode() in wp-includes\/media.php *\/\n\t\t<\/style>\n\t\t<div id='gallery-1' class='gallery galleryid-4847 gallery-columns-4 gallery-size-medium'><dl class='gallery-item'>\n\t\t\t<dt class='gallery-icon landscape'>\n\t\t\t\t<a href='https:\/\/swingbearing.net\/wp-content\/uploads\/2024\/07\/111.jpg'><img decoding=\"async\" width=\"300\" height=\"200\" src=\"https:\/\/swingbearing.net\/wp-content\/uploads\/2024\/07\/111-300x200.jpg\" class=\"attachment-medium size-medium\" alt=\"CAT324D 227-6085 Swing Bearing\" aria-describedby=\"gallery-1-4460\" srcset=\"https:\/\/swingbearing.net\/wp-content\/uploads\/2024\/07\/111-300x200.jpg 300w, https:\/\/swingbearing.net\/wp-content\/uploads\/2024\/07\/111-18x12.jpg 18w, https:\/\/swingbearing.net\/wp-content\/uploads\/2024\/07\/111.jpg 600w\" sizes=\"(max-width: 300px) 100vw, 300px\" \/><\/a>\n\t\t\t<\/dt>\n\t\t\t\t<dd class='wp-caption-text gallery-caption' id='gallery-1-4460'>\n\t\t\t\tKontrola otvorov\n\t\t\t\t<\/dd><\/dl><dl class='gallery-item'>\n\t\t\t<dt class='gallery-icon landscape'>\n\t\t\t\t<a href='https:\/\/swingbearing.net\/wp-content\/uploads\/2024\/07\/b8034d21.jpg'><img decoding=\"async\" width=\"300\" height=\"200\" src=\"https:\/\/swingbearing.net\/wp-content\/uploads\/2024\/07\/b8034d21-300x200.jpg\" class=\"attachment-medium size-medium\" alt=\"Kontrola otvorov\" aria-describedby=\"gallery-1-4459\" srcset=\"https:\/\/swingbearing.net\/wp-content\/uploads\/2024\/07\/b8034d21-300x200.jpg 300w, https:\/\/swingbearing.net\/wp-content\/uploads\/2024\/07\/b8034d21-18x12.jpg 18w, https:\/\/swingbearing.net\/wp-content\/uploads\/2024\/07\/b8034d21.jpg 600w\" sizes=\"(max-width: 300px) 100vw, 300px\" \/><\/a>\n\t\t\t<\/dt>\n\t\t\t\t<dd class='wp-caption-text gallery-caption' id='gallery-1-4459'>\n\t\t\t\tKontrola otvorov\n\t\t\t\t<\/dd><\/dl><dl class='gallery-item'>\n\t\t\t<dt class='gallery-icon landscape'>\n\t\t\t\t<a href='https:\/\/swingbearing.net\/wp-content\/uploads\/2024\/07\/00\u76f4\u8bfb\u5f0f\u5149\u8c31\u4eea.jpg'><img decoding=\"async\" width=\"300\" height=\"240\" src=\"https:\/\/swingbearing.net\/wp-content\/uploads\/2024\/07\/00\u76f4\u8bfb\u5f0f\u5149\u8c31\u4eea-300x240.jpg\" class=\"attachment-medium size-medium\" alt=\"Spektrometer s priamym \u010d\u00edtan\u00edm\" aria-describedby=\"gallery-1-4483\" srcset=\"https:\/\/swingbearing.net\/wp-content\/uploads\/2024\/07\/00\u76f4\u8bfb\u5f0f\u5149\u8c31\u4eea-300x240.jpg 300w, https:\/\/swingbearing.net\/wp-content\/uploads\/2024\/07\/00\u76f4\u8bfb\u5f0f\u5149\u8c31\u4eea-768x614.jpg 768w, https:\/\/swingbearing.net\/wp-content\/uploads\/2024\/07\/00\u76f4\u8bfb\u5f0f\u5149\u8c31\u4eea-15x12.jpg 15w, https:\/\/swingbearing.net\/wp-content\/uploads\/2024\/07\/00\u76f4\u8bfb\u5f0f\u5149\u8c31\u4eea-600x480.jpg 600w, https:\/\/swingbearing.net\/wp-content\/uploads\/2024\/07\/00\u76f4\u8bfb\u5f0f\u5149\u8c31\u4eea.jpg 800w\" sizes=\"(max-width: 300px) 100vw, 300px\" \/><\/a>\n\t\t\t<\/dt>\n\t\t\t\t<dd class='wp-caption-text gallery-caption' id='gallery-1-4483'>\n\t\t\t\tSpektrometer s priamym \u010d\u00edtan\u00edm\n\t\t\t\t<\/dd><\/dl><dl class='gallery-item'>\n\t\t\t<dt class='gallery-icon landscape'>\n\t\t\t\t<a href='https:\/\/swingbearing.net\/wp-content\/uploads\/2024\/07\/00\u6d1b\u6c0f\u786c\u5ea6\u8ba1.jpg'><img decoding=\"async\" width=\"300\" height=\"240\" src=\"https:\/\/swingbearing.net\/wp-content\/uploads\/2024\/07\/00\u6d1b\u6c0f\u786c\u5ea6\u8ba1-300x240.jpg\" class=\"attachment-medium size-medium\" alt=\"Tvrdos\u0165 pod\u013ea Rockwella\" aria-describedby=\"gallery-1-4482\" srcset=\"https:\/\/swingbearing.net\/wp-content\/uploads\/2024\/07\/00\u6d1b\u6c0f\u786c\u5ea6\u8ba1-300x240.jpg 300w, https:\/\/swingbearing.net\/wp-content\/uploads\/2024\/07\/00\u6d1b\u6c0f\u786c\u5ea6\u8ba1-768x614.jpg 768w, https:\/\/swingbearing.net\/wp-content\/uploads\/2024\/07\/00\u6d1b\u6c0f\u786c\u5ea6\u8ba1-15x12.jpg 15w, https:\/\/swingbearing.net\/wp-content\/uploads\/2024\/07\/00\u6d1b\u6c0f\u786c\u5ea6\u8ba1-600x480.jpg 600w, https:\/\/swingbearing.net\/wp-content\/uploads\/2024\/07\/00\u6d1b\u6c0f\u786c\u5ea6\u8ba1.jpg 800w\" sizes=\"(max-width: 300px) 100vw, 300px\" \/><\/a>\n\t\t\t<\/dt>\n\t\t\t\t<dd class='wp-caption-text gallery-caption' id='gallery-1-4482'>\n\t\t\t\tTvrdos\u0165 pod\u013ea Rockwella\n\t\t\t\t<\/dd><\/dl><br style=\"clear: both\" \/><dl class='gallery-item'>\n\t\t\t<dt class='gallery-icon landscape'>\n\t\t\t\t<a href='https:\/\/swingbearing.net\/wp-content\/uploads\/2024\/07\/00\u6570\u63a7\u7acb\u8f66.jpg'><img decoding=\"async\" width=\"300\" height=\"240\" src=\"https:\/\/swingbearing.net\/wp-content\/uploads\/2024\/07\/00\u6570\u63a7\u7acb\u8f66-300x240.jpg\" class=\"attachment-medium size-medium\" alt=\"CNC vertik\u00e1lny s\u00fastruh\" aria-describedby=\"gallery-1-4473\" srcset=\"https:\/\/swingbearing.net\/wp-content\/uploads\/2024\/07\/00\u6570\u63a7\u7acb\u8f66-300x240.jpg 300w, https:\/\/swingbearing.net\/wp-content\/uploads\/2024\/07\/00\u6570\u63a7\u7acb\u8f66-768x614.jpg 768w, https:\/\/swingbearing.net\/wp-content\/uploads\/2024\/07\/00\u6570\u63a7\u7acb\u8f66-15x12.jpg 15w, https:\/\/swingbearing.net\/wp-content\/uploads\/2024\/07\/00\u6570\u63a7\u7acb\u8f66-600x480.jpg 600w, https:\/\/swingbearing.net\/wp-content\/uploads\/2024\/07\/00\u6570\u63a7\u7acb\u8f66.jpg 800w\" sizes=\"(max-width: 300px) 100vw, 300px\" \/><\/a>\n\t\t\t<\/dt>\n\t\t\t\t<dd class='wp-caption-text gallery-caption' id='gallery-1-4473'>\n\t\t\t\tCNC vertik\u00e1lny s\u00fastruh\n\t\t\t\t<\/dd><\/dl><dl class='gallery-item'>\n\t\t\t<dt class='gallery-icon landscape'>\n\t\t\t\t<a href='https:\/\/swingbearing.net\/wp-content\/uploads\/2024\/07\/00\u6570\u63a7\u6eda\u9f7f\u673a-1.jpg'><img decoding=\"async\" width=\"300\" height=\"240\" src=\"https:\/\/swingbearing.net\/wp-content\/uploads\/2024\/07\/00\u6570\u63a7\u6eda\u9f7f\u673a-1-300x240.jpg\" class=\"attachment-medium size-medium\" alt=\"CNC fr\u00e9zka na ozubenie\" aria-describedby=\"gallery-1-4472\" srcset=\"https:\/\/swingbearing.net\/wp-content\/uploads\/2024\/07\/00\u6570\u63a7\u6eda\u9f7f\u673a-1-300x240.jpg 300w, https:\/\/swingbearing.net\/wp-content\/uploads\/2024\/07\/00\u6570\u63a7\u6eda\u9f7f\u673a-1-768x614.jpg 768w, https:\/\/swingbearing.net\/wp-content\/uploads\/2024\/07\/00\u6570\u63a7\u6eda\u9f7f\u673a-1-15x12.jpg 15w, https:\/\/swingbearing.net\/wp-content\/uploads\/2024\/07\/00\u6570\u63a7\u6eda\u9f7f\u673a-1-600x480.jpg 600w, https:\/\/swingbearing.net\/wp-content\/uploads\/2024\/07\/00\u6570\u63a7\u6eda\u9f7f\u673a-1.jpg 800w\" sizes=\"(max-width: 300px) 100vw, 300px\" \/><\/a>\n\t\t\t<\/dt>\n\t\t\t\t<dd class='wp-caption-text gallery-caption' id='gallery-1-4472'>\n\t\t\t\tCNC fr\u00e9zka na ozubenie\n\t\t\t\t<\/dd><\/dl><dl class='gallery-item'>\n\t\t\t<dt class='gallery-icon landscape'>\n\t\t\t\t<a href='https:\/\/swingbearing.net\/wp-content\/uploads\/2024\/07\/00\u7acb\u5f0f\u52a0\u5de5\u4e2d\u5fc3.jpg'><img decoding=\"async\" width=\"300\" height=\"240\" src=\"https:\/\/swingbearing.net\/wp-content\/uploads\/2024\/07\/00\u7acb\u5f0f\u52a0\u5de5\u4e2d\u5fc3-300x240.jpg\" class=\"attachment-medium size-medium\" alt=\"Vertik\u00e1lne obr\u00e1bacie centrum\" aria-describedby=\"gallery-1-4468\" srcset=\"https:\/\/swingbearing.net\/wp-content\/uploads\/2024\/07\/00\u7acb\u5f0f\u52a0\u5de5\u4e2d\u5fc3-300x240.jpg 300w, https:\/\/swingbearing.net\/wp-content\/uploads\/2024\/07\/00\u7acb\u5f0f\u52a0\u5de5\u4e2d\u5fc3-768x614.jpg 768w, https:\/\/swingbearing.net\/wp-content\/uploads\/2024\/07\/00\u7acb\u5f0f\u52a0\u5de5\u4e2d\u5fc3-15x12.jpg 15w, https:\/\/swingbearing.net\/wp-content\/uploads\/2024\/07\/00\u7acb\u5f0f\u52a0\u5de5\u4e2d\u5fc3-600x480.jpg 600w, https:\/\/swingbearing.net\/wp-content\/uploads\/2024\/07\/00\u7acb\u5f0f\u52a0\u5de5\u4e2d\u5fc3.jpg 800w\" sizes=\"(max-width: 300px) 100vw, 300px\" \/><\/a>\n\t\t\t<\/dt>\n\t\t\t\t<dd class='wp-caption-text gallery-caption' id='gallery-1-4468'>\n\t\t\t\tVertik\u00e1lne obr\u00e1bacie centrum\n\t\t\t\t<\/dd><\/dl><dl class='gallery-item'>\n\t\t\t<dt class='gallery-icon landscape'>\n\t\t\t\t<a href='https:\/\/swingbearing.net\/wp-content\/uploads\/2024\/07\/\u6570\u63a7\u8f66\u78e8\u673a\u5e8a.jpg'><img decoding=\"async\" width=\"300\" height=\"240\" src=\"https:\/\/swingbearing.net\/wp-content\/uploads\/2024\/07\/\u6570\u63a7\u8f66\u78e8\u673a\u5e8a-300x240.jpg\" class=\"attachment-medium size-medium\" alt=\"v\u00fdkyvn\u00e9 lo\u017eisko\" srcset=\"https:\/\/swingbearing.net\/wp-content\/uploads\/2024\/07\/\u6570\u63a7\u8f66\u78e8\u673a\u5e8a-300x240.jpg 300w, https:\/\/swingbearing.net\/wp-content\/uploads\/2024\/07\/\u6570\u63a7\u8f66\u78e8\u673a\u5e8a-768x614.jpg 768w, https:\/\/swingbearing.net\/wp-content\/uploads\/2024\/07\/\u6570\u63a7\u8f66\u78e8\u673a\u5e8a-15x12.jpg 15w, https:\/\/swingbearing.net\/wp-content\/uploads\/2024\/07\/\u6570\u63a7\u8f66\u78e8\u673a\u5e8a-600x480.jpg 600w, https:\/\/swingbearing.net\/wp-content\/uploads\/2024\/07\/\u6570\u63a7\u8f66\u78e8\u673a\u5e8a.jpg 800w\" sizes=\"(max-width: 300px) 100vw, 300px\" \/><\/a>\n\t\t\t<\/dt><\/dl><br style=\"clear: both\" \/><dl class='gallery-item'>\n\t\t\t<dt class='gallery-icon portrait'>\n\t\t\t\t<a href='https:\/\/swingbearing.net\/wp-content\/uploads\/2024\/07\/\u5fae\u4fe1\u56fe\u7247_20240517203249.jpg'><img decoding=\"async\" width=\"293\" height=\"300\" src=\"https:\/\/swingbearing.net\/wp-content\/uploads\/2024\/07\/\u5fae\u4fe1\u56fe\u7247_20240517203249-293x300.jpg\" class=\"attachment-medium size-medium\" alt=\"CAT374F 378-9586 Kyvn\u00e9 lo\u017eisko\" srcset=\"https:\/\/swingbearing.net\/wp-content\/uploads\/2024\/07\/\u5fae\u4fe1\u56fe\u7247_20240517203249-293x300.jpg 293w, https:\/\/swingbearing.net\/wp-content\/uploads\/2024\/07\/\u5fae\u4fe1\u56fe\u7247_20240517203249-1002x1024.jpg 1002w, https:\/\/swingbearing.net\/wp-content\/uploads\/2024\/07\/\u5fae\u4fe1\u56fe\u7247_20240517203249-768x785.jpg 768w, https:\/\/swingbearing.net\/wp-content\/uploads\/2024\/07\/\u5fae\u4fe1\u56fe\u7247_20240517203249-12x12.jpg 12w, https:\/\/swingbearing.net\/wp-content\/uploads\/2024\/07\/\u5fae\u4fe1\u56fe\u7247_20240517203249-600x613.jpg 600w, https:\/\/swingbearing.net\/wp-content\/uploads\/2024\/07\/\u5fae\u4fe1\u56fe\u7247_20240517203249.jpg 1080w\" sizes=\"(max-width: 293px) 100vw, 293px\" \/><\/a>\n\t\t\t<\/dt><\/dl><dl class='gallery-item'>\n\t\t\t<dt class='gallery-icon landscape'>\n\t\t\t\t<a href='https:\/\/swingbearing.net\/wp-content\/uploads\/2024\/07\/6556401.jpg'><img decoding=\"async\" width=\"300\" height=\"293\" src=\"https:\/\/swingbearing.net\/wp-content\/uploads\/2024\/07\/6556401-300x293.jpg\" class=\"attachment-medium size-medium\" alt=\"Klzn\u00e9 lo\u017eisko CAT 349D 353-049\" srcset=\"https:\/\/swingbearing.net\/wp-content\/uploads\/2024\/07\/6556401-300x293.jpg 300w, https:\/\/swingbearing.net\/wp-content\/uploads\/2024\/07\/6556401-12x12.jpg 12w, https:\/\/swingbearing.net\/wp-content\/uploads\/2024\/07\/6556401-600x586.jpg 600w, https:\/\/swingbearing.net\/wp-content\/uploads\/2024\/07\/6556401.jpg 655w\" sizes=\"(max-width: 300px) 100vw, 300px\" \/><\/a>\n\t\t\t<\/dt><\/dl><dl class='gallery-item'>\n\t\t\t<dt class='gallery-icon landscape'>\n\t\t\t\t<a href='https:\/\/swingbearing.net\/wp-content\/uploads\/2024\/07\/010101-1.jpg'><img decoding=\"async\" width=\"300\" height=\"300\" src=\"https:\/\/swingbearing.net\/wp-content\/uploads\/2024\/07\/010101-1-300x300.jpg\" class=\"attachment-medium size-medium\" alt=\"CAT 385C 199-4491\" srcset=\"https:\/\/swingbearing.net\/wp-content\/uploads\/2024\/07\/010101-1-300x300.jpg 300w, https:\/\/swingbearing.net\/wp-content\/uploads\/2024\/07\/010101-1-150x150.jpg 150w, https:\/\/swingbearing.net\/wp-content\/uploads\/2024\/07\/010101-1-768x768.jpg 768w, https:\/\/swingbearing.net\/wp-content\/uploads\/2024\/07\/010101-1-12x12.jpg 12w, https:\/\/swingbearing.net\/wp-content\/uploads\/2024\/07\/010101-1-600x600.jpg 600w, https:\/\/swingbearing.net\/wp-content\/uploads\/2024\/07\/010101-1-100x100.jpg 100w, https:\/\/swingbearing.net\/wp-content\/uploads\/2024\/07\/010101-1.jpg 1000w\" sizes=\"(max-width: 300px) 100vw, 300px\" \/><\/a>\n\t\t\t<\/dt><\/dl><dl class='gallery-item'>\n\t\t\t<dt class='gallery-icon landscape'>\n\t\t\t\t<a href='https:\/\/swingbearing.net\/wp-content\/uploads\/2024\/07\/6556402.jpg'><img decoding=\"async\" width=\"300\" height=\"293\" src=\"https:\/\/swingbearing.net\/wp-content\/uploads\/2024\/07\/6556402-300x293.jpg\" class=\"attachment-medium size-medium\" alt=\"Rota\u010dn\u00e9 lo\u017eisko\" srcset=\"https:\/\/swingbearing.net\/wp-content\/uploads\/2024\/07\/6556402-300x293.jpg 300w, https:\/\/swingbearing.net\/wp-content\/uploads\/2024\/07\/6556402-12x12.jpg 12w, https:\/\/swingbearing.net\/wp-content\/uploads\/2024\/07\/6556402-600x586.jpg 600w, https:\/\/swingbearing.net\/wp-content\/uploads\/2024\/07\/6556402.jpg 655w\" sizes=\"(max-width: 300px) 100vw, 300px\" \/><\/a>\n\t\t\t<\/dt><\/dl><br style=\"clear: both\" \/>\n\t\t<\/div>\n<\/figure>\n<p>M\u00f4\u017eeme poskytn\u00fa\u0165 alternat\u00edvne kyvn\u00e9 lo\u017eisk\u00e1 pre va\u0161e CAT, HITACHI, KOMATSU, KOBELCO, HYUNDAI, VOLVO, DOOSAN, DAEWOO, JCB, CASE, SUMITOMO, XCMG.There s\u00fa norm\u00e1lne a ne\u0161tandardn\u00e9 viac ako 1000 stovky typov pre v\u00e1s na v\u00fdber.Na\u0161e kyvn\u00e9 lo\u017eisk\u00e1 s\u00fa \u0161peci\u00e1lne navrhnut\u00e9 tak, aby sp\u013a\u0148ali po\u017eiadavky strojov r\u00fdpadiel, poskytuj\u00fa spo\u013eahliv\u00fd, dlhotrvaj\u00faci v\u00fdkon v r\u00f4znych podmienkach. \u010ci u\u017e potrebujete kyvn\u00e9 lo\u017eisko pre r\u00fdpadlo, lo\u017eisko oto\u010dn\u00e9ho kr\u00fa\u017eku alebo lo\u017eisko oto\u010dn\u00e9ho kr\u00fa\u017eku r\u00fdpadla, na\u0161e v\u00fdrobky s\u00fa dokonal\u00fdm rie\u0161en\u00edm.<\/p>\n<p>Na\u0161e v\u00fdkyvn\u00e9 lo\u017eisk\u00e1 r\u00fdpadiel sa vyr\u00e1baj\u00fa z vysokokvalitn\u00fdch materi\u00e1lov, ktor\u00e9 zaru\u010duj\u00fa pevnos\u0165, trvanlivos\u0165 a odolnos\u0165 vo\u010di opotrebovaniu. Na\u0161i in\u017einieri str\u00e1vili nespo\u010detn\u00e9 mno\u017estvo hod\u00edn zdokona\u013eovan\u00edm kon\u0161trukcie na\u0161ich oto\u010dn\u00fdch lo\u017e\u00edsk, aby zabezpe\u010dili ich optim\u00e1lny v\u00fdkon aj v t\u00fdch najn\u00e1ro\u010dnej\u0161\u00edch podmienkach. Na svoju pr\u00e1cu sme hrd\u00ed a sme presved\u010den\u00ed, \u017ee ke\u010f si vyberiete na\u0161e v\u00fdrobky, uvid\u00edte rozdiel.<\/p>\n<p>Pon\u00fakame \u0161irok\u00fa \u0161k\u00e1lu mo\u017enost\u00ed v\u00fdkyvn\u00fdch lo\u017e\u00edsk dielov r\u00fdpadiel vr\u00e1tane najob\u013e\u00fabenej\u0161\u00edch modelov, ako s\u00fa UH025, UH045, UH063 a UH083.<br \/>\nV ponuke m\u00e1me aj v\u00fdkyvn\u00e9 lo\u017eisk\u00e1 pre \u010fal\u0161ie ob\u013e\u00faben\u00e9 modely, ako s\u00fa EX200, EX300, EX310, ZX60, ZX70, ZA80, ZX110, ZX120, ZX200, ZX210, ZX250, ZX290, ZX330, ZX470, ZX870EX1000, EX1200, ZX225UR, ZX520, EX120-3, EX120-5, EX130H-5, ZAX110, ZAX120-6, ZAX120, UH07-7, ZAX200, ZXA210, ZAX200-3G, ZAX250-3G, ZAX200-3, ZAX200-3, ZAX200LC-3, ZAX210H-3, ZAX210LCH-3, ZAX210K-3, EX210LCH-5, ZAX225, ZX230, EX220-2, EX220-3, EX220-5, EX270-5, EX230H-3, EX280H-5, ZAX240H, ZAX240LCH, ZAX240K, ZAX250, ZAX270, ZAX280LC, EX290LCH-5, EX300-1, EX300-2, EX300H-2, EX300-3, EX300-3C, EX300H-3, EX310H-3C, EX310LCH-3C, ZAX330, EX350, ZXA360, ZAX450-6, EX100-5, EX110-5 a EX120-2.<\/p>\n<p>Pre t\u00fdch, ktor\u00ed ich potrebuj\u00fa, s\u00fa k dispoz\u00edcii aj na\u0161e v\u00fdkyvn\u00e9 lo\u017eisk\u00e1 r\u00fdpadiel a oto\u010dn\u00e9 prevody r\u00fdpadiel, ktor\u00e9 v\u00e1m zabezpe\u010dia v\u0161etko potrebn\u00e9 na bezprobl\u00e9mov\u00fd chod stroja.<\/p>","protected":false},"excerpt":{"rendered":"<p><strong><b>\u010cas\u0165<\/b><\/strong> #: 9129521<br \/>\n<strong><b>Urobte<\/b><\/strong>: HITACHI<br \/>\n<strong><b>Model<\/b><\/strong>:EX400-5 ZX450<br \/>\n<strong><b>Stav<\/b><\/strong>: Nov\u00fd<\/p>","protected":false},"featured_media":2864,"template":"","meta":[],"product_brand":[],"product_cat":[65,22],"product_tag":[46],"class_list":{"0":"post-4847","1":"product","2":"type-product","3":"status-publish","4":"has-post-thumbnail","6":"product_cat-hitachi-excavator-swing-bearing","7":"product_cat-swing-bearing","8":"product_tag-slewing-bearing","10":"first","11":"instock","12":"shipping-taxable","13":"product-type-simple"},"_links":{"self":[{"href":"https:\/\/swingbearing.net\/sk\/wp-json\/wp\/v2\/product\/4847","targetHints":{"allow":["GET"]}}],"collection":[{"href":"https:\/\/swingbearing.net\/sk\/wp-json\/wp\/v2\/product"}],"about":[{"href":"https:\/\/swingbearing.net\/sk\/wp-json\/wp\/v2\/types\/product"}],"wp:featuredmedia":[{"embeddable":true,"href":"https:\/\/swingbearing.net\/sk\/wp-json\/wp\/v2\/media\/2864"}],"wp:attachment":[{"href":"https:\/\/swingbearing.net\/sk\/wp-json\/wp\/v2\/media?parent=4847"}],"wp:term":[{"taxonomy":"product_brand","embeddable":true,"href":"https:\/\/swingbearing.net\/sk\/wp-json\/wp\/v2\/product_brand?post=4847"},{"taxonomy":"product_cat","embeddable":true,"href":"https:\/\/swingbearing.net\/sk\/wp-json\/wp\/v2\/product_cat?post=4847"},{"taxonomy":"product_tag","embeddable":true,"href":"https:\/\/swingbearing.net\/sk\/wp-json\/wp\/v2\/product_tag?post=4847"}],"curies":[{"name":"wp","href":"https:\/\/api.w.org\/{rel}","templated":true}]}}