{"id":4368,"date":"2024-06-27T11:50:31","date_gmt":"2024-06-27T11:50:31","guid":{"rendered":"https:\/\/swingbearing.net\/?post_type=product&#038;p=4368"},"modified":"2024-06-27T12:03:00","modified_gmt":"2024-06-27T12:03:00","slug":"hydraulic-pump-708-2h-00022-for-komatsu-pc450-7-pc450lc-7-excavator-main-pump","status":"publish","type":"product","link":"https:\/\/swingbearing.net\/sk\/product\/hydraulic-pump-708-2h-00022-for-komatsu-pc450-7-pc450lc-7-excavator-main-pump\/","title":{"rendered":"Hydraulick\u00e9 \u010derpadlo 708-2H-00022 pre hlavn\u00e9 \u010derpadlo r\u00fdpadla Komatsu PC450-7 PC450LC-7"},"content":{"rendered":"<h3 class=\"wp-block-heading\"><strong>Popis produktu<\/strong><\/h3>\r\n\r\n\r\n<hr class=\"wp-block-separator has-alpha-channel-opacity\" \/>\r\n\r\n\r\n<h2 class=\"wp-block-heading\">708-2H-00022 Hydraulic Main Pump Fits For Komatsu PC450-7 PC450LC-7<\/h2>\r\n<div id=\"attachment_4341\" style=\"width: 720px\" class=\"wp-caption alignnone\"><img decoding=\"async\" aria-describedby=\"caption-attachment-4341\" class=\"wp-image-4341 size-full\" src=\"https:\/\/swingbearing.net\/wp-content\/uploads\/2024\/06\/pc0000.jpg\" alt=\"hydraulick\u00e9 \u010derpadlo\" width=\"710\" height=\"771\" srcset=\"https:\/\/swingbearing.net\/wp-content\/uploads\/2024\/06\/pc0000.jpg 710w, https:\/\/swingbearing.net\/wp-content\/uploads\/2024\/06\/pc0000-276x300.jpg 276w, https:\/\/swingbearing.net\/wp-content\/uploads\/2024\/06\/pc0000-11x12.jpg 11w, https:\/\/swingbearing.net\/wp-content\/uploads\/2024\/06\/pc0000-600x652.jpg 600w\" sizes=\"(max-width: 710px) 100vw, 710px\" \/><p id=\"caption-attachment-4341\" class=\"wp-caption-text\"><img decoding=\"async\" class=\"alignnone wp-image-4370 size-full\" style=\"font-size: 16px;\" src=\"https:\/\/swingbearing.net\/wp-content\/uploads\/2024\/06\/pc400-7-450-7.jpg\" alt=\"hydraulick\u00e9 \u010derpadlo\" width=\"694\" height=\"702\" srcset=\"https:\/\/swingbearing.net\/wp-content\/uploads\/2024\/06\/pc400-7-450-7.jpg 694w, https:\/\/swingbearing.net\/wp-content\/uploads\/2024\/06\/pc400-7-450-7-297x300.jpg 297w, https:\/\/swingbearing.net\/wp-content\/uploads\/2024\/06\/pc400-7-450-7-12x12.jpg 12w, https:\/\/swingbearing.net\/wp-content\/uploads\/2024\/06\/pc400-7-450-7-600x607.jpg 600w, https:\/\/swingbearing.net\/wp-content\/uploads\/2024\/06\/pc400-7-450-7-100x100.jpg 100w\" sizes=\"(max-width: 694px) 100vw, 694px\" \/><\/p><\/div>\r\n<p>&nbsp;<\/p>\r\n<table border=\"1\" cellspacing=\"0\" cellpadding=\"0\">\r\n<tbody>\r\n<tr>\r\n<td>N\u00e1zov produktu\u00a0 \u00a0 \u00a0 \u00a0 \u00a0 \u00a0 \u00a0 \u00a0<\/td>\r\n<td>Hydraulick\u00e9 \u010derpadlo r\u00fdpadla<\/td>\r\n<\/tr>\r\n<tr>\r\n<td>Kvalita\u00a0 \u00a0 \u00a0<\/td>\r\n<td>Vysok\u00e1 kvalita 100% New<\/td>\r\n<\/tr>\r\n<tr>\r\n<td>Model stroja\u00a0 \u00a0\u00a0<\/td>\r\n<td>PC450-7 PC450LC-7<\/td>\r\n<\/tr>\r\n<tr>\r\n<td>Ve\u013ekos\u0165 balenia<\/td>\r\n<td>84*38*49<\/td>\r\n<\/tr>\r\n<tr>\r\n<td>Bal\u00edk<\/td>\r\n<td>\u0160tandardn\u00e9 v\u00fdvozn\u00e9 dreven\u00e9 puzdro\u00a0 \u00a0 \u00a0 \u00a0 \u00a0 \u00a0 \u00a0 \u00a0 \u00a0 \u00a0 \u00a0 \u00a0 \u00a0 \u00a0 \u00a0 \u00a0 \u00a0 \u00a0 \u00a0 \u00a0 \u00a0 \u00a0 \u00a0 \u00a0 \u00a0 \u00a0\u00a0<\/td>\r\n<\/tr>\r\n<tr>\r\n<td>\u010c\u00edslo dielu<\/td>\r\n<td>708-2H-00022<\/td>\r\n<\/tr>\r\n<tr>\r\n<td>Tlak<\/td>\r\n<td>\u0160tandardn\u00e9, vysokotlakov\u00e9<\/td>\r\n<\/tr>\r\n<\/tbody>\r\n<\/table>\r\n<h3>\r\n\r\n<\/h3>\r\n<p><\/p>\r\n<h2 class=\"wp-block-heading\">Introduction of\u00a0 PC450-7 PC450LC-7 Main Pump<\/h2>\r\n<p><\/p>\r\n<p>Pracujete v stavebn\u00edctve a chcete optimalizova\u0165 v\u00fdkon svojich p\u00e1sov\u00fdch r\u00fdpadiel? Neh\u013eadajte ni\u010d in\u00e9 ako hydraulick\u00e9 \u010derpadlo pre r\u00fdpadl\u00e1, univerz\u00e1lny a spo\u013eahliv\u00fd v\u00fdrobok navrhnut\u00fd tak, aby sp\u013a\u0148al po\u017eiadavky r\u00f4znych scen\u00e1rov vr\u00e1tane staven\u00edsk, bansk\u00fdch prev\u00e1dzok a cestn\u00fdch pr\u00e1c. Toto v\u00fdkonn\u00e9 hydraulick\u00e9 \u010derpadlo je kompatibiln\u00e9 s cel\u00fdm radom modelov, ako s\u00fa E317, E315, PC210LC-7K , a PC210-8K, v\u010faka \u010domu je nevyhnutn\u00fdm pomocn\u00edkom na zv\u00fd\u0161enie hydraulick\u00e9ho v\u00fdkonu v\u00e1\u0161ho r\u00fdpadla.<\/p>\r\n<p>\r\n\r\n<\/p>\r\n<h3 class=\"wp-block-heading\">Maximaliz\u00e1cia \u00fa\u010dinnosti \u010derpadla<\/h3>\r\n<p>\r\n\r\n<\/p>\r\n<p>Pri v\u00fdkopov\u00fdch pr\u00e1cach je k\u013e\u00fa\u010dov\u00e1 efektivita. Hydraulick\u00e9 \u010derpadlo pre r\u00fdpadl\u00e1, ktor\u00e9 je k dispoz\u00edcii v dvoch \u010d\u00edslach \u010derpadla, 708-2L-00202 a 708-2L-41121, je \u0161peci\u00e1lne navrhnut\u00e9 tak, aby poskytovalo maxim\u00e1lny hydraulick\u00fd v\u00fdkon v\u00e1\u0161mu r\u00fdpadlu. To zaru\u010duje, \u017ee v\u00e1\u0161 stroj pracuje hladko a efekt\u00edvne, \u010do v\u00e1m umo\u017en\u00ed v\u010das dokon\u010di\u0165 projekty. V\u010faka odolnej kon\u0161trukcii a spo\u013eahliv\u00e9mu v\u00fdkonu je toto hydraulick\u00e9 \u010derpadlo vyroben\u00e9 tak, aby vydr\u017ealo, \u010do z neho rob\u00ed cenn\u00fa invest\u00edciu pre va\u0161u firmu.<\/p>\r\n<p>\r\n\r\n<\/p>\r\n<h3 class=\"wp-block-heading\">Kompatibilita a v\u0161estrannos\u0165<\/h3>\r\n<p>\r\n\r\n<\/p>\r\n<p>Jednou z hlavn\u00fdch v\u00fdhod hydraulick\u00e9ho \u010derpadla pre r\u00fdpadl\u00e1 je jeho kompatibilita s r\u00f4znymi modelmi r\u00fdpadiel. \u010ci u\u017e pou\u017e\u00edvate model E317, E315, PC210-8K alebo PC210-8K, toto hydraulick\u00e9 \u010derpadlo je navrhnut\u00e9 tak, aby sa bez probl\u00e9mov integrovalo s va\u0161\u00edm strojom a zv\u00fd\u0161ilo jeho mo\u017enosti a v\u00fdkon. V\u010faka tejto v\u0161estrannosti je praktickou vo\u013ebou pre dod\u00e1vate\u013eov a prev\u00e1dzkovate\u013eov pracuj\u00facich v r\u00f4znych odvetviach a prostrediach.<\/p>\r\n<p>\r\n\r\n<\/p>\r\n<h3 class=\"wp-block-heading\">V\u00fdnimo\u010dn\u00e1 popredajn\u00e1 podpora<\/h3>\r\n<p>\r\n\r\n<\/p>\r\n<p>V spolo\u010dnosti Excavator Hydraulic Pump je spokojnos\u0165 z\u00e1kazn\u00edkov na\u0161ou najvy\u0161\u0161ou prioritou. Preto pon\u00fakame vynikaj\u00facu popredajn\u00fa podporu vr\u00e1tane online asistencie, aby sme na\u0161im z\u00e1kazn\u00edkom zabezpe\u010dili r\u00fdchlu pomoc v pr\u00edpade ak\u00fdchko\u013evek probl\u00e9mov alebo ob\u00e1v. N\u00e1\u0161 t\u00edm odborn\u00edkov je odhodlan\u00fd poskytn\u00fa\u0165 v\u00e1m podporu, ktor\u00fa potrebujete, aby va\u0161e hydraulick\u00e9 \u010derpadlo fungovalo hladko a efekt\u00edvne, \u010do v\u00e1m umo\u017en\u00ed s\u00fastredi\u0165 sa na pr\u00e1cu bez ak\u00fdchko\u013evek preru\u0161en\u00ed.<br \/><br \/><b>M\u00f4\u017eeme podpori\u0165 ostatn\u00fdch:<\/b><\/p>\r\n<table>\r\n<tbody>\r\n<tr>\r\n<td colspan=\"1\" rowspan=\"1\">\r\n<div>Pre spolo\u010dnos\u0165 Kobelco<\/div>\r\n<\/td>\r\n<td colspan=\"1\" rowspan=\"1\">\r\n<div>SK200-6,SK210-6,SK45SR,SK330-6E,SK200-4,SK460-8,SK135,SK235SRLC-1ES,SK250-8,SK210-8,SK350-8,SK350,SK350-9,SK200-8,SK210-8<\/div>\r\n<\/td>\r\n<\/tr>\r\n<tr>\r\n<td colspan=\"1\" rowspan=\"1\">\r\n<div>Pre spolo\u010dnos\u0165 Komatsu<\/div>\r\n<\/td>\r\n<td colspan=\"1\" rowspan=\"1\">\r\n<div>PC300-8,PC200-6K,PC130-8,PC200-8,PC220-8,PC270-8,PC400-8,PC60-7,PC300-7,PC400-7,PC200-7,PC200-6,<\/div>\r\n<\/td>\r\n<\/tr>\r\n<tr>\r\n<td colspan=\"1\" rowspan=\"1\">\r\n<div>Pre CAT<\/div>\r\n<\/td>\r\n<td colspan=\"1\" rowspan=\"1\">\r\n<div>E325C,E330D,E330C,E336D,E336C,E345B,E385C,E320C,E320D,E330,E330L,E345C<\/div>\r\n<\/td>\r\n<\/tr>\r\n<tr>\r\n<td colspan=\"1\" rowspan=\"1\">\r\n<div>Pre spolo\u010dnos\u0165 Daewoo<\/div>\r\n<\/td>\r\n<td colspan=\"1\" rowspan=\"1\">\r\n<div>DH80,DH300-5,DH300-7,DH225-7,DH210,DH220,DH150,DH300-5,DH370,DH470-5,DH500-5<\/div>\r\n<\/td>\r\n<\/tr>\r\n<tr>\r\n<td colspan=\"1\" rowspan=\"1\">\r\n<div>Pre spolo\u010dnos\u0165 Hitachi<\/div>\r\n<\/td>\r\n<td colspan=\"1\" rowspan=\"1\">\r\n<div>EX120-5, EX120-5 JPN, EX120-5HG, EX120-5LV JPN, EX120-5X, EX120-5Z, EX120SS-5, EX130H-5, EX130H-5 JPN, EX130K-5,<br \/>EX135UR,EX135UR-5, EX135US-5, EX135USR, EX135USRK, EX140US-5, HR240G,EX300-2, EX300-3, EX300-3C, EX310H-3C,EX200-3, EX200-5,<br \/>EX200-5 JPN, EX200-5HG, EX200-5HHE, EX200-5LV JAP, EX200-5X JPN, EX200-5Z JPN, EX200LC-5HHE, EX200SS-5,EX210H-5, EX210H-5 JPN,<br \/>EX210K-5 JPN, EX210LC-5HHE, EX225USR(LC), EX225USRK,EX60-2, EX60-3, EX60LCK-3, EX60LCT-3, EX60WD-2, EX75UR, EX75UR-3,<br \/>EX75URLC-3,EX350-6,EX120-3,EX1200,EX300,EX200 ,EX210,EX75UR-5<\/div>\r\n<\/td>\r\n<\/tr>\r\n<tr>\r\n<td colspan=\"1\" rowspan=\"1\">\r\n<div>Pre spolo\u010dnos\u0165 Sumitomo<\/div>\r\n<\/td>\r\n<td colspan=\"1\" rowspan=\"1\">\r\n<div>SH200-2,SH-200A3,SH200,SH120-5-0.5<\/div>\r\n<\/td>\r\n<\/tr>\r\n<tr>\r\n<td colspan=\"1\" rowspan=\"1\">\r\n<div>Pre spolo\u010dnos\u0165 Kato<\/div>\r\n<\/td>\r\n<td colspan=\"1\" rowspan=\"1\">\r\n<div>HD1430,HD130<\/div>\r\n<\/td>\r\n<\/tr>\r\n<tr>\r\n<td colspan=\"1\" rowspan=\"1\">\r\n<div>Pre spolo\u010dnos\u0165 JCB<\/div>\r\n<\/td>\r\n<td colspan=\"1\" rowspan=\"1\">\r\n<div>JCB220,JCB240,JCB 85Z<\/div>\r\n<\/td>\r\n<\/tr>\r\n<tr>\r\n<td colspan=\"1\" rowspan=\"1\">\r\n<div>In\u00e9<\/div>\r\n<\/td>\r\n<td colspan=\"1\" rowspan=\"1\">\r\n<div>&#8230;&#8230;<\/div>\r\n<\/td>\r\n<\/tr>\r\n<\/tbody>\r\n<\/table>\r\n<p><\/p>","protected":false},"excerpt":{"rendered":"<p><strong><b>\u010cas\u0165<\/b><\/strong> #: 708-2H-00022 <br \/><strong><b>Urobte<\/b><\/strong>:Komatsu <br \/><strong><b>Model<\/b><\/strong>: PC450-7 PC450LC-7 <br \/><strong><b>Stav<\/b><\/strong>: Nov\u00fd<\/p>","protected":false},"featured_media":4369,"template":"","meta":[],"product_brand":[],"product_cat":[382],"product_tag":[],"class_list":{"0":"post-4368","1":"product","2":"type-product","3":"status-publish","4":"has-post-thumbnail","6":"product_cat-komatsu-hydraulic-pumps","8":"first","9":"instock","10":"shipping-taxable","11":"product-type-simple"},"_links":{"self":[{"href":"https:\/\/swingbearing.net\/sk\/wp-json\/wp\/v2\/product\/4368","targetHints":{"allow":["GET"]}}],"collection":[{"href":"https:\/\/swingbearing.net\/sk\/wp-json\/wp\/v2\/product"}],"about":[{"href":"https:\/\/swingbearing.net\/sk\/wp-json\/wp\/v2\/types\/product"}],"wp:featuredmedia":[{"embeddable":true,"href":"https:\/\/swingbearing.net\/sk\/wp-json\/wp\/v2\/media\/4369"}],"wp:attachment":[{"href":"https:\/\/swingbearing.net\/sk\/wp-json\/wp\/v2\/media?parent=4368"}],"wp:term":[{"taxonomy":"product_brand","embeddable":true,"href":"https:\/\/swingbearing.net\/sk\/wp-json\/wp\/v2\/product_brand?post=4368"},{"taxonomy":"product_cat","embeddable":true,"href":"https:\/\/swingbearing.net\/sk\/wp-json\/wp\/v2\/product_cat?post=4368"},{"taxonomy":"product_tag","embeddable":true,"href":"https:\/\/swingbearing.net\/sk\/wp-json\/wp\/v2\/product_tag?post=4368"}],"curies":[{"name":"wp","href":"https:\/\/api.w.org\/{rel}","templated":true}]}}