{"id":4363,"date":"2024-06-27T05:31:58","date_gmt":"2024-06-27T05:31:58","guid":{"rendered":"https:\/\/swingbearing.net\/?post_type=product&#038;p=4363"},"modified":"2024-06-27T05:36:16","modified_gmt":"2024-06-27T05:36:16","slug":"hydraulic-pump-708-21-04033-708-21-04032-708-21-04031-for-komatsu-pc60-6-pc60l-6-pc70-6","status":"publish","type":"product","link":"https:\/\/swingbearing.net\/sk\/product\/hydraulic-pump-708-21-04033-708-21-04032-708-21-04031-for-komatsu-pc60-6-pc60l-6-pc70-6\/","title":{"rendered":"Hydraulick\u00e9 \u010derpadlo 708-21-04033 708-21-04032 708-21-04031 pre Komatsu PC60-6 PC60L-6 PC70-6"},"content":{"rendered":"<h3 class=\"wp-block-heading\"><strong>Popis produktu<\/strong><\/h3>\r\n\r\n\r\n<hr class=\"wp-block-separator has-alpha-channel-opacity\" \/>\r\n\r\n\r\n<h2 class=\"wp-block-heading\">708-21-04033 708-21-04032 708-21-04031 Hydraulic Main Pump Fits For Komatsu PC60-6 PC60L-6 PC70-6<\/h2>\r\n<p><img decoding=\"async\" class=\"alignnone wp-image-4306 size-full\" src=\"https:\/\/swingbearing.net\/wp-content\/uploads\/2024\/06\/pc400-3-02.jpg\" alt=\"Hydraulic Main Pumps\" width=\"806\" height=\"903\" srcset=\"https:\/\/swingbearing.net\/wp-content\/uploads\/2024\/06\/pc400-3-02.jpg 806w, https:\/\/swingbearing.net\/wp-content\/uploads\/2024\/06\/pc400-3-02-268x300.jpg 268w, https:\/\/swingbearing.net\/wp-content\/uploads\/2024\/06\/pc400-3-02-768x860.jpg 768w, https:\/\/swingbearing.net\/wp-content\/uploads\/2024\/06\/pc400-3-02-11x12.jpg 11w, https:\/\/swingbearing.net\/wp-content\/uploads\/2024\/06\/pc400-3-02-600x672.jpg 600w\" sizes=\"(max-width: 806px) 100vw, 806px\" \/><\/p>\r\n<p>&nbsp;<\/p>\r\n<table border=\"1\" cellspacing=\"0\" cellpadding=\"0\">\r\n<tbody>\r\n<tr>\r\n<td>N\u00e1zov produktu\u00a0 \u00a0 \u00a0 \u00a0 \u00a0 \u00a0 \u00a0 \u00a0<\/td>\r\n<td>Hydraulick\u00e9 \u010derpadlo r\u00fdpadla<\/td>\r\n<\/tr>\r\n<tr>\r\n<td>Kvalita\u00a0 \u00a0 \u00a0<\/td>\r\n<td>Vysok\u00e1 kvalita 100% New<\/td>\r\n<\/tr>\r\n<tr>\r\n<td>Model stroja\u00a0 \u00a0\u00a0<\/td>\r\n<td>PC60-6 PC60L-6 PC70-6<\/td>\r\n<\/tr>\r\n<tr>\r\n<td>Ve\u013ekos\u0165 balenia<\/td>\r\n<td>84*38*49<\/td>\r\n<\/tr>\r\n<tr>\r\n<td>Bal\u00edk<\/td>\r\n<td>\u0160tandardn\u00e9 v\u00fdvozn\u00e9 dreven\u00e9 puzdro\u00a0 \u00a0 \u00a0 \u00a0 \u00a0 \u00a0 \u00a0 \u00a0 \u00a0 \u00a0 \u00a0 \u00a0 \u00a0 \u00a0 \u00a0 \u00a0 \u00a0 \u00a0 \u00a0 \u00a0 \u00a0 \u00a0 \u00a0 \u00a0 \u00a0 \u00a0\u00a0<\/td>\r\n<\/tr>\r\n<tr>\r\n<td>\u010c\u00edslo dielu<\/td>\r\n<td>708-21-04033 708-21-04032 708-21-04031<\/td>\r\n<\/tr>\r\n<tr>\r\n<td>Tlak<\/td>\r\n<td>\u0160tandardn\u00e9, vysokotlakov\u00e9<\/td>\r\n<\/tr>\r\n<\/tbody>\r\n<\/table>\r\n<h3>\r\n\r\n<\/h3>\r\n<p><\/p>\r\n<h2 class=\"wp-block-heading\">Introduction of\u00a0 PC60-6 PC60L-6 PC70-6 Main Pump<\/h2>\r\n<p><\/p>\r\n<p><\/p>\r\n<p>Excavator hydraulic pumps play a crucial role in the efficient operation of heavy machinery such as excavators. We will delve into the key features and functions of the PC60-6 and PC70-7 main pumps, which are essential components in excavator hydraulic systems.<\/p>\r\n<p>\r\n\r\n<\/p>\r\n<h3 class=\"wp-block-heading\">PC60-6\u00a0 Hydraulic Pump<\/h3>\r\n<p>\r\n\r\n<\/p>\r\n<p>The PC60-6 main pump is designed to provide reliable and consistent hydraulic power to the excavator. With its high efficiency and durability, this pump ensures smooth operation and optimal performance of the machine. Equipped with advanced technology, the PC60-6 main pump delivers the required hydraulic pressure to drive the various hydraulic functions of the excavator.<\/p>\r\n<p>\r\n\r\n<\/p>\r\n<h3 class=\"wp-block-heading\">PCPC70-6 Hydraulic Pump<\/h3>\r\n<p>\r\n\r\n<\/p>\r\n<p>The PC70-6 main pump is known for its robust construction and superior performance. This pump is engineered to withstand heavy-duty usage in demanding work environments. With its exceptional efficiency and precision, the PC70-6 main pump contributes to the overall productivity and efficiency of the excavator. Operators can rely on this pump to deliver the necessary hydraulic power for smooth and precise operation.<\/p>\r\n<p>\r\n\r\n<\/p>\r\n<p>\r\n\r\n<\/p>\r\n<p>In conclusion, the PC60-6 and PC70-6 main pumps are essential components in excavator hydraulic systems, playing a key role in delivering the hydraulic power needed for efficient operation. Operators can rely on these pumps to provide consistent performance, durability, and precision, ultimately contributing to the overall productivity and success of excavator projects.<\/p>\r\n<p>\r\n\r\n<\/p>\r\n<p>Excavate with confidence and power with these top-notch main pumps!<\/p>\r\n<p><\/p>\r\n<p><\/p>","protected":false},"excerpt":{"rendered":"<p><strong><b>\u010cas\u0165<\/b><\/strong> #: 708-21-04033 708-21-04032 708-21-04031 <br \/><strong><b>Urobte<\/b><\/strong>:Komatsu <br \/><strong><b>Model<\/b><\/strong>: PC60-6 PC60L-6 PC70-6<br \/><strong><b>Stav<\/b><\/strong>: Nov\u00fd<\/p>","protected":false},"featured_media":4362,"template":"","meta":[],"product_brand":[],"product_cat":[382],"product_tag":[],"class_list":{"0":"post-4363","1":"product","2":"type-product","3":"status-publish","4":"has-post-thumbnail","6":"product_cat-komatsu-hydraulic-pumps","8":"first","9":"instock","10":"shipping-taxable","11":"product-type-simple"},"_links":{"self":[{"href":"https:\/\/swingbearing.net\/sk\/wp-json\/wp\/v2\/product\/4363","targetHints":{"allow":["GET"]}}],"collection":[{"href":"https:\/\/swingbearing.net\/sk\/wp-json\/wp\/v2\/product"}],"about":[{"href":"https:\/\/swingbearing.net\/sk\/wp-json\/wp\/v2\/types\/product"}],"wp:featuredmedia":[{"embeddable":true,"href":"https:\/\/swingbearing.net\/sk\/wp-json\/wp\/v2\/media\/4362"}],"wp:attachment":[{"href":"https:\/\/swingbearing.net\/sk\/wp-json\/wp\/v2\/media?parent=4363"}],"wp:term":[{"taxonomy":"product_brand","embeddable":true,"href":"https:\/\/swingbearing.net\/sk\/wp-json\/wp\/v2\/product_brand?post=4363"},{"taxonomy":"product_cat","embeddable":true,"href":"https:\/\/swingbearing.net\/sk\/wp-json\/wp\/v2\/product_cat?post=4363"},{"taxonomy":"product_tag","embeddable":true,"href":"https:\/\/swingbearing.net\/sk\/wp-json\/wp\/v2\/product_tag?post=4363"}],"curies":[{"name":"wp","href":"https:\/\/api.w.org\/{rel}","templated":true}]}}