{"id":436,"date":"2023-09-20T03:22:27","date_gmt":"2023-09-20T03:22:27","guid":{"rendered":"https:\/\/swingbearing.net\/?post_type=product&#038;p=436"},"modified":"2024-06-11T07:59:05","modified_gmt":"2024-06-11T07:59:05","slug":"hydraulic-motor-ztm069-2","status":"publish","type":"product","link":"https:\/\/swingbearing.net\/sk\/product\/hydraulic-motor-ztm069-2\/","title":{"rendered":"Hydraulick\u00fd motor ZTM06(9) 2"},"content":{"rendered":"<table class=\"has-cyan-bluish-gray-background-color has-background\" style=\"height: 210px;\" width=\"617\">\n<tbody>\n<tr>\n<td>Model<\/td>\n<td>\u010c\u00edslo dielu<\/td>\n<td>Vonkaj\u0161\u00ed priemer<\/td>\n<td>Vn\u00fatorn\u00fd priemer<\/td>\n<td>Celkov\u00e1 v\u00fd\u0161ka<\/td>\n<td>Vonkaj\u0161ia v\u00fd\u0161ka<\/td>\n<td>Vn\u00fatorn\u00e1 v\u00fd\u0161ka<\/td>\n<td>Parametre vonkaj\u0161ieho otvoru<\/td>\n<td>Parametre vn\u00fatorn\u00e9ho otvoru<\/td>\n<td>Po\u010det zubov<\/td>\n<\/tr>\n<tr>\n<td>922<\/td>\n<td>26b0272<\/td>\n<td>1405<\/td>\n<td>1129<\/td>\n<td>100<\/td>\n<td>70<\/td>\n<td>90<\/td>\n<td>36-\u03c624 nerovnomern\u00e9<\/td>\n<td>36-M22<\/td>\n<td>95<\/td>\n<\/tr>\n<tr>\n<td>922<\/td>\n<td>26b0122<\/td>\n<td>1405<\/td>\n<td>1129<\/td>\n<td>100<\/td>\n<td>70<\/td>\n<td>90<\/td>\n<td>36-\u03c624 nerovnomern\u00e9<\/td>\n<td>36-M22<\/td>\n<td>95<\/td>\n<\/tr>\n<tr>\n<td>922<\/td>\n<td>26b0010<\/td>\n<td>1405<\/td>\n<td>1129<\/td>\n<td>100<\/td>\n<td>70<\/td>\n<td>90<\/td>\n<td>36 Rovnomerne rozdelen\u00e9<\/td>\n<td>36-M22<\/td>\n<td>91<\/td>\n<\/tr>\n<tr>\n<td>LG922D<\/td>\n<td>26B0122<\/td>\n<td>1405<\/td>\n<td>1129<\/td>\n<td>100<\/td>\n<td>70<\/td>\n<td>90<\/td>\n<td>36-\u03c624 nerovnomern\u00e9<\/td>\n<td>36-M22<\/td>\n<td>95<\/td>\n<\/tr>\n<tr>\n<td><strong>936D<\/strong><\/td>\n<td>26B0120<\/td>\n<td>1658<\/td>\n<td>1334.3<\/td>\n<td>125<\/td>\n<td>82<\/td>\n<td>115<\/td>\n<td>40-\u03c626 nerovnomern\u00e9<\/td>\n<td>40-M24 Rovnomerne rozdelen\u00e9<\/td>\n<td>97<\/td>\n<\/tr>\n<\/tbody>\n<\/table>","protected":false},"excerpt":{"rendered":"<p>Model Part Number Outer Diameter Inside Diameter Total height Outer Height Inner Height Outer Hole Parameters Inner Hole Parameters Number of Teeth 922 26b0272 1405 1129 100 70 90 36-\u03c624 uneven 36-M22 95 922 26b0122 1405 1129 100 70 90 36-\u03c624 uneven 36-M22 95 922 26b0010 1405 1129 100 70 90 36 Evenly distributed 36-M22 [&hellip;]<\/p>\n","protected":false},"featured_media":435,"template":"","meta":[],"product_brand":[],"product_cat":[26],"product_tag":[],"class_list":{"0":"post-436","1":"product","2":"type-product","3":"status-publish","4":"has-post-thumbnail","6":"product_cat-hydraulic-motors","8":"first","9":"instock","10":"shipping-taxable","11":"product-type-simple"},"_links":{"self":[{"href":"https:\/\/swingbearing.net\/sk\/wp-json\/wp\/v2\/product\/436","targetHints":{"allow":["GET"]}}],"collection":[{"href":"https:\/\/swingbearing.net\/sk\/wp-json\/wp\/v2\/product"}],"about":[{"href":"https:\/\/swingbearing.net\/sk\/wp-json\/wp\/v2\/types\/product"}],"wp:featuredmedia":[{"embeddable":true,"href":"https:\/\/swingbearing.net\/sk\/wp-json\/wp\/v2\/media\/435"}],"wp:attachment":[{"href":"https:\/\/swingbearing.net\/sk\/wp-json\/wp\/v2\/media?parent=436"}],"wp:term":[{"taxonomy":"product_brand","embeddable":true,"href":"https:\/\/swingbearing.net\/sk\/wp-json\/wp\/v2\/product_brand?post=436"},{"taxonomy":"product_cat","embeddable":true,"href":"https:\/\/swingbearing.net\/sk\/wp-json\/wp\/v2\/product_cat?post=436"},{"taxonomy":"product_tag","embeddable":true,"href":"https:\/\/swingbearing.net\/sk\/wp-json\/wp\/v2\/product_tag?post=436"}],"curies":[{"name":"wp","href":"https:\/\/api.w.org\/{rel}","templated":true}]}}