{"id":3920,"date":"2024-06-05T05:59:04","date_gmt":"2024-06-05T05:59:04","guid":{"rendered":"https:\/\/swingbearing.net\/?post_type=product&#038;p=3920"},"modified":"2024-06-12T03:12:59","modified_gmt":"2024-06-12T03:12:59","slug":"swing-bearing-4193433-for-hitachi-ex60wd-2","status":"publish","type":"product","link":"https:\/\/swingbearing.net\/sk\/product\/swing-bearing-4193433-for-hitachi-ex60wd-2\/","title":{"rendered":"Kyvn\u00e9 lo\u017eisko 4193433 pre HITACHI EX60WD-2 EX60-2"},"content":{"rendered":"<h2 style=\"text-align: center;\">HITACHI <strong>V\u00fdmena v\u00fdkyvn\u00e9ho kr\u00fa\u017eku\u00a0<\/strong><\/h2>\n<figure class=\"wp-block-table\" style=\"font-size: 12px;\">\n<table>\n<tbody>\n<tr>\n<td><strong>\u010c\u00edslo modelu r\u00fdpadla<\/strong><\/td>\n<td><strong>\u010c\u00edslo dielu<\/strong><\/td>\n<td><strong>\u010c\u00edslo modelu r\u00fdpadla<\/strong><\/td>\n<td><strong>\u010c\u00edslo dielu<\/strong><\/td>\n<\/tr>\n<tr>\n<td>EX60-2<\/td>\n<td>4193433<\/td>\n<td>ZX230<\/td>\n<td>9154037<\/td>\n<\/tr>\n<tr>\n<td>EX60WD -2<\/td>\n<td>4193433<\/td>\n<td>ZX230<\/td>\n<td>9159646<\/td>\n<\/tr>\n<tr>\n<td>EX60-5<\/td>\n<td>43767553<\/td>\n<td>ZX240<\/td>\n<td>9196732<\/td>\n<\/tr>\n<tr>\n<td>EX100<\/td>\n<td>9098995<\/td>\n<td>ZX240<\/td>\n<td>9245728<\/td>\n<\/tr>\n<tr>\n<td>EX100-3<\/td>\n<td>9102726<\/td>\n<td>EX300-3<\/td>\n<td>9112188<\/td>\n<\/tr>\n<tr>\n<td>ZX135<\/td>\n<td>9184497<\/td>\n<td>ZX330LC-5G<\/td>\n<td>9245698<\/td>\n<\/tr>\n<tr>\n<td>EX150-5<\/td>\n<td>9146953<\/td>\n<td>ZX350-3<\/td>\n<td>9245698<\/td>\n<\/tr>\n<tr>\n<td>EX200<\/td>\n<td>9098993<\/td>\n<td>ZX370<\/td>\n<td>9166468<\/td>\n<\/tr>\n<tr>\n<td>ZX200LC-5G<\/td>\n<td>9260971<\/td>\n<td>ZX370<\/td>\n<td>9169894<\/td>\n<\/tr>\n<tr>\n<td>ZX200-3,<\/td>\n<td>9260971<\/td>\n<td>KH180-3<\/td>\n<td>9099074<\/td>\n<\/tr>\n<tr>\n<td>EX200-3<\/td>\n<td>9148123<\/td>\n<td>HE6010B<\/td>\n<td>1214DBS110T<\/td>\n<\/tr>\n<tr>\n<td>ZX200<\/td>\n<td>9196732<\/td>\n<td>EX400<\/td>\n<td>164-2568<\/td>\n<\/tr>\n<tr>\n<td>ZX200-5G<\/td>\n<td>9260971<\/td>\n<td>EX400-5<\/td>\n<td>9129521<\/td>\n<\/tr>\n<tr>\n<td>EX200<\/td>\n<td>9102727<\/td>\n<td>ZX450<\/td>\n<td>9129521<\/td>\n<\/tr>\n<tr>\n<td>EX210-5<\/td>\n<td>9102727<\/td>\n<td>ZX450-3<\/td>\n<td>9247287<\/td>\n<\/tr>\n<tr>\n<td>ZX210LCK<\/td>\n<td>9169646<\/td>\n<td>ZX450-3<\/td>\n<td>9247287<\/td>\n<\/tr>\n<tr>\n<td>ZX210W-1<\/td>\n<td>9275368<\/td>\n<td>ZX470-3<\/td>\n<td>9247287<\/td>\n<\/tr>\n<tr>\n<td>ZX220<\/td>\n<td>9262248<\/td>\n<td>ZX650<\/td>\n<td>9321213<\/td>\n<\/tr>\n<tr>\n<td>EX220-1<\/td>\n<td>9154037<\/td>\n<td>ZX650LCH<\/td>\n<td>6016584<\/td>\n<\/tr>\n<tr>\n<td>ZX225USR<\/td>\n<td>9169646<\/td>\n<td>ZX800LD<\/td>\n<td>9229741<\/td>\n<\/tr>\n<tr>\n<td>ZX225US<\/td>\n<td>9196732<\/td>\n<td>ZX870-3<\/td>\n<td>9321216<\/td>\n<\/tr>\n<tr>\n<td>ZX330-3LC<\/td>\n<td>9260971<\/td>\n<td>ZX870<\/td>\n<td>6023643<\/td>\n<\/tr>\n<tr>\n<td>EX270-5<\/td>\n<td>9154037<\/td>\n<td><\/td>\n<td><\/td>\n<\/tr>\n<\/tbody>\n<\/table>\n<\/figure>\n<p>M\u00f4\u017eeme poskytn\u00fa\u0165 alternat\u00edvne kyvn\u00e9 lo\u017eisk\u00e1 pre va\u0161e CAT, HITACHI, KOMATSU, KOBELCO, HYUNDAI, VOLVO, DOOSAN, DAEWOO, JCB, CASE, SUMITOMO, XCMG.There s\u00fa norm\u00e1lne a ne\u0161tandardn\u00e9 viac ako 1000 stovky typov pre v\u00e1s na v\u00fdber.Na\u0161e kyvn\u00e9 lo\u017eisk\u00e1 s\u00fa \u0161peci\u00e1lne navrhnut\u00e9 tak, aby sp\u013a\u0148ali po\u017eiadavky strojov r\u00fdpadiel, poskytuj\u00fa spo\u013eahliv\u00fd, dlhotrvaj\u00faci v\u00fdkon v r\u00f4znych podmienkach. \u010ci u\u017e potrebujete kyvn\u00e9 lo\u017eisko pre r\u00fdpadlo, lo\u017eisko oto\u010dn\u00e9ho kr\u00fa\u017eku alebo lo\u017eisko oto\u010dn\u00e9ho kr\u00fa\u017eku r\u00fdpadla, na\u0161e v\u00fdrobky s\u00fa dokonal\u00fdm rie\u0161en\u00edm.<\/p>\n<p>Na\u0161e v\u00fdkyvn\u00e9 lo\u017eisk\u00e1 r\u00fdpadiel sa vyr\u00e1baj\u00fa z vysokokvalitn\u00fdch materi\u00e1lov, ktor\u00e9 zaru\u010duj\u00fa pevnos\u0165, trvanlivos\u0165 a odolnos\u0165 vo\u010di opotrebovaniu. Na\u0161i in\u017einieri str\u00e1vili nespo\u010detn\u00e9 mno\u017estvo hod\u00edn zdokona\u013eovan\u00edm kon\u0161trukcie na\u0161ich oto\u010dn\u00fdch lo\u017e\u00edsk, aby zabezpe\u010dili ich optim\u00e1lny v\u00fdkon aj v t\u00fdch najn\u00e1ro\u010dnej\u0161\u00edch podmienkach. Na svoju pr\u00e1cu sme hrd\u00ed a sme presved\u010den\u00ed, \u017ee ke\u010f si vyberiete na\u0161e v\u00fdrobky, uvid\u00edte rozdiel.<\/p>\n<p>Pon\u00fakame \u0161irok\u00fa \u0161k\u00e1lu mo\u017enost\u00ed v\u00fdkyvn\u00fdch lo\u017e\u00edsk dielov r\u00fdpadiel vr\u00e1tane najob\u013e\u00fabenej\u0161\u00edch modelov, ako s\u00fa UH025, UH045, UH063 a UH083.<br \/>\nV ponuke m\u00e1me aj v\u00fdkyvn\u00e9 lo\u017eisk\u00e1 pre \u010fal\u0161ie ob\u013e\u00faben\u00e9 modely, ako s\u00fa EX200, EX300, EX310, ZX60, ZX70, ZA80, ZX110, ZX120, ZX200, ZX210, ZX250, ZX290, ZX330, ZX470, ZX870EX1000, EX1200, ZX225UR, ZX520, EX120-3, EX120-5, EX130H-5, ZAX110, ZAX120-6, ZAX120, UH07-7, ZAX200, ZXA210, ZAX200-3G, ZAX250-3G, ZAX200-3, ZAX200-3, ZAX200LC-3, ZAX210H-3, ZAX210LCH-3, ZAX210K-3, EX210LCH-5, ZAX225, ZX230, EX220-2, EX220-3, EX220-5, EX270-5, EX230H-3, EX280H-5, ZAX240H, ZAX240LCH, ZAX240K, ZAX250, ZAX270, ZAX280LC, EX290LCH-5, EX300-1, EX300-2, EX300H-2, EX300-3, EX300-3C, EX300H-3, EX310H-3C, EX310LCH-3C, ZAX330, EX350, ZXA360, ZAX450-6, EX100-5, EX110-5 a EX120-2.<\/p>\n<p>Pre t\u00fdch, ktor\u00ed ich potrebuj\u00fa, s\u00fa k dispoz\u00edcii aj na\u0161e v\u00fdkyvn\u00e9 lo\u017eisk\u00e1 r\u00fdpadiel a oto\u010dn\u00e9 prevody r\u00fdpadiel, ktor\u00e9 v\u00e1m zabezpe\u010dia v\u0161etko potrebn\u00e9 na bezprobl\u00e9mov\u00fd chod stroja.<\/p>","protected":false},"excerpt":{"rendered":"<p><strong><b>\u010cas\u0165<\/b><\/strong> #: 4193433<br \/>\n<strong><b>Urobte<\/b><\/strong>: HITACHI<br \/>\n<strong><b>Model<\/b><\/strong>:EX60WD -2,EX60-2<br \/>\n<strong><b>Stav<\/b><\/strong>: Nov\u00fd<\/p>","protected":false},"featured_media":2930,"template":"","meta":[],"product_brand":[],"product_cat":[65],"product_tag":[81,80],"class_list":{"0":"post-3920","1":"product","2":"type-product","3":"status-publish","4":"has-post-thumbnail","6":"product_cat-hitachi-excavator-swing-bearing","7":"product_tag-hitachi","8":"product_tag-slewing-ring","10":"first","11":"instock","12":"shipping-taxable","13":"product-type-simple"},"_links":{"self":[{"href":"https:\/\/swingbearing.net\/sk\/wp-json\/wp\/v2\/product\/3920","targetHints":{"allow":["GET"]}}],"collection":[{"href":"https:\/\/swingbearing.net\/sk\/wp-json\/wp\/v2\/product"}],"about":[{"href":"https:\/\/swingbearing.net\/sk\/wp-json\/wp\/v2\/types\/product"}],"wp:featuredmedia":[{"embeddable":true,"href":"https:\/\/swingbearing.net\/sk\/wp-json\/wp\/v2\/media\/2930"}],"wp:attachment":[{"href":"https:\/\/swingbearing.net\/sk\/wp-json\/wp\/v2\/media?parent=3920"}],"wp:term":[{"taxonomy":"product_brand","embeddable":true,"href":"https:\/\/swingbearing.net\/sk\/wp-json\/wp\/v2\/product_brand?post=3920"},{"taxonomy":"product_cat","embeddable":true,"href":"https:\/\/swingbearing.net\/sk\/wp-json\/wp\/v2\/product_cat?post=3920"},{"taxonomy":"product_tag","embeddable":true,"href":"https:\/\/swingbearing.net\/sk\/wp-json\/wp\/v2\/product_tag?post=3920"}],"curies":[{"name":"wp","href":"https:\/\/api.w.org\/{rel}","templated":true}]}}