{"id":362,"date":"2023-09-18T08:17:17","date_gmt":"2023-09-18T08:17:17","guid":{"rendered":"https:\/\/swingbearing.net\/?post_type=product&#038;p=362"},"modified":"2023-11-09T07:16:57","modified_gmt":"2023-11-09T07:16:57","slug":"swing-bearing-kobelco","status":"publish","type":"product","link":"https:\/\/swingbearing.net\/sk\/product\/swing-bearing-kobelco\/","title":{"rendered":"v\u00fdkyvn\u00e9 lo\u017eisko KOBELCO"},"content":{"rendered":"<figure class=\"wp-block-table is-style-stripes has-small-font-size\">\n<table class=\"has-cyan-bluish-white-background-color has-background\">\n<tbody>\n<tr>\n<td width=\"113\"><strong><a href=\"https:\/\/swingbearing.net\/sk\/product\/swing-bearing-cat\/\" target=\"_parent\" rel=\"noopener\">CAT<\/a><\/strong><\/td>\n<td width=\"113\"><strong><a href=\"https:\/\/swingbearing.net\/sk\/product\/swing-bearing-komatsu\/\" rel=\"noopener\">KOMATSU<\/a><\/strong><\/td>\n<td width=\"113\"><strong><a href=\"https:\/\/swingbearing.net\/sk\/product\/swing-bearings-hitachi\/\" rel=\"noopener\">HITACHI<\/a><\/strong><\/td>\n<td width=\"113\"><strong><a href=\"https:\/\/swingbearing.net\/sk\/product\/swing-bearing-kobelco\/\" target=\"_parent\" rel=\"noopener\">KOBELCO<\/a><\/strong><\/td>\n<td width=\"113\"><strong><a href=\"https:\/\/swingbearing.net\/sk\/product\/swing-bearing-hyundai\/\" target=\"_parent\" rel=\"noopener\">HYUNDAI<\/a><\/strong><\/td>\n<\/tr>\n<tr>\n<td width=\"113\"><strong><a href=\"https:\/\/swingbearing.net\/sk\/product\/swing-bearing-doosan\/\" target=\"_parent\" rel=\"noopener\">DOOSAN<\/a><\/strong><\/td>\n<td width=\"113\"><strong><a href=\"https:\/\/swingbearing.net\/sk\/product\/swing-bearing-volvo\/\" target=\"_parent\" rel=\"noopener\">VOLVO<\/a><\/strong><\/td>\n<td width=\"113\"><strong><a href=\"https:\/\/swingbearing.net\/sk\/product\/swing-bearing-jcb\/\" target=\"_parent\" rel=\"noopener\">JCB<\/a><\/strong><\/td>\n<td width=\"113\"><strong><a href=\"https:\/\/swingbearing.net\/sk\/product\/swing-bearing-case\/\" target=\"_parent\" rel=\"noopener\">PR\u00cdPAD<\/a><\/strong><\/td>\n<td width=\"113\"><strong><a href=\"https:\/\/swingbearing.net\/sk\/product\/swing-bearing-liebherr\/\" target=\"_parent\" rel=\"noopener\">LIEBHERR<\/a><\/strong><\/td>\n<\/tr>\n<tr>\n<td width=\"113\"><strong><a href=\"https:\/\/swingbearing.net\/sk\/product\/swing-bearing-liugong\/\" target=\"_parent\" rel=\"noopener\">LIUGONG<\/a><\/strong><\/td>\n<td width=\"113\"><strong><a href=\"https:\/\/swingbearing.net\/sk\/product\/swing-bearings-sany\/\" target=\"_parent\" rel=\"noopener\">SANY<\/a><\/strong><\/td>\n<td width=\"113\"><strong><a href=\"https:\/\/swingbearing.net\/sk\/product\/swing-bearing-yuchai\/\" target=\"_parent\" rel=\"noopener\">YUCHAI<\/a><\/strong><\/td>\n<td width=\"113\"><strong><a href=\"https:\/\/swingbearing.net\/sk\/product\/swing-bearing-xcmg\/\" target=\"_parent\" rel=\"noopener\">XCMG<\/a><\/strong><\/td>\n<td width=\"113\"><strong><a href=\"https:\/\/swingbearing.net\/sk\/product\/swing-bearing-sumitomo\/\" target=\"_parent\" rel=\"noopener\">SUMITOMO<\/a><\/strong><\/td>\n<\/tr>\n<\/tbody>\n<\/table>\n<\/figure>\n<h4 style=\"text-align: center;\">Parametre v\u00fdkyvn\u00e9ho lo\u017eiska KOBELCO<\/h4>\n<figure class=\"wp-block-table is-style-stripes has-small-font-size\">\n<table class=\"has-cyan-bluish-gray-background-color has-background\">\n<tbody>\n<tr>\n<td>Model<\/td>\n<td>\u010c\u00edslo dielu<\/td>\n<td>Vonkaj\u0161\u00ed priemer<\/td>\n<td>Vn\u00fatorn\u00fd priemer<\/td>\n<td>Celkov\u00e1 v\u00fd\u0161ka<\/td>\n<td>Vonkaj\u0161ia v\u00fd\u0161ka<\/td>\n<td>Vn\u00fatorn\u00e1 v\u00fd\u0161ka<\/td>\n<td>Parametre vonkaj\u0161ieho otvoru<\/td>\n<td>Parametre vn\u00fatorn\u00e9ho otvoru<\/td>\n<td>Po\u010det zubov<\/td>\n<\/tr>\n<tr>\n<td>SK75-8<\/td>\n<td>YT40F00004F1<\/td>\n<td>810<\/td>\n<td>586<\/td>\n<td>80<\/td>\n<td>62<\/td>\n<td>61<\/td>\n<td>24<\/td>\n<td>30<\/td>\n<td>75<\/td>\n<\/tr>\n<tr>\n<td>SK75 UR-3<\/td>\n<td>2425U261F1<\/td>\n<td>810<\/td>\n<td>587<\/td>\n<td>84<\/td>\n<td>67<\/td>\n<td>67<\/td>\n<td>25<\/td>\n<td>30<\/td>\n<td>75<\/td>\n<\/tr>\n<tr>\n<td>SK130LC IV<\/td>\n<td>LP40FU0001F1<\/td>\n<td>1093<\/td>\n<td>880<\/td>\n<td>85<\/td>\n<td>60<\/td>\n<td>75<\/td>\n<td>28-\u03c617<\/td>\n<td>36-M16<\/td>\n<td>89<\/td>\n<\/tr>\n<tr>\n<td>SK-140<\/td>\n<td>YY40F00009F1<\/td>\n<td>1131<\/td>\n<td>921<\/td>\n<td>85<\/td>\n<td>60<\/td>\n<td>75<\/td>\n<td>34-\u03c617<\/td>\n<td>36-M16<\/td>\n<td>93<\/td>\n<\/tr>\n<tr>\n<td>SK140SR<\/td>\n<td>YY40F00009F1<\/td>\n<td>1129<\/td>\n<td>919.5<\/td>\n<td>85<\/td>\n<td>60<\/td>\n<td>75<\/td>\n<td>34<\/td>\n<td>36<\/td>\n<td>93<\/td>\n<\/tr>\n<tr>\n<td>SK200<\/td>\n<td>24100N7440F1<\/td>\n<td>1312<\/td>\n<td>1082<\/td>\n<td>106<\/td>\n<td>78<\/td>\n<td>95<\/td>\n<td>33-\u042422<\/td>\n<td>36-M20<\/td>\n<td>110<\/td>\n<\/tr>\n<tr>\n<td>K907LC-2<\/td>\n<td>24100N3978F<\/td>\n<td>1312<\/td>\n<td>1084<\/td>\n<td>105<\/td>\n<td>78<\/td>\n<td>95<\/td>\n<td>32-\u03c622<\/td>\n<td>36-M20*1.5<\/td>\n<td>110<\/td>\n<\/tr>\n<tr>\n<td>SK200<\/td>\n<td>YN40FU0001F1<\/td>\n<td>1312<\/td>\n<td>1082<\/td>\n<td>106<\/td>\n<td>\uff1f<\/td>\n<td>\uff1f<\/td>\n<td>33<\/td>\n<td>36<\/td>\n<td>110<\/td>\n<\/tr>\n<tr>\n<td>SK200-6<\/td>\n<td>YN40F00008F1<\/td>\n<td>1312<\/td>\n<td>1081.5<\/td>\n<td>106<\/td>\n<td>78<\/td>\n<td>95<\/td>\n<td>33-\u042422<\/td>\n<td>36-M20<\/td>\n<td>110<\/td>\n<\/tr>\n<tr>\n<td>SK200-6<\/td>\n<td>YN40F00004F2<\/td>\n<td>1312<\/td>\n<td>1082<\/td>\n<td>105<\/td>\n<td>78<\/td>\n<td>95<\/td>\n<td>33-\u042422<\/td>\n<td>36-M20<\/td>\n<td>110<\/td>\n<\/tr>\n<tr>\n<td>SK200-8\/ E215<\/td>\n<td>YN40F00026F1<\/td>\n<td>1310<\/td>\n<td>1081<\/td>\n<td>109<\/td>\n<td>78<\/td>\n<td>97<\/td>\n<td>33<\/td>\n<td>36<\/td>\n<td>110<\/td>\n<\/tr>\n<tr>\n<td>SK200-8<\/td>\n<td>YN40F00026F2<\/td>\n<td>1312<\/td>\n<td>1082<\/td>\n<td>106<\/td>\n<td>78<\/td>\n<td>95<\/td>\n<td>33-\u03c622<\/td>\n<td>36-M20*1.5<\/td>\n<td>110<\/td>\n<\/tr>\n<tr>\n<td>SK200-10<\/td>\n<td>Yn40f00042f2<\/td>\n<td>1310<\/td>\n<td>1082<\/td>\n<td>108<\/td>\n<td>78<\/td>\n<td>98<\/td>\n<td>33-\u03c621.5<\/td>\n<td>36-M20*1.5<\/td>\n<td>110<\/td>\n<\/tr>\n<tr>\n<td>SK210LC<\/td>\n<td>YN40F00019F2<\/td>\n<td>1312<\/td>\n<td>1081.5<\/td>\n<td>106<\/td>\n<td>78<\/td>\n<td>95<\/td>\n<td>33-\u042422<\/td>\n<td>36-M20*1.5<\/td>\n<td>110<\/td>\n<\/tr>\n<tr>\n<td>SK210LC-6<\/td>\n<td>Yn40f00004f1<\/td>\n<td>1312<\/td>\n<td>1081.5<\/td>\n<td>106<\/td>\n<td>78<\/td>\n<td>95<\/td>\n<td>33-\u042422<\/td>\n<td>36-M20*1.5<\/td>\n<td>110<\/td>\n<\/tr>\n<tr>\n<td>SK210LC-8<\/td>\n<td>YN40F00026F1<\/td>\n<td>1310<\/td>\n<td>1081<\/td>\n<td>109<\/td>\n<td>78<\/td>\n<td>97<\/td>\n<td>33<\/td>\n<td>36<\/td>\n<td>110<\/td>\n<\/tr>\n<tr>\n<td>SK220LC III\/IV<\/td>\n<td>24100N7441F1<\/td>\n<td>1312<\/td>\n<td>1082<\/td>\n<td>106<\/td>\n<td>78<\/td>\n<td>95<\/td>\n<td>33-\u042423<\/td>\n<td>36-M20*1.5<\/td>\n<td>110<\/td>\n<\/tr>\n<tr>\n<td>SK230-6<\/td>\n<td>LQ40F00004F1<\/td>\n<td>1410<\/td>\n<td>1131<\/td>\n<td>120<\/td>\n<td>88<\/td>\n<td>110<\/td>\n<td>33-\u03c622<\/td>\n<td>36-M20*1.5<\/td>\n<td>82<\/td>\n<\/tr>\n<tr>\n<td>SK235<\/td>\n<td>YN40F01004P1<\/td>\n<td>1409<\/td>\n<td>1080<\/td>\n<td>116<\/td>\n<td>88<\/td>\n<td>106<\/td>\n<td>33<\/td>\n<td>36<\/td>\n<td>110<\/td>\n<\/tr>\n<tr>\n<td>SK250-6E<\/td>\n<td>LQ40F00005F1<\/td>\n<td>1416<\/td>\n<td>1131<\/td>\n<td>120<\/td>\n<td>85<\/td>\n<td>110<\/td>\n<td>33-\u03c621<\/td>\n<td>36-M20*1.5<\/td>\n<td>82<\/td>\n<\/tr>\n<tr>\n<td>SK250-8<\/td>\n<td>LQ40F00014F1<\/td>\n<td>1416<\/td>\n<td>1131<\/td>\n<td>120<\/td>\n<td>85<\/td>\n<td>110<\/td>\n<td>33-\u03c621<\/td>\n<td>36-M20*1.5<\/td>\n<td>82<\/td>\n<\/tr>\n<tr>\n<td>SK250LC-6E<\/td>\n<td>LQ40f00004f1<\/td>\n<td>1410<\/td>\n<td>1131<\/td>\n<td>120<\/td>\n<td>88<\/td>\n<td>110<\/td>\n<td>33-\u03c622<\/td>\n<td>36-M20<\/td>\n<td>82<\/td>\n<\/tr>\n<tr>\n<td>SK250NLC-6<\/td>\n<td>24100N7441F1<\/td>\n<td>1410<\/td>\n<td>1131<\/td>\n<td>120<\/td>\n<td>88<\/td>\n<td>110<\/td>\n<td>33-\u03c622<\/td>\n<td>36-M20*1.5<\/td>\n<td>82<\/td>\n<\/tr>\n<tr>\n<td>SK260-8<\/td>\n<td>LQ40F000014F1<\/td>\n<td>1418<\/td>\n<td>1132<\/td>\n<td>120<\/td>\n<td>86<\/td>\n<td>110<\/td>\n<td>33-\u042421<\/td>\n<td>36-M20*1.5<\/td>\n<td>82<\/td>\n<\/tr>\n<tr>\n<td>SK330<\/td>\n<td>LC40F00019F1<\/td>\n<td>1613<\/td>\n<td>1272<\/td>\n<td>120<\/td>\n<td>100<\/td>\n<td>110<\/td>\n<td>35-\u03c626<\/td>\n<td>36-M24*2<\/td>\n<td>92<\/td>\n<\/tr>\n<tr>\n<td>SK330-6E<\/td>\n<td>LC40F00009F1<\/td>\n<td>1564<\/td>\n<td>1200<\/td>\n<td>125<\/td>\n<td>105<\/td>\n<td>115<\/td>\n<td>35-\u03a626<\/td>\n<td>36-M24<\/td>\n<td>77<\/td>\n<\/tr>\n<tr>\n<td>SK330LC V1<\/td>\n<td>LC40FU0001F1<\/td>\n<td>1564<\/td>\n<td>1200<\/td>\n<td>125<\/td>\n<td>105<\/td>\n<td>115<\/td>\n<td>35-\u03a626<\/td>\n<td>36-M24<\/td>\n<td>77<\/td>\n<\/tr>\n<tr>\n<td>SK330LC-6E<\/td>\n<td>LC40F00009F1<\/td>\n<td>1564<\/td>\n<td>1200<\/td>\n<td>125<\/td>\n<td>105<\/td>\n<td>115<\/td>\n<td>35-\u03a626<\/td>\n<td>36-M24<\/td>\n<td>77<\/td>\n<\/tr>\n<tr>\n<td>SK330-6E<\/td>\n<td>LC40F00012F<\/td>\n<td>1560<\/td>\n<td>1200<\/td>\n<td>125<\/td>\n<td>105<\/td>\n<td>115<\/td>\n<td>35<\/td>\n<td>36<\/td>\n<td>77<\/td>\n<\/tr>\n<tr>\n<td>SK350<\/td>\n<td>LC40F00018F1<\/td>\n<td>1613<\/td>\n<td>1272<\/td>\n<td>120<\/td>\n<td>100<\/td>\n<td>110<\/td>\n<td>35-\u042426<\/td>\n<td>36-M24*2<\/td>\n<td>92<\/td>\n<\/tr>\n<tr>\n<td>SK350ME<\/td>\n<td>FG4E9648E-J6<\/td>\n<td>1613<\/td>\n<td>1272<\/td>\n<td>120<\/td>\n<td>100<\/td>\n<td>110<\/td>\n<td>35-\u03c626<\/td>\n<td>36-M24*2<\/td>\n<td>92<\/td>\n<\/tr>\n<\/tbody>\n<\/table>\n<\/figure>\n<p>V\u00fdkyvn\u00e9 lo\u017eisk\u00e1 r\u00fdpadla s\u00fa k\u013e\u00fa\u010dov\u00fdmi komponentmi v rota\u010dnom syst\u00e9me r\u00fdpadla. S\u00fa zodpovedn\u00e9 za spojenie hornej kon\u0161trukcie s podvozkom a umo\u017e\u0148uj\u00fa ot\u00e1\u010danie r\u00fdpadla okolo jeho osi. Va\u0161a spolo\u010dnos\u0165 vyr\u00e1ba vysokokvalitn\u00e9 oto\u010dn\u00e9 lo\u017eisk\u00e1 r\u00fdpadiel vr\u00e1tane oto\u010dn\u00fdch lo\u017e\u00edsk, oto\u010dn\u00fdch kr\u00fa\u017ekov, oto\u010dn\u00fdch lo\u017e\u00edsk a \u010fal\u0161\u00edch, ktor\u00e9 s\u00fa navrhnut\u00e9 \u0161peci\u00e1lne pre r\u00f4zne modely r\u00fdpadiel KOBELCO.<\/p>\n<p>Tieto oto\u010dn\u00e9 lo\u017eisk\u00e1 r\u00fdpadiel s\u00fa kon\u0161truovan\u00e9 tak, aby odolali extr\u00e9mnym pracovn\u00fdm podmienkam a zabezpe\u010dili spo\u013eahliv\u00fd a odoln\u00fd v\u00fdkon po\u010das dlh\u0161ieho obdobia. S\u00fa vyroben\u00e9 z vysokokvalitn\u00fdch materi\u00e1lov a prech\u00e1dzaj\u00fa pr\u00edsnym testovan\u00edm, aby sp\u013a\u0148ali najvy\u0161\u0161ie priemyseln\u00e9 normy. To zaru\u010duje optim\u00e1lny v\u00fdkon, bezpe\u010dnos\u0165 a spo\u013eahlivos\u0165 a z\u00e1rove\u0148 minimalizuje prestoje a n\u00e1klady na \u00fadr\u017ebu.<\/p>\n<p>Va\u0161a spolo\u010dnos\u0165 pon\u00faka \u0161irok\u00fa \u0161k\u00e1lu modelov oto\u010dn\u00fdch lo\u017e\u00edsk pre r\u00fdpadl\u00e1 KOBELCO vr\u00e1tane modelov SK35, SK50, SK60, SK75, SK100, SK120, SK200-1-2-3-4-5-6, SK230, SK250, SK260, SK280, SK300, SK330, SK330-6, SK350, SK400, SK450, SK480, RK200, SK55, SK60-3, SK60-5, SK60-8, SK60SR, SK75\/SK75-8, K904C, SK905C, SK907B, K907C, SK100, SK120-3, SK120-5, SK135, SK03, SK04, SK045N2, SK130, SK140-8, SK07-1-N2, SK07-N2, SK200-1, SK200-2, SK200-3, SK200-5, SK200-6, SK210-6-6, SK200-8, SK210-8, SK230-6E, SK250-6, SK250-8, SK260-8, SK270D, SK330-8, SK350-8, SK480-6 a SK480-8.<\/p>\n<p>Okrem oto\u010dn\u00fdch lo\u017e\u00edsk pre r\u00fdpadl\u00e1 va\u0161a spolo\u010dnos\u0165 vyr\u00e1ba aj in\u00e9 diely pre r\u00fdpadl\u00e1, ako s\u00fa napr\u00edklad oto\u010dn\u00e9 prevody pre r\u00fdpadl\u00e1 a oto\u010dn\u00e9 lo\u017eisk\u00e1. Tieto s\u00fa navrhnut\u00e9 tak, aby bez probl\u00e9mov spolupracovali s oto\u010dn\u00fdmi lo\u017eiskami r\u00fdpadiel a zabezpe\u010dili maxim\u00e1lnu efektivitu, produktivitu a bezpe\u010dnos\u0165 na stavenisku.<br \/>\nAk h\u013ead\u00e1te spo\u013eahliv\u00e9 a vysokokvalitn\u00e9 oto\u010dn\u00e9 lo\u017eisk\u00e1 pre r\u00fdpadl\u00e1 KOBELCO, neh\u013eadajte ich inde ako vo va\u0161ej spolo\u010dnosti. V\u010faka \u0161irokej ponuke modelov, z ktor\u00fdch si m\u00f4\u017eete vybera\u0165, si m\u00f4\u017eete by\u0165 ist\u00ed, \u017ee pre svoje r\u00fdpadlo n\u00e1jdete perfektn\u00fa vo\u013ebu. Z\u00e1v\u00e4zok va\u0161ej spolo\u010dnosti k dodr\u017eiavaniu kvality a spokojnosti z\u00e1kazn\u00edkov je z\u00e1rukou, \u017ee dostanete najlep\u0161\u00ed mo\u017en\u00fd v\u00fdrobok a slu\u017eby.<\/p>\n<figure class=\"wp-block-image size-full is-resized\"><a href=\"https:\/\/national-bearing.com\/\" target=\"_blank\" rel=\"noopener\"><img decoding=\"async\" class=\"ls-is-cached lazyloaded alignnone wp-image-177\" src=\"https:\/\/national-bearing.com\/wp-content\/uploads\/2023\/04\/0001.jpg\" sizes=\"(max-width: 843px) 100vw, 843px\" srcset=\"https:\/\/national-bearing.com\/wp-content\/uploads\/2023\/04\/0001.jpg 600w, https:\/\/national-bearing.com\/wp-content\/uploads\/2023\/04\/0001-300x200.jpg 300w\" alt=\"\" width=\"699\" height=\"466\" data-srcset=\"https:\/\/national-bearing.com\/wp-content\/uploads\/2023\/04\/0001.jpg 600w, https:\/\/national-bearing.com\/wp-content\/uploads\/2023\/04\/0001-300x200.jpg 300w\" data-src=\"https:\/\/national-bearing.com\/wp-content\/uploads\/2023\/04\/0001.jpg\" data-sizes=\"(max-width: 843px) 100vw, 843px\" \/><\/a><\/figure>","protected":false},"excerpt":{"rendered":"<p>K\u013abov\u00e9 lo\u017eisko KOBELCO<br \/>\nModel:K904C,SK480-8,SK330-8<br \/>\n,SK350-8SK905C,SK907B,SK350<\/p>","protected":false},"featured_media":136,"template":"","meta":[],"product_brand":[],"product_cat":[22],"product_tag":[],"class_list":{"0":"post-362","1":"product","2":"type-product","3":"status-publish","4":"has-post-thumbnail","6":"product_cat-swing-bearing","8":"first","9":"instock","10":"shipping-taxable","11":"product-type-simple"},"_links":{"self":[{"href":"https:\/\/swingbearing.net\/sk\/wp-json\/wp\/v2\/product\/362","targetHints":{"allow":["GET"]}}],"collection":[{"href":"https:\/\/swingbearing.net\/sk\/wp-json\/wp\/v2\/product"}],"about":[{"href":"https:\/\/swingbearing.net\/sk\/wp-json\/wp\/v2\/types\/product"}],"wp:featuredmedia":[{"embeddable":true,"href":"https:\/\/swingbearing.net\/sk\/wp-json\/wp\/v2\/media\/136"}],"wp:attachment":[{"href":"https:\/\/swingbearing.net\/sk\/wp-json\/wp\/v2\/media?parent=362"}],"wp:term":[{"taxonomy":"product_brand","embeddable":true,"href":"https:\/\/swingbearing.net\/sk\/wp-json\/wp\/v2\/product_brand?post=362"},{"taxonomy":"product_cat","embeddable":true,"href":"https:\/\/swingbearing.net\/sk\/wp-json\/wp\/v2\/product_cat?post=362"},{"taxonomy":"product_tag","embeddable":true,"href":"https:\/\/swingbearing.net\/sk\/wp-json\/wp\/v2\/product_tag?post=362"}],"curies":[{"name":"wp","href":"https:\/\/api.w.org\/{rel}","templated":true}]}}