{"id":3389,"date":"2024-05-27T09:08:44","date_gmt":"2024-05-27T09:08:44","guid":{"rendered":"https:\/\/swingbearing.net\/product\/hyundai-r360lc-7-excavator-swing-bearing-81na-01022gg-slewing-ring\/"},"modified":"2024-05-27T15:19:11","modified_gmt":"2024-05-27T15:19:11","slug":"hyundai-r360lc-7-excavator-swing-bearing-81na-01022gg-slewing-ring","status":"publish","type":"product","link":"https:\/\/swingbearing.net\/sk\/product\/hyundai-r360lc-7-excavator-swing-bearing-81na-01022gg-slewing-ring\/","title":{"rendered":"Lo\u017eisko v\u00fdkyvu 81NA-01022GG pre HYUNDAI R360LC-7"},"content":{"rendered":"<h2 style=\"text-align: center;\">Parametre v\u00fdkyvn\u00e9ho lo\u017eiska HYUNDAI<\/h2>\n<div class=\"bde-rich-text-243-405 bde-rich-text breakdance-rich-text-styles\">\n<figure class=\"wp-block-table\">\n<table>\n<tbody>\n<tr>\n<td>Model<\/td>\n<td>\u010c\u00edslo dielu<\/td>\n<td>Vonkaj\u0161\u00ed priemer<\/td>\n<td>Vn\u00fatorn\u00fd priemer<\/td>\n<td>Celkov\u00e1 v\u00fd\u0161ka<\/td>\n<td>Vonkaj\u0161ia v\u00fd\u0161ka<\/td>\n<td>Vn\u00fatorn\u00e1 v\u00fd\u0161ka<\/td>\n<td>Parametre vonkaj\u0161ieho otvoru<\/td>\n<td>Parametre vn\u00fatorn\u00e9ho otvoru<\/td>\n<td>Po\u010det zubov<\/td>\n<\/tr>\n<tr>\n<td>R140LC-7<\/td>\n<td>81N4-01020<\/td>\n<td>1196<\/td>\n<td>963<\/td>\n<td>90<\/td>\n<td>79<\/td>\n<td>80<\/td>\n<td>36-\u03c619<\/td>\n<td>36-M16*1.5<\/td>\n<td>98<\/td>\n<\/tr>\n<tr>\n<td>R210LC-3<\/td>\n<td>81EM-00020<\/td>\n<td>1202<\/td>\n<td>945<\/td>\n<td>84<\/td>\n<td>75<\/td>\n<td>70<\/td>\n<td>36<\/td>\n<td>36<\/td>\n<td>80<\/td>\n<\/tr>\n<tr>\n<td>R170W-7<\/td>\n<td>81EM-00021<\/td>\n<td>1202<\/td>\n<td>947<\/td>\n<td>83<\/td>\n<td>75<\/td>\n<td>70<\/td>\n<td>36-\u03c622<\/td>\n<td>36-M20*1.5<\/td>\n<td>80<\/td>\n<\/tr>\n<tr>\n<td>R180W-9S<\/td>\n<td>81EM-00021GG<\/td>\n<td>1202<\/td>\n<td>947<\/td>\n<td>83<\/td>\n<td>75<\/td>\n<td>70<\/td>\n<td>36-\u03c622<\/td>\n<td>36-M20*1.5<\/td>\n<td>80<\/td>\n<\/tr>\n<tr>\n<td>R200W-7<\/td>\n<td>81EM-00021GG<\/td>\n<td>1327<\/td>\n<td>1083<\/td>\n<td>110<\/td>\n<td>89<\/td>\n<td>94<\/td>\n<td>30-\u03c622<\/td>\n<td>36-M20<\/td>\n<td>92<\/td>\n<\/tr>\n<tr>\n<td>R210-7<\/td>\n<td>81N6-00023BG<\/td>\n<td>1327<\/td>\n<td>1084<\/td>\n<td>110<\/td>\n<td>89<\/td>\n<td>94<\/td>\n<td>30-\u03c622<\/td>\n<td>36-M20<\/td>\n<td>92<\/td>\n<\/tr>\n<tr>\n<td>R210LC-7<\/td>\n<td>81N6-01020<\/td>\n<td>1326<\/td>\n<td>1084<\/td>\n<td>110<\/td>\n<td>89<\/td>\n<td>94<\/td>\n<td>30-\u03c622<\/td>\n<td>36-M20<\/td>\n<td>92<\/td>\n<\/tr>\n<tr>\n<td>R210-7<\/td>\n<td>81N6-00022<\/td>\n<td>1326<\/td>\n<td>1084<\/td>\n<td>110<\/td>\n<td>89<\/td>\n<td>94<\/td>\n<td>30-\u03c622<\/td>\n<td>36-M20<\/td>\n<td>92<\/td>\n<\/tr>\n<tr>\n<td>R210-7<\/td>\n<td>81N6-00021<\/td>\n<td>1326<\/td>\n<td>1084<\/td>\n<td>110<\/td>\n<td>89<\/td>\n<td>94<\/td>\n<td>30-\u03c622<\/td>\n<td>36-M20<\/td>\n<td>92<\/td>\n<\/tr>\n<tr>\n<td>R210LC7<\/td>\n<td>31N 812020<\/td>\n<td>1326<\/td>\n<td>1084<\/td>\n<td>110<\/td>\n<td>89<\/td>\n<td>94<\/td>\n<td>30-\u03a622<\/td>\n<td>36-M20<\/td>\n<td>92<\/td>\n<\/tr>\n<tr>\n<td>R210W-9S<\/td>\n<td>81Q5-01020<\/td>\n<td>1327<\/td>\n<td>1083<\/td>\n<td>110<\/td>\n<td>89<\/td>\n<td>94<\/td>\n<td>30-\u03c622<\/td>\n<td>36-M20<\/td>\n<td>92<\/td>\n<\/tr>\n<tr>\n<td>R210W-9S<\/td>\n<td>81Q5-01021<\/td>\n<td>1327<\/td>\n<td>1083<\/td>\n<td>110<\/td>\n<td>89<\/td>\n<td>94<\/td>\n<td>30-\u03c622<\/td>\n<td>36-M20<\/td>\n<td>92<\/td>\n<\/tr>\n<tr>\n<td>R220LC-9S<\/td>\n<td>81Q6-00020<\/td>\n<td>1326<\/td>\n<td>1084<\/td>\n<td>110<\/td>\n<td>89<\/td>\n<td>94<\/td>\n<td>30-\u03c622<\/td>\n<td>36-M20<\/td>\n<td>92<\/td>\n<\/tr>\n<tr>\n<td>R220LC-9S<\/td>\n<td>81Q6-01020<\/td>\n<td>1326<\/td>\n<td>1084<\/td>\n<td>110<\/td>\n<td>89<\/td>\n<td>94<\/td>\n<td>30-\u03c622<\/td>\n<td>36-M20<\/td>\n<td>92<\/td>\n<\/tr>\n<tr>\n<td>R220LC-9S<\/td>\n<td>81Q6-01021<\/td>\n<td>1326<\/td>\n<td>1084<\/td>\n<td>110<\/td>\n<td>89<\/td>\n<td>94<\/td>\n<td>30-\u03c622<\/td>\n<td>36-M20<\/td>\n<td>92<\/td>\n<\/tr>\n<tr>\n<td>R220LC-9S<\/td>\n<td>81Q6-00021<\/td>\n<td>1326<\/td>\n<td>1084<\/td>\n<td>110<\/td>\n<td>89<\/td>\n<td>94<\/td>\n<td>30-\u03c622<\/td>\n<td>36-M20<\/td>\n<td>92<\/td>\n<\/tr>\n<tr>\n<td>R250LC-7<\/td>\n<td>81EN-00052<\/td>\n<td>1410<\/td>\n<td>1131<\/td>\n<td>120<\/td>\n<td>88<\/td>\n<td>110<\/td>\n<td>34-\u03c623<\/td>\n<td>36-M20<\/td>\n<td>82<\/td>\n<\/tr>\n<tr>\n<td>290LC-7<\/td>\n<td>81N8-0003<\/td>\n<td>1526<\/td>\n<td>1235<\/td>\n<td>123<\/td>\n<td>97<\/td>\n<td>110<\/td>\n<td>38-\u03c626<\/td>\n<td>40-M24<\/td>\n<td>90<\/td>\n<\/tr>\n<tr>\n<td>R290<\/td>\n<td>81N8-00021<\/td>\n<td>1526<\/td>\n<td>1235<\/td>\n<td>122<\/td>\n<td>87<\/td>\n<td>110<\/td>\n<td>37-\u042426<\/td>\n<td>40-M24<\/td>\n<td>90<\/td>\n<\/tr>\n<tr>\n<td>R290<\/td>\n<td>81N8-00022<\/td>\n<td>1526<\/td>\n<td>1235<\/td>\n<td>122<\/td>\n<td>87<\/td>\n<td>110<\/td>\n<td>37-\u042426<\/td>\n<td>40-M24<\/td>\n<td>90<\/td>\n<\/tr>\n<tr>\n<td>R290LC 7A<\/td>\n<td>4921797<\/td>\n<td>1526<\/td>\n<td>1235<\/td>\n<td>123<\/td>\n<td>97<\/td>\n<td>110<\/td>\n<td>38-\u03c626<\/td>\n<td>40-M24<\/td>\n<td>90<\/td>\n<\/tr>\n<tr>\n<td>R290LC-7<\/td>\n<td>81N8-00023<\/td>\n<td>1526<\/td>\n<td>1235<\/td>\n<td>123<\/td>\n<td>97<\/td>\n<td>110<\/td>\n<td>38-\u03c626<\/td>\n<td>40-M24<\/td>\n<td>90<\/td>\n<\/tr>\n<tr>\n<td>R290LC-7A<\/td>\n<td>81N8-00024GG<\/td>\n<td>1526<\/td>\n<td>1235<\/td>\n<td>122<\/td>\n<td>97<\/td>\n<td>110<\/td>\n<td>38-\u03c626<\/td>\n<td>40-M24<\/td>\n<td>90<\/td>\n<\/tr>\n<tr>\n<td>R320-7<\/td>\n<td>81N9-01020<\/td>\n<td>1526<\/td>\n<td>1235<\/td>\n<td>122<\/td>\n<td>97<\/td>\n<td>110<\/td>\n<td>38-\u042426<\/td>\n<td>40-M24<\/td>\n<td>90<\/td>\n<\/tr>\n<tr>\n<td>R320LC-7<\/td>\n<td>81N9-01021<\/td>\n<td>1526<\/td>\n<td>1235<\/td>\n<td>122<\/td>\n<td>97<\/td>\n<td>110<\/td>\n<td>38-\u042426<\/td>\n<td>40-M24<\/td>\n<td>90<\/td>\n<\/tr>\n<tr>\n<td>R320LC-7<\/td>\n<td>81N9-01022<\/td>\n<td>1526<\/td>\n<td>1235<\/td>\n<td>122<\/td>\n<td>97<\/td>\n<td>110<\/td>\n<td>38-\u042426<\/td>\n<td>40-M24<\/td>\n<td>90<\/td>\n<\/tr>\n<tr>\n<td>R320LC-7<\/td>\n<td>81n9-01022 BG<\/td>\n<td>1526<\/td>\n<td>1235<\/td>\n<td>122<\/td>\n<td>97<\/td>\n<td>110<\/td>\n<td>38-\u042426<\/td>\n<td>40-M24<\/td>\n<td>90<\/td>\n<\/tr>\n<tr>\n<td>R320LC-7<\/td>\n<td>81N9-00021<\/td>\n<td>1526<\/td>\n<td>1235<\/td>\n<td>122<\/td>\n<td>97<\/td>\n<td>110<\/td>\n<td>38<\/td>\n<td>40<\/td>\n<td>90<\/td>\n<\/tr>\n<tr>\n<td>R360LC-7<\/td>\n<td>81NA-01020<\/td>\n<td>1550<\/td>\n<td>1250<\/td>\n<td><\/td>\n<td>108<\/td>\n<td>140<\/td>\n<td>35<\/td>\n<td>40<\/td>\n<td>106<\/td>\n<\/tr>\n<tr>\n<td>R360LC-7<\/td>\n<td>81NA-01022GG<\/td>\n<td>1550<\/td>\n<td>1250<\/td>\n<td>152<\/td>\n<td>108<\/td>\n<td>140<\/td>\n<td>35<\/td>\n<td>40<\/td>\n<td>106<\/td>\n<\/tr>\n<tr>\n<td>R360LC-7A<\/td>\n<td>81NA-01021BG<\/td>\n<td>1550<\/td>\n<td>1250<\/td>\n<td>152<\/td>\n<td>108<\/td>\n<td>140<\/td>\n<td>35<\/td>\n<td>40<\/td>\n<td>106<\/td>\n<\/tr>\n<\/tbody>\n<\/table>\n<\/figure>\n<\/div>\n<h3>\u00davod do v\u00fdkyvn\u00fdch lo\u017e\u00edsk r\u00fdpadiel<\/h3>\n<p>V oblasti \u0165a\u017ek\u00fdch strojov s\u00fa r\u00fdpadl\u00e1 nepostr\u00e1date\u013en\u00fdmi n\u00e1strojmi na \u0161irok\u00fa \u0161k\u00e1lu stavebn\u00fdch a v\u00fdkopov\u00fdch pr\u00e1c. Medzi kritick\u00e9 komponenty, ktor\u00e9 prispievaj\u00fa k ich v\u00fdnimo\u010dn\u00e9mu v\u00fdkonu, patr\u00ed v\u00fdkyvn\u00e9 lo\u017eisko. Tento d\u00f4le\u017eit\u00fd komponent zohr\u00e1va k\u013e\u00fa\u010dov\u00fa \u00falohu pri zabezpe\u010dovan\u00ed hladk\u00e9ho a efekt\u00edvneho ot\u00e1\u010dania hornej kon\u0161trukcie r\u00fdpadla.<\/p>\n<p>V\u00fdkyvn\u00e9 lo\u017eisko je ve\u013ek\u00e9 kruhov\u00e9 lo\u017eisko, ktor\u00e9 sa nach\u00e1dza na z\u00e1kladni hornej kon\u0161trukcie r\u00fdpadla. Poskytuje povrch s n\u00edzkym tren\u00edm, ktor\u00fd umo\u017e\u0148uje vo\u013en\u00e9 ot\u00e1\u010danie hornej kon\u0161trukcie na spodnej kon\u0161trukcii. Toto ot\u00e1\u010danie je nevyhnutn\u00e9 na to, aby r\u00fdpadlo mohlo vykon\u00e1va\u0165 svoje z\u00e1kladn\u00e9 funkcie, ako je kopanie, v\u00fdkopov\u00e9 pr\u00e1ce a manipul\u00e1cia s materi\u00e1lom.<\/p>\n<p>Kon\u0161trukcia v\u00fdkyvn\u00e9ho lo\u017eiska je rozhoduj\u00faca pre celkov\u00fd v\u00fdkon r\u00fdpadla. Mus\u00ed by\u0165 schopn\u00e9 odola\u0165 obrovsk\u00fdm za\u0165a\u017eeniam a sil\u00e1m, ktor\u00e9 vznikaj\u00fa po\u010das prev\u00e1dzky. Tieto za\u0165a\u017eenia zah\u0155\u0148aj\u00fa hmotnos\u0165 hornej kon\u0161trukcie, kopacie sily a zotrva\u010dn\u00e9 sily, ktor\u00e9 vznikaj\u00fa po\u010das zr\u00fdch\u013eovania a spoma\u013eovania.<\/p>\n<p>Na splnenie t\u00fdchto po\u017eiadaviek s\u00fa v\u00fdkyvn\u00e9 lo\u017eisk\u00e1 zvy\u010dajne vyroben\u00e9 z vysokopevnostn\u00fdch materi\u00e1lov, ako je kovan\u00e1 oce\u013e alebo liatina. S\u00fa tie\u017e vybaven\u00e9 viacer\u00fdmi radmi valiv\u00fdch telies, ktor\u00e9 rozkladaj\u00fa za\u0165a\u017eenie a zni\u017euj\u00fa trenie. Valiv\u00e9 prvky s\u00fa zvy\u010dajne vyroben\u00e9 z tvrdenej ocele alebo keramick\u00fdch materi\u00e1lov, aby sa zabezpe\u010dila odolnos\u0165 a dlh\u00e1 \u017eivotnos\u0165.<\/p>\n<p>Spr\u00e1vna \u00fadr\u017eba v\u00fdkyvn\u00fdch lo\u017e\u00edsk je nevyhnutn\u00e1 na zabezpe\u010denie optim\u00e1lneho v\u00fdkonu a dlhej \u017eivotnosti r\u00fdpadla. Pravideln\u00e9 mazanie je nevyhnutn\u00e9 na zabr\u00e1nenie opotrebovaniu a pred\u013a\u017eenie \u017eivotnosti lo\u017eiska. Okrem toho by sa mali vykon\u00e1va\u0165 pravideln\u00e9 kontroly s cie\u013eom identifikova\u0165 ak\u00e9ko\u013evek zn\u00e1mky po\u0161kodenia alebo nadmern\u00e9ho opotrebovania.<\/p>\n<p>Pri v\u00fdbere v\u00fdkyvn\u00e9ho lo\u017eiska pre r\u00fdpadlo je d\u00f4le\u017eit\u00e9 zoh\u013eadni\u0165 \u0161pecifick\u00e9 po\u017eiadavky na aplik\u00e1ciu. Do \u00favahy by sa mali bra\u0165 faktory, ako je ve\u013ekos\u0165, hmotnos\u0165 a zam\u00fd\u0161\u013ean\u00e9 pou\u017eitie r\u00fdpadla. Odpor\u00fa\u010da sa tie\u017e konzultova\u0165 s v\u00fdrobcom r\u00fdpadla alebo kvalifikovan\u00fdm dod\u00e1vate\u013eom lo\u017e\u00edsk, aby sa zabezpe\u010dil spr\u00e1vny v\u00fdber a in\u0161tal\u00e1cia lo\u017eiska.<\/p>\n<p>Z\u00e1verom mo\u017eno kon\u0161tatova\u0165, \u017ee v\u00fdkyvn\u00e9 lo\u017eisko je d\u00f4le\u017eit\u00fdm komponentom, ktor\u00fd zohr\u00e1va z\u00e1sadn\u00fa \u00falohu pri v\u00fdkone a \u00fa\u010dinnosti r\u00fdpadiel. Pochopen\u00edm kon\u0161trukcie, funkcie a po\u017eiadaviek na \u00fadr\u017ebu v\u00fdkyvn\u00fdch lo\u017e\u00edsk m\u00f4\u017eu prev\u00e1dzkovatelia a pracovn\u00edci \u00fadr\u017eby zabezpe\u010di\u0165, aby ich r\u00fdpadl\u00e1 fungovali pri maxim\u00e1lnom v\u00fdkone po\u010das nasleduj\u00facich rokov.<\/p>\n<h4><a href=\"https:\/\/swingbearing.net\/sk\/swing-bearing\/\">Lo\u017eisko Hyundai Swing<\/a><\/h4>\n<p>Hyundai je zn\u00e1ma zna\u010dka v odvetv\u00ed stavebn\u00fdch strojov, ktor\u00e1 poskytuje kvalitn\u00e9 stroje a n\u00e1hradn\u00e9 diely pre r\u00fdpadl\u00e1. V\u00fdrobok Hyundai pre v\u00fdkyvn\u00e9 lo\u017eisk\u00e1 r\u00fdpadiel je navrhnut\u00fd tak, aby poskytoval trvanlivos\u0165, presnos\u0165 a v\u00fdkon, \u010do z neho rob\u00ed ide\u00e1lnu vo\u013ebu pre majite\u013eov a prev\u00e1dzkovate\u013eov r\u00fdpadiel.<\/p>\n<p>Kyvn\u00e9 lo\u017eisko r\u00fdpadla od spolo\u010dnosti Hyundai je k dispoz\u00edcii pre \u0161irok\u00fa \u0161k\u00e1lu modelov r\u00fdpadiel vr\u00e1tane modelov R55, R60, R80, R130LC-3-5, R150, R190, R200, R200-5, R210, R215-7\/9, R220, R225LC-7\/9, R245, R260, R265, R290, R290LC-7, R300LC, R305LC, R330LC, R340, R375, R360LC-7, R390, R450LC, R470, R485, R500, R55-5, R60-5, R55-7, R60-7, R70-7, R80, R110LC-7, R130-5, R130-7, R140LC-7, R150LC-7, R150LC-9, R200W-7, R200, R200-3, R200-5, R210-3, R210-5, R210-5D, R220-3, R220-5, R210-7, R210-9, R215-7, R225-7, R220-9, R225-9, R260-7, R265-7, R290-3, R300-5, R290-7, R305-7, R305-9, R320-7, R300, R350, R400, R450, R480 a R550.<\/p>","protected":false},"excerpt":{"rendered":"<p><strong><b>\u010cas\u0165<\/b><\/strong> #: 81NA-01022GG<br \/>\n<strong><b>Urobte<\/b><\/strong>: HYUNDAI<br \/>\n<strong><b>Model<\/b><\/strong>:R360LC-7<br \/>\n<strong><b>Stav<\/b><\/strong>: Nov\u00fd<\/p>","protected":false},"featured_media":3038,"template":"","meta":[],"product_brand":[],"product_cat":[66,22],"product_tag":[],"class_list":{"0":"post-3389","1":"product","2":"type-product","3":"status-publish","4":"has-post-thumbnail","6":"product_cat-hyundai-excavator-swing-bearing","7":"product_cat-swing-bearing","9":"first","10":"instock","11":"shipping-taxable","12":"product-type-simple"},"_links":{"self":[{"href":"https:\/\/swingbearing.net\/sk\/wp-json\/wp\/v2\/product\/3389","targetHints":{"allow":["GET"]}}],"collection":[{"href":"https:\/\/swingbearing.net\/sk\/wp-json\/wp\/v2\/product"}],"about":[{"href":"https:\/\/swingbearing.net\/sk\/wp-json\/wp\/v2\/types\/product"}],"wp:featuredmedia":[{"embeddable":true,"href":"https:\/\/swingbearing.net\/sk\/wp-json\/wp\/v2\/media\/3038"}],"wp:attachment":[{"href":"https:\/\/swingbearing.net\/sk\/wp-json\/wp\/v2\/media?parent=3389"}],"wp:term":[{"taxonomy":"product_brand","embeddable":true,"href":"https:\/\/swingbearing.net\/sk\/wp-json\/wp\/v2\/product_brand?post=3389"},{"taxonomy":"product_cat","embeddable":true,"href":"https:\/\/swingbearing.net\/sk\/wp-json\/wp\/v2\/product_cat?post=3389"},{"taxonomy":"product_tag","embeddable":true,"href":"https:\/\/swingbearing.net\/sk\/wp-json\/wp\/v2\/product_tag?post=3389"}],"curies":[{"name":"wp","href":"https:\/\/api.w.org\/{rel}","templated":true}]}}