{"id":2961,"date":"2024-05-11T02:26:18","date_gmt":"2024-05-11T02:26:18","guid":{"rendered":"https:\/\/swingbearing.net\/?post_type=product&#038;p=2961"},"modified":"2024-05-14T01:31:44","modified_gmt":"2024-05-14T01:31:44","slug":"swing-bearing-cat","status":"publish","type":"product","link":"https:\/\/swingbearing.net\/sk\/product\/swing-bearing-cat\/","title":{"rendered":"Lo\u017eisko CAT Swing"},"content":{"rendered":"<h2 style=\"text-align: center;\">Parametre lo\u017eiska CAT Swing<\/h2>\n<figure class=\"wp-block-table\">\n<table>\n<tbody>\n<tr>\n<td>Model<\/td>\n<td>\u010c\u00edslo dielu<\/td>\n<td>Vonkaj\u0161\u00ed priemer<\/td>\n<td>Vn\u00fatorn\u00fd priemer<\/td>\n<td>Celkov\u00e1 v\u00fd\u0161ka<\/td>\n<td>Vonkaj\u0161ia v\u00fd\u0161ka<\/td>\n<td>Vn\u00fatorn\u00e1 v\u00fd\u0161ka<\/td>\n<td>Parametre vonkaj\u0161ieho otvoru<\/td>\n<td>Parametre vn\u00fatorn\u00e9ho otvoru<\/td>\n<td>Po\u010det zubov<\/td>\n<\/tr>\n<tr>\n<td>CAT 307C<\/td>\n<td>240-8361<\/td>\n<td>810<\/td>\n<td>568<\/td>\n<td>82<\/td>\n<td>62<\/td>\n<td>62<\/td>\n<td>29<\/td>\n<td>38<\/td>\n<td>75<\/td>\n<\/tr>\n<tr>\n<td>CAT312CL<\/td>\n<td>229-1077<\/td>\n<td>1093<\/td>\n<td>883<\/td>\n<td>72.5<\/td>\n<td>50<\/td>\n<td>62<\/td>\n<td>34-\u03c618<\/td>\n<td>38-M16<\/td>\n<td>90<\/td>\n<\/tr>\n<tr>\n<td>CAT 311<\/td>\n<td>231-6853<\/td>\n<td>1115<\/td>\n<td>883<\/td>\n<td>75<\/td>\n<td>60<\/td>\n<td>67<\/td>\n<td>29-\u03c618<\/td>\n<td>30-M16<\/td>\n<td>90<\/td>\n<\/tr>\n<tr>\n<td>CAT 312B<\/td>\n<td>616411<\/td>\n<td>1115<\/td>\n<td>883<\/td>\n<td>75<\/td>\n<td>60<\/td>\n<td>67<\/td>\n<td>29-\u03c618<\/td>\n<td>30-M16<\/td>\n<td>90<\/td>\n<\/tr>\n<tr>\n<td>CAT312CL<\/td>\n<td>229-1077<\/td>\n<td>1093<\/td>\n<td>883<\/td>\n<td>72.5<\/td>\n<td>50<\/td>\n<td>62<\/td>\n<td>34-\u03c618<\/td>\n<td>38-M16<\/td>\n<td>90<\/td>\n<\/tr>\n<tr>\n<td>CAT 312C<\/td>\n<td>229-1077<\/td>\n<td>1093<\/td>\n<td>883<\/td>\n<td>72.5<\/td>\n<td>50<\/td>\n<td>62<\/td>\n<td>34-\u03c618<\/td>\n<td>38-M16<\/td>\n<td>90<\/td>\n<\/tr>\n<tr>\n<td>CAT 315<\/td>\n<td>148-4568<\/td>\n<td>1205<\/td>\n<td>961<\/td>\n<td>94<\/td>\n<td>74<\/td>\n<td>84<\/td>\n<td>34<\/td>\n<td>30<\/td>\n<td>98<\/td>\n<\/tr>\n<tr>\n<td>CAT 318B<\/td>\n<td>148-4568<\/td>\n<td>1205<\/td>\n<td>961<\/td>\n<td>94<\/td>\n<td>74<\/td>\n<td>84<\/td>\n<td>34<\/td>\n<td>30<\/td>\n<td>98<\/td>\n<\/tr>\n<tr>\n<td>CAT 315C<\/td>\n<td>229-1080<\/td>\n<td>1205<\/td>\n<td>961<\/td>\n<td>94<\/td>\n<td>74<\/td>\n<td>84<\/td>\n<td>34-\u03c622<\/td>\n<td>36-M20<\/td>\n<td>98<\/td>\n<\/tr>\n<tr>\n<td>CAT 319C<\/td>\n<td>227-6079<\/td>\n<td>1310<\/td>\n<td>1065<\/td>\n<td>106<\/td>\n<td>84<\/td>\n<td>88<\/td>\n<td>36<\/td>\n<td>36\/M20<\/td>\n<td>90<\/td>\n<\/tr>\n<tr>\n<td>CAT320B<\/td>\n<td>1141414<\/td>\n<td>1314<\/td>\n<td>1084<\/td>\n<td>100<\/td>\n<td>85<\/td>\n<td>87<\/td>\n<td>33-\u042422<\/td>\n<td>36-M20<\/td>\n<td>110<\/td>\n<\/tr>\n<tr>\n<td>CAT320BL<\/td>\n<td>121-8222<\/td>\n<td>1314<\/td>\n<td>1084<\/td>\n<td>100<\/td>\n<td>85<\/td>\n<td>87<\/td>\n<td>33-\u042422<\/td>\n<td>36-M20<\/td>\n<td>110<\/td>\n<\/tr>\n<tr>\n<td>CAT 320<\/td>\n<td>7Y1565<\/td>\n<td>1314<\/td>\n<td>1084<\/td>\n<td>100<\/td>\n<td>85<\/td>\n<td>87<\/td>\n<td>33-\u03c622<\/td>\n<td>36-M20<\/td>\n<td>110<\/td>\n<\/tr>\n<tr>\n<td>CAT 320B<\/td>\n<td>114-1505<\/td>\n<td>1314<\/td>\n<td>1084<\/td>\n<td>100<\/td>\n<td>85<\/td>\n<td>87<\/td>\n<td>33-\u042422<\/td>\n<td>36-M20<\/td>\n<td>110<\/td>\n<\/tr>\n<tr>\n<td>CAT320BL<\/td>\n<td>177-7723<\/td>\n<td>1314<\/td>\n<td>1084<\/td>\n<td>100<\/td>\n<td>85<\/td>\n<td>87<\/td>\n<td>33-\u042422<\/td>\n<td>36-M20<\/td>\n<td>110<\/td>\n<\/tr>\n<tr>\n<td>CAT 320C<\/td>\n<td>227-6081<\/td>\n<td>1316<\/td>\n<td>1081<\/td>\n<td>105<\/td>\n<td>73<\/td>\n<td>93<\/td>\n<td>42-\u03c622<\/td>\n<td>40-M20<\/td>\n<td>110<\/td>\n<\/tr>\n<tr>\n<td>CAT 320C<\/td>\n<td>227-6147<\/td>\n<td>1316<\/td>\n<td>1081<\/td>\n<td>105<\/td>\n<td>73<\/td>\n<td>93<\/td>\n<td>42-\u03c622<\/td>\n<td>40-M20<\/td>\n<td>110<\/td>\n<\/tr>\n<tr>\n<td>CAT 320C<\/td>\n<td>171-9425<\/td>\n<td>1316<\/td>\n<td>1081<\/td>\n<td>105<\/td>\n<td>73<\/td>\n<td>93<\/td>\n<td>42-\u03c622<\/td>\n<td>40-M20<\/td>\n<td>110<\/td>\n<\/tr>\n<tr>\n<td>CAT 320D<\/td>\n<td>227-6082<\/td>\n<td>1316<\/td>\n<td>1081<\/td>\n<td>105<\/td>\n<td>73<\/td>\n<td>93<\/td>\n<td>42-\u03c622<\/td>\n<td>40-M20<\/td>\n<td>110<\/td>\n<\/tr>\n<tr>\n<td>CAT 320L<\/td>\n<td>7Y1563<\/td>\n<td>1316<\/td>\n<td>1084<\/td>\n<td>105<\/td>\n<td>85<\/td>\n<td>92<\/td>\n<td>38-\u03c622<\/td>\n<td>36-M20<\/td>\n<td>110<\/td>\n<\/tr>\n<tr>\n<td>CAT 320L<\/td>\n<td>7Y1563<\/td>\n<td>1318<\/td>\n<td>1084<\/td>\n<td>105<\/td>\n<td>86<\/td>\n<td>90<\/td>\n<td>38-\u03c622<\/td>\n<td>36-M20<\/td>\n<td>110<\/td>\n<\/tr>\n<tr>\n<td>CAT 225<\/td>\n<td>8K4127<\/td>\n<td>1451<\/td>\n<td>1038<\/td>\n<td>105<\/td>\n<td>92<\/td>\n<td>90<\/td>\n<td>29-\u03c624<\/td>\n<td>36-\u03c624<\/td>\n<td>104<\/td>\n<\/tr>\n<tr>\n<td>CAT 322C<\/td>\n<td>221-6764<\/td>\n<td>1460<\/td>\n<td>1163<\/td>\n<td>110<\/td>\n<td>88<\/td>\n<td>95<\/td>\n<td>34-\u042426<\/td>\n<td>36-M24<\/td>\n<td>85<\/td>\n<\/tr>\n<tr>\n<td>CAT 324D<\/td>\n<td>227-6085<\/td>\n<td>1460<\/td>\n<td>1164<\/td>\n<td>110<\/td>\n<td>88<\/td>\n<td>95<\/td>\n<td>34-\u042426<\/td>\n<td>36-M24<\/td>\n<td>85<\/td>\n<\/tr>\n<tr>\n<td>CAT 325<\/td>\n<td>7Y0745<\/td>\n<td>1495<\/td>\n<td>1164<\/td>\n<td>110<\/td>\n<td>93<\/td>\n<td>95<\/td>\n<td>35<\/td>\n<td>38<\/td>\n<td>85<\/td>\n<\/tr>\n<tr>\n<td>CAT 325C<\/td>\n<td>227-6087<\/td>\n<td>1495<\/td>\n<td>1164<\/td>\n<td>110<\/td>\n<td>93<\/td>\n<td>95<\/td>\n<td>38-\u03c626<\/td>\n<td>42<\/td>\n<td>85<\/td>\n<\/tr>\n<tr>\n<td>CAT 326<\/td>\n<td>353-0649<\/td>\n<td>1462<\/td>\n<td>1164<\/td>\n<td>110<\/td>\n<td>89<\/td>\n<td>95<\/td>\n<td>34-\u03c626<\/td>\n<td>36-M24<\/td>\n<td>85<\/td>\n<\/tr>\n<tr>\n<td>CAT 329D<\/td>\n<td>227-6087<\/td>\n<td>1495<\/td>\n<td>1164<\/td>\n<td>110<\/td>\n<td>93<\/td>\n<td>95<\/td>\n<td>38-\u042426<\/td>\n<td>42-M24<\/td>\n<td>85<\/td>\n<\/tr>\n<tr>\n<td>CAT 330<\/td>\n<td>7Y0933<\/td>\n<td>1664<\/td>\n<td>1313.5<\/td>\n<td>140<\/td>\n<td>100<\/td>\n<td>124<\/td>\n<td>42-\u03c626<\/td>\n<td>46-M24<\/td>\n<td><\/td>\n<\/tr>\n<tr>\n<td>CAT 330<\/td>\n<td>1994559<\/td>\n<td>1664<\/td>\n<td>1313.5<\/td>\n<td>141<\/td>\n<td>100<\/td>\n<td>124<\/td>\n<td>42-\u03c626<\/td>\n<td>46-M24<\/td>\n<td>84<\/td>\n<\/tr>\n<tr>\n<td>CAT 330<\/td>\n<td>353-0487<\/td>\n<td>1664<\/td>\n<td>1313.5<\/td>\n<td>140<\/td>\n<td>100<\/td>\n<td>124<\/td>\n<td>46-\u03c626<\/td>\n<td>46-M24<\/td>\n<td>84<\/td>\n<\/tr>\n<tr>\n<td>CAT 336D<\/td>\n<td>353-0489<\/td>\n<td>1665<\/td>\n<td>1313<\/td>\n<td>140<\/td>\n<td>100<\/td>\n<td>122<\/td>\n<td>42<\/td>\n<td>46<\/td>\n<td>84<\/td>\n<\/tr>\n<tr>\n<td>CAT336DL<\/td>\n<td>227-6089<\/td>\n<td>1665<\/td>\n<td>1314<\/td>\n<td>140<\/td>\n<td>100<\/td>\n<td>125<\/td>\n<td>42<\/td>\n<td>46<\/td>\n<td>84<\/td>\n<\/tr>\n<tr>\n<td>CAT336DL<\/td>\n<td>353-0680<\/td>\n<td>1664<\/td>\n<td>1313.5<\/td>\n<td>139<\/td>\n<td>100<\/td>\n<td>124<\/td>\n<td>46-\u03c626<\/td>\n<td>46-M24<\/td>\n<td>84<\/td>\n<\/tr>\n<tr>\n<td>CAT 336D<\/td>\n<td>353-0490<\/td>\n<td>1665<\/td>\n<td>1313<\/td>\n<td>140<\/td>\n<td>100<\/td>\n<td>122<\/td>\n<td>42<\/td>\n<td>46<\/td>\n<td>84<\/td>\n<\/tr>\n<tr>\n<td>CAT 345<\/td>\n<td>227-6052<\/td>\n<td>1680<\/td>\n<td>1318<\/td>\n<td>140<\/td>\n<td>107<\/td>\n<td>126<\/td>\n<td>54-\u03c626<\/td>\n<td>70-M24<\/td>\n<td>96<\/td>\n<\/tr>\n<tr>\n<td>CAT 345B<\/td>\n<td>136-2969<\/td>\n<td>1680<\/td>\n<td>1343<\/td>\n<td>140<\/td>\n<td>107<\/td>\n<td>126<\/td>\n<td>45-\u042426<\/td>\n<td>60-M24<\/td>\n<td>136<\/td>\n<\/tr>\n<tr>\n<td>CAT345BII<\/td>\n<td>227-6094<\/td>\n<td>1680<\/td>\n<td>1318<\/td>\n<td>140<\/td>\n<td>108<\/td>\n<td>125<\/td>\n<td>54-\u042426<\/td>\n<td>70-M24<\/td>\n<td>96<\/td>\n<\/tr>\n<tr>\n<td>CAT345BL<\/td>\n<td>1695536\/1695537<\/td>\n<td>1680<\/td>\n<td>1343<\/td>\n<td>140<\/td>\n<td>107<\/td>\n<td>125<\/td>\n<td>45-\u042426<\/td>\n<td>60-M24<\/td>\n<td>136<\/td>\n<\/tr>\n<tr>\n<td>CAT345DL<\/td>\n<td>227-6037<\/td>\n<td>1680<\/td>\n<td>1318<\/td>\n<td>140<\/td>\n<td>107<\/td>\n<td>125<\/td>\n<td>54-\u042426<\/td>\n<td>70-M24<\/td>\n<td>96<\/td>\n<\/tr>\n<tr>\n<td>CAT 349D<\/td>\n<td>353-0490<\/td>\n<td>1666<\/td>\n<td>1315<\/td>\n<td>140<\/td>\n<td>100<\/td>\n<td>123<\/td>\n<td>46<\/td>\n<td>46<\/td>\n<td>84<\/td>\n<\/tr>\n<tr>\n<td>CAT 350<\/td>\n<td>1026392<\/td>\n<td>1680<\/td>\n<td>1343<\/td>\n<td>140<\/td>\n<td>107<\/td>\n<td>126<\/td>\n<td>45-\u03c626<\/td>\n<td>60-M24<\/td>\n<td>136<\/td>\n<\/tr>\n<tr>\n<td>CAT 365C<\/td>\n<td>199-4565<\/td>\n<td>1810<\/td>\n<td>1348<\/td>\n<td>180<\/td>\n<td>140<\/td>\n<td>152<\/td>\n<td>37<\/td>\n<td>60<\/td>\n<td>98<\/td>\n<\/tr>\n<tr>\n<td>CAT 365C<\/td>\n<td>227-6096<\/td>\n<td>1805<\/td>\n<td>1348<\/td>\n<td>180<\/td>\n<td>138<\/td>\n<td>150<\/td>\n<td>37<\/td>\n<td>60<\/td>\n<td>98<\/td>\n<\/tr>\n<tr>\n<td>CAT 365C<\/td>\n<td>227-6097<\/td>\n<td>1805<\/td>\n<td>1348<\/td>\n<td>180<\/td>\n<td>138<\/td>\n<td>150<\/td>\n<td>37<\/td>\n<td>60<\/td>\n<td>98<\/td>\n<\/tr>\n<tr>\n<td>CAT365CL<\/td>\n<td>397-9666<\/td>\n<td>1805<\/td>\n<td>1348<\/td>\n<td>180<\/td>\n<td>138<\/td>\n<td>150<\/td>\n<td>37<\/td>\n<td>60<\/td>\n<td>98<\/td>\n<\/tr>\n<tr>\n<td>CAT374F<\/td>\n<td>378-9586<\/td>\n<td>1820<\/td>\n<td>1348<\/td>\n<td>180<\/td>\n<td>140<\/td>\n<td>150<\/td>\n<td>37<\/td>\n<td>60<\/td>\n<td>98<\/td>\n<\/tr>\n<tr>\n<td>CAT374<\/td>\n<td>333-3009<\/td>\n<td>1820<\/td>\n<td>1348<\/td>\n<td>180<\/td>\n<td>136<\/td>\n<td>150<\/td>\n<td>37<\/td>\n<td>60<\/td>\n<td>98<\/td>\n<\/tr>\n<tr>\n<td>CAT374<\/td>\n<td>367-8361<\/td>\n<td>1820<\/td>\n<td>1348<\/td>\n<td>180<\/td>\n<td>136<\/td>\n<td>150<\/td>\n<td>37<\/td>\n<td>60<\/td>\n<td>98<\/td>\n<\/tr>\n<tr>\n<td>CAT 385C<\/td>\n<td>199-4491<\/td>\n<td>1820<\/td>\n<td>1348<\/td>\n<td>180<\/td>\n<td>146<\/td>\n<td>150<\/td>\n<td>37<\/td>\n<td>60<\/td>\n<td>98<\/td>\n<\/tr>\n<tr>\n<td>CAT 385C<\/td>\n<td>227-6099<\/td>\n<td>1820<\/td>\n<td>1348<\/td>\n<td>180<\/td>\n<td>146<\/td>\n<td>150<\/td>\n<td>37<\/td>\n<td>60<\/td>\n<td>98<\/td>\n<\/tr>\n<tr>\n<td>CAT385BL<\/td>\n<td>227-6098<\/td>\n<td>1820<\/td>\n<td>1348<\/td>\n<td>180<\/td>\n<td>138<\/td>\n<td>150<\/td>\n<td>37<\/td>\n<td>60<\/td>\n<td>98<\/td>\n<\/tr>\n<tr>\n<td>CAT385CL<\/td>\n<td>227-6099<\/td>\n<td>1950<\/td>\n<td>1456<\/td>\n<td>217<\/td>\n<td>170<\/td>\n<td>180<\/td>\n<td>48<\/td>\n<td>74<\/td>\n<td>93<\/td>\n<\/tr>\n<tr>\n<td>CAT 390D<\/td>\n<td>227-6099<\/td>\n<td>1950<\/td>\n<td>1456<\/td>\n<td>217<\/td>\n<td>170<\/td>\n<td>180<\/td>\n<td>48<\/td>\n<td>74<\/td>\n<td>93<\/td>\n<\/tr>\n<tr>\n<td>CAT 140<\/td>\n<td>2436650<\/td>\n<td>1113<\/td>\n<td>871<\/td>\n<td>96<\/td>\n<td>75<\/td>\n<td>85<\/td>\n<td>31<\/td>\n<td>30<\/td>\n<td>89<\/td>\n<\/tr>\n<\/tbody>\n<\/table>\n<\/figure>\n<h2><strong>\u00daloha klzn\u00e9ho lo\u017eiska r\u00fdpadla<\/strong><\/h2>\n<h4><strong>Pochopenie \u017eivotne d\u00f4le\u017eit\u00fdch funkci\u00ed klzn\u00fdch lo\u017e\u00edsk r\u00fdpadiel<\/strong><\/h4>\n<p>The excavator slewing bearing is a pivotal component facilitating the full rotation of the upper structure of the excavator, enabling seamless operation across its entire work area. This critical bearing efficiently manages substantial stress and load, including axial, radial, and overturning forces, ensuring the excavator\u2019s functionality and maneuverability.<\/p>\n<h4><strong>Rozpoznanie pr\u00edznakov opotrebovania: Indik\u00e1tory degrad\u00e1cie klzn\u00fdch lo\u017e\u00edsk r\u00fdpadiel<\/strong><\/h4>\n<p>Identifik\u00e1cia pr\u00edznakov zhor\u0161enia stavu v\u00fdkyvn\u00fdch lo\u017e\u00edsk r\u00fdpadiel je rozhoduj\u00faca pre prevent\u00edvnu \u00fadr\u017ebu a v\u00fdmenu. Potenci\u00e1lne probl\u00e9my signalizuje nieko\u013eko k\u013e\u00fa\u010dov\u00fdch ukazovate\u013eov:<\/p>\n<ul>\n<li><strong>Pr\u00edtomnos\u0165 kovov\u00fdch \u010dast\u00edc<\/strong>: Pr\u00edtomnos\u0165 kovov\u00fdch \u010dast\u00edc alebo vlo\u010diek v mazive nazna\u010duje zna\u010dn\u00e9 opotrebenie lo\u017eiskovej s\u00fapravy.<\/li>\n<li><strong>Sluchov\u00e9 podnety<\/strong>: Br\u00fasenie, praskanie alebo cvakanie vych\u00e1dzaj\u00face z kyvn\u00e9ho lo\u017eiska m\u00f4\u017ee znamena\u0165 potrebu mazania alebo nadmern\u00e9 opotrebovanie obe\u017enej dr\u00e1hy.<\/li>\n<li><strong>Nadmern\u00e1 hra<\/strong>: V\u00fdrazn\u00e1 v\u00f4\u013ea alebo pohyb v hojdacom mechanizme nazna\u010duj\u00fa opotrebovan\u00e9 dr\u00e1hy, \u010do ohrozuje stabilitu a v\u00fdkon.<\/li>\n<li><strong>Zv\u00fd\u0161en\u00fd kr\u00fatiaci moment a viazanie<\/strong>: Zv\u00fd\u0161enie kr\u00fatiaceho momentu alebo viazanie po\u010das kyvn\u00fdch oper\u00e1ci\u00ed nazna\u010duje nerovnomern\u00e9 opotrebovanie dr\u00e1hy, \u010do m\u00e1 vplyv na plynulos\u0165 pohybu.<\/li>\n<li><strong>Nezvy\u010dajn\u00fd pohyb<\/strong>: Kol\u00edsav\u00fd alebo k\u00fdvav\u00fd pohyb, najm\u00e4 pri manipul\u00e1cii s \u0165a\u017ek\u00fdmi bremenami, nazna\u010duje mo\u017en\u00e9 probl\u00e9my s lo\u017eiskami, ktor\u00e9 si vy\u017eaduj\u00fa pozornos\u0165.<\/li>\n<li><strong>Odolnos\u0165 a nadmern\u00e1 extenzia<\/strong>: Odpor po\u010das v\u00fdkyvu alebo prekro\u010denie o\u010dak\u00e1van\u00e9ho bodu zastavenia hornej kon\u0161trukcie m\u00f4\u017ee nazna\u010dova\u0165 z\u00e1kladn\u00e9 probl\u00e9my s v\u00fdkyvn\u00fdm lo\u017eiskom.<\/li>\n<\/ul>\n<p><strong>Rie\u0161enie kritick\u00fdch por\u00fach: Rie\u0161enie z\u00e1va\u017en\u00fdch po\u0161koden\u00ed v\u00fdkyvn\u00fdch lo\u017e\u00edsk r\u00fdpadiel<\/strong><\/p>\n<p>Medzi tieto pr\u00edznaky patr\u00ed n\u00e1hle praskanie a praskanie lo\u017eiska po\u010das kopania, ktor\u00e9 znamenaj\u00fa v\u00e1\u017ene po\u0161kodenie a kritick\u00fa poruchu. Okam\u017eit\u00e1 pozornos\u0165 a v\u00fdmena s\u00fa nevyhnutn\u00e9 na zabr\u00e1nenie \u010fal\u0161iemu po\u0161kodeniu a zaistenie bezpe\u010dnosti prev\u00e1dzky.<\/p>\n<figure class=\"wp-block-table has-small-font-size\">\n<table>\n<tbody>\n<tr>\n<td class=\"has-text-align-center\" data-align=\"center\"><img decoding=\"async\" class=\"wp-image-262 aligncenter\" src=\"https:\/\/national-bearing.com\/wp-content\/uploads\/2023\/04\/%E6%95%B0%E6%8E%A7%E5%8A%A0%E5%B7%A5%E4%B8%AD%E5%BF%83.jpg\" sizes=\"(max-width: 750px) 100vw, 750px\" srcset=\"https:\/\/national-bearing.com\/wp-content\/uploads\/2023\/04\/\u6570\u63a7\u52a0\u5de5\u4e2d\u5fc3.jpg 750w, https:\/\/national-bearing.com\/wp-content\/uploads\/2023\/04\/\u6570\u63a7\u52a0\u5de5\u4e2d\u5fc3-300x225.jpg 300w\" alt=\"Oto\u010dn\u00e9 lo\u017eisk\u00e1 r\u00fdpadiel cat\" width=\"429\" height=\"322\" \/><\/td>\n<td class=\"has-text-align-center\" data-align=\"center\"><img decoding=\"async\" class=\"wp-image-261\" src=\"https:\/\/national-bearing.com\/wp-content\/uploads\/2023\/04\/%E6%95%B0%E6%8E%A7%E6%BB%9A%E9%BD%BF%E6%9C%BA.jpg\" sizes=\"(max-width: 600px) 100vw, 600px\" srcset=\"https:\/\/national-bearing.com\/wp-content\/uploads\/2023\/04\/\u6570\u63a7\u6eda\u9f7f\u673a.jpg 600w, https:\/\/national-bearing.com\/wp-content\/uploads\/2023\/04\/\u6570\u63a7\u6eda\u9f7f\u673a-300x225.jpg 300w\" alt=\"Oto\u010dn\u00e9 lo\u017eisk\u00e1 r\u00fdpadiel cat\" width=\"600\" height=\"450\" \/><\/td>\n<td class=\"has-text-align-center\" data-align=\"center\"><img decoding=\"async\" class=\"wp-image-260\" src=\"https:\/\/national-bearing.com\/wp-content\/uploads\/2023\/04\/%E6%BB%9A%E9%81%93.jpg\" sizes=\"(max-width: 600px) 100vw, 600px\" srcset=\"https:\/\/national-bearing.com\/wp-content\/uploads\/2023\/04\/\u6eda\u9053.jpg 600w, https:\/\/national-bearing.com\/wp-content\/uploads\/2023\/04\/\u6eda\u9053-300x225.jpg 300w\" alt=\"Oto\u010dn\u00e9 lo\u017eisk\u00e1 r\u00fdpadiel cat\" width=\"600\" height=\"450\" \/><\/td>\n<\/tr>\n<tr>\n<td>Odporov\u00e1 pec s hor\u00e1kom<\/td>\n<td>CNC \u00a0gear shaper<\/td>\n<td>Odporov\u00e1 pec s hor\u00e1kom<\/td>\n<\/tr>\n<tr>\n<td><img decoding=\"async\" class=\"wp-image-258\" src=\"https:\/\/national-bearing.com\/wp-content\/uploads\/2023\/04\/%E7%94%B5%E9%98%BB.jpg\" sizes=\"(max-width: 600px) 100vw, 600px\" srcset=\"https:\/\/national-bearing.com\/wp-content\/uploads\/2023\/04\/\u7535\u963b.jpg 600w, https:\/\/national-bearing.com\/wp-content\/uploads\/2023\/04\/\u7535\u963b-300x225.jpg 300w\" alt=\"Zariadenie na v\u00fdrobu oto\u010dn\u00fdch lo\u017e\u00edsk r\u00fdpadiel\" width=\"600\" height=\"450\" \/><\/td>\n<td class=\"has-text-align-center\" data-align=\"center\"><img decoding=\"async\" class=\"wp-image-259\" src=\"https:\/\/national-bearing.com\/wp-content\/uploads\/2023\/04\/%E6%95%B0%E6%8E%A7%E6%8F%92%E9%BD%BF%E6%9C%BA.jpg\" sizes=\"(max-width: 600px) 100vw, 600px\" srcset=\"https:\/\/national-bearing.com\/wp-content\/uploads\/2023\/04\/\u6570\u63a7\u63d2\u9f7f\u673a.jpg 600w, https:\/\/national-bearing.com\/wp-content\/uploads\/2023\/04\/\u6570\u63a7\u63d2\u9f7f\u673a-300x225.jpg 300w\" alt=\"oto\u010dn\u00e9 lo\u017eisko CNC tvarova\u010da ozuben\u00fdch kolies\" width=\"600\" height=\"450\" \/><\/td>\n<td class=\"has-text-align-center\" data-align=\"center\"><img decoding=\"async\" class=\"wp-image-257\" src=\"https:\/\/national-bearing.com\/wp-content\/uploads\/2023\/04\/3.5%E6%95%B0%E6%8E%A7%E7%AB%8B%E5%BA%8A.jpg\" sizes=\"(max-width: 600px) 100vw, 600px\" srcset=\"https:\/\/national-bearing.com\/wp-content\/uploads\/2023\/04\/3.5\u6570\u63a7\u7acb\u5e8a.jpg 600w, https:\/\/national-bearing.com\/wp-content\/uploads\/2023\/04\/3.5\u6570\u63a7\u7acb\u5e8a-300x225.jpg 300w\" alt=\"oto\u010dn\u00e9 lo\u017eisko CNC vertik\u00e1lne l\u00f4\u017ekov\u00e9 zariadenie\" width=\"600\" height=\"450\" \/><\/td>\n<\/tr>\n<tr>\n<td>Odporov\u00e1 pec s hor\u00e1kom<\/td>\n<td>CNC \u00a0gear shaper<\/td>\n<td>CNC vertik\u00e1lny s\u00fastruh<\/td>\n<\/tr>\n<\/tbody>\n<\/table>\n<\/figure>","protected":false},"excerpt":{"rendered":"<p>Kyvn\u00e9 lo\u017eisk\u00e1 CAT<br \/>\nModel:CAT390D,CAT385CL,385BL<br \/>\nCAT374,CAT374F,CAT365CL,365C<\/p>","protected":false},"featured_media":136,"template":"","meta":[],"product_brand":[],"product_cat":[22,58],"product_tag":[],"class_list":{"0":"post-2961","1":"product","2":"type-product","3":"status-publish","4":"has-post-thumbnail","6":"product_cat-swing-bearing","7":"product_cat-cat-excavator-swing-bearing","9":"first","10":"instock","11":"shipping-taxable","12":"product-type-simple"},"_links":{"self":[{"href":"https:\/\/swingbearing.net\/sk\/wp-json\/wp\/v2\/product\/2961","targetHints":{"allow":["GET"]}}],"collection":[{"href":"https:\/\/swingbearing.net\/sk\/wp-json\/wp\/v2\/product"}],"about":[{"href":"https:\/\/swingbearing.net\/sk\/wp-json\/wp\/v2\/types\/product"}],"wp:featuredmedia":[{"embeddable":true,"href":"https:\/\/swingbearing.net\/sk\/wp-json\/wp\/v2\/media\/136"}],"wp:attachment":[{"href":"https:\/\/swingbearing.net\/sk\/wp-json\/wp\/v2\/media?parent=2961"}],"wp:term":[{"taxonomy":"product_brand","embeddable":true,"href":"https:\/\/swingbearing.net\/sk\/wp-json\/wp\/v2\/product_brand?post=2961"},{"taxonomy":"product_cat","embeddable":true,"href":"https:\/\/swingbearing.net\/sk\/wp-json\/wp\/v2\/product_cat?post=2961"},{"taxonomy":"product_tag","embeddable":true,"href":"https:\/\/swingbearing.net\/sk\/wp-json\/wp\/v2\/product_tag?post=2961"}],"curies":[{"name":"wp","href":"https:\/\/api.w.org\/{rel}","templated":true}]}}