{"id":2925,"date":"2024-05-09T08:56:21","date_gmt":"2024-05-09T08:56:21","guid":{"rendered":"https:\/\/swingbearing.net\/product\/cat-390d-227-6099-excavator-slewing-bearing-swing-bearing\/"},"modified":"2024-05-14T01:26:24","modified_gmt":"2024-05-14T01:26:24","slug":"cat-390d-227-6099-excavator-slewing-bearing-swing-bearing","status":"publish","type":"product","link":"https:\/\/swingbearing.net\/sk\/product\/cat-390d-227-6099-excavator-slewing-bearing-swing-bearing\/","title":{"rendered":"CAT 390D 227-6099 Oto\u010dn\u00e9 lo\u017eisko r\u00fdpadla Swing Bearing"},"content":{"rendered":"<figure class=\"wp-block-table\">\n<h2 style=\"text-align: center;\">K\u013azne lo\u017eisko r\u00fdpadla CAT<\/h2>\n<table class=\"has-white-background-color has-background\">\n<tbody>\n<tr>\n<td style=\"text-align: center;\">Model<\/td>\n<td style=\"text-align: center;\">\u010c\u00edslo dielu<\/td>\n<td style=\"text-align: center;\">Vonkaj\u0161\u00ed priemer<\/td>\n<td style=\"text-align: center;\">Vn\u00fatorn\u00fd priemer<\/td>\n<td style=\"text-align: center;\">Celkov\u00e1 v\u00fd\u0161ka<\/td>\n<td style=\"text-align: center;\">Vonkaj\u0161ia v\u00fd\u0161ka<\/td>\n<td style=\"text-align: center;\">Vn\u00fatorn\u00e1 v\u00fd\u0161ka<\/td>\n<td style=\"text-align: center;\">Parametre vonkaj\u0161ieho otvoru<\/td>\n<td style=\"text-align: center;\">Parametre vn\u00fatorn\u00e9ho otvoru<\/td>\n<td style=\"text-align: center;\">Po\u010det zubov<\/td>\n<\/tr>\n<tr>\n<td>CAT 307C<\/td>\n<td>240-8361<\/td>\n<td>810<\/td>\n<td>568<\/td>\n<td>82<\/td>\n<td>62<\/td>\n<td>62<\/td>\n<td>29<\/td>\n<td>38<\/td>\n<td>75<\/td>\n<\/tr>\n<tr>\n<td>CAT312CL<\/td>\n<td>229-1077<\/td>\n<td>1093<\/td>\n<td>883<\/td>\n<td>72.5<\/td>\n<td>50<\/td>\n<td>62<\/td>\n<td>34-\u03c618<\/td>\n<td>38-M16<\/td>\n<td>90<\/td>\n<\/tr>\n<tr>\n<td>CAT 311<\/td>\n<td>231-6853<\/td>\n<td>1115<\/td>\n<td>883<\/td>\n<td>75<\/td>\n<td>60<\/td>\n<td>67<\/td>\n<td>29-\u03c618<\/td>\n<td>30-M16<\/td>\n<td>90<\/td>\n<\/tr>\n<tr>\n<td>CAT 312B<\/td>\n<td>616411<\/td>\n<td>1115<\/td>\n<td>883<\/td>\n<td>75<\/td>\n<td>60<\/td>\n<td>67<\/td>\n<td>29-\u03c618<\/td>\n<td>30-M16<\/td>\n<td>90<\/td>\n<\/tr>\n<tr>\n<td>CAT312CL<\/td>\n<td>229-1077<\/td>\n<td>1093<\/td>\n<td>883<\/td>\n<td>72.5<\/td>\n<td>50<\/td>\n<td>62<\/td>\n<td>34-\u03c618<\/td>\n<td>38-M16<\/td>\n<td>90<\/td>\n<\/tr>\n<tr>\n<td>CAT 312C<\/td>\n<td>229-1077<\/td>\n<td>1093<\/td>\n<td>883<\/td>\n<td>72.5<\/td>\n<td>50<\/td>\n<td>62<\/td>\n<td>34-\u03c618<\/td>\n<td>38-M16<\/td>\n<td>90<\/td>\n<\/tr>\n<tr>\n<td>CAT 315<\/td>\n<td>148-4568<\/td>\n<td>1205<\/td>\n<td>961<\/td>\n<td>94<\/td>\n<td>74<\/td>\n<td>84<\/td>\n<td>34<\/td>\n<td>30<\/td>\n<td>98<\/td>\n<\/tr>\n<tr>\n<td>CAT 318B<\/td>\n<td>148-4568<\/td>\n<td>1205<\/td>\n<td>961<\/td>\n<td>94<\/td>\n<td>74<\/td>\n<td>84<\/td>\n<td>34<\/td>\n<td>30<\/td>\n<td>98<\/td>\n<\/tr>\n<tr>\n<td>CAT 315C<\/td>\n<td>229-1080<\/td>\n<td>1205<\/td>\n<td>961<\/td>\n<td>94<\/td>\n<td>74<\/td>\n<td>84<\/td>\n<td>34-\u03c622<\/td>\n<td>36-M20<\/td>\n<td>98<\/td>\n<\/tr>\n<tr>\n<td>CAT 319C<\/td>\n<td>227-6079<\/td>\n<td>1310<\/td>\n<td>1065<\/td>\n<td>106<\/td>\n<td>84<\/td>\n<td>88<\/td>\n<td>36<\/td>\n<td>36\/M20<\/td>\n<td>90<\/td>\n<\/tr>\n<tr>\n<td>CAT320B<\/td>\n<td>1141414<\/td>\n<td>1314<\/td>\n<td>1084<\/td>\n<td>100<\/td>\n<td>85<\/td>\n<td>87<\/td>\n<td>33-\u042422<\/td>\n<td>36-M20<\/td>\n<td>110<\/td>\n<\/tr>\n<tr>\n<td>CAT320BL<\/td>\n<td>121-8222<\/td>\n<td>1314<\/td>\n<td>1084<\/td>\n<td>100<\/td>\n<td>85<\/td>\n<td>87<\/td>\n<td>33-\u042422<\/td>\n<td>36-M20<\/td>\n<td>110<\/td>\n<\/tr>\n<tr>\n<td>CAT 320<\/td>\n<td>7Y1565<\/td>\n<td>1314<\/td>\n<td>1084<\/td>\n<td>100<\/td>\n<td>85<\/td>\n<td>87<\/td>\n<td>33-\u03c622<\/td>\n<td>36-M20<\/td>\n<td>110<\/td>\n<\/tr>\n<tr>\n<td>CAT 320B<\/td>\n<td>114-1505<\/td>\n<td>1314<\/td>\n<td>1084<\/td>\n<td>100<\/td>\n<td>85<\/td>\n<td>87<\/td>\n<td>33-\u042422<\/td>\n<td>36-M20<\/td>\n<td>110<\/td>\n<\/tr>\n<tr>\n<td>CAT320BL<\/td>\n<td>177-7723<\/td>\n<td>1314<\/td>\n<td>1084<\/td>\n<td>100<\/td>\n<td>85<\/td>\n<td>87<\/td>\n<td>33-\u042422<\/td>\n<td>36-M20<\/td>\n<td>110<\/td>\n<\/tr>\n<tr>\n<td>CAT 320C<\/td>\n<td>227-6081<\/td>\n<td>1316<\/td>\n<td>1081<\/td>\n<td>105<\/td>\n<td>73<\/td>\n<td>93<\/td>\n<td>42-\u03c622<\/td>\n<td>40-M20<\/td>\n<td>110<\/td>\n<\/tr>\n<tr>\n<td>CAT 320C<\/td>\n<td>227-6147<\/td>\n<td>1316<\/td>\n<td>1081<\/td>\n<td>105<\/td>\n<td>73<\/td>\n<td>93<\/td>\n<td>42-\u03c622<\/td>\n<td>40-M20<\/td>\n<td>110<\/td>\n<\/tr>\n<tr>\n<td>CAT 320C<\/td>\n<td>171-9425<\/td>\n<td>1316<\/td>\n<td>1081<\/td>\n<td>105<\/td>\n<td>73<\/td>\n<td>93<\/td>\n<td>42-\u03c622<\/td>\n<td>40-M20<\/td>\n<td>110<\/td>\n<\/tr>\n<tr>\n<td>CAT 320D<\/td>\n<td>227-6082<\/td>\n<td>1316<\/td>\n<td>1081<\/td>\n<td>105<\/td>\n<td>73<\/td>\n<td>93<\/td>\n<td>42-\u03c622<\/td>\n<td>40-M20<\/td>\n<td>110<\/td>\n<\/tr>\n<tr>\n<td>CAT 320L<\/td>\n<td>7Y1563<\/td>\n<td>1316<\/td>\n<td>1084<\/td>\n<td>105<\/td>\n<td>85<\/td>\n<td>92<\/td>\n<td>38-\u03c622<\/td>\n<td>36-M20<\/td>\n<td>110<\/td>\n<\/tr>\n<tr>\n<td>CAT 320L<\/td>\n<td>7Y1563<\/td>\n<td>1318<\/td>\n<td>1084<\/td>\n<td>105<\/td>\n<td>86<\/td>\n<td>90<\/td>\n<td>38-\u03c622<\/td>\n<td>36-M20<\/td>\n<td>110<\/td>\n<\/tr>\n<tr>\n<td>CAT 225<\/td>\n<td>8K4127<\/td>\n<td>1451<\/td>\n<td>1038<\/td>\n<td>105<\/td>\n<td>92<\/td>\n<td>90<\/td>\n<td>29-\u03c624<\/td>\n<td>36-\u03c624<\/td>\n<td>104<\/td>\n<\/tr>\n<tr>\n<td>CAT 322C<\/td>\n<td>221-6764<\/td>\n<td>1460<\/td>\n<td>1163<\/td>\n<td>110<\/td>\n<td>88<\/td>\n<td>95<\/td>\n<td>34-\u042426<\/td>\n<td>36-M24<\/td>\n<td>85<\/td>\n<\/tr>\n<tr>\n<td>CAT 324D<\/td>\n<td>227-6085<\/td>\n<td>1460<\/td>\n<td>1164<\/td>\n<td>110<\/td>\n<td>88<\/td>\n<td>95<\/td>\n<td>34-\u042426<\/td>\n<td>36-M24<\/td>\n<td>85<\/td>\n<\/tr>\n<tr>\n<td>CAT 325<\/td>\n<td>7Y0745<\/td>\n<td>1495<\/td>\n<td>1164<\/td>\n<td>110<\/td>\n<td>93<\/td>\n<td>95<\/td>\n<td>35<\/td>\n<td>38<\/td>\n<td>85<\/td>\n<\/tr>\n<tr>\n<td>CAT 325C<\/td>\n<td>227-6087<\/td>\n<td>1495<\/td>\n<td>1164<\/td>\n<td>110<\/td>\n<td>93<\/td>\n<td>95<\/td>\n<td>38-\u03c626<\/td>\n<td>42<\/td>\n<td>85<\/td>\n<\/tr>\n<tr>\n<td>CAT 326<\/td>\n<td>353-0649<\/td>\n<td>1462<\/td>\n<td>1164<\/td>\n<td>110<\/td>\n<td>89<\/td>\n<td>95<\/td>\n<td>34-\u03c626<\/td>\n<td>36-M24<\/td>\n<td>85<\/td>\n<\/tr>\n<tr>\n<td>CAT 329D<\/td>\n<td>227-6087<\/td>\n<td>1495<\/td>\n<td>1164<\/td>\n<td>110<\/td>\n<td>93<\/td>\n<td>95<\/td>\n<td>38-\u042426<\/td>\n<td>42-M24<\/td>\n<td>85<\/td>\n<\/tr>\n<tr>\n<td>CAT 330<\/td>\n<td>7Y0933<\/td>\n<td>1664<\/td>\n<td>1313.5<\/td>\n<td>140<\/td>\n<td>100<\/td>\n<td>124<\/td>\n<td>42-\u03c626<\/td>\n<td>46-M24<\/td>\n<td><\/td>\n<\/tr>\n<tr>\n<td>CAT 330<\/td>\n<td>1994559<\/td>\n<td>1664<\/td>\n<td>1313.5<\/td>\n<td>141<\/td>\n<td>100<\/td>\n<td>124<\/td>\n<td>42-\u03c626<\/td>\n<td>46-M24<\/td>\n<td>84<\/td>\n<\/tr>\n<tr>\n<td>CAT 330<\/td>\n<td>353-0487<\/td>\n<td>1664<\/td>\n<td>1313.5<\/td>\n<td>140<\/td>\n<td>100<\/td>\n<td>124<\/td>\n<td>46-\u03c626<\/td>\n<td>46-M24<\/td>\n<td>84<\/td>\n<\/tr>\n<tr>\n<td>CAT 336D<\/td>\n<td>353-0489<\/td>\n<td>1665<\/td>\n<td>1313<\/td>\n<td>140<\/td>\n<td>100<\/td>\n<td>122<\/td>\n<td>42<\/td>\n<td>46<\/td>\n<td>84<\/td>\n<\/tr>\n<tr>\n<td>CAT336DL<\/td>\n<td>227-6089<\/td>\n<td>1665<\/td>\n<td>1314<\/td>\n<td>140<\/td>\n<td>100<\/td>\n<td>125<\/td>\n<td>42<\/td>\n<td>46<\/td>\n<td>84<\/td>\n<\/tr>\n<tr>\n<td>CAT336DL<\/td>\n<td>353-0680<\/td>\n<td>1664<\/td>\n<td>1313.5<\/td>\n<td>139<\/td>\n<td>100<\/td>\n<td>124<\/td>\n<td>46-\u03c626<\/td>\n<td>46-M24<\/td>\n<td>84<\/td>\n<\/tr>\n<tr>\n<td>CAT 336D<\/td>\n<td>353-0490<\/td>\n<td>1665<\/td>\n<td>1313<\/td>\n<td>140<\/td>\n<td>100<\/td>\n<td>122<\/td>\n<td>42<\/td>\n<td>46<\/td>\n<td>84<\/td>\n<\/tr>\n<tr>\n<td>CAT 345<\/td>\n<td>227-6052<\/td>\n<td>1680<\/td>\n<td>1318<\/td>\n<td>140<\/td>\n<td>107<\/td>\n<td>126<\/td>\n<td>54-\u03c626<\/td>\n<td>70-M24<\/td>\n<td>96<\/td>\n<\/tr>\n<tr>\n<td>CAT 345B<\/td>\n<td>136-2969<\/td>\n<td>1680<\/td>\n<td>1343<\/td>\n<td>140<\/td>\n<td>107<\/td>\n<td>126<\/td>\n<td>45-\u042426<\/td>\n<td>60-M24<\/td>\n<td>136<\/td>\n<\/tr>\n<tr>\n<td>CAT345BII<\/td>\n<td>227-6094<\/td>\n<td>1680<\/td>\n<td>1318<\/td>\n<td>140<\/td>\n<td>108<\/td>\n<td>125<\/td>\n<td>54-\u042426<\/td>\n<td>70-M24<\/td>\n<td>96<\/td>\n<\/tr>\n<tr>\n<td>CAT345BL<\/td>\n<td>1695536\/1695537<\/td>\n<td>1680<\/td>\n<td>1343<\/td>\n<td>140<\/td>\n<td>107<\/td>\n<td>125<\/td>\n<td>45-\u042426<\/td>\n<td>60-M24<\/td>\n<td>136<\/td>\n<\/tr>\n<tr>\n<td>CAT345DL<\/td>\n<td>227-6037<\/td>\n<td>1680<\/td>\n<td>1318<\/td>\n<td>140<\/td>\n<td>107<\/td>\n<td>125<\/td>\n<td>54-\u042426<\/td>\n<td>70-M24<\/td>\n<td>96<\/td>\n<\/tr>\n<tr>\n<td>CAT 349D<\/td>\n<td>353-0490<\/td>\n<td>1666<\/td>\n<td>1315<\/td>\n<td>140<\/td>\n<td>100<\/td>\n<td>123<\/td>\n<td>46<\/td>\n<td>46<\/td>\n<td>84<\/td>\n<\/tr>\n<tr>\n<td>CAT 350<\/td>\n<td>1026392<\/td>\n<td>1680<\/td>\n<td>1343<\/td>\n<td>140<\/td>\n<td>107<\/td>\n<td>126<\/td>\n<td>45-\u03c626<\/td>\n<td>60-M24<\/td>\n<td>136<\/td>\n<\/tr>\n<tr>\n<td>CAT 365C<\/td>\n<td>199-4565<\/td>\n<td>1810<\/td>\n<td>1348<\/td>\n<td>180<\/td>\n<td>140<\/td>\n<td>152<\/td>\n<td>37<\/td>\n<td>60<\/td>\n<td>98<\/td>\n<\/tr>\n<tr>\n<td>CAT 365C<\/td>\n<td>227-6096<\/td>\n<td>1805<\/td>\n<td>1348<\/td>\n<td>180<\/td>\n<td>138<\/td>\n<td>150<\/td>\n<td>37<\/td>\n<td>60<\/td>\n<td>98<\/td>\n<\/tr>\n<tr>\n<td>CAT 365C<\/td>\n<td>227-6097<\/td>\n<td>1805<\/td>\n<td>1348<\/td>\n<td>180<\/td>\n<td>138<\/td>\n<td>150<\/td>\n<td>37<\/td>\n<td>60<\/td>\n<td>98<\/td>\n<\/tr>\n<tr>\n<td>CAT365CL<\/td>\n<td>397-9666<\/td>\n<td>1805<\/td>\n<td>1348<\/td>\n<td>180<\/td>\n<td>138<\/td>\n<td>150<\/td>\n<td>37<\/td>\n<td>60<\/td>\n<td>98<\/td>\n<\/tr>\n<tr>\n<td>CAT374F<\/td>\n<td>378-9586<\/td>\n<td>1820<\/td>\n<td>1348<\/td>\n<td>180<\/td>\n<td>140<\/td>\n<td>150<\/td>\n<td>37<\/td>\n<td>60<\/td>\n<td>98<\/td>\n<\/tr>\n<tr>\n<td>CAT374<\/td>\n<td>333-3009<\/td>\n<td>1820<\/td>\n<td>1348<\/td>\n<td>180<\/td>\n<td>136<\/td>\n<td>150<\/td>\n<td>37<\/td>\n<td>60<\/td>\n<td>98<\/td>\n<\/tr>\n<tr>\n<td>CAT374<\/td>\n<td>367-8361<\/td>\n<td>1820<\/td>\n<td>1348<\/td>\n<td>180<\/td>\n<td>136<\/td>\n<td>150<\/td>\n<td>37<\/td>\n<td>60<\/td>\n<td>98<\/td>\n<\/tr>\n<tr>\n<td>CAT 385C<\/td>\n<td>199-4491<\/td>\n<td>1820<\/td>\n<td>1348<\/td>\n<td>180<\/td>\n<td>146<\/td>\n<td>150<\/td>\n<td>37<\/td>\n<td>60<\/td>\n<td>98<\/td>\n<\/tr>\n<tr>\n<td>CAT 385C<\/td>\n<td>227-6099<\/td>\n<td>1820<\/td>\n<td>1348<\/td>\n<td>180<\/td>\n<td>146<\/td>\n<td>150<\/td>\n<td>37<\/td>\n<td>60<\/td>\n<td>98<\/td>\n<\/tr>\n<tr>\n<td>CAT385BL<\/td>\n<td>227-6098<\/td>\n<td>1820<\/td>\n<td>1348<\/td>\n<td>180<\/td>\n<td>138<\/td>\n<td>150<\/td>\n<td>37<\/td>\n<td>60<\/td>\n<td>98<\/td>\n<\/tr>\n<tr>\n<td>CAT385CL<\/td>\n<td>227-6099<\/td>\n<td>1950<\/td>\n<td>1456<\/td>\n<td>217<\/td>\n<td>170<\/td>\n<td>180<\/td>\n<td>48<\/td>\n<td>74<\/td>\n<td>93<\/td>\n<\/tr>\n<tr>\n<td>CAT 390D<\/td>\n<td>227-6099<\/td>\n<td>1950<\/td>\n<td>1456<\/td>\n<td>217<\/td>\n<td>170<\/td>\n<td>180<\/td>\n<td>48<\/td>\n<td>74<\/td>\n<td>93<\/td>\n<\/tr>\n<tr>\n<td style=\"text-align: left;\">CAT 140<\/td>\n<td style=\"text-align: left;\">2436650<\/td>\n<td style=\"text-align: left;\">1113<\/td>\n<td style=\"text-align: left;\">871<\/td>\n<td style=\"text-align: left;\">96<\/td>\n<td style=\"text-align: left;\">75<\/td>\n<td style=\"text-align: left;\">85<\/td>\n<td style=\"text-align: left;\">31<\/td>\n<td style=\"text-align: left;\">30<\/td>\n<td style=\"text-align: left;\">89<\/td>\n<\/tr>\n<\/tbody>\n<\/table>\n<\/figure>\n<p><img decoding=\"async\" class=\"alignnone wp-image-2788 size-full\" src=\"https:\/\/swingbearing.net\/wp-content\/uploads\/2024\/05\/777.jpg\" alt=\"v\u00fdkyvn\u00e9 lo\u017eisko r\u00fdpadla \" width=\"1980\" height=\"700\" srcset=\"https:\/\/swingbearing.net\/wp-content\/uploads\/2024\/05\/777.jpg 1980w, https:\/\/swingbearing.net\/wp-content\/uploads\/2024\/05\/777-300x106.jpg 300w, https:\/\/swingbearing.net\/wp-content\/uploads\/2024\/05\/777-1024x362.jpg 1024w, https:\/\/swingbearing.net\/wp-content\/uploads\/2024\/05\/777-768x272.jpg 768w, https:\/\/swingbearing.net\/wp-content\/uploads\/2024\/05\/777-1536x543.jpg 1536w, https:\/\/swingbearing.net\/wp-content\/uploads\/2024\/05\/777-18x6.jpg 18w, https:\/\/swingbearing.net\/wp-content\/uploads\/2024\/05\/777-600x212.jpg 600w\" sizes=\"(max-width: 1980px) 100vw, 1980px\" \/><br \/>\n<img decoding=\"async\" class=\"alignnone wp-image-2754 size-full\" src=\"https:\/\/swingbearing.net\/wp-content\/uploads\/2024\/05\/\u672a\u6807\u9898-3_03-e1715445132148.jpg\" alt=\"Lo\u017eisko v\u00fdkyvu r\u00fdpadla\" width=\"1970\" height=\"590\" srcset=\"https:\/\/swingbearing.net\/wp-content\/uploads\/2024\/05\/\u672a\u6807\u9898-3_03-e1715445132148.jpg 1970w, https:\/\/swingbearing.net\/wp-content\/uploads\/2024\/05\/\u672a\u6807\u9898-3_03-e1715445132148-300x90.jpg 300w, https:\/\/swingbearing.net\/wp-content\/uploads\/2024\/05\/\u672a\u6807\u9898-3_03-e1715445132148-1024x307.jpg 1024w, https:\/\/swingbearing.net\/wp-content\/uploads\/2024\/05\/\u672a\u6807\u9898-3_03-e1715445132148-768x230.jpg 768w, https:\/\/swingbearing.net\/wp-content\/uploads\/2024\/05\/\u672a\u6807\u9898-3_03-e1715445132148-1536x460.jpg 1536w, https:\/\/swingbearing.net\/wp-content\/uploads\/2024\/05\/\u672a\u6807\u9898-3_03-e1715445132148-18x5.jpg 18w, https:\/\/swingbearing.net\/wp-content\/uploads\/2024\/05\/\u672a\u6807\u9898-3_03-e1715445132148-600x180.jpg 600w\" sizes=\"(max-width: 1970px) 100vw, 1970px\" \/><\/p>\n\n\t\t<style type=\"text\/css\">\n\t\t\t#gallery-1 {\n\t\t\t\tmargin: auto;\n\t\t\t}\n\t\t\t#gallery-1 .gallery-item {\n\t\t\t\tfloat: left;\n\t\t\t\tmargin-top: 10px;\n\t\t\t\ttext-align: center;\n\t\t\t\twidth: 33%;\n\t\t\t}\n\t\t\t#gallery-1 img {\n\t\t\t\tborder: 2px solid #cfcfcf;\n\t\t\t}\n\t\t\t#gallery-1 .gallery-caption {\n\t\t\t\tmargin-left: 0;\n\t\t\t}\n\t\t\t\/* see gallery_shortcode() in wp-includes\/media.php *\/\n\t\t<\/style>\n\t\t<div id='gallery-1' class='gallery galleryid-2925 gallery-columns-3 gallery-size-full'><dl class='gallery-item'>\n\t\t\t<dt class='gallery-icon landscape'>\n\t\t\t\t<a href='https:\/\/swingbearing.net\/sk\/about-us\/slew-bearings\/'><img decoding=\"async\" width=\"1000\" height=\"587\" src=\"https:\/\/swingbearing.net\/wp-content\/uploads\/2023\/09\/slew-bearings.jpg\" class=\"attachment-full size-full\" alt=\"V\u00fdrobn\u00fd proces v\u00fdkyvn\u00e9ho lo\u017eiska\" aria-describedby=\"gallery-1-487\" srcset=\"https:\/\/swingbearing.net\/wp-content\/uploads\/2023\/09\/slew-bearings.jpg 1000w, https:\/\/swingbearing.net\/wp-content\/uploads\/2023\/09\/slew-bearings-600x352.jpg 600w, https:\/\/swingbearing.net\/wp-content\/uploads\/2023\/09\/slew-bearings-300x176.jpg 300w, https:\/\/swingbearing.net\/wp-content\/uploads\/2023\/09\/slew-bearings-768x451.jpg 768w\" sizes=\"(max-width: 1000px) 100vw, 1000px\" \/><\/a>\n\t\t\t<\/dt>\n\t\t\t\t<dd class='wp-caption-text gallery-caption' id='gallery-1-487'>\n\t\t\t\t Klzn\u00e9 lo\u017eisko\n\t\t\t\t<\/dd><\/dl><dl class='gallery-item'>\n\t\t\t<dt class='gallery-icon landscape'>\n\t\t\t\t<a href='https:\/\/swingbearing.net\/sk\/about-us\/swing-bearings-2\/'><img decoding=\"async\" width=\"1000\" height=\"601\" src=\"https:\/\/swingbearing.net\/wp-content\/uploads\/2023\/09\/swing-bearings.jpg\" class=\"attachment-full size-full\" alt=\"V\u00fdrobn\u00fd proces v\u00fdkyvn\u00e9ho lo\u017eiska\" aria-describedby=\"gallery-1-486\" srcset=\"https:\/\/swingbearing.net\/wp-content\/uploads\/2023\/09\/swing-bearings.jpg 1000w, https:\/\/swingbearing.net\/wp-content\/uploads\/2023\/09\/swing-bearings-600x361.jpg 600w, https:\/\/swingbearing.net\/wp-content\/uploads\/2023\/09\/swing-bearings-300x180.jpg 300w, https:\/\/swingbearing.net\/wp-content\/uploads\/2023\/09\/swing-bearings-768x462.jpg 768w\" sizes=\"(max-width: 1000px) 100vw, 1000px\" \/><\/a>\n\t\t\t<\/dt>\n\t\t\t\t<dd class='wp-caption-text gallery-caption' id='gallery-1-486'>\n\t\t\t\t Klzn\u00e9 lo\u017eisko\n\t\t\t\t<\/dd><\/dl><dl class='gallery-item'>\n\t\t\t<dt class='gallery-icon landscape'>\n\t\t\t\t<a href='https:\/\/swingbearing.net\/sk\/about-us\/swing-bearing-2\/'><img decoding=\"async\" width=\"1000\" height=\"589\" src=\"https:\/\/swingbearing.net\/wp-content\/uploads\/2023\/09\/swing-bearing.jpg\" class=\"attachment-full size-full\" alt=\"V\u00fdrobn\u00fd proces v\u00fdkyvn\u00e9ho lo\u017eiska\" aria-describedby=\"gallery-1-485\" srcset=\"https:\/\/swingbearing.net\/wp-content\/uploads\/2023\/09\/swing-bearing.jpg 1000w, https:\/\/swingbearing.net\/wp-content\/uploads\/2023\/09\/swing-bearing-600x353.jpg 600w, https:\/\/swingbearing.net\/wp-content\/uploads\/2023\/09\/swing-bearing-300x177.jpg 300w, https:\/\/swingbearing.net\/wp-content\/uploads\/2023\/09\/swing-bearing-768x452.jpg 768w\" sizes=\"(max-width: 1000px) 100vw, 1000px\" \/><\/a>\n\t\t\t<\/dt>\n\t\t\t\t<dd class='wp-caption-text gallery-caption' id='gallery-1-485'>\n\t\t\t\t Klzn\u00e9 lo\u017eisko\n\t\t\t\t<\/dd><\/dl><br style=\"clear: both\" \/>\n\t\t<\/div>\n\n<h2>Komponent Powerhouse: Klzn\u00e9 lo\u017eisk\u00e1 v r\u00fdpadl\u00e1ch<\/h2>\n<p>K\u013azne lo\u017eisk\u00e1, neopozeran\u00ed hrdinovia r\u00fdpadiel, s\u00fa k\u013e\u00fa\u010dov\u00e9 komponenty, ktor\u00e9 umo\u017e\u0148uj\u00fa plynul\u00e9 ot\u00e1\u010danie a presn\u00fd pohyb. Tieto \u0161pecializovan\u00e9 lo\u017eisk\u00e1, umiestnen\u00e9 v jadre kon\u0161trukcie stroja, umo\u017e\u0148uj\u00fa ot\u00e1\u010danie hornej \u010dasti vo\u010di dolnej \u010dasti s minim\u00e1lnym tren\u00edm a maxim\u00e1lnou stabilitou.<\/p>\n<p>Oto\u010dn\u00e9 lo\u017eisk\u00e1 s\u00fa navrhnut\u00e9 tak, aby odol\u00e1vali axi\u00e1lnemu, radi\u00e1lnemu a momentov\u00e9mu za\u0165a\u017eeniu s\u00fa\u010dasne, a vyzna\u010duj\u00fa sa robustnou kon\u0161trukciou s pou\u017eit\u00edm vysokokvalitn\u00fdch materi\u00e1lov, ako je kovan\u00e1 oce\u013e alebo \u0161pecializovan\u00e9 zliatiny. T\u00e1to odolnos\u0165 zaru\u010duje pred\u013a\u017een\u00fa \u017eivotnos\u0165 aj v n\u00e1ro\u010dn\u00fdch prev\u00e1dzkov\u00fdch podmienkach, ktor\u00e9 s\u00fa be\u017en\u00e9 pri v\u00fdkopov\u00fdch projektoch.<\/p>\n<p>Oto\u010dn\u00e9 lo\u017eisk\u00e1, ktor\u00e9 s\u00fa prisp\u00f4soben\u00e9 r\u00f4znym \u0161pecifik\u00e1ci\u00e1m strojov, sa dod\u00e1vaj\u00fa v r\u00f4znych ve\u013ekostiach, nosnostiach a mont\u00e1\u017enych usporiadaniach. Od kompaktn\u00fdch minir\u00fdpadiel a\u017e po ve\u013ek\u00e9 hydraulick\u00e9 r\u00fdpadl\u00e1, existuje rie\u0161enie na mieru pre optim\u00e1lny v\u00fdkon a spo\u013eahlivos\u0165.<\/p>\n<p>Pri v\u00fdkopov\u00fdch pr\u00e1cach je najd\u00f4le\u017eitej\u0161ia presnos\u0165 a v tomto oh\u013eade vynikaj\u00fa oto\u010dn\u00e9 lo\u017eisk\u00e1. Ich hladk\u00fd rota\u010dn\u00fd mechanizmus spolu s pokro\u010dil\u00fdmi technol\u00f3giami tesnenia minimalizuje vibr\u00e1cie a v\u00f4\u013eu, \u010do umo\u017e\u0148uje oper\u00e1torom man\u00e9vrova\u0165 s jemnos\u0165ou a presnos\u0165ou.<\/p>\n<p>Okrem mechanick\u00fdch schopnost\u00ed prispievaj\u00fa oto\u010dn\u00e9 lo\u017eisk\u00e1 k efekt\u00edvnosti t\u00fdm, \u017ee zni\u017euj\u00fa spotrebu energie a potrebu \u00fadr\u017eby. Ich kon\u0161trukcia s n\u00edzkym tren\u00edm a robustn\u00e1 kon\u0161trukcia minimalizuj\u00fa straty energie a opotrebovanie, \u010d\u00edm zabezpe\u010duj\u00fa nepretr\u017eit\u00fa prev\u00e1dzku a ni\u017e\u0161ie celkov\u00e9 n\u00e1klady na vlastn\u00edctvo.<\/p>\n<p>Oto\u010dn\u00e9 lo\u017eisk\u00e1 integrovan\u00e9 so sn\u00edma\u010dmi a monitorovac\u00edmi zariadeniami poskytuj\u00fa sp\u00e4tn\u00fa v\u00e4zbu o v\u00fdkone a stave v re\u00e1lnom \u010dase. Tento proakt\u00edvny pr\u00edstup k \u00fadr\u017ebe maximalizuje \u010das prev\u00e1dzkyschopnosti a produktivitu na pracovisk\u00e1ch.<\/p>\n<p>Oto\u010dn\u00e9 lo\u017eisk\u00e1 s\u00fa v podstate stelesnen\u00edm presnosti, odolnosti a \u00fa\u010dinnosti v jadre r\u00fdpadiel. Umo\u017e\u0148uj\u00fa bezprobl\u00e9mov\u00e9 ot\u00e1\u010danie, zabezpe\u010duj\u00fa prev\u00e1dzkov\u00fa presnos\u0165 a s\u00fa hnacou silou pokroku vo v\u00fdkopov\u00fdch pr\u00e1cach aj mimo nich, ke\u010f\u017ee stroje sa neust\u00e1le vyv\u00edjaj\u00fa spolu s technologick\u00fdm pokrokom.<\/p>","protected":false},"excerpt":{"rendered":"<p><strong><b>\u010cas\u0165<\/b><\/strong> #: 227-6099<br \/>\n<strong><b>Urobte<\/b><\/strong>: CATERPILLAR<br \/>\n<strong><b>Model<\/b><\/strong>: CAT 390D<br \/>\n<strong><b>Stav<\/b><\/strong>: Nov\u00fd<\/p>","protected":false},"featured_media":3038,"template":"","meta":[],"product_brand":[],"product_cat":[22,58],"product_tag":[],"class_list":{"0":"post-2925","1":"product","2":"type-product","3":"status-publish","4":"has-post-thumbnail","6":"product_cat-swing-bearing","7":"product_cat-cat-excavator-swing-bearing","9":"first","10":"instock","11":"shipping-taxable","12":"product-type-simple"},"_links":{"self":[{"href":"https:\/\/swingbearing.net\/sk\/wp-json\/wp\/v2\/product\/2925","targetHints":{"allow":["GET"]}}],"collection":[{"href":"https:\/\/swingbearing.net\/sk\/wp-json\/wp\/v2\/product"}],"about":[{"href":"https:\/\/swingbearing.net\/sk\/wp-json\/wp\/v2\/types\/product"}],"wp:featuredmedia":[{"embeddable":true,"href":"https:\/\/swingbearing.net\/sk\/wp-json\/wp\/v2\/media\/3038"}],"wp:attachment":[{"href":"https:\/\/swingbearing.net\/sk\/wp-json\/wp\/v2\/media?parent=2925"}],"wp:term":[{"taxonomy":"product_brand","embeddable":true,"href":"https:\/\/swingbearing.net\/sk\/wp-json\/wp\/v2\/product_brand?post=2925"},{"taxonomy":"product_cat","embeddable":true,"href":"https:\/\/swingbearing.net\/sk\/wp-json\/wp\/v2\/product_cat?post=2925"},{"taxonomy":"product_tag","embeddable":true,"href":"https:\/\/swingbearing.net\/sk\/wp-json\/wp\/v2\/product_tag?post=2925"}],"curies":[{"name":"wp","href":"https:\/\/api.w.org\/{rel}","templated":true}]}}