{"id":2326,"date":"2024-04-12T06:50:18","date_gmt":"2024-04-12T06:50:18","guid":{"rendered":"https:\/\/swingbearing.net\/?post_type=product&#038;p=2326"},"modified":"2024-05-15T05:57:49","modified_gmt":"2024-05-15T05:57:49","slug":"swing-bearing-liugong-936d","status":"publish","type":"product","link":"https:\/\/swingbearing.net\/sk\/product\/swing-bearing-liugong-936d\/","title":{"rendered":"LIUGONG Swing Bearing"},"content":{"rendered":"<h2 style=\"text-align: center;\">Parametre lo\u017eiska LIUGONG Swing<\/h2>\n<figure class=\"wp-block-table is-style-stripes has-small-font-size\">\n<table class=\"has-cyan-bluish-gray-background-color has-background\">\n<tbody>\n<tr>\n<td width=\"52\">Model<\/td>\n<td width=\"62\">\u010c\u00edslo dielu<\/td>\n<td width=\"81\">Vonkaj\u0161\u00ed priemer<\/td>\n<td width=\"111\">Vn\u00fatorn\u00fd priemer<\/td>\n<td width=\"77\">Celkov\u00e1 v\u00fd\u0161ka<\/td>\n<td width=\"77\">Vonkaj\u0161ia v\u00fd\u0161ka<\/td>\n<td width=\"104\">Vn\u00fatorn\u00e1 v\u00fd\u0161ka<\/td>\n<td width=\"141\">Parametre vonkaj\u0161ieho otvoru<\/td>\n<td width=\"103\">Parametre vn\u00fatorn\u00e9ho otvoru<\/td>\n<td width=\"85\">Po\u010det zubov<\/td>\n<\/tr>\n<tr>\n<td width=\"52\">922<\/td>\n<td width=\"62\">26b0272<\/td>\n<td width=\"81\">1405<\/td>\n<td width=\"111\">1129<\/td>\n<td width=\"77\">100<\/td>\n<td width=\"77\">70<\/td>\n<td width=\"104\">90<\/td>\n<td width=\"141\">36-\u03c624 nerovnomern\u00e9<\/td>\n<td width=\"103\">36-M22<\/td>\n<td width=\"85\">95<\/td>\n<\/tr>\n<tr>\n<td width=\"52\">922<\/td>\n<td width=\"62\">26b0122<\/td>\n<td width=\"81\">1405<\/td>\n<td width=\"111\">1129<\/td>\n<td width=\"77\">100<\/td>\n<td width=\"77\">70<\/td>\n<td width=\"104\">90<\/td>\n<td width=\"141\">36-\u03c624 nerovnomern\u00e9<\/td>\n<td width=\"103\">36-M22<\/td>\n<td width=\"85\">95<\/td>\n<\/tr>\n<tr>\n<td width=\"52\">922<\/td>\n<td width=\"62\">26b0010<\/td>\n<td width=\"81\">1405<\/td>\n<td width=\"111\">1129<\/td>\n<td width=\"77\">100<\/td>\n<td width=\"77\">70<\/td>\n<td width=\"104\">90<\/td>\n<td width=\"141\">36 Rovnomerne rozdelen\u00e9<\/td>\n<td width=\"103\">36-M22<\/td>\n<td width=\"85\">91<\/td>\n<\/tr>\n<tr>\n<td width=\"52\">LG922D<\/td>\n<td width=\"62\">26B0122<\/td>\n<td width=\"81\">1405<\/td>\n<td width=\"111\">1129<\/td>\n<td width=\"77\">100<\/td>\n<td width=\"77\">70<\/td>\n<td width=\"104\">90<\/td>\n<td width=\"141\">36-\u03c624 nerovnomern\u00e9<\/td>\n<td width=\"103\">36-M22<\/td>\n<td width=\"85\">95<\/td>\n<\/tr>\n<tr>\n<td width=\"52\">936D<\/td>\n<td width=\"62\">26B0120<\/td>\n<td width=\"81\">1658<\/td>\n<td width=\"111\">1334.3<\/td>\n<td width=\"77\">125<\/td>\n<td width=\"77\">82<\/td>\n<td width=\"104\">115<\/td>\n<td width=\"141\">40-\u03c626 nerovnomern\u00e9<\/td>\n<td width=\"103\">40-M24 Rovnomerne rozdelen\u00e9<\/td>\n<td width=\"85\">97<\/td>\n<\/tr>\n<\/tbody>\n<\/table>\n<\/figure>\n<h2 class=\"wp-block-heading has-medium-font-size\">Lo\u017eisk\u00e1 hojda\u010dky r\u00fdpadla Liugong<\/h2>\n<p>Lo\u017eisko hojda\u010dky r\u00fdpadla Liugong: Odoln\u00e1 a spo\u013eahliv\u00e1 vo\u013eba pre va\u0161e r\u00fdpadlo<br \/>\nKyvn\u00e9 lo\u017eisk\u00e1, zn\u00e1me aj ako lo\u017eisk\u00e1 oto\u010dn\u00e9ho stola, s\u00fa z\u00e1kladnou s\u00fa\u010das\u0165ou r\u00fdpadiel. Tieto lo\u017eisk\u00e1 umo\u017e\u0148uj\u00fa plynul\u00e9 a bezpe\u010dn\u00e9 ot\u00e1\u010danie hornej kon\u0161trukcie r\u00fdpadla. Kyvn\u00e9 lo\u017eisk\u00e1 r\u00fdpadiel zohr\u00e1vaj\u00fa k\u013e\u00fa\u010dov\u00fa \u00falohu pri v\u00fdkone a spo\u013eahlivosti stroja. Z tohto d\u00f4vodu je v\u00fdber vysokokvalitn\u00fdch oto\u010dn\u00fdch lo\u017e\u00edsk nevyhnutn\u00fd pre dlh\u00fa \u017eivotnos\u0165 a \u00fa\u010dinnos\u0165 r\u00fdpadla.<\/p>\n<p>Spolo\u010dnos\u0165 Liugong je renomovanou zna\u010dkou v odvetv\u00ed stavebn\u00fdch strojov a pon\u00faka cel\u00fd rad oto\u010dn\u00fdch lo\u017e\u00edsk pre r\u00fdpadl\u00e1, ktor\u00e9 s\u00fa zn\u00e1me svojou odolnos\u0165ou a spo\u013eahlivos\u0165ou. V\u00fdkyvn\u00e9 lo\u017eisk\u00e1 r\u00fdpadiel Liugong s\u00fa navrhnut\u00e9 tak, aby odol\u00e1vali n\u00e1ro\u010dn\u00fdm podmienkam a ve\u013ek\u00fdm za\u0165a\u017eeniam, \u010do zaru\u010duje, \u017ee va\u0161e r\u00fdpadlo zvl\u00e1dne ak\u00fako\u013evek pr\u00e1cu, \u010di u\u017e ve\u013ek\u00fa alebo mal\u00fa.<\/p>\n<h2 class=\"wp-block-heading has-medium-font-size\">Pou\u017eite\u013en\u00fd model v\u00fdkyvn\u00e9ho lo\u017eiska r\u00fdpadla<\/h2>\n<p class=\"has-text-align-left\">K dispoz\u00edcii s\u00fa nasleduj\u00face modely v\u00fdkyvn\u00fdch lo\u017e\u00edsk r\u00fdpadiel Liugong: CLG904, CLG9055, CLG906, CLG907, CLG9075, CLG908, CLG915, CLG150, CLG920, CLG921, CLG922, CLG225, CLG924, CLG925, CLG933, CLG936, CLG939, CLG942, CLG948, CLG950, CLG952, CLG200, CLG205, CLG220 a CLG225.<\/p>\n<p>Tieto oto\u010dn\u00e9 lo\u017eisk\u00e1 r\u00fdpadiel Liugong s\u00fa navrhnut\u00e9 prec\u00edzne a presne, aby sa zabezpe\u010dil optim\u00e1lny v\u00fdkon a \u017eivotnos\u0165. S\u00fa vyroben\u00e9 z vysokokvalitn\u00fdch materi\u00e1lov a odol\u00e1vaj\u00fa extr\u00e9mnym poveternostn\u00fdm podmienkam a n\u00e1ro\u010dn\u00fdm aplik\u00e1ci\u00e1m.<br \/>\nZ\u00e1v\u00e4zok spolo\u010dnosti Liugong k vysokej kvalite a spo\u013eahlivosti sa odr\u00e1\u017ea v ka\u017edom aspekte jej v\u00fdrobkov a v\u00fdnimkou nie s\u00fa ani v\u00fdkyvn\u00e9 lo\u017eisk\u00e1 r\u00fdpadiel. S\u00fa skon\u0161truovan\u00e9 tak, aby poskytovali vynikaj\u00facu nosnos\u0165 a vysok\u00fa presnos\u0165, \u010d\u00edm zabezpe\u010duj\u00fa hladk\u00fd a efekt\u00edvny chod v\u00e1\u0161ho r\u00fdpadla.<br \/>\nOkrem v\u00fdkonnostn\u00fdch v\u00fdhod sa oto\u010dn\u00e9 lo\u017eisk\u00e1 r\u00fdpadiel Liugong aj \u013eahko in\u0161taluj\u00fa a vy\u017eaduj\u00fa minim\u00e1lnu \u00fadr\u017ebu, \u010d\u00edm sa zni\u017euj\u00fa prestoje a n\u00e1klady na opravy.<\/p>\n<p>Pri v\u00fdbere dielov r\u00fdpadiel je v\u00fdber vysokokvalitnej zna\u010dky, ako je Liugong, rozhoduj\u00faci pre dlh\u00fa \u017eivotnos\u0165 a spo\u013eahlivos\u0165 v\u00e1\u0161ho stroja. Kyvn\u00e9 lo\u017eisk\u00e1 r\u00fdpadiel Liugong s\u00fa navrhnut\u00e9 tak, aby poskytovali najlep\u0161\u00ed v\u00fdkon, trvanlivos\u0165 a spo\u013eahlivos\u0165, v\u010faka \u010domu s\u00fa vynikaj\u00facou vo\u013ebou pre ak\u00fdko\u013evek projekt v\u00fdkopov\u00fdch pr\u00e1c.<\/p>\n<p>Ak h\u013ead\u00e1te vysokokvalitn\u00e9 oto\u010dn\u00e9 lo\u017eisk\u00e1 pre r\u00fdpadl\u00e1, h\u013eadajte iba lo\u017eisk\u00e1 Liugong. V\u010faka ich sortimentu odoln\u00fdch a spo\u013eahliv\u00fdch k\u013abov\u00fdch lo\u017e\u00edsk si m\u00f4\u017eete by\u0165 ist\u00ed, \u017ee va\u0161e r\u00fdpadlo bude pracova\u0165 efekt\u00edvne a hladko a poskytne v\u00e1m v\u00fdkon a spo\u013eahlivos\u0165, ktor\u00e9 potrebujete na vykonanie pr\u00e1ce.<br \/>\nSme v\u00e1m k dispoz\u00edcii v s\u00favislosti s ak\u00fdmko\u013evek typom, modelom alebo zna\u010dkou oto\u010dn\u00e9ho kr\u00fa\u017eku.Kontaktujte n\u00e1s e\u0161te dnes s ak\u00fdmiko\u013evek ot\u00e1zkami t\u00fdkaj\u00facimi sa va\u0161ich potrieb.<\/p>\n<figure class=\"wp-block-image size-full\"><\/figure>\n<figure class=\"wp-block-table\">\n<table>\n<tbody>\n<tr>\n<td><img decoding=\"async\" class=\"wp-image-177\" src=\"https:\/\/national-bearing.com\/wp-content\/uploads\/2023\/04\/0001.jpg\" sizes=\"(max-width: 600px) 100vw, 600px\" srcset=\"https:\/\/national-bearing.com\/wp-content\/uploads\/2023\/04\/0001.jpg 600w, https:\/\/national-bearing.com\/wp-content\/uploads\/2023\/04\/0001-300x200.jpg 300w\" alt=\"v\u00fdkyvn\u00e9 lo\u017eisko r\u00fdpadla \" width=\"600\" height=\"400\" \/><\/td>\n<td><img decoding=\"async\" class=\"wp-image-643\" src=\"https:\/\/national-bearing.com\/wp-content\/uploads\/2023\/04\/66.jpg\" sizes=\"(max-width: 600px) 100vw, 600px\" srcset=\"https:\/\/national-bearing.com\/wp-content\/uploads\/2023\/04\/66.jpg 600w, https:\/\/national-bearing.com\/wp-content\/uploads\/2023\/04\/66-300x200.jpg 300w\" alt=\"Meranie v\u00fdkyvn\u00e9ho lo\u017eiska r\u00fdpadla\" width=\"600\" height=\"400\" \/><\/td>\n<\/tr>\n<\/tbody>\n<\/table>\n<\/figure>","protected":false},"excerpt":{"rendered":"<div class=\"woocommerce-product-details__short-description\">\n<p><strong>\u010cas\u0165<\/strong> #:26b0272<br \/>\n<strong>Urobte<\/strong>: LIUGONG<br \/>\n<strong>Model<\/strong>: 922<br \/>\n<strong>Stav<\/strong>: Nov\u00e9 v\u00fdkyvn\u00e9 lo\u017eisko<br \/>\n<strong>Viac na<\/strong>:CLG950,CLG948,LG922D<br \/>\nCLG907,CLG9075,CLG952,936D<\/p>\n<\/div>","protected":false},"featured_media":2349,"template":"","meta":[],"product_brand":[],"product_cat":[22,73],"product_tag":[52],"class_list":{"0":"post-2326","1":"product","2":"type-product","3":"status-publish","4":"has-post-thumbnail","6":"product_cat-swing-bearing","7":"product_cat-liugong-excavator-swing-bearing","8":"product_tag-swing-bearing","10":"first","11":"instock","12":"shipping-taxable","13":"product-type-simple"},"_links":{"self":[{"href":"https:\/\/swingbearing.net\/sk\/wp-json\/wp\/v2\/product\/2326","targetHints":{"allow":["GET"]}}],"collection":[{"href":"https:\/\/swingbearing.net\/sk\/wp-json\/wp\/v2\/product"}],"about":[{"href":"https:\/\/swingbearing.net\/sk\/wp-json\/wp\/v2\/types\/product"}],"wp:featuredmedia":[{"embeddable":true,"href":"https:\/\/swingbearing.net\/sk\/wp-json\/wp\/v2\/media\/2349"}],"wp:attachment":[{"href":"https:\/\/swingbearing.net\/sk\/wp-json\/wp\/v2\/media?parent=2326"}],"wp:term":[{"taxonomy":"product_brand","embeddable":true,"href":"https:\/\/swingbearing.net\/sk\/wp-json\/wp\/v2\/product_brand?post=2326"},{"taxonomy":"product_cat","embeddable":true,"href":"https:\/\/swingbearing.net\/sk\/wp-json\/wp\/v2\/product_cat?post=2326"},{"taxonomy":"product_tag","embeddable":true,"href":"https:\/\/swingbearing.net\/sk\/wp-json\/wp\/v2\/product_tag?post=2326"}],"curies":[{"name":"wp","href":"https:\/\/api.w.org\/{rel}","templated":true}]}}