{"id":2112,"date":"2024-03-11T07:04:23","date_gmt":"2024-03-11T07:04:23","guid":{"rendered":"https:\/\/swingbearing.net\/?post_type=product&#038;p=2112"},"modified":"2024-03-11T07:09:28","modified_gmt":"2024-03-11T07:09:28","slug":"travel-motor-r330","status":"publish","type":"product","link":"https:\/\/swingbearing.net\/sk\/product\/travel-motor-r330\/","title":{"rendered":"Koncov\u00e1 zostava pohonu motora R330 31Q7-40040 39Q9-40100"},"content":{"rendered":"<h4>M\u00f4\u017eeme poskytn\u00fa\u0165 \u0161irok\u00fd sortiment pojazdov\u00fdch motorov\/koncov\u00fdch prevodoviek\/reduk\u010dn\u00fdch prevodoviek pre r\u00fdpadl\u00e1.<\/h4>\n<p>Cestovn\u00fd motor (koncov\u00fd pohon) je mechanick\u00e9 zariadenie, ktor\u00e9 sa pou\u017e\u00edva najm\u00e4 na pohon elektrick\u00fdch zariaden\u00ed, ako s\u00fa roboty, sk\u00fatre a elektrick\u00e9 bicykle, dopredu alebo na pr\u00e1cu. Jeho z\u00e1kladn\u00fdm princ\u00edpom \u010dinnosti je vyu\u017eitie princ\u00edpu elektromagnetickej indukcie na generovanie rota\u010dn\u00e9ho kr\u00fatiaceho momentu a n\u00e1sledn\u00e9 zn\u00ed\u017eenie ot\u00e1\u010dok prostredn\u00edctvom vn\u00fatorn\u00e9ho reduk\u010dn\u00e9ho zariadenia na pohon vonkaj\u0161\u00edch kolies alebo re\u0165az\u00ed na pohyb. Z kon\u0161truk\u010dn\u00e9ho h\u013eadiska sa pojazdov\u00fd motor zvy\u010dajne sklad\u00e1 z vysokor\u00fdchlostn\u00e9ho hydraulick\u00e9ho motora, brzdy, planetov\u00e9ho reduktora, ventilovej skupiny at\u010f. a vyu\u017e\u00edva kon\u0161trukciu s vysoko \u00fanosn\u00fdmi ku\u017eel\u00edkov\u00fdmi lo\u017eiskami, ktor\u00e9 zn\u00e1\u0161aj\u00fa axi\u00e1lne a radi\u00e1lne sily generovan\u00e9 r\u00fdpadlom po\u010das prev\u00e1dzky a ot\u00e1\u010dania.<br \/>\nN\u00e1\u0161 sk\u00fasen\u00fd predajn\u00fd t\u00edm m\u00e1 k dispoz\u00edcii bohat\u00e9 znalosti a sk\u00fasenosti v oblasti cestovn\u00fdch koncov\u00fdch pohonov, aby sme zabezpe\u010dili r\u00fdchle a n\u00e1kladovo efekt\u00edvne splnenie va\u0161ich po\u017eiadaviek na cestovn\u00e9 motory.<\/p>\n<p><strong>\u00a0Podporovan\u00e9 zna\u010dky<\/strong><br \/>\nV s\u00fa\u010dasnosti m\u00f4\u017eeme poskytn\u00fa\u0165 motory pre \u0161irok\u00fd v\u00fdber r\u00fdpadiel vyr\u00e1ban\u00fdch spolo\u010dnos\u0165ami ako Komatsu, Hitachi, Caterpillar, Volvo, Case, Doosan, Sumitomo, Hyundai, Kobelco, JCB, Liugong, Sany a XCMG.<\/p>\n<h4>S\u00favisiace Hyundai Excavator Travel Motor Assy<\/h4>\n<figure class=\"wp-block-table is-style-stripes has-small-font-size\">\n<table class=\"has-cyan-bluish-gray-background-color has-background\">\n<tbody>\n<tr>\n<td width=\"477\">\u00a031N840060BG 31N840061BG R290-7A R200LCM, pojazdov\u00fd pohon, E131-0609 31N8-40054, 31N8-40056, 31N8-40070.<\/td>\n<td width=\"431\">\u00a0Robex R290, R290LC, Hyundai R290LC-7 R290NLC-7. R290 31N8-40050, 31N8-40051, 31N8-40053,<\/td>\n<\/tr>\n<tr>\n<td width=\"477\">\u00a031N8-40052 31N8-40053 31N840052 31N840053 R290-7A<\/td>\n<td>R305: 31N-40011, 31N-40050, 31N-40051, 31N-40052, 31N-40053.<\/td>\n<\/tr>\n<tr>\n<td width=\"477\">\u00a0 31N840050BG 31N840051BG R290-7A<\/td>\n<td>Hyundai R330: koncov\u00fd prevod, p\u00e1sov\u00fd pohon 31Q7-40040, 39Q9-40100<\/td>\n<\/tr>\n<tr>\n<td width=\"477\">\u00a031N8-40062 31N8-40071BG 31N8-40072 31N840062 31N840071BG 31N840072 R300-7<\/td>\n<td>Hyundai R75-7: koncov\u00fd prevod, pohon ko\u013eaj\u00ed XJDH-01749<\/td>\n<\/tr>\n<tr>\n<td width=\"477\">31N840053 31N840061BG R300-7<\/td>\n<td>R330LC-9S 31Q9-40011<\/td>\n<\/tr>\n<tr>\n<td width=\"477\">\u00a031N8-40052 31N840051BG 31N840052 R300-7<\/td>\n<td>SOLAR225LC-V K1003939A<\/td>\n<\/tr>\n<tr>\n<td width=\"477\">\u00a0 31N940031BG 31N940032 R320-7 R320-7A<\/td>\n<td>R330LC-9S 31Q9-40011 R300 39Q8-42100<\/td>\n<\/tr>\n<tr>\n<td width=\"477\">31N940023 31N940030BG R320-7 R320-7A<\/td>\n<td>SOLAR225LC-V K1003939A<\/td>\n<\/tr>\n<tr>\n<td width=\"477\">31N940021BG 31N940022 R320-7 R320-7A<\/td>\n<td>R320LC-7 R320-7 31N9-40024 31N9-40021<\/td>\n<\/tr>\n<tr>\n<td width=\"477\">\u00a0XJCK00139 31N940020BG R320-7 R320-7A<\/td>\n<td>39Q8-42100 R300 31N8-40052<\/td>\n<\/tr>\n<tr>\n<td width=\"477\">\u00a031N940010 XJCK00123 R320-7 R320-7A<\/td>\n<td>Alebo R480LC-9 39QB-40101 39QB-41100<\/td>\n<\/tr>\n<tr>\n<td width=\"477\">\u00a0 XKAH-01061 XJBN00645 XJBN00993 XKAH01061 R360-7<\/td>\n<td width=\"431\">R330LC-9S 31Q9-40011 Motorov\u00fd olej 31Q9-4001<\/td>\n<\/tr>\n<tr>\n<td width=\"477\">\u00a0 31NA40020 31NA40020BG R360-7<\/td>\n<td width=\"431\">\u00a0R305 R335 R290-7 R300LC-9S TM60 GM60 31N8-40011<\/td>\n<\/tr>\n<tr>\n<td width=\"477\">31NA-40021 XKAH-01061 31NA40021 XKAH01061 R360-7A<\/td>\n<td width=\"431\">\u00a0Hyundai 210 Lc7 R210 Lc-7 R210lc-7 31N6-40010<\/td>\n<\/tr>\n<tr>\n<td width=\"477\">\u00a031NA-40020BG 31NA-40021 XKAH-00939 31NA40020BG 31NA40021 XKAH00939 R370-7<\/td>\n<td width=\"431\">R210W-9 706-77-00800 706-77-42001 706-77-42000<\/td>\n<\/tr>\n<tr>\n<td width=\"477\">\u00a034E7-03050 34E7-02490 34E703050 34E702490 R450-7A<\/td>\n<td width=\"431\">R210NLC7A 31n6-40030 R210-7 31N6-40060<\/td>\n<\/tr>\n<tr>\n<td width=\"477\">\u00a031NB-11150 31QB-10140 31NB11150 31QB10140 R450-7A<\/td>\n<td>Hyundai R260LC 31Q7-40040, 39Q9-40100.<\/td>\n<\/tr>\n<tr>\n<td width=\"477\">\u00a031NB-40030 34E7-02500 XKAH-01287 31NB40030 34E702500 XKAH01287 R520-9<\/td>\n<td width=\"431\">R290-7 31N8-40010 31N8-40011 31N840010 31N840011<\/td>\n<\/tr>\n<tr>\n<td width=\"477\">31ND-40040 31ND-40050 31ND40040 31ND40050 R800-7A<\/td>\n<td width=\"431\">Hyundai R360-7 R370-7 Cestovn\u00fd motor 31NA-40021<\/td>\n<\/tr>\n<tr>\n<td width=\"477\">31Q4-40030 XKAH-01182 XKAH-01458 31Q440030 XKAH01182 XKAH01458 R140-9 R145CR-9<\/td>\n<td width=\"431\">R210-7 EC210B SK200-6 DH225 r\u00fdpadlo TM40 14533651<\/td>\n<\/tr>\n<tr>\n<td width=\"477\">\u00a031Q5-41010 31Q541010 R170W-9 y<\/td>\n<td width=\"431\">R450-7 Mont\u00e1\u017eny diel koncov\u00e9ho pohonu 34E7-03050 34E7-02490<\/td>\n<\/tr>\n<tr>\n<td width=\"477\">\u00a031Q5-42050 31Q5-42030 31Q6-40020 31Q542050 31Q542030 31Q640020 R160-9<\/td>\n<td width=\"431\">R360-7 R370-7 DX370 DX340 EC340 EC360 31NA-40021<\/td>\n<\/tr>\n<tr>\n<td width=\"477\">Hyundai R180R180LC-3, pojazdov\u00fd pohon, 31EL-00020, 31EL-40011, 31EL-40010, R180LC-7, pojazdov\u00fd pohon, 31N5-40061, 31N5-40060, 31N5-40081, 31N5-4200,Hyundai Robex R180NLC-7<\/td>\n<td width=\"431\">R210-7 EC210C SK200-6 DH225 TM40 31N640050 VOE14533651 14528930 31N6-40011 31N6-40051 2401-9287B<\/td>\n<\/tr>\n<tr>\n<td width=\"477\">Hyundai R200: koncov\u00fd prevod, R200LC, R200LC-2, R200LC-3, E131-0609, E131-0445,<\/td>\n<td width=\"431\">31NA-40021 Hyundai R360-7 R370-7<br \/>\nR200NLC-3, pojazdov\u00fd pohon, pojazdov\u00fd motor E31EL-40010,<\/td>\n<\/tr>\n<tr>\n<td>Hyundai R205LC: koncov\u00fd prevod, p\u00e1sov\u00fd pohon 31N6-40111.<\/td>\n<td width=\"431\">\u00a0R305-7 R450-7 R220-9 31Q6-40020<\/td>\n<\/tr>\n<tr>\n<td width=\"477\">R210:  R210-7, 31N6-40051, R210LC-7, 31N6-40010, 31N6-40011, 31EM-40011, 31N6-40050, 31N6-40051, 31N6-40060,<\/td>\n<td width=\"431\">Hyundai Redukcia R60-7 R250LC7 R480-9 XKAH-00901<br \/>\nR210NLC-7, 31N6-40011, 31N6-40050, 31N6-40051<\/td>\n<\/tr>\n<tr>\n<td>Hyundai R2200LC: koncov\u00fd pohon, pohon p\u00e1sov 38Q6-40100<\/td>\n<td width=\"431\">Koncov\u00fd pohon Hyundai pre r\u00fdpadlo R290-7 31N8-40060<\/td>\n<\/tr>\n<tr>\n<td>R480LC-9 R450LC-7 <a href=\"https:\/\/swingbearing.net\/sk\/excavator-swing-bearing\/\">Koncov\u00fd pohon r\u00fdpadla<\/a> Mont\u00e1\u017e 34E7-03050 39QB-40101 34E7-03050 39QB-40101<\/td>\n<td width=\"431\">Cestovn\u00fd motor Hyundai 34E7-02500 34E7-02490 34E7-03050 R450-7<\/td>\n<\/tr>\n<tr>\n<td width=\"477\">31N9-40030 S\u00faprava motora na posun R320LC-7 Kone\u010dn\u00fd pohon<\/td>\n<td width=\"431\">R160LC-3 R160LC-7 31EG-40010 31N5-40010<\/td>\n<\/tr>\n<\/tbody>\n<\/table>\n<p><strong>\u00a0Motor a prevodovka Dostupn\u00fd model:<br \/>\n<\/strong>HYUNDAI 305LC-7 33HDLL 39HDRB 42HDLL 42HDLL\/39HDRB R110-7 R110-7A R110M-7\/A R130LC-3 R130LCD-3 R130LCM-3 R140LC-7 R140LC-7A R140LC-9 R140LC-9S R140LCM-7 R140LCM-7A R145CR-9 R15-7 R160LC-3 R160LC-7 R160LC-7A R16-7 R180LC-3 R180LC-7 R180LC-7A R180NLC-7 R200LC R200LCM R200NLC-3 R210 ECONO R210LC R210LC-3 R210LC-3 Vysok\u00fd podvozok R210LC-3 LL R210LC-3H R210LC-7 R210LC-7 Vysok\u00fd chodec R210LC-7A R210LC-7H R210LC-7H OPTION R210NLC-7 R210NLC-7A R210NLC-7H OPTION R22-7 R240LC-3 R250LC-3 R250LC-3 Vysok\u00fd podvozok R250LC-7 R250LC-7 Vysok\u00fd chodec R250LC-7A R250LC-9 R255LC-3 R260LC-9S R280LC R28-7 R2900LC R2900LC-3 R290LC R290LC-3 R290LC-3 LL\/RB R290LC-3H R290LC-7 R290LC-7A R290LC-7H R300LC-7 R305LC-7 R320LC R320LC-3 R320LC-7A R320LC-9 R330LC-9A R33HDLL R35-7 R360LC-3 R360LC-3H R360LC-7 R360LC-7A R36N-7 R370LC-7 R380LC-9 R380LC-9SH R450LC-3 R450LC-7 R450LC-7A R480LC-9 R480LC-9S R500LC-7 R500LC-7A R520LC-9 R55-3 R55-7 R55-7A R55-9 R60-9S R60CR-9 R75-7 R80-7 R80-7A R110M-7A R260LC-9 R210NLC-7H R250LC-7 HW R250LC-7A HW R320LC-7 R250LC-9 HW R250LC-9S HW R290LC-9 R300LC-9S R300LC-9SH R330LC-9S R330LC-9SH<\/p>\n<figure class=\"wp-block-table is-style-stripes has-small-font-size\">\n<figure class=\"wp-block-table is-style-stripes has-small-font-size\">\n<div id=\"attachment_2045\" style=\"width: 425px\" class=\"wp-caption alignnone\"><img decoding=\"async\" aria-describedby=\"caption-attachment-2045\" class=\"wp-image-2045\" src=\"https:\/\/swingbearing.net\/wp-content\/uploads\/2024\/03\/\u884c\u8d70_01-300x99.jpg\" alt=\"cestovn\u00fd motor\" width=\"415\" height=\"137\" srcset=\"https:\/\/swingbearing.net\/wp-content\/uploads\/2024\/03\/\u884c\u8d70_01-300x99.jpg 300w, https:\/\/swingbearing.net\/wp-content\/uploads\/2024\/03\/\u884c\u8d70_01-18x6.jpg 18w, https:\/\/swingbearing.net\/wp-content\/uploads\/2024\/03\/\u884c\u8d70_01-600x199.jpg 600w, https:\/\/swingbearing.net\/wp-content\/uploads\/2024\/03\/\u884c\u8d70_01.jpg 749w\" sizes=\"(max-width: 415px) 100vw, 415px\" \/><p id=\"caption-attachment-2045\" class=\"wp-caption-text\"><a href=\"https:\/\/swingbearing.net\/sk\/travel-reducer\/\">chodiaci motor<\/a><\/p><\/div>\n<div id=\"attachment_2046\" style=\"width: 445px\" class=\"wp-caption alignnone\"><img decoding=\"async\" aria-describedby=\"caption-attachment-2046\" class=\"wp-image-2046\" src=\"https:\/\/swingbearing.net\/wp-content\/uploads\/2024\/03\/\u884c\u8d70_03-300x100.jpg\" alt=\"cestovn\u00fd motor\" width=\"435\" height=\"145\" srcset=\"https:\/\/swingbearing.net\/wp-content\/uploads\/2024\/03\/\u884c\u8d70_03-300x100.jpg 300w, https:\/\/swingbearing.net\/wp-content\/uploads\/2024\/03\/\u884c\u8d70_03-18x6.jpg 18w, https:\/\/swingbearing.net\/wp-content\/uploads\/2024\/03\/\u884c\u8d70_03-600x201.jpg 600w, https:\/\/swingbearing.net\/wp-content\/uploads\/2024\/03\/\u884c\u8d70_03.jpg 750w\" sizes=\"(max-width: 435px) 100vw, 435px\" \/><p id=\"caption-attachment-2046\" class=\"wp-caption-text\"><a href=\"https:\/\/swingbearing.net\/sk\/hydraulic-motor\/\">cestovn\u00fd koncov\u00fd pohon<\/a><\/p><\/div>\n<p><div id=\"attachment_2047\" style=\"width: 450px\" class=\"wp-caption alignnone\"><img decoding=\"async\" aria-describedby=\"caption-attachment-2047\" class=\"wp-image-2047\" src=\"https:\/\/swingbearing.net\/wp-content\/uploads\/2024\/03\/\u884c\u8d70_04-300x101.jpg\" alt=\"Zn\u00ed\u017eenie cestovn\u00e9ho\" width=\"440\" height=\"148\" srcset=\"https:\/\/swingbearing.net\/wp-content\/uploads\/2024\/03\/\u884c\u8d70_04-300x101.jpg 300w, https:\/\/swingbearing.net\/wp-content\/uploads\/2024\/03\/\u884c\u8d70_04-18x6.jpg 18w, https:\/\/swingbearing.net\/wp-content\/uploads\/2024\/03\/\u884c\u8d70_04-600x202.jpg 600w, https:\/\/swingbearing.net\/wp-content\/uploads\/2024\/03\/\u884c\u8d70_04.jpg 750w\" sizes=\"(max-width: 440px) 100vw, 440px\" \/><p id=\"caption-attachment-2047\" class=\"wp-caption-text\"><a href=\"https:\/\/swingbearing.net\/sk\/swing-bearing\/\">Zn\u00ed\u017eenie cestovn\u00e9ho<\/a><\/p><\/div><\/figure>\n<\/figure>\n<\/figure>","protected":false},"excerpt":{"rendered":"<h5 class=\"ct-headline\">Kateg\u00f3rie: Hyundai Travel Motor Hydraulick\u00fd motor Kone\u010dn\u00fd pohon<br \/>\nModel: R330<br \/>\n\u010c\u00edslo dielu: 31Q7-40040 39Q9-40100<\/h5>","protected":false},"featured_media":2055,"template":"","meta":[],"product_brand":[],"product_cat":[26],"product_tag":[],"class_list":{"0":"post-2112","1":"product","2":"type-product","3":"status-publish","4":"has-post-thumbnail","6":"product_cat-hydraulic-motors","8":"first","9":"instock","10":"shipping-taxable","11":"product-type-simple"},"_links":{"self":[{"href":"https:\/\/swingbearing.net\/sk\/wp-json\/wp\/v2\/product\/2112","targetHints":{"allow":["GET"]}}],"collection":[{"href":"https:\/\/swingbearing.net\/sk\/wp-json\/wp\/v2\/product"}],"about":[{"href":"https:\/\/swingbearing.net\/sk\/wp-json\/wp\/v2\/types\/product"}],"wp:featuredmedia":[{"embeddable":true,"href":"https:\/\/swingbearing.net\/sk\/wp-json\/wp\/v2\/media\/2055"}],"wp:attachment":[{"href":"https:\/\/swingbearing.net\/sk\/wp-json\/wp\/v2\/media?parent=2112"}],"wp:term":[{"taxonomy":"product_brand","embeddable":true,"href":"https:\/\/swingbearing.net\/sk\/wp-json\/wp\/v2\/product_brand?post=2112"},{"taxonomy":"product_cat","embeddable":true,"href":"https:\/\/swingbearing.net\/sk\/wp-json\/wp\/v2\/product_cat?post=2112"},{"taxonomy":"product_tag","embeddable":true,"href":"https:\/\/swingbearing.net\/sk\/wp-json\/wp\/v2\/product_tag?post=2112"}],"curies":[{"name":"wp","href":"https:\/\/api.w.org\/{rel}","templated":true}]}}