{"id":2107,"date":"2024-03-11T06:07:08","date_gmt":"2024-03-11T06:07:08","guid":{"rendered":"https:\/\/swingbearing.net\/?post_type=product&#038;p=2107"},"modified":"2024-03-11T06:44:24","modified_gmt":"2024-03-11T06:44:24","slug":"travel-motor-ls15v00020f4","status":"publish","type":"product","link":"https:\/\/swingbearing.net\/sk\/product\/travel-motor-ls15v00020f4\/","title":{"rendered":"Pojazdn\u00fd motor LS15V00020F4 pre koncov\u00fd pohon KOBELCO SK485LC-8"},"content":{"rendered":"<h4>M\u00f4\u017eeme poskytn\u00fa\u0165 \u0161irok\u00fd sortiment pojazdov\u00fdch motorov\/koncov\u00fdch prevodoviek\/reduk\u010dn\u00fdch prevodoviek pre r\u00fdpadl\u00e1.<\/h4>\n<p>Cestovn\u00fd motor (koncov\u00fd pohon) je mechanick\u00e9 zariadenie, ktor\u00e9 sa pou\u017e\u00edva najm\u00e4 na pohon elektrick\u00fdch zariaden\u00ed, ako s\u00fa roboty, sk\u00fatre a elektrick\u00e9 bicykle, dopredu alebo na pr\u00e1cu. Jeho z\u00e1kladn\u00fdm princ\u00edpom \u010dinnosti je vyu\u017eitie princ\u00edpu elektromagnetickej indukcie na generovanie rota\u010dn\u00e9ho kr\u00fatiaceho momentu a n\u00e1sledn\u00e9 zn\u00ed\u017eenie ot\u00e1\u010dok prostredn\u00edctvom vn\u00fatorn\u00e9ho reduk\u010dn\u00e9ho zariadenia na pohon vonkaj\u0161\u00edch kolies alebo re\u0165az\u00ed na pohyb. Z kon\u0161truk\u010dn\u00e9ho h\u013eadiska sa pojazdov\u00fd motor zvy\u010dajne sklad\u00e1 z vysokor\u00fdchlostn\u00e9ho hydraulick\u00e9ho motora, brzdy, planetov\u00e9ho reduktora, ventilovej skupiny at\u010f. a vyu\u017e\u00edva kon\u0161trukciu s vysoko \u00fanosn\u00fdmi ku\u017eel\u00edkov\u00fdmi lo\u017eiskami, ktor\u00e9 zn\u00e1\u0161aj\u00fa axi\u00e1lne a radi\u00e1lne sily generovan\u00e9 r\u00fdpadlom po\u010das prev\u00e1dzky a ot\u00e1\u010dania.<br \/>\nN\u00e1\u0161 sk\u00fasen\u00fd predajn\u00fd t\u00edm m\u00e1 k dispoz\u00edcii bohat\u00e9 znalosti a sk\u00fasenosti v oblasti cestovn\u00fdch koncov\u00fdch pohonov, aby sme zabezpe\u010dili r\u00fdchle a n\u00e1kladovo efekt\u00edvne splnenie va\u0161ich po\u017eiadaviek na cestovn\u00e9 motory.<\/p>\n<p><strong>\u00a0Podporovan\u00e9 zna\u010dky<\/strong><br \/>\nV s\u00fa\u010dasnosti m\u00f4\u017eeme poskytn\u00fa\u0165 motory pre \u0161irok\u00fd v\u00fdber r\u00fdpadiel vyr\u00e1ban\u00fdch spolo\u010dnos\u0165ami ako Komatsu, Hitachi, Caterpillar, Volvo, Case, Doosan, Sumitomo, Hyundai, Kobelco, JCB, Liugong, Sany a XCMG.<\/p>\n<h4>S\u00favisiace Kobelco Excavator Travel Motor Assy<\/h4>\n<figure class=\"wp-block-table is-style-stripes has-small-font-size\">\n<table class=\"has-cyan-bluish-gray-background-color has-background\">\n<tbody>\n<tr>\n<td width=\"568\">YN15V00011F4 SK200-6E Kobelco<\/td>\n<td width=\"492\">LC15V00023F2R LC15V00023F2C SK350-8<\/td>\n<\/tr>\n<tr>\n<td width=\"568\">\u00a0YN53D00008F2 YN53D00008F3 SK210-6E r\u00fdpadlo<\/td>\n<td width=\"492\">LC15V00023F2 LC53D00011F1 LC15V00023F1 SK350-8<\/td>\n<\/tr>\n<tr>\n<td width=\"568\">\u00a0YN15V00011F4 YN15V00017F1 YN15V00017F3 SK210-6E<\/td>\n<td width=\"492\">\u00a0LC15V00023F1 LC15V00023F2R LC15V00023F2C SK350-8<\/td>\n<\/tr>\n<tr>\n<td width=\"568\">\u00a0YN15V00037F2 YN15V00037F2R YN15V00037F2C SK210-9<\/td>\n<td width=\"492\">\u00a0LC15V00023F2 LC15VU0001F1 SK350-9<\/td>\n<\/tr>\n<tr>\n<td width=\"568\">\u00a0YN15V00051F3 YN15V00051F4 YN15V00051F YN15V00037F1 SK210-9<\/td>\n<td width=\"492\">\u00a0LP15V00001F1 LP15V00001F2 YW15V00005F1 SK120-V<\/td>\n<\/tr>\n<tr>\n<td width=\"568\">YN53D00001F2 YN15V00003F1 YN15V00003F2 SK200-V<\/td>\n<td width=\"492\">\u00a0LQ15V00004F1 LQ15V00005F1 SK250-IV<\/td>\n<\/tr>\n<tr>\n<td width=\"568\">YN53D00001F1 YN53D00001F2 YN53D00001F1 SK200-V<\/td>\n<td width=\"492\">\u00a0LQ15V00007F1 SK235SR SK250<\/td>\n<\/tr>\n<tr>\n<td width=\"568\">\u00a0YN53D00001F2 YN15V00007F1 YN15V00007F2 YN15V00003F2 SK200<\/td>\n<td width=\"492\">\u00a0LQ15V00007F2 LQ15V00019F1 LQ15V00019F1R LQ15V00019F1C<\/td>\n<\/tr>\n<tr>\n<td width=\"568\">\u00a0YN15V00037F2C YN53D00012F1 SK200-8 Kobelco<\/td>\n<td width=\"492\">LQ15V00031F1 LQ15V00031F3 SK260-9<\/td>\n<\/tr>\n<tr>\n<td width=\"568\">\u00a0YN53D00015F1 YN15V00037F1 YN15V00037F2R SK200-8<\/td>\n<td width=\"492\">\u00a0LS15V00020F1 SK485-8<\/td>\n<\/tr>\n<tr>\n<td width=\"568\">\u00a0YN15V00037F2R YN15V00037F2C YN15V00037F3 SK210-8<\/td>\n<td width=\"492\">\u00a0LS53D00007F2 LS15V00022F2 LS15V00022F3 LS15V00022F4 SK485-9<\/td>\n<\/tr>\n<tr>\n<td width=\"568\">\u00a0YN53D00015F2 YN53D00015F3 YN15V00037F2 SK210-8<\/td>\n<td width=\"492\">LS15V00020F3 LS15V00020F4 LS53D00007F1 SK485-9<\/td>\n<\/tr>\n<tr>\n<td width=\"568\">31Q6-40010 31Q6-40020 31Q640010 31Q640020 R210-9 R235R-9<\/td>\n<td width=\"492\">\u00a0YM15V00007F1 SK170-8<\/td>\n<\/tr>\n<tr>\n<td width=\"568\">\u00a031Q6-41010 31Q641010 R210W-9<\/td>\n<td width=\"492\">YN15V00007F1 YN53D00001F2 YN15V00009F1 YN53D00004F1 SK200-IV<\/td>\n<\/tr>\n<tr>\n<td width=\"568\">31Q8-40040 31Q9-40020 31Q9-40021 31Q840040 31Q940020 31Q940021 R250-9<\/td>\n<td width=\"492\">\u00a0YN15V00017F3 YN53D00008F1 YN53D00008F3 SK200-6<\/td>\n<\/tr>\n<tr>\n<td width=\"568\">\u00a031Q8-40040 31Q9-40020 31Q9-40021 31Q840040 31Q940020 31Q940021 R250-9<\/td>\n<td width=\"492\">YN15V00011F1 YN15V00011F4 YN15V00017F1 SK200-6<\/td>\n<\/tr>\n<tr>\n<td width=\"568\">31Q7-40030 XKAH-01095 31Q740030 XKAH01095 R250-9<\/td>\n<td width=\"492\">YN53D00008F3 YN53D00008F2 YN15V00011F4 YN15V00017F3 SK200SR<\/td>\n<\/tr>\n<tr>\n<td width=\"568\">31Q9-40010 31Q9-40020 31Q9-40021 31Q940010 31Q940020 31Q940021 R320-9<\/td>\n<td width=\"492\">YN53D00015F1 YN15V00037F1YN15V00037F2R SK200-8<\/td>\n<\/tr>\n<tr>\n<td width=\"568\">31Q9-40030 31Q9-40031 31Q940030 31Q940031 R320-9<\/td>\n<td width=\"492\">\u00a0YT15V00019F1 YT15V00019F2 SK75SR Kobelco<\/td>\n<\/tr>\n<tr>\n<td width=\"568\">\u00a0XKAY-01623 XKAH-01449 XKAY-01704 XKAY01623 XKAH01449 XKAY01704 R360-9<\/td>\n<td width=\"492\">\u00a0YT53D00001F1 YT53D00002F1 YT15V00012F1 SK70SR-2<\/td>\n<\/tr>\n<tr>\n<td width=\"568\">31QA-40020 31QA-40040 31QA40020 31QA40040 R360-9<\/td>\n<td width=\"492\">YY15V00015F1 YY15V00035F1 SK140SR<\/td>\n<\/tr>\n<tr>\n<td width=\"568\">XKAH-01287 XKAH01287 R450-7 R480-9 R500-7 R500-7A<\/td>\n<td width=\"492\">\u00a0YM15V00001F2 SK160-6E<\/td>\n<\/tr>\n<tr>\n<td width=\"568\">31NB-40030 34E7-02500 31NB40030 34EZ02500 R450-7 R480-9 R500-7 R500-7A<\/td>\n<td width=\"492\">YX15V00003F4C YX15V00003F1 2441U994F2 SK135SR<\/td>\n<\/tr>\n<tr>\n<td width=\"568\">34E7-03050 34E7-02490 34E703050 34E702490 R450-7 R480-9 R500-7 R500-7A<\/td>\n<td width=\"492\">\u00a0YX15V00003F2 YX15V00003F4 YX15V00003F4R SK135SR<\/td>\n<\/tr>\n<tr>\n<td width=\"568\">\u00a0XJDH-01749 XJDH01749 R75-7<\/td>\n<td width=\"492\">\u00a024100U1079F1 2441U1030F1 24100U1682F1 24100U1682F1 SK300-IV<\/td>\n<\/tr>\n<tr>\n<td width=\"568\">LB15V00002F1 LB15V00002F3 SK290<\/td>\n<td width=\"492\">2441U787F3 24100U1079F1 2441U792F3 SK330-IV<\/td>\n<\/tr>\n<tr>\n<td width=\"568\">24100J11090F3 2441U820F1 2437U407F1 SK200-III<\/td>\n<td width=\"492\">\u00a02441U1029F1 2441U1030F1 24100U1682F1 SK330-IV<\/td>\n<\/tr>\n<tr>\n<td width=\"568\">\u00a024100J11675F4 2441U928F1 2441U928F2 SK220-III<\/td>\n<td width=\"492\">2441U928F1 2441U928F2 24100J11675F2 24100J11675F4 SK220-IV<\/td>\n<\/tr>\n<tr>\n<td width=\"568\">\u00a024100U1743F2 LS15V00003F1 LS15V00004F1 SK480<\/td>\n<td width=\"492\">\u00a02441U948F1 2441U948F2 SK300-2<\/td>\n<\/tr>\n<tr>\n<td width=\"568\">24100U1079F1 2441U792F1 2441U792F3 SK300-III<\/td>\n<td width=\"492\">\u00a0LB15V00003F1 LB15V00003F3 LB53D00002F1 SK290-6E<\/td>\n<\/tr>\n<tr>\n<td width=\"568\">\u00a02441U787F2 2441U787F3 2441U787F1 SK300-III<\/td>\n<td width=\"492\">\u00a0LB15V00002F1 LB15V00002F1 LB15V00002F3 SK290-6E K<\/td>\n<\/tr>\n<tr>\n<td width=\"568\">LB15V00002F1 LB15V00002F3 SK290<\/td>\n<td width=\"492\">LC15V00005F1 LC15V00005F4R LC15V00005F4C SK330<\/td>\n<\/tr>\n<tr>\n<td width=\"568\">LV53D00007F2 LV53D00007F3 LV15V00001F1 SK850<\/td>\n<td width=\"492\">LC15V00005F5 LC15V00007F3 LC15V00007F4 LC53D00003F2 SK330-6E<\/td>\n<\/tr>\n<tr>\n<td width=\"568\">\u00a0LV53D00006F2 LV53D00006F3 SK850 LS15V00003F4 SK480-6E<\/td>\n<td width=\"492\">LC15V00005F4 LC15V00005F4R LC15V00005F4C SK330-6E<\/td>\n<\/tr>\n<tr>\n<td width=\"568\">Sk200-6e YN15V00011F1 YN15V00011F3 YN15V00011F4<\/td>\n<td width=\"492\">MAG-1700VP-3800 SK230-6<\/td>\n<\/tr>\n<\/tbody>\n<\/table>\n<figure class=\"wp-block-table is-style-stripes has-small-font-size\">\n<figure class=\"wp-block-table is-style-stripes has-small-font-size\"><strong>\u00a0Motor a prevodovka Dostupn\u00fd model:<\/strong><\/figure>\n<figure class=\"wp-block-table is-style-stripes has-small-font-size\">KOBELCO 17SR-3 27SR-3 27SR-5 30SR 30SR-2 30SR-3 30SR-5 35SR 35SR-2 35SR-3 35SR-5 50SR 50SR-3 50SR-5 70SR 70SR-1E 80MSR-1E ED150 ED150-1E ED150-2 ED160 K903C K903-II K904E K904EL K904-II K905A K905A LC K905LC-II MD140BLC MD140C SD40SR SK015 SK024 SK025 SK025-2 SK027 SK030-2 SK035 SK035-2 SK04-2 SK045 SK050 SK100 IV SK100 V SK100-III SK115DZ IV SK115SR SK115SRDZ-1E SK120 IV SK120LC IV SK120LC V SK120LC-III SK130LC IV SK130UR SK130UR-1E SK130UR-1ES SK135SR SK135SR-1E SK135SRL SK135SRLC SK135SRLC-2 SK13SR SK140SR SK140SRLC-3 SK150LC IV SK150LC-III SK15MSR SK16 SK160LC IV SK160LC VI SK160LC-6E SK16MSR SK17 SK170-8 SK170LC-8 SK17SR-3 SK200-6 SK200-6ES SK200LC-6 SK200SR SK200SR LC SK20SR SK210-9 SK210D-8 SK210DLC-8 SK210LC VI SK210LC-6E SK210LC-8 SK215SR SK215SRLC SK235SR-2 SK235SRLC-2 SK25SR SK25SR-2 SK260-9 SK260LC-8 SK27SR SK27SR-3 SK27SR-5 SK290LC-6E SK295-9 SK300-III SK300LC IV SK300LC-III SK30SR SK30SR-2 SK330LC VI SK330LC-6E SK350-9 SK350LC-8 SK35SR SK35SR-2 SK40SR SK40SR-2 SK40SR-3 SK45SR SK45SR-2 SK50SR-5 SK50UR SK50UR-2 SK50UR-3 SK55SRX SK55SRX-6E SK60 IV SK60 V SK60-III SK70SR SK70SR-1E SK70SR-2 SK75UR SK80CS SK80CS-1E SK80CS-2 SK80MSR SK95UR SK80MSR-1E SK150LC III SK290LC-VI<\/figure>\n<div id=\"attachment_2045\" style=\"width: 425px\" class=\"wp-caption alignnone\"><img decoding=\"async\" aria-describedby=\"caption-attachment-2045\" class=\"wp-image-2045\" src=\"https:\/\/swingbearing.net\/wp-content\/uploads\/2024\/03\/\u884c\u8d70_01-300x99.jpg\" alt=\"cestovn\u00fd motor\" width=\"415\" height=\"137\" srcset=\"https:\/\/swingbearing.net\/wp-content\/uploads\/2024\/03\/\u884c\u8d70_01-300x99.jpg 300w, https:\/\/swingbearing.net\/wp-content\/uploads\/2024\/03\/\u884c\u8d70_01-18x6.jpg 18w, https:\/\/swingbearing.net\/wp-content\/uploads\/2024\/03\/\u884c\u8d70_01-600x199.jpg 600w, https:\/\/swingbearing.net\/wp-content\/uploads\/2024\/03\/\u884c\u8d70_01.jpg 749w\" sizes=\"(max-width: 415px) 100vw, 415px\" \/><p id=\"caption-attachment-2045\" class=\"wp-caption-text\"><a href=\"https:\/\/swingbearing.net\/sk\/travel-reducer\/\">chodiaci motor<\/a><\/p><\/div>\n<div id=\"attachment_2046\" style=\"width: 445px\" class=\"wp-caption alignnone\"><img decoding=\"async\" aria-describedby=\"caption-attachment-2046\" class=\"wp-image-2046\" src=\"https:\/\/swingbearing.net\/wp-content\/uploads\/2024\/03\/\u884c\u8d70_03-300x100.jpg\" alt=\"cestovn\u00fd motor\" width=\"435\" height=\"145\" srcset=\"https:\/\/swingbearing.net\/wp-content\/uploads\/2024\/03\/\u884c\u8d70_03-300x100.jpg 300w, https:\/\/swingbearing.net\/wp-content\/uploads\/2024\/03\/\u884c\u8d70_03-18x6.jpg 18w, https:\/\/swingbearing.net\/wp-content\/uploads\/2024\/03\/\u884c\u8d70_03-600x201.jpg 600w, https:\/\/swingbearing.net\/wp-content\/uploads\/2024\/03\/\u884c\u8d70_03.jpg 750w\" sizes=\"(max-width: 435px) 100vw, 435px\" \/><p id=\"caption-attachment-2046\" class=\"wp-caption-text\"><a href=\"https:\/\/swingbearing.net\/sk\/hydraulic-motor\/\">cestovn\u00fd koncov\u00fd pohon<\/a><\/p><\/div>\n<p><div id=\"attachment_2047\" style=\"width: 450px\" class=\"wp-caption alignnone\"><img decoding=\"async\" aria-describedby=\"caption-attachment-2047\" class=\"wp-image-2047\" src=\"https:\/\/swingbearing.net\/wp-content\/uploads\/2024\/03\/\u884c\u8d70_04-300x101.jpg\" alt=\"Zn\u00ed\u017eenie cestovn\u00e9ho\" width=\"440\" height=\"148\" srcset=\"https:\/\/swingbearing.net\/wp-content\/uploads\/2024\/03\/\u884c\u8d70_04-300x101.jpg 300w, https:\/\/swingbearing.net\/wp-content\/uploads\/2024\/03\/\u884c\u8d70_04-18x6.jpg 18w, https:\/\/swingbearing.net\/wp-content\/uploads\/2024\/03\/\u884c\u8d70_04-600x202.jpg 600w, https:\/\/swingbearing.net\/wp-content\/uploads\/2024\/03\/\u884c\u8d70_04.jpg 750w\" sizes=\"(max-width: 440px) 100vw, 440px\" \/><p id=\"caption-attachment-2047\" class=\"wp-caption-text\"><a href=\"https:\/\/swingbearing.net\/sk\/swing-bearing\/\">Zn\u00ed\u017eenie cestovn\u00e9ho<\/a><\/p><\/div><\/figure>\n<\/figure>","protected":false},"excerpt":{"rendered":"<h5 class=\"ct-headline\">Kateg\u00f3rie: Kobelco Travel Motor Hydraulick\u00fd motor Kone\u010dn\u00fd pohon<br \/>\nModel:  SK485LC-8<br \/>\n\u010c\u00edslo dielu: LS15V00020F4<\/h5>","protected":false},"featured_media":2055,"template":"","meta":[],"product_brand":[],"product_cat":[26],"product_tag":[],"class_list":{"0":"post-2107","1":"product","2":"type-product","3":"status-publish","4":"has-post-thumbnail","6":"product_cat-hydraulic-motors","8":"first","9":"instock","10":"shipping-taxable","11":"product-type-simple"},"_links":{"self":[{"href":"https:\/\/swingbearing.net\/sk\/wp-json\/wp\/v2\/product\/2107","targetHints":{"allow":["GET"]}}],"collection":[{"href":"https:\/\/swingbearing.net\/sk\/wp-json\/wp\/v2\/product"}],"about":[{"href":"https:\/\/swingbearing.net\/sk\/wp-json\/wp\/v2\/types\/product"}],"wp:featuredmedia":[{"embeddable":true,"href":"https:\/\/swingbearing.net\/sk\/wp-json\/wp\/v2\/media\/2055"}],"wp:attachment":[{"href":"https:\/\/swingbearing.net\/sk\/wp-json\/wp\/v2\/media?parent=2107"}],"wp:term":[{"taxonomy":"product_brand","embeddable":true,"href":"https:\/\/swingbearing.net\/sk\/wp-json\/wp\/v2\/product_brand?post=2107"},{"taxonomy":"product_cat","embeddable":true,"href":"https:\/\/swingbearing.net\/sk\/wp-json\/wp\/v2\/product_cat?post=2107"},{"taxonomy":"product_tag","embeddable":true,"href":"https:\/\/swingbearing.net\/sk\/wp-json\/wp\/v2\/product_tag?post=2107"}],"curies":[{"name":"wp","href":"https:\/\/api.w.org\/{rel}","templated":true}]}}