{"id":2101,"date":"2024-03-11T05:42:30","date_gmt":"2024-03-11T05:42:30","guid":{"rendered":"https:\/\/swingbearing.net\/?post_type=product&#038;p=2101"},"modified":"2024-03-11T05:44:29","modified_gmt":"2024-03-11T05:44:29","slug":"travel-motor-pc230lc-6","status":"publish","type":"product","link":"https:\/\/swingbearing.net\/sk\/product\/travel-motor-pc230lc-6\/","title":{"rendered":"Travel Motor 206-27-00302 for KOMATSU  PC230LC-6 Final Drive"},"content":{"rendered":"<h4>M\u00f4\u017eeme poskytn\u00fa\u0165 \u0161irok\u00fd sortiment pojazdov\u00fdch motorov\/koncov\u00fdch prevodoviek\/reduk\u010dn\u00fdch prevodoviek pre r\u00fdpadl\u00e1.<\/h4>\n<p>Cestovn\u00fd motor (koncov\u00fd pohon) je mechanick\u00e9 zariadenie, ktor\u00e9 sa pou\u017e\u00edva najm\u00e4 na pohon elektrick\u00fdch zariaden\u00ed, ako s\u00fa roboty, sk\u00fatre a elektrick\u00e9 bicykle, dopredu alebo na pr\u00e1cu. Jeho z\u00e1kladn\u00fdm princ\u00edpom \u010dinnosti je vyu\u017eitie princ\u00edpu elektromagnetickej indukcie na generovanie rota\u010dn\u00e9ho kr\u00fatiaceho momentu a n\u00e1sledn\u00e9 zn\u00ed\u017eenie ot\u00e1\u010dok prostredn\u00edctvom vn\u00fatorn\u00e9ho reduk\u010dn\u00e9ho zariadenia na pohon vonkaj\u0161\u00edch kolies alebo re\u0165az\u00ed na pohyb. Z kon\u0161truk\u010dn\u00e9ho h\u013eadiska sa pojazdov\u00fd motor zvy\u010dajne sklad\u00e1 z vysokor\u00fdchlostn\u00e9ho hydraulick\u00e9ho motora, brzdy, planetov\u00e9ho reduktora, ventilovej skupiny at\u010f. a vyu\u017e\u00edva kon\u0161trukciu s vysoko \u00fanosn\u00fdmi ku\u017eel\u00edkov\u00fdmi lo\u017eiskami, ktor\u00e9 zn\u00e1\u0161aj\u00fa axi\u00e1lne a radi\u00e1lne sily generovan\u00e9 r\u00fdpadlom po\u010das prev\u00e1dzky a ot\u00e1\u010dania.<br \/>\nN\u00e1\u0161 sk\u00fasen\u00fd predajn\u00fd t\u00edm m\u00e1 k dispoz\u00edcii bohat\u00e9 znalosti a sk\u00fasenosti v oblasti cestovn\u00fdch koncov\u00fdch pohonov, aby sme zabezpe\u010dili r\u00fdchle a n\u00e1kladovo efekt\u00edvne splnenie va\u0161ich po\u017eiadaviek na cestovn\u00e9 motory.<\/p>\n<p><strong>\u00a0Podporovan\u00e9 zna\u010dky<\/strong><br \/>\nV s\u00fa\u010dasnosti m\u00f4\u017eeme poskytn\u00fa\u0165 motory pre \u0161irok\u00fd v\u00fdber r\u00fdpadiel vyr\u00e1ban\u00fdch spolo\u010dnos\u0165ami ako Komatsu, Caterpillar, Volvo, Case, Doosan, Sumitomo, Hyundai, Kobelco, JCB, Liugong, Sany, XCMG a Hitachi.<\/p>\n<h4>S\u00favisiace Komatsu Excavator Travel Motor Assy<\/h4>\n<figure class=\"wp-block-table is-style-stripes has-small-font-size\">\n<table class=\"has-cyan-bluish-gray-background-color has-background\">\n<tbody>\n<tr>\n<td width=\"523\">708-8F-00192 708-8F-00191 708-8F-00190 708-8F-00192 PC220-7<\/td>\n<td width=\"486\">20T-60-82121 20T-60-82120 20T-60-82121 20T-60-82120 PC45R-8<\/td>\n<\/tr>\n<tr>\n<td width=\"523\">203-60-00302 203-60-00301 203-60-00300 203-60-41101 203-60-00310 pc120-3<\/td>\n<td width=\"486\">\u00a0208-27-00243 706-8J-01012 PC450-8<\/td>\n<\/tr>\n<tr>\n<td width=\"523\">706-88-02100 PC600-8 Komatsu<\/td>\n<td width=\"486\">20T-60-72120 PC45-1 706-7L-01110 PC2000-8<\/td>\n<\/tr>\n<tr>\n<td width=\"523\">706-77-00800 706-77-42001 706-77-42000 PC400-1 PC650-1Komatsu<\/td>\n<td width=\"486\">208-27-00104 208-27-00103 208-27-00102 PC410-5<\/td>\n<\/tr>\n<tr>\n<td width=\"523\">207-27-00440 708-8H-00320 PC300-7E0 PC350-7E0Komatsu<\/td>\n<td width=\"486\">20T-60-87120 PC40R-8Komatsu<\/td>\n<\/tr>\n<tr>\n<td width=\"523\">207-27-00440 708-8H-00320 PC300-7E0 PC350-7E0Komatsu<\/td>\n<td width=\"486\">208-27-00243 706-8J-01012 PC400-8Komatsu<\/td>\n<\/tr>\n<tr>\n<td width=\"523\">21D-60-15001 21D-60-16400 PC95-1Komatsu<\/td>\n<td width=\"486\">706-8J-01012 706-8J-01011 PC400-7 PC450-7<\/td>\n<\/tr>\n<tr>\n<td width=\"523\">201-60-73101 PC78US-5Komatsu20X-60-31200 PC90-1<\/td>\n<td width=\"486\">706-88-00112 706-88-00111 706-88-00110 PC400-6 PC450-6<\/td>\n<\/tr>\n<tr>\n<td width=\"523\">\u00a0PC1250-7 PC1250-8 21n-60-34100 TRAVEL MOTOR<\/td>\n<td width=\"486\">706-88-00112 706-88-00111 706-88-00110 PC400-6 PC450-6<\/td>\n<\/tr>\n<tr>\n<td width=\"523\">21W-60-41201 PC78MR-6 PC78US-6 PC78UU-6Komatsu<\/td>\n<td width=\"486\">706-88-00151 706-88-00150 706-88-00151 706-88-00150 PC400-6 PC450-6<\/td>\n<\/tr>\n<tr>\n<td width=\"523\">21W-60-33100 PC75UU-3Komatsu motor koncov\u00e9ho pohonu<\/td>\n<td width=\"486\">\u00a0208-27-00104 208-27-00103 208-27-00100 PC400-5<\/td>\n<\/tr>\n<tr>\n<td width=\"523\">21W-60-22411 PC75UU-2Komatsu PC750-7Komatsu 209-60-75101<\/td>\n<td width=\"486\">208-27-00023 208-27-00022 208-27-00021 PC400-3<\/td>\n<\/tr>\n<tr>\n<td width=\"523\">20U-60-12200 20U-60-12100 PC50UU-1<\/td>\n<td width=\"486\">706-87-01202 706-87-01201 706-87-01200 706-87-00101 PC400-3<\/td>\n<\/tr>\n<tr>\n<td width=\"523\">209-27-00271 209-27-00270 209-27-00261 209-27-00260 PC750-6 PC800-6 PC800-7<\/td>\n<td width=\"486\">20T-60-42100 20S-60-22101 PC40-6<\/td>\n<\/tr>\n<tr>\n<td width=\"523\">978B0000-00-NG TZ971B200000NG PC75-1 PC75R-2Komatsu<\/td>\n<td width=\"486\">20S-60-82121 20S-60-82120 PC35R-8<\/td>\n<\/tr>\n<tr>\n<td width=\"523\">201-60-61100 201-60-61200 PC70-6Komatsu<\/td>\n<td width=\"486\">708-8H-00320 PC350-7 PC350-8<\/td>\n<\/tr>\n<tr>\n<td width=\"523\">209-60-63502 209-60-63501 PC650-5 PC710-5Komatsu<\/td>\n<td width=\"486\">207-27-00440 708-8H-00320 PC300-8 PC300-7E0 PC350-7E0<\/td>\n<\/tr>\n<tr>\n<td width=\"523\">209-27-00060 209-27-00121 209-27-00120 PC650-3Komatsu<\/td>\n<td width=\"486\">708-8H-00320 207-27-00371 207-27-00410 PC300-7<\/td>\n<\/tr>\n<tr>\n<td width=\"523\">209-27-00063 209-27-00062 209-27-00061 PC650-3Komatsu<\/td>\n<td width=\"486\">708-8H-00250 708-8H-00210 207-27-00160 PC300-6 PC350-6<\/td>\n<\/tr>\n<tr>\n<td width=\"523\">706-8L-01010 706-88-01110 706-88-01101 PC600-7 Komatsu<\/td>\n<td width=\"486\">708-8H-00270 207-27-00151 207-27-00150 PC300-6 PC350-6<\/td>\n<\/tr>\n<tr>\n<td width=\"523\">21M-27-00041 21M-27-00030 21M-27-00010 PC600-7Komatsu<\/td>\n<td width=\"486\">207-27-00102 207-27-00101 207-27-00100 PC300-5C<\/td>\n<\/tr>\n<tr>\n<td width=\"523\">706-88-01101 706-88-01110 PC600-6 20U-60-42111 PC58UU-3-N<\/td>\n<td width=\"486\">207-27-X1100 207-27-00105 207-27-00104 207-27-00103 PC300-5C<\/td>\n<\/tr>\n<tr>\n<td width=\"523\">201-60-71100 201-60-71700 201-60-71800 PC60-7<\/td>\n<td width=\"486\">207-27-00055 207-27-00054 207-27-00053 PC300-3<\/td>\n<\/tr>\n<tr>\n<td width=\"523\">201-60-73500 201-60-73101 201-60-73100 PC60-7<\/td>\n<td width=\"486\">706-75-10402 706-75-10400 207-27-00052 207-27-00051 PC300-3<\/td>\n<\/tr>\n<tr>\n<td width=\"523\">208-27-00101 208-27-00100 PC410-5<\/td>\n<td width=\"486\">20S-60-72120 PC30-7 20S-60-32100 PC30-6<\/td>\n<\/tr>\n<tr>\n<td width=\"523\">\u00a020U-60-23331 20U-60-23330 20U-60-23320 20U-60-12200 PC50UU-2<\/td>\n<td width=\"486\">\u00a0206-27-00030 708-8H-00081 708-8H-00080 708-8H-00041 PC220-5<\/td>\n<\/tr>\n<tr>\n<td width=\"523\">21N-27-00130 705-21-26050 21N-27-00140 21N-60-34100 PC1250-7 PC1250-8<\/td>\n<td width=\"486\">21U-60-22101 PC28UU-2 708-8H-00280 PC250-6<\/td>\n<\/tr>\n<tr>\n<td width=\"523\">206-27-00022 206-27-00021 206-27-00020 PC220-3<\/td>\n<td width=\"486\">207-27-00440 207-27-00470 708-8H-00350 708-8H-00320 PC270-8<\/td>\n<\/tr>\n<tr>\n<td width=\"523\">206-27-00025 206-27-00024 206-27-00023 PC220-3<\/td>\n<td width=\"486\">207-27-00270 207-27-00261 708-8H-00320 708-8H-00330 PC270-7-W1<\/td>\n<\/tr>\n<tr>\n<td width=\"523\">706-75-10402 706-75-10400 206-27-00027 206-27-00026 PC220-3<\/td>\n<td width=\"486\">708-8H-00250 708-8H-00210 PC250HD-6Z<\/td>\n<\/tr>\n<tr>\n<td width=\"523\">708-8F-00110 708-8F-00061 708-8F-00060 PC200CA-6 PC210-6<\/td>\n<td width=\"486\">708-8F-00071 708-8F-00070 PC220-6<\/td>\n<\/tr>\n<tr>\n<td width=\"523\">20Y-27-00202 20Y-27-00201 20Y-27-00200 PC200CA-6-C1<\/td>\n<td width=\"486\">708-8F-00220 708-8F-00150 PC228US-3-KU PC228US-3N-W1<\/td>\n<\/tr>\n<tr>\n<td width=\"523\">20Y-27-00102 20Y-27-00101 708-8H-00171 20Y-27-00203 PC200CA-6-C1<\/td>\n<td width=\"486\">708-8F-00120 206-27-00202 22U-60-12510 PC228US-2-KJ<\/td>\n<\/tr>\n<tr>\n<td width=\"523\">206-27-00033 206-27-00032 206-27-00031 206-27-00038 206-27-00037 PC220-5<\/td>\n<td width=\"486\">708-8F-00120 PC228US-1T<\/td>\n<\/tr>\n<tr>\n<td width=\"523\">206-27-00035 206-27-00034 206-27-00033 206-27-00032 PC220-5<\/td>\n<td width=\"486\">\u00a0206-27-00422 708-8F-00192 PC220-8<\/td>\n<\/tr>\n<tr>\n<td width=\"523\">20Y-27-00360 20Y-27-00441 20Y-27-00440 PC200-7<\/td>\n<td width=\"486\">708-8F-00192 708-8F-00191 708-8F-00190 708-8F-00192 PC220-7<\/td>\n<\/tr>\n<tr>\n<td width=\"523\">\u00a020Y-27-00300 20Y-27-00352 20Y-27-00351 20Y-27-00361 PC200-8<\/td>\n<td width=\"486\">708-8F-00121 708-8F-00120 PC230-6<\/td>\n<\/tr>\n<tr>\n<td width=\"523\">708-8F-00111 708-8F-00110 708-8F-00061 708-8F-00060 PC200-6-A PC200-6H-A PC200-6Z<\/td>\n<td width=\"486\">206-27-X1111 206-27-00029 206-27-00028 206-27-00027 PC220-5C<\/td>\n<\/tr>\n<\/tbody>\n<\/table>\n<figure class=\"wp-block-table is-style-stripes has-small-font-size\"><strong>\u00a0Motor a prevodovka Dostupn\u00fd model:<\/strong><\/figure>\n<figure class=\"wp-block-table is-style-stripes has-small-font-size\">KOMATSUCK1122 CK20-1 CK25-1 CK30-1 CK35-1 HB205-1 HB205-1M0 HB215LC-1 MX352 MX502 PC05-6 PC05-7 PC07-1 PC07-2 PC100-3 PC100-5Z PC100-6 PC100U-3 PC10-5 PC10-6 PC10-7 PC110R-1 PC118MR-8 PC120-3 PC120-3K PC120-5 PC120-5K PC120-5Z PC120-6 PC120-6Z PC120-8 PC120LC-6 PC128US-1 PC128US-2 PC128UU-1 PC128UU-2 PC128UU-8 PC12R-8 PC12UU-1 PC130-5K PC130-6 PC130-6K PC130-7 PC130-7K PC130-8 PC138US-2 PC138US-2-AE PC138US-8 PC138USLC-2 PC138USLC-2A PC14R-2 PC14R-3 PC14R-3 HS PC150-6K PC150LC-6K PC150LGP-6K PC15-2 PC15-3 PC15FR-1 PC15MRX-1 PC15R-8 PC160-6K PC160LC-8 LGP PC160LC-LGP PC16R-2 PC16R-3 PC16R-3 HS PC180LC-6K PC180NLC-6K PC18MR-2 PC18MR-3 PC200-6 PC200-6-A PC200-6B PC200-6H-A PC200-6L PC200-6LC PC200-7 PC200-7B PC200-8 PC200CA-6 PC200CA-6-C1 PC200EL-6K PC200EN-6K PC200LC-6 PC200LC-6-A PC200LC-6H-A PC200LC-6L PC200LC-6LC PC200LC-6LE PC200LC-7 PC200LC-7B PC200LC-7L PC200LC-8 PC200LC-8E0 PC200LL-6 PC200LL-7L PC200Z-6LE PC20-3 PC20-5 PC20-6 PC20-7 PC20FR-1 PC20FR-2 PC20MR-1-K PC20MR-2 PC20MRX-1 PC20R-8 PC210-6 PC210-6K PC210-7K PC210-8K PC210LC-6 PC210LC-6K PC210LC-6L PC210LC-6LC PC210LC-6LE PC210LC-7K PC210LC-8K PC210NLC-7K PC210NLC-8K PC220-6 PC220LC-6 PC220LC-6L PC220LC-6LC PC220LC-6LC PC220LC-6LE PC220LC-7 PC220LC-7L PC220LC-8 PC220LL-6 PC228US-3EO-D PC228USLC-1 PC228USLC-2 PC228USLC-3 PC228USLC-3EO-D PC228UU-1 PC230NHD-7K PC230NHD-8K PC240-6K PC240-8 PC240LC-6K PC240LC-7 PC240LC-8K PC240NLC-6K PC240NLC-7 PC240NLC-8K PC25-1 PC26MR-3 PC27MR-2 PC27MR-3 PC27MRX-1 PC27MRX-1A PC27MRX-2 PC27R-8 PC28UU-3 PC30-3 PC30-5 PC30-6 PC30-7 PC30FR-1 PC30FR-2 PC30MR-2 PC30MR-3 PC30MRX-1 PC30R-8 PC35MR-2 PC35MR-3 PC35MRX-1 PC35R-8 PC35R-8 DELUXE PC38UU-1 PC38UU-2 PC38UU-3 PC38UUM-2 PC40-3 PC40-5 PC40-6 PC40-7 PC40FR-1 PC40MR-1 PC40MR-2 PC40MRX-1 PC40R-8 PC45-1 PC45MR-3 PC45MRX-1 PC45R-8 PC45R-8 DELUXE PC50FR-1 PC50FR-2 PC50MR-2 PC50UU-1 PC50UU-2 PC50UU-2 &amp; -2E PC50UU-2E PC55MR-3 PC58UU-3 PC58UU-5 PC60-2 PC60-3 PC60-5 PC60-6 PC60-7 PC60-7B PC60L-5 PC60U-5 PC70-6 PC70-7 PC70FR-1 PC75-1 PC75R-2 PC75R-2HD PC75UU-1 PC75UU-2 PC75UU-3 PC78MR-6 PC78US-5 PC78US-6 PC78US-8 PC78UU-6 PC80MR-3 PC88MR-10 PC88MR-6 PC88MR-8 PC95-1 PC95R-2 PC138USLC-8 PC220-7<\/figure>\n<div id=\"attachment_2045\" style=\"width: 425px\" class=\"wp-caption alignnone\"><img decoding=\"async\" aria-describedby=\"caption-attachment-2045\" class=\"wp-image-2045\" src=\"https:\/\/swingbearing.net\/wp-content\/uploads\/2024\/03\/\u884c\u8d70_01-300x99.jpg\" alt=\"cestovn\u00fd motor\" width=\"415\" height=\"137\" srcset=\"https:\/\/swingbearing.net\/wp-content\/uploads\/2024\/03\/\u884c\u8d70_01-300x99.jpg 300w, https:\/\/swingbearing.net\/wp-content\/uploads\/2024\/03\/\u884c\u8d70_01-18x6.jpg 18w, https:\/\/swingbearing.net\/wp-content\/uploads\/2024\/03\/\u884c\u8d70_01-600x199.jpg 600w, https:\/\/swingbearing.net\/wp-content\/uploads\/2024\/03\/\u884c\u8d70_01.jpg 749w\" sizes=\"(max-width: 415px) 100vw, 415px\" \/><p id=\"caption-attachment-2045\" class=\"wp-caption-text\"><a href=\"https:\/\/swingbearing.net\/sk\/travel-reducer\/\">chodiaci motor<\/a><\/p><\/div>\n<div id=\"attachment_2046\" style=\"width: 445px\" class=\"wp-caption alignnone\"><img decoding=\"async\" aria-describedby=\"caption-attachment-2046\" class=\"wp-image-2046\" src=\"https:\/\/swingbearing.net\/wp-content\/uploads\/2024\/03\/\u884c\u8d70_03-300x100.jpg\" alt=\"cestovn\u00fd motor\" width=\"435\" height=\"145\" srcset=\"https:\/\/swingbearing.net\/wp-content\/uploads\/2024\/03\/\u884c\u8d70_03-300x100.jpg 300w, https:\/\/swingbearing.net\/wp-content\/uploads\/2024\/03\/\u884c\u8d70_03-18x6.jpg 18w, https:\/\/swingbearing.net\/wp-content\/uploads\/2024\/03\/\u884c\u8d70_03-600x201.jpg 600w, https:\/\/swingbearing.net\/wp-content\/uploads\/2024\/03\/\u884c\u8d70_03.jpg 750w\" sizes=\"(max-width: 435px) 100vw, 435px\" \/><p id=\"caption-attachment-2046\" class=\"wp-caption-text\"><a href=\"https:\/\/swingbearing.net\/sk\/hydraulic-motor\/\">cestovn\u00fd koncov\u00fd pohon<\/a><\/p><\/div>\n<p><div id=\"attachment_2047\" style=\"width: 450px\" class=\"wp-caption alignnone\"><img decoding=\"async\" aria-describedby=\"caption-attachment-2047\" class=\"wp-image-2047\" src=\"https:\/\/swingbearing.net\/wp-content\/uploads\/2024\/03\/\u884c\u8d70_04-300x101.jpg\" alt=\"Zn\u00ed\u017eenie cestovn\u00e9ho\" width=\"440\" height=\"148\" srcset=\"https:\/\/swingbearing.net\/wp-content\/uploads\/2024\/03\/\u884c\u8d70_04-300x101.jpg 300w, https:\/\/swingbearing.net\/wp-content\/uploads\/2024\/03\/\u884c\u8d70_04-18x6.jpg 18w, https:\/\/swingbearing.net\/wp-content\/uploads\/2024\/03\/\u884c\u8d70_04-600x202.jpg 600w, https:\/\/swingbearing.net\/wp-content\/uploads\/2024\/03\/\u884c\u8d70_04.jpg 750w\" sizes=\"(max-width: 440px) 100vw, 440px\" \/><p id=\"caption-attachment-2047\" class=\"wp-caption-text\"><a href=\"https:\/\/swingbearing.net\/sk\/swing-bearing\/\">Zn\u00ed\u017eenie cestovn\u00e9ho<\/a><\/p><\/div><\/figure>","protected":false},"excerpt":{"rendered":"<h5 class=\"ct-headline\">Kateg\u00f3rie: Komatsu Travel Motor Hydraulick\u00fd motor Final Drive<br \/>\nModel: PC230LC-6<br \/>\nPart No.: 206-27-00302<\/h5>","protected":false},"featured_media":2083,"template":"","meta":[],"product_brand":[],"product_cat":[26],"product_tag":[],"class_list":{"0":"post-2101","1":"product","2":"type-product","3":"status-publish","4":"has-post-thumbnail","6":"product_cat-hydraulic-motors","8":"first","9":"instock","10":"shipping-taxable","11":"product-type-simple"},"_links":{"self":[{"href":"https:\/\/swingbearing.net\/sk\/wp-json\/wp\/v2\/product\/2101","targetHints":{"allow":["GET"]}}],"collection":[{"href":"https:\/\/swingbearing.net\/sk\/wp-json\/wp\/v2\/product"}],"about":[{"href":"https:\/\/swingbearing.net\/sk\/wp-json\/wp\/v2\/types\/product"}],"wp:featuredmedia":[{"embeddable":true,"href":"https:\/\/swingbearing.net\/sk\/wp-json\/wp\/v2\/media\/2083"}],"wp:attachment":[{"href":"https:\/\/swingbearing.net\/sk\/wp-json\/wp\/v2\/media?parent=2101"}],"wp:term":[{"taxonomy":"product_brand","embeddable":true,"href":"https:\/\/swingbearing.net\/sk\/wp-json\/wp\/v2\/product_brand?post=2101"},{"taxonomy":"product_cat","embeddable":true,"href":"https:\/\/swingbearing.net\/sk\/wp-json\/wp\/v2\/product_cat?post=2101"},{"taxonomy":"product_tag","embeddable":true,"href":"https:\/\/swingbearing.net\/sk\/wp-json\/wp\/v2\/product_tag?post=2101"}],"curies":[{"name":"wp","href":"https:\/\/api.w.org\/{rel}","templated":true}]}}