{"id":2080,"date":"2024-03-11T03:35:08","date_gmt":"2024-03-11T03:35:08","guid":{"rendered":"https:\/\/swingbearing.net\/?post_type=product&#038;p=2080"},"modified":"2024-03-11T04:56:54","modified_gmt":"2024-03-11T04:56:54","slug":"travel-motor-ecr88","status":"publish","type":"product","link":"https:\/\/swingbearing.net\/sk\/product\/travel-motor-ecr88\/","title":{"rendered":"Pojazdov\u00fd motor pre 8 tonov\u00e9 r\u00fdpadlo Volvo Ec R88 14516538 14520757"},"content":{"rendered":"<h4>M\u00f4\u017eeme poskytn\u00fa\u0165 \u0161irok\u00fd sortiment pojazdov\u00fdch motorov\/koncov\u00fdch prevodoviek\/reduk\u010dn\u00fdch prevodoviek pre r\u00fdpadl\u00e1.<\/h4>\n<p>Cestovn\u00fd motor (koncov\u00fd pohon) je mechanick\u00e9 zariadenie, ktor\u00e9 sa pou\u017e\u00edva najm\u00e4 na pohon elektrick\u00fdch zariaden\u00ed, ako s\u00fa roboty, sk\u00fatre a elektrick\u00e9 bicykle, dopredu alebo na pr\u00e1cu. Jeho z\u00e1kladn\u00fdm princ\u00edpom \u010dinnosti je vyu\u017eitie princ\u00edpu elektromagnetickej indukcie na generovanie rota\u010dn\u00e9ho kr\u00fatiaceho momentu a n\u00e1sledn\u00e9 zn\u00ed\u017eenie ot\u00e1\u010dok prostredn\u00edctvom vn\u00fatorn\u00e9ho reduk\u010dn\u00e9ho zariadenia na pohon vonkaj\u0161\u00edch kolies alebo re\u0165az\u00ed na pohyb. Z kon\u0161truk\u010dn\u00e9ho h\u013eadiska sa pojazdov\u00fd motor zvy\u010dajne sklad\u00e1 z vysokor\u00fdchlostn\u00e9ho hydraulick\u00e9ho motora, brzdy, planetov\u00e9ho reduktora, ventilovej skupiny at\u010f. a vyu\u017e\u00edva kon\u0161trukciu s vysoko \u00fanosn\u00fdmi ku\u017eel\u00edkov\u00fdmi lo\u017eiskami, ktor\u00e9 zn\u00e1\u0161aj\u00fa axi\u00e1lne a radi\u00e1lne sily generovan\u00e9 r\u00fdpadlom po\u010das prev\u00e1dzky a ot\u00e1\u010dania.<br \/>\nN\u00e1\u0161 sk\u00fasen\u00fd predajn\u00fd t\u00edm m\u00e1 k dispoz\u00edcii bohat\u00e9 znalosti a sk\u00fasenosti v oblasti cestovn\u00fdch koncov\u00fdch pohonov, aby sme zabezpe\u010dili r\u00fdchle a n\u00e1kladovo efekt\u00edvne splnenie va\u0161ich po\u017eiadaviek na cestovn\u00e9 motory.<\/p>\n<p><strong>\u00a0Podporovan\u00e9 zna\u010dky<\/strong><br \/>\nV s\u00fa\u010dasnosti m\u00f4\u017eeme poskytn\u00fa\u0165 motory pre \u0161irok\u00fd v\u00fdber r\u00fdpadiel vyr\u00e1ban\u00fdch spolo\u010dnos\u0165ami ako Komatsu, Caterpillar, Volvo, Case, Doosan, Sumitomo, Hyundai, Kobelco, JCB, Liugong, Sany, XCMG a Hitachi.<\/p>\n<h4>S\u00favisiace Volvo Excavator Travel Motor Assy<\/h4>\n<figure class=\"wp-block-table is-style-stripes has-small-font-size\">\n<table class=\"has-cyan-bluish-gray-background-color has-background\">\n<tbody>\n<tr>\n<td width=\"383\">PJ5370175 PJ4890093 EC70<\/td>\n<td width=\"523\">\u00a0VOE14263523 VOE14345000 VOE14342058 EC390 volvo<\/td>\n<\/tr>\n<tr>\n<td width=\"383\">\u00a0SA1143-01100 SA1143-01090 EC460<\/td>\n<td width=\"523\">\u00a0VOE14263524 VOE14264393 EC650 volvo<\/td>\n<\/tr>\n<tr>\n<td width=\"383\">SA14505081 SA14505043 EC55E<\/td>\n<td width=\"523\">\u00a0VOE14265276 EC300 EC340 volvo<\/td>\n<\/tr>\n<tr>\n<td width=\"383\">\u00a0SA14505081 VOE14500160 SA14505043 EC55<\/td>\n<td width=\"523\">VOE14268106 VOE14214704 EC130C volvo<\/td>\n<\/tr>\n<tr>\n<td width=\"383\">\u00a0SA7117-30050 SA1143-01270 EC210<\/td>\n<td width=\"523\">\u00a0VOE14265276 EC300 EC340<\/td>\n<\/tr>\n<tr>\n<td width=\"383\">\u00a0SA7117-34050 SA1143-00111 EC240<\/td>\n<td width=\"523\">\u00a0VOE14344114 VOE14344115 EC280<\/td>\n<\/tr>\n<tr>\n<td width=\"383\">\u00a0SA8230-33470 VOE14524182 EC135B<\/td>\n<td width=\"523\">\u00a0VOE14344120 VOE14346193 VOE14268381 EC280<\/td>\n<\/tr>\n<tr>\n<td width=\"383\">\u00a0VOE14528733 SA1143-01060 VOE14524182 EC140B<\/td>\n<td width=\"523\">\u00a0VOE14505081 VOE14505043 EC55B volvo<\/td>\n<\/tr>\n<tr>\n<td width=\"383\">EC700 EC700B EC700BLC VOE 14522564<\/td>\n<td width=\"523\">\u00a0VOE14522565 VOE14522564 EC700B volvo<\/td>\n<\/tr>\n<tr>\n<td width=\"383\">\u00a0VOE14214704 EC130 EC150<\/td>\n<td width=\"523\">VOE14521839 VOE14522919 VOE14528280 EC290B<\/td>\n<\/tr>\n<tr>\n<td width=\"383\">\u00a0VOE14214704 VOE14268106 EC150C EC130C<\/td>\n<td width=\"523\">\u00a0VOE14528733 VOE14514895 VOE14533649 EC160B<\/td>\n<\/tr>\n<tr>\n<td width=\"383\">\u00a0VOE14215438 EC200<\/td>\n<td width=\"523\">\u00a0VOE14528260 VOE14528281 EC330B EC360B volvo<\/td>\n<\/tr>\n<tr>\n<td width=\"383\">VOE14261093 EC230B Koncov\u00fd pohon r\u00fdpadla ec210<\/td>\n<td width=\"523\">\u00a0VOE14528733 SA1143-01270 VOE14524184 VOE14533651 EC210B<\/td>\n<\/tr>\n<tr>\n<td width=\"383\">\u00a0VOE14263523 VOE14264392 EC450<\/td>\n<td width=\"523\">VOE14528733 VOE14520965 VOE14533650 EC180B<\/td>\n<\/tr>\n<tr>\n<td width=\"383\">\u00a0VOE14531093 VOE14508165 EC460B<\/td>\n<td width=\"523\">\u00a0VOE14528735 SA1143-00111 VOE14524185 VOE14533652 EC240B<\/td>\n<\/tr>\n<\/tbody>\n<\/table>\n<table class=\"has-cyan-bluish-gray-background-color has-background\">\n<tbody>\n<tr>\n<td width=\"598\">\u00a0Pojazdn\u00e1 pohonn\u00e1 jednotka Volvo EC150, Volvo EC150LC: SA7117-30011,Volvo 150: 14216035,150C, prevodovka Volvo 150: 14214704 motor: 14268106<\/td>\n<td width=\"614\">Pohonn\u00e1 jednotka Volvo 160 travel: 14370176,<br \/>\nPohonn\u00e1 jednotka Volvo 160BLC\/BNLC: 14515045, 14528730,<br \/>\nPohonn\u00e1 jednotka Volvo 160CL\/CNL: 14538585<\/td>\n<\/tr>\n<tr>\n<td width=\"598\">Pohonn\u00e1 jednotka Volvo 180BLC: 145212111, 14528731,<br \/>\n180CL 14538586<\/td>\n<td width=\"614\">EC210\/F\/LC\/NLC\/BF\/BFX\/BLC\/BLR\/BNLC\/BNC\/CL\/LD\/LR\/N\/NL SA7117-30030, 14525366, 14528732, 14528930<\/td>\n<\/tr>\n<tr>\n<td width=\"598\">Pojazdn\u00e1 pohonn\u00e1 jednotka Volvo EC 200\/200B: 14528732<\/td>\n<td width=\"614\">Pojazdn\u00e1 pohonn\u00e1 jednotka Volvo EC 235\/235-C: 14550250<\/td>\n<\/tr>\n<tr>\n<td width=\"598\">Volvo EC210, EC210F, EC210LC, EC210NLC, Volvo EC210BF, EC210BFX, EC210BLC, Volvo EC210BLR, EC210BNLC, Volvo EC210BNC, EC210CL, EC210LD, EC210LR, EC210N, EC210NL : SA7117-30030, 14525366, 14528732, 14528930.<\/td>\n<td width=\"614\">EC290,290LC, 290LR, 290NLC: koncov\u00fd pohon: SA7117-38001, Pohon p\u00e1sov: SA7240-10402, prevodovka: SA7117-38050,<br \/>\nEC290BFX ,EC 290BLC: SA7117-38020, VOE14521691, VOE14522894, VOE14551154EC290 BLR , EC290 BNLC: koncov\u00fd pohon: VOE14509996, VOE14521389, VOE14528280.<\/td>\n<\/tr>\n<tr>\n<td width=\"598\">Volvo EC 240\/LC\/LR\/NLC\/B\/B-LC\/B-LR\/B-NLC\/C\/CL\/C-LD\/C-LR\/C-NL SA7117-34001, SA8230-21631, 14528734, 14533652, 14528258<\/td>\n<td width=\"614\">\u010c\u00edsla dielov pre pohonn\u00fa jednotku Volvo EC R88: 14516538, pojazdov\u00fd motor:14520757<\/td>\n<\/tr>\n<tr>\n<td width=\"598\">\u00a0EC360, EC360LC, EC360NLC, EC360B, EC360B-LC, EC360B-LR, EC360B-NLC, EC360C EC360CL<\/td>\n<td width=\"614\">EC360C-LD, Volvo EC360C-LR, Volvo EC360C-NL EC 360 SA7117-45010, 14551150, 14566400, 14513049, 14521695, 14522994<\/td>\n<\/tr>\n<tr>\n<td width=\"598\">Volvo ECR 145 14573820, 14614941<\/td>\n<td width=\"614\">Pojazdn\u00e1 pohonn\u00e1 jednotka Volvo G726: 12725795<\/td>\n<\/tr>\n<tr>\n<td width=\"598\">EC460 EC460B VOE 14508165 EC460 EC480<\/td>\n<td width=\"614\">EC700 EC700B EC700BLC VOE 14522564<\/td>\n<\/tr>\n<tr>\n<td width=\"598\">EC460 EC480 14733880 14727995 EC460 EC460B<\/td>\n<td width=\"614\">7117-38020 EC290 Mont\u00e1\u017e koncov\u00e9ho pohonu Vol Vo<\/td>\n<\/tr>\n<tr>\n<td width=\"598\">\u00a0EC460 EC460B VOE 14508165 14522563<\/td>\n<td width=\"614\">Vol Vo EC700BHR EC700C EC700B<\/td>\n<\/tr>\n<tr>\n<td width=\"598\">Koncov\u00fd pohon r\u00fdpadla EC290 Vol Vo<\/td>\n<td width=\"614\">\u00a07117-38020 14551154 14524707 14522894 14528257 14521691<\/td>\n<\/tr>\n<tr>\n<td width=\"598\">Motor EC360C EC360B EC290B<\/td>\n<td width=\"614\">\u00a014528259 14513049 14521695<\/td>\n<\/tr>\n<tr>\n<td width=\"598\">\u00a0Vol Vo r\u00fdpadlo EC290B EC330B EC360B EC360C<\/td>\n<td width=\"614\">\u00a0VOE14551150 14528260 14528281<\/td>\n<\/tr>\n<tr>\n<td width=\"598\">Vol Vo EC290B 7117-38020 14551154 14592030<\/td>\n<td width=\"614\">\u00a07117-38020 14551154 14592030<\/td>\n<\/tr>\n<tr>\n<td width=\"598\">EC460 EC460B<\/td>\n<td width=\"614\">VOE 14508165<\/td>\n<\/tr>\n<tr>\n<td width=\"598\">EC210BLC VOE14533651<\/td>\n<td width=\"614\">EC210BLC VOE14533651<\/td>\n<\/tr>\n<tr>\n<td width=\"598\">R140LC-9 R140-9 31Q4-4003 S\u00faprava motora na posun<\/td>\n<td width=\"614\">R140LC-9 R140-9 31Q4-4003<\/td>\n<\/tr>\n<tr>\n<td width=\"598\">E349D2 209-5992 215-9982<\/td>\n<td width=\"614\">E349D2 209-5992 215-9982<\/td>\n<\/tr>\n<tr>\n<td width=\"598\">VIO50-3 TM06F MAG33VP-550F-10 Redukcia<\/td>\n<td width=\"614\">VIO50-3 TM06F MAG33VP-550F-10 Redukcia<\/td>\n<\/tr>\n<tr>\n<td width=\"598\">E349D2 MCA250 MOBA250 390-1088<\/td>\n<td width=\"614\">E349D2 MCA250 MOBA250 390-1088<\/td>\n<\/tr>\n<tr>\n<td width=\"598\">EC210BLC SA1143-01270 Hydraulick\u00fd pojazdov\u00fd motor<\/td>\n<td width=\"614\">EC210BLC SA1143-01270<\/td>\n<\/tr>\n<\/tbody>\n<\/table>\n<p>&nbsp;<\/figure>\n<h4><strong>\u00a0Motor a prevodovka Dostupn\u00fd model:<\/strong><\/h4>\n<figure class=\"wp-block-table is-style-stripes has-small-font-size\">EC13 XR EC13 XTV EC14 EC140 EC140B LC EC140B LCM EC140C L EC140C LM EC140D EC140D LM EC15 XR EC15 XT EC15 XTV EC150 EC15B XR EC15B XT EC15B XTV EC160B EC160B LC EC160B NLC EC160C L EC17C EC180 EC180B LC EC180C L EC180D EC18C EC20 XT EC20 XTV EC200D LR EC20B XT EC20B XTV EC20C EC210 EC210B EC210B LC EC210C L EC220D EC220D N EC220D NL EC235C LD\/NL EC240 EC240 LC EC240 LR EC240 NLC EC240B EC240B LC EC240B LR EC240B NLC EC240C L EC240C LD EC240C LR EC240C NL EC25 EC280 EC290 EC290 LC EC290B EC290C L EC30 EC330B LC EC330C L EC330C LD EC35 EC35C EC360 EC360B LC EC360B NLC EC360C HR EC360C L EC360C LD EC360C NL EC380D HR EC460 EC460 LC EC460B LC EC460C L EC480D HR EC480D L EC50 EC50 VV EC55 EC55-2 EC55B EC55C EC55-EU EC60C EC70 EC70 VV ECR145C L ECR235C L ECR28 ECR305C L ECR38 ECR88 ECR88 PLUS FC2121C FC2421C FC2924C FF3329C PL4608 PL4611 ECR145D L EC140D L EC240LC EC240BLC EC240CL EC240CLD EC240CLR FC3329C EC210C N<\/figure>\n<div id=\"attachment_2045\" style=\"width: 425px\" class=\"wp-caption alignnone\"><img decoding=\"async\" aria-describedby=\"caption-attachment-2045\" class=\"wp-image-2045\" src=\"https:\/\/swingbearing.net\/wp-content\/uploads\/2024\/03\/\u884c\u8d70_01-300x99.jpg\" alt=\"cestovn\u00fd motor\" width=\"415\" height=\"137\" srcset=\"https:\/\/swingbearing.net\/wp-content\/uploads\/2024\/03\/\u884c\u8d70_01-300x99.jpg 300w, https:\/\/swingbearing.net\/wp-content\/uploads\/2024\/03\/\u884c\u8d70_01-18x6.jpg 18w, https:\/\/swingbearing.net\/wp-content\/uploads\/2024\/03\/\u884c\u8d70_01-600x199.jpg 600w, https:\/\/swingbearing.net\/wp-content\/uploads\/2024\/03\/\u884c\u8d70_01.jpg 749w\" sizes=\"(max-width: 415px) 100vw, 415px\" \/><p id=\"caption-attachment-2045\" class=\"wp-caption-text\"><a href=\"https:\/\/swingbearing.net\/sk\/travel-reducer\/\">chodiaci motor<\/a><\/p><\/div>\n<div id=\"attachment_2046\" style=\"width: 445px\" class=\"wp-caption alignnone\"><img decoding=\"async\" aria-describedby=\"caption-attachment-2046\" class=\"wp-image-2046\" src=\"https:\/\/swingbearing.net\/wp-content\/uploads\/2024\/03\/\u884c\u8d70_03-300x100.jpg\" alt=\"cestovn\u00fd motor\" width=\"435\" height=\"145\" srcset=\"https:\/\/swingbearing.net\/wp-content\/uploads\/2024\/03\/\u884c\u8d70_03-300x100.jpg 300w, https:\/\/swingbearing.net\/wp-content\/uploads\/2024\/03\/\u884c\u8d70_03-18x6.jpg 18w, https:\/\/swingbearing.net\/wp-content\/uploads\/2024\/03\/\u884c\u8d70_03-600x201.jpg 600w, https:\/\/swingbearing.net\/wp-content\/uploads\/2024\/03\/\u884c\u8d70_03.jpg 750w\" sizes=\"(max-width: 435px) 100vw, 435px\" \/><p id=\"caption-attachment-2046\" class=\"wp-caption-text\"><a href=\"https:\/\/swingbearing.net\/sk\/hydraulic-motor\/\">cestovn\u00fd koncov\u00fd pohon<\/a><\/p><\/div>\n<div id=\"attachment_2047\" style=\"width: 450px\" class=\"wp-caption alignnone\"><img decoding=\"async\" aria-describedby=\"caption-attachment-2047\" class=\"wp-image-2047\" src=\"https:\/\/swingbearing.net\/wp-content\/uploads\/2024\/03\/\u884c\u8d70_04-300x101.jpg\" alt=\"Zn\u00ed\u017eenie cestovn\u00e9ho\" width=\"440\" height=\"148\" srcset=\"https:\/\/swingbearing.net\/wp-content\/uploads\/2024\/03\/\u884c\u8d70_04-300x101.jpg 300w, https:\/\/swingbearing.net\/wp-content\/uploads\/2024\/03\/\u884c\u8d70_04-18x6.jpg 18w, https:\/\/swingbearing.net\/wp-content\/uploads\/2024\/03\/\u884c\u8d70_04-600x202.jpg 600w, https:\/\/swingbearing.net\/wp-content\/uploads\/2024\/03\/\u884c\u8d70_04.jpg 750w\" sizes=\"(max-width: 440px) 100vw, 440px\" \/><p id=\"caption-attachment-2047\" class=\"wp-caption-text\"><a href=\"https:\/\/swingbearing.net\/sk\/swing-bearing\/\">Zn\u00ed\u017eenie cestovn\u00e9ho<\/a><\/p><\/div>","protected":false},"excerpt":{"rendered":"<h5 class=\"ct-headline\">Kateg\u00f3rie: Volvo Travel Motor Hydraulick\u00fd motor Kone\u010dn\u00fd pohon<br \/>\nModel: Ec R88<br \/>\n\u010c\u00edslo dielu:14516538 14520757<\/h5>","protected":false},"featured_media":2081,"template":"","meta":[],"product_brand":[],"product_cat":[26],"product_tag":[],"class_list":{"0":"post-2080","1":"product","2":"type-product","3":"status-publish","4":"has-post-thumbnail","6":"product_cat-hydraulic-motors","8":"first","9":"instock","10":"shipping-taxable","11":"product-type-simple"},"_links":{"self":[{"href":"https:\/\/swingbearing.net\/sk\/wp-json\/wp\/v2\/product\/2080","targetHints":{"allow":["GET"]}}],"collection":[{"href":"https:\/\/swingbearing.net\/sk\/wp-json\/wp\/v2\/product"}],"about":[{"href":"https:\/\/swingbearing.net\/sk\/wp-json\/wp\/v2\/types\/product"}],"wp:featuredmedia":[{"embeddable":true,"href":"https:\/\/swingbearing.net\/sk\/wp-json\/wp\/v2\/media\/2081"}],"wp:attachment":[{"href":"https:\/\/swingbearing.net\/sk\/wp-json\/wp\/v2\/media?parent=2080"}],"wp:term":[{"taxonomy":"product_brand","embeddable":true,"href":"https:\/\/swingbearing.net\/sk\/wp-json\/wp\/v2\/product_brand?post=2080"},{"taxonomy":"product_cat","embeddable":true,"href":"https:\/\/swingbearing.net\/sk\/wp-json\/wp\/v2\/product_cat?post=2080"},{"taxonomy":"product_tag","embeddable":true,"href":"https:\/\/swingbearing.net\/sk\/wp-json\/wp\/v2\/product_tag?post=2080"}],"curies":[{"name":"wp","href":"https:\/\/api.w.org\/{rel}","templated":true}]}}