{"id":2058,"date":"2024-03-08T06:06:03","date_gmt":"2024-03-08T06:06:03","guid":{"rendered":"https:\/\/swingbearing.net\/?post_type=product&#038;p=2058"},"modified":"2024-03-08T06:14:14","modified_gmt":"2024-03-08T06:14:14","slug":"final-drive-kra1860cx210b","status":"publish","type":"product","link":"https:\/\/swingbearing.net\/sk\/product\/final-drive-kra1860cx210b\/","title":{"rendered":"Koncov\u00fd prevod KRA1860 pre pojazdov\u00fd motor CX210B CASE"},"content":{"rendered":"<h4>M\u00f4\u017eeme poskytn\u00fa\u0165 \u0161irok\u00fd sortiment pojazdov\u00fdch motorov\/koncov\u00fdch prevodoviek\/reduk\u010dn\u00fdch prevodoviek pre r\u00fdpadl\u00e1.<\/h4>\n<p>Cestovn\u00fd motor (koncov\u00fd pohon) je mechanick\u00e9 zariadenie, ktor\u00e9 sa pou\u017e\u00edva najm\u00e4 na pohon elektrick\u00fdch zariaden\u00ed, ako s\u00fa roboty, sk\u00fatre a elektrick\u00e9 bicykle, dopredu alebo na pr\u00e1cu. Jeho z\u00e1kladn\u00fdm princ\u00edpom \u010dinnosti je vyu\u017eitie princ\u00edpu elektromagnetickej indukcie na generovanie rota\u010dn\u00e9ho kr\u00fatiaceho momentu a n\u00e1sledn\u00e9 zn\u00ed\u017eenie ot\u00e1\u010dok prostredn\u00edctvom vn\u00fatorn\u00e9ho reduk\u010dn\u00e9ho zariadenia na pohon vonkaj\u0161\u00edch kolies alebo re\u0165az\u00ed na pohyb. Z kon\u0161truk\u010dn\u00e9ho h\u013eadiska sa pojazdov\u00fd motor zvy\u010dajne sklad\u00e1 z vysokor\u00fdchlostn\u00e9ho hydraulick\u00e9ho motora, brzdy, planetov\u00e9ho reduktora, ventilovej skupiny at\u010f. a vyu\u017e\u00edva kon\u0161trukciu s vysoko \u00fanosn\u00fdmi ku\u017eel\u00edkov\u00fdmi lo\u017eiskami, ktor\u00e9 zn\u00e1\u0161aj\u00fa axi\u00e1lne a radi\u00e1lne sily generovan\u00e9 r\u00fdpadlom po\u010das prev\u00e1dzky a ot\u00e1\u010dania.<br \/>\nN\u00e1\u0161 sk\u00fasen\u00fd predajn\u00fd t\u00edm m\u00e1 k dispoz\u00edcii bohat\u00e9 znalosti a sk\u00fasenosti v oblasti cestovn\u00fdch koncov\u00fdch pohonov, aby sme zabezpe\u010dili r\u00fdchle a n\u00e1kladovo efekt\u00edvne splnenie va\u0161ich po\u017eiadaviek na cestovn\u00e9 motory.<\/p>\n<p><strong>\u00a0Podporovan\u00e9 zna\u010dky<\/strong><br \/>\nV s\u00fa\u010dasnosti m\u00f4\u017eeme poskytn\u00fa\u0165 motory pre \u0161irok\u00fd v\u00fdber r\u00fdpadiel vyr\u00e1ban\u00fdch spolo\u010dnos\u0165ami ako Komatsu, Caterpillar, Volvo, Case, Doosan, Sumitomo, Hyundai, Kobelco, JCB, Liugong, Sany, XCMG a Hitachi.<\/p>\n<h4>S\u00favisiace Case Excavator Travel Motor Assy<\/h4>\n<figure class=\"wp-block-table is-style-stripes has-small-font-size\">\n<table class=\"has-cyan-bluish-gray-background-color has-background\" style=\"height: 657px;\" width=\"815\">\n<tbody>\n<tr>\n<td width=\"413\">LJ015920 KLA10710 CX130B<\/td>\n<td width=\"357\">\u00a0KSA10220 LJ013790 LN001600 CX370B<\/td>\n<\/tr>\n<tr>\n<td width=\"413\">\u00a0LJ015920 CX135SR<\/td>\n<td width=\"357\">\u00a0KSA10222 LJ018710 LN002190 CX350B<\/td>\n<\/tr>\n<tr>\n<td width=\"413\">\u00a0LJ013420 KNA10460 LJ013420 164693A1 CX130<\/td>\n<td width=\"357\">KSA10221 LJ013790 LN001600 CX350B<\/td>\n<\/tr>\n<tr>\n<td width=\"413\">\u00a0KWA0018 CX700<\/td>\n<td width=\"357\">\u00a0KSA10220 LJ013790 LN001600 CX350B<\/td>\n<\/tr>\n<tr>\n<td width=\"413\">\u00a0KWA0017 KWA0019 KWA0018 CX700B<\/td>\n<td width=\"357\">\u00a0KRA1860 KRA10120 CX180<\/td>\n<\/tr>\n<tr>\n<td width=\"413\">\u00a0KWA0017 KWA0019 CX750D<\/td>\n<td width=\"357\">KSA10220 KSA10221 KSA10222 CX330<\/td>\n<\/tr>\n<tr>\n<td width=\"413\">\u00a0KUA10590 KUA10580 CX800 CX800B<\/td>\n<td width=\"357\">\u00a0KBA14710 CX250D<\/td>\n<\/tr>\n<tr>\n<td width=\"413\">\u00a0KTA1070 LN00102 LJ00993 CX460<\/td>\n<td width=\"357\">\u00a0KRA15450 KRA14000 KRA10150 CX210B CX220B<\/td>\n<\/tr>\n<tr>\n<td width=\"413\">\u00a0KTA10192 LN003780 CX490C CX500C<\/td>\n<td width=\"357\">KBA14710 CX230D CX240C CX260C CX290D<\/td>\n<\/tr>\n<tr>\n<td width=\"413\">\u00a0KTA10192 LN001990 LJ018720 CX470C<\/td>\n<td width=\"357\">\u00a0KBA13690 CX235C<\/td>\n<\/tr>\n<tr>\n<td width=\"413\">\u00a0KTA10192 KTA10192 CX490D CX500D<\/td>\n<td width=\"357\">\u00a0KBA1319 LN00092 KBA1312 LN00133 CX290<\/td>\n<\/tr>\n<tr>\n<td width=\"413\">\u00a0KTA10192 LN001990 LJ018720 CX470B<\/td>\n<td width=\"357\">\u00a0KBA12640 KBA13690 CX250C<\/td>\n<\/tr>\n<tr>\n<td width=\"413\">\u00a0KTA10191 LN001990 LJ015030 CX470B<\/td>\n<td width=\"357\">\u00a0KBA10750 LJ014910 LN001980 CX300B<\/td>\n<\/tr>\n<tr>\n<td width=\"413\">\u00a0KTA10190 LN001990 LJ015030 CX470B<\/td>\n<td width=\"357\">\u00a0KBA10750 LJ014910 LN001980 CX290B<\/td>\n<\/tr>\n<tr>\n<td width=\"413\">\u00a0KSA15860 LJ018770 CX300C<\/td>\n<td width=\"357\">\u00a0KBA10290 KBA12640 CX230B CX240B<\/td>\n<\/tr>\n<tr>\n<td width=\"413\">\u00a0KSA14090 CX350D CX370D<\/td>\n<td width=\"357\">KBA10060 LN001410 CX230<\/td>\n<\/tr>\n<tr>\n<td width=\"413\">\u00a0KSA13050 CX380C LN002190 LJ018710 CX350C<\/td>\n<td width=\"357\">\u00a0KBA10060 KBA1024 CX225SR<\/td>\n<\/tr>\n<tr>\n<td width=\"413\">\u00a0KSA1298 KSA1288 CX350<\/td>\n<td width=\"357\">\u00a0KBA10060 CX240<\/td>\n<\/tr>\n<tr>\n<td width=\"413\">\u00a0KSA10222 LJ018710 CX370C<\/td>\n<td width=\"357\">\u00a0KAA1132 LN00106 CX80<\/td>\n<\/tr>\n<tr>\n<td width=\"413\">\u00a0LJ013790 LN001600 CX360B<\/td>\n<td width=\"357\">\u00a0KAA10310 CX75C<\/td>\n<\/tr>\n<tr>\n<td width=\"413\">\u00a0KSA10221 LJ013790 LN001600 KSC10070 CX370B<\/td>\n<td width=\"357\">47813966 KRA16480 CX180D LC<\/td>\n<\/tr>\n<tr>\n<td width=\"413\">\u00a047875247 CX160D LC<\/td>\n<td width=\"357\">47789945 CX300D 47757461 CX240D<\/td>\n<\/tr>\n<\/tbody>\n<\/table>\n<\/figure>\n<h4><strong>\u00a0Motor a prevodovka Dostupn\u00fd model:<\/strong><\/h4>\n<figure class=\"wp-block-table is-style-stripes has-small-font-size\">1188 CK 1188 LC 1288CK 1288NLC 15 16 23 28 31 35 588 688 688B 688B CK 788CK 788LC 788LLC 888 888 Oboj\u017eiveln\u00edk 888B CK 888B CKE 888B CKL 9007 9007B 9010 9010B 9013 9020 9020B 9021 9030 9030B 9040 9040B 988 CK C15 CK13 CK15 CK25 CK28 CK32 CK36 CK38 CK50 CK52 CX130 CX130B CX130C CX135SR CX14 CX145C SR CX15 CX15B CX16 CX16B CX17B CX180 CX180B CX18B CX20B CX210 CX210B CX210BLR CX210BNLC CX210LR CX210N CX225SR CX22B CX23 CX230 CX230B CX235C SR CX240 CX240B CX240BLR CX240LC CX240LR CX240NLC CX25 CX250C LR CX26B CX27B CX28 CX290 CX290B CX300C CX30B CX31 CX31B CX330 CX35 CX350 CX350B CX36 CX36B CX40B CX45B CX47 CX50 CX50B CX55B CX75C SR CX75SR CX80 CX80C TR320 420CT 440CT 445CT 450CT TR270 TV380 9030B TK CX250C CX330B CX350C CX370C<\/figure>\n<div id=\"attachment_2045\" style=\"width: 425px\" class=\"wp-caption alignnone\"><img decoding=\"async\" aria-describedby=\"caption-attachment-2045\" class=\"wp-image-2045\" src=\"https:\/\/swingbearing.net\/wp-content\/uploads\/2024\/03\/\u884c\u8d70_01-300x99.jpg\" alt=\"cestovn\u00fd motor\" width=\"415\" height=\"137\" srcset=\"https:\/\/swingbearing.net\/wp-content\/uploads\/2024\/03\/\u884c\u8d70_01-300x99.jpg 300w, https:\/\/swingbearing.net\/wp-content\/uploads\/2024\/03\/\u884c\u8d70_01-18x6.jpg 18w, https:\/\/swingbearing.net\/wp-content\/uploads\/2024\/03\/\u884c\u8d70_01-600x199.jpg 600w, https:\/\/swingbearing.net\/wp-content\/uploads\/2024\/03\/\u884c\u8d70_01.jpg 749w\" sizes=\"(max-width: 415px) 100vw, 415px\" \/><p id=\"caption-attachment-2045\" class=\"wp-caption-text\"><a href=\"https:\/\/swingbearing.net\/sk\/travel-reducer\/\">chodiaci motor<\/a><\/p><\/div>\n<div id=\"attachment_2046\" style=\"width: 445px\" class=\"wp-caption alignnone\"><img decoding=\"async\" aria-describedby=\"caption-attachment-2046\" class=\"wp-image-2046\" src=\"https:\/\/swingbearing.net\/wp-content\/uploads\/2024\/03\/\u884c\u8d70_03-300x100.jpg\" alt=\"cestovn\u00fd motor\" width=\"435\" height=\"145\" srcset=\"https:\/\/swingbearing.net\/wp-content\/uploads\/2024\/03\/\u884c\u8d70_03-300x100.jpg 300w, https:\/\/swingbearing.net\/wp-content\/uploads\/2024\/03\/\u884c\u8d70_03-18x6.jpg 18w, https:\/\/swingbearing.net\/wp-content\/uploads\/2024\/03\/\u884c\u8d70_03-600x201.jpg 600w, https:\/\/swingbearing.net\/wp-content\/uploads\/2024\/03\/\u884c\u8d70_03.jpg 750w\" sizes=\"(max-width: 435px) 100vw, 435px\" \/><p id=\"caption-attachment-2046\" class=\"wp-caption-text\"><a href=\"https:\/\/swingbearing.net\/sk\/hydraulic-motor\/\">cestovn\u00fd koncov\u00fd pohon<\/a><\/p><\/div>\n<div id=\"attachment_2047\" style=\"width: 450px\" class=\"wp-caption alignnone\"><img decoding=\"async\" aria-describedby=\"caption-attachment-2047\" class=\"wp-image-2047\" src=\"https:\/\/swingbearing.net\/wp-content\/uploads\/2024\/03\/\u884c\u8d70_04-300x101.jpg\" alt=\"Zn\u00ed\u017eenie cestovn\u00e9ho\" width=\"440\" height=\"148\" srcset=\"https:\/\/swingbearing.net\/wp-content\/uploads\/2024\/03\/\u884c\u8d70_04-300x101.jpg 300w, https:\/\/swingbearing.net\/wp-content\/uploads\/2024\/03\/\u884c\u8d70_04-18x6.jpg 18w, https:\/\/swingbearing.net\/wp-content\/uploads\/2024\/03\/\u884c\u8d70_04-600x202.jpg 600w, https:\/\/swingbearing.net\/wp-content\/uploads\/2024\/03\/\u884c\u8d70_04.jpg 750w\" sizes=\"(max-width: 440px) 100vw, 440px\" \/><p id=\"caption-attachment-2047\" class=\"wp-caption-text\"><a href=\"https:\/\/swingbearing.net\/sk\/swing-bearing\/\">Zn\u00ed\u017eenie cestovn\u00e9ho<\/a><\/p><\/div>","protected":false},"excerpt":{"rendered":"<h5 class=\"ct-headline\">Kateg\u00f3rie: Pojazdn\u00fd motor Case Hydraulick\u00fd motor Koncov\u00fd pohon<br \/>\nModel: CX210B<br \/>\n\u010c\u00edslo dielu: KRA1860<\/h5>","protected":false},"featured_media":2060,"template":"","meta":[],"product_brand":[],"product_cat":[26],"product_tag":[],"class_list":{"0":"post-2058","1":"product","2":"type-product","3":"status-publish","4":"has-post-thumbnail","6":"product_cat-hydraulic-motors","8":"first","9":"instock","10":"shipping-taxable","11":"product-type-simple"},"_links":{"self":[{"href":"https:\/\/swingbearing.net\/sk\/wp-json\/wp\/v2\/product\/2058","targetHints":{"allow":["GET"]}}],"collection":[{"href":"https:\/\/swingbearing.net\/sk\/wp-json\/wp\/v2\/product"}],"about":[{"href":"https:\/\/swingbearing.net\/sk\/wp-json\/wp\/v2\/types\/product"}],"wp:featuredmedia":[{"embeddable":true,"href":"https:\/\/swingbearing.net\/sk\/wp-json\/wp\/v2\/media\/2060"}],"wp:attachment":[{"href":"https:\/\/swingbearing.net\/sk\/wp-json\/wp\/v2\/media?parent=2058"}],"wp:term":[{"taxonomy":"product_brand","embeddable":true,"href":"https:\/\/swingbearing.net\/sk\/wp-json\/wp\/v2\/product_brand?post=2058"},{"taxonomy":"product_cat","embeddable":true,"href":"https:\/\/swingbearing.net\/sk\/wp-json\/wp\/v2\/product_cat?post=2058"},{"taxonomy":"product_tag","embeddable":true,"href":"https:\/\/swingbearing.net\/sk\/wp-json\/wp\/v2\/product_tag?post=2058"}],"curies":[{"name":"wp","href":"https:\/\/api.w.org\/{rel}","templated":true}]}}