{"id":2040,"date":"2024-03-07T07:17:31","date_gmt":"2024-03-07T07:17:31","guid":{"rendered":"https:\/\/swingbearing.net\/?post_type=product&#038;p=2040"},"modified":"2024-03-08T03:34:51","modified_gmt":"2024-03-08T03:34:51","slug":"travel-motor-sy305","status":"publish","type":"product","link":"https:\/\/swingbearing.net\/sk\/product\/travel-motor-sy305\/","title":{"rendered":"Hydraulick\u00fd cestovn\u00fd motor Sany MAG-1700VP-5000 Sany305"},"content":{"rendered":"<h4>Pon\u00fakame \u0161irok\u00fd sortiment pojazdov\u00fdch motorov\/pojazdov\u00fdch motorov\/reduk\u010dn\u00fdch prevodoviek pre r\u00fdpadl\u00e1.<\/h4>\n<p>Cestovn\u00fd motor je mechanick\u00e9 zariadenie, ktor\u00e9 sa pou\u017e\u00edva najm\u00e4 na pohon elektrick\u00fdch zariaden\u00ed, ako s\u00fa roboty, sk\u00fatre a elektrick\u00e9 bicykle, alebo na pr\u00e1cu. Jeho z\u00e1kladn\u00fdm princ\u00edpom \u010dinnosti je vyu\u017eitie princ\u00edpu elektromagnetickej indukcie na generovanie rota\u010dn\u00e9ho kr\u00fatiaceho momentu a n\u00e1sledn\u00e9 zn\u00ed\u017eenie ot\u00e1\u010dok prostredn\u00edctvom vn\u00fatorn\u00e9ho reduk\u010dn\u00e9ho zariadenia na pohon vonkaj\u0161\u00edch kolies alebo re\u0165az\u00ed na pohyb. Z kon\u0161truk\u010dn\u00e9ho h\u013eadiska sa pojazdov\u00fd motor zvy\u010dajne sklad\u00e1 z vysokor\u00fdchlostn\u00e9ho hydraulick\u00e9ho motora, brzdy, planetov\u00e9ho reduktora, ventilovej skupiny at\u010f. a vyu\u017e\u00edva kon\u0161trukciu s vysoko \u00fanosn\u00fdmi ku\u017eel\u00edkov\u00fdmi lo\u017eiskami, ktor\u00e9 zn\u00e1\u0161aj\u00fa axi\u00e1lne a radi\u00e1lne sily generovan\u00e9 r\u00fdpadlom po\u010das prev\u00e1dzky a ot\u00e1\u010dania<\/p>\n<p><strong>Cestovn\u00fd motor Podporovan\u00e9 zna\u010dky<\/strong><br \/>\nV s\u00fa\u010dasnosti m\u00f4\u017eeme poskytn\u00fa\u0165 motory pre \u0161irok\u00fd v\u00fdber r\u00fdpadiel vyr\u00e1ban\u00fdch spolo\u010dnos\u0165ami ako Komatsu, Caterpillar, Volvo, Case, Doosan, Sumitomo, Hyundai, Kobelco, JCB, Liugong, Sany, XCMG a Hitachi.<\/p>\n<h4>S\u00favisiace Sany Excavator Travel Motor Assy<\/h4>\n<figure class=\"wp-block-table is-style-stripes has-small-font-size\">\n<table style=\"height: 410px;\" width=\"607\">\n<tbody>\n<tr>\n<td width=\"236\">GM85<\/td>\n<td width=\"273\">MAG-1700VP-5000<\/td>\n<\/tr>\n<tr>\n<td width=\"236\">\u00a0Sany 335<\/td>\n<td width=\"273\">MAG-18000VP-6000<\/td>\n<\/tr>\n<tr>\n<td width=\"236\">Sany JS200 332\/K1192<\/td>\n<td width=\"273\">MAG-170V9-G-GT40D43B B0240-93111<\/td>\n<\/tr>\n<tr>\n<td width=\"236\">\u00a0Sany 335<\/td>\n<td width=\"273\">MAG-18000VP-6000<\/td>\n<\/tr>\n<tr>\n<td>SANY258<\/td>\n<td>SANY258<\/td>\n<\/tr>\n<tr>\n<td width=\"236\">\u00a0Sany305<\/td>\n<td width=\"273\">MAG-1700VP-5000<\/td>\n<\/tr>\n<tr>\n<td width=\"236\">\u00a0Sany 335<\/td>\n<td width=\"273\">MAG-18000VP-6000<\/td>\n<\/tr>\n<tr>\n<td width=\"236\">Sany JS200<\/td>\n<td width=\"273\">MAG-170V9-G-GT40D43B<\/td>\n<\/tr>\n<tr>\n<td width=\"236\">\u00a0 ak\u00fdko\u013evek 335<\/td>\n<td width=\"273\">MAG-18000VP-6000<\/td>\n<\/tr>\n<tr>\n<td width=\"236\">SANY Sy385 Sy335 Sk350<\/td>\n<td width=\"273\">Msf-180vp-G-1<\/td>\n<\/tr>\n<tr>\n<td width=\"236\">Liugong 925D SANY SY215 SK200-8<\/td>\n<td width=\"273\">MAG170VP-3800G-10<\/td>\n<\/tr>\n<tr>\n<td>\u00a0SK460 SY485<\/td>\n<td>GM85<\/td>\n<\/tr>\n<\/tbody>\n<\/table>\n<\/figure>\n<h4><strong>\u00a0Motor a prevodovka Dostupn\u00fd model:<\/strong><\/h4>\n<figure class=\"wp-block-table is-style-stripes has-small-font-size\">Modely r\u00fdpadiel SANY SY135C SY230C SY55, SY60, SY65, SY70, SY75, SY85, SY95, SY115, SY135, SY155, SY195, SY200, SY205, SY215, SY220, SY225, SY235, SY245, SY285, SY305, SY335, SY365, SY375, SY395, SY415 a SY485.<\/figure>\n<figure class=\"wp-block-table is-style-stripes has-small-font-size\">N\u00e1\u0161 sk\u00fasen\u00fd predajn\u00fd t\u00edm m\u00e1 k dispoz\u00edcii bohat\u00e9 znalosti a sk\u00fasenosti v oblasti cestovn\u00fdch koncov\u00fdch pohonov, aby sme zabezpe\u010dili r\u00fdchle a n\u00e1kladovo efekt\u00edvne splnenie va\u0161ich po\u017eiadaviek na cestovn\u00e9 motory.<\/figure>","protected":false},"excerpt":{"rendered":"<h5 class=\"ct-headline\">Kateg\u00f3rie: Sany Travel Motor, Swing Gearbox ,Swing Reducer,<br \/>\nModel: Sany305<br \/>\n\u010c\u00edslo dielu: MAG-1700VP-5000<\/h5>","protected":false},"featured_media":1600,"template":"","meta":[],"product_brand":[],"product_cat":[26],"product_tag":[],"class_list":{"0":"post-2040","1":"product","2":"type-product","3":"status-publish","4":"has-post-thumbnail","6":"product_cat-hydraulic-motors","8":"first","9":"instock","10":"shipping-taxable","11":"product-type-simple"},"_links":{"self":[{"href":"https:\/\/swingbearing.net\/sk\/wp-json\/wp\/v2\/product\/2040","targetHints":{"allow":["GET"]}}],"collection":[{"href":"https:\/\/swingbearing.net\/sk\/wp-json\/wp\/v2\/product"}],"about":[{"href":"https:\/\/swingbearing.net\/sk\/wp-json\/wp\/v2\/types\/product"}],"wp:featuredmedia":[{"embeddable":true,"href":"https:\/\/swingbearing.net\/sk\/wp-json\/wp\/v2\/media\/1600"}],"wp:attachment":[{"href":"https:\/\/swingbearing.net\/sk\/wp-json\/wp\/v2\/media?parent=2040"}],"wp:term":[{"taxonomy":"product_brand","embeddable":true,"href":"https:\/\/swingbearing.net\/sk\/wp-json\/wp\/v2\/product_brand?post=2040"},{"taxonomy":"product_cat","embeddable":true,"href":"https:\/\/swingbearing.net\/sk\/wp-json\/wp\/v2\/product_cat?post=2040"},{"taxonomy":"product_tag","embeddable":true,"href":"https:\/\/swingbearing.net\/sk\/wp-json\/wp\/v2\/product_tag?post=2040"}],"curies":[{"name":"wp","href":"https:\/\/api.w.org\/{rel}","templated":true}]}}