{"id":2037,"date":"2024-03-07T06:19:13","date_gmt":"2024-03-07T06:19:13","guid":{"rendered":"https:\/\/swingbearing.net\/?post_type=product&#038;p=2037"},"modified":"2024-03-07T06:40:47","modified_gmt":"2024-03-07T06:40:47","slug":"swing-motors-706-7k-01011","status":"publish","type":"product","link":"https:\/\/swingbearing.net\/sk\/product\/swing-motors-706-7k-01011\/","title":{"rendered":"706-7K-01011 Hydraulick\u00fd v\u00fdkyvn\u00fd motor pre SANY SY135-8 SY65 SY75 SY200 SY300"},"content":{"rendered":"<h4>Pon\u00fakame \u0161irok\u00fd sortiment v\u00fdkyvn\u00fdch motorov\/reduktorov v\u00fdkyvu\/reduk\u010dn\u00fdch prevodoviek pre r\u00fdpadl\u00e1.<\/h4>\n<p>1\u3001 Funkcia v\u00fdkyvn\u00e9ho motora<br \/>\nV\u00fdkyvn\u00fd motor je jednou z k\u013e\u00fa\u010dov\u00fdch s\u00fa\u010dast\u00ed r\u00fdpadla a jeho hlavnou funkciou je poh\u00e1\u0148a\u0165 cel\u00fd v\u00fdkyvn\u00fd syst\u00e9m tak, aby sa horn\u00e1 \u010das\u0165 r\u00fdpadla mohla ot\u00e1\u010da\u0165 o 360 stup\u0148ov. Horn\u00e1 \u010das\u0165 r\u00fdpadla konkr\u00e9tne zah\u0155\u0148a komponenty, ako s\u00fa v\u00fdkyvn\u00e1 plo\u0161ina, v\u00fdkyvn\u00fd motor a v\u00fdkyvn\u00fd mechanizmus. V\u00fdkyvn\u00fd motor poh\u00e1\u0148a v\u00fdkyvn\u00fd mechanizmus, ktor\u00fd umo\u017e\u0148uje v\u00fdkyv hornej \u010dasti r\u00fdpadla do\u013eava a doprava.<br \/>\n2\u3001 Princ\u00edp \u010dinnosti v\u00fdkyvn\u00e9ho motora<br \/>\nKyvn\u00fd motor vyu\u017e\u00edva met\u00f3du hydraulick\u00e9ho pohonu, ktor\u00e1 premie\u0148a hydraulick\u00fa energiu na mechanick\u00fa energiu a pren\u00e1\u0161a silu na kyvn\u00fd mechanizmus prostredn\u00edctvom hydraulick\u00e9ho prevodov\u00e9ho zariadenia, \u010d\u00edm sp\u00f4sobuje jeho ot\u00e1\u010danie. Kyvn\u00fd motor konkr\u00e9tne obsahuje viacero piestov, valcov a prevodov. Ke\u010f do v\u00fdkyvn\u00e9ho motora pr\u00fadi hydraulick\u00fd olej z olejov\u00e9ho \u010derpadla, piesty s\u00fa vystaven\u00e9 hydraulick\u00e9mu tlaku a pohybuj\u00fa sa smerom k telesu valca, \u010d\u00edm poh\u00e1\u0148aj\u00fa ozuben\u00e9 koles\u00e1, aby sa ot\u00e1\u010dali, a t\u00fdm poh\u00e1\u0148aj\u00fa rota\u010dn\u00fd mechanizmus, aby sa ot\u00e1\u010dal.<\/p>\n<p><strong>Podporovan\u00e9 zna\u010dky<\/strong><br \/>\nV s\u00fa\u010dasnosti m\u00f4\u017eeme poskytn\u00fa\u0165 v\u00fdkyvn\u00e9 motory pre \u0161irok\u00fd v\u00fdber r\u00fdpadiel vyr\u00e1ban\u00fdch spolo\u010dnos\u0165ami ako Komatsu, Caterpillar, Volvo, Case, Doosan, Sumitomo, Hyundai, Kobelco, JCB, Liugong, Sany, XCMG a Hitachi.<\/p>\n<h4>Related Sany Excavator Swing Motor\u00a0 Assy<\/h4>\n<figure class=\"wp-block-table is-style-stripes has-small-font-size\">\n<table style=\"height: 410px;\" width=\"607\">\n<tbody>\n<tr>\n<td width=\"236\">GM85<\/td>\n<td width=\"273\">MAG-1700VP-5000<\/td>\n<\/tr>\n<tr>\n<td width=\"236\">\u00a0Sany 335<\/td>\n<td width=\"273\">MAG-18000VP-6000<\/td>\n<\/tr>\n<tr>\n<td width=\"236\">Sany JS200 332\/K1192<\/td>\n<td width=\"273\">MAG-170V9-G-GT40D43B B0240-93111<\/td>\n<\/tr>\n<tr>\n<td width=\"236\">\u00a0Sany 335<\/td>\n<td width=\"273\">MAG-18000VP-6000<\/td>\n<\/tr>\n<tr>\n<td>SANY258<\/td>\n<td>SANY258<\/td>\n<\/tr>\n<tr>\n<td width=\"236\">\u00a0Sany305<\/td>\n<td width=\"273\">MAG-1700VP-5000<\/td>\n<\/tr>\n<tr>\n<td width=\"236\">\u00a0Sany 335<\/td>\n<td width=\"273\">MAG-18000VP-6000<\/td>\n<\/tr>\n<tr>\n<td width=\"236\">Sany JS200<\/td>\n<td width=\"273\">MAG-170V9-G-GT40D43B<\/td>\n<\/tr>\n<tr>\n<td width=\"236\">\u00a0 ak\u00fdko\u013evek 335<\/td>\n<td width=\"273\">MAG-18000VP-6000<\/td>\n<\/tr>\n<tr>\n<td width=\"236\">SANY Sy385 Sy335 Sk350<\/td>\n<td width=\"273\">Msf-180vp-G-1<\/td>\n<\/tr>\n<tr>\n<td width=\"236\">Liugong 925D SANY SY215 SK200-8<\/td>\n<td width=\"273\">MAG170VP-3800G-10<\/td>\n<\/tr>\n<tr>\n<td>\u00a0SK460 SY485<\/td>\n<td>GM85<\/td>\n<\/tr>\n<\/tbody>\n<\/table>\n<\/figure>\n<h4><strong>Motor a prevodovka Dostupn\u00fd model:<\/strong><\/h4>\n<figure class=\"wp-block-table is-style-stripes has-small-font-size\">Modely r\u00fdpadiel SANY SY135C SY230C SY55, SY60, SY65, SY70, SY75, SY85, SY95, SY115, SY135, SY155, SY195, SY200, SY205, SY215, SY220, SY225, SY235, SY245, SY285, SY305, SY335, SY365, SY375, SY395, SY415 a SY485.<\/figure>\n<p><img decoding=\"async\" class=\"wp-image-1155 aligncenter\" src=\"https:\/\/swingbearing.net\/wp-content\/uploads\/2023\/11\/111-300x187.jpg\" alt=\"Koncov\u00fd pohon r\u00fdpadla\" width=\"718\" height=\"448\" srcset=\"https:\/\/swingbearing.net\/wp-content\/uploads\/2023\/11\/111-300x187.jpg 300w, https:\/\/swingbearing.net\/wp-content\/uploads\/2023\/11\/111-768x479.jpg 768w, https:\/\/swingbearing.net\/wp-content\/uploads\/2023\/11\/111-600x374.jpg 600w, https:\/\/swingbearing.net\/wp-content\/uploads\/2023\/11\/111.jpg 850w\" sizes=\"(max-width: 718px) 100vw, 718px\" \/><\/p>\n<p><img decoding=\"async\" class=\"wp-image-1156 aligncenter\" src=\"https:\/\/swingbearing.net\/wp-content\/uploads\/2023\/11\/222.jpg\" alt=\"Koncov\u00fd pohon r\u00fdpadla\" width=\"727\" height=\"546\" srcset=\"https:\/\/swingbearing.net\/wp-content\/uploads\/2023\/11\/222.jpg 850w, https:\/\/swingbearing.net\/wp-content\/uploads\/2023\/11\/222-300x225.jpg 300w, https:\/\/swingbearing.net\/wp-content\/uploads\/2023\/11\/222-768x576.jpg 768w, https:\/\/swingbearing.net\/wp-content\/uploads\/2023\/11\/222-600x450.jpg 600w\" sizes=\"(max-width: 727px) 100vw, 727px\" \/><\/p>","protected":false},"excerpt":{"rendered":"<h5 class=\"ct-headline\">Categories: Sany Swing Motor, Swing Gearbox ,Swing Reducer,<br \/>\nModel: SY135-8 SY65 SY75 SY200 SY300<br \/>\nPart No.:706-7K-01011<\/h5>","protected":false},"featured_media":1887,"template":"","meta":[],"product_brand":[],"product_cat":[26],"product_tag":[],"class_list":{"0":"post-2037","1":"product","2":"type-product","3":"status-publish","4":"has-post-thumbnail","6":"product_cat-hydraulic-motors","8":"first","9":"instock","10":"shipping-taxable","11":"product-type-simple"},"_links":{"self":[{"href":"https:\/\/swingbearing.net\/sk\/wp-json\/wp\/v2\/product\/2037","targetHints":{"allow":["GET"]}}],"collection":[{"href":"https:\/\/swingbearing.net\/sk\/wp-json\/wp\/v2\/product"}],"about":[{"href":"https:\/\/swingbearing.net\/sk\/wp-json\/wp\/v2\/types\/product"}],"wp:featuredmedia":[{"embeddable":true,"href":"https:\/\/swingbearing.net\/sk\/wp-json\/wp\/v2\/media\/1887"}],"wp:attachment":[{"href":"https:\/\/swingbearing.net\/sk\/wp-json\/wp\/v2\/media?parent=2037"}],"wp:term":[{"taxonomy":"product_brand","embeddable":true,"href":"https:\/\/swingbearing.net\/sk\/wp-json\/wp\/v2\/product_brand?post=2037"},{"taxonomy":"product_cat","embeddable":true,"href":"https:\/\/swingbearing.net\/sk\/wp-json\/wp\/v2\/product_cat?post=2037"},{"taxonomy":"product_tag","embeddable":true,"href":"https:\/\/swingbearing.net\/sk\/wp-json\/wp\/v2\/product_tag?post=2037"}],"curies":[{"name":"wp","href":"https:\/\/api.w.org\/{rel}","templated":true}]}}