{"id":1763,"date":"2024-03-01T05:09:50","date_gmt":"2024-03-01T05:09:50","guid":{"rendered":"https:\/\/swingbearing.net\/?post_type=product&#038;p=1763"},"modified":"2024-03-01T05:42:19","modified_gmt":"2024-03-01T05:42:19","slug":"swing-reduction-solar420lc","status":"publish","type":"product","link":"https:\/\/swingbearing.net\/sk\/product\/swing-reduction-solar420lc\/","title":{"rendered":"Solar 420LC-V Redukcia v\u00fdkyvu pre 401-00302B 401-00272 40100302B 40100272"},"content":{"rendered":"<h4>M\u00f4\u017eeme poskytn\u00fa\u0165 \u0161irok\u00fd sortiment reduk\u010dn\u00fdch prevodoviek \/kr\u00eddlov\u00fdch motorov\/ pre r\u00fdpadl\u00e1.<\/h4>\n<p>V\u00fdkyvn\u00e9 motory (niekedy naz\u00fdvan\u00e9 v\u00fdkyvn\u00e1 prevodovka) zabezpe\u010duj\u00fa v\u00fdkonn\u00fa silu ot\u00e1\u010dania v\u00fdlo\u017en\u00edkov r\u00fdpadiel pomocou hydraulick\u00e9ho oleja<br \/>\na s\u00fa presne skon\u0161truovan\u00e9 tak, aby zabezpe\u010dili bezprobl\u00e9mov\u00fa prev\u00e1dzku a v\u00fdkon.<\/p>\n<h4>Podporovan\u00e9 zna\u010dky<\/h4>\n<p>V s\u00fa\u010dasnosti vieme poskytn\u00fa\u0165 v\u00fdkyvn\u00e9 prevodovky pre \u0161irok\u00fd v\u00fdber r\u00fdpadiel vyr\u00e1ban\u00fdch spolo\u010dnos\u0165ami ako Komatsu, Caterpillar, Volvo, Case, Doosan, Sumitomo, Hyundai, Kobelco, JCB, Liugong, Sany, XCMG a Hitachi.<\/p>\n<h4>S\u00favisiace prevodovky Doosan Swing Reduction Gearbox Assy<\/h4>\n<figure class=\"wp-block-table is-style-stripes has-small-font-size\">\n<table style=\"height: 2122px;\" width=\"818\">\n<tbody>\n<tr>\n<td width=\"523\">K1043595 K9006211A DX60R<\/td>\n<td width=\"460\">2101-9002 2101-9002A 21019002 21019002A SOLAR 55-V<\/td>\n<\/tr>\n<tr>\n<td>\u00a0170301-00008 170301-00009 17030100008 17030100009 DX140LCR<\/td>\n<td>2401-9291 2401-9309A 24019291 24019309A SOLAR 400LC-V<\/td>\n<\/tr>\n<tr>\n<td>K1004160A SOLAR 225LC-V<\/td>\n<td>\u00a02401-1273E 2401-9309A 404-00095B 24011273E SOLAR 420LC-V<\/td>\n<\/tr>\n<tr>\n<td>\u00a02404-1063I 2404-1063J 24041063I 24041063J SOLAR 225LC-V<\/td>\n<td>\u00a0401-00302B 401-00272 40100302B 40100272 SOLAR 420LC-V<\/td>\n<\/tr>\n<tr>\n<td width=\"523\">401-00391 401-00391A 40100391 40100391A SOLAR 225LC-V<\/td>\n<td>\u00a02404-1066A 404-00062 24041066A 40400062 SOLAR 150LC-V<\/td>\n<\/tr>\n<tr>\n<td width=\"523\">401-00290B 401-00290C 40100290B 40100290C SOLAR 225LC-V<\/td>\n<td>\u00a0401-00003B 404-00062 40100003B 40400062 SOLAR 155LC-V SOLAR 140LC-V DH150LC-7<\/td>\n<\/tr>\n<tr>\n<td>\u00a0401-00325G 401-00290A 40100325G 40100290A SOLAR 225LC-V<\/td>\n<td>\u00a0401-00126 401-00126A 40100126 40100126A SOLAR 250LC-V<\/td>\n<\/tr>\n<tr>\n<td width=\"523\">\u00a0401-00325C 401-00325E 40100325C 40100325E SOLAR 225LC-V<\/td>\n<td>\u00a0401-00035A 401-00036G 40100035A 40100036G SOLAR 170LC-V<\/td>\n<\/tr>\n<tr>\n<td>\u00a0401-00289C 401-00325B 40100289C 40100325B SOLAR 225LC-V<\/td>\n<td>\u00a0404-00096B 401-00230 40400096B 40100230 SOLAR 300LC-V<\/td>\n<\/tr>\n<tr>\n<td>130426-00004 401-00289B 13042600004 40100289B SOLAR 225LC-V<\/td>\n<td>\u00a0401-00224G 404-00089B 40100224G 40400089B SOLAR 300LC-V<\/td>\n<\/tr>\n<tr>\n<td>170301-00010 170301-00011 17030100010 17030100011 SOLAR 225LC-V<\/td>\n<td>\u00a0K1000350 K1033589 SOLAR 500LC-V SOLAR 470LC-V<\/td>\n<\/tr>\n<tr>\n<td>401-00290C 401-00391A K1004160A 40100290C 40100391A SOL\u00c1RNE<\/td>\n<td width=\"460\">\u00a02401-9304B 2401-9304C 24019304B 24019304C SOLAR 500LC-V<\/td>\n<\/tr>\n<tr>\n<td>401-00289C 401-00325G 40100289C 40100325G SOLAR 225LC-7A<\/td>\n<td>\u00a0401-00249B 401-00249C 40100249B 40100249C SOLAR 500LC-V<\/td>\n<\/tr>\n<tr>\n<td>\u00a0170301-00010 170301-00011 17030100010 17030100011 SOLAR 225LC-7A<\/td>\n<td width=\"460\">\u00a0401-00247E 401-00247G 40100247E 40100247G SOLAR 500LC-V<\/td>\n<\/tr>\n<tr>\n<td>170303-00027 130426-00016 17030300027 13042600016DX700<\/td>\n<td>\u00a0401-00247B 401-00247C 40100247B 500LC-V SOLAR 470LC-V<\/td>\n<\/tr>\n<tr>\n<td>\u00a0130426-00016A 13042600016A DX700<\/td>\n<td width=\"460\">\u00a0401-00267A 401-00298E 40100267A 40100298E SOLAR 340LC-7<\/td>\n<\/tr>\n<tr>\n<td width=\"523\">170301-00047B 170301-00046 17030100047B 17030100046<\/td>\n<td width=\"460\">\u00a040100247C SOLAR 500LC-V SOLAR 470LC-V<\/td>\n<\/tr>\n<tr>\n<td width=\"523\">170301-00156B 17030100156B DX530LC-5B<\/td>\n<td>401-1266J 2401-9309A 404-00094B 24011266J 24019309A 40400094B SOLAR 340LC-7<\/td>\n<\/tr>\n<tr>\n<td>MFB80-043 RG04S-152-07 MFB80043 RG04S15207 SOLAR 130-III<\/td>\n<td>401-00290C 401-00391A 40100290C 40100391A SOL\u00c1RNA 230LC-V<\/td>\n<\/tr>\n<tr>\n<td>\u00a02302-9003B 2101-1025 23029003B 21011025 SOLAR 280LC-III<\/td>\n<td>2101-1025I 2101-1025K 21011025I 21011025K SOLAR 255LC-V<\/td>\n<\/tr>\n<tr>\n<td>2401-1166 2401-9141A 24011166 24019141A SOLAR 280LC-III<\/td>\n<td>\u00a0401-00317A 401-00316A 40100317A 40100316A SOLAR 255LC-V<\/td>\n<\/tr>\n<tr>\n<td>2401-1248 2401-9219A 24011248 24019219A SOLAR 220LC-III<\/td>\n<td>401-00351C 401-00403 2404-9007 40100351C 40100403 24049007 SOLAR 75-V<\/td>\n<\/tr>\n<tr>\n<td>170303-00003 17030300003 DX140LCR doosan<\/td>\n<td>\u00a0401-00086B 2404-1063I 40100086B 24041063I SOLAR 225NLC-V<\/td>\n<\/tr>\n<tr>\n<td>2401-9304 2404-6010B 24019304 24046010B SOLAR 450-III<\/td>\n<td>\u00a0401-00036J 401-00036K 40100036J 40100036K SOLAR 175LC-V<\/td>\n<\/tr>\n<tr>\n<td>\u00a02401-1280C 2401-1280E 24011280C 24011280E SOLAR 450-III<\/td>\n<td width=\"460\">\u00a0401-00387 401-00387B 40100387 40100387B SOLAR 175LC-V<\/td>\n<\/tr>\n<tr>\n<td>\u00a02401-9202A 2401-1280 24019202A 24011280 SOLAR 450-III<\/td>\n<td>K1002518A K1002518B 401-00457B 40100457B DX300LC<\/td>\n<\/tr>\n<tr>\n<td>\u00a0MFB250-010 MFB250010 SOLAR 330-III<\/td>\n<td>\u00a0401-00477J K1045919 K1045024 K1038203 DX225LCA DX220LC (DTC)<\/td>\n<\/tr>\n<tr>\n<td>\u00a02404-1063E 2404-1063G 2404-1063I 24041063E 24041063G 24041063I SOLAR 220LC-V<\/td>\n<td width=\"460\">\u00a0K1000350 K1033589 DX520LC<\/td>\n<\/tr>\n<tr>\n<td>2401-1223B 2401-1269N 24011223B 24011269N SOLAR 220LC-6<\/td>\n<td>K1000350 K1033589 DX480LC<\/td>\n<\/tr>\n<tr>\n<td>\u00a02101-1025G 2101-1025H 2101-1025I 21011025G 21011025H 21011025I SOLAR 290LC-V<\/td>\n<td>\u00a0K1000758C K1000758E K1000757A DX480LC<\/td>\n<\/tr>\n<tr>\n<td>\u00a02401-1228A 2401-9247 24011228A 24019247 SOLAR 130LC-V<\/td>\n<td width=\"460\">\u00a0K1003297C K1007543A DX420LC<\/td>\n<\/tr>\n<tr>\n<td>2401-1266H 2401-9291 2401-9309A 24011266H 24019291 24019309A SOLAR 330LC-V<\/td>\n<td>K1004824E K1004825B K1007543A DX340LC<\/td>\n<\/tr>\n<tr>\n<td>\u00a0401-00298E 2401-1266G 40100298E 24011266G SOLAR 340LC-V<\/td>\n<td>\u00a0K1007543A 2181-1110D10 404-00094B 21811110D10 40400094B DX350LC<\/td>\n<\/tr>\n<tr>\n<td>404-00094B 401-00298A 40400094B 40100298A SOLAR 340LC-V<\/td>\n<td>K1006574C K1006575C K1006576A K1007545 404-00094B DX380LC<\/td>\n<\/tr>\n<tr>\n<td width=\"523\">2401-9309A 2401-9279A 24019309A 24019279A SOLAR 340LC-V<\/td>\n<td>\u00a0K1010120C K1010121B K1010121C K1007950A K1004037A DX255LC<\/td>\n<\/tr>\n<tr>\n<td>\u00a02404-1063G 2404-1063I 24041063G 24041063I SOLAR 220N-V<\/td>\n<td>\u00a0K1011374A K1011374B NA00918 DX35Z<\/td>\n<\/tr>\n<tr>\n<td>2401-1269E 2401-1269G 24011269E 24011269G SOL\u00c1RNA 220N-V<\/td>\n<td width=\"460\">\u00a0K1013610C K1023902A K1023902B K1000697A K1013561 DX180LC<\/td>\n<\/tr>\n<tr>\n<td>\u00a02404-6010E 2404-6010H 2404-6010I 24046010E 24046010H 24046010I SOLAR 450LC-V<\/td>\n<td>\u00a0K1015489C K1015490 K1015490A K1000697A 404-00097C DX225LC (MOTOR DL06)<\/td>\n<\/tr>\n<tr>\n<td>\u00a02401-4020 2401-9166 2401-9166A 24014020 24019166 24019166A SOLAR 400LC-III<\/td>\n<td>K1016315E K1016316B K1016316C K1000101 K1007357B DX160LC<\/td>\n<\/tr>\n<\/tbody>\n<\/table>\n<\/figure>\n<h4><strong>Motor a prevodovka Dostupn\u00fd model:<\/strong><\/h4>\n<figure class=\"wp-block-table is-style-stripes has-small-font-size\"><\/figure>\n<table border=\"1\" cellspacing=\"1\" cellpadding=\"1\">\n<tbody>\n<tr>\n<td colspan=\"9\"><strong>MODELY R\u00ddPADIEL<\/strong><\/td>\n<\/tr>\n<tr>\n<td colspan=\"9\"><strong>PRE SPOLO\u010cNOS\u0164 HITACHI\u00a0<\/strong><\/td>\n<\/tr>\n<tr>\n<td>EX40-1<\/td>\n<td>EX40-2<\/td>\n<td>EX55<\/td>\n<td>EX60<\/td>\n<td>EX60-2<\/td>\n<td>EX60-3<\/td>\n<td>EX60-5<\/td>\n<td>EX70<\/td>\n<td>EX75<\/td>\n<\/tr>\n<tr>\n<td>EX100<\/td>\n<td>EX110<\/td>\n<td>EX120<\/td>\n<td>EX120-1<\/td>\n<td>EX120-2<\/td>\n<td>EX120-3<\/td>\n<td>EX120-5<\/td>\n<td>EX130-1<\/td>\n<td>EX200-1<\/td>\n<\/tr>\n<tr>\n<td>EX200-2<\/td>\n<td>EX200-3<\/td>\n<td>EX200-5<\/td>\n<td>EX220-3<\/td>\n<td>EX220-5<\/td>\n<td>EX270<\/td>\n<td>EX300<\/td>\n<td>EX300-1<\/td>\n<td>EX300-2<\/td>\n<\/tr>\n<tr>\n<td>EX300-3<\/td>\n<td>EX300-5<\/td>\n<td>EX300A<\/td>\n<td>EX330<\/td>\n<td>EX370<\/td>\n<td>EX400-1<\/td>\n<td>EX400-2<\/td>\n<td>EX400-3<\/td>\n<td>EX400-5<\/td>\n<\/tr>\n<tr>\n<td>EX450<\/td>\n<td>ZAX30<\/td>\n<td>ZAX55<\/td>\n<td>ZAX200<\/td>\n<td>ZAX200-2<\/td>\n<td>ZAX330<\/td>\n<td>ZAX450-1<\/td>\n<td>ZAX450-3<\/td>\n<td>ZAX450-5<\/td>\n<\/tr>\n<tr>\n<td>ZX110<\/td>\n<td>ZX120<\/td>\n<td>ZX200<\/td>\n<td>ZX200-1<\/td>\n<td>ZX200-3<\/td>\n<td>ZX200-5G<\/td>\n<td>ZX200LC-3<\/td>\n<td>ZX210<\/td>\n<td>ZX210-3<\/td>\n<\/tr>\n<tr>\n<td>ZX210-5<\/td>\n<td>ZX225<\/td>\n<td>ZX240<\/td>\n<td>ZX250<\/td>\n<td>ZX270<\/td>\n<td>ZX300<\/td>\n<td>ZX330<\/td>\n<td>ZX330C<\/td>\n<td>ZX350<\/td>\n<\/tr>\n<tr>\n<td>ZX450<\/td>\n<td>ZX450LC<\/td>\n<td>ZX500<\/td>\n<td>ZX500LC<\/td>\n<td>ZX520<\/td>\n<td>ZX670<\/td>\n<td>ZX690<\/td>\n<td>ZX870<\/td>\n<td>ZX130<\/td>\n<\/tr>\n<tr>\n<td>ZX170<\/td>\n<td>ZX170LC<\/td>\n<td>ZX195<\/td>\n<td>ZX260<\/td>\n<td>ZX360<\/td>\n<td>ZX360LC<\/td>\n<td>ZX400<\/td>\n<td>ZX470<\/td>\n<td>ZX490<\/td>\n<\/tr>\n<tr>\n<td colspan=\"9\"><strong>PRE KOMATSU<\/strong><\/td>\n<\/tr>\n<tr>\n<td>PC20-7<\/td>\n<td>PC30<\/td>\n<td>PC30-3<\/td>\n<td>PC30-5<\/td>\n<td>PC30-6<\/td>\n<td>PC40-7<\/td>\n<td>PC45<\/td>\n<td>PC45-2<\/td>\n<td>PC55<\/td>\n<\/tr>\n<tr>\n<td>PC120-6<\/td>\n<td>PC130<\/td>\n<td>PC130-7<\/td>\n<td>PC200<\/td>\n<td>PC200-1<\/td>\n<td>PC200-3<\/td>\n<td>PC200-5<\/td>\n<td>PC200-6<\/td>\n<td>PC200-7<\/td>\n<\/tr>\n<tr>\n<td>PC200-8<\/td>\n<td>PC210-6<\/td>\n<td>PC220-1<\/td>\n<td>PC220-3<\/td>\n<td>PC220-6<\/td>\n<td>PC220-7<\/td>\n<td>PC220-8<\/td>\n<td>PC270-7<\/td>\n<td>PC202B<\/td>\n<\/tr>\n<tr>\n<td>PC220LC-6<\/td>\n<td>PC220LC-8<\/td>\n<td>PC240<\/td>\n<td>PC300<\/td>\n<td>PC300-3<\/td>\n<td>PC300-5<\/td>\n<td>PC300-6<\/td>\n<td>PC300-7<\/td>\n<td>PC300-7K<\/td>\n<\/tr>\n<tr>\n<td>PC300LC-7<\/td>\n<td>PC350-6\/7<\/td>\n<td>PC400<\/td>\n<td>PC400-3<\/td>\n<td>PC400-5<\/td>\n<td>PC400-6<\/td>\n<td>PC400LC-7<\/td>\n<td>PC450-6<\/td>\n<td>PC450-7<\/td>\n<\/tr>\n<tr>\n<td>PC600<\/td>\n<td>PC650<\/td>\n<td>PC750<\/td>\n<td>PC800<\/td>\n<td>PC1100<\/td>\n<td>PC1250<\/td>\n<td>PC2000<\/td>\n<td>PC360<\/td>\n<td>PC460<\/td>\n<\/tr>\n<tr>\n<td colspan=\"9\"><strong>PRE H\u00daSENICU<\/strong><\/td>\n<\/tr>\n<tr>\n<td>E200B<\/td>\n<td>E200-5<\/td>\n<td>E320D<\/td>\n<td>E215<\/td>\n<td>E320DL<\/td>\n<td>E324D<\/td>\n<td>E324DL<\/td>\n<td>E329DL<\/td>\n<td>E300L<\/td>\n<\/tr>\n<tr>\n<td>E320S<\/td>\n<td>E320<\/td>\n<td>E320DL<\/td>\n<td>E240<\/td>\n<td>E120-1<\/td>\n<td>E311<\/td>\n<td>E312B<\/td>\n<td>E320BL<\/td>\n<td>E345<\/td>\n<\/tr>\n<tr>\n<td>E324<\/td>\n<td>E140<\/td>\n<td>E300B<\/td>\n<td>E330C<\/td>\n<td>E120<\/td>\n<td>E70<\/td>\n<td>E322C<\/td>\n<td>E322B<\/td>\n<td>E325<\/td>\n<\/tr>\n<tr>\n<td>E325L<\/td>\n<td>E330<\/td>\n<td>E450<\/td>\n<td>CAT225<\/td>\n<td>CAT312B<\/td>\n<td>CAT315<\/td>\n<td>CAT320<\/td>\n<td>CAT320C<\/td>\n<td>CAT320BL<\/td>\n<\/tr>\n<tr>\n<td>CAT330<\/td>\n<td>CAT322<\/td>\n<td>CAT245<\/td>\n<td>CAT325<\/td>\n<td>CAT320L<\/td>\n<td>CAT973<\/td>\n<td>CAT939C<\/td>\n<td>CAT963C<\/td>\n<td>CAT313<\/td>\n<\/tr>\n<tr>\n<td>CAT323<\/td>\n<td>CAT318<\/td>\n<td>CAT326<\/td>\n<td>CAT328<\/td>\n<td>CAT329<\/td>\n<td>CAT336<\/td>\n<td>CAT340<\/td>\n<td>CAT345<\/td>\n<td>CAT349<\/td>\n<\/tr>\n<tr>\n<td colspan=\"9\"><strong>PRE SPOLO\u010cNOS\u0164 KOBELCO<\/strong><\/td>\n<\/tr>\n<tr>\n<td>SK120-6<\/td>\n<td>SK120-5<\/td>\n<td>SK210-8<\/td>\n<td>SK210LC-8<\/td>\n<td>SK220<\/td>\n<td>SK220-1<\/td>\n<td>SK220-3<\/td>\n<td>SK220-5\/6<\/td>\n<td>SK200<\/td>\n<\/tr>\n<tr>\n<td>SK200<\/td>\n<td>SK200<\/td>\n<td>SK200-3<\/td>\n<td>SK200-6<\/td>\n<td>SK200-8<\/td>\n<td>SK200-5\/6<\/td>\n<td>SK60<\/td>\n<td>SK290<\/td>\n<td>SK100<\/td>\n<\/tr>\n<tr>\n<td>SK230<\/td>\n<td>SK250<\/td>\n<td>SK250-8<\/td>\n<td>SK260LC-8<\/td>\n<td>SK300<\/td>\n<td>SK300-2<\/td>\n<td>SK300-4<\/td>\n<td>SK310<\/td>\n<td>SK320<\/td>\n<\/tr>\n<tr>\n<td>SK330-8<\/td>\n<td>SK330<\/td>\n<td>SK350LC-8<\/td>\n<td>SK235SR<\/td>\n<td>SK450<\/td>\n<td>SK480<\/td>\n<td>SK30-6<\/td>\n<td><\/td>\n<td><\/td>\n<\/tr>\n<tr>\n<td colspan=\"9\"><strong>PRE SUMITOMO<\/strong><\/td>\n<\/tr>\n<tr>\n<td>SH120<\/td>\n<td>SH120-3<\/td>\n<td>SH200<\/td>\n<td>SH210-5<\/td>\n<td>SH200<\/td>\n<td>SH220-3<\/td>\n<td>SH220-5\/7<\/td>\n<td>SH290-3<\/td>\n<td>SH350-5\/7<\/td>\n<\/tr>\n<tr>\n<td>SH220<\/td>\n<td>SH280<\/td>\n<td>SH290-7<\/td>\n<td>SH260<\/td>\n<td>SH300<\/td>\n<td>SH300-3<\/td>\n<td>SH300-5<\/td>\n<td>SH350<\/td>\n<td>SH60<\/td>\n<\/tr>\n<tr>\n<td colspan=\"9\"><strong>PRE VOLVO<\/strong><\/td>\n<\/tr>\n<tr>\n<td>EC160C<\/td>\n<td>EC160D<\/td>\n<td>EC180B<\/td>\n<td>EC180C<\/td>\n<td>EC180D<\/td>\n<td>EC210<\/td>\n<td>EC210<\/td>\n<td>EC210B<\/td>\n<td>EC240B<\/td>\n<\/tr>\n<tr>\n<td>EC290<\/td>\n<td>EC290B<\/td>\n<td>EC240<\/td>\n<td>EC55<\/td>\n<td>EC360<\/td>\n<td>EC360B<\/td>\n<td>EC380D<\/td>\n<td>EC460<\/td>\n<td>EC460B<\/td>\n<\/tr>\n<tr>\n<td>EC460C<\/td>\n<td>EC700<\/td>\n<td>EC140<\/td>\n<td>EC140B<\/td>\n<td>EC160B<\/td>\n<td>EC350<\/td>\n<td>EC350DL<\/td>\n<td>EC480<\/td>\n<td>EC340<\/td>\n<\/tr>\n<tr>\n<td>DH200<\/td>\n<td>DH220-3<\/td>\n<td>DH220<\/td>\n<td>DH220S<\/td>\n<td>DH280-2<\/td>\n<td>DH280-3<\/td>\n<td>DH55<\/td>\n<td>DH258<\/td>\n<td>DH130<\/td>\n<\/tr>\n<tr>\n<td>DH370<\/td>\n<td>DH80<\/td>\n<td>DH500<\/td>\n<td>DH450<\/td>\n<td>DH225<\/td>\n<td>DH150<\/td>\n<td>DH330<\/td>\n<td>DH400<\/td>\n<td>DH580<\/td>\n<\/tr>\n<tr>\n<td colspan=\"9\"><strong>PRE HYUNDAI<\/strong><\/td>\n<\/tr>\n<tr>\n<td>R60-5<\/td>\n<td>R60-7<\/td>\n<td>R80-7<\/td>\n<td>R200<\/td>\n<td>R200-3<\/td>\n<td>R210<\/td>\n<td>R210-1<\/td>\n<td>R210-9<\/td>\n<td>R210LC<\/td>\n<\/tr>\n<tr>\n<td>R210LC-7<\/td>\n<td>R225<\/td>\n<td>R225-3<\/td>\n<td>R225-7<\/td>\n<td>R250<\/td>\n<td>R250-7<\/td>\n<td>R290<\/td>\n<td>R290LC<\/td>\n<td>R290LC-7<\/td>\n<\/tr>\n<tr>\n<td>R320<\/td>\n<td>R360<\/td>\n<td>R954<\/td>\n<td>R205<\/td>\n<td>R210-5<\/td>\n<td>R215<\/td>\n<td>R230<\/td>\n<td>R235<\/td>\n<td>R275<\/td>\n<\/tr>\n<tr>\n<td>R300<\/td>\n<td>R385<\/td>\n<td>R485<\/td>\n<td><\/td>\n<td><\/td>\n<td><\/td>\n<td><\/td>\n<td><\/td>\n<td><\/td>\n<\/tr>\n<tr>\n<td colspan=\"9\"><strong>PRE DOOSAN<\/strong><\/td>\n<\/tr>\n<tr>\n<td>DX225<\/td>\n<td>DX225LC<\/td>\n<td>DX258<\/td>\n<td>DX300<\/td>\n<td>DX300LCA<\/td>\n<td>DX420<\/td>\n<td>DX430<\/td>\n<td>DX140<\/td>\n<td>DX150<\/td>\n<\/tr>\n<tr>\n<td>DX220<\/td>\n<td>DX250<\/td>\n<td>DX255<\/td>\n<td>DX260<\/td>\n<td>DX370<\/td>\n<td>DX480<\/td>\n<td>DX520<\/td>\n<td><\/td>\n<td><\/td>\n<\/tr>\n<tr>\n<td colspan=\"9\"><strong>PRE PR\u00cdPAD<\/strong><\/td>\n<\/tr>\n<tr>\n<td>CX210<\/td>\n<td>CX210B<\/td>\n<td>CX210C<\/td>\n<td>CX210D<\/td>\n<td>CX210LC<\/td>\n<td>CX225<\/td>\n<td>CX235<\/td>\n<td>CX235C<\/td>\n<td>CX240<\/td>\n<\/tr>\n<tr>\n<td>CX240C<\/td>\n<td>CX245<\/td>\n<td>CX250<\/td>\n<td>CX250C<\/td>\n<td>CX300<\/td>\n<td>CX300C<\/td>\n<td>CX330<\/td>\n<td>CX330C<\/td>\n<td>CX350<\/td>\n<\/tr>\n<tr>\n<td>CX350C<\/td>\n<td>CX460<\/td>\n<td>CX460LC<\/td>\n<td>CX470<\/td>\n<td>CX470C<\/td>\n<td>CX490<\/td>\n<td>CX490D<\/td>\n<td>CX700<\/td>\n<td>CX700B<\/td>\n<\/tr>\n<tr>\n<td>CX750<\/td>\n<td>CX750D<\/td>\n<td>CX800B<\/td>\n<td>CX360B<\/td>\n<td>CX400B<\/td>\n<td><\/td>\n<td><\/td>\n<td><\/td>\n<td><\/td>\n<\/tr>\n<tr>\n<td colspan=\"9\"><strong>PRE SPOLO\u010cNOS\u0164 JCB<\/strong><\/td>\n<\/tr>\n<tr>\n<td>JS200<\/td>\n<td>JS200SC<\/td>\n<td>JS210<\/td>\n<td>JS210SC<\/td>\n<td>JS220<\/td>\n<td>JS220LC<\/td>\n<td>JS230<\/td>\n<td>JS230LC<\/td>\n<td>JS240<\/td>\n<\/tr>\n<tr>\n<td>JS240LC<\/td>\n<td>JS290<\/td>\n<td>JS290LC<\/td>\n<td>JS300<\/td>\n<td>JS300LC<\/td>\n<td>JS330<\/td>\n<td>JS330LC<\/td>\n<td><\/td>\n<td><\/td>\n<\/tr>\n<tr>\n<td colspan=\"9\"><strong>PRE XCMG<\/strong><\/td>\n<\/tr>\n<tr>\n<td>XE55DA<\/td>\n<td>XE60DA<\/td>\n<td>XE65DA<\/td>\n<td>XE75DA<\/td>\n<td>XE80C<\/td>\n<td>XE80D<\/td>\n<td>XE85C<\/td>\n<td>XE85D<\/td>\n<td>XE135D<\/td>\n<\/tr>\n<tr>\n<td>XE155DK<\/td>\n<td>XE150D<\/td>\n<td>XE155D<\/td>\n<td>XE200DA<\/td>\n<td>XE200D<\/td>\n<td>XE200C<\/td>\n<td>XE205DA<\/td>\n<td>XE215DA<\/td>\n<td>XE215C<\/td>\n<\/tr>\n<tr>\n<td>XE215D<\/td>\n<td>XE215HB<\/td>\n<td>XE225DK<\/td>\n<td>XE230C<\/td>\n<td>XE245DK<\/td>\n<td>XE240D<\/td>\n<td>XE260C<\/td>\n<td>XE265C<\/td>\n<td>XE270DK<\/td>\n<\/tr>\n<tr>\n<td>XE305D<\/td>\n<td>XE335DK<\/td>\n<td>XE335C<\/td>\n<td>XE370D<\/td>\n<td>XE370DK<\/td>\n<td>XE370CA<\/td>\n<td>XE370C<\/td>\n<td>XE380DK<\/td>\n<td>XE470D<\/td>\n<\/tr>\n<tr>\n<td>XE490DK<\/td>\n<td>XE490CK<\/td>\n<td>XE500HB<\/td>\n<td>XE520DK<\/td>\n<td>XE550DK<\/td>\n<td>XE750D<\/td>\n<td>XE750G<\/td>\n<td>XE950D<\/td>\n<td>XE950G<\/td>\n<\/tr>\n<tr>\n<td>XE950DA<\/td>\n<td>XE55<\/td>\n<td>XE60<\/td>\n<td>XE65<\/td>\n<td>XE75<\/td>\n<td>XE80<\/td>\n<td>XE85<\/td>\n<td>XE135<\/td>\n<td>XE150<\/td>\n<\/tr>\n<tr>\n<td>XE155<\/td>\n<td>XE200<\/td>\n<td>XE205<\/td>\n<td>XE215<\/td>\n<td>XE225<\/td>\n<td>XD230<\/td>\n<td>XE240<\/td>\n<td>XE245<\/td>\n<td>XE260<\/td>\n<\/tr>\n<tr>\n<td>XE265<\/td>\n<td>XE270<\/td>\n<td>XE305<\/td>\n<td>XE335<\/td>\n<td>XE370<\/td>\n<td>XE380<\/td>\n<td>XE470<\/td>\n<td>XE490<\/td>\n<td>XE500<\/td>\n<\/tr>\n<tr>\n<td>XE520<\/td>\n<td>XE550<\/td>\n<td>XE750<\/td>\n<td>XE950<\/td>\n<td><\/td>\n<td><\/td>\n<td><\/td>\n<td><\/td>\n<td><\/td>\n<\/tr>\n<tr>\n<td colspan=\"9\"><strong>PRE SPOLO\u010cNOS\u0164 SAMSUNG<\/strong><\/td>\n<\/tr>\n<tr>\n<td>SE210<\/td>\n<td>SE280<\/td>\n<td>SE320<\/td>\n<td><\/td>\n<td><\/td>\n<td><\/td>\n<td><\/td>\n<td><\/td>\n<td><\/td>\n<\/tr>\n<tr>\n<td colspan=\"9\"><strong>PRE LIUGONG<\/strong><\/td>\n<\/tr>\n<tr>\n<td>LG906C<\/td>\n<td>LG907<\/td>\n<td>LG200<\/td>\n<td>LG220<\/td>\n<td>LG925<\/td>\n<td>LG934<\/td>\n<td><\/td>\n<td><\/td>\n<td><\/td>\n<\/tr>\n<\/tbody>\n<\/table>\n<p>&nbsp;<\/p>\n<p><img decoding=\"async\" class=\"wp-image-1155\" src=\"https:\/\/swingbearing.net\/wp-content\/uploads\/2023\/11\/111-300x187.jpg\" alt=\"Koncov\u00fd pohon r\u00fdpadla\" width=\"850\" height=\"530\" srcset=\"https:\/\/swingbearing.net\/wp-content\/uploads\/2023\/11\/111-300x187.jpg 300w, https:\/\/swingbearing.net\/wp-content\/uploads\/2023\/11\/111-768x479.jpg 768w, https:\/\/swingbearing.net\/wp-content\/uploads\/2023\/11\/111-600x374.jpg 600w, https:\/\/swingbearing.net\/wp-content\/uploads\/2023\/11\/111.jpg 850w\" sizes=\"(max-width: 850px) 100vw, 850px\" \/><\/p>\n<p><img decoding=\"async\" class=\"alignnone wp-image-1156 size-full\" src=\"https:\/\/swingbearing.net\/wp-content\/uploads\/2023\/11\/222.jpg\" alt=\"Koncov\u00fd pohon r\u00fdpadla\" width=\"850\" height=\"638\" srcset=\"https:\/\/swingbearing.net\/wp-content\/uploads\/2023\/11\/222.jpg 850w, https:\/\/swingbearing.net\/wp-content\/uploads\/2023\/11\/222-300x225.jpg 300w, https:\/\/swingbearing.net\/wp-content\/uploads\/2023\/11\/222-768x576.jpg 768w, https:\/\/swingbearing.net\/wp-content\/uploads\/2023\/11\/222-600x450.jpg 600w\" sizes=\"(max-width: 850px) 100vw, 850px\" \/><\/p>","protected":false},"excerpt":{"rendered":"<h5 class=\"ct-headline\">Model: Solar 420LC-V<br \/>\n<strong class=\"type\">\u010cas\u0165 #:<\/strong> 401-00302B 401-00272 40100302B 40100272<br \/>\nKateg\u00f3rie: Redukcia hojda\u010dky, oto\u010dn\u00fd reduktor, hojda\u010dkov\u00fd motor<\/h5>","protected":false},"featured_media":1372,"template":"","meta":[],"product_brand":[],"product_cat":[25],"product_tag":[],"class_list":{"0":"post-1763","1":"product","2":"type-product","3":"status-publish","4":"has-post-thumbnail","6":"product_cat-slewing-reducers","8":"first","9":"instock","10":"shipping-taxable","11":"product-type-simple"},"_links":{"self":[{"href":"https:\/\/swingbearing.net\/sk\/wp-json\/wp\/v2\/product\/1763","targetHints":{"allow":["GET"]}}],"collection":[{"href":"https:\/\/swingbearing.net\/sk\/wp-json\/wp\/v2\/product"}],"about":[{"href":"https:\/\/swingbearing.net\/sk\/wp-json\/wp\/v2\/types\/product"}],"wp:featuredmedia":[{"embeddable":true,"href":"https:\/\/swingbearing.net\/sk\/wp-json\/wp\/v2\/media\/1372"}],"wp:attachment":[{"href":"https:\/\/swingbearing.net\/sk\/wp-json\/wp\/v2\/media?parent=1763"}],"wp:term":[{"taxonomy":"product_brand","embeddable":true,"href":"https:\/\/swingbearing.net\/sk\/wp-json\/wp\/v2\/product_brand?post=1763"},{"taxonomy":"product_cat","embeddable":true,"href":"https:\/\/swingbearing.net\/sk\/wp-json\/wp\/v2\/product_cat?post=1763"},{"taxonomy":"product_tag","embeddable":true,"href":"https:\/\/swingbearing.net\/sk\/wp-json\/wp\/v2\/product_tag?post=1763"}],"curies":[{"name":"wp","href":"https:\/\/api.w.org\/{rel}","templated":true}]}}