{"id":1637,"date":"2024-02-28T06:46:55","date_gmt":"2024-02-28T06:46:55","guid":{"rendered":"https:\/\/swingbearing.net\/?post_type=product&#038;p=1637"},"modified":"2024-02-28T06:58:17","modified_gmt":"2024-02-28T06:58:17","slug":"swing-reducer-ec210blc","status":"publish","type":"product","link":"https:\/\/swingbearing.net\/sk\/product\/swing-reducer-ec210blc\/","title":{"rendered":"Volvo EC210BLC V\u00fdkyvn\u00fd reduktor M5X130CHB-10A 14550091 14521451, 14552686, 14550091"},"content":{"rendered":"<h4>M\u00f4\u017eeme poskytn\u00fa\u0165 \u0161irok\u00fd sortiment rota\u010dn\u00fdch reduktorov\/kr\u00eddlov\u00fdch reduktorov\/kr\u00eddlov\u00fdch reduk\u010dn\u00fdch prevodoviek pre r\u00fdpadl\u00e1.<\/h4>\n<p>V\u00fdkyvn\u00e9 motory (niekedy naz\u00fdvan\u00e9 rota\u010dn\u00e9 reduktory) zabezpe\u010duj\u00fa v\u00fdkonn\u00fa silu ot\u00e1\u010dania v\u00fdlo\u017en\u00edkov r\u00fdpadiel pomocou hydraulick\u00e9ho oleja<br \/>\na s\u00fa presne skon\u0161truovan\u00e9 tak, aby zabezpe\u010dili bezprobl\u00e9mov\u00fa prev\u00e1dzku a v\u00fdkon.<\/p>\n<h4>Podporovan\u00e9 zna\u010dky<\/h4>\n<p>V s\u00fa\u010dasnosti m\u00f4\u017eeme poskytn\u00fa\u0165 v\u00fdkyvn\u00e9 motory pre \u0161irok\u00fd v\u00fdber r\u00fdpadiel vyr\u00e1ban\u00fdch spolo\u010dnos\u0165ami ako Komatsu, Caterpillar, Volvo, Case, Doosan, Sumitomo, Hyundai, Kobelco, JCB, Liugong, Sany, XCMG a Hitachi.<\/p>\n<h4>S\u00favisiace JCB r\u00fdpadlo rota\u010dn\u00fd reduktor Assy<\/h4>\n<figure class=\"wp-block-table is-style-stripes has-small-font-size\">\n<table class=\"has-cyan-bluish-gray-background-color has-background\" style=\"height: 618px;\" width=\"904\">\n<tbody>\n<tr>\n<td width=\"384\">114-1305 114-1306 114-0661 1141305 1141306 1140661 volvo 330b<\/td>\n<td width=\"421\">\u00a0VOE14215117 VOE14250820 EC130<\/td>\n<\/tr>\n<tr>\n<td width=\"384\">PJ4890052 PJ4890095 PJ4890100 EC50<\/td>\n<td width=\"421\">\u00a0VOE14250820 VOE14211116 EC130C EC150C<\/td>\n<\/tr>\n<tr>\n<td>\u00a0VOE14235261 VOE14054392 EC650<\/td>\n<td>\u00a0VOE14256325 VOE14211116 EC200<\/td>\n<\/tr>\n<tr>\n<td>\u00a0VOE14233392 VOE14211154 EC230B<\/td>\n<td>VOE14263538 EC450 VOE 14514894 EC160B EC180B<\/td>\n<\/tr>\n<tr>\n<td>\u00a0VOE14233392 EC230B 14524190 EC290B<\/td>\n<td width=\"421\">\u00a0VOE14264157 EC340<\/td>\n<\/tr>\n<tr>\n<td>\u00a0VOE14231304 EC300 volvo<\/td>\n<td>\u00a0VOE14264157 VOE14341272<\/td>\n<\/tr>\n<tr>\n<td width=\"384\">\u00a0VOE11806964 EC45 VOE 14524188 EC140B<\/td>\n<td>\u00a0VOE14267504 VOE14265302 EC280<\/td>\n<\/tr>\n<tr>\n<td>\u00a0SA8230-27000 SA8230-31780 EC360<\/td>\n<td width=\"421\">\u00a0VOE14503783 VOE14542163 VOE14500382 EC240B<\/td>\n<\/tr>\n<tr>\n<td width=\"384\">SA8230-24760 SA1155-30080 EC55<\/td>\n<td>\u00a014504144 VOE 14542165 SA 1142-00651<\/td>\n<\/tr>\n<tr>\n<td>\u00a0SA7118-38100 SA1142-00651 EC290<\/td>\n<td>VOE 14507900 VOE 14524188 EC135B<\/td>\n<\/tr>\n<tr>\n<td>\u00a0SA7118-30130 SA1142-07410 EC460<\/td>\n<td>\u00a0VOE14507900 VOE 14541064 SA 1142-06500<\/td>\n<\/tr>\n<tr>\n<td>\u00a0SA7118-23101 SA1142-06500 EC140<\/td>\n<td width=\"421\">\u00a0VOE 14512787 VOE 14512786 EC330B EC360B VOE 145<\/td>\n<\/tr>\n<tr>\n<td>\u00a0PJ5370257 EC70 VOE14250820 EC150<\/td>\n<td width=\"421\">VOE 14515046 VOE 14541067<\/td>\n<\/tr>\n<tr>\n<td>\u00a0VOE14235261 VOE14214158 EC650<\/td>\n<td width=\"421\">\u00a0VOE 14516445 VOE 14541069 SA 1142-00930 VOE 14521451 EC210B<\/td>\n<\/tr>\n<tr>\n<td>VOE 14521444 VOE 14521452 EC460B<\/td>\n<td width=\"421\">\u00a0VOE 14521444 VOE 14521452 EC460B<\/td>\n<\/tr>\n<tr>\n<td>VOE 7118-34100 SA 1142-00520 VOE 14500382 EC240<\/td>\n<td width=\"421\">\u00a0VOE 14529547 SA 1155-30060 SA 1155-30080 EC55E<\/td>\n<\/tr>\n<tr>\n<td>VOE 14535295 VOE 14535293 EC700B<\/td>\n<td>\u00a0VOE 14535295 VOE 14535293 EC700B<\/td>\n<\/tr>\n<\/tbody>\n<\/table>\n<\/figure>\n<h4><strong>Motor a prevodovka Dostupn\u00fd model:<\/strong><\/h4>\n<figure class=\"wp-block-table is-style-stripes has-small-font-size\">\n<table class=\"has-cyan-bluish-gray-background-color has-background\">\n<tbody>\n<tr>\n<td width=\"208\">DH55\/60\/80,R60\/80-7 SK60-5<\/td>\n<td width=\"137\">JMF29<\/td>\n<td width=\"137\">V\u00fdkyvn\u00fd motor<\/td>\n<\/tr>\n<tr>\n<td width=\"208\">EX75US-5, EX75UR-5 A ZX75US KX75 EX60-5<\/td>\n<td width=\"137\">4364923<\/td>\n<td width=\"137\">V\u00fdkyvn\u00fd motor<\/td>\n<\/tr>\n<tr>\n<td width=\"208\">SH130-5 CX130B JCB130 SH120<\/td>\n<td width=\"137\">LJ016070 \/LJ00855 20\/925360 LNM0434<\/td>\n<td width=\"137\">V\u00fdkyvn\u00fd motor<\/td>\n<\/tr>\n<tr>\n<td width=\"208\">JCB220<\/td>\n<td width=\"137\">20\/925315 JRC0006<\/td>\n<td width=\"137\">V\u00fdkyvn\u00fd motor<\/td>\n<\/tr>\n<tr>\n<td width=\"208\">SH200A3<\/td>\n<td width=\"137\">KRC0226<\/td>\n<td width=\"137\">V\u00fdkyvn\u00fd motor<\/td>\n<\/tr>\n<tr>\n<td width=\"208\">CX210<\/td>\n<td width=\"137\">LJ01076<\/td>\n<td width=\"137\">V\u00fdkyvn\u00fd motor<\/td>\n<\/tr>\n<tr>\n<td width=\"208\">CX210B<\/td>\n<td width=\"137\">KRC10190 \/ 91<\/td>\n<td width=\"137\">V\u00fdkyvn\u00fd motor<\/td>\n<\/tr>\n<tr>\n<td width=\"208\">DX340 1X420<\/td>\n<td width=\"137\">404-00094A<\/td>\n<td width=\"137\">V\u00fdkyvn\u00fd motor<\/td>\n<\/tr>\n<tr>\n<td width=\"208\">DH300-7 DX300LCA DX300-7<\/td>\n<td width=\"137\">401-00457B<\/td>\n<td width=\"137\">V\u00fdkyvn\u00fd motor<\/td>\n<\/tr>\n<tr>\n<td width=\"208\">EC300 volvo<\/td>\n<td width=\"137\">VOE14231304<\/td>\n<td width=\"137\"><\/td>\n<\/tr>\n<tr>\n<td width=\"208\">CAT312 E312C\/D<\/td>\n<td width=\"137\">170-9893 169-5569<\/td>\n<td width=\"137\">V\u00fdkyvn\u00fd motor<\/td>\n<\/tr>\n<tr>\n<td width=\"208\">E320B<\/td>\n<td width=\"137\">116-3550<\/td>\n<td width=\"137\">V\u00fdkyvn\u00fd motor<\/td>\n<\/tr>\n<tr>\n<td width=\"208\">E320 C\/D<\/td>\n<td width=\"137\">1588986<\/td>\n<td width=\"137\">V\u00fdkyvn\u00fd motor<\/td>\n<\/tr>\n<tr>\n<td width=\"208\">E330C\/D E336D\/D2<\/td>\n<td width=\"137\">200-3373 334-9973<\/td>\n<td width=\"137\">V\u00fdkyvn\u00fd motor<\/td>\n<\/tr>\n<tr>\n<td width=\"208\">PC300\/360\/400\/450-7\/-8<\/td>\n<td width=\"137\">706-7G-01170 706-7K-01081<\/td>\n<td width=\"137\">V\u00fdkyvn\u00fd motor<\/td>\n<\/tr>\n<tr>\n<td width=\"208\">EX200-5<\/td>\n<td width=\"137\">4330222<\/td>\n<td width=\"137\">V\u00fdkyvn\u00fd motor<\/td>\n<\/tr>\n<tr>\n<td width=\"208\">ZX200-3 ZX210-3<\/td>\n<td width=\"137\">4610138<\/td>\n<td width=\"137\">V\u00fdkyvn\u00fd motor<\/td>\n<\/tr>\n<tr>\n<td width=\"208\">ZX240-3 ZX250-3 ZX240-3G, ZX240-5G<\/td>\n<td width=\"137\">4625367<\/td>\n<td width=\"137\">V\u00fdkyvn\u00fd motor<\/td>\n<\/tr>\n<tr>\n<td width=\"208\">ZX270-3<\/td>\n<td width=\"137\">4621174<\/td>\n<td width=\"137\">V\u00fdkyvn\u00fd motor<\/td>\n<\/tr>\n<tr>\n<td width=\"208\">\u00a0ZX330-3<\/td>\n<td width=\"137\">4419718 4616985<\/td>\n<td width=\"137\">V\u00fdkyvn\u00fd motor<\/td>\n<\/tr>\n<tr>\n<td width=\"208\">R140-7<\/td>\n<td width=\"137\">31N4-10130<\/td>\n<td width=\"137\">V\u00fdkyvn\u00fd motor<\/td>\n<\/tr>\n<tr>\n<td width=\"208\">R210-7\/R215-7\/R225-7,R200W-7 R180LC7, R180LC9, R200NLC3, R210LC<\/td>\n<td width=\"137\">31N6-10210 31N6-10160 31EL-12060, 31Q5-10160, 31EL-12060, 31EM-10120-03<\/td>\n<td width=\"137\">V\u00fdkyvn\u00fd motor<\/td>\n<\/tr>\n<tr>\n<td width=\"208\">R210LC-9<\/td>\n<td width=\"137\">31Q6-10131, 31Q6-10130<\/td>\n<td width=\"137\">V\u00fdkyvn\u00fd motor<\/td>\n<\/tr>\n<tr>\n<td width=\"208\">R250-7\/R260-9\/R265-7<\/td>\n<td width=\"137\">31N7-10160<\/td>\n<td width=\"137\">V\u00fdkyvn\u00fd motor<\/td>\n<\/tr>\n<tr>\n<td width=\"208\">R290\/R305\/320-7<\/td>\n<td width=\"137\">31N8-12020 31N8-12010<\/td>\n<td width=\"137\">V\u00fdkyvn\u00fd motor<\/td>\n<\/tr>\n<tr>\n<td width=\"208\">R360-7<\/td>\n<td width=\"137\">31NA-10160<\/td>\n<td width=\"137\">V\u00fdkyvn\u00fd motor<\/td>\n<\/tr>\n<tr>\n<td width=\"208\">R450-7 R500-7 R480-9 R520-9<\/td>\n<td width=\"137\">31QB-18130,31QB-18160, 31QB-18130, 31QB-18270,<\/td>\n<td width=\"137\">V\u00fdkyvn\u00fd motor<\/td>\n<\/tr>\n<tr>\n<td width=\"208\">SK135<\/td>\n<td width=\"137\">YY15V00005F1 31QB-18250 A 31QB-18270<\/td>\n<td width=\"137\">V\u00fdkyvn\u00fd motor<\/td>\n<\/tr>\n<tr>\n<td width=\"208\">SK200-6 SK210-6<\/td>\n<td width=\"137\">YN32W00004F1<\/td>\n<td width=\"137\">V\u00fdkyvn\u00fd motor<\/td>\n<\/tr>\n<tr>\n<td width=\"208\">SK200SR, SK200LC-6ES SK210-6E E215<\/td>\n<td width=\"137\">YN15V00025F1\/F2\/F3\/F5<br \/>\nYN15V00026F6 YN15V00026F7<\/td>\n<td width=\"137\">V\u00fdkyvn\u00fd motor<\/td>\n<\/tr>\n<tr>\n<td width=\"208\">SK200-8 SK210-8 E215B<\/td>\n<td width=\"137\">YN15V00035F1<\/td>\n<td width=\"137\">V\u00fdkyvn\u00fd motor<\/td>\n<\/tr>\n<tr>\n<td width=\"208\">SK250\/260-8\/SK250-6E E265B<\/td>\n<td width=\"137\">LQ15V00015F2<\/td>\n<td width=\"137\">V\u00fdkyvn\u00fd motor<\/td>\n<\/tr>\n<tr>\n<td width=\"208\">SK330-6E SK330LC<br \/>\nSK330-8 SK350-8 HD1430 ZX350<\/td>\n<td width=\"137\">LC15V00003F1<br \/>\nLC15V00022F2 YN15V00036F1<\/td>\n<td width=\"137\">V\u00fdkyvn\u00fd motor<\/td>\n<\/tr>\n<tr>\n<td width=\"208\">New holland E305<\/td>\n<td width=\"137\">LB15V00011F2<\/td>\n<td width=\"137\">V\u00fdkyvn\u00fd motor<\/td>\n<\/tr>\n<tr>\n<td width=\"208\">DH225-7 DH210 DH220<\/td>\n<td width=\"137\">K1000697A K1007950A<\/td>\n<td width=\"137\">V\u00fdkyvn\u00fd motor<\/td>\n<\/tr>\n<tr>\n<td width=\"208\">\u00a0 EC160B EC180B<\/td>\n<td width=\"137\">14524189\u00a0 14514894<\/td>\n<td width=\"137\">V\u00fdkyvn\u00fd motor<\/td>\n<\/tr>\n<tr>\n<td width=\"208\">EC210B<\/td>\n<td width=\"137\">14550091\/14521451\u00a0 \u00a014552686<\/td>\n<td width=\"137\">V\u00fdkyvn\u00fd motor<\/td>\n<\/tr>\n<tr>\n<td width=\"208\">EC240B\/C<\/td>\n<td width=\"137\">VOE14550094<\/td>\n<td width=\"137\">V\u00fdkyvn\u00fd motor<\/td>\n<\/tr>\n<tr>\n<td width=\"208\">DH220-5 DH300LC-V<\/td>\n<td width=\"137\">2404-1063B 40400096B<\/td>\n<td width=\"137\">V\u00fdkyvn\u00fd motor<\/td>\n<\/tr>\n<tr>\n<td width=\"208\">EC290B<\/td>\n<td width=\"137\">14550095<\/td>\n<td width=\"137\">V\u00fdkyvn\u00fd motor<\/td>\n<\/tr>\n<tr>\n<td width=\"208\">EC460B EC650<\/td>\n<td width=\"137\">VOE14235261 VOE14214158<\/td>\n<td width=\"137\">V\u00fdkyvn\u00fd motor<\/td>\n<\/tr>\n<tr>\n<td width=\"208\">DX225LC<\/td>\n<td width=\"137\">K1045024 170303-00049\/B\/C<\/td>\n<td width=\"137\">V\u00fdkyvn\u00fd motor<\/td>\n<\/tr>\n<\/tbody>\n<\/table>\n<\/figure>\n<p><img decoding=\"async\" class=\"wp-image-1155\" src=\"https:\/\/swingbearing.net\/wp-content\/uploads\/2023\/11\/111-300x187.jpg\" alt=\"Koncov\u00fd pohon r\u00fdpadla\" width=\"850\" height=\"530\" srcset=\"https:\/\/swingbearing.net\/wp-content\/uploads\/2023\/11\/111-300x187.jpg 300w, https:\/\/swingbearing.net\/wp-content\/uploads\/2023\/11\/111-768x479.jpg 768w, https:\/\/swingbearing.net\/wp-content\/uploads\/2023\/11\/111-600x374.jpg 600w, https:\/\/swingbearing.net\/wp-content\/uploads\/2023\/11\/111.jpg 850w\" sizes=\"(max-width: 850px) 100vw, 850px\" \/><\/p>\n<p><img decoding=\"async\" class=\"alignnone wp-image-1156 size-full\" src=\"https:\/\/swingbearing.net\/wp-content\/uploads\/2023\/11\/222.jpg\" alt=\"Koncov\u00fd pohon r\u00fdpadla\" width=\"850\" height=\"638\" srcset=\"https:\/\/swingbearing.net\/wp-content\/uploads\/2023\/11\/222.jpg 850w, https:\/\/swingbearing.net\/wp-content\/uploads\/2023\/11\/222-300x225.jpg 300w, https:\/\/swingbearing.net\/wp-content\/uploads\/2023\/11\/222-768x576.jpg 768w, https:\/\/swingbearing.net\/wp-content\/uploads\/2023\/11\/222-600x450.jpg 600w\" sizes=\"(max-width: 850px) 100vw, 850px\" \/><\/p>","protected":false},"excerpt":{"rendered":"<h5 class=\"ct-headline\">Kateg\u00f3rie: N\u00e1hradn\u00e9 diely Volvo,Rota\u010dn\u00fd reduktor pre r\u00fdpadl\u00e1,Redukcia hojda\u010dky,S\u00faprava motora hojda\u010dky<br \/>\nModel: Volvo EC210BLC<br \/>\n\u010c\u00edslo dielu: 14521451, 14552686, 14550091<\/h5>\n<p>&nbsp;<\/p>","protected":false},"featured_media":1634,"template":"","meta":[],"product_brand":[],"product_cat":[25],"product_tag":[],"class_list":{"0":"post-1637","1":"product","2":"type-product","3":"status-publish","4":"has-post-thumbnail","6":"product_cat-slewing-reducers","8":"first","9":"instock","10":"shipping-taxable","11":"product-type-simple"},"_links":{"self":[{"href":"https:\/\/swingbearing.net\/sk\/wp-json\/wp\/v2\/product\/1637","targetHints":{"allow":["GET"]}}],"collection":[{"href":"https:\/\/swingbearing.net\/sk\/wp-json\/wp\/v2\/product"}],"about":[{"href":"https:\/\/swingbearing.net\/sk\/wp-json\/wp\/v2\/types\/product"}],"wp:featuredmedia":[{"embeddable":true,"href":"https:\/\/swingbearing.net\/sk\/wp-json\/wp\/v2\/media\/1634"}],"wp:attachment":[{"href":"https:\/\/swingbearing.net\/sk\/wp-json\/wp\/v2\/media?parent=1637"}],"wp:term":[{"taxonomy":"product_brand","embeddable":true,"href":"https:\/\/swingbearing.net\/sk\/wp-json\/wp\/v2\/product_brand?post=1637"},{"taxonomy":"product_cat","embeddable":true,"href":"https:\/\/swingbearing.net\/sk\/wp-json\/wp\/v2\/product_cat?post=1637"},{"taxonomy":"product_tag","embeddable":true,"href":"https:\/\/swingbearing.net\/sk\/wp-json\/wp\/v2\/product_tag?post=1637"}],"curies":[{"name":"wp","href":"https:\/\/api.w.org\/{rel}","templated":true}]}}