{"id":1381,"date":"2023-11-28T03:59:20","date_gmt":"2023-11-28T03:59:20","guid":{"rendered":"https:\/\/swingbearing.net\/?post_type=product&#038;p=1381"},"modified":"2023-11-28T03:59:47","modified_gmt":"2023-11-28T03:59:47","slug":"slewing-reducer-sk250-8","status":"publish","type":"product","link":"https:\/\/swingbearing.net\/sk\/product\/slewing-reducer-sk250-8\/","title":{"rendered":"Redukcia SK250-8"},"content":{"rendered":"<h4 style=\"text-align: center;\">R\u00fdpadlo s oto\u010dn\u00fdm reduktorom<br \/>\nMODEL V\u00ddKYVN\u00c9HO MOTORA<\/h4>\n<figure class=\"wp-block-table is-style-stripes has-small-font-size\">\n<table class=\"has-cyan-bluish-gray-background-color has-background\">\n<tbody>\n<tr>\n<td>SG025<\/td>\n<td>SH60 \/SK60\/E70B\/307<\/td>\n<\/tr>\n<tr>\n<td>SG04<\/td>\n<td>HD400\/450SEV CAT311\/312<\/td>\n<\/tr>\n<tr>\n<td>MFC65<\/td>\n<td>SH100\/120 SK100-2\/3<\/td>\n<\/tr>\n<tr>\n<td>SG08<\/td>\n<td>CAT200B\/SH200\/HD700\/820<\/td>\n<\/tr>\n<tr>\n<td>M2X96<\/td>\n<td>EX200-2 EX220-2<\/td>\n<\/tr>\n<tr>\n<td>M2X120<\/td>\n<td>EX200-3 E320L\/B SK200-6<\/td>\n<\/tr>\n<tr>\n<td>M2X146<\/td>\n<td>EX200-5 EX220-5 SK230-6<\/td>\n<\/tr>\n<tr>\n<td>M2X150\/170<\/td>\n<td>EX200-1 SK200-1\/3 SK07-N2<\/td>\n<\/tr>\n<tr>\n<td>M2X210<\/td>\n<td>EX270\/280\/300-1 HD1250<\/td>\n<\/tr>\n<tr>\n<td>M5X130<\/td>\n<td>ZAX200\/210 CAT320C SK200-8<\/td>\n<\/tr>\n<tr>\n<td>M5X180<\/td>\n<td>ZAX330\/360 HD1430<\/td>\n<\/tr>\n<tr>\n<td>M2X63<\/td>\n<td>R130\/150 SK60-1<\/td>\n<\/tr>\n<tr>\n<td>KMF90<\/td>\n<td>PC200-3\/5 PC220-3\/5<\/td>\n<\/tr>\n<tr>\n<td>KMF160<\/td>\n<td>PC300-3\/5 PC400-3\/5<\/td>\n<\/tr>\n<tr>\n<td>MX173<\/td>\n<td>EX200-1\/220-1(STAR\u00dd)<\/td>\n<\/tr>\n<tr>\n<td>M5X150<\/td>\n<td>CAT300B<\/td>\n<\/tr>\n<\/tbody>\n<\/table>\n<\/figure>\n<p>Pre\u010do si vybra\u0165 pr\u00e1ve n\u00e1s:<br \/>\n1. Sme tov\u00e1re\u0148 so s\u00eddlom v meste Xuzhou v \u010c\u00edne.<br \/>\n2. Kvalita a dod\u00e1vka pod kontrolou.<br \/>\n3. R\u00fdchla reakcia do 24 hod\u00edn.<br \/>\n4. Povolen\u00e1 mal\u00e1 objedn\u00e1vka.<br \/>\n5. P\u00f4vodn\u00e9 balenie, neutr\u00e1lne balenie alebo balenie na mieru.<br \/>\n6. Na\u0161a cena je ve\u013emi konkurencieschopn\u00e1 v porovnan\u00ed s in\u00fdmi dod\u00e1vate\u013emi.<br \/>\n7. Ak m\u00f4\u017eete doda\u0165 len \u010das\u0165 \u010d \u017diadny probl\u00e9m, po\u0161lite mi \u010d\u00edslo \u010dasti, d\u00e1m v\u00e1m spr\u00e1vny v\u00fdrobok.  M\u00e1me dobr\u00fd syst\u00e9m t\u00fdkaj\u00faci sa dielu \u010d.<br \/>\n8. Viac ako 15 rokov sk\u00fasenost\u00ed s profesion\u00e1lnou v\u00fdrobou.<\/p>\n<h4 style=\"text-align: center;\">\u010eal\u0161ie modely r\u00fdpadiel<\/h4>\n<figure class=\"wp-block-table is-style-stripes has-small-font-size\">\n<table class=\"has-cyan-bluish-gray-background-color has-background\">\n<tbody>\n<tr>\n<td rowspan=\"5\">CATERPILLA R<\/td>\n<td>E55\/E55B<\/td>\n<td>E70\/E70B<\/td>\n<td>E110\/E110B<\/td>\n<td>E120\/E120B<\/td>\n<td>E180<\/td>\n<\/tr>\n<tr>\n<td>E215<\/td>\n<td>E225DLC<\/td>\n<td>E235<\/td>\n<td>E240<\/td>\n<td>E300B<\/td>\n<\/tr>\n<tr>\n<td>E307<\/td>\n<td>E306<\/td>\n<td>E305<\/td>\n<td>E311\/E312<\/td>\n<td>E320\/E200B<\/td>\n<\/tr>\n<tr>\n<td>E322<\/td>\n<td>E324<\/td>\n<td>E325<\/td>\n<td>E330<\/td>\n<td>E339<\/td>\n<\/tr>\n<tr>\n<td>E345<\/td>\n<td>E349<\/td>\n<td>E450<\/td>\n<td><\/td>\n<td><\/td>\n<\/tr>\n<tr>\n<td rowspan=\"7\">HITACHI<\/td>\n<td>EX30<\/td>\n<td>EX40<\/td>\n<td>EX55<\/td>\n<td>EX60-1-2-3-5<\/td>\n<td>EX70<\/td>\n<\/tr>\n<tr>\n<td>EX100-1-3<\/td>\n<td>EX120-1-3-5<\/td>\n<td>EX150<\/td>\n<td>EX200-1-2-3-5-8<\/td>\n<td>EX220<\/td>\n<\/tr>\n<tr>\n<td>EX230<\/td>\n<td>EX270<\/td>\n<td>EX300-1-2-3-5-6<\/td>\n<td>EX400-1-2-3-5<\/td>\n<td>EX600<\/td>\n<\/tr>\n<tr>\n<td>UH043<\/td>\n<td>UH052<\/td>\n<td>UH053<\/td>\n<td>UH07<\/td>\n<td>UH081<\/td>\n<\/tr>\n<tr>\n<td>UH082<\/td>\n<td>UH083<\/td>\n<td>ZAXIS 60<\/td>\n<td>ZAXIS 200-3-6<\/td>\n<td>ZAXIS 240<\/td>\n<\/tr>\n<tr>\n<td>ZAXIS 270<\/td>\n<td>ZAXIS 330<\/td>\n<td>ZAXIS 360<\/td>\n<td>ZAXIS 450<\/td>\n<td>ZAXIS 870<\/td>\n<\/tr>\n<tr>\n<td>ZAXIS 110<\/td>\n<td>ZAXIS 120<\/td>\n<td><\/td>\n<td><\/td>\n<td><\/td>\n<\/tr>\n<tr>\n<td rowspan=\"3\">KATO<\/td>\n<td>HD80<\/td>\n<td>HD140<\/td>\n<td>HD250<\/td>\n<td>HD400(HD450)<\/td>\n<td>HD550<\/td>\n<\/tr>\n<tr>\n<td>HD700(HD770)<\/td>\n<td>HD820(HD850)<\/td>\n<td>HD880<\/td>\n<td>HD900<\/td>\n<td>HD1023<\/td>\n<\/tr>\n<tr>\n<td>HD1220<\/td>\n<td>HD1250<\/td>\n<td>HD1430<\/td>\n<td>HD2053<\/td>\n<td><\/td>\n<\/tr>\n<tr>\n<td rowspan=\"4\">SUMITOMO<\/td>\n<td>SH60<\/td>\n<td>SH70<\/td>\n<td>SH100<\/td>\n<td>SH120<\/td>\n<td>SH200<\/td>\n<\/tr>\n<tr>\n<td>SH210<\/td>\n<td>SH220<\/td>\n<td>SH280<\/td>\n<td>SH300<\/td>\n<td>SH320<\/td>\n<\/tr>\n<tr>\n<td>SH350<\/td>\n<td>SH360<\/td>\n<td>SH400<\/td>\n<td>SH450<\/td>\n<td>SH460<\/td>\n<\/tr>\n<tr>\n<td>LS2800FJ<\/td>\n<td>S340<\/td>\n<td>S430<\/td>\n<td><\/td>\n<td><\/td>\n<\/tr>\n<tr>\n<td rowspan=\"4\">KOBELCO<\/td>\n<td>SK60<\/td>\n<td>SK70<\/td>\n<td>SK75<\/td>\n<td>SK07-N2<\/td>\n<td>SK07\/2\/7<\/td>\n<\/tr>\n<tr>\n<td>SK100<\/td>\n<td>SK120-3-5-6<\/td>\n<td>SK125<\/td>\n<td>SK160<\/td>\n<td>SK200-1-3-5-6-8<\/td>\n<\/tr>\n<tr>\n<td>SK210<\/td>\n<td>SK220-3-6<\/td>\n<td>SK230<\/td>\n<td>SK250<\/td>\n<td>SK260<\/td>\n<\/tr>\n<tr>\n<td>SK300-3-6<\/td>\n<td>SK320<\/td>\n<td>SK330<\/td>\n<td>SK400<\/td>\n<td>SK480<\/td>\n<\/tr>\n<tr>\n<td rowspan=\"4\">DAEWOO<\/td>\n<td>DH55<\/td>\n<td>DH60<\/td>\n<td>DH80<\/td>\n<td>DH130<\/td>\n<td>DH150<\/td>\n<\/tr>\n<tr>\n<td>DH200<\/td>\n<td>DH220<\/td>\n<td>DH215<\/td>\n<td>DH220<\/td>\n<td>DH258<\/td>\n<\/tr>\n<tr>\n<td>DH280<\/td>\n<td>DH300<\/td>\n<td>DH360<\/td>\n<td>DH370-9<\/td>\n<td>DH400<\/td>\n<\/tr>\n<tr>\n<td>DH420<\/td>\n<td>DH500<\/td>\n<td>UH07<\/td>\n<td>K907C<\/td>\n<td><\/td>\n<\/tr>\n<tr>\n<td rowspan=\"4\">HYUNDAI<\/td>\n<td>R60<\/td>\n<td>R80<\/td>\n<td>R130-5-7<\/td>\n<td>R150<\/td>\n<td>R200<\/td>\n<\/tr>\n<tr>\n<td>R200-5<\/td>\n<td>R210<\/td>\n<td>R210-7<\/td>\n<td>R215-7<\/td>\n<td>R220-5<\/td>\n<\/tr>\n<tr>\n<td>R225-7<\/td>\n<td>R260-5<\/td>\n<td>R265<\/td>\n<td>R290<\/td>\n<td>R300-5<\/td>\n<\/tr>\n<tr>\n<td>R305<\/td>\n<td>R320<\/td>\n<td>R385<\/td>\n<td>R420<\/td>\n<td>R450-3-5<\/td>\n<\/tr>\n<tr>\n<td rowspan=\"2\">VOLV O<\/td>\n<td>EC55B<\/td>\n<td>EC140B<\/td>\n<td>EC210<\/td>\n<td>EC240<\/td>\n<td>EC290B<\/td>\n<\/tr>\n<tr>\n<td>EC290B PRIME<\/td>\n<td>EC360<\/td>\n<td>EC460<\/td>\n<td>EC700<\/td>\n<td><\/td>\n<\/tr>\n<tr>\n<td rowspan=\"2\">KUBOTA<\/td>\n<td>KX35<\/td>\n<td>KX50<\/td>\n<td>KX85<\/td>\n<td>KX135<\/td>\n<td>KX155<\/td>\n<\/tr>\n<tr>\n<td>KX161<\/td>\n<td><\/td>\n<td><\/td>\n<td><\/td>\n<td><\/td>\n<\/tr>\n<tr>\n<td>DOOSAN<\/td>\n<td>DX60<\/td>\n<td>DX200<\/td>\n<td>DX300<\/td>\n<td>DX340<\/td>\n<td><\/td>\n<\/tr>\n<\/tbody>\n<\/table>\n<p>&nbsp;<\/figure>","protected":false},"excerpt":{"rendered":"<h4 id=\"headline-88-25\" class=\"ct-headline\">Redukcia s posuvn\u00fdm prevodom<\/h4>","protected":false},"featured_media":1382,"template":"","meta":[],"product_brand":[],"product_cat":[25],"product_tag":[],"class_list":{"0":"post-1381","1":"product","2":"type-product","3":"status-publish","4":"has-post-thumbnail","6":"product_cat-slewing-reducers","8":"first","9":"instock","10":"shipping-taxable","11":"product-type-simple"},"_links":{"self":[{"href":"https:\/\/swingbearing.net\/sk\/wp-json\/wp\/v2\/product\/1381","targetHints":{"allow":["GET"]}}],"collection":[{"href":"https:\/\/swingbearing.net\/sk\/wp-json\/wp\/v2\/product"}],"about":[{"href":"https:\/\/swingbearing.net\/sk\/wp-json\/wp\/v2\/types\/product"}],"wp:featuredmedia":[{"embeddable":true,"href":"https:\/\/swingbearing.net\/sk\/wp-json\/wp\/v2\/media\/1382"}],"wp:attachment":[{"href":"https:\/\/swingbearing.net\/sk\/wp-json\/wp\/v2\/media?parent=1381"}],"wp:term":[{"taxonomy":"product_brand","embeddable":true,"href":"https:\/\/swingbearing.net\/sk\/wp-json\/wp\/v2\/product_brand?post=1381"},{"taxonomy":"product_cat","embeddable":true,"href":"https:\/\/swingbearing.net\/sk\/wp-json\/wp\/v2\/product_cat?post=1381"},{"taxonomy":"product_tag","embeddable":true,"href":"https:\/\/swingbearing.net\/sk\/wp-json\/wp\/v2\/product_tag?post=1381"}],"curies":[{"name":"wp","href":"https:\/\/api.w.org\/{rel}","templated":true}]}}