{"id":579,"date":"2023-09-27T05:49:33","date_gmt":"2023-09-27T05:49:33","guid":{"rendered":"https:\/\/swingbearing.net\/?post_type=product&#038;p=579"},"modified":"2024-05-15T06:39:37","modified_gmt":"2024-05-15T06:39:37","slug":"swing-bearing-sumitomo","status":"publish","type":"product","link":"https:\/\/swingbearing.net\/ro\/product\/swing-bearing-sumitomo\/","title":{"rendered":"Rulment de oscila\u021bie SUMITOMO"},"content":{"rendered":"<h2 class=\"has-text-align-center\" style=\"text-align: center;\">Parametrii rulmen\u021bilor SUMITOMO Swing Bearing<\/h2>\n<figure class=\"wp-block-table is-style-stripes has-small-font-size\">\n<table class=\"has-cyan-bluish-gray-background-color has-background\">\n<tbody>\n<tr>\n<td>Diametrul exterior Da<\/td>\n<td>Diametrul interior Di<\/td>\n<td>\u00cen\u0103l\u021bimea de montare H<\/td>\n<td>Desemnare<\/td>\n<\/tr>\n<tr>\n<td>615<\/td>\n<td>451<\/td>\n<td>53<\/td>\n<td>SH50<\/td>\n<\/tr>\n<tr>\n<td>766<\/td>\n<td>560<\/td>\n<td>97<\/td>\n<td>SH60-1<\/td>\n<\/tr>\n<tr>\n<td>1169<\/td>\n<td>971<\/td>\n<td>75<\/td>\n<td>SH120A1<\/td>\n<\/tr>\n<tr>\n<td>1171<\/td>\n<td>973<\/td>\n<td>88<\/td>\n<td>SH120A2<\/td>\n<\/tr>\n<tr>\n<td>1171<\/td>\n<td>973<\/td>\n<td>78<\/td>\n<td>SH120A3<\/td>\n<\/tr>\n<tr>\n<td>1171<\/td>\n<td>973<\/td>\n<td>88<\/td>\n<td>SH120-1<\/td>\n<\/tr>\n<tr>\n<td>1171<\/td>\n<td>973<\/td>\n<td>88<\/td>\n<td>SH120-2<\/td>\n<\/tr>\n<tr>\n<td>1171<\/td>\n<td>973<\/td>\n<td>84<\/td>\n<td>SH265<\/td>\n<\/tr>\n<tr>\n<td>1171<\/td>\n<td>973<\/td>\n<td>84<\/td>\n<td>SH260<\/td>\n<\/tr>\n<tr>\n<td>1330<\/td>\n<td>1093<\/td>\n<td>102<\/td>\n<td>SH200A1a<\/td>\n<\/tr>\n<tr>\n<td>1330<\/td>\n<td>1093<\/td>\n<td>102<\/td>\n<td>SH200A1b<\/td>\n<\/tr>\n<tr>\n<td>1330<\/td>\n<td>1093<\/td>\n<td>102<\/td>\n<td>SH200A2<\/td>\n<\/tr>\n<tr>\n<td>1330<\/td>\n<td>1093<\/td>\n<td>102.5<\/td>\n<td>SH200A3<\/td>\n<\/tr>\n<tr>\n<td>1330<\/td>\n<td>1093<\/td>\n<td>102<\/td>\n<td>SH200C2<\/td>\n<\/tr>\n<tr>\n<td>1330<\/td>\n<td>1093<\/td>\n<td>102<\/td>\n<td>SH200C3<\/td>\n<\/tr>\n<tr>\n<td>1330<\/td>\n<td>1093<\/td>\n<td>102<\/td>\n<td>SH200Z3<\/td>\n<\/tr>\n<tr>\n<td>1375<\/td>\n<td>1095<\/td>\n<td>123<\/td>\n<td>SH220-2<\/td>\n<\/tr>\n<tr>\n<td>1330<\/td>\n<td>1084<\/td>\n<td>103<\/td>\n<td>210-5<\/td>\n<\/tr>\n<tr>\n<td>1330<\/td>\n<td>1084<\/td>\n<td>103<\/td>\n<td>210-5<\/td>\n<\/tr>\n<tr>\n<td>1375<\/td>\n<td>1094<\/td>\n<td>121<\/td>\n<td>SH220-3<\/td>\n<\/tr>\n<tr>\n<td>1329<\/td>\n<td>1093<\/td>\n<td>103<\/td>\n<td>SH225<\/td>\n<\/tr>\n<tr>\n<td>1376<\/td>\n<td>1092<\/td>\n<td>123<\/td>\n<td>SH240-3<\/td>\n<\/tr>\n<tr>\n<td>1377<\/td>\n<td>1094<\/td>\n<td>123<\/td>\n<td>SH240-5<\/td>\n<\/tr>\n<tr>\n<td>1330<\/td>\n<td>1082<\/td>\n<td>99<\/td>\n<td>SH280<\/td>\n<\/tr>\n<tr>\n<td>1510<\/td>\n<td>1193<\/td>\n<td>135<\/td>\n<td>SH350<\/td>\n<\/tr>\n<tr>\n<td>1463<\/td>\n<td>1191<\/td>\n<td>135<\/td>\n<td>SH430<\/td>\n<\/tr>\n<\/tbody>\n<\/table>\n<\/figure>\n<p>Dac\u0103 sunte\u021bi \u00een c\u0103utarea unor rulmen\u021bi oscilan\u021bi de \u00eenalt\u0103 calitate pentru excavatorul dumneavoastr\u0103, nu c\u0103uta\u021bi mai departe de SUMITOMO. Produsele lor de rulmen\u021bi oscilan\u021bi pentru excavatoare sunt proiectate \u0219i fabricate la cele mai \u00eenalte standarde, asigur\u00e2nd o performan\u021b\u0103 fiabil\u0103 \u0219i de lung\u0103 durat\u0103 chiar \u0219i \u00een cele mai solicitante aplica\u021bii.<\/p>\n<p>SUMITOMO ofer\u0103 o gam\u0103 larg\u0103 de rulmen\u021bi de balansare pentru excavatoare care se potrivesc diferitelor modele, inclusiv SH55, SH60, SH75, SH50, SH100, SH120, SH125, SH135, SH140, SH145, SH200, SH200-3-5, SH220-2-3, SH240, SH225, SH260, SH265, SH280, SH300, SH340, SH350, SH400, SH430, SH450, SH40T, SH60-1, SH100A1, SH120, SH120A1, SH120A2, SH120A3, SH200A1, SH200A3, SH210A3, SH210A5, SH220-2, SH220-3, SH225, SH260, SH265, SH240-5, SH340, SH300A2 \u0219i SH350.<\/p>\n<p>Ace\u0219ti rulmen\u021bi de balansare pentru excavatoare sunt fabrica\u021bi folosind materiale de \u00eenalt\u0103 calitate \u0219i tehnici de inginerie de precizie, asigur\u00e2nd performan\u021be \u0219i durabilitate superioare. Rulmentul de rotire este una dintre cele mai importante componente ale unui excavator, iar rulmen\u021bii de rotire SUMITOMO sunt concepu\u021bi pentru a rezista la rigorile aplica\u021biilor grele.<br \/>\nUnul dintre principalele avantaje ale rulmen\u021bilor SUMITOMO pentru rulmen\u021bi oscilan\u021bi pentru excavatoare este capacitatea lor excelent\u0103 de \u00eenc\u0103rcare. Rulmen\u021bii sunt proiecta\u021bi pentru a suporta sarcini axiale \u0219i radiale mari, ceea ce \u00eei face ideali pentru aplica\u021bii solicitante. \u00cen plus, rulmen\u021bii sunt concepu\u021bi pentru a func\u021biona la viteze mari, permi\u021b\u00e2nd cicluri mai rapide \u0219i o productivitate \u00eembun\u0103t\u0103\u021bit\u0103.<\/p>\n<p>Un alt avantaj cheie al rulmen\u021bilor SUMITOMO pentru rulmen\u021bi oscilan\u021bi pentru excavatoare este frecarea redus\u0103 \u0219i precizia ridicat\u0103 a acestora. Aceste caracteristici ajut\u0103 la minimizarea uzurii rulmen\u021bilor, reduc\u00e2nd costurile de \u00eentre\u021binere \u0219i prelungind durata de via\u021b\u0103 a rulmentului. Frecarea redus\u0103 ajut\u0103, de asemenea, la \u00eembun\u0103t\u0103\u021birea eficien\u021bei combustibilului, deoarece excavatorul are nevoie de mai pu\u021bin\u0103 putere pentru a func\u021biona.\u00cen concluzie, dac\u0103 sunte\u021bi \u00een c\u0103utarea unui rulment pivotant pentru excavator fiabil \u0219i de \u00eenalt\u0103 calitate, SUMITOMO este o alegere excelent\u0103. Produsele lor sunt concepute pentru a satisface cerin\u021bele aplica\u021biilor grele \u0219i ofer\u0103 o capacitate de \u00eenc\u0103rcare excelent\u0103, o frecare redus\u0103 \u0219i o precizie ridicat\u0103. A\u0219adar, indiferent dac\u0103 lucra\u021bi \u00een construc\u021bii, minerit sau \u00een orice alt\u0103 industrie grea, rulmen\u021bii de orientare pentru excavatoare SUMITOMO v\u0103 pot ajuta s\u0103 v\u0103 face\u021bi treaba \u00een mod eficient \u0219i fiabil.<\/p>\n<p>V\u0103 putem oferi rulmen\u021bi alternativi pentru oscila\u021bii pentru\u00a0 <a href=\"https:\/\/national-bearing.com\/excavator-swing-bearings-slewing-rings-cat\/\" target=\"_blank\" rel=\"noopener\">CAT<\/a>HITACHI, KOMATSU, KOBELCO, HYUNDAI, VOLVO, DOOSAN, DAEWOO, JCB, CASE, SUMITOMO, KATO.Exist\u0103 peste 1000 de sute de tipuri normale \u0219i non-standard pentru a alege dintre ele.<\/p>\n<figure class=\"wp-block-table aligncenter\"><\/figure>","protected":false},"excerpt":{"rendered":"<p>SUMITOMO Rulment de oscila\u021bie<br \/>\nModel: SH430, SH350, SH280<br \/>\nSH265, SH240-5, SH240-3, SH225<\/p>","protected":false},"featured_media":136,"template":"","meta":[],"product_brand":[],"product_cat":[22,58],"product_tag":[],"class_list":{"0":"post-579","1":"product","2":"type-product","3":"status-publish","4":"has-post-thumbnail","6":"product_cat-swing-bearing","7":"product_cat-cat-excavator-swing-bearing","9":"first","10":"instock","11":"shipping-taxable","12":"product-type-simple"},"_links":{"self":[{"href":"https:\/\/swingbearing.net\/ro\/wp-json\/wp\/v2\/product\/579","targetHints":{"allow":["GET"]}}],"collection":[{"href":"https:\/\/swingbearing.net\/ro\/wp-json\/wp\/v2\/product"}],"about":[{"href":"https:\/\/swingbearing.net\/ro\/wp-json\/wp\/v2\/types\/product"}],"wp:featuredmedia":[{"embeddable":true,"href":"https:\/\/swingbearing.net\/ro\/wp-json\/wp\/v2\/media\/136"}],"wp:attachment":[{"href":"https:\/\/swingbearing.net\/ro\/wp-json\/wp\/v2\/media?parent=579"}],"wp:term":[{"taxonomy":"product_brand","embeddable":true,"href":"https:\/\/swingbearing.net\/ro\/wp-json\/wp\/v2\/product_brand?post=579"},{"taxonomy":"product_cat","embeddable":true,"href":"https:\/\/swingbearing.net\/ro\/wp-json\/wp\/v2\/product_cat?post=579"},{"taxonomy":"product_tag","embeddable":true,"href":"https:\/\/swingbearing.net\/ro\/wp-json\/wp\/v2\/product_tag?post=579"}],"curies":[{"name":"wp","href":"https:\/\/api.w.org\/{rel}","templated":true}]}}