{"id":577,"date":"2023-09-27T05:44:31","date_gmt":"2023-09-27T05:44:31","guid":{"rendered":"https:\/\/swingbearing.net\/?post_type=product&#038;p=577"},"modified":"2024-05-15T06:41:28","modified_gmt":"2024-05-15T06:41:28","slug":"swing-bearing-yuchai","status":"publish","type":"product","link":"https:\/\/swingbearing.net\/ro\/product\/swing-bearing-yuchai\/","title":{"rendered":"Rulment de balansare YUCHAI"},"content":{"rendered":"<h4 style=\"text-align: center;\">Parametrii rulmen\u021bilor HITACHI Swing<\/h4>\n<figure class=\"wp-block-table is-style-stripes has-small-font-size\">\n<table class=\"has-cyan-bluish-gray-background-color has-background\">\n<tbody>\n<tr>\n<td>Diametrul exterior (Da)<\/td>\n<td>Diametrul interior (Di)<\/td>\n<td>\u00cen\u0103l\u021bimea de montare (H)<\/td>\n<td>Desemnare<\/td>\n<\/tr>\n<tr>\n<td>545<\/td>\n<td>380<\/td>\n<td>50<\/td>\n<td>YC13<\/td>\n<\/tr>\n<tr>\n<td>573<\/td>\n<td>380<\/td>\n<td>55<\/td>\n<td>YC15<\/td>\n<\/tr>\n<tr>\n<td>573<\/td>\n<td>380<\/td>\n<td>55<\/td>\n<td>YC18-3<\/td>\n<\/tr>\n<tr>\n<td>573<\/td>\n<td>380<\/td>\n<td>55<\/td>\n<td>YC20<\/td>\n<\/tr>\n<tr>\n<td>640<\/td>\n<td>473<\/td>\n<td>55<\/td>\n<td>YC35<\/td>\n<\/tr>\n<tr>\n<td>640<\/td>\n<td>471<\/td>\n<td>55<\/td>\n<td>YC35<\/td>\n<\/tr>\n<tr>\n<td>800<\/td>\n<td>590<\/td>\n<td>70<\/td>\n<td>YC55<\/td>\n<\/tr>\n<tr>\n<td>800<\/td>\n<td>590<\/td>\n<td>70<\/td>\n<td>YC60(86Z)<\/td>\n<\/tr>\n<tr>\n<td>812<\/td>\n<td>623<\/td>\n<td>75<\/td>\n<td>YC6-5T(90Z)<\/td>\n<\/tr>\n<tr>\n<td>811<\/td>\n<td>621<\/td>\n<td>75<\/td>\n<td>YC65-2<\/td>\n<\/tr>\n<tr>\n<td>922<\/td>\n<td>635<\/td>\n<td>104<\/td>\n<td>YC85<\/td>\n<\/tr>\n<tr>\n<td>922<\/td>\n<td>635<\/td>\n<td>104<\/td>\n<td>YC85-3<\/td>\n<\/tr>\n<tr>\n<td>922<\/td>\n<td>635<\/td>\n<td>104<\/td>\n<td>YC85-5<\/td>\n<\/tr>\n<tr>\n<td>922<\/td>\n<td>635<\/td>\n<td>104<\/td>\n<td>YC85-6<\/td>\n<\/tr>\n<tr>\n<td>922<\/td>\n<td>635<\/td>\n<td>104<\/td>\n<td>YC85-7<\/td>\n<\/tr>\n<tr>\n<td>1195<\/td>\n<td>963<\/td>\n<td>85<\/td>\n<td>YC135,10T<\/td>\n<\/tr>\n<tr>\n<td>1323<\/td>\n<td>1071<\/td>\n<td>104<\/td>\n<td>YC210-8<\/td>\n<\/tr>\n<tr>\n<td>1327<\/td>\n<td>1083<\/td>\n<td>110<\/td>\n<td>YC230-8<\/td>\n<\/tr>\n<tr>\n<td>1534<\/td>\n<td>1238<\/td>\n<td>125<\/td>\n<td>YC350<\/td>\n<\/tr>\n<tr>\n<td>1327<\/td>\n<td>1083<\/td>\n<td>110<\/td>\n<td>YC225<\/td>\n<\/tr>\n<tr>\n<td>1534<\/td>\n<td>1238<\/td>\n<td>125<\/td>\n<td>YC400-8<\/td>\n<\/tr>\n<\/tbody>\n<\/table>\n<\/figure>\n<p>C\u0103uta\u021bi rulmen\u021bi de \u00eenalt\u0103 calitate pentru leag\u0103nele pentru excavatoare? Nu c\u0103uta\u021bi mai departe de Yuchai! Cu tehnologia noastr\u0103 avansat\u0103 \u0219i experien\u021ba noastr\u0103 vast\u0103 \u00een domeniu, suntem m\u00e2ndri s\u0103 oferim o gam\u0103 larg\u0103 de rulmen\u021bi de rotire de calitate superioar\u0103 pentru excavatoare de toate dimensiunile \u0219i modelele.<br \/>\nRulmen\u021bii no\u0219tri de orientare sunt fabrica\u021bi folosind numai materiale \u0219i metode de produc\u021bie de cea mai bun\u0103 calitate pentru a asigura performan\u021b\u0103 \u0219i fiabilitate de lung\u0103 durat\u0103. Indiferent dac\u0103 ave\u021bi nevoie de un rulment de balansare pentru modelele de excavatoare YC13, YC18, YC18-3, YC35, YC45, YC55, YC65, YC65-2, YC85, YC85-3, YC135, YC225LC sau YC230, avem solu\u021bia perfect\u0103 pentru nevoile dumneavoastr\u0103.<\/p>\n<p>Rulmen\u021bii no\u0219tri pentru oscila\u021bii sunt concepu\u021bi pentru a rezista la cele mai dure condi\u021bii de lucru, asigur\u00e2nd performan\u021be optime \u0219i longevitate. Oferim o gam\u0103 larg\u0103 de dimensiuni \u0219i configura\u021bii pentru a se potrivi tuturor tipurilor de excavatoare, de la cele mici \u0219i compacte p\u00e2n\u0103 la cele mari \u0219i grele.<br \/>\nGama noastr\u0103 de rulmen\u021bi pentru excavatoare include rulmen\u021bi pentru inele de balansare, rulmen\u021bi pentru pl\u0103ci turnante, rulmen\u021bi pentru inele de rotire, <a href=\"https:\/\/swingbearing.net\/ro\/gear-box-parts\/\">piese pentru excavatoare<\/a> rulmen\u021bi de leag\u0103n \u0219i multe altele. Indiferent de nevoile dumneavoastr\u0103, avem solu\u021bia perfect\u0103 pentru a le satisface.<\/p>\n<p>La Yuchai, ne angaj\u0103m s\u0103 oferim clien\u021bilor no\u0219tri produse de cea mai \u00eenalt\u0103 calitate \u0219i cele mai bune servicii posibile. Echipa noastr\u0103 de exper\u021bi este \u00eentotdeauna la \u00eendem\u00e2n\u0103 pentru a r\u0103spunde la orice \u00eentrebare pe care o ave\u021bi \u0219i pentru a v\u0103 ajuta s\u0103 g\u0103si\u021bi solu\u021bia perfect\u0103 pentru nevoile dumneavoastr\u0103 \u00een materie de excavatoare.<\/p>\n<p>Deci, de ce s\u0103 a\u0219tept\u0103m? Contacta\u021bi-ne ast\u0103zi pentru a afla mai multe despre gama noastr\u0103 de rulmen\u021bi de orientare pentru excavatoare \u0219i pentru a afla cum v\u0103 putem ajuta s\u0103 v\u0103 ridica\u021bi performan\u021ba excavatorului la nivelul urm\u0103tor. A\u0219tept\u0103m cu ner\u0103bdare s\u0103 lucr\u0103m cu dumneavoastr\u0103!<\/p>\n<p>Putem oferi cerc Swing alternativ pentru CAT, HITACHI, KOMATSU, KOBELCO, HYUNDAI, VOLVO, DOOSAN, DAEWOO, JCB, CASE, SUMITOMO, KATO.There sunt normale \u0219i non-standard peste 1000 de sute de tipuri pentru a v\u0103 alege.<\/p>\n<figure class=\"wp-block-image size-full is-resized\"><a href=\"https:\/\/swingbearing.net\/ro\/swing-bearing\/\"><img decoding=\"async\" class=\"alignnone wp-image-177\" src=\"https:\/\/national-bearing.com\/wp-content\/uploads\/2023\/04\/0001.jpg\" sizes=\"(max-width: 843px) 100vw, 843px\" srcset=\"https:\/\/national-bearing.com\/wp-content\/uploads\/2023\/04\/0001.jpg 600w, https:\/\/national-bearing.com\/wp-content\/uploads\/2023\/04\/0001-300x200.jpg 300w\" alt=\"\" width=\"462\" height=\"308\" \/><\/a><\/figure>","protected":false},"excerpt":{"rendered":"<p>YUCHAI Rulmentul de balansare YUCHAI<br \/>\nModel:YC400-8,YC225,YC230-8<br \/>\nYC350,YC210-8,YC85-7,YC85-5<\/p>","protected":false},"featured_media":136,"template":"","meta":[],"product_brand":[],"product_cat":[22],"product_tag":[],"class_list":{"0":"post-577","1":"product","2":"type-product","3":"status-publish","4":"has-post-thumbnail","6":"product_cat-swing-bearing","8":"first","9":"instock","10":"shipping-taxable","11":"product-type-simple"},"_links":{"self":[{"href":"https:\/\/swingbearing.net\/ro\/wp-json\/wp\/v2\/product\/577","targetHints":{"allow":["GET"]}}],"collection":[{"href":"https:\/\/swingbearing.net\/ro\/wp-json\/wp\/v2\/product"}],"about":[{"href":"https:\/\/swingbearing.net\/ro\/wp-json\/wp\/v2\/types\/product"}],"wp:featuredmedia":[{"embeddable":true,"href":"https:\/\/swingbearing.net\/ro\/wp-json\/wp\/v2\/media\/136"}],"wp:attachment":[{"href":"https:\/\/swingbearing.net\/ro\/wp-json\/wp\/v2\/media?parent=577"}],"wp:term":[{"taxonomy":"product_brand","embeddable":true,"href":"https:\/\/swingbearing.net\/ro\/wp-json\/wp\/v2\/product_brand?post=577"},{"taxonomy":"product_cat","embeddable":true,"href":"https:\/\/swingbearing.net\/ro\/wp-json\/wp\/v2\/product_cat?post=577"},{"taxonomy":"product_tag","embeddable":true,"href":"https:\/\/swingbearing.net\/ro\/wp-json\/wp\/v2\/product_tag?post=577"}],"curies":[{"name":"wp","href":"https:\/\/api.w.org\/{rel}","templated":true}]}}