{"id":575,"date":"2023-09-27T05:22:14","date_gmt":"2023-09-27T05:22:14","guid":{"rendered":"https:\/\/swingbearing.net\/?post_type=product&#038;p=575"},"modified":"2024-05-15T06:44:50","modified_gmt":"2024-05-15T06:44:50","slug":"swing-bearing-liugong","status":"publish","type":"product","link":"https:\/\/swingbearing.net\/ro\/product\/swing-bearing-liugong\/","title":{"rendered":"Rulment de leag\u0103n LIUGONG"},"content":{"rendered":"<h2 style=\"text-align: center;\">Parametrii de rulment LIUGONG Swing<\/h2>\n<figure class=\"wp-block-table is-style-stripes has-small-font-size\">\n<table class=\"has-cyan-bluish-gray-background-color has-background\">\n<tbody>\n<tr>\n<td width=\"52\">Model<\/td>\n<td width=\"62\">Num\u0103r de piese<\/td>\n<td width=\"81\">Diametrul exterior<\/td>\n<td width=\"111\">Diametrul interior<\/td>\n<td width=\"77\">\u00cen\u0103l\u021bime total\u0103<\/td>\n<td width=\"77\">\u00cen\u0103l\u021bime exterioar\u0103<\/td>\n<td width=\"104\">\u00cen\u0103l\u021bime interioar\u0103<\/td>\n<td width=\"141\">Parametrii g\u0103urii exterioare<\/td>\n<td width=\"103\">Parametrii g\u0103urii interioare<\/td>\n<td width=\"85\">Num\u0103rul de din\u021bi<\/td>\n<\/tr>\n<tr>\n<td width=\"52\">922<\/td>\n<td width=\"62\">26b0272<\/td>\n<td width=\"81\">1405<\/td>\n<td width=\"111\">1129<\/td>\n<td width=\"77\">100<\/td>\n<td width=\"77\">70<\/td>\n<td width=\"104\">90<\/td>\n<td width=\"141\">36-\u03c624 neuniform\u0103<\/td>\n<td width=\"103\">36-M22<\/td>\n<td width=\"85\">95<\/td>\n<\/tr>\n<tr>\n<td width=\"52\">922<\/td>\n<td width=\"62\">26b0122<\/td>\n<td width=\"81\">1405<\/td>\n<td width=\"111\">1129<\/td>\n<td width=\"77\">100<\/td>\n<td width=\"77\">70<\/td>\n<td width=\"104\">90<\/td>\n<td width=\"141\">36-\u03c624 neuniform\u0103<\/td>\n<td width=\"103\">36-M22<\/td>\n<td width=\"85\">95<\/td>\n<\/tr>\n<tr>\n<td width=\"52\">922<\/td>\n<td width=\"62\">26b0010<\/td>\n<td width=\"81\">1405<\/td>\n<td width=\"111\">1129<\/td>\n<td width=\"77\">100<\/td>\n<td width=\"77\">70<\/td>\n<td width=\"104\">90<\/td>\n<td width=\"141\">36 Distribu\u021bie uniform\u0103<\/td>\n<td width=\"103\">36-M22<\/td>\n<td width=\"85\">91<\/td>\n<\/tr>\n<tr>\n<td width=\"52\">LG922D<\/td>\n<td width=\"62\">26B0122<\/td>\n<td width=\"81\">1405<\/td>\n<td width=\"111\">1129<\/td>\n<td width=\"77\">100<\/td>\n<td width=\"77\">70<\/td>\n<td width=\"104\">90<\/td>\n<td width=\"141\">36-\u03c624 neuniform\u0103<\/td>\n<td width=\"103\">36-M22<\/td>\n<td width=\"85\">95<\/td>\n<\/tr>\n<tr>\n<td width=\"52\"><strong><b>936D<\/b><\/strong><\/td>\n<td width=\"62\">26B0120<\/td>\n<td width=\"81\">1658<\/td>\n<td width=\"111\">1334.3<\/td>\n<td width=\"77\">125<\/td>\n<td width=\"77\">82<\/td>\n<td width=\"104\">115<\/td>\n<td width=\"141\">40-\u03c626 neuniform\u0103<\/td>\n<td width=\"103\">40-M24 Distribu\u021bie uniform\u0103<\/td>\n<td width=\"85\">97<\/td>\n<\/tr>\n<\/tbody>\n<\/table>\n<\/figure>\n<h5 class=\"wp-block-heading has-medium-font-size\">Liugong Excavator Liugong Rulmen\u021bi Swing<\/h5>\n<p>Liugong Excavator Liugong Swing Bearing: O alegere durabil\u0103 \u0219i fiabil\u0103 pentru excavatorul dumneavoastr\u0103<br \/>\nRulmen\u021bii de oscila\u021bie, cunoscu\u021bi \u0219i sub denumirea de rulmen\u021bi pentru platane rotative, sunt o component\u0103 esen\u021bial\u0103 a excavatoarelor. Ace\u0219ti rulmen\u021bi permit structurii superioare a excavatorului s\u0103 se roteasc\u0103 f\u0103r\u0103 probleme \u0219i \u00een siguran\u021b\u0103. Rulmen\u021bii oscilan\u021bi pentru excavatoare joac\u0103 un rol crucial \u00een performan\u021ba \u0219i fiabilitatea ma\u0219inii. Din acest motiv, alegerea unor rulmen\u021bi pivotan\u021bi de \u00eenalt\u0103 calitate este esen\u021bial\u0103 pentru longevitatea \u0219i eficien\u021ba excavatorului dumneavoastr\u0103.<br \/>\nLiugong este o marc\u0103 renumit\u0103 \u00een industria echipamentelor de construc\u021bii \u0219i ofer\u0103 o gam\u0103 de rulmen\u021bi de orientare pentru excavatoare care sunt cunoscu\u021bi pentru durabilitatea \u0219i fiabilitatea lor. Rulmen\u021bii oscilan\u021bi pentru excavatoare Liugong sunt concepu\u021bi pentru a rezista la condi\u021bii dure \u0219i la sarcini grele, asigur\u00e2ndu-se c\u0103 excavatorul dumneavoastr\u0103 poate face fa\u021b\u0103 oric\u0103rei lucr\u0103ri, mari sau mici.<\/p>\n<h5 class=\"wp-block-heading has-medium-font-size\">Modelul de rulment de leag\u0103n al excavatorului aplicabil<\/h5>\n<p class=\"has-text-align-left\">Sunt disponibile urm\u0103toarele modele de rulmen\u021bi de leag\u0103n pentru excavatoare Liugong: CLG904, CLG9055, CLG906, CLG907, CLG9075, CLG908, CLG915, CLG150, CLG920, CLG921, CLG922, CLG225, CLG924, CLG925, CLG933, CLG936, CLG939, CLG942, CLG948, CLG950, CLG952, CLG200, CLG205, CLG220 \u0219i CLG225.<br \/>\nAce\u0219ti rulmen\u021bi de orientare pentru excavatoare Liugong sunt proiecta\u021bi cu precizie \u0219i acurate\u021be pentru a asigura o performan\u021b\u0103 optim\u0103 \u0219i durabilitate. Fabrica\u021bi din materiale de \u00eenalt\u0103 calitate, ace\u0219tia pot rezista la condi\u021bii meteorologice extreme \u0219i la aplica\u021bii grele.<br \/>\nAngajamentul Liugong fa\u021b\u0103 de calitate \u0219i fiabilitate se reflect\u0103 \u00een fiecare aspect al produselor sale, iar rulmen\u021bii de balansare pentru excavatoare nu fac excep\u021bie. Ace\u0219tia sunt proiecta\u021bi pentru a oferi o capacitate de \u00eenc\u0103rcare excelent\u0103 \u0219i o precizie ridicat\u0103, asigur\u00e2nd c\u0103 excavatorul dumneavoastr\u0103 func\u021bioneaz\u0103 f\u0103r\u0103 probleme \u0219i eficient.<br \/>\nPe l\u00e2ng\u0103 beneficiile lor \u00een materie de performan\u021b\u0103, rulmen\u021bii de orientare pentru excavatoare Liugong sunt, de asemenea, u\u0219or de instalat \u0219i necesit\u0103 o \u00eentre\u021binere minim\u0103, reduc\u00e2nd timpul de nefunc\u021bionare \u0219i costurile de repara\u021bii.<br \/>\nC\u00e2nd vine vorba de selectarea pieselor pentru excavatoare cu rulmen\u021bi oscilan\u021bi, alegerea unui brand de \u00eenalt\u0103 calitate, cum ar fi Liugong, este crucial\u0103 pentru longevitatea \u0219i fiabilitatea ma\u0219inii dumneavoastr\u0103. Rulmentul oscilant pentru excavatoare Liugong este conceput pentru a oferi cele mai bune performan\u021be, durabilitate \u0219i fiabilitate, ceea ce \u00eel face o alegere excelent\u0103 pentru orice proiect de excavare.<br \/>\n\u00cen concluzie, dac\u0103 sunte\u021bi \u00een c\u0103utarea unor rulmen\u021bi de \u00eenalt\u0103 calitate pentru excavatoare, nu c\u0103uta\u021bi mai departe de Liugong. Cu gama lor de rulmen\u021bi cu inel de balansare durabili \u0219i de \u00eencredere, pute\u021bi fi siguri c\u0103 excavatorul dvs. va func\u021biona eficient \u0219i f\u0103r\u0103 probleme, oferindu-v\u0103 performan\u021ba \u0219i fiabilitatea de care ave\u021bi nevoie pentru a v\u0103 face treaba.<br \/>\nPutem oferi alternative Swing cerc Swing pentru dumneavoastr\u0103,<a href=\"https:\/\/national-bearing.com\/excavator-swing-bearings-slewing-rings-cat\/\" target=\"_blank\" rel=\"noopener\">\u00a0CAT<\/a>HITACHI, KOMATSU, KOBELCO, HYUNDAI, VOLVO, DOOSAN, DAEWOO, JCB, CASE, SUMITOMO, KATO, Exist\u0103 peste 1000 de tipuri normale \u0219i non-standard de sute de tipuri pentru a alege.<\/p>\n<figure class=\"wp-block-image size-full\"><\/figure>\n<p>V\u0103 putem fi la dispozi\u021bia dumneavoastr\u0103 \u00een ceea ce prive\u0219te orice tip, model sau marc\u0103 de inele de rotire.Contacta\u021bi-ne ast\u0103zi pentru orice \u00eentreb\u0103ri legate de nevoile dumneavoastr\u0103.<\/p>\n<figure class=\"wp-block-table\">\n<table>\n<tbody>\n<tr>\n<td><img decoding=\"async\" class=\"wp-image-177\" src=\"https:\/\/national-bearing.com\/wp-content\/uploads\/2023\/04\/0001.jpg\" sizes=\"(max-width: 600px) 100vw, 600px\" srcset=\"https:\/\/national-bearing.com\/wp-content\/uploads\/2023\/04\/0001.jpg 600w, https:\/\/national-bearing.com\/wp-content\/uploads\/2023\/04\/0001-300x200.jpg 300w\" alt=\"rulment de leag\u0103n pentru excavator \" width=\"600\" height=\"400\" \/><\/td>\n<td><img decoding=\"async\" class=\"wp-image-643\" src=\"https:\/\/national-bearing.com\/wp-content\/uploads\/2023\/04\/66.jpg\" sizes=\"(max-width: 600px) 100vw, 600px\" srcset=\"https:\/\/national-bearing.com\/wp-content\/uploads\/2023\/04\/66.jpg 600w, https:\/\/national-bearing.com\/wp-content\/uploads\/2023\/04\/66-300x200.jpg 300w\" alt=\"excavator de m\u0103surare a rulmentului de oscila\u021bie\" width=\"600\" height=\"400\" \/><\/td>\n<\/tr>\n<\/tbody>\n<\/table>\n<\/figure>","protected":false},"excerpt":{"rendered":"<p>LIUGONG Swing Bearing<br \/>\nModel:CLG950,CLG948,LG922D<br \/>\nCLG907,CLG9075,CLG952,CLG904<\/p>","protected":false},"featured_media":136,"template":"","meta":[],"product_brand":[],"product_cat":[22,73],"product_tag":[],"class_list":{"0":"post-575","1":"product","2":"type-product","3":"status-publish","4":"has-post-thumbnail","6":"product_cat-swing-bearing","7":"product_cat-liugong-excavator-swing-bearing","9":"first","10":"instock","11":"shipping-taxable","12":"product-type-simple"},"_links":{"self":[{"href":"https:\/\/swingbearing.net\/ro\/wp-json\/wp\/v2\/product\/575","targetHints":{"allow":["GET"]}}],"collection":[{"href":"https:\/\/swingbearing.net\/ro\/wp-json\/wp\/v2\/product"}],"about":[{"href":"https:\/\/swingbearing.net\/ro\/wp-json\/wp\/v2\/types\/product"}],"wp:featuredmedia":[{"embeddable":true,"href":"https:\/\/swingbearing.net\/ro\/wp-json\/wp\/v2\/media\/136"}],"wp:attachment":[{"href":"https:\/\/swingbearing.net\/ro\/wp-json\/wp\/v2\/media?parent=575"}],"wp:term":[{"taxonomy":"product_brand","embeddable":true,"href":"https:\/\/swingbearing.net\/ro\/wp-json\/wp\/v2\/product_brand?post=575"},{"taxonomy":"product_cat","embeddable":true,"href":"https:\/\/swingbearing.net\/ro\/wp-json\/wp\/v2\/product_cat?post=575"},{"taxonomy":"product_tag","embeddable":true,"href":"https:\/\/swingbearing.net\/ro\/wp-json\/wp\/v2\/product_tag?post=575"}],"curies":[{"name":"wp","href":"https:\/\/api.w.org\/{rel}","templated":true}]}}