{"id":574,"date":"2023-09-27T05:19:35","date_gmt":"2023-09-27T05:19:35","guid":{"rendered":"https:\/\/swingbearing.net\/?post_type=product&#038;p=574"},"modified":"2024-06-12T02:15:53","modified_gmt":"2024-06-12T02:15:53","slug":"swing-bearings-sany","status":"publish","type":"product","link":"https:\/\/swingbearing.net\/ro\/product\/swing-bearings-sany\/","title":{"rendered":"Rulmen\u021bi oscilan\u021bi SANY"},"content":{"rendered":"<h2 style=\"text-align: center;\">Parametrii rulmen\u021bilor SANY Swing<\/h2>\n<figure class=\"wp-block-table is-style-stripes has-small-font-size\">\n<table class=\"has-cyan-bluish-gray-background-color has-background\">\n<tbody>\n<tr>\n<td>Diametrul exterior Da<\/td>\n<td>Diametrul interior Di<\/td>\n<td>\u00cen\u0103l\u021bimea de montare H<\/td>\n<td>Desemnare<\/td>\n<\/tr>\n<tr>\n<td>811<\/td>\n<td>622<\/td>\n<td>75<\/td>\n<td>SY65<\/td>\n<\/tr>\n<tr>\n<td>810<\/td>\n<td>621<\/td>\n<td>75<\/td>\n<td>SY75(90Z)<\/td>\n<\/tr>\n<tr>\n<td>811<\/td>\n<td>601.6<\/td>\n<td>75<\/td>\n<td>SY75(76Z)<\/td>\n<\/tr>\n<tr>\n<td>1122<\/td>\n<td>821<\/td>\n<td>100<\/td>\n<td>SY135<\/td>\n<\/tr>\n<tr>\n<td>1327<\/td>\n<td>1071<\/td>\n<td>99.5<\/td>\n<td>SY185<\/td>\n<\/tr>\n<tr>\n<td>1327<\/td>\n<td>1071<\/td>\n<td>99.5<\/td>\n<td>SY195<\/td>\n<\/tr>\n<tr>\n<td>1322<\/td>\n<td>1071<\/td>\n<td>100<\/td>\n<td>SY200<\/td>\n<\/tr>\n<tr>\n<td>1327<\/td>\n<td>1071<\/td>\n<td>99.5<\/td>\n<td>SY205<\/td>\n<\/tr>\n<tr>\n<td>1322<\/td>\n<td>1071<\/td>\n<td>100<\/td>\n<td>SY210<\/td>\n<\/tr>\n<tr>\n<td>1322<\/td>\n<td>1071<\/td>\n<td>100<\/td>\n<td>SY215-7<\/td>\n<\/tr>\n<tr>\n<td>1322<\/td>\n<td>1071<\/td>\n<td>100<\/td>\n<td>SY215-8<\/td>\n<\/tr>\n<tr>\n<td>1322<\/td>\n<td>1071<\/td>\n<td>100<\/td>\n<td>SY215-9<\/td>\n<\/tr>\n<tr>\n<td>1320<\/td>\n<td>1071<\/td>\n<td>100<\/td>\n<td>SY215<\/td>\n<\/tr>\n<tr>\n<td>1327<\/td>\n<td>1071<\/td>\n<td>99.5<\/td>\n<td>SY235<\/td>\n<\/tr>\n<tr>\n<td>1532<\/td>\n<td>1235<\/td>\n<td>125<\/td>\n<td>SY300<\/td>\n<\/tr>\n<tr>\n<td>1550<\/td>\n<td>1238<\/td>\n<td>152<\/td>\n<td>SY305<\/td>\n<\/tr>\n<tr>\n<td>1532<\/td>\n<td>1235<\/td>\n<td>125<\/td>\n<td>SY310<\/td>\n<\/tr>\n<tr>\n<td>1550<\/td>\n<td>1238<\/td>\n<td>152<\/td>\n<td>SY335<\/td>\n<\/tr>\n<tr>\n<td>1532<\/td>\n<td>1235<\/td>\n<td>125<\/td>\n<td>SY360<\/td>\n<\/tr>\n<tr>\n<td>1550<\/td>\n<td>1238<\/td>\n<td>152<\/td>\n<td>SY365<\/td>\n<\/tr>\n<tr>\n<td>1550<\/td>\n<td>1238.5<\/td>\n<td>152<\/td>\n<td>SY420<\/td>\n<\/tr>\n<\/tbody>\n<\/table>\n<\/figure>\n<p>Rulmen\u021bii de balansare pentru excavatoare Sany sunt componente esen\u021biale ale sistemului de balansare al oric\u0103rui excavator. Ace\u0219ti rulmen\u021bi permit excavatorului s\u0103 se roteasc\u0103 \u0219i s\u0103 pivoteze, f\u0103c\u00e2nd posibil\u0103 efectuarea cu u\u0219urin\u021b\u0103 de c\u0103tre operatori a unei game largi de sarcini de s\u0103pare, ridicare \u0219i \u00eenc\u0103rcare. La Sany, oferim o gam\u0103 de rulmen\u021bi pivotan\u021bi de \u00eenalt\u0103 calitate, concepu\u021bi special pentru excavatoare, inclusiv modele care se potrivesc modelelor de excavatoare SY55, SY60, SY65, SY70, SY75, SY85, SY95, SY115, SY135, SY155, SY195, SY200, SY205, SY215, SY220, SY225, SY235, SY245, SY285, SY305, SY335, SY365, SY375, SY395, SY415 \u0219i SY485.<\/p>\n<p>Rulmen\u021bii no\u0219tri de balansare pentru excavatoare Sany sunt concepu\u021bi pentru a oferi performan\u021be optime \u0219i durabilitate chiar \u0219i \u00een cele mai dificile condi\u021bii de lucru. Ace\u0219tia sunt fabrica\u021bi din materiale de \u00eenalt\u0103 calitate, inclusiv o\u021bel forjat \u0219i o\u021bel specializat pentru rulmen\u021bi, \u0219i dispun de procese de fabrica\u021bie avansate care asigur\u0103 precizia, fiabilitatea \u0219i durabilitatea lor.<\/p>\n<p>Unul dintre avantajele cheie ale inelelor de rotire pentru excavatoare Sany este capacitatea lor de a rezista la sarcini grele \u0219i la condi\u021bii de func\u021bionare extreme. Acestea sunt concepute pentru a rezista at\u00e2t la sarcini axiale, c\u00e2t \u0219i radiale, precum \u0219i la niveluri ridicate de \u0219ocuri \u0219i vibra\u021bii, ceea ce le face ideale pentru utilizarea \u00een aplica\u021bii solicitante, cum ar fi mineritul, construc\u021biile \u0219i silvicultura.<\/p>\n<p>Pe l\u00e2ng\u0103 rezisten\u021ba \u0219i durabilitatea lor, rulmen\u021bii no\u0219tri de orientare pentru excavatoare Sany sunt, de asemenea, proiecta\u021bi pentru a fi u\u0219or de instalat \u0219i \u00eentre\u021binut. Ace\u0219tia sunt concepu\u021bi pentru a fi u\u0219or de montat \u0219i de \u00eenlocuit \u0219i necesit\u0103 o \u00eentre\u021binere minim\u0103 pentru a asigura o performan\u021b\u0103 \u0219i o longevitate optime.La Sany, ne angaj\u0103m s\u0103 oferim clien\u021bilor no\u0219tri produse \u0219i servicii de cea mai \u00eenalt\u0103 calitate, iar rulmen\u021bii no\u0219tri de orientare pentru excavatoare Sany nu fac excep\u021bie. Fie c\u0103 sunte\u021bi \u00een c\u0103utarea unui rulment de \u00eenlocuire pentru un excavator existent, fie c\u0103 echipa noastr\u0103 de exper\u021bi v\u0103 poate ajuta s\u0103 g\u0103si\u021bi solu\u021bia perfect\u0103 pentru a v\u0103 satisface nevoile.<\/p>\n<p>\u00cen concluzie, rulmen\u021bii oscilan\u021bi pentru excavatoare Sany sunt componente esen\u021biale pentru orice excavator, iar alegerea celui potrivit poate face o diferen\u021b\u0103 semnificativ\u0103 \u00een ceea ce prive\u0219te performan\u021ba \u0219i longevitatea ma\u0219inii dumneavoastr\u0103. Cu gama noastr\u0103 de rulmen\u021bi de \u00eenalt\u0103 calitate, concepu\u021bi special pentru excavatoare, pute\u021bi fi sigur c\u0103 ob\u021bine\u021bi un produs fiabil \u0219i durabil care va oferi performan\u021be optime \u0219i longevitate chiar \u0219i \u00een cele mai dificile condi\u021bii.<br \/>\nPutem oferi inele de orientare alternative pentru dvs., CAT, HITACHI, KOMATSU, KOBELCO, HYUNDAI, VOLVO, DOOSAN, DAEWOO, JCB, CASE, SUMITOMO, KATO, KATO, exist\u0103 peste 1000 de tipuri normale \u0219i non-standard de peste 1000 de sute de tipuri pentru a alege.<\/p>\n<figure class=\"wp-block-image size-full is-resized\"><img decoding=\"async\" class=\"wp-image-177\" src=\"https:\/\/national-bearing.com\/wp-content\/uploads\/2023\/04\/0001.jpg\" sizes=\"(max-width: 843px) 100vw, 843px\" srcset=\"https:\/\/national-bearing.com\/wp-content\/uploads\/2023\/04\/0001.jpg 600w, https:\/\/national-bearing.com\/wp-content\/uploads\/2023\/04\/0001-300x200.jpg 300w\" alt=\"\" width=\"515\" height=\"343\" \/><\/figure>\n<p>&nbsp;<\/p>","protected":false},"excerpt":{"rendered":"<p>Rulmen\u021bi SANY Swing<br \/>\nModel:SY485,SY415,SY395<br \/>\nSY365,SY375,SY335,SY310<\/p>","protected":false},"featured_media":136,"template":"","meta":[],"product_brand":[],"product_cat":[22,74],"product_tag":[],"class_list":{"0":"post-574","1":"product","2":"type-product","3":"status-publish","4":"has-post-thumbnail","6":"product_cat-swing-bearing","7":"product_cat-sany-excavator-swing-bearing","9":"first","10":"instock","11":"shipping-taxable","12":"product-type-simple"},"_links":{"self":[{"href":"https:\/\/swingbearing.net\/ro\/wp-json\/wp\/v2\/product\/574","targetHints":{"allow":["GET"]}}],"collection":[{"href":"https:\/\/swingbearing.net\/ro\/wp-json\/wp\/v2\/product"}],"about":[{"href":"https:\/\/swingbearing.net\/ro\/wp-json\/wp\/v2\/types\/product"}],"wp:featuredmedia":[{"embeddable":true,"href":"https:\/\/swingbearing.net\/ro\/wp-json\/wp\/v2\/media\/136"}],"wp:attachment":[{"href":"https:\/\/swingbearing.net\/ro\/wp-json\/wp\/v2\/media?parent=574"}],"wp:term":[{"taxonomy":"product_brand","embeddable":true,"href":"https:\/\/swingbearing.net\/ro\/wp-json\/wp\/v2\/product_brand?post=574"},{"taxonomy":"product_cat","embeddable":true,"href":"https:\/\/swingbearing.net\/ro\/wp-json\/wp\/v2\/product_cat?post=574"},{"taxonomy":"product_tag","embeddable":true,"href":"https:\/\/swingbearing.net\/ro\/wp-json\/wp\/v2\/product_tag?post=574"}],"curies":[{"name":"wp","href":"https:\/\/api.w.org\/{rel}","templated":true}]}}