{"id":573,"date":"2023-09-27T05:12:21","date_gmt":"2023-09-27T05:12:21","guid":{"rendered":"https:\/\/swingbearing.net\/?post_type=product&#038;p=573"},"modified":"2024-05-15T06:48:42","modified_gmt":"2024-05-15T06:48:42","slug":"swing-bearing-liebherr","status":"publish","type":"product","link":"https:\/\/swingbearing.net\/ro\/product\/swing-bearing-liebherr\/","title":{"rendered":"Rulment de oscila\u021bie LIEBHERR"},"content":{"rendered":"<h2 style=\"text-align: center;\">Parametrii rulmen\u021bilor LIEBHERR Swing Bearing<\/h2>\n<figure class=\"wp-block-table is-style-stripes has-small-font-size\">\n<table class=\"has-cyan-bluish-gray-background-color has-background\">\n<tbody>\n<tr>\n<td>Model<\/td>\n<td>Num\u0103r de piese<\/td>\n<td>Diametrul exterior<\/td>\n<td>Diametrul interior<\/td>\n<td>\u00cen\u0103l\u021bime total\u0103<\/td>\n<td>\u00cen\u0103l\u021bime exterioar\u0103<\/td>\n<td>\u00cen\u0103l\u021bime interioar\u0103<\/td>\n<td>Parametrii g\u0103urii exterioare<\/td>\n<td>Parametrii g\u0103urii interioare<\/td>\n<td>Num\u0103rul de din\u021bi<\/td>\n<\/tr>\n<tr>\n<td>R922<\/td>\n<td>LE982706001<\/td>\n<td>1215<\/td>\n<td>940<\/td>\n<td>115<\/td>\n<td>72<\/td>\n<td>105<\/td>\n<td>48-\u03c622<\/td>\n<td>56-M20<\/td>\n<td>94<\/td>\n<\/tr>\n<tr>\n<td>924HDSL<\/td>\n<td>LE982751901<\/td>\n<td>1215<\/td>\n<td>940<\/td>\n<td>115<\/td>\n<td>72<\/td>\n<td>105<\/td>\n<td>48-\u042422<\/td>\n<td>56-M20 p\u00e2nz\u0103<\/td>\n<td>94<\/td>\n<\/tr>\n<tr>\n<td>R924C<\/td>\n<td>982751901<\/td>\n<td>1215<\/td>\n<td>940<\/td>\n<td>115<\/td>\n<td>72<\/td>\n<td>105<\/td>\n<td>48-\u042422<\/td>\n<td>56-M20 p\u00e2nz\u0103<\/td>\n<td>94<\/td>\n<\/tr>\n<tr>\n<td>R924C<\/td>\n<td>932833001<\/td>\n<td>1215<\/td>\n<td>940<\/td>\n<td>115<\/td>\n<td>72<\/td>\n<td>105<\/td>\n<td>48-\u042422<\/td>\n<td>56-M20 p\u00e2nz\u0103<\/td>\n<td>94<\/td>\n<\/tr>\n<tr>\n<td>R924B<\/td>\n<td>982751901<\/td>\n<td>1215<\/td>\n<td>940<\/td>\n<td>115<\/td>\n<td>72<\/td>\n<td>105<\/td>\n<td>48-\u042422<\/td>\n<td>56-M20 p\u00e2nz\u0103<\/td>\n<td>94<\/td>\n<\/tr>\n<tr>\n<td>R934<\/td>\n<td>933816501<\/td>\n<td>1355<\/td>\n<td>1012<\/td>\n<td>125<\/td>\n<td><\/td>\n<td><\/td>\n<td>40<\/td>\n<td>48<\/td>\n<td>92<\/td>\n<\/tr>\n<tr>\n<td>R934HD-S<\/td>\n<td>LE939500601<\/td>\n<td>1355<\/td>\n<td>1012<\/td>\n<td>125<\/td>\n<td>92<\/td>\n<td>113<\/td>\n<td>40-26 prin gaur\u0103<\/td>\n<td>48-M24<\/td>\n<td>92<\/td>\n<\/tr>\n<tr>\n<td>934<\/td>\n<td>982752401<\/td>\n<td>1355<\/td>\n<td>1012<\/td>\n<td>125<\/td>\n<td>92<\/td>\n<td>113<\/td>\n<td>40-26 prin gaur\u0103<\/td>\n<td>48-M24<\/td>\n<td>92<\/td>\n<\/tr>\n<tr>\n<td>R-944C<\/td>\n<td>933628601<\/td>\n<td>1365<\/td>\n<td>1008<\/td>\n<td>150<\/td>\n<td>112<\/td>\n<td>140<\/td>\n<td>60-\u042426<\/td>\n<td>72-M24cloth<\/td>\n<td>84<\/td>\n<\/tr>\n<tr>\n<td>R944B<\/td>\n<td>933626601<\/td>\n<td>1365<\/td>\n<td>1008<\/td>\n<td>150<\/td>\n<td>112<\/td>\n<td>140<\/td>\n<td>60<\/td>\n<td>72<\/td>\n<td>84<\/td>\n<\/tr>\n<\/tbody>\n<\/table>\n<\/figure>\n<p>Excavatoarele Liebherr sunt renumite pentru fiabilitatea \u0219i durabilitatea lor, ceea ce le face s\u0103 fie o alegere popular\u0103 pentru industriile de construc\u021bii \u0219i minerit. Una dintre componentele critice care contribuie la performan\u021ba utilajului este rulmentul de balansare al excavatorului. Rulmen\u021bii de balansare pentru excavatoare Liebherr sunt proiecta\u021bi pentru a face fa\u021b\u0103 cerin\u021belor dure ale muncii grele \u00een medii dificile.<\/p>\n<p>Rulmen\u021bii de oscila\u021bie pentru excavatoare joac\u0103 un rol crucial \u00een func\u021bionarea ma\u0219inii, deoarece sus\u021bin rota\u021bia structurii superioare. F\u0103r\u0103 un rulment oscilant de calitate pentru un excavator, structura superioar\u0103 nu se poate roti f\u0103r\u0103 probleme, ceea ce afecteaz\u0103 performan\u021ba general\u0103 a ma\u0219inii. Rulmen\u021bii pivotan\u021bi pentru excavatoare Liebherr sunt proiecta\u021bi pentru a oferi o capacitate de \u00eenc\u0103rcare ridicat\u0103, precizie \u0219i o durat\u0103 de via\u021b\u0103 lung\u0103, asigur\u00e2nd performan\u021ba optim\u0103 a ma\u0219inii.<\/p>\n<p>Rulmen\u021bii de oscila\u021bie pentru excavatoare Liebherr sunt cunoscu\u021bi \u0219i sub denumirea de rulmen\u021bi cu inel de oscila\u021bie, rulmen\u021bi cu inel de rotire pentru excavatoare sau rulmen\u021bi pentru pl\u0103ci turnante. Ace\u0219ti rulmen\u021bi sunt concepu\u021bi cu o cale de rulare pentru a sus\u021bine greutatea ma\u0219inii, permi\u021b\u00e2nd structurii superioare s\u0103 se roteasc\u0103 cu u\u0219urin\u021b\u0103. Rulmentul oscilant pentru piesele de excavator este fabricat din materiale de \u00eenalt\u0103 rezisten\u021b\u0103, asigur\u00e2ndu-se c\u0103 poate rezista la sarcini grele, temperaturi extreme \u0219i condi\u021bii dure.<\/p>\n<p>Liebherr ofer\u0103 o gam\u0103 de rulmen\u021bi pentru excavatoare care sunt compatibili cu diferite modele de excavatoare. Modelele care sunt disponibile \u00een prezent pe pia\u021b\u0103 sunt R914, R924, R944, R934 \u0219i R944CLC. Aceste modele sunt concepute pentru a oferi durabilitate \u0219i performan\u021b\u0103 maxim\u0103, asigur\u00e2ndu-se c\u0103 utilajul dvs. poate face fa\u021b\u0103 oric\u0103rei lucr\u0103ri pe care i-o propune\u021bi.<\/p>\n<p>\u00cen plus fa\u021b\u0103 de rulmentul de balansare a excavatorului, Liebherr ofer\u0103 \u0219i<a href=\"https:\/\/swingbearing.net\/ro\/swing-bearing\/\"> unelte de rotire pentru excavator<\/a> \u0219i uneltele oscilante ale excavatorului. Aceste componente lucreaz\u0103 \u00eempreun\u0103 pentru a asigura o rota\u021bie lin\u0103 \u0219i eficient\u0103 a structurii superioare a ma\u0219inii, ceea ce le face p\u0103r\u021bi esen\u021biale ale oric\u0103rui excavator Liebherr.<br \/>\n\u00cen concluzie, atunci c\u00e2nd vine vorba de rulmen\u021bii de orientare pentru excavatoare, Liebherr este un nume \u00een care pute\u021bi avea \u00eencredere. Rulmen\u021bii lor pivotan\u021bi de calitate pentru excavator sunt proiecta\u021bi pentru a rezista \u00een cele mai grele condi\u021bii, oferind o capacitate de \u00eenc\u0103rcare ridicat\u0103, precizie \u0219i o durat\u0103 de via\u021b\u0103 lung\u0103. Indiferent dac\u0103 lucra\u021bi \u00een construc\u021bii sau \u00een minerit, rulmen\u021bii de orientare pentru excavator Liebherr reprezint\u0103 alegerea ideal\u0103 pentru o performan\u021b\u0103 optim\u0103 a utilajului.<\/p>\n<p>Putem oferi cerc Swing alternativ pentru dumneavoastr\u0103, CAT, HITACHI, KOMATSU, KOBELCO, HYUNDAI, VOLVO, DOOSAN, DAEWOO, JCB, CASE, SUMITOMO, KATO.There sunt normale \u0219i non-standard peste 1000 de sute de tipuri pentru a v\u0103 alege.<\/p>\n<figure class=\"wp-block-image size-full is-resized\"><img decoding=\"async\" class=\"wp-image-177\" src=\"https:\/\/national-bearing.com\/wp-content\/uploads\/2023\/04\/0001.jpg\" sizes=\"(max-width: 843px) 100vw, 843px\" srcset=\"https:\/\/national-bearing.com\/wp-content\/uploads\/2023\/04\/0001.jpg 600w, https:\/\/national-bearing.com\/wp-content\/uploads\/2023\/04\/0001-300x200.jpg 300w\" alt=\"\" width=\"515\" height=\"343\" \/><\/figure>","protected":false},"excerpt":{"rendered":"<p>LIEBHERR Rulmentul Swing<br \/>\nModel:R944B,934,R-944C<br \/>\nR924B,R924C,924HDSL<\/p>","protected":false},"featured_media":136,"template":"","meta":[],"product_brand":[],"product_cat":[22,72],"product_tag":[],"class_list":{"0":"post-573","1":"product","2":"type-product","3":"status-publish","4":"has-post-thumbnail","6":"product_cat-swing-bearing","7":"product_cat-liebherr-excavator-swing-bearing","9":"first","10":"instock","11":"shipping-taxable","12":"product-type-simple"},"_links":{"self":[{"href":"https:\/\/swingbearing.net\/ro\/wp-json\/wp\/v2\/product\/573","targetHints":{"allow":["GET"]}}],"collection":[{"href":"https:\/\/swingbearing.net\/ro\/wp-json\/wp\/v2\/product"}],"about":[{"href":"https:\/\/swingbearing.net\/ro\/wp-json\/wp\/v2\/types\/product"}],"wp:featuredmedia":[{"embeddable":true,"href":"https:\/\/swingbearing.net\/ro\/wp-json\/wp\/v2\/media\/136"}],"wp:attachment":[{"href":"https:\/\/swingbearing.net\/ro\/wp-json\/wp\/v2\/media?parent=573"}],"wp:term":[{"taxonomy":"product_brand","embeddable":true,"href":"https:\/\/swingbearing.net\/ro\/wp-json\/wp\/v2\/product_brand?post=573"},{"taxonomy":"product_cat","embeddable":true,"href":"https:\/\/swingbearing.net\/ro\/wp-json\/wp\/v2\/product_cat?post=573"},{"taxonomy":"product_tag","embeddable":true,"href":"https:\/\/swingbearing.net\/ro\/wp-json\/wp\/v2\/product_tag?post=573"}],"curies":[{"name":"wp","href":"https:\/\/api.w.org\/{rel}","templated":true}]}}