{"id":572,"date":"2023-09-27T05:08:54","date_gmt":"2023-09-27T05:08:54","guid":{"rendered":"https:\/\/swingbearing.net\/?post_type=product&#038;p=572"},"modified":"2024-05-15T06:51:15","modified_gmt":"2024-05-15T06:51:15","slug":"swing-bearing-case","status":"publish","type":"product","link":"https:\/\/swingbearing.net\/ro\/product\/swing-bearing-case\/","title":{"rendered":"Rulment de oscila\u021bie CASE"},"content":{"rendered":"<h2 style=\"text-align: center;\">Parametrii rulmentului CASE Swing<\/h2>\n<figure class=\"wp-block-table is-style-stripes has-small-font-size\">\n<table class=\"has-cyan-bluish-gray-background-color has-background\">\n<tbody>\n<tr>\n<td style=\"text-align: right;\">Model<\/td>\n<td style=\"text-align: right;\">Num\u0103r de piese<\/td>\n<td style=\"text-align: right;\">Diametrul exterior<\/td>\n<td style=\"text-align: right;\">Diametrul interior<\/td>\n<td style=\"text-align: right;\">\u00cen\u0103l\u021bime total\u0103<\/td>\n<td style=\"text-align: right;\">\u00cen\u0103l\u021bime exterioar\u0103<\/td>\n<td style=\"text-align: right;\">\u00cen\u0103l\u021bime interioar\u0103<\/td>\n<td style=\"text-align: right;\">Parametrii g\u0103urii exterioare<\/td>\n<td style=\"text-align: right;\">Parametrii g\u0103urii interioare<\/td>\n<td style=\"text-align: right;\">Num\u0103rul de din\u021bi<\/td>\n<\/tr>\n<tr>\n<td>CX130<\/td>\n<td>KNB10130<\/td>\n<td>1172<\/td>\n<td>972<\/td>\n<td>88<\/td>\n<td>65<\/td>\n<td>78<\/td>\n<td>28<\/td>\n<td>36<\/td>\n<td>98<\/td>\n<\/tr>\n<tr>\n<td>CX130<\/td>\n<td>KNB 11840<\/td>\n<td>1172<\/td>\n<td>973<\/td>\n<td>88<\/td>\n<td>65<\/td>\n<td>78<\/td>\n<td>28<\/td>\n<td>36<\/td>\n<td>98<\/td>\n<\/tr>\n<tr>\n<td>CX210<\/td>\n<td>KRB1347<\/td>\n<td>1330<\/td>\n<td>1094<\/td>\n<td>103<\/td>\n<td>74<\/td>\n<td>92<\/td>\n<td>31<\/td>\n<td>36<\/td>\n<td>92<\/td>\n<\/tr>\n<tr>\n<td>CX210<\/td>\n<td>KRB1603<\/td>\n<td>1330<\/td>\n<td>1094<\/td>\n<td>103<\/td>\n<td>74<\/td>\n<td>92<\/td>\n<td>31<\/td>\n<td>36<\/td>\n<td>92<\/td>\n<\/tr>\n<tr>\n<td>CX210<\/td>\n<td>KRB10160<\/td>\n<td>1330<\/td>\n<td>1093<\/td>\n<td>102<\/td>\n<td>74<\/td>\n<td>92<\/td>\n<td>31-\u03c622<\/td>\n<td>36-M20<\/td>\n<td>92<\/td>\n<\/tr>\n<tr>\n<td>CX210B<\/td>\n<td>KRB10160<\/td>\n<td>1330<\/td>\n<td>1093<\/td>\n<td>102<\/td>\n<td>74<\/td>\n<td>92<\/td>\n<td>31-\u03c622<\/td>\n<td>36-M20<\/td>\n<td>92<\/td>\n<\/tr>\n<tr>\n<td>CX210<\/td>\n<td>KRB10180<\/td>\n<td>1330<\/td>\n<td>1093<\/td>\n<td>102<\/td>\n<td>74<\/td>\n<td>92<\/td>\n<td>31-\u03c622.5<\/td>\n<td>36-M20<\/td>\n<td>92<\/td>\n<\/tr>\n<tr>\n<td>CX210B<\/td>\n<td>KRB11710<\/td>\n<td>1330<\/td>\n<td>1093<\/td>\n<td>102<\/td>\n<td>74<\/td>\n<td>92<\/td>\n<td>31-\u03c622<\/td>\n<td>36-M20<\/td>\n<td>92<\/td>\n<\/tr>\n<tr>\n<td>CX210C<\/td>\n<td>KRB11710<\/td>\n<td>1330<\/td>\n<td>1093<\/td>\n<td>102<\/td>\n<td>74<\/td>\n<td>92<\/td>\n<td>31-\u03c622<\/td>\n<td>36-M20<\/td>\n<td>92<\/td>\n<\/tr>\n<tr>\n<td>CNH E215<\/td>\n<td>72203516<\/td>\n<td>1312<\/td>\n<td>1082<\/td>\n<td>110<\/td>\n<td>79<\/td>\n<td>98<\/td>\n<td>33<\/td>\n<td>36<\/td>\n<td>110<\/td>\n<\/tr>\n<tr>\n<td>CNH E215<\/td>\n<td>87472588<\/td>\n<td>1312<\/td>\n<td>1082<\/td>\n<td>110<\/td>\n<td>79<\/td>\n<td>98<\/td>\n<td>33<\/td>\n<td>36<\/td>\n<td>110<\/td>\n<\/tr>\n<tr>\n<td>CX240<\/td>\n<td>KBB0878<\/td>\n<td>1375<\/td>\n<td>1094<\/td>\n<td>124<\/td>\n<td>88<\/td>\n<td>114<\/td>\n<td>27-\u03a626<\/td>\n<td>36-M24<\/td>\n<td>92<\/td>\n<\/tr>\n<tr>\n<td>CX240<\/td>\n<td>KBB0282<\/td>\n<td>1375<\/td>\n<td>1094<\/td>\n<td>124<\/td>\n<td>80<\/td>\n<td>114<\/td>\n<td>26-\u03c626<\/td>\n<td>36-M24<\/td>\n<td>92<\/td>\n<\/tr>\n<tr>\n<td>CX240<\/td>\n<td>KBB 10080<\/td>\n<td>1376<\/td>\n<td>1093<\/td>\n<td>125<\/td>\n<td>88<\/td>\n<td>114<\/td>\n<td>27<\/td>\n<td>36<\/td>\n<td>92<\/td>\n<\/tr>\n<tr>\n<td>CX240B<\/td>\n<td>KBB11350<\/td>\n<td>1377<\/td>\n<td>1094<\/td>\n<td>124<\/td>\n<td>88<\/td>\n<td>114<\/td>\n<td>28-26<\/td>\n<td>36-M24<\/td>\n<td>92<\/td>\n<\/tr>\n<tr>\n<td>CX460<\/td>\n<td>KTB10010<\/td>\n<td>1615<\/td>\n<td>1275<\/td>\n<td>145<\/td>\n<td>125<\/td>\n<td>135<\/td>\n<td>41-\u03a626<\/td>\n<td>46-M24<\/td>\n<td>92<\/td>\n<\/tr>\n<tr>\n<td>CX290<\/td>\n<td>KBB10100<\/td>\n<td>1615<\/td>\n<td>1274<\/td>\n<td>122<\/td>\n<td>100<\/td>\n<td>110<\/td>\n<td>41<\/td>\n<td>46<\/td>\n<td>92<\/td>\n<\/tr>\n<\/tbody>\n<\/table>\n<\/figure>\n<p>Excavatoarele sunt ma\u0219ini grele care sunt folosite pentru a s\u0103pa, muta \u0219i ridica \u00eenc\u0103rc\u0103turi grele \u00een construc\u021bii, minerit \u0219i alte industrii. O component\u0103 cheie a unui excavator este rulmentul s\u0103u de rotire, cunoscut \u0219i sub numele de rulment oscilant, care permite ma\u0219inii s\u0103 se roteasc\u0103 la 360 de grade. Dac\u0103 sunte\u021bi \u00een c\u0103utarea unui rulment de rotire de \u00eenalt\u0103 calitate pentru excavatorul dumneavoastr\u0103 CASE, nu c\u0103uta\u021bi mai departe de selec\u021bia noastr\u0103 de produse.<\/p>\n<p>Gama noastr\u0103 de rulmen\u021bi oscilan\u021bi pentru excavatoarele CASE include urm\u0103toarele modele: CX50B, CX55, CX210, CX210B, CX240A \u0219i CX240B. Ace\u0219ti rulmen\u021bi sunt special concepu\u021bi pentru a se potrivi excavatorului dvs. CASE \u0219i asigur\u0103 o rota\u021bie lin\u0103 \u0219i fiabil\u0103, chiar \u0219i sub sarcini grele.<br \/>\nRulmen\u021bii no\u0219tri de balansare pentru excavatoare sunt fabrica\u021bi din materiale de \u00eenalt\u0103 calitate pentru a asigura durabilitate \u0219i performan\u021b\u0103 maxim\u0103. Componentele rulmentului pentru placa turnant\u0103 \u0219i ale rulmentului inelului de balansare sunt prelucrate la toleran\u021be stricte pentru a asigura o potrivire perfect\u0103 \u0219i o func\u021bionare lin\u0103. \u00cen plus, rulmen\u021bii sunt concepu\u021bi pentru a rezista la uzur\u0103, ceea ce \u00eei face ideali pentru aplica\u021bii grele.<\/p>\n<p>\u00cen plus fa\u021b\u0103 de construc\u021bia lor de \u00eenalt\u0103 calitate, rulmen\u021bii no\u0219tri de balansare pentru excavatoare CASE sunt u\u0219or de instalat \u0219i \u00eentre\u021binut. Sunt concepu\u021bi pentru a \u00eenlocui piesele produc\u0103torului de echipamente originale (OEM), f\u0103r\u0103 a fi necesare modific\u0103ri, ceea ce face ca instalarea s\u0103 fie floare la ureche. Oferim, de asemenea, o gam\u0103 de piese de schimb pentru rulmen\u021bii no\u0219tri, asigur\u00e2ndu-v\u0103 c\u0103 v\u0103 pute\u021bi men\u021bine excavatorul dumneavoastr\u0103 \u00een stare de func\u021bionare f\u0103r\u0103 probleme pentru mul\u021bi ani de acum \u00eencolo.<\/p>\n<p>Rulmen\u021bii no\u0219tri de orientare pentru excavatoare sunt o component\u0103 esen\u021bial\u0103 a sistemului de ro\u021bi din\u021bate de orientare din excavatorul dumneavoastr\u0103. Angrenajul de rotire, care este conectat la rulmentul de balansare, permite excavatorului s\u0103 se roteasc\u0103. Angrenajul oscilant al excavatorului func\u021bioneaz\u0103, de asemenea, \u00eempreun\u0103 cu rulmentul de rotire pentru a asigura o func\u021bionare lin\u0103 \u0219i eficient\u0103.<br \/>\n\u00cen concluzie, gama noastr\u0103 de rulmen\u021bi de balansare pentru excavatoare CASE este o alegere excelent\u0103 pentru oricine caut\u0103 piese de \u00eenalt\u0103 calitate, fiabile \u0219i durabile pentru excavatorul s\u0103u. Selec\u021bia noastr\u0103 de rulmen\u021bi de orientare este special conceput\u0103 pentru a se potrivi excavatorului dumneavoastr\u0103 CASE \u0219i pentru a asigura o func\u021bionare lin\u0103 \u0219i eficient\u0103, chiar \u0219i sub sarcini grele. Contacta\u021bi-ne ast\u0103zi pentru a afla mai multe despre produsele noastre \u0219i despre modul \u00een care v\u0103 putem ajuta s\u0103 v\u0103 men\u021bine\u021bi excavatorul \u00een bun\u0103 stare de func\u021bionare.<br \/>\nPutem oferi rulmen\u021bi Swing alternativi pentru dumneavoastr\u0103, CAT, HITACHI, KOMATSU, KOBELCO, HYUNDAI, VOLVO, DOOSAN, DAEWOO, JCB, CASE, SUMITOMO, KATO, ,Exist\u0103 peste 1000 de tipuri normale \u0219i non-standard de peste 1000 de sute de tipuri pentru a alege.<\/p>","protected":false},"excerpt":{"rendered":"<p>CASE Rulmentul de oscila\u021bie<br \/>\nModel:CX290,CX460,CX240B<br \/>\nCNH E215,CX210C,CX210B<\/p>","protected":false},"featured_media":136,"template":"","meta":[],"product_brand":[],"product_cat":[22,71],"product_tag":[],"class_list":{"0":"post-572","1":"product","2":"type-product","3":"status-publish","4":"has-post-thumbnail","6":"product_cat-swing-bearing","7":"product_cat-case-excavator-swing-bearing","9":"first","10":"instock","11":"shipping-taxable","12":"product-type-simple"},"_links":{"self":[{"href":"https:\/\/swingbearing.net\/ro\/wp-json\/wp\/v2\/product\/572","targetHints":{"allow":["GET"]}}],"collection":[{"href":"https:\/\/swingbearing.net\/ro\/wp-json\/wp\/v2\/product"}],"about":[{"href":"https:\/\/swingbearing.net\/ro\/wp-json\/wp\/v2\/types\/product"}],"wp:featuredmedia":[{"embeddable":true,"href":"https:\/\/swingbearing.net\/ro\/wp-json\/wp\/v2\/media\/136"}],"wp:attachment":[{"href":"https:\/\/swingbearing.net\/ro\/wp-json\/wp\/v2\/media?parent=572"}],"wp:term":[{"taxonomy":"product_brand","embeddable":true,"href":"https:\/\/swingbearing.net\/ro\/wp-json\/wp\/v2\/product_brand?post=572"},{"taxonomy":"product_cat","embeddable":true,"href":"https:\/\/swingbearing.net\/ro\/wp-json\/wp\/v2\/product_cat?post=572"},{"taxonomy":"product_tag","embeddable":true,"href":"https:\/\/swingbearing.net\/ro\/wp-json\/wp\/v2\/product_tag?post=572"}],"curies":[{"name":"wp","href":"https:\/\/api.w.org\/{rel}","templated":true}]}}