{"id":568,"date":"2023-09-27T04:20:00","date_gmt":"2023-09-27T04:20:00","guid":{"rendered":"https:\/\/swingbearing.net\/?post_type=product&#038;p=568"},"modified":"2024-05-15T06:54:01","modified_gmt":"2024-05-15T06:54:01","slug":"swing-bearing-volvo","status":"publish","type":"product","link":"https:\/\/swingbearing.net\/ro\/product\/swing-bearing-volvo\/","title":{"rendered":"Rulment de oscila\u021bie VOLVO"},"content":{"rendered":"<h2 style=\"text-align: center;\">Parametrii rulmen\u021bilor VOLVO Swing<\/h2>\n<figure class=\"wp-block-table is-style-stripes has-small-font-size\">\n<table class=\"has-cyan-bluish-gray-background-color has-background\">\n<tbody>\n<tr>\n<td>Model<\/td>\n<td>Num\u0103r de piese<\/td>\n<td>Diametrul exterior<\/td>\n<td>Diametrul interior<\/td>\n<td>\u00cen\u0103l\u021bime total\u0103<\/td>\n<td>\u00cen\u0103l\u021bime exterioar\u0103<\/td>\n<td>\u00cen\u0103l\u021bime interioar\u0103<\/td>\n<td>Parametrii g\u0103urii exterioare<\/td>\n<td>Parametrii g\u0103urii interioare<\/td>\n<td>Num\u0103rul de din\u021bi<\/td>\n<\/tr>\n<tr>\n<td>EC140B<\/td>\n<td>VOE14520520561<\/td>\n<td>1196<\/td>\n<td>963<\/td>\n<td>90<\/td>\n<td>79<\/td>\n<td>80<\/td>\n<td>36-\u042419<\/td>\n<td>36-M16*1.5<\/td>\n<td>98<\/td>\n<\/tr>\n<tr>\n<td>EC210<\/td>\n<td>SA1155-00061<\/td>\n<td>1328<\/td>\n<td>1080<\/td>\n<td>110<\/td>\n<td>90<\/td>\n<td>90<\/td>\n<td>33-\u042422<\/td>\n<td>36-M20<\/td>\n<td>92<\/td>\n<\/tr>\n<tr>\n<td>EC210BLC<\/td>\n<td>14563341<\/td>\n<td>1327<\/td>\n<td>1082<\/td>\n<td>110<\/td>\n<td>90<\/td>\n<td>90<\/td>\n<td>34-\u03c622<\/td>\n<td>36-M20<\/td>\n<td>92<\/td>\n<\/tr>\n<tr>\n<td>EC210BLC<\/td>\n<td>14563342<\/td>\n<td>1327<\/td>\n<td>1082<\/td>\n<td>110<\/td>\n<td>90<\/td>\n<td>90<\/td>\n<td>34-\u03c622<\/td>\n<td>36-M20<\/td>\n<td>92<\/td>\n<\/tr>\n<tr>\n<td>EC210 2005<\/td>\n<td>EC210V13948<\/td>\n<td>1327<\/td>\n<td>1080<\/td>\n<td>110<\/td>\n<td>90<\/td>\n<td>90<\/td>\n<td>34-\u042421.5<\/td>\n<td>36-M20<\/td>\n<td>92<\/td>\n<\/tr>\n<tr>\n<td>EC210B<\/td>\n<td>14563327<\/td>\n<td>1328<\/td>\n<td>1080<\/td>\n<td>110<\/td>\n<td>90<\/td>\n<td>90<\/td>\n<td>34-\u042421.5<\/td>\n<td>36-M20<\/td>\n<td>92<\/td>\n<\/tr>\n<tr>\n<td>EC210B<\/td>\n<td>14505766<\/td>\n<td>1328<\/td>\n<td>1080<\/td>\n<td>110<\/td>\n<td>90<\/td>\n<td>90<\/td>\n<td>34-\u03c622<\/td>\n<td>36-M20<\/td>\n<td>92<\/td>\n<\/tr>\n<tr>\n<td>EC210BLC<\/td>\n<td>14577178<\/td>\n<td>1328<\/td>\n<td>1080<\/td>\n<td>110<\/td>\n<td>90<\/td>\n<td>90<\/td>\n<td>34-\u03c622<\/td>\n<td>36-M20<\/td>\n<td>92<\/td>\n<\/tr>\n<tr>\n<td>EC210BNC<\/td>\n<td>14530323<\/td>\n<td>1328<\/td>\n<td>1080<\/td>\n<td>110<\/td>\n<td>90<\/td>\n<td>90<\/td>\n<td>34-\u03c622<\/td>\n<td>36-M20<\/td>\n<td>92<\/td>\n<\/tr>\n<tr>\n<td>EC210LC<\/td>\n<td>1155-00061<\/td>\n<td>1328<\/td>\n<td>1080<\/td>\n<td>110<\/td>\n<td>90<\/td>\n<td>90<\/td>\n<td>33-\u03c622<\/td>\n<td>36-M20<\/td>\n<td>92<\/td>\n<\/tr>\n<tr>\n<td>EC210LC<\/td>\n<td>14563328<\/td>\n<td>1326<\/td>\n<td>1083<\/td>\n<td>108<\/td>\n<td>90<\/td>\n<td>90<\/td>\n<td>34<\/td>\n<td>36<\/td>\n<td>92<\/td>\n<\/tr>\n<tr>\n<td>EC240BLC<\/td>\n<td>14563334<\/td>\n<td>1462<\/td>\n<td>1162<\/td>\n<td>120<\/td>\n<td>95<\/td>\n<td>105<\/td>\n<td>33<\/td>\n<td>36<\/td>\n<td>85<\/td>\n<\/tr>\n<tr>\n<td>EC240BLC<\/td>\n<td>SA1155-00040<\/td>\n<td>1462<\/td>\n<td>1162<\/td>\n<td>120<\/td>\n<td>95<\/td>\n<td>105<\/td>\n<td>33<\/td>\n<td>36<\/td>\n<td>85<\/td>\n<\/tr>\n<tr>\n<td>EC240BNLC<\/td>\n<td>14520572<\/td>\n<td>1462<\/td>\n<td>1162<\/td>\n<td>120<\/td>\n<td>95<\/td>\n<td>105<\/td>\n<td>33<\/td>\n<td>36<\/td>\n<td>85<\/td>\n<\/tr>\n<tr>\n<td>EC290<\/td>\n<td>14570794<\/td>\n<td>1532<\/td>\n<td>1235<\/td>\n<td>123<\/td>\n<td>90<\/td>\n<td>113<\/td>\n<td>35-\u042426<\/td>\n<td>40-M24<\/td>\n<td>90<\/td>\n<\/tr>\n<tr>\n<td>EC290BLC<\/td>\n<td>14563335<\/td>\n<td>1533<\/td>\n<td>1235<\/td>\n<td>122<\/td>\n<td>90<\/td>\n<td>110<\/td>\n<td>35-\u03c626<\/td>\n<td>40-M24<\/td>\n<td>90<\/td>\n<\/tr>\n<tr>\n<td>EC290B<\/td>\n<td>14563335<\/td>\n<td>1532<\/td>\n<td>1235<\/td>\n<td>122<\/td>\n<td>90<\/td>\n<td>110<\/td>\n<td>35-\u03c626<\/td>\n<td>40-M24<\/td>\n<td>90<\/td>\n<\/tr>\n<tr>\n<td>EC290B<\/td>\n<td>14520573<\/td>\n<td>1532<\/td>\n<td>1235<\/td>\n<td>122<\/td>\n<td>90<\/td>\n<td>110<\/td>\n<td>35-\u03c626<\/td>\n<td>40-M24<\/td>\n<td>90<\/td>\n<\/tr>\n<tr>\n<td>EX300-3C<\/td>\n<td>9112188<\/td>\n<td>1531<\/td>\n<td>1248<\/td>\n<td>117<\/td>\n<td>83<\/td>\n<td>105<\/td>\n<td>32-\u03c626<\/td>\n<td>36-M24*2<\/td>\n<td>91<\/td>\n<\/tr>\n<tr>\n<td>EC360BLC<\/td>\n<td>14563350<\/td>\n<td>1550<\/td>\n<td>1239<\/td>\n<td>150<\/td>\n<td>110<\/td>\n<td>136<\/td>\n<td>35<\/td>\n<td>40<\/td>\n<td>90<\/td>\n<\/tr>\n<tr>\n<td>EC460BLC<\/td>\n<td>14507709<\/td>\n<td>1778<\/td>\n<td>1393<\/td>\n<td>120<\/td>\n<td>110<\/td>\n<td>110<\/td>\n<td>40-\u042433<\/td>\n<td>40-M30<\/td>\n<td>112<\/td>\n<\/tr>\n<tr>\n<td>EC480DL<\/td>\n<td>14559204<\/td>\n<td>1778<\/td>\n<td>1393<\/td>\n<td>120<\/td>\n<td>110<\/td>\n<td>110<\/td>\n<td>40\/33<\/td>\n<td>40\/M30<\/td>\n<td>112<\/td>\n<\/tr>\n<tr>\n<td>EC700BLC<\/td>\n<td>14559205<\/td>\n<td>1815<\/td>\n<td>1375<\/td>\n<td>205<\/td>\n<td>148<\/td>\n<td>180<\/td>\n<td>48<\/td>\n<td>60<\/td>\n<td>100<\/td>\n<\/tr>\n<\/tbody>\n<\/table>\n<\/figure>\n<p>Volvo este un nume bine cunoscut \u00een industria echipamentelor de construc\u021bii, oferind utilaje fiabile \u0219i de \u00eenalt\u0103 calitate pentru diverse aplica\u021bii. Dintre gama sa extins\u0103 de produse, excavatoarele Volvo sunt o alegere popular\u0103 \u00een r\u00e2ndul antreprenorilor \u0219i al companiilor de construc\u021bii pentru performan\u021ba \u0219i durabilitatea lor. Produsele Volvo pentru rulmen\u021bi de orientare pentru excavatoare sunt o component\u0103 esen\u021bial\u0103 a acestor utilaje, asigur\u00e2nd func\u021bionarea lor lin\u0103 \u0219i eficient\u0103.<\/p>\n<p>Rulmen\u021bii de oscila\u021bie pentru excavatoare, cunoscu\u021bi \u0219i sub denumirea de rulmen\u021bi de oscila\u021bie, rulmen\u021bi pentru platforme rotative sau rulmen\u021bi cu inel de oscila\u021bie, sunt responsabili pentru conectarea p\u0103r\u021bilor superioare \u0219i inferioare ale unui excavator. Ace\u0219tia permit structurii superioare a excavatorului s\u0103 se roteasc\u0103 pe structura sa inferioar\u0103, oferind o mi\u0219care \u0219i o flexibilitate de 360 de grade. Aceast\u0103 mi\u0219care este crucial\u0103 pentru excavatoare, permi\u021b\u00e2ndu-le s\u0103 opereze \u00een spa\u021bii \u00eenguste, s\u0103 ating\u0103 unghiuri dificile \u0219i s\u0103 \u00eendeplineasc\u0103 o gam\u0103 larg\u0103 de sarcini.<\/p>\n<p>Rulmen\u021bii oscilan\u021bi pentru excavatoare Volvo sunt proiecta\u021bi pentru a rezista la sarcini grele \u0219i condi\u021bii extreme, ceea ce \u00eei face potrivi\u021bi pentru diverse aplica\u021bii. Acestea sunt fabricate din materiale de \u00eenalt\u0103 calitate \u0219i trec printr-un proces riguros de testare pentru a le asigura rezisten\u021ba \u0219i durabilitatea. Rulmen\u021bii cu inele de rotire pentru excavatoare Volvo au, de asemenea, un design compact, reduc\u00e2nd greutatea total\u0103 a utilajului \u0219i \u00eembun\u0103t\u0103\u021bind eficien\u021ba combustibilului.<\/p>\n<p>Rulmen\u021bii inelului de oscila\u021bie sunt componente esen\u021biale ale excavatoarelor, iar defectarea lor poate cauza timpi de nefunc\u021bionare importan\u021bi \u0219i repara\u021bii costisitoare. Prin utilizarea rulmen\u021bilor oscilan\u021bi pentru piese de excavator Volvo, antreprenorii se pot asigura c\u0103 excavatoarele lor func\u021bioneaz\u0103 f\u0103r\u0103 probleme, reduc\u00e2nd riscul de timp de nefunc\u021bionare \u0219i minimiz\u00e2nd costurile de \u00eentre\u021binere. Rulmen\u021bii pivotan\u021bi pentru excavatoare Volvo sunt concepu\u021bi s\u0103 dureze, oferind performan\u021b\u0103 \u0219i fiabilitate pe termen lung.<\/p>\n<p>Volvo ofer\u0103 o gam\u0103 larg\u0103 de rulmen\u021bi de orientare pentru excavatoare, potrivi\u021bi pentru diferite modele \u0219i aplica\u021bii. Volvo EC55, EC60, EC140BP, EW145BP, EW160BB, EC210, EC240, EC290, EC360LC, EC380, EC460, EC480, EC700, EC210B, EC360 sunt doar c\u00e2teva dintre modelele care utilizeaz\u0103 rulmen\u021bii de balansare pentru excavatoare Volvo.\u00cen concluzie, produsele Volvo pentru rulmen\u021bi de balansare pentru excavatoare sunt o component\u0103 esen\u021bial\u0103 a excavatoarelor Volvo, oferind flexibilitatea \u0219i manevrabilitatea necesare pentru diverse sarcini de construc\u021bie. Acestea sunt concepute pentru a rezista la sarcini grele \u0219i condi\u021bii extreme, asigur\u00e2nd performan\u021ba \u0219i fiabilitatea pe termen lung a utilajului. Prin utilizarea rulmen\u021bilor oscilan\u021bi pentru excavatoare Volvo, antreprenorii pot minimiza timpii mor\u021bi, reduce costurile de \u00eentre\u021binere \u0219i cre\u0219te productivitatea.<\/p>\n<p>Putem oferi cerc Swing alternativ pentru dumneavoastr\u0103, CAT, HITACHI, KOMATSU, KOBELCO, HYUNDAI, VOLVO, DOOSAN, DAEWOO, JCB, CASE, SUMITOMO, KATO.There sunt normale \u0219i non-standard peste 1000 de sute de tipuri pentru a v\u0103 alege.<\/p>","protected":false},"excerpt":{"rendered":"<p>Rulmentul Volvo Swing<br \/>\nModel: EC700BLC, EC480DL<br \/>\nEC460BLC,EC360BLC,EC290B<\/p>","protected":false},"featured_media":136,"template":"","meta":[],"product_brand":[],"product_cat":[22,68],"product_tag":[],"class_list":{"0":"post-568","1":"product","2":"type-product","3":"status-publish","4":"has-post-thumbnail","6":"product_cat-swing-bearing","7":"product_cat-volvo-excavator-swing-bearing","9":"first","10":"instock","11":"shipping-taxable","12":"product-type-simple"},"_links":{"self":[{"href":"https:\/\/swingbearing.net\/ro\/wp-json\/wp\/v2\/product\/568","targetHints":{"allow":["GET"]}}],"collection":[{"href":"https:\/\/swingbearing.net\/ro\/wp-json\/wp\/v2\/product"}],"about":[{"href":"https:\/\/swingbearing.net\/ro\/wp-json\/wp\/v2\/types\/product"}],"wp:featuredmedia":[{"embeddable":true,"href":"https:\/\/swingbearing.net\/ro\/wp-json\/wp\/v2\/media\/136"}],"wp:attachment":[{"href":"https:\/\/swingbearing.net\/ro\/wp-json\/wp\/v2\/media?parent=568"}],"wp:term":[{"taxonomy":"product_brand","embeddable":true,"href":"https:\/\/swingbearing.net\/ro\/wp-json\/wp\/v2\/product_brand?post=568"},{"taxonomy":"product_cat","embeddable":true,"href":"https:\/\/swingbearing.net\/ro\/wp-json\/wp\/v2\/product_cat?post=568"},{"taxonomy":"product_tag","embeddable":true,"href":"https:\/\/swingbearing.net\/ro\/wp-json\/wp\/v2\/product_tag?post=568"}],"curies":[{"name":"wp","href":"https:\/\/api.w.org\/{rel}","templated":true}]}}