{"id":4850,"date":"2024-08-25T09:43:36","date_gmt":"2024-08-25T09:43:36","guid":{"rendered":"https:\/\/swingbearing.net\/?post_type=product&#038;p=4850"},"modified":"2024-08-26T00:22:53","modified_gmt":"2024-08-26T00:22:53","slug":"hitachi-zx800ld-swing-bearing-9229741-excavator-slewing-ring","status":"publish","type":"product","link":"https:\/\/swingbearing.net\/ro\/product\/hitachi-zx800ld-swing-bearing-9229741-excavator-slewing-ring\/","title":{"rendered":"Swing Bearing 9229741 for HITACHI ZX800LD"},"content":{"rendered":"<h2 style=\"text-align: center;\">Parametrii rulmen\u021bilor HITACHI Swing<\/h2>\n<figure class=\"wp-block-table\" style=\"font-size: 12px;\">\n<table>\n<tbody>\n<tr>\n<td>Model<\/td>\n<td>Num\u0103r de piese<\/td>\n<td>Diametrul exterior<\/td>\n<td>Diametrul interior<\/td>\n<td>\u00cen\u0103l\u021bime total\u0103<\/td>\n<td>\u00cen\u0103l\u021bime exterioar\u0103<\/td>\n<td>\u00cen\u0103l\u021bime interioar\u0103<\/td>\n<td>Parametrii g\u0103urii exterioare<\/td>\n<td>Parametrii g\u0103urii interioare<\/td>\n<td>Num\u0103rul de din\u021bi<\/td>\n<\/tr>\n<tr>\n<td>EX60-2<\/td>\n<td>4193433<\/td>\n<td>772<\/td>\n<td>554.4<\/td>\n<td>78<\/td>\n<td>60<\/td>\n<td>65<\/td>\n<td>24-\u03c618<\/td>\n<td>24-\u03c618<\/td>\n<td>71<\/td>\n<\/tr>\n<tr>\n<td>EX60WD -2<\/td>\n<td>4193433<\/td>\n<td>772<\/td>\n<td>554.4<\/td>\n<td>78<\/td>\n<td>60<\/td>\n<td>65<\/td>\n<td>24-\u03c618<\/td>\n<td>24-\u03c618<\/td>\n<td>71<\/td>\n<\/tr>\n<tr>\n<td>Ex60-5<\/td>\n<td>43767553<\/td>\n<td>781<\/td>\n<td>554<\/td>\n<td>76<\/td>\n<td>60<\/td>\n<td>63<\/td>\n<td>24-\u042417<\/td>\n<td>24-\u042417<\/td>\n<td>71<\/td>\n<\/tr>\n<tr>\n<td>EX100<\/td>\n<td>9098995<\/td>\n<td>1195<\/td>\n<td>962<\/td>\n<td>87<\/td>\n<td>72<\/td>\n<td>69<\/td>\n<td>36-\u03c619<\/td>\n<td>36-\u03c617<\/td>\n<td>98<\/td>\n<\/tr>\n<tr>\n<td>EX100-3<\/td>\n<td>9102726<\/td>\n<td>1092<\/td>\n<td>862<\/td>\n<td>84<\/td>\n<td>68<\/td>\n<td>70<\/td>\n<td>36-\u042420<\/td>\n<td>36-\u042418<\/td>\n<td>88<\/td>\n<\/tr>\n<tr>\n<td>EX150-5<\/td>\n<td>9146953<\/td>\n<td>1197<\/td>\n<td>939<\/td>\n<td>98<\/td>\n<td>69<\/td>\n<td>81<\/td>\n<td>36<\/td>\n<td>40<\/td>\n<td>80<\/td>\n<\/tr>\n<tr>\n<td>EX200<\/td>\n<td>9098993<\/td>\n<td>1312<\/td>\n<td>1084<\/td>\n<td>106<\/td>\n<td>72<\/td>\n<td>95<\/td>\n<td>36-\u03c622<\/td>\n<td>36-M20*1.5<\/td>\n<td>92<\/td>\n<\/tr>\n<tr>\n<td>ZX200LC-5G<\/td>\n<td>9260971<\/td>\n<td>1316<\/td>\n<td>1082<\/td>\n<td>96<\/td>\n<td>76<\/td>\n<td>85<\/td>\n<td>37-\u03c621<\/td>\n<td>36-M20*1.5<\/td>\n<td>92<\/td>\n<\/tr>\n<tr>\n<td>ZX200-3<\/td>\n<td>9260971<\/td>\n<td>1316<\/td>\n<td>1082<\/td>\n<td>96<\/td>\n<td>76<\/td>\n<td>85<\/td>\n<td>37-\u03c621<\/td>\n<td>36-M20*1.5<\/td>\n<td>92<\/td>\n<\/tr>\n<tr>\n<td>ZX200<\/td>\n<td>9196732<\/td>\n<td>1312<\/td>\n<td>1082<\/td>\n<td>106<\/td>\n<td>72<\/td>\n<td>95<\/td>\n<td>32-\u042421<\/td>\n<td>36-M20<\/td>\n<td>92<\/td>\n<\/tr>\n<tr>\n<td>ZX200-5G<\/td>\n<td>9260971<\/td>\n<td>1316<\/td>\n<td>1082<\/td>\n<td>96<\/td>\n<td>76<\/td>\n<td>85<\/td>\n<td>37-\u03c621<\/td>\n<td>36-M20*1.5<\/td>\n<td>92<\/td>\n<\/tr>\n<tr>\n<td>EX210-5<\/td>\n<td>9102727<\/td>\n<td>1310<\/td>\n<td>1083<\/td>\n<td>106<\/td>\n<td>72<\/td>\n<td>95<\/td>\n<td>36-\u042422<\/td>\n<td>36-M20<\/td>\n<td>92<\/td>\n<\/tr>\n<tr>\n<td>ZX210LCK<\/td>\n<td>9169646<\/td>\n<td>1312<\/td>\n<td>1082<\/td>\n<td>106<\/td>\n<td>72<\/td>\n<td>95<\/td>\n<td>32-\u042421<\/td>\n<td>36-M20*1.5<\/td>\n<td>92<\/td>\n<\/tr>\n<tr>\n<td>ZX220<\/td>\n<td>9262248<\/td>\n<td>1416<\/td>\n<td>1137<\/td>\n<td>110<\/td>\n<td>84<\/td>\n<td>97<\/td>\n<td>36-\u042424<\/td>\n<td>36-M22*1.5<\/td>\n<td>83<\/td>\n<\/tr>\n<tr>\n<td>EX220-1<\/td>\n<td>9154037<\/td>\n<td>1416<\/td>\n<td>1137<\/td>\n<td>110<\/td>\n<td>84<\/td>\n<td>97<\/td>\n<td>36-\u042424<\/td>\n<td>36-M22<\/td>\n<td>83<\/td>\n<\/tr>\n<tr>\n<td>ZX225US<\/td>\n<td>9196732<\/td>\n<td>1312<\/td>\n<td>1082<\/td>\n<td>106<\/td>\n<td>72<\/td>\n<td>95<\/td>\n<td>32-\u042421<\/td>\n<td>36-M20<\/td>\n<td>92<\/td>\n<\/tr>\n<tr>\n<td>ZX330-3LC<\/td>\n<td>9260971<\/td>\n<td>1312<\/td>\n<td>1082<\/td>\n<td>106<\/td>\n<td>72<\/td>\n<td>95<\/td>\n<td>32\/21<\/td>\n<td>36-M20*1.5<\/td>\n<td>92<\/td>\n<\/tr>\n<tr>\n<td>EX270-5<\/td>\n<td>9154037<\/td>\n<td>1416<\/td>\n<td>1137<\/td>\n<td>110<\/td>\n<td>84<\/td>\n<td>97<\/td>\n<td>36-\u042424<\/td>\n<td>36-M22<\/td>\n<td>83<\/td>\n<\/tr>\n<tr>\n<td>ZX230<\/td>\n<td>9154037<\/td>\n<td>1416<\/td>\n<td>1137<\/td>\n<td>110<\/td>\n<td>84<\/td>\n<td>97<\/td>\n<td>36-\u042424<\/td>\n<td>36-M22*1.5<\/td>\n<td>83<\/td>\n<\/tr>\n<tr>\n<td>ZX230<\/td>\n<td>9159646<\/td>\n<td>1416<\/td>\n<td>1137<\/td>\n<td>110<\/td>\n<td>84<\/td>\n<td>97<\/td>\n<td>36-\u042424<\/td>\n<td>36-M22*1.5<\/td>\n<td>83<\/td>\n<\/tr>\n<tr>\n<td>ZX240<\/td>\n<td>9196732<\/td>\n<td>1416<\/td>\n<td>1137<\/td>\n<td>110<\/td>\n<td>84<\/td>\n<td>97<\/td>\n<td>36-\u042424<\/td>\n<td>36-M22*1.5<\/td>\n<td>83<\/td>\n<\/tr>\n<tr>\n<td>ZX240<\/td>\n<td>9245728<\/td>\n<td>1416<\/td>\n<td>1137<\/td>\n<td>110<\/td>\n<td>84<\/td>\n<td>97<\/td>\n<td>35-\u03c624<\/td>\n<td>36-M22*1.5<\/td>\n<td>83<\/td>\n<\/tr>\n<tr>\n<td>EX300-3<\/td>\n<td>9112188<\/td>\n<td>1531<\/td>\n<td>1248<\/td>\n<td>117<\/td>\n<td>83<\/td>\n<td>105<\/td>\n<td>32-\u03c626<\/td>\n<td>36-M24*2<\/td>\n<td>91<\/td>\n<\/tr>\n<tr>\n<td>ZX330LC-5G<\/td>\n<td>9245698<\/td>\n<td>1930<\/td>\n<td>1297<\/td>\n<td>121<\/td>\n<td>95<\/td>\n<td>110<\/td>\n<td>36-\u03c629<\/td>\n<td>36-M27*2<\/td>\n<td>83<\/td>\n<\/tr>\n<tr>\n<td>340 LCV<\/td>\n<td>140109-00047<\/td>\n<td>1543<\/td>\n<td>1236<\/td>\n<td>132<\/td>\n<td>103<\/td>\n<td>120<\/td>\n<td>35-\u03c626<\/td>\n<td>40-M24<\/td>\n<td>90<\/td>\n<\/tr>\n<tr>\n<td>ZX350-3<\/td>\n<td>9245698<\/td>\n<td>1629<\/td>\n<td>1296<\/td>\n<td>121<\/td>\n<td>95<\/td>\n<td>110<\/td>\n<td>40-\u042429<\/td>\n<td>36-M27*2<\/td>\n<td>83<\/td>\n<\/tr>\n<tr>\n<td>ZX370<\/td>\n<td>9166468<\/td>\n<td>1629<\/td>\n<td>1296<\/td>\n<td>121<\/td>\n<td>95<\/td>\n<td>110<\/td>\n<td>40-\u042429<\/td>\n<td>36-M27*2<\/td>\n<td>83<\/td>\n<\/tr>\n<tr>\n<td>ZX370<\/td>\n<td>9169894<\/td>\n<td>1629<\/td>\n<td>1296<\/td>\n<td>121<\/td>\n<td>95<\/td>\n<td>110<\/td>\n<td>40-\u042429<\/td>\n<td>36-M27*2<\/td>\n<td>83<\/td>\n<\/tr>\n<tr>\n<td>KH180-3<\/td>\n<td>9099074<\/td>\n<td>1630<\/td>\n<td>1218<\/td>\n<td>162<\/td>\n<td>144<\/td>\n<td>136<\/td>\n<td>22-29<\/td>\n<td>36-M27<\/td>\n<td>88<\/td>\n<\/tr>\n<tr>\n<td>EX400-5<\/td>\n<td>9129521<\/td>\n<td>1654<\/td>\n<td>1275<\/td>\n<td>129<\/td>\n<td>117<\/td>\n<td>110<\/td>\n<td>36-\u042429<\/td>\n<td>36-\u042429<\/td>\n<td>107<\/td>\n<\/tr>\n<tr>\n<td>ZX450<\/td>\n<td>9129521<\/td>\n<td>1652<\/td>\n<td>1273<\/td>\n<td>130<\/td>\n<td>120<\/td>\n<td>110<\/td>\n<td>36-\u042429<\/td>\n<td>36-\u042429<\/td>\n<td>107<\/td>\n<\/tr>\n<tr>\n<td>ZX650LCH<\/td>\n<td>6016584<\/td>\n<td>1754<\/td>\n<td>1342<\/td>\n<td>150<\/td>\n<td>130<\/td>\n<td>117<\/td>\n<td>36<\/td>\n<td>36<\/td>\n<td>97<\/td>\n<\/tr>\n<tr>\n<td>ZX800LD<\/td>\n<td>9229741<\/td>\n<td>1930<\/td>\n<td>1495<\/td>\n<td>160<\/td>\n<td>148<\/td>\n<td>135<\/td>\n<td>40<\/td>\n<td>40<\/td>\n<td>108<\/td>\n<\/tr>\n<tr>\n<td>ZX870-3<\/td>\n<td>9321216<\/td>\n<td>2040<\/td>\n<td>1595<\/td>\n<td>160<\/td>\n<td>147<\/td>\n<td>136<\/td>\n<td>41-\u042435<\/td>\n<td>48-\u042431.5<\/td>\n<td>115<\/td>\n<\/tr>\n<tr>\n<td>ZX870<\/td>\n<td>6023643<\/td>\n<td>2037<\/td>\n<td>1595<\/td>\n<td>160<\/td>\n<td>148<\/td>\n<td>136<\/td>\n<td>41<\/td>\n<td>48<\/td>\n<td>115<\/td>\n<\/tr>\n<\/tbody>\n<\/table>\n<p>\n\t\t<style type=\"text\/css\">\n\t\t\t#gallery-1 {\n\t\t\t\tmargin: auto;\n\t\t\t}\n\t\t\t#gallery-1 .gallery-item {\n\t\t\t\tfloat: left;\n\t\t\t\tmargin-top: 10px;\n\t\t\t\ttext-align: center;\n\t\t\t\twidth: 25%;\n\t\t\t}\n\t\t\t#gallery-1 img {\n\t\t\t\tborder: 2px solid #cfcfcf;\n\t\t\t}\n\t\t\t#gallery-1 .gallery-caption {\n\t\t\t\tmargin-left: 0;\n\t\t\t}\n\t\t\t\/* see gallery_shortcode() in wp-includes\/media.php *\/\n\t\t<\/style>\n\t\t<div id='gallery-1' class='gallery galleryid-4850 gallery-columns-4 gallery-size-medium'><dl class='gallery-item'>\n\t\t\t<dt class='gallery-icon landscape'>\n\t\t\t\t<a href='https:\/\/swingbearing.net\/wp-content\/uploads\/2024\/07\/111.jpg'><img decoding=\"async\" width=\"300\" height=\"200\" src=\"https:\/\/swingbearing.net\/wp-content\/uploads\/2024\/07\/111-300x200.jpg\" class=\"attachment-medium size-medium\" alt=\"CAT324D 227-6085 Swing Bearing\" aria-describedby=\"gallery-1-4460\" srcset=\"https:\/\/swingbearing.net\/wp-content\/uploads\/2024\/07\/111-300x200.jpg 300w, https:\/\/swingbearing.net\/wp-content\/uploads\/2024\/07\/111-18x12.jpg 18w, https:\/\/swingbearing.net\/wp-content\/uploads\/2024\/07\/111.jpg 600w\" sizes=\"(max-width: 300px) 100vw, 300px\" \/><\/a>\n\t\t\t<\/dt>\n\t\t\t\t<dd class='wp-caption-text gallery-caption' id='gallery-1-4460'>\n\t\t\t\tInspec\u021bia g\u0103urii\n\t\t\t\t<\/dd><\/dl><dl class='gallery-item'>\n\t\t\t<dt class='gallery-icon landscape'>\n\t\t\t\t<a href='https:\/\/swingbearing.net\/wp-content\/uploads\/2024\/07\/b8034d21.jpg'><img decoding=\"async\" width=\"300\" height=\"200\" src=\"https:\/\/swingbearing.net\/wp-content\/uploads\/2024\/07\/b8034d21-300x200.jpg\" class=\"attachment-medium size-medium\" alt=\"Inspec\u021bia g\u0103urii\" aria-describedby=\"gallery-1-4459\" srcset=\"https:\/\/swingbearing.net\/wp-content\/uploads\/2024\/07\/b8034d21-300x200.jpg 300w, https:\/\/swingbearing.net\/wp-content\/uploads\/2024\/07\/b8034d21-18x12.jpg 18w, https:\/\/swingbearing.net\/wp-content\/uploads\/2024\/07\/b8034d21.jpg 600w\" sizes=\"(max-width: 300px) 100vw, 300px\" \/><\/a>\n\t\t\t<\/dt>\n\t\t\t\t<dd class='wp-caption-text gallery-caption' id='gallery-1-4459'>\n\t\t\t\tInspec\u021bia g\u0103urii\n\t\t\t\t<\/dd><\/dl><dl class='gallery-item'>\n\t\t\t<dt class='gallery-icon landscape'>\n\t\t\t\t<a href='https:\/\/swingbearing.net\/wp-content\/uploads\/2024\/07\/00\u76f4\u8bfb\u5f0f\u5149\u8c31\u4eea.jpg'><img decoding=\"async\" width=\"300\" height=\"240\" src=\"https:\/\/swingbearing.net\/wp-content\/uploads\/2024\/07\/00\u76f4\u8bfb\u5f0f\u5149\u8c31\u4eea-300x240.jpg\" class=\"attachment-medium size-medium\" alt=\"Spectrometru cu citire direct\u0103\" aria-describedby=\"gallery-1-4483\" srcset=\"https:\/\/swingbearing.net\/wp-content\/uploads\/2024\/07\/00\u76f4\u8bfb\u5f0f\u5149\u8c31\u4eea-300x240.jpg 300w, https:\/\/swingbearing.net\/wp-content\/uploads\/2024\/07\/00\u76f4\u8bfb\u5f0f\u5149\u8c31\u4eea-768x614.jpg 768w, https:\/\/swingbearing.net\/wp-content\/uploads\/2024\/07\/00\u76f4\u8bfb\u5f0f\u5149\u8c31\u4eea-15x12.jpg 15w, https:\/\/swingbearing.net\/wp-content\/uploads\/2024\/07\/00\u76f4\u8bfb\u5f0f\u5149\u8c31\u4eea-600x480.jpg 600w, https:\/\/swingbearing.net\/wp-content\/uploads\/2024\/07\/00\u76f4\u8bfb\u5f0f\u5149\u8c31\u4eea.jpg 800w\" sizes=\"(max-width: 300px) 100vw, 300px\" \/><\/a>\n\t\t\t<\/dt>\n\t\t\t\t<dd class='wp-caption-text gallery-caption' id='gallery-1-4483'>\n\t\t\t\tSpectrometru cu citire direct\u0103\n\t\t\t\t<\/dd><\/dl><dl class='gallery-item'>\n\t\t\t<dt class='gallery-icon landscape'>\n\t\t\t\t<a href='https:\/\/swingbearing.net\/wp-content\/uploads\/2024\/07\/00\u6d1b\u6c0f\u786c\u5ea6\u8ba1.jpg'><img decoding=\"async\" width=\"300\" height=\"240\" src=\"https:\/\/swingbearing.net\/wp-content\/uploads\/2024\/07\/00\u6d1b\u6c0f\u786c\u5ea6\u8ba1-300x240.jpg\" class=\"attachment-medium size-medium\" alt=\"Duritate Rockwell\" aria-describedby=\"gallery-1-4482\" srcset=\"https:\/\/swingbearing.net\/wp-content\/uploads\/2024\/07\/00\u6d1b\u6c0f\u786c\u5ea6\u8ba1-300x240.jpg 300w, https:\/\/swingbearing.net\/wp-content\/uploads\/2024\/07\/00\u6d1b\u6c0f\u786c\u5ea6\u8ba1-768x614.jpg 768w, https:\/\/swingbearing.net\/wp-content\/uploads\/2024\/07\/00\u6d1b\u6c0f\u786c\u5ea6\u8ba1-15x12.jpg 15w, https:\/\/swingbearing.net\/wp-content\/uploads\/2024\/07\/00\u6d1b\u6c0f\u786c\u5ea6\u8ba1-600x480.jpg 600w, https:\/\/swingbearing.net\/wp-content\/uploads\/2024\/07\/00\u6d1b\u6c0f\u786c\u5ea6\u8ba1.jpg 800w\" sizes=\"(max-width: 300px) 100vw, 300px\" \/><\/a>\n\t\t\t<\/dt>\n\t\t\t\t<dd class='wp-caption-text gallery-caption' id='gallery-1-4482'>\n\t\t\t\tDuritate Rockwell\n\t\t\t\t<\/dd><\/dl><br style=\"clear: both\" \/><dl class='gallery-item'>\n\t\t\t<dt class='gallery-icon landscape'>\n\t\t\t\t<a href='https:\/\/swingbearing.net\/wp-content\/uploads\/2024\/07\/00\u6570\u63a7\u7acb\u8f66.jpg'><img decoding=\"async\" width=\"300\" height=\"240\" src=\"https:\/\/swingbearing.net\/wp-content\/uploads\/2024\/07\/00\u6570\u63a7\u7acb\u8f66-300x240.jpg\" class=\"attachment-medium size-medium\" alt=\"strung vertical CNC\" aria-describedby=\"gallery-1-4473\" srcset=\"https:\/\/swingbearing.net\/wp-content\/uploads\/2024\/07\/00\u6570\u63a7\u7acb\u8f66-300x240.jpg 300w, https:\/\/swingbearing.net\/wp-content\/uploads\/2024\/07\/00\u6570\u63a7\u7acb\u8f66-768x614.jpg 768w, https:\/\/swingbearing.net\/wp-content\/uploads\/2024\/07\/00\u6570\u63a7\u7acb\u8f66-15x12.jpg 15w, https:\/\/swingbearing.net\/wp-content\/uploads\/2024\/07\/00\u6570\u63a7\u7acb\u8f66-600x480.jpg 600w, https:\/\/swingbearing.net\/wp-content\/uploads\/2024\/07\/00\u6570\u63a7\u7acb\u8f66.jpg 800w\" sizes=\"(max-width: 300px) 100vw, 300px\" \/><\/a>\n\t\t\t<\/dt>\n\t\t\t\t<dd class='wp-caption-text gallery-caption' id='gallery-1-4473'>\n\t\t\t\tstrung vertical CNC\n\t\t\t\t<\/dd><\/dl><dl class='gallery-item'>\n\t\t\t<dt class='gallery-icon landscape'>\n\t\t\t\t<a href='https:\/\/swingbearing.net\/wp-content\/uploads\/2024\/07\/00\u6570\u63a7\u6eda\u9f7f\u673a-1.jpg'><img decoding=\"async\" width=\"300\" height=\"240\" src=\"https:\/\/swingbearing.net\/wp-content\/uploads\/2024\/07\/00\u6570\u63a7\u6eda\u9f7f\u673a-1-300x240.jpg\" class=\"attachment-medium size-medium\" alt=\"Ma\u0219in\u0103 de frezat angrenaje CNC\" aria-describedby=\"gallery-1-4472\" srcset=\"https:\/\/swingbearing.net\/wp-content\/uploads\/2024\/07\/00\u6570\u63a7\u6eda\u9f7f\u673a-1-300x240.jpg 300w, https:\/\/swingbearing.net\/wp-content\/uploads\/2024\/07\/00\u6570\u63a7\u6eda\u9f7f\u673a-1-768x614.jpg 768w, https:\/\/swingbearing.net\/wp-content\/uploads\/2024\/07\/00\u6570\u63a7\u6eda\u9f7f\u673a-1-15x12.jpg 15w, https:\/\/swingbearing.net\/wp-content\/uploads\/2024\/07\/00\u6570\u63a7\u6eda\u9f7f\u673a-1-600x480.jpg 600w, https:\/\/swingbearing.net\/wp-content\/uploads\/2024\/07\/00\u6570\u63a7\u6eda\u9f7f\u673a-1.jpg 800w\" sizes=\"(max-width: 300px) 100vw, 300px\" \/><\/a>\n\t\t\t<\/dt>\n\t\t\t\t<dd class='wp-caption-text gallery-caption' id='gallery-1-4472'>\n\t\t\t\tMa\u0219in\u0103 de frezat angrenaje CNC\n\t\t\t\t<\/dd><\/dl><dl class='gallery-item'>\n\t\t\t<dt class='gallery-icon landscape'>\n\t\t\t\t<a href='https:\/\/swingbearing.net\/wp-content\/uploads\/2024\/07\/00\u7acb\u5f0f\u52a0\u5de5\u4e2d\u5fc3.jpg'><img decoding=\"async\" width=\"300\" height=\"240\" src=\"https:\/\/swingbearing.net\/wp-content\/uploads\/2024\/07\/00\u7acb\u5f0f\u52a0\u5de5\u4e2d\u5fc3-300x240.jpg\" class=\"attachment-medium size-medium\" alt=\"Centru vertical de prelucrare\" aria-describedby=\"gallery-1-4468\" srcset=\"https:\/\/swingbearing.net\/wp-content\/uploads\/2024\/07\/00\u7acb\u5f0f\u52a0\u5de5\u4e2d\u5fc3-300x240.jpg 300w, https:\/\/swingbearing.net\/wp-content\/uploads\/2024\/07\/00\u7acb\u5f0f\u52a0\u5de5\u4e2d\u5fc3-768x614.jpg 768w, https:\/\/swingbearing.net\/wp-content\/uploads\/2024\/07\/00\u7acb\u5f0f\u52a0\u5de5\u4e2d\u5fc3-15x12.jpg 15w, https:\/\/swingbearing.net\/wp-content\/uploads\/2024\/07\/00\u7acb\u5f0f\u52a0\u5de5\u4e2d\u5fc3-600x480.jpg 600w, https:\/\/swingbearing.net\/wp-content\/uploads\/2024\/07\/00\u7acb\u5f0f\u52a0\u5de5\u4e2d\u5fc3.jpg 800w\" sizes=\"(max-width: 300px) 100vw, 300px\" \/><\/a>\n\t\t\t<\/dt>\n\t\t\t\t<dd class='wp-caption-text gallery-caption' id='gallery-1-4468'>\n\t\t\t\tCentru vertical de prelucrare\n\t\t\t\t<\/dd><\/dl><dl class='gallery-item'>\n\t\t\t<dt class='gallery-icon landscape'>\n\t\t\t\t<a href='https:\/\/swingbearing.net\/wp-content\/uploads\/2024\/07\/\u6570\u63a7\u8f66\u78e8\u673a\u5e8a.jpg'><img decoding=\"async\" width=\"300\" height=\"240\" src=\"https:\/\/swingbearing.net\/wp-content\/uploads\/2024\/07\/\u6570\u63a7\u8f66\u78e8\u673a\u5e8a-300x240.jpg\" class=\"attachment-medium size-medium\" alt=\"rulmentul de balansare\" srcset=\"https:\/\/swingbearing.net\/wp-content\/uploads\/2024\/07\/\u6570\u63a7\u8f66\u78e8\u673a\u5e8a-300x240.jpg 300w, https:\/\/swingbearing.net\/wp-content\/uploads\/2024\/07\/\u6570\u63a7\u8f66\u78e8\u673a\u5e8a-768x614.jpg 768w, https:\/\/swingbearing.net\/wp-content\/uploads\/2024\/07\/\u6570\u63a7\u8f66\u78e8\u673a\u5e8a-15x12.jpg 15w, https:\/\/swingbearing.net\/wp-content\/uploads\/2024\/07\/\u6570\u63a7\u8f66\u78e8\u673a\u5e8a-600x480.jpg 600w, https:\/\/swingbearing.net\/wp-content\/uploads\/2024\/07\/\u6570\u63a7\u8f66\u78e8\u673a\u5e8a.jpg 800w\" sizes=\"(max-width: 300px) 100vw, 300px\" \/><\/a>\n\t\t\t<\/dt><\/dl><br style=\"clear: both\" \/><dl class='gallery-item'>\n\t\t\t<dt class='gallery-icon portrait'>\n\t\t\t\t<a href='https:\/\/swingbearing.net\/wp-content\/uploads\/2024\/07\/\u5fae\u4fe1\u56fe\u7247_20240517203249.jpg'><img decoding=\"async\" width=\"293\" height=\"300\" src=\"https:\/\/swingbearing.net\/wp-content\/uploads\/2024\/07\/\u5fae\u4fe1\u56fe\u7247_20240517203249-293x300.jpg\" class=\"attachment-medium size-medium\" alt=\"CAT374F 378-9586 Swing Bearing\" srcset=\"https:\/\/swingbearing.net\/wp-content\/uploads\/2024\/07\/\u5fae\u4fe1\u56fe\u7247_20240517203249-293x300.jpg 293w, https:\/\/swingbearing.net\/wp-content\/uploads\/2024\/07\/\u5fae\u4fe1\u56fe\u7247_20240517203249-1002x1024.jpg 1002w, https:\/\/swingbearing.net\/wp-content\/uploads\/2024\/07\/\u5fae\u4fe1\u56fe\u7247_20240517203249-768x785.jpg 768w, https:\/\/swingbearing.net\/wp-content\/uploads\/2024\/07\/\u5fae\u4fe1\u56fe\u7247_20240517203249-12x12.jpg 12w, https:\/\/swingbearing.net\/wp-content\/uploads\/2024\/07\/\u5fae\u4fe1\u56fe\u7247_20240517203249-600x613.jpg 600w, https:\/\/swingbearing.net\/wp-content\/uploads\/2024\/07\/\u5fae\u4fe1\u56fe\u7247_20240517203249.jpg 1080w\" sizes=\"(max-width: 293px) 100vw, 293px\" \/><\/a>\n\t\t\t<\/dt><\/dl><dl class='gallery-item'>\n\t\t\t<dt class='gallery-icon landscape'>\n\t\t\t\t<a href='https:\/\/swingbearing.net\/wp-content\/uploads\/2024\/07\/6556401.jpg'><img decoding=\"async\" width=\"300\" height=\"293\" src=\"https:\/\/swingbearing.net\/wp-content\/uploads\/2024\/07\/6556401-300x293.jpg\" class=\"attachment-medium size-medium\" alt=\"Slewing Bearing CAT 349D 353-049\" srcset=\"https:\/\/swingbearing.net\/wp-content\/uploads\/2024\/07\/6556401-300x293.jpg 300w, https:\/\/swingbearing.net\/wp-content\/uploads\/2024\/07\/6556401-12x12.jpg 12w, https:\/\/swingbearing.net\/wp-content\/uploads\/2024\/07\/6556401-600x586.jpg 600w, https:\/\/swingbearing.net\/wp-content\/uploads\/2024\/07\/6556401.jpg 655w\" sizes=\"(max-width: 300px) 100vw, 300px\" \/><\/a>\n\t\t\t<\/dt><\/dl><dl class='gallery-item'>\n\t\t\t<dt class='gallery-icon landscape'>\n\t\t\t\t<a href='https:\/\/swingbearing.net\/wp-content\/uploads\/2024\/07\/010101-1.jpg'><img decoding=\"async\" width=\"300\" height=\"300\" src=\"https:\/\/swingbearing.net\/wp-content\/uploads\/2024\/07\/010101-1-300x300.jpg\" class=\"attachment-medium size-medium\" alt=\"CAT 385C 199-4491\" srcset=\"https:\/\/swingbearing.net\/wp-content\/uploads\/2024\/07\/010101-1-300x300.jpg 300w, https:\/\/swingbearing.net\/wp-content\/uploads\/2024\/07\/010101-1-150x150.jpg 150w, https:\/\/swingbearing.net\/wp-content\/uploads\/2024\/07\/010101-1-768x768.jpg 768w, https:\/\/swingbearing.net\/wp-content\/uploads\/2024\/07\/010101-1-12x12.jpg 12w, https:\/\/swingbearing.net\/wp-content\/uploads\/2024\/07\/010101-1-600x600.jpg 600w, https:\/\/swingbearing.net\/wp-content\/uploads\/2024\/07\/010101-1-100x100.jpg 100w, https:\/\/swingbearing.net\/wp-content\/uploads\/2024\/07\/010101-1.jpg 1000w\" sizes=\"(max-width: 300px) 100vw, 300px\" \/><\/a>\n\t\t\t<\/dt><\/dl><dl class='gallery-item'>\n\t\t\t<dt class='gallery-icon landscape'>\n\t\t\t\t<a href='https:\/\/swingbearing.net\/wp-content\/uploads\/2024\/07\/6556402.jpg'><img decoding=\"async\" width=\"300\" height=\"293\" src=\"https:\/\/swingbearing.net\/wp-content\/uploads\/2024\/07\/6556402-300x293.jpg\" class=\"attachment-medium size-medium\" alt=\"Rulment rotativ\" srcset=\"https:\/\/swingbearing.net\/wp-content\/uploads\/2024\/07\/6556402-300x293.jpg 300w, https:\/\/swingbearing.net\/wp-content\/uploads\/2024\/07\/6556402-12x12.jpg 12w, https:\/\/swingbearing.net\/wp-content\/uploads\/2024\/07\/6556402-600x586.jpg 600w, https:\/\/swingbearing.net\/wp-content\/uploads\/2024\/07\/6556402.jpg 655w\" sizes=\"(max-width: 300px) 100vw, 300px\" \/><\/a>\n\t\t\t<\/dt><\/dl><br style=\"clear: both\" \/>\n\t\t<\/div>\n<\/figure>\n<p>V\u0103 putem oferi rulmen\u021bi alternativi pentru CAT, HITACHI, KOMATSU, KOBELCO, HYUNDAI, VOLVO, DOOSAN, DAEWOO, JCB, CASE, SUMITOMO, XCMG.Exist\u0103 peste 1000 de tipuri normale \u0219i non-standard de peste 1000 de tipuri de rulmen\u021bi pentru a alege.Rulmen\u021bii no\u0219tri sunt special concepu\u021bi pentru a satisface cerin\u021bele ma\u0219inilor pentru excavatoare, oferind o performan\u021b\u0103 fiabil\u0103 \u0219i de lung\u0103 durat\u0103 \u00eentr-o gam\u0103 larg\u0103 de condi\u021bii. Indiferent dac\u0103 ave\u021bi nevoie de un rulment oscilant pentru un excavator, de un rulment cu inel de rotire sau de un rulment cu inel de rotire pentru excavator, produsele noastre sunt solu\u021bia perfect\u0103.<\/p>\n<p>Rulmen\u021bii no\u0219tri de balansare pentru excavatoare sunt fabrica\u021bi folosind materiale de \u00eenalt\u0103 calitate, asigur\u00e2nd rezisten\u021b\u0103, durabilitate \u0219i rezisten\u021b\u0103 la uzur\u0103. Inginerii no\u0219tri au petrecut nenum\u0103rate ore pentru a perfec\u021biona designul rulmen\u021bilor no\u0219tri pivotan\u021bi pentru a se asigura c\u0103 ofer\u0103 performan\u021be optime chiar \u0219i \u00een cele mai dificile condi\u021bii. Ne m\u00e2ndrim cu munca noastr\u0103 \u0219i suntem \u00eencrez\u0103tori c\u0103 ve\u021bi vedea diferen\u021ba atunci c\u00e2nd ve\u021bi alege produsele noastre.<\/p>\n<p>Oferim o gam\u0103 larg\u0103 de op\u021biuni de rulmen\u021bi pentru rulmen\u021bi oscilan\u021bi pentru excavatoare, inclusiv cele mai populare modele, cum ar fi UH025, UH045, UH063 \u0219i UH083.<br \/>\nDe asemenea, avem rulmen\u021bi pentru alte modele populare, cum ar fi EX200, EX300, EX310, ZX60, ZX70, ZA80, ZX110, ZX120, ZX200, ZX210, ZX250, ZX290, ZX330, ZX470, ZX870EX1000, EX1200, ZX225UR, ZX520, EX120-3, EX120-5, EX130H-5, ZAX110, ZAX120-6, ZAX120, UH07-7, ZAX200, ZXA210, ZAX200-3G, ZAX250-3G, ZAX200-3, ZAX200-3, ZAX200LC-3, ZAX210H-3, ZAX210LCH-3, ZAX210K-3, EX210LCH-5, ZAX225, ZX230, EX220-2, EX220-3, EX220-5, EX270-5, EX230H-3, EX280H-5, ZAX240H, ZAX240LCH, ZAX240K, ZAX250, ZAX270, ZAX280LC, EX290LCH-5, EX300-1, EX300-2, EX300H-2, EX300-3, EX300-3C, EX300H-3, EX310H-3C, EX310LCH-3C, ZAX330, EX350, ZXA360, ZAX450-6, EX100-5, EX110-5 \u0219i EX120-2.<\/p>\n<p>Rulmen\u021bii no\u0219tri de balansare pentru excavatoare \u0219i angrenajele de rotire pentru excavatoare sunt, de asemenea, disponibile pentru cei care au nevoie de ele, asigur\u00e2ndu-v\u0103 c\u0103 ave\u021bi tot ceea ce v\u0103 trebuie pentru a v\u0103 men\u021bine utilajul \u00een bun\u0103 stare de func\u021bionare.<\/p>","protected":false},"excerpt":{"rendered":"<p><strong><b>Partea<\/b><\/strong> #: 9229741<br \/>\n<strong><b>Face\u021bi<\/b><\/strong>: HITACHI<br \/>\n<strong><b>Model<\/b><\/strong>:ZX800LD<br \/>\n<strong><b>Stare<\/b><\/strong>: New<\/p>","protected":false},"featured_media":3040,"template":"","meta":[],"product_brand":[],"product_cat":[65,22],"product_tag":[46],"class_list":{"0":"post-4850","1":"product","2":"type-product","3":"status-publish","4":"has-post-thumbnail","6":"product_cat-hitachi-excavator-swing-bearing","7":"product_cat-swing-bearing","8":"product_tag-slewing-bearing","10":"first","11":"instock","12":"shipping-taxable","13":"product-type-simple"},"_links":{"self":[{"href":"https:\/\/swingbearing.net\/ro\/wp-json\/wp\/v2\/product\/4850","targetHints":{"allow":["GET"]}}],"collection":[{"href":"https:\/\/swingbearing.net\/ro\/wp-json\/wp\/v2\/product"}],"about":[{"href":"https:\/\/swingbearing.net\/ro\/wp-json\/wp\/v2\/types\/product"}],"wp:featuredmedia":[{"embeddable":true,"href":"https:\/\/swingbearing.net\/ro\/wp-json\/wp\/v2\/media\/3040"}],"wp:attachment":[{"href":"https:\/\/swingbearing.net\/ro\/wp-json\/wp\/v2\/media?parent=4850"}],"wp:term":[{"taxonomy":"product_brand","embeddable":true,"href":"https:\/\/swingbearing.net\/ro\/wp-json\/wp\/v2\/product_brand?post=4850"},{"taxonomy":"product_cat","embeddable":true,"href":"https:\/\/swingbearing.net\/ro\/wp-json\/wp\/v2\/product_cat?post=4850"},{"taxonomy":"product_tag","embeddable":true,"href":"https:\/\/swingbearing.net\/ro\/wp-json\/wp\/v2\/product_tag?post=4850"}],"curies":[{"name":"wp","href":"https:\/\/api.w.org\/{rel}","templated":true}]}}