{"id":4245,"date":"2024-06-17T08:50:33","date_gmt":"2024-06-17T08:50:33","guid":{"rendered":"https:\/\/swingbearing.net\/?post_type=product&#038;p=4245"},"modified":"2024-06-22T06:55:05","modified_gmt":"2024-06-22T06:55:05","slug":"hydraulic-pump-708-2h-00440-708-2l-00610-for-komatsu-pc1250-7","status":"publish","type":"product","link":"https:\/\/swingbearing.net\/ro\/product\/hydraulic-pump-708-2h-00440-708-2l-00610-for-komatsu-pc1250-7\/","title":{"rendered":"Pomp\u0103 hidraulic\u0103 708-2L-00680,708-2H-00440,708-2L-00610 pentru Komatsu PC1250-7 PC1250-8"},"content":{"rendered":"<h3 class=\"wp-block-heading\"><strong>Descrierea produsului<\/strong><\/h3>\r\n\r\n\r\n<hr class=\"wp-block-separator has-alpha-channel-opacity\" \/>\r\n\r\n\r\n<h2 class=\"wp-block-heading\">708-2L-00680, 708-2H-00440, 708-2L-00610 Pompa principal\u0103 hidraulic\u0103 se potrive\u0219te pentru Komatsu PC1250-7 PC1250-8<\/h2>\r\n<p><img decoding=\"async\" class=\"wp-image-4229 size-full\" src=\"https:\/\/swingbearing.net\/wp-content\/uploads\/2024\/06\/pc1250-7-8-1.jpg\" alt=\"pomp\u0103 hidraulic\u0103\" width=\"869\" height=\"812\" srcset=\"https:\/\/swingbearing.net\/wp-content\/uploads\/2024\/06\/pc1250-7-8-1.jpg 869w, https:\/\/swingbearing.net\/wp-content\/uploads\/2024\/06\/pc1250-7-8-1-300x280.jpg 300w, https:\/\/swingbearing.net\/wp-content\/uploads\/2024\/06\/pc1250-7-8-1-768x718.jpg 768w, https:\/\/swingbearing.net\/wp-content\/uploads\/2024\/06\/pc1250-7-8-1-13x12.jpg 13w, https:\/\/swingbearing.net\/wp-content\/uploads\/2024\/06\/pc1250-7-8-1-600x561.jpg 600w\" sizes=\"(max-width: 869px) 100vw, 869px\" \/><\/p>\r\n<h3 class=\"wp-block-heading\">Importan\u021ba pompei hidraulice PC1250<\/h3>\r\n<h3>\r\n\r\n<\/h3>\r\n<p>Pompele principale hidraulice sunt inima sistemului hidraulic al unui excavator, convertind energia mecanic\u0103 \u00een energie hidraulic\u0103. Aceast\u0103 energie este apoi utilizat\u0103 pentru a ac\u021biona diverse func\u021bii, cum ar fi mi\u0219carea bra\u021bului, a bra\u021bului, a cupei \u0219i a altor ata\u0219amente. F\u0103r\u0103 o pomp\u0103 principal\u0103 hidraulic\u0103 care func\u021bioneaz\u0103 corect, performan\u021ba unui excavator poate fi grav compromis\u0103, ceea ce duce la sc\u0103derea eficien\u021bei \u0219i cre\u0219terea timpilor mor\u021bi.<\/p>\r\n<h3 class=\"wp-block-heading\">Examinarea detaliat\u0103 a pompelor principale hidraulice Komatsu<\/h3>\r\n\r\n\r\n\r\n<p>Pompele principale hidraulice Komatsu cu numerele de pies\u0103 708-2L-00680 ,708-2H-00440 \u0219i 708-2L-00610 sunt proiectate special pentru a se potrivi modelelor Komatsu PC1250-7 \u0219i PC1250-8. Aceste pompe sunt proiectate pentru a satisface cerin\u021bele ridicate ale opera\u021biunilor grele de construc\u021bii \u0219i miniere.<\/p>\r\n\r\n\r\n\r\n<h4 class=\"wp-block-heading\">708-2L-00680 Pompa principal\u0103 hidraulic\u0103<\/h4>\r\n\r\n\r\n\r\n<p>Pompa principal\u0103 hidraulic\u0103 708-2L-00680 este cunoscut\u0103 pentru designul robust \u0219i fiabilitatea sa. Este proiectat\u0103 pentru a face fa\u021b\u0103 cerin\u021belor intense de presiune \u0219i debit ale Komatsu PC1250. Acest model asigur\u0103 o livrare lin\u0103 \u0219i eficient\u0103 a puterii hidraulice, contribuind la performan\u021ba general\u0103 \u0219i longevitatea excavatorului.<\/p>\r\n\r\n\r\n\r\n<h4 class=\"wp-block-heading\">708-2H-00440 Pompa principal\u0103 hidraulic\u0103<\/h4>\r\n\r\n\r\n\r\n<p>La fel ca 708-2L-00680, pompa principal\u0103 hidraulic\u0103 708-2H-00440 este proiectat\u0103 pentru modelele Komatsu PC1250-7 \u0219i PC1250-8. Aceast\u0103 pomp\u0103 ofer\u0103 durabilitate \u0219i performan\u021be sporite, fiind ideal\u0103 pentru aplica\u021bii grele. Dispune de tehnologie hidraulic\u0103 avansat\u0103 care asigur\u0103 un control precis \u0219i o distribu\u021bie eficient\u0103 a puterii.<\/p>\r\n\r\n\r\n\r\n<h4 class=\"wp-block-heading\">708-2L-00610 Pompa principal\u0103 hidraulic\u0103<\/h4>\r\n\r\n\r\n\r\n<p>Pompa principal\u0103 hidraulic\u0103 708-2L-00610 este o alt\u0103 component\u0103 vital\u0103 pentru seria Komatsu PC1250. Aceasta este construit\u0103 pentru a rezista rigorilor func\u021bion\u0103rii continue \u00een medii dificile. Aceast\u0103 pomp\u0103 asigur\u0103 o putere hidraulic\u0103 constant\u0103, asigur\u00e2ndu-se c\u0103 excavatorul poate efectua cu u\u0219urin\u021b\u0103 sarcini solicitante.<\/p>\r\n<h2 class=\"wp-block-heading\">\u00centre\u021binere \u0219i depanare<\/h2>\r\n\r\n\r\n\r\n<h3 class=\"wp-block-heading\">\u00centre\u021binerea de rutin\u0103<\/h3>\r\n\r\n\r\n\r\n<p>\u00centre\u021binerea corespunz\u0103toare este esen\u021bial\u0103 pentru a asigura longevitatea \u0219i performan\u021ba pompelor principale hidraulice 708-2L-00680 ,708-2H-00440\u0219i 708-2L-00610 . Inspec\u021bia \u0219i \u00eentre\u021binerea regulat\u0103 pot preveni eventualele probleme \u0219i pot prelungi durata de via\u021b\u0103 a pompelor.<\/p>\r\n\r\n\r\n\r\n<h4 class=\"wp-block-heading\">Sfaturi de inspec\u021bie<\/h4>\r\n\r\n\r\n\r\n<ul class=\"wp-block-list\">\r\n<li><strong>Verifica\u021bi dac\u0103 exist\u0103 scurgeri:<\/strong> Inspecta\u021bi periodic pompa \u0219i conductele hidraulice pentru a depista orice semne de scurgeri.<\/li>\r\n\r\n\r\n\r\n<li><strong>Monitoriza\u021bi nivelurile de presiune:<\/strong> Asigura\u021bi-v\u0103 c\u0103 sistemul hidraulic men\u021bine nivelurile corecte de presiune.<\/li>\r\n\r\n\r\n\r\n<li><strong>Cur\u0103\u021ba\u021bi filtrele:<\/strong> \u00cenlocui\u021bi sau cur\u0103\u021ba\u021bi filtrele hidraulice ca parte a \u00eentre\u021binerii de rutin\u0103 pentru a preveni contaminarea.<\/li>\r\n<\/ul>\r\n\r\n\r\n\r\n<h3 class=\"wp-block-heading\">Depanarea problemelor comune<\/h3>\r\n\r\n\r\n\r\n<p>Chiar \u0219i cu o \u00eentre\u021binere regulat\u0103, pompele principale hidraulice pot \u00eent\u00e2mpina probleme. \u00cen\u021belegerea problemelor comune \u0219i a solu\u021biilor acestora poate ajuta la minimizarea timpilor mor\u021bi.<\/p>\r\n\r\n\r\n\r\n<h4 class=\"wp-block-heading\">Presiune hidraulic\u0103 sc\u0103zut\u0103<\/h4>\r\n\r\n\r\n\r\n<ul class=\"wp-block-list\">\r\n<li><strong>Cauze posibile:<\/strong> Filtre \u00eenfundate, componente ale pompei uzate sau scurgeri de lichid hidraulic.<\/li>\r\n\r\n\r\n\r\n<li><strong>Solu\u021bii:<\/strong> \u00cenlocui\u021bi sau cur\u0103\u021ba\u021bi filtrele, inspecta\u021bi \u0219i \u00eenlocui\u021bi componentele uzate \u0219i remedia\u021bi eventualele scurgeri.<\/li>\r\n<\/ul>\r\n\r\n\r\n\r\n<h4 class=\"wp-block-heading\">Supra\u00eenc\u0103lzire<\/h4>\r\n\r\n\r\n\r\n<ul class=\"wp-block-list\">\r\n<li><strong>Cauze posibile:<\/strong> Lichid hidraulic insuficient, sarcin\u0103 excesiv\u0103 sau defec\u021biune a sistemului de r\u0103cire.<\/li>\r\n\r\n\r\n\r\n<li><strong>Solu\u021bii:<\/strong> Verifica\u021bi \u0219i reumple\u021bi lichidul hidraulic, reduce\u021bi sarcina \u0219i asigura\u021bi-v\u0103 c\u0103 sistemul de r\u0103cire func\u021bioneaz\u0103 corect.<\/li>\r\n<\/ul>\r\n\r\n\r\n\r\n<h4 class=\"wp-block-heading\">Func\u021bionare zgomotoas\u0103<\/h4>\r\n\r\n\r\n\r\n<ul class=\"wp-block-list\">\r\n<li><strong>Cauze posibile:<\/strong> Aer \u00een sistemul hidraulic, rulmen\u021bi uza\u021bi sau cavitare.<\/li>\r\n\r\n\r\n\r\n<li><strong>Solu\u021bii:<\/strong> Purja\u021bi aerul din sistem, \u00eenlocui\u021bi rulmen\u021bii uza\u021bi \u0219i verifica\u021bi dac\u0103 exist\u0103 probleme de cavitare.<\/li>\r\n<\/ul>\r\n\r\n\r\n<hr class=\"wp-block-separator has-alpha-channel-opacity\" \/>\r\n\r\n\r\n<h2 class=\"wp-block-heading\">Concluzie<\/h2>\r\n\r\n\r\n\r\n<h3 class=\"wp-block-heading\">Rezumat al punctelor cheie<\/h3>\r\n\r\n\r\n\r\n<p>Pompele principale hidraulice 708-2L-00680 ,708-2H-00440 \u0219i 708-2L-00610 sunt componente esen\u021biale pentru excavatoarele Komatsu PC1250-7 \u0219i PC1250-8. Aceste pompe sunt concepute pentru a furniza energie hidraulic\u0103 fiabil\u0103 \u0219i eficient\u0103, asigur\u00e2nd performan\u021be optime \u00een aplica\u021bii solicitante de construc\u021bii \u0219i minerit. \u00centre\u021binerea regulat\u0103 \u0219i \u00een\u021belegerea tehnicilor comune de depanare pot spori \u0219i mai mult longevitatea \u0219i performan\u021ba acestor pompe.<\/p>\r\n\r\n\r\n\r\n\r\n\r\n<p><br \/><strong>V\u0103 rug\u0103m s\u0103 fi\u021bi siguri c\u0103 pompele noastre hidraulice sunt fabricate din materiale de cea mai \u00eenalt\u0103 calitate \u0219i sunt supuse unor teste riguroase pentru a asigura durabilitatea \u0219i longevitatea. Datorit\u0103 performan\u021bei \u0219i fiabilit\u0103\u021bii sale remarcabile, aceast\u0103 pomp\u0103 hidraulic\u0103 este o alegere de \u00eencredere pentru industria global\u0103.<\/strong><br \/><strong>Alege\u021bi pompa noastr\u0103 hidraulic\u0103 pentru urm\u0103torul dvs. proiect \u0219i experimenta\u021bi puterea \u0219i eficien\u021ba de neegalat pe care le aduce opera\u021biunilor dvs. Investi\u021bi \u00een calitatea \u0219i fiabilitatea pompelor noastre hidraulice de top.\u00a0\u00a0<\/strong><\/p>","protected":false},"excerpt":{"rendered":"<p><strong><b>Partea<\/b><\/strong> #: 708-2L-00680 ,708-2H-00440 708-2L-00610<br \/><strong><b>Face\u021bi<\/b><\/strong>:Komatsu <br \/><strong><b>Model<\/b><\/strong>: PC1250-7 PC1250-8<br \/><strong><b>Stare<\/b><\/strong>: New<\/p>","protected":false},"featured_media":4233,"template":"","meta":[],"product_brand":[],"product_cat":[382],"product_tag":[],"class_list":{"0":"post-4245","1":"product","2":"type-product","3":"status-publish","4":"has-post-thumbnail","6":"product_cat-komatsu-hydraulic-pumps","8":"first","9":"instock","10":"shipping-taxable","11":"product-type-simple"},"_links":{"self":[{"href":"https:\/\/swingbearing.net\/ro\/wp-json\/wp\/v2\/product\/4245","targetHints":{"allow":["GET"]}}],"collection":[{"href":"https:\/\/swingbearing.net\/ro\/wp-json\/wp\/v2\/product"}],"about":[{"href":"https:\/\/swingbearing.net\/ro\/wp-json\/wp\/v2\/types\/product"}],"wp:featuredmedia":[{"embeddable":true,"href":"https:\/\/swingbearing.net\/ro\/wp-json\/wp\/v2\/media\/4233"}],"wp:attachment":[{"href":"https:\/\/swingbearing.net\/ro\/wp-json\/wp\/v2\/media?parent=4245"}],"wp:term":[{"taxonomy":"product_brand","embeddable":true,"href":"https:\/\/swingbearing.net\/ro\/wp-json\/wp\/v2\/product_brand?post=4245"},{"taxonomy":"product_cat","embeddable":true,"href":"https:\/\/swingbearing.net\/ro\/wp-json\/wp\/v2\/product_cat?post=4245"},{"taxonomy":"product_tag","embeddable":true,"href":"https:\/\/swingbearing.net\/ro\/wp-json\/wp\/v2\/product_tag?post=4245"}],"curies":[{"name":"wp","href":"https:\/\/api.w.org\/{rel}","templated":true}]}}