{"id":4088,"date":"2024-06-11T04:10:04","date_gmt":"2024-06-11T04:10:04","guid":{"rendered":"https:\/\/swingbearing.net\/product\/dx300lca-excavator-swing-bearing-140109-00010a-slewing-ring\/"},"modified":"2024-06-12T02:22:52","modified_gmt":"2024-06-12T02:22:52","slug":"dx300lca-excavator-swing-bearing-140109-00010a-slewing-ring","status":"publish","type":"product","link":"https:\/\/swingbearing.net\/ro\/product\/dx300lca-excavator-swing-bearing-140109-00010a-slewing-ring\/","title":{"rendered":"Rulment de oscila\u021bie 140109-00010A pentru Doosan Dx300LCA"},"content":{"rendered":"<figure class=\"wp-block-table\" style=\"font-size: 12px;\">\r\n<h2 style=\"text-align: center;\">\u00cenlocuirea rulmentului Doosan Swing<\/h2>\r\n<table>\r\n<tbody>\r\n<tr>\r\n<td>Model<\/td>\r\n<td>Num\u0103r de piese<\/td>\r\n<td>Diametrul exterior<\/td>\r\n<td>Diametrul interior<\/td>\r\n<td>\u00cen\u0103l\u021bime total\u0103<\/td>\r\n<td>\u00cen\u0103l\u021bime exterioar\u0103<\/td>\r\n<td>\u00cen\u0103l\u021bime interioar\u0103<\/td>\r\n<td>Parametrii g\u0103urii exterioare<\/td>\r\n<td>Parametrii g\u0103urii interioare<\/td>\r\n<td>Num\u0103rul de din\u021bi<\/td>\r\n<\/tr>\r\n<tr>\r\n<td>S140LC-V<\/td>\r\n<td>109-00165<\/td>\r\n<td>1202<\/td>\r\n<td>945<\/td>\r\n<td>84<\/td>\r\n<td>75<\/td>\r\n<td>70<\/td>\r\n<td>36-\u042422<\/td>\r\n<td>36-M20<\/td>\r\n<td>80<\/td>\r\n<\/tr>\r\n<tr>\r\n<td>DX225<\/td>\r\n<td>109-00162<\/td>\r\n<td>1327<\/td>\r\n<td>1082<\/td>\r\n<td>110<\/td>\r\n<td>90<\/td>\r\n<td>95<\/td>\r\n<td>36<\/td>\r\n<td>36<\/td>\r\n<td>92<\/td>\r\n<\/tr>\r\n<tr>\r\n<td>DX225<\/td>\r\n<td>109-00162A<\/td>\r\n<td>1327<\/td>\r\n<td>1082<\/td>\r\n<td>110<\/td>\r\n<td>90<\/td>\r\n<td>95<\/td>\r\n<td>36-\u03c621<\/td>\r\n<td>36-M20*1.5<\/td>\r\n<td>92<\/td>\r\n<\/tr>\r\n<tr>\r\n<td>DX225LC<\/td>\r\n<td>109-00162<\/td>\r\n<td>1327<\/td>\r\n<td>1082<\/td>\r\n<td>110<\/td>\r\n<td>90<\/td>\r\n<td>95<\/td>\r\n<td>36-\u03c621<\/td>\r\n<td>36-M20*1.5<\/td>\r\n<td>92<\/td>\r\n<\/tr>\r\n<tr>\r\n<td>DX225LCA<\/td>\r\n<td>109-00162A<\/td>\r\n<td>1327<\/td>\r\n<td>1082<\/td>\r\n<td>110<\/td>\r\n<td>90<\/td>\r\n<td>95<\/td>\r\n<td>36-\u03c621<\/td>\r\n<td>36-M20*1.5<\/td>\r\n<td>92<\/td>\r\n<\/tr>\r\n<tr>\r\n<td>DX225LCA<\/td>\r\n<td>140109-00048A<\/td>\r\n<td>1327<\/td>\r\n<td>1082<\/td>\r\n<td>110<\/td>\r\n<td>90<\/td>\r\n<td>95<\/td>\r\n<td>36-\u03c621<\/td>\r\n<td>36-M20*1.5<\/td>\r\n<td>92<\/td>\r\n<\/tr>\r\n<tr>\r\n<td>S225NLC<\/td>\r\n<td>140109-00045<\/td>\r\n<td>1327<\/td>\r\n<td>1082<\/td>\r\n<td>110<\/td>\r\n<td>90<\/td>\r\n<td>95<\/td>\r\n<td>36-\u03c621<\/td>\r\n<td>36-M20*1.5<\/td>\r\n<td>92<\/td>\r\n<\/tr>\r\n<tr>\r\n<td>SL220LC-V<\/td>\r\n<td>109-00052<\/td>\r\n<td>1328<\/td>\r\n<td>1084<\/td>\r\n<td>110<\/td>\r\n<td>91<\/td>\r\n<td>95<\/td>\r\n<td>36-\u03c621<\/td>\r\n<td>36-M20*1.5<\/td>\r\n<td>92<\/td>\r\n<\/tr>\r\n<tr>\r\n<td>225NLC-V<\/td>\r\n<td>109-00052B<\/td>\r\n<td>1328<\/td>\r\n<td>1084<\/td>\r\n<td>110<\/td>\r\n<td>91<\/td>\r\n<td>95<\/td>\r\n<td>36-\u03c621<\/td>\r\n<td>36-M20*1.5<\/td>\r\n<td>92<\/td>\r\n<\/tr>\r\n<tr>\r\n<td>225NLC-V<\/td>\r\n<td>140109-00045<\/td>\r\n<td>1328<\/td>\r\n<td>1084<\/td>\r\n<td>110<\/td>\r\n<td>91<\/td>\r\n<td>95<\/td>\r\n<td>36-\u03c621<\/td>\r\n<td>36-M20*1.5<\/td>\r\n<td>92<\/td>\r\n<\/tr>\r\n<tr>\r\n<td>255LC-V<\/td>\r\n<td>109-00030B<\/td>\r\n<td>1410<\/td>\r\n<td>1131<\/td>\r\n<td>117<\/td>\r\n<td>89<\/td>\r\n<td>105<\/td>\r\n<td>35-\u03c625<\/td>\r\n<td>36-M24*2<\/td>\r\n<td>82<\/td>\r\n<\/tr>\r\n<tr>\r\n<td>255LC-V<\/td>\r\n<td>180-00297D3<\/td>\r\n<td>1410<\/td>\r\n<td>1131<\/td>\r\n<td>117<\/td>\r\n<td>89<\/td>\r\n<td>105<\/td>\r\n<td>35-\u03c625<\/td>\r\n<td>36-M24*2<\/td>\r\n<td>82<\/td>\r\n<\/tr>\r\n<tr>\r\n<td>255lc-v<\/td>\r\n<td>140109-00042<\/td>\r\n<td>1410<\/td>\r\n<td>1131<\/td>\r\n<td>117<\/td>\r\n<td>89<\/td>\r\n<td>105<\/td>\r\n<td>35-\u03c625<\/td>\r\n<td>36-M24*2<\/td>\r\n<td>82<\/td>\r\n<\/tr>\r\n<tr>\r\n<td>255lc-v<\/td>\r\n<td>140109-00043<\/td>\r\n<td>1410<\/td>\r\n<td>1131<\/td>\r\n<td>117<\/td>\r\n<td>89<\/td>\r\n<td>105<\/td>\r\n<td>35-\u03c625<\/td>\r\n<td>36-M24*2<\/td>\r\n<td>82<\/td>\r\n<\/tr>\r\n<tr>\r\n<td>Dx300LCA<\/td>\r\n<td>140109-00010A<\/td>\r\n<td>1475<\/td>\r\n<td>1165<\/td>\r\n<td>120<\/td>\r\n<td>90<\/td>\r\n<td>110<\/td>\r\n<td>35<\/td>\r\n<td>36<\/td>\r\n<td>85<\/td>\r\n<\/tr>\r\n<tr>\r\n<td>S340<\/td>\r\n<td>140109-00038<\/td>\r\n<td>1544<\/td>\r\n<td>1235<\/td>\r\n<td>122<\/td>\r\n<td>87<\/td>\r\n<td>110<\/td>\r\n<td>35-\u03c626<\/td>\r\n<td>40-M24<\/td>\r\n<td>90<\/td>\r\n<\/tr>\r\n<tr>\r\n<td>S340LC-V<\/td>\r\n<td>140109-00038<\/td>\r\n<td>1544<\/td>\r\n<td>1235<\/td>\r\n<td>122<\/td>\r\n<td>87<\/td>\r\n<td>110<\/td>\r\n<td>35-\u03c626<\/td>\r\n<td>40-M24<\/td>\r\n<td>90<\/td>\r\n<\/tr>\r\n<tr>\r\n<td>S340LC-V<\/td>\r\n<td>2109-1059a<\/td>\r\n<td>1544<\/td>\r\n<td>1235<\/td>\r\n<td>122<\/td>\r\n<td>87<\/td>\r\n<td>110<\/td>\r\n<td>35-\u03c626<\/td>\r\n<td>40-M24<\/td>\r\n<td>90<\/td>\r\n<\/tr>\r\n<tr>\r\n<td>DOOSAN 420<\/td>\r\n<td>140109-00039<\/td>\r\n<td>1549<\/td>\r\n<td>1235<\/td>\r\n<td>134<\/td>\r\n<td>103<\/td>\r\n<td>120<\/td>\r\n<td>35-\u03c626<\/td>\r\n<td>40-M24<\/td>\r\n<td>90<\/td>\r\n<\/tr>\r\n<tr>\r\n<td>S420LC-V<\/td>\r\n<td>109-00161<\/td>\r\n<td>1550<\/td>\r\n<td>1235<\/td>\r\n<td>135<\/td>\r\n<td>102<\/td>\r\n<td>120<\/td>\r\n<td>35-\u03c626<\/td>\r\n<td>40-M24<\/td>\r\n<td>90<\/td>\r\n<\/tr>\r\n<tr>\r\n<td>DX420LC<\/td>\r\n<td>140109-00007A<\/td>\r\n<td>1550<\/td>\r\n<td>1236<\/td>\r\n<td>132<\/td>\r\n<td>103<\/td>\r\n<td>120<\/td>\r\n<td>35<\/td>\r\n<td>40<\/td>\r\n<td>90<\/td>\r\n<\/tr>\r\n<tr>\r\n<td>470<\/td>\r\n<td>109-00159<\/td>\r\n<td>1682<\/td>\r\n<td>1320<\/td>\r\n<td>139<\/td>\r\n<td>118<\/td>\r\n<td>111<\/td>\r\n<td>44<\/td>\r\n<td>44<\/td>\r\n<td>111<\/td>\r\n<\/tr>\r\n<\/tbody>\r\n<\/table>\r\n<\/figure>\r\n\r\n\r\n\r\n<h3 class=\"wp-block-heading\"><\/h3>\r\n<p>Excavatoarele sunt esen\u021biale \u00een construc\u021bii, minerit \u0219i silvicultur\u0103. O component\u0103 cheie care asigur\u0103 func\u021bionarea eficient\u0103 a acestora este rulmentul oscilant. Acest articol exploreaz\u0103 importan\u021ba, structura, tipurile, \u00eentre\u021binerea \u0219i problemele comune ale rulmen\u021bilor oscilan\u021bi pentru excavatoare.<\/p>\r\n<h3 class=\"wp-block-heading\"><\/h3>\r\n\r\n<h2 class=\"wp-block-heading\">\u00cen\u021belegerea rulmen\u021bilor oscilan\u021bi pentru excavatoare<\/h2>\r\n<h3 class=\"wp-block-heading\"><\/h3>\r\n\r\n<p>Un rulment oscilant pentru excavator, cunoscut \u0219i sub numele de inel de rotire, rulment de rotire, permite structurii superioare s\u0103 se roteasc\u0103 la 360 de grade. Aceast\u0103 rota\u021bie este crucial\u0103 pentru s\u0103parea, deplasarea \u0219i desc\u0103rcarea materialelor. Rulmentul suport\u0103 sarcini axiale, radiale \u0219i de moment, ceea ce \u00eel face vital pentru ma\u0219in\u0103.<\/p>\r\n<h3 class=\"wp-block-heading\"><\/h3>\r\n\r\n<h2 class=\"wp-block-heading\">Structura unui rulment de leag\u0103n pentru excavator<\/h2>\r\n<h3 class=\"wp-block-heading\"><\/h3>\r\n\r\n<p>Un rulment de rotire pentru excavator este format din:<\/p>\r\n<h3 class=\"wp-block-heading\"><\/h3>\r\n\r\n<ul class=\"wp-block-list\">\r\n<li style=\"list-style-type: none;\">\r\n<ul>\r\n<li>Inele interioare \u0219i exterioare: Fabricat din o\u021bel de \u00eenalt\u0103 rezisten\u021b\u0103 pentru a rezista la sarcini grele.<\/li>\r\n<\/ul>\r\n<\/li>\r\n<\/ul>\r\n\r\n\r\n\r\n<ul>\r\n<li style=\"list-style-type: none;\">\r\n<ul>\r\n<li>Elemente de rulare: Bile sau role care faciliteaz\u0103 o rota\u021bie lin\u0103.<\/li>\r\n<\/ul>\r\n<\/li>\r\n<\/ul>\r\n\r\n\r\n\r\n<ul>\r\n<li style=\"list-style-type: none;\">\r\n<ul>\r\n<li>Cu\u0219ti: P\u0103stra\u021bi elementele de rulare la distan\u021be egale.<\/li>\r\n<\/ul>\r\n<\/li>\r\n<\/ul>\r\n\r\n\r\n\r\n<ul>\r\n<li style=\"list-style-type: none;\">\r\n<ul>\r\n<li>Garnituri: Proteja\u021bi rulmentul de murd\u0103rie, ap\u0103 \u0219i resturi.<\/li>\r\n<\/ul>\r\n<\/li>\r\n<\/ul>\r\n\r\n<h3 class=\"wp-block-heading\"><\/h3>\r\n\r\n<h2 class=\"wp-block-heading\">Tipuri de rulmen\u021bi de rotire pentru excavatoare<\/h2>\r\n<h3 class=\"wp-block-heading\"><\/h3>\r\n\r\n<h4 class=\"wp-block-heading\">Rulmen\u021bii de rotire sunt disponibili \u00een diferite modele:<\/h4>\r\n<h3 class=\"wp-block-heading\"><\/h3>\r\n\r\n<ul class=\"wp-block-list\">\r\n<li style=\"list-style-type: none;\">\r\n<ul>\r\n<li>Rulmen\u021bi cu bile cu un singur r\u00e2nd: Echilibreaz\u0103 capacitatea de \u00eenc\u0103rcare \u0219i viteza de rota\u021bie.<\/li>\r\n<\/ul>\r\n<\/li>\r\n<\/ul>\r\n\r\n\r\n\r\n<ul>\r\n<li style=\"list-style-type: none;\">\r\n<ul>\r\n<li>Rulmen\u021bi cu bile cu dou\u0103 r\u00e2nduri: Ofer\u0103 capacit\u0103\u021bi de \u00eenc\u0103rcare mai mari pentru excavatoare mai mari.<\/li>\r\n<\/ul>\r\n<\/li>\r\n<\/ul>\r\n\r\n\r\n\r\n<ul>\r\n<li style=\"list-style-type: none;\">\r\n<ul>\r\n<li>Rulmen\u021bi cu role \u00eencruci\u0219ate: Suport\u0103 simultan sarcini axiale \u0219i radiale mari.<\/li>\r\n<\/ul>\r\n<\/li>\r\n<\/ul>\r\n\r\n\r\n\r\n<ul>\r\n<li style=\"list-style-type: none;\">\r\n<ul>\r\n<li>Rulmen\u021bi cu role cu trei r\u00e2nduri: Ofer\u0103 o capacitate de \u00eenc\u0103rcare maxim\u0103 pentru excavatoarele robuste.<\/li>\r\n<\/ul>\r\n<\/li>\r\n<\/ul>\r\n\r\n<h3 class=\"wp-block-heading\"><\/h3>\r\n\r\n<h2 class=\"wp-block-heading\">Importan\u021ba rulmen\u021bilor de rotire \u00een excavatoare<\/h2>\r\n<h3 class=\"wp-block-heading\"><\/h3>\r\n\r\n<p>Rulmen\u021bii de rota\u021bie asigur\u0103 o distribu\u021bie uniform\u0103 a sarcinii, men\u021bin\u00e2nd integritatea structural\u0103 a excavatoarelor. Ace\u0219tia permit o rota\u021bie la 360 de grade, sporind eficien\u021ba opera\u021bional\u0103 \u00een spa\u021bii restr\u00e2nse. Durabilitatea lor reduce timpii mor\u021bi \u0219i costurile de \u00eentre\u021binere.<\/p>\r\n<h3 class=\"wp-block-heading\"><\/h3>\r\n\r\n<h2 class=\"wp-block-heading\">\u00centre\u021binerea rulmen\u021bilor de rotire a excavatorului<\/h2>\r\n<h3 class=\"wp-block-heading\"><\/h3>\r\n\r\n<h4 class=\"wp-block-heading\">\u00centre\u021binerea adecvat\u0103 include:<\/h4>\r\n<h3 class=\"wp-block-heading\"><\/h3>\r\n\r\n<ul class=\"wp-block-list\">\r\n<li style=\"list-style-type: none;\">\r\n<ul>\r\n<li>Inspec\u021bii periodice: Verifica\u021bi dac\u0103 exist\u0103 uzur\u0103, coroziune sau deterior\u0103ri.<\/li>\r\n<\/ul>\r\n<\/li>\r\n<\/ul>\r\n\r\n\r\n\r\n<ul>\r\n<li style=\"list-style-type: none;\">\r\n<ul>\r\n<li>Lubrifiere: Reduce frecarea \u0219i previne uzura.<\/li>\r\n<\/ul>\r\n<\/li>\r\n<\/ul>\r\n\r\n\r\n\r\n<ul>\r\n<li style=\"list-style-type: none;\">\r\n<ul>\r\n<li>Integritatea sigiliului: Asigura\u021bi-v\u0103 c\u0103 sigiliile sunt intacte pentru a preveni contaminarea.<\/li>\r\n<\/ul>\r\n<\/li>\r\n<\/ul>\r\n\r\n\r\n\r\n<ul>\r\n<li style=\"list-style-type: none;\">\r\n<ul>\r\n<li>Gestionarea sarcinii: Evita\u021bi supra\u00eenc\u0103rcarea excavatorului.<\/li>\r\n<\/ul>\r\n<\/li>\r\n<\/ul>\r\n\r\n\r\n\r\n<ul>\r\n<li style=\"list-style-type: none;\">\r\n<ul>\r\n<li>Aliniere: Asigura\u021bi-v\u0103 c\u0103 alinierea este corect\u0103 pentru a preveni uzura neuniform\u0103.<\/li>\r\n<\/ul>\r\n<\/li>\r\n<\/ul>\r\n\r\n<h3 class=\"wp-block-heading\"><\/h3>\r\n\r\n<h3 class=\"wp-block-heading\">Probleme comune cu rulmen\u021bii de oscila\u021bie<\/h3>\r\n<h3 class=\"wp-block-heading\"><\/h3>\r\n\r\n<p>Problemele comune includ:<\/p>\r\n<h3 class=\"wp-block-heading\"><\/h3>\r\n\r\n<ul class=\"wp-block-list\">\r\n<li style=\"list-style-type: none;\">\r\n<ul>\r\n<li>Uzur\u0103 \u0219i uzur\u0103: Cauzat\u0103 de func\u021bionarea continu\u0103 \u0219i de sarcini grele.<\/li>\r\n<\/ul>\r\n<\/li>\r\n<\/ul>\r\n\r\n\r\n\r\n<ul>\r\n<li style=\"list-style-type: none;\">\r\n<ul>\r\n<li>Contaminare: Murd\u0103rie, ap\u0103 \u0219i resturi care p\u0103trund \u00een rulment.<\/li>\r\n<\/ul>\r\n<\/li>\r\n<\/ul>\r\n\r\n\r\n\r\n<ul>\r\n<li style=\"list-style-type: none;\">\r\n<ul>\r\n<li>Corodarea: Din cauza umidit\u0103\u021bii \u0219i a condi\u021biilor dure.<\/li>\r\n<\/ul>\r\n<\/li>\r\n<\/ul>\r\n\r\n\r\n\r\n<ul>\r\n<li style=\"list-style-type: none;\">\r\n<ul>\r\n<li>Nealiniere: Rezult\u0103 dintr-o instalare necorespunz\u0103toare sau din probleme structurale.\r\n<div id=\"attachment_3345\" style=\"width: 1071px\" class=\"wp-caption alignnone\"><img decoding=\"async\" aria-describedby=\"caption-attachment-3345\" class=\"wp-image-3345 size-full\" src=\"https:\/\/swingbearing.net\/wp-content\/uploads\/2024\/05\/115.jpg\" alt=\"rulment de leag\u0103n pentru excavator\" width=\"1061\" height=\"865\" srcset=\"https:\/\/swingbearing.net\/wp-content\/uploads\/2024\/05\/115.jpg 1061w, https:\/\/swingbearing.net\/wp-content\/uploads\/2024\/05\/115-300x245.jpg 300w, https:\/\/swingbearing.net\/wp-content\/uploads\/2024\/05\/115-1024x835.jpg 1024w, https:\/\/swingbearing.net\/wp-content\/uploads\/2024\/05\/115-768x626.jpg 768w, https:\/\/swingbearing.net\/wp-content\/uploads\/2024\/05\/115-15x12.jpg 15w, https:\/\/swingbearing.net\/wp-content\/uploads\/2024\/05\/115-600x489.jpg 600w\" sizes=\"(max-width: 1061px) 100vw, 1061px\" \/><p id=\"caption-attachment-3345\" class=\"wp-caption-text\">rulment de leag\u0103n pentru excavator<\/p><\/div>\r\n<\/li>\r\n<\/ul>\r\n<\/li>\r\n<\/ul>\r\n\r\n<h3 class=\"wp-block-heading\"><\/h3>\r\n\r\n<h2 class=\"wp-block-heading\">Concluzie<\/h2>\r\n<h3 class=\"wp-block-heading\"><\/h3>\r\n\r\n<p>Rulmen\u021bii oscilan\u021bi ai excavatoarelor sunt esen\u021biali pentru func\u021bionalitatea \u0219i eficien\u021ba excavatoarelor. \u00cen\u021belegerea structurii, tipurilor, importan\u021bei, \u00eentre\u021binerii \u0219i problemelor comune ale acestora este esen\u021bial\u0103 pentru o performan\u021b\u0103 optim\u0103. \u00centre\u021binerea corespunz\u0103toare \u0219i rezolvarea la timp a problemelor pot prelungi durata de via\u021b\u0103 \u0219i fiabilitatea acestor rulmen\u021bi, sporind productivitatea.<\/p>","protected":false},"excerpt":{"rendered":"<p><strong><b>Partea<\/b><\/strong> #: 140109-00010A <strong><b>Face\u021bi<\/b><\/strong>:Doosan <strong><b>Model<\/b><\/strong>: Dx300LCA <strong><b>Stare<\/b><\/strong>: New<\/p>","protected":false},"featured_media":2930,"template":"","meta":[],"product_brand":[],"product_cat":[69],"product_tag":[78],"class_list":{"0":"post-4088","1":"product","2":"type-product","3":"status-publish","4":"has-post-thumbnail","6":"product_cat-doosan-excavator-swing-bearing","7":"product_tag-swing-circle","9":"first","10":"instock","11":"shipping-taxable","12":"product-type-simple"},"_links":{"self":[{"href":"https:\/\/swingbearing.net\/ro\/wp-json\/wp\/v2\/product\/4088","targetHints":{"allow":["GET"]}}],"collection":[{"href":"https:\/\/swingbearing.net\/ro\/wp-json\/wp\/v2\/product"}],"about":[{"href":"https:\/\/swingbearing.net\/ro\/wp-json\/wp\/v2\/types\/product"}],"wp:featuredmedia":[{"embeddable":true,"href":"https:\/\/swingbearing.net\/ro\/wp-json\/wp\/v2\/media\/2930"}],"wp:attachment":[{"href":"https:\/\/swingbearing.net\/ro\/wp-json\/wp\/v2\/media?parent=4088"}],"wp:term":[{"taxonomy":"product_brand","embeddable":true,"href":"https:\/\/swingbearing.net\/ro\/wp-json\/wp\/v2\/product_brand?post=4088"},{"taxonomy":"product_cat","embeddable":true,"href":"https:\/\/swingbearing.net\/ro\/wp-json\/wp\/v2\/product_cat?post=4088"},{"taxonomy":"product_tag","embeddable":true,"href":"https:\/\/swingbearing.net\/ro\/wp-json\/wp\/v2\/product_tag?post=4088"}],"curies":[{"name":"wp","href":"https:\/\/api.w.org\/{rel}","templated":true}]}}