{"id":358,"date":"2023-09-18T08:13:08","date_gmt":"2023-09-18T08:13:08","guid":{"rendered":"https:\/\/swingbearing.net\/?post_type=product&#038;p=358"},"modified":"2024-06-12T02:19:19","modified_gmt":"2024-06-12T02:19:19","slug":"swing-bearings-hitachi","status":"publish","type":"product","link":"https:\/\/swingbearing.net\/ro\/product\/swing-bearings-hitachi\/","title":{"rendered":"Rulmen\u021bi de oscila\u021bie HITACHI"},"content":{"rendered":"<figure class=\"wp-block-table is-style-stripes has-small-font-size\">\n<table class=\"has-cyan-bluish-red-background-color has-background\">\n<tbody>\n<tr>\n<td width=\"113\"><strong><a href=\"https:\/\/swingbearing.net\/ro\/product\/swing-bearing-cat\/\" target=\"_parent\" rel=\"noopener\">CAT<\/a><\/strong><\/td>\n<td width=\"113\"><strong><a href=\"https:\/\/swingbearing.net\/ro\/product\/swing-bearing-komatsu\/\" rel=\"noopener\">KOMATSU<\/a><\/strong><\/td>\n<td width=\"113\"><strong><a href=\"https:\/\/swingbearing.net\/ro\/product\/swing-bearings-hitachi\/\" rel=\"noopener\">HITACHI<\/a><\/strong><\/td>\n<td width=\"113\"><strong><a href=\"https:\/\/swingbearing.net\/ro\/product\/swing-bearing-kobelco\/\" target=\"_parent\" rel=\"noopener\">KOBELCO<\/a><\/strong><\/td>\n<td width=\"113\"><strong><a href=\"https:\/\/swingbearing.net\/ro\/product\/swing-bearing-hyundai\/\" target=\"_parent\" rel=\"noopener\">HYUNDAI<\/a><\/strong><\/td>\n<\/tr>\n<tr>\n<td width=\"113\"><strong><a href=\"https:\/\/swingbearing.net\/ro\/product\/swing-bearing-doosan\/\" target=\"_parent\" rel=\"noopener\">DOOSAN<\/a><\/strong><\/td>\n<td width=\"113\"><strong><a href=\"https:\/\/swingbearing.net\/ro\/product\/swing-bearing-volvo\/\" target=\"_parent\" rel=\"noopener\">VOLVO<\/a><\/strong><\/td>\n<td width=\"113\"><strong><a href=\"https:\/\/swingbearing.net\/ro\/product\/swing-bearing-jcb\/\" target=\"_parent\" rel=\"noopener\">JCB<\/a><\/strong><\/td>\n<td width=\"113\"><strong><a href=\"https:\/\/swingbearing.net\/ro\/product\/swing-bearing-case\/\" target=\"_parent\" rel=\"noopener\">CAZ<\/a><\/strong><\/td>\n<td width=\"113\"><strong><a href=\"https:\/\/swingbearing.net\/ro\/product\/swing-bearing-liebherr\/\" target=\"_parent\" rel=\"noopener\">LIEBHERR<\/a><\/strong><\/td>\n<\/tr>\n<tr>\n<td width=\"113\"><strong><a href=\"https:\/\/swingbearing.net\/ro\/product\/swing-bearing-liugong\/\" target=\"_parent\" rel=\"noopener\">LIUGONG<\/a><\/strong><\/td>\n<td width=\"113\"><strong><a href=\"https:\/\/swingbearing.net\/ro\/product\/swing-bearings-sany\/\" target=\"_parent\" rel=\"noopener\">SANY<\/a><\/strong><\/td>\n<td width=\"113\"><strong><a href=\"https:\/\/swingbearing.net\/ro\/product\/swing-bearing-yuchai\/\" target=\"_parent\" rel=\"noopener\">YUCHAI<\/a><\/strong><\/td>\n<td width=\"113\"><strong><a href=\"https:\/\/swingbearing.net\/ro\/product\/swing-bearing-xcmg\/\" target=\"_parent\" rel=\"noopener\">XCMG<\/a><\/strong><\/td>\n<td width=\"113\"><strong><a href=\"https:\/\/swingbearing.net\/ro\/product\/swing-bearing-sumitomo\/\" target=\"_parent\" rel=\"noopener\">SUMITOMO<\/a><\/strong><\/td>\n<\/tr>\n<\/tbody>\n<\/table>\n<\/figure>\n<h4 style=\"text-align: center;\">Parametrii rulmen\u021bilor HITACHI Swing<\/h4>\n<figure class=\"wp-block-table is-style-stripes has-small-font-size\">\n<table class=\"has-cyan-bluish-gray-background-color has-background\">\n<tbody>\n<tr>\n<td>Model<\/td>\n<td>Num\u0103r de piese<\/td>\n<td>Diametrul exterior<\/td>\n<td>Diametrul interior<\/td>\n<td>\u00cen\u0103l\u021bime total\u0103<\/td>\n<td>\u00cen\u0103l\u021bime exterioar\u0103<\/td>\n<td>\u00cen\u0103l\u021bime interioar\u0103<\/td>\n<td>Parametrii g\u0103urii exterioare<\/td>\n<td>Parametrii g\u0103urii interioare<\/td>\n<td>Num\u0103rul de din\u021bi<\/td>\n<\/tr>\n<tr>\n<td>EX60-2<\/td>\n<td>4193433<\/td>\n<td>772<\/td>\n<td>554.4<\/td>\n<td>78<\/td>\n<td>60<\/td>\n<td>65<\/td>\n<td>24-\u03c618<\/td>\n<td>24-\u03c618<\/td>\n<td>71<\/td>\n<\/tr>\n<tr>\n<td>EX60WD -2<\/td>\n<td>4193433<\/td>\n<td>772<\/td>\n<td>554.4<\/td>\n<td>78<\/td>\n<td>60<\/td>\n<td>65<\/td>\n<td>24-\u03c618<\/td>\n<td>24-\u03c618<\/td>\n<td>71<\/td>\n<\/tr>\n<tr>\n<td>Ex60-5<\/td>\n<td>43767553<\/td>\n<td>781<\/td>\n<td>554<\/td>\n<td>76<\/td>\n<td>60<\/td>\n<td>63<\/td>\n<td>24-\u042417<\/td>\n<td>24-\u042417<\/td>\n<td>71<\/td>\n<\/tr>\n<tr>\n<td>EX100<\/td>\n<td>9098995<\/td>\n<td>1195<\/td>\n<td>962<\/td>\n<td>87<\/td>\n<td>72<\/td>\n<td>69<\/td>\n<td>36-\u03c619<\/td>\n<td>36-\u03c617<\/td>\n<td>98<\/td>\n<\/tr>\n<tr>\n<td>EX100-3<\/td>\n<td>9102726<\/td>\n<td>1092<\/td>\n<td>862<\/td>\n<td>84<\/td>\n<td>68<\/td>\n<td>70<\/td>\n<td>36-\u042420<\/td>\n<td>36-\u042418<\/td>\n<td>88<\/td>\n<\/tr>\n<tr>\n<td>EX150-5<\/td>\n<td>9146953<\/td>\n<td>1197<\/td>\n<td>939<\/td>\n<td>98<\/td>\n<td>69<\/td>\n<td>81<\/td>\n<td>36<\/td>\n<td>40<\/td>\n<td>80<\/td>\n<\/tr>\n<tr>\n<td>EX200<\/td>\n<td>9098993<\/td>\n<td>1312<\/td>\n<td>1084<\/td>\n<td>106<\/td>\n<td>72<\/td>\n<td>95<\/td>\n<td>36-\u03c622<\/td>\n<td>36-M20*1.5<\/td>\n<td>92<\/td>\n<\/tr>\n<tr>\n<td>ZX200LC-5G<\/td>\n<td>9260971<\/td>\n<td>1316<\/td>\n<td>1082<\/td>\n<td>96<\/td>\n<td>76<\/td>\n<td>85<\/td>\n<td>37-\u03c621<\/td>\n<td>36-M20*1.5<\/td>\n<td>92<\/td>\n<\/tr>\n<tr>\n<td>ZX200-3<\/td>\n<td>9260971<\/td>\n<td>1316<\/td>\n<td>1082<\/td>\n<td>96<\/td>\n<td>76<\/td>\n<td>85<\/td>\n<td>37-\u03c621<\/td>\n<td>36-M20*1.5<\/td>\n<td>92<\/td>\n<\/tr>\n<tr>\n<td>ZX200<\/td>\n<td>9196732<\/td>\n<td>1312<\/td>\n<td>1082<\/td>\n<td>106<\/td>\n<td>72<\/td>\n<td>95<\/td>\n<td>32-\u042421<\/td>\n<td>36-M20<\/td>\n<td>92<\/td>\n<\/tr>\n<tr>\n<td>ZX200-5G<\/td>\n<td>9260971<\/td>\n<td>1316<\/td>\n<td>1082<\/td>\n<td>96<\/td>\n<td>76<\/td>\n<td>85<\/td>\n<td>37-\u03c621<\/td>\n<td>36-M20*1.5<\/td>\n<td>92<\/td>\n<\/tr>\n<tr>\n<td>EX210-5<\/td>\n<td>9102727<\/td>\n<td>1310<\/td>\n<td>1083<\/td>\n<td>106<\/td>\n<td>72<\/td>\n<td>95<\/td>\n<td>36-\u042422<\/td>\n<td>36-M20<\/td>\n<td>92<\/td>\n<\/tr>\n<tr>\n<td>ZX210LCK<\/td>\n<td>9169646<\/td>\n<td>1312<\/td>\n<td>1082<\/td>\n<td>106<\/td>\n<td>72<\/td>\n<td>95<\/td>\n<td>32-\u042421<\/td>\n<td>36-M20*1.5<\/td>\n<td>92<\/td>\n<\/tr>\n<tr>\n<td>ZX220<\/td>\n<td>9262248<\/td>\n<td>1416<\/td>\n<td>1137<\/td>\n<td>110<\/td>\n<td>84<\/td>\n<td>97<\/td>\n<td>36-\u042424<\/td>\n<td>36-M22*1.5<\/td>\n<td>83<\/td>\n<\/tr>\n<tr>\n<td>EX220-1<\/td>\n<td>9154037<\/td>\n<td>1416<\/td>\n<td>1137<\/td>\n<td>110<\/td>\n<td>84<\/td>\n<td>97<\/td>\n<td>36-\u042424<\/td>\n<td>36-M22<\/td>\n<td>83<\/td>\n<\/tr>\n<tr>\n<td>ZX225US<\/td>\n<td>9196732<\/td>\n<td>1312<\/td>\n<td>1082<\/td>\n<td>106<\/td>\n<td>72<\/td>\n<td>95<\/td>\n<td>32-\u042421<\/td>\n<td>36-M20<\/td>\n<td>92<\/td>\n<\/tr>\n<tr>\n<td>ZX330-3LC<\/td>\n<td>9260971<\/td>\n<td>1312<\/td>\n<td>1082<\/td>\n<td>106<\/td>\n<td>72<\/td>\n<td>95<\/td>\n<td>32\/21<\/td>\n<td>36-M20*1.5<\/td>\n<td>92<\/td>\n<\/tr>\n<tr>\n<td>EX270-5<\/td>\n<td>9154037<\/td>\n<td>1416<\/td>\n<td>1137<\/td>\n<td>110<\/td>\n<td>84<\/td>\n<td>97<\/td>\n<td>36-\u042424<\/td>\n<td>36-M22<\/td>\n<td>83<\/td>\n<\/tr>\n<tr>\n<td>ZX230<\/td>\n<td>9154037<\/td>\n<td>1416<\/td>\n<td>1137<\/td>\n<td>110<\/td>\n<td>84<\/td>\n<td>97<\/td>\n<td>36-\u042424<\/td>\n<td>36-M22*1.5<\/td>\n<td>83<\/td>\n<\/tr>\n<tr>\n<td>ZX230<\/td>\n<td>9159646<\/td>\n<td>1416<\/td>\n<td>1137<\/td>\n<td>110<\/td>\n<td>84<\/td>\n<td>97<\/td>\n<td>36-\u042424<\/td>\n<td>36-M22*1.5<\/td>\n<td>83<\/td>\n<\/tr>\n<tr>\n<td>ZX240<\/td>\n<td>9196732<\/td>\n<td>1416<\/td>\n<td>1137<\/td>\n<td>110<\/td>\n<td>84<\/td>\n<td>97<\/td>\n<td>36-\u042424<\/td>\n<td>36-M22*1.5<\/td>\n<td>83<\/td>\n<\/tr>\n<tr>\n<td>ZX240<\/td>\n<td>9245728<\/td>\n<td>1416<\/td>\n<td>1137<\/td>\n<td>110<\/td>\n<td>84<\/td>\n<td>97<\/td>\n<td>35-\u03c624<\/td>\n<td>36-M22*1.5<\/td>\n<td>83<\/td>\n<\/tr>\n<tr>\n<td>EX300-3<\/td>\n<td>9112188<\/td>\n<td>1531<\/td>\n<td>1248<\/td>\n<td>117<\/td>\n<td>83<\/td>\n<td>105<\/td>\n<td>32-\u03c626<\/td>\n<td>36-M24*2<\/td>\n<td>91<\/td>\n<\/tr>\n<tr>\n<td>ZX330LC-5G<\/td>\n<td>9245698<\/td>\n<td>1930<\/td>\n<td>1297<\/td>\n<td>121<\/td>\n<td>95<\/td>\n<td>110<\/td>\n<td>36-\u03c629<\/td>\n<td>36-M27*2<\/td>\n<td>83<\/td>\n<\/tr>\n<tr>\n<td>340 LCV<\/td>\n<td>140109-00047<\/td>\n<td>1543<\/td>\n<td>1236<\/td>\n<td>132<\/td>\n<td>103<\/td>\n<td>120<\/td>\n<td>35-\u03c626<\/td>\n<td>40-M24<\/td>\n<td>90<\/td>\n<\/tr>\n<tr>\n<td>ZX350-3<\/td>\n<td>9245698<\/td>\n<td>1629<\/td>\n<td>1296<\/td>\n<td>121<\/td>\n<td>95<\/td>\n<td>110<\/td>\n<td>40-\u042429<\/td>\n<td>36-M27*2<\/td>\n<td>83<\/td>\n<\/tr>\n<tr>\n<td>ZX370<\/td>\n<td>9166468<\/td>\n<td>1629<\/td>\n<td>1296<\/td>\n<td>121<\/td>\n<td>95<\/td>\n<td>110<\/td>\n<td>40-\u042429<\/td>\n<td>36-M27*2<\/td>\n<td>83<\/td>\n<\/tr>\n<tr>\n<td>ZX370<\/td>\n<td>9169894<\/td>\n<td>1629<\/td>\n<td>1296<\/td>\n<td>121<\/td>\n<td>95<\/td>\n<td>110<\/td>\n<td>40-\u042429<\/td>\n<td>36-M27*2<\/td>\n<td>83<\/td>\n<\/tr>\n<tr>\n<td>KH180-3<\/td>\n<td>9099074<\/td>\n<td>1630<\/td>\n<td>1218<\/td>\n<td>162<\/td>\n<td>144<\/td>\n<td>136<\/td>\n<td>22-29<\/td>\n<td>36-M27<\/td>\n<td>88<\/td>\n<\/tr>\n<tr>\n<td>EX400-5<\/td>\n<td>9129521<\/td>\n<td>1654<\/td>\n<td>1275<\/td>\n<td>129<\/td>\n<td>117<\/td>\n<td>110<\/td>\n<td>36-\u042429<\/td>\n<td>36-\u042429<\/td>\n<td>107<\/td>\n<\/tr>\n<tr>\n<td>ZX450<\/td>\n<td>9129521<\/td>\n<td>1652<\/td>\n<td>1273<\/td>\n<td>130<\/td>\n<td>120<\/td>\n<td>110<\/td>\n<td>36-\u042429<\/td>\n<td>36-\u042429<\/td>\n<td>107<\/td>\n<\/tr>\n<tr>\n<td>ZX650LCH<\/td>\n<td>6016584<\/td>\n<td>1754<\/td>\n<td>1342<\/td>\n<td>150<\/td>\n<td>130<\/td>\n<td>117<\/td>\n<td>36<\/td>\n<td>36<\/td>\n<td>97<\/td>\n<\/tr>\n<tr>\n<td>ZX800LD<\/td>\n<td>9229741<\/td>\n<td>1930<\/td>\n<td>1495<\/td>\n<td>160<\/td>\n<td>148<\/td>\n<td>135<\/td>\n<td>40<\/td>\n<td>40<\/td>\n<td>108<\/td>\n<\/tr>\n<tr>\n<td>ZX870-3<\/td>\n<td>9321216<\/td>\n<td>2040<\/td>\n<td>1595<\/td>\n<td>160<\/td>\n<td>147<\/td>\n<td>136<\/td>\n<td>41-\u042435<\/td>\n<td>48-\u042431.5<\/td>\n<td>115<\/td>\n<\/tr>\n<tr>\n<td>ZX870<\/td>\n<td>6023643<\/td>\n<td>2037<\/td>\n<td>1595<\/td>\n<td>160<\/td>\n<td>148<\/td>\n<td>136<\/td>\n<td>41<\/td>\n<td>48<\/td>\n<td>115<\/td>\n<\/tr>\n<\/tbody>\n<\/table>\n<\/figure>\n<p>Putem oferi rulmentul alternativ de leag\u0103n pentru dvs. <a href=\"https:\/\/national-bearing.com\/excavator-swing-bearings-slewing-rings-cat\/\" target=\"_blank\" rel=\"noopener\">CAT,<\/a>HITACHI, KOMATSU, KOBELCO, HYUNDAI, VOLVO, DOOSAN, DAEWOO, JCB, CASE, SUMITOMO, KATO, ,Exist\u0103 peste 1000 de tipuri normale \u0219i non-standard de sute de tipuri pentru a alege.Rulmen\u021bii no\u0219tri de orientare sunt special concepu\u021bi pentru a satisface cerin\u021bele ma\u0219inilor pentru excavatoare, oferind o performan\u021b\u0103 fiabil\u0103 \u0219i de lung\u0103 durat\u0103 \u00eentr-o gam\u0103 larg\u0103 de condi\u021bii. Indiferent dac\u0103 ave\u021bi nevoie de un rulment de rotire pentru un excavator, de un rulment cu inel de balansare sau de un rulment cu inel de rotire pentru excavator, produsele noastre sunt solu\u021bia perfect\u0103.<\/p>\n<p>Rulmen\u021bii no\u0219tri de balansare pentru excavatoare sunt fabrica\u021bi folosind materiale de \u00eenalt\u0103 calitate, asigur\u00e2nd rezisten\u021b\u0103, durabilitate \u0219i rezisten\u021b\u0103 la uzur\u0103. Inginerii no\u0219tri au petrecut nenum\u0103rate ore pentru a perfec\u021biona designul rulmen\u021bilor no\u0219tri pivotan\u021bi pentru a se asigura c\u0103 ofer\u0103 performan\u021be optime chiar \u0219i \u00een cele mai dificile condi\u021bii. Ne m\u00e2ndrim cu munca noastr\u0103 \u0219i suntem \u00eencrez\u0103tori c\u0103 ve\u021bi vedea diferen\u021ba atunci c\u00e2nd ve\u021bi alege produsele noastre.<\/p>\n<p>Oferim o gam\u0103 larg\u0103 de op\u021biuni de rulmen\u021bi pentru piese de excavatoare, inclusiv cele mai populare modele, cum ar fi UH025, UH045, UH063 \u0219i UH083.<br \/>\nDe asemenea, avem rulmen\u021bi pentru alte modele populare, cum ar fi EX35, EX40, EX55, EX60, EX60-3, EX120, EX200, EX300, EX310, ZX60, ZX70, ZA80, ZX110, ZX120, ZX200, ZX210, ZX250, ZX290, ZX330, ZX470, ZX870EX1000, EX1200, ZX225UR, ZX520, EX120-3, EX120-5, EX130H-5, ZAX110, ZAX120-6, ZAX120, UH07-7, ZAX200, ZXA210, ZAX200-3G, ZAX250-3G, ZAX200-3, ZAX200LC-3, ZAX210H-3, ZAX210LCH-3, ZAX210K-3, ZAX210LCK-3, ZAX210LCN-3, EX200-1\/2, EX200LC-2, EX200-3, EX200LC-3, EX200H-3, EX200LCH-3, EX200-5, EX210H-5, EX210LCH-5, ZAX225, ZX230, EX220-2, EX220-3, EX220-5, EX220-5, EX270-5, EX230H-3, EX280H-5, ZAX240H, ZAX240LCH, ZAX240K, ZAX250, ZAX270, ZAX280LC, EX290LCH-5, EX300-1, EX300-2, EX300H-2, EX300-3, EX300-3C, EX300H-3, EX310H-3C, EX310LCH-3C, ZAX330, EX350, ZXA360, ZAX450-6, EX60-1, EX60-2, EX60-5, EX60LC-5, EX80-5, ZX60, ZAX70, ZA80, EX100-1, EX100-3, EX100-5, EX110-5 \u0219i EX120-2.<br \/>\nRulmen\u021bii no\u0219tri de balansare pentru excavatoare \u0219i <a href=\"https:\/\/national-bearing.com\/rotary-gear\/\" target=\"_blank\" rel=\"noopener\">Unelte de rotire pentru excavatoare<\/a> sunt, de asemenea, disponibile pentru cei care au nevoie de ele, asigur\u00e2ndu-v\u0103 c\u0103 ave\u021bi tot ce v\u0103 trebuie pentru a v\u0103 men\u021bine ma\u0219ina \u00een stare de func\u021bionare.<\/p>","protected":false},"excerpt":{"rendered":"<p>Rulmentul de oscila\u021bie HYUNDAI<br \/>\nModel:ZX870,ZX800LD,ZX650<br \/>\nEX1000,EX1200,EX400-5,ZX450<\/p>","protected":false},"featured_media":61,"template":"","meta":[],"product_brand":[],"product_cat":[22],"product_tag":[],"class_list":{"0":"post-358","1":"product","2":"type-product","3":"status-publish","4":"has-post-thumbnail","6":"product_cat-swing-bearing","8":"first","9":"instock","10":"shipping-taxable","11":"product-type-simple"},"_links":{"self":[{"href":"https:\/\/swingbearing.net\/ro\/wp-json\/wp\/v2\/product\/358","targetHints":{"allow":["GET"]}}],"collection":[{"href":"https:\/\/swingbearing.net\/ro\/wp-json\/wp\/v2\/product"}],"about":[{"href":"https:\/\/swingbearing.net\/ro\/wp-json\/wp\/v2\/types\/product"}],"wp:featuredmedia":[{"embeddable":true,"href":"https:\/\/swingbearing.net\/ro\/wp-json\/wp\/v2\/media\/61"}],"wp:attachment":[{"href":"https:\/\/swingbearing.net\/ro\/wp-json\/wp\/v2\/media?parent=358"}],"wp:term":[{"taxonomy":"product_brand","embeddable":true,"href":"https:\/\/swingbearing.net\/ro\/wp-json\/wp\/v2\/product_brand?post=358"},{"taxonomy":"product_cat","embeddable":true,"href":"https:\/\/swingbearing.net\/ro\/wp-json\/wp\/v2\/product_cat?post=358"},{"taxonomy":"product_tag","embeddable":true,"href":"https:\/\/swingbearing.net\/ro\/wp-json\/wp\/v2\/product_tag?post=358"}],"curies":[{"name":"wp","href":"https:\/\/api.w.org\/{rel}","templated":true}]}}