{"id":3382,"date":"2024-05-27T09:08:24","date_gmt":"2024-05-27T09:08:24","guid":{"rendered":"https:\/\/swingbearing.net\/product\/hyundai-r290lc-7a-excavator-swing-bearing-81n8-00024gg-slewing-ring\/"},"modified":"2024-05-28T03:50:49","modified_gmt":"2024-05-28T03:50:49","slug":"hyundai-r290lc-7a-excavator-swing-bearing-81n8-00024gg-slewing-ring","status":"publish","type":"product","link":"https:\/\/swingbearing.net\/ro\/product\/hyundai-r290lc-7a-excavator-swing-bearing-81n8-00024gg-slewing-ring\/","title":{"rendered":"Rulment de oscila\u021bie 81N8-00024GG pentru HYUNDAI R290LC-7A"},"content":{"rendered":"<h2 style=\"text-align: center;\">Parametrii rulmentului de oscila\u021bie HYUNDAI<\/h2>\n<div class=\"bde-rich-text-243-405 bde-rich-text breakdance-rich-text-styles\">\n<figure class=\"wp-block-table\">\n<table>\n<tbody>\n<tr>\n<td>Model<\/td>\n<td>Num\u0103r de piese<\/td>\n<td>Diametrul exterior<\/td>\n<td>Diametrul interior<\/td>\n<td>\u00cen\u0103l\u021bime total\u0103<\/td>\n<td>\u00cen\u0103l\u021bime exterioar\u0103<\/td>\n<td>\u00cen\u0103l\u021bime interioar\u0103<\/td>\n<td>Parametrii g\u0103urii exterioare<\/td>\n<td>Parametrii g\u0103urii interioare<\/td>\n<td>Num\u0103rul de din\u021bi<\/td>\n<\/tr>\n<tr>\n<td>R140LC-7<\/td>\n<td>81N4-01020<\/td>\n<td>1196<\/td>\n<td>963<\/td>\n<td>90<\/td>\n<td>79<\/td>\n<td>80<\/td>\n<td>36-\u03c619<\/td>\n<td>36-M16*1.5<\/td>\n<td>98<\/td>\n<\/tr>\n<tr>\n<td>R210LC-3<\/td>\n<td>81EM-00020<\/td>\n<td>1202<\/td>\n<td>945<\/td>\n<td>84<\/td>\n<td>75<\/td>\n<td>70<\/td>\n<td>36<\/td>\n<td>36<\/td>\n<td>80<\/td>\n<\/tr>\n<tr>\n<td>R170W-7<\/td>\n<td>81EM-00021<\/td>\n<td>1202<\/td>\n<td>947<\/td>\n<td>83<\/td>\n<td>75<\/td>\n<td>70<\/td>\n<td>36-\u03c622<\/td>\n<td>36-M20*1.5<\/td>\n<td>80<\/td>\n<\/tr>\n<tr>\n<td>R180W-9S<\/td>\n<td>81EM-00021GG<\/td>\n<td>1202<\/td>\n<td>947<\/td>\n<td>83<\/td>\n<td>75<\/td>\n<td>70<\/td>\n<td>36-\u03c622<\/td>\n<td>36-M20*1.5<\/td>\n<td>80<\/td>\n<\/tr>\n<tr>\n<td>R200W-7<\/td>\n<td>81EM-00021GG<\/td>\n<td>1327<\/td>\n<td>1083<\/td>\n<td>110<\/td>\n<td>89<\/td>\n<td>94<\/td>\n<td>30-\u03c622<\/td>\n<td>36-M20<\/td>\n<td>92<\/td>\n<\/tr>\n<tr>\n<td>R210-7<\/td>\n<td>81N6-00023BG<\/td>\n<td>1327<\/td>\n<td>1084<\/td>\n<td>110<\/td>\n<td>89<\/td>\n<td>94<\/td>\n<td>30-\u03c622<\/td>\n<td>36-M20<\/td>\n<td>92<\/td>\n<\/tr>\n<tr>\n<td>R210LC-7<\/td>\n<td>81N6-01020<\/td>\n<td>1326<\/td>\n<td>1084<\/td>\n<td>110<\/td>\n<td>89<\/td>\n<td>94<\/td>\n<td>30-\u03c622<\/td>\n<td>36-M20<\/td>\n<td>92<\/td>\n<\/tr>\n<tr>\n<td>R210-7<\/td>\n<td>81N6-00022<\/td>\n<td>1326<\/td>\n<td>1084<\/td>\n<td>110<\/td>\n<td>89<\/td>\n<td>94<\/td>\n<td>30-\u03c622<\/td>\n<td>36-M20<\/td>\n<td>92<\/td>\n<\/tr>\n<tr>\n<td>R210-7<\/td>\n<td>81N6-00021<\/td>\n<td>1326<\/td>\n<td>1084<\/td>\n<td>110<\/td>\n<td>89<\/td>\n<td>94<\/td>\n<td>30-\u03c622<\/td>\n<td>36-M20<\/td>\n<td>92<\/td>\n<\/tr>\n<tr>\n<td>R210LC7<\/td>\n<td>31N 812020<\/td>\n<td>1326<\/td>\n<td>1084<\/td>\n<td>110<\/td>\n<td>89<\/td>\n<td>94<\/td>\n<td>30-\u03a622<\/td>\n<td>36-M20<\/td>\n<td>92<\/td>\n<\/tr>\n<tr>\n<td>R210W-9S<\/td>\n<td>81Q5-01020<\/td>\n<td>1327<\/td>\n<td>1083<\/td>\n<td>110<\/td>\n<td>89<\/td>\n<td>94<\/td>\n<td>30-\u03c622<\/td>\n<td>36-M20<\/td>\n<td>92<\/td>\n<\/tr>\n<tr>\n<td>R210W-9S<\/td>\n<td>81Q5-01021<\/td>\n<td>1327<\/td>\n<td>1083<\/td>\n<td>110<\/td>\n<td>89<\/td>\n<td>94<\/td>\n<td>30-\u03c622<\/td>\n<td>36-M20<\/td>\n<td>92<\/td>\n<\/tr>\n<tr>\n<td>R220LC-9S<\/td>\n<td>81Q6-00020<\/td>\n<td>1326<\/td>\n<td>1084<\/td>\n<td>110<\/td>\n<td>89<\/td>\n<td>94<\/td>\n<td>30-\u03c622<\/td>\n<td>36-M20<\/td>\n<td>92<\/td>\n<\/tr>\n<tr>\n<td>R220LC-9S<\/td>\n<td>81Q6-01020<\/td>\n<td>1326<\/td>\n<td>1084<\/td>\n<td>110<\/td>\n<td>89<\/td>\n<td>94<\/td>\n<td>30-\u03c622<\/td>\n<td>36-M20<\/td>\n<td>92<\/td>\n<\/tr>\n<tr>\n<td>R220LC-9S<\/td>\n<td>81Q6-01021<\/td>\n<td>1326<\/td>\n<td>1084<\/td>\n<td>110<\/td>\n<td>89<\/td>\n<td>94<\/td>\n<td>30-\u03c622<\/td>\n<td>36-M20<\/td>\n<td>92<\/td>\n<\/tr>\n<tr>\n<td>R220LC-9S<\/td>\n<td>81Q6-00021<\/td>\n<td>1326<\/td>\n<td>1084<\/td>\n<td>110<\/td>\n<td>89<\/td>\n<td>94<\/td>\n<td>30-\u03c622<\/td>\n<td>36-M20<\/td>\n<td>92<\/td>\n<\/tr>\n<tr>\n<td>R250LC-7<\/td>\n<td>81EN-00052<\/td>\n<td>1410<\/td>\n<td>1131<\/td>\n<td>120<\/td>\n<td>88<\/td>\n<td>110<\/td>\n<td>34-\u03c623<\/td>\n<td>36-M20<\/td>\n<td>82<\/td>\n<\/tr>\n<tr>\n<td>290LC-7<\/td>\n<td>81N8-0003<\/td>\n<td>1526<\/td>\n<td>1235<\/td>\n<td>123<\/td>\n<td>97<\/td>\n<td>110<\/td>\n<td>38-\u03c626<\/td>\n<td>40-M24<\/td>\n<td>90<\/td>\n<\/tr>\n<tr>\n<td>R290<\/td>\n<td>81N8-00021<\/td>\n<td>1526<\/td>\n<td>1235<\/td>\n<td>122<\/td>\n<td>87<\/td>\n<td>110<\/td>\n<td>37-\u042426<\/td>\n<td>40-M24<\/td>\n<td>90<\/td>\n<\/tr>\n<tr>\n<td>R290<\/td>\n<td>81N8-00022<\/td>\n<td>1526<\/td>\n<td>1235<\/td>\n<td>122<\/td>\n<td>87<\/td>\n<td>110<\/td>\n<td>37-\u042426<\/td>\n<td>40-M24<\/td>\n<td>90<\/td>\n<\/tr>\n<tr>\n<td>R290LC 7A<\/td>\n<td>4921797<\/td>\n<td>1526<\/td>\n<td>1235<\/td>\n<td>123<\/td>\n<td>97<\/td>\n<td>110<\/td>\n<td>38-\u03c626<\/td>\n<td>40-M24<\/td>\n<td>90<\/td>\n<\/tr>\n<tr>\n<td>R290LC-7<\/td>\n<td>81N8-00023<\/td>\n<td>1526<\/td>\n<td>1235<\/td>\n<td>123<\/td>\n<td>97<\/td>\n<td>110<\/td>\n<td>38-\u03c626<\/td>\n<td>40-M24<\/td>\n<td>90<\/td>\n<\/tr>\n<tr>\n<td>R290LC-7A<\/td>\n<td>81N8-00024GG<\/td>\n<td>1526<\/td>\n<td>1235<\/td>\n<td>122<\/td>\n<td>97<\/td>\n<td>110<\/td>\n<td>38-\u03c626<\/td>\n<td>40-M24<\/td>\n<td>90<\/td>\n<\/tr>\n<tr>\n<td>R320-7<\/td>\n<td>81N9-01020<\/td>\n<td>1526<\/td>\n<td>1235<\/td>\n<td>122<\/td>\n<td>97<\/td>\n<td>110<\/td>\n<td>38-\u042426<\/td>\n<td>40-M24<\/td>\n<td>90<\/td>\n<\/tr>\n<tr>\n<td>R320LC-7<\/td>\n<td>81N9-01021<\/td>\n<td>1526<\/td>\n<td>1235<\/td>\n<td>122<\/td>\n<td>97<\/td>\n<td>110<\/td>\n<td>38-\u042426<\/td>\n<td>40-M24<\/td>\n<td>90<\/td>\n<\/tr>\n<tr>\n<td>R320LC-7<\/td>\n<td>81N9-01022<\/td>\n<td>1526<\/td>\n<td>1235<\/td>\n<td>122<\/td>\n<td>97<\/td>\n<td>110<\/td>\n<td>38-\u042426<\/td>\n<td>40-M24<\/td>\n<td>90<\/td>\n<\/tr>\n<tr>\n<td>R320LC-7<\/td>\n<td>81n9-01022 BG<\/td>\n<td>1526<\/td>\n<td>1235<\/td>\n<td>122<\/td>\n<td>97<\/td>\n<td>110<\/td>\n<td>38-\u042426<\/td>\n<td>40-M24<\/td>\n<td>90<\/td>\n<\/tr>\n<tr>\n<td>R320LC-7<\/td>\n<td>81N9-00021<\/td>\n<td>1526<\/td>\n<td>1235<\/td>\n<td>122<\/td>\n<td>97<\/td>\n<td>110<\/td>\n<td>38<\/td>\n<td>40<\/td>\n<td>90<\/td>\n<\/tr>\n<tr>\n<td>R360LC-7<\/td>\n<td>81NA-01020<\/td>\n<td>1550<\/td>\n<td>1250<\/td>\n<td><\/td>\n<td>108<\/td>\n<td>140<\/td>\n<td>35<\/td>\n<td>40<\/td>\n<td>106<\/td>\n<\/tr>\n<tr>\n<td>R360LC-7<\/td>\n<td>81NA-01022GG<\/td>\n<td>1550<\/td>\n<td>1250<\/td>\n<td>152<\/td>\n<td>108<\/td>\n<td>140<\/td>\n<td>35<\/td>\n<td>40<\/td>\n<td>106<\/td>\n<\/tr>\n<tr>\n<td>R360LC-7A<\/td>\n<td>81NA-01021BG<\/td>\n<td>1550<\/td>\n<td>1250<\/td>\n<td>152<\/td>\n<td>108<\/td>\n<td>140<\/td>\n<td>35<\/td>\n<td>40<\/td>\n<td>106<\/td>\n<\/tr>\n<\/tbody>\n<\/table>\n<\/figure>\n<\/div>\n<h3>Introducere \u00een rulmen\u021bii de balansare a excavatorului<\/h3>\n<p>\u00cen domeniul ma\u0219inilor grele, excavatoarele sunt instrumente indispensabile pentru o gam\u0103 larg\u0103 de lucr\u0103ri de construc\u021bii \u0219i excavare. Printre componentele critice care contribuie la performan\u021ba lor excep\u021bional\u0103 se num\u0103r\u0103 rulmentul de balansare. Aceast\u0103 component\u0103 vital\u0103 joac\u0103 un rol esen\u021bial pentru a permite structurii superioare a excavatorului s\u0103 se roteasc\u0103 lin \u0219i eficient.<\/p>\n<p>Rulmentul de balansare este un rulment mare, circular, care se afl\u0103 la baza structurii superioare a excavatorului. Acesta ofer\u0103 o suprafa\u021b\u0103 cu frecare redus\u0103 care permite structurii superioare s\u0103 se roteasc\u0103 liber pe structura inferioar\u0103. Aceast\u0103 rota\u021bie este esen\u021bial\u0103 pentru ca excavatorul s\u0103 \u00ee\u0219i \u00eendeplineasc\u0103 func\u021biile principale, cum ar fi s\u0103parea, s\u0103parea de \u0219an\u021buri \u0219i manipularea materialelor.<\/p>\n<p>Proiectarea rulmentului oscilant este crucial\u0103 pentru performan\u021ba general\u0103 a excavatorului. Acesta trebuie s\u0103 fie capabil s\u0103 reziste la sarcinile \u0219i for\u021bele imense care sunt generate \u00een timpul func\u021bion\u0103rii. Aceste sarcini includ greutatea structurii superioare, for\u021bele de s\u0103pare \u0219i for\u021bele iner\u021biale care apar \u00een timpul acceler\u0103rii \u0219i deceler\u0103rii.<\/p>\n<p>Pentru a satisface aceste cerin\u021be, rulmen\u021bii oscilan\u021bi sunt construi\u021bi de obicei din materiale cu rezisten\u021b\u0103 ridicat\u0103, cum ar fi o\u021belul forjat sau fonta. De asemenea, ace\u0219tia sunt dota\u021bi cu mai multe r\u00e2nduri de elemente rulante, care distribuie sarcina \u0219i reduc frecarea. Elementele de rulare sunt de obicei fabricate din o\u021bel c\u0103lit sau din materiale ceramice pentru a asigura durabilitatea \u0219i longevitatea.<\/p>\n<p>\u00centre\u021binerea corect\u0103 a rulmen\u021bilor de oscila\u021bie este esen\u021bial\u0103 pentru a asigura performan\u021ba optim\u0103 \u0219i longevitatea excavatorului. Lubrifierea regulat\u0103 este crucial\u0103 pentru a preveni uzura \u0219i a prelungi durata de via\u021b\u0103 a rulmentului. \u00cen plus, trebuie efectuate inspec\u021bii periodice pentru a identifica orice semne de deteriorare sau uzur\u0103 excesiv\u0103.<\/p>\n<p>Atunci c\u00e2nd se selecteaz\u0103 un rulment oscilant pentru un excavator, este important s\u0103 se ia \u00een considerare cerin\u021bele specifice ale aplica\u021biei. Trebuie lua\u021bi \u00een considerare factori precum dimensiunea, greutatea \u0219i utilizarea preconizat\u0103 a excavatorului. De asemenea, este recomandabil s\u0103 v\u0103 consulta\u021bi cu produc\u0103torul excavatorului sau cu un furnizor de rulmen\u021bi calificat pentru a asigura selectarea \u0219i instalarea corect\u0103 a rulmentului.<\/p>\n<p>\u00cen concluzie, rulmentul oscilant este o component\u0103 critic\u0103 care joac\u0103 un rol vital \u00een performan\u021ba \u0219i eficien\u021ba excavatoarelor. Prin \u00een\u021belegerea designului, a func\u021biei \u0219i a cerin\u021belor de \u00eentre\u021binere a rulmen\u021bilor oscilan\u021bi, operatorii \u0219i personalul de \u00eentre\u021binere se pot asigura c\u0103 excavatoarele lor func\u021bioneaz\u0103 la performan\u021be maxime \u00een anii urm\u0103tori.<\/p>\n<h4><a href=\"https:\/\/swingbearing.net\/ro\/swing-bearing\/\">Hyundai Swing Bearing<\/a><\/h4>\n<p>Hyundai este un brand bine cunoscut \u00een industria echipamentelor de construc\u021bii, oferind utilaje de calitate \u0219i piese de schimb pentru excavatoare. Produsul Hyundai pentru rulmen\u021bi oscilan\u021bi pentru excavatoare este conceput pentru a oferi durabilitate, precizie \u0219i performan\u021b\u0103, ceea ce \u00eel face o alegere ideal\u0103 pentru proprietarii \u0219i operatorii de excavatoare.<\/p>\n<p>Rulmentul de oscila\u021bie pentru excavatoare de la Hyundai este disponibil pentru o gam\u0103 larg\u0103 de modele de excavatoare, inclusiv R55, R60, R80, R130LC-3-5, R150, R190, R200, R200-5, R210, R215-7\/9, R220, R225LC-7\/9, R245, R260, R265, R290, R290LC-7, R300LC, R305LC, R330LC, R340, R375, R360LC-7, R390, R450LC, R470, R485, R500, R55-5, R60-5, R55-7, R60-7, R70-7, R80, R110LC-7, R130-5, R130-7, R140LC-7, R150LC-7, R150LC-9, R200W-7, R200, R200, R200-3, R200-5, R210-3, R210-5, R210-5, R210-5D, R220-3, R220-5, R210-7, R210-9, R215-7, R225-7, R220-9, R225-9, R260-7, R265-7, R290-3, R300-5, R290-7, R305-7, R305-9, R320-7, R300, R350, R400, R450, R480 \u0219i R550.<\/p>","protected":false},"excerpt":{"rendered":"<p><strong><b>Partea<\/b><\/strong> #: 81N8-00024GG<br \/>\n<strong><b>Face\u021bi<\/b><\/strong>: HYUNDAI<br \/>\n<strong><b>Model<\/b><\/strong>:R290LC-7A<br \/>\n<strong><b>Stare<\/b><\/strong>: New<\/p>","protected":false},"featured_media":2890,"template":"","meta":[],"product_brand":[],"product_cat":[66,22],"product_tag":[],"class_list":{"0":"post-3382","1":"product","2":"type-product","3":"status-publish","4":"has-post-thumbnail","6":"product_cat-hyundai-excavator-swing-bearing","7":"product_cat-swing-bearing","9":"first","10":"instock","11":"shipping-taxable","12":"product-type-simple"},"_links":{"self":[{"href":"https:\/\/swingbearing.net\/ro\/wp-json\/wp\/v2\/product\/3382","targetHints":{"allow":["GET"]}}],"collection":[{"href":"https:\/\/swingbearing.net\/ro\/wp-json\/wp\/v2\/product"}],"about":[{"href":"https:\/\/swingbearing.net\/ro\/wp-json\/wp\/v2\/types\/product"}],"wp:featuredmedia":[{"embeddable":true,"href":"https:\/\/swingbearing.net\/ro\/wp-json\/wp\/v2\/media\/2890"}],"wp:attachment":[{"href":"https:\/\/swingbearing.net\/ro\/wp-json\/wp\/v2\/media?parent=3382"}],"wp:term":[{"taxonomy":"product_brand","embeddable":true,"href":"https:\/\/swingbearing.net\/ro\/wp-json\/wp\/v2\/product_brand?post=3382"},{"taxonomy":"product_cat","embeddable":true,"href":"https:\/\/swingbearing.net\/ro\/wp-json\/wp\/v2\/product_cat?post=3382"},{"taxonomy":"product_tag","embeddable":true,"href":"https:\/\/swingbearing.net\/ro\/wp-json\/wp\/v2\/product_tag?post=3382"}],"curies":[{"name":"wp","href":"https:\/\/api.w.org\/{rel}","templated":true}]}}