{"id":2202,"date":"2024-03-27T07:01:51","date_gmt":"2024-03-27T07:01:51","guid":{"rendered":"https:\/\/swingbearing.net\/?post_type=product&#038;p=2202"},"modified":"2024-05-06T03:34:24","modified_gmt":"2024-05-06T03:34:24","slug":"excavator-hydraulic-pump-k5v80dtp-oe02-e195","status":"publish","type":"product","link":"https:\/\/swingbearing.net\/ro\/product\/excavator-hydraulic-pump-k5v80dtp-oe02-e195\/","title":{"rendered":"K5V80DTP-OE02 pentru pomp\u0103 hidraulic\u0103 pentru excavator Kobelco E195"},"content":{"rendered":"<h4>Principiul de lucru al pompei hidraulice a excavatorului<\/h4>\n<p>Excavatoarele sunt un tip comun de utilaje \u0219i echipamente de construc\u021bii utilizate pe scar\u0103 larg\u0103 \u00een excavarea p\u0103m\u00e2ntului, transportul, \u00eenc\u0103rcarea \u0219i alte opera\u021biuni de inginerie. Pompa hidraulic\u0103 este una dintre componentele de baz\u0103 ale excavatorului, responsabil\u0103 pentru furnizarea de energie hidraulic\u0103 stabil\u0103. A\u0219adar, cum func\u021bioneaz\u0103 pompa hidraulic\u0103 a excavatorului? Acum s\u0103 \u00een\u021belegem \u00een detaliu principiul de func\u021bionare al pompei hidraulice pentru excavator.<\/p>\n<p>Pompa hidraulic\u0103 a excavatorului este format\u0103 \u00een principal din corpul pompei hidraulice, arborele de transmisie, cuplajul \u0219i sistemul de control al pompei. Principiul s\u0103u de func\u021bionare este de a converti energia mecanic\u0103 \u00een energie hidraulic\u0103 \u0219i de a o transmite altor actuatori hidraulici prin intermediul sistemului hidraulic pentru a realiza ac\u021biunea excavatorului.<\/p>\n<p><b>Legate de pomp\u0103 hidraulic\u0103 Excavator Pompa hidraulic\u0103 ne furnizeaz\u0103 :<\/b><\/p>\n<div class=\"rich-text-table\">\n<figure class=\"wp-block-table is-style-stripes has-small-font-size\">\n<table class=\"has-cyan-bluish-gray-background-color has-background\">\n<tbody>\n<tr>\n<td>K3V63DT Pomp\u0103 hidraulic\u0103 9C\/14T<\/td>\n<td>K7V63DTP Pomp\u0103 hidraulic\u0103 9N0E\/14T (LG915)<\/td>\n<td>K3V112DT Pomp\u0103 hidraulic\u0103 9N\/14T<\/td>\n<td>K3V112DTP OE11\/14T(SY215-8S\/9)<\/td>\n<td>K5V140DTP 9N\/17T(DH300-7\/19)<\/td>\n<\/tr>\n<tr>\n<td>K3V63DT Pomp\u0103 hidraulic\u0103 9N\/14T<\/td>\n<td>Pomp\u0103 hidraulic\u0103 K5V80DTP 9N\/12T (R150-9)<\/td>\n<td>K3V112DTP 9Y14\/14T(SH210A5)<\/td>\n<td>K3V112DT 1E42\/14T(EC220D)<\/td>\n<td>K5V140DTP 9C\/17T(R305-7\/25)<\/td>\n<\/tr>\n<tr>\n<td>K3V63DT Pomp\u0103 hidraulic\u0103 HN\/14T<\/td>\n<td>K5V80DTP HN\/12T(DH150W-7)<\/td>\n<td>K3V112DT 9T1L\/14T(SK200-6)<\/td>\n<td>K3V112DTP 9C\/14T(JCB220\/25)<\/td>\n<td>K5V140DTP 9N\/17T(DX300-7\/25)<\/td>\n<\/tr>\n<tr>\n<td>K3V63DT Pomp\u0103 hidraulic\u0103 9P\/14T<\/td>\n<td>K3V112DT Pomp\u0103 hidraulic\u0103 9C\/12T<\/td>\n<td>K3V112DTP Pomp\u0103 hidraulic\u0103 9TCM\/14T (SK200-6)<\/td>\n<td>K3V112DTP 9P12\/12T(R225-9)<\/td>\n<td>K5V140DT 9N\/17T(Liu Gong933E)<\/td>\n<\/tr>\n<tr>\n<td>K3V63DTP 9N\/14T(Takeuchi135)<\/td>\n<td>K3V112DT Pomp\u0103 hidraulic\u0103 9N\/12T<\/td>\n<td>K3V112DTP 9TEL\/14T(SK200-6E)<\/td>\n<td>K3V112DTP Pomp\u0103 hidraulic\u0103 9N\/14T (LG920E)<\/td>\n<td>K5V140DTPYT6K\/17T(SK350-8)<\/td>\n<\/tr>\n<tr>\n<td>K3V63DTP OE02\/14T(SK135)<\/td>\n<td>K3V112DT Pomp\u0103 hidraulic\u0103 HN\/12T<\/td>\n<td>K3V112DTP Pomp\u0103 hidraulic\u0103 YT6K\/17T (SK200-8)<\/td>\n<td>K3V112DTP 9N\/14T(SH200A3)<\/td>\n<td>K5V140DT 1E05\/17T(EC250D)<\/td>\n<\/tr>\n<tr>\n<td>K3V63DTP 9C\/14T(JCB130)<\/td>\n<td>K3V112DT 9C\/14T<\/td>\n<td>K3V112DTP Pomp\u0103 hidraulic\u0103 9T8L\/14T (SY215-8)<\/td>\n<td>K3V112DTP 9P12\/16T(PC200-7)<\/td>\n<td>K5V140DTP 9T1L\/17T(SY235-8)<\/td>\n<\/tr>\n<\/tbody>\n<\/table>\n<p><strong>Catalogul nostru cuprinz\u0103tor se m\u00e2ndre\u0219te cu o selec\u021bie extins\u0103 de piese pentru excavatoare, inclusiv, dar nu numai:<\/strong><\/p>\n<table class=\"has-cyan-bluish-gray-background-color has-background\">\n<tbody>\n<tr>\n<td rowspan=\"2\">omatsu<\/td>\n<td>PC40, PC60-5-6-7, PC100, PC120, PC130, PC240, PC270, PC300, PC360, PC400, PC450, PC650, PC1250<\/td>\n<\/tr>\n<tr>\n<td>PC200-1-3-3-5-6, PC220-1-3-5, PC300-3-5, PC400-1-3-5, D20, D30, D31, D50, D60, D75, D80 (D85), D155<\/td>\n<\/tr>\n<tr>\n<td rowspan=\"2\">Hitachi<\/td>\n<td>EX40, EX60, EX150, EX100M, EX100, EX100, EX120, EX150,<\/td>\n<\/tr>\n<tr>\n<td>EX200-1-2-3, EX300-1-3-5, EX400, ZX450,ZX470,ZX870,ZX1200<\/td>\n<\/tr>\n<tr>\n<td>Volvo<\/td>\n<td>EC55\/60, EC140, EC210, EC240, EC290, EC360, EC460, EC700<\/td>\n<\/tr>\n<tr>\n<td>Doosan<\/td>\n<td>DH215, DH220, DH260, DH280, DH300, DH370, DH420, DH450, DH500<\/td>\n<\/tr>\n<tr>\n<td>Hyundai<\/td>\n<td>R200, R210, R225, R265, R335, R455, R505<\/td>\n<\/tr>\n<tr>\n<td>Kobelco<\/td>\n<td>SK200, SK210, SK220, SK260, SK300, SK330, SK350, SK450, SK460, SK480, SK800<\/td>\n<\/tr>\n<tr>\n<td>Sumitomo<\/td>\n<td>SH120, SH200, SH280, SH300, SH350, SH400, SH450, SH460, SH70<\/td>\n<\/tr>\n<\/tbody>\n<\/table>\n<p>Seria Caterpilla r:<br \/>\nVRD63, E200B, AP12, AP14, CAT320C, SPK10\/10, SPV10\/10, CAT12G, CAT14G, CAT16G, CAT215, CAT245, CAT330B, PSV450, CAT992.<br \/>\nSeria Liebher:<br \/>\nLPVD45, LPVD64, LPVD90, LPVD100, LPVD125, LPVD140, LPVD250<br \/>\nSeria Kawasaki:<br \/>\nK3SP30, K3SP36C, K3V63DT\/BDT, K3V112DT, K3V140DT, K3V180DT, K5V140, K5V200, NV64, NV84, NV111DT, NV137, NV172, NV270, NX15, NVK45, KVC925, KVC930, KVC932, M2X63, M2X96, M2X120, M2X146, M2X120, M2X1150\/170, M2X210, M5X130, M5X180, MX150, MX173, MX500, MAG150, MAG170, GM05VL, GM06VL, GM05VA, GM07VA, GM08, GM09, GM10, GM23, GM24, GM30, GM35, GM38.<br \/>\nSeria Kobelco:<br \/>\nSK200-1\/3,SK220-3(MA340),SK220-2,SK200-6,SK320,SK430.<br \/>\nSeria VOLVO:<br \/>\nF11-28, F11-39, F11-010, F11-150, F11-250, F11-250, F12-060, F12-080, F12-110.<\/figure>\n<\/div>\n<p><img decoding=\"async\" class=\"wp-image-2162 size-full\" src=\"https:\/\/swingbearing.net\/wp-content\/uploads\/2024\/03\/00001.jpg\" alt=\"pomp\u0103 hidraulic\u0103 pentru excavator\" width=\"837\" height=\"777\" srcset=\"https:\/\/swingbearing.net\/wp-content\/uploads\/2024\/03\/00001.jpg 837w, https:\/\/swingbearing.net\/wp-content\/uploads\/2024\/03\/00001-300x278.jpg 300w, https:\/\/swingbearing.net\/wp-content\/uploads\/2024\/03\/00001-768x713.jpg 768w, https:\/\/swingbearing.net\/wp-content\/uploads\/2024\/03\/00001-13x12.jpg 13w, https:\/\/swingbearing.net\/wp-content\/uploads\/2024\/03\/00001-600x557.jpg 600w\" sizes=\"(max-width: 837px) 100vw, 837px\" \/><\/p>\n<div id=\"attachment_2163\" style=\"width: 847px\" class=\"wp-caption alignnone\"><img decoding=\"async\" aria-describedby=\"caption-attachment-2163\" class=\"wp-image-2163 size-full\" src=\"https:\/\/swingbearing.net\/wp-content\/uploads\/2024\/03\/00002.jpg\" alt=\"pomp\u0103 hidraulic\u0103 pentru excavator\" width=\"837\" height=\"677\" srcset=\"https:\/\/swingbearing.net\/wp-content\/uploads\/2024\/03\/00002.jpg 837w, https:\/\/swingbearing.net\/wp-content\/uploads\/2024\/03\/00002-300x243.jpg 300w, https:\/\/swingbearing.net\/wp-content\/uploads\/2024\/03\/00002-768x621.jpg 768w, https:\/\/swingbearing.net\/wp-content\/uploads\/2024\/03\/00002-15x12.jpg 15w, https:\/\/swingbearing.net\/wp-content\/uploads\/2024\/03\/00002-600x485.jpg 600w\" sizes=\"(max-width: 837px) 100vw, 837px\" \/><p id=\"caption-attachment-2163\" class=\"wp-caption-text\"><a href=\"https:\/\/swingbearing.net\/ro\/hydraulic-motor\/\">pomp\u0103 hidraulic\u0103 pentru excavator<\/a><\/p><\/div>\n<p>Corpul pompei hidraulice este componenta central\u0103 a pompei hidraulice a excavatorului, folosind de obicei o pomp\u0103 cu ro\u021bi din\u021bate sau o pomp\u0103 cu piston.Exist\u0103 o pereche de ro\u021bi din\u021bate sau pistoane care se angreneaz\u0103 \u00eentre ele \u00een interiorul corpului pompei hidraulice, form\u00e2nd un anumit volum \u00een interiorul corpului pompei. C\u00e2nd arborele de transmisie al pompei hidraulice se rote\u0219te, angrenajul sau pistonul se rote\u0219te \u00een consecin\u021b\u0103, modific\u00e2nd astfel volumul camerei pompei.<\/p>\n<p>C\u00e2nd volumul camerei pompei cre\u0219te, presiunea din interiorul pompei scade, iar uleiul hidraulic intr\u0103 \u00een camera pompei prin orificiul de aspira\u021bie; c\u00e2nd volumul camerei pompei scade, presiunea din interiorul pompei cre\u0219te, iar uleiul hidraulic iese din camera pompei prin orificiul de presiune. Prin intermediul acestui principiu de func\u021bionare, pompa hidraulic\u0103 poate aspira \u0219i evacua continuu uleiul hidraulic, form\u00e2nd o energie hidraulic\u0103 stabil\u0103.<\/p>\n<p>\u00cen timpul func\u021bion\u0103rii, pompa hidraulic\u0103 trebuie s\u0103 fie conectat\u0103 cu alte sisteme, ceea ce necesit\u0103 ac\u021biunea arborelui de transmisie \u0219i a cuplajului. Arborele de transmisie transfer\u0103 puterea motorului c\u0103tre pompa hidraulic\u0103, determin\u00e2nd-o s\u0103 se roteasc\u0103; Cuplajul conecteaz\u0103 pompa hidraulic\u0103 la arborele de transmisie pentru a asigura func\u021bionarea sincron\u0103 a acestora. Sistemul de control al pompei hidraulice este responsabil pentru controlul parametrilor de pornire, oprire \u0219i presiune de lucru ai pompei hidraulice. Atunci c\u00e2nd excavatorul trebuie s\u0103 lucreze, sistemul de control va trimite un semnal c\u0103tre pompa hidraulic\u0103 pentru a porni \u0219i va furniza presiunea de lucru corespunz\u0103toare.<\/p>\n<p>Atunci c\u00e2nd excavatorul nu trebuie s\u0103 func\u021bioneze, sistemul de control va opri func\u021bionarea pompei hidraulice pentru a economisi energie. \u00cen general, principiul de lucru al pompei hidraulice a excavatorului este acela de a converti energia mecanic\u0103 \u00een energie hidraulic\u0103 prin intermediul corpului pompei hidraulice \u0219i de a o transmite altor actuatoare hidraulice prin intermediul sistemului hidraulic pentru a realiza ac\u021biunea excavatorului.<\/p>\n<p>Func\u021bionarea pompelor hidraulice necesit\u0103 coordonarea arborelui de transmisie \u0219i a cuplajului, iar sistemul de control controleaz\u0103 parametrii de pornire, oprire \u0219i presiune de lucru. Principiul de func\u021bionare al pompei hidraulice a excavatorului este simplu, dar este cheia func\u021bion\u0103rii normale a excavatorului. Numai prin asigurarea func\u021bion\u0103rii normale a pompei hidraulice se pot \u00eembun\u0103t\u0103\u021bi eficien\u021ba \u0219i performan\u021ba excavatorului. Prin urmare, \u00een procesul de operare \u0219i \u00eentre\u021binere a excavatoarelor, este necesar s\u0103 se \u00een\u021beleag\u0103 clar principiul de func\u021bionare a pompelor hidraulice \u0219i s\u0103 se efectueze \u00een timp util lucr\u0103ri de \u00eentre\u021binere \u0219i mentenan\u021b\u0103 pentru a asigura func\u021bionarea normal\u0103 a excavatoarelor.<\/p>\n<div id=\"attachment_2159\" style=\"width: 978px\" class=\"wp-caption aligncenter\"><a href=\"https:\/\/national-bearing.com\/excavator-swing-bearings-slewing-rings-cat\/\" target=\"_blank\" rel=\"noopener\"><img decoding=\"async\" aria-describedby=\"caption-attachment-2159\" class=\"wp-image-2158\" src=\"https:\/\/swingbearing.net\/wp-content\/uploads\/2024\/03\/\u5fae\u4fe1\u622a\u56fe_20240320145420.jpg\" alt=\" pomp\u0103 hidraulic\u0103 pentru excavator\" width=\"968\" height=\"575\" srcset=\"https:\/\/swingbearing.net\/wp-content\/uploads\/2024\/03\/\u5fae\u4fe1\u622a\u56fe_20240320145420.jpg 842w, https:\/\/swingbearing.net\/wp-content\/uploads\/2024\/03\/\u5fae\u4fe1\u622a\u56fe_20240320145420-300x178.jpg 300w, https:\/\/swingbearing.net\/wp-content\/uploads\/2024\/03\/\u5fae\u4fe1\u622a\u56fe_20240320145420-768x456.jpg 768w, https:\/\/swingbearing.net\/wp-content\/uploads\/2024\/03\/\u5fae\u4fe1\u622a\u56fe_20240320145420-18x12.jpg 18w, https:\/\/swingbearing.net\/wp-content\/uploads\/2024\/03\/\u5fae\u4fe1\u622a\u56fe_20240320145420-600x356.jpg 600w\" sizes=\"(max-width: 968px) 100vw, 968px\" \/><\/a><p id=\"caption-attachment-2159\" class=\"wp-caption-text\"><img decoding=\"async\" class=\"wp-image-2160 aligncenter\" style=\"font-size: 16px;\" src=\"https:\/\/swingbearing.net\/wp-content\/uploads\/2024\/03\/\u5fae\u4fe1\u56fe\u7247_20240320143749.png\" alt=\" pomp\u0103 hidraulic\u0103 pentru excavator\" width=\"972\" height=\"311\" srcset=\"https:\/\/swingbearing.net\/wp-content\/uploads\/2024\/03\/\u5fae\u4fe1\u56fe\u7247_20240320143749.png 1043w, https:\/\/swingbearing.net\/wp-content\/uploads\/2024\/03\/\u5fae\u4fe1\u56fe\u7247_20240320143749-300x96.png 300w, https:\/\/swingbearing.net\/wp-content\/uploads\/2024\/03\/\u5fae\u4fe1\u56fe\u7247_20240320143749-1024x328.png 1024w, https:\/\/swingbearing.net\/wp-content\/uploads\/2024\/03\/\u5fae\u4fe1\u56fe\u7247_20240320143749-768x246.png 768w, https:\/\/swingbearing.net\/wp-content\/uploads\/2024\/03\/\u5fae\u4fe1\u56fe\u7247_20240320143749-18x6.png 18w, https:\/\/swingbearing.net\/wp-content\/uploads\/2024\/03\/\u5fae\u4fe1\u56fe\u7247_20240320143749-600x192.png 600w\" sizes=\"(max-width: 972px) 100vw, 972px\" \/><\/p><\/div>\n<p>pomp\u0103 hidraulic\u0103 pentru excavator<\/p>","protected":false},"excerpt":{"rendered":"<p>pomp\u0103 hidraulic\u0103 pentru excavator<\/p>\n<pre title=\"K7V63DTP-9N03 pentru Doosan Dx140lcr-3 Produc\u0103tor Furnizor de pompe hidraulice pentru piese de excavator cu supap\u0103 solenoidal\u0103\" data-spm-anchor-id=\"a2700.details.0.i49.7222be96aP5ElP\"><\/pre>","protected":false},"featured_media":2134,"template":"","meta":[],"product_brand":[],"product_cat":[34],"product_tag":[],"class_list":{"0":"post-2202","1":"product","2":"type-product","3":"status-publish","4":"has-post-thumbnail","6":"product_cat-hydraulic-pumps","8":"first","9":"instock","10":"shipping-taxable","11":"product-type-simple"},"_links":{"self":[{"href":"https:\/\/swingbearing.net\/ro\/wp-json\/wp\/v2\/product\/2202","targetHints":{"allow":["GET"]}}],"collection":[{"href":"https:\/\/swingbearing.net\/ro\/wp-json\/wp\/v2\/product"}],"about":[{"href":"https:\/\/swingbearing.net\/ro\/wp-json\/wp\/v2\/types\/product"}],"wp:featuredmedia":[{"embeddable":true,"href":"https:\/\/swingbearing.net\/ro\/wp-json\/wp\/v2\/media\/2134"}],"wp:attachment":[{"href":"https:\/\/swingbearing.net\/ro\/wp-json\/wp\/v2\/media?parent=2202"}],"wp:term":[{"taxonomy":"product_brand","embeddable":true,"href":"https:\/\/swingbearing.net\/ro\/wp-json\/wp\/v2\/product_brand?post=2202"},{"taxonomy":"product_cat","embeddable":true,"href":"https:\/\/swingbearing.net\/ro\/wp-json\/wp\/v2\/product_cat?post=2202"},{"taxonomy":"product_tag","embeddable":true,"href":"https:\/\/swingbearing.net\/ro\/wp-json\/wp\/v2\/product_tag?post=2202"}],"curies":[{"name":"wp","href":"https:\/\/api.w.org\/{rel}","templated":true}]}}