{"id":2069,"date":"2024-03-08T06:40:15","date_gmt":"2024-03-08T06:40:15","guid":{"rendered":"https:\/\/swingbearing.net\/?post_type=product&#038;p=2069"},"modified":"2024-03-08T06:44:36","modified_gmt":"2024-03-08T06:44:36","slug":"final-drive-kla0156cx160","status":"publish","type":"product","link":"https:\/\/swingbearing.net\/ro\/product\/final-drive-kla0156cx160\/","title":{"rendered":"Reducerea cursei de deplasare CASE Cx160 Kla0156 Kla10030,Kla10710"},"content":{"rendered":"<h4>Putem furniza o gam\u0103 extins\u0103 de motoare de deplasare\/ansamblu de ac\u021bionare final\u0103\/cutii de viteze de reducere a deplas\u0103rii pentru excavatoare.<\/h4>\n<p>Un motor de deplasare (transmisie final\u0103) este un dispozitiv mecanic utilizat \u00een principal pentru a ac\u021biona dispozitive electrice, cum ar fi robo\u021bii, scuterele \u0219i bicicletele electrice, \u00eenainte sau la lucru. Principiul s\u0103u de lucru de baz\u0103 este de a utiliza principiul induc\u021biei electromagnetice pentru a genera un cuplu de rota\u021bie \u0219i apoi de a reduce viteza prin intermediul dispozitivului de reducere a angrenajului intern pentru a ac\u021biona ro\u021bile sau lan\u021burile externe pentru a se deplasa. Din punct de vedere structural, motorul de deplasare este compus, de obicei, dintr-un motor hidraulic de mare vitez\u0103, fr\u00e2n\u0103, reductor planetar, grup de supape etc. \u0219i adopt\u0103 un design de rulmen\u021bi cu role conice cu sarcin\u0103 ridicat\u0103 pentru a suporta for\u021bele axiale \u0219i radiale generate de excavator \u00een timpul func\u021bion\u0103rii \u0219i \u00eentoarcerii.<br \/>\nEchipa noastr\u0103 de v\u00e2nz\u0103ri experimentat\u0103 are la \u00eendem\u00e2n\u0103 o mul\u021bime de cuno\u0219tin\u021be \u0219i experien\u021b\u0103 \u00een domeniul motoarelor finale de c\u0103l\u0103torie pentru a se asigura c\u0103 v\u0103 \u00eendeplinim rapid \u0219i eficient din punct de vedere al costurilor cerin\u021bele dumneavoastr\u0103 \u00een materie de motoare de c\u0103l\u0103torie.<\/p>\n<p><strong>\u00a0M\u0103rcile acceptate<\/strong><br \/>\n\u00cen prezent, putem furniza motoare de deplasare pentru o selec\u021bie larg\u0103 de excavatoare fabricate de companii precum Komatsu, Caterpillar, Volvo, Case, Doosan, Sumitomo, Hyundai, Kobelco, JCB, Liugong, Sany, XCMG \u0219i Hitachi.<\/p>\n<h4>Legate de Case Excavator de c\u0103l\u0103torie cu motor de deplasare Assy<\/h4>\n<figure class=\"wp-block-table is-style-stripes has-small-font-size\">\n<table class=\"has-cyan-bluish-gray-background-color has-background\" style=\"height: 675px;\" width=\"807\">\n<tbody>\n<tr>\n<td width=\"413\">LJ015920 KLA10710 CX130B<\/td>\n<td width=\"357\">\u00a0KSA10220 LJ013790 LN001600 CX370B<\/td>\n<\/tr>\n<tr>\n<td width=\"413\">\u00a0LJ015920 CX135SR<\/td>\n<td width=\"357\">\u00a0KSA10222 LJ018710 LN002190 CX350B<\/td>\n<\/tr>\n<tr>\n<td width=\"413\">\u00a0LJ013420 KNA10460 LJ013420 164693A1 CX130<\/td>\n<td width=\"357\">KSA10221 LJ013790 LN001600 CX350B<\/td>\n<\/tr>\n<tr>\n<td width=\"413\">\u00a0KWA0018 CX700<\/td>\n<td width=\"357\">\u00a0KSA10220 LJ013790 LN001600 CX350B<\/td>\n<\/tr>\n<tr>\n<td width=\"413\">\u00a0KWA0017 KWA0017 KWA0019 KWA0018 CX700B<\/td>\n<td width=\"357\">\u00a0KRA1860 KRA10120 CX180<\/td>\n<\/tr>\n<tr>\n<td width=\"413\">\u00a0KWA0017 KWA0019 CX750D<\/td>\n<td width=\"357\">KSA10220 KSA10221 KSA10222 CX330<\/td>\n<\/tr>\n<tr>\n<td width=\"413\">\u00a0KUA10590 KUA10580 CX800 CX800B<\/td>\n<td width=\"357\">\u00a0KBA14710 CX250D<\/td>\n<\/tr>\n<tr>\n<td width=\"413\">\u00a0KTA1070 LN00102 LJ00993 CX460<\/td>\n<td width=\"357\">\u00a0KRA15450 KRA14000 KRA10150 CX210B CX220B<\/td>\n<\/tr>\n<tr>\n<td width=\"413\">\u00a0KTA10192 LN003780 CX490C CX500C<\/td>\n<td width=\"357\">KBA14710 CX230D CX240C CX260C CX290D<\/td>\n<\/tr>\n<tr>\n<td width=\"413\">\u00a0KTA10192 LN001990 LJ018720 CX470C<\/td>\n<td width=\"357\">\u00a0KBA13690 CX235C<\/td>\n<\/tr>\n<tr>\n<td width=\"413\">\u00a0KTA10192 KTA10192 KTA10192 CX490D CX500D<\/td>\n<td width=\"357\">\u00a0KBA1319 LN00092 KBA1312 LN00133 CX290<\/td>\n<\/tr>\n<tr>\n<td width=\"413\">\u00a0KTA10192 LN001990 LJ018720 CX470B<\/td>\n<td width=\"357\">\u00a0KBA12640 KBA13690 CX250C<\/td>\n<\/tr>\n<tr>\n<td width=\"413\">\u00a0KTA10191 LN001990 LJ015030 CX470B<\/td>\n<td width=\"357\">\u00a0KBA10750 LJ014910 LN001980 CX300B<\/td>\n<\/tr>\n<tr>\n<td width=\"413\">\u00a0KTA10190 LN001990 LJ015030 CX470B<\/td>\n<td width=\"357\">\u00a0KBA10750 LJ014910 LN001980 CX290B<\/td>\n<\/tr>\n<tr>\n<td width=\"413\">\u00a0KSA15860 LJ018770 CX300C<\/td>\n<td width=\"357\">\u00a0KBA10290 KBA12640 CX230B CX240B<\/td>\n<\/tr>\n<tr>\n<td width=\"413\">\u00a0KSA14090 CX350D CX370D<\/td>\n<td width=\"357\">KBA10060 LN001410 CX230<\/td>\n<\/tr>\n<tr>\n<td width=\"413\">\u00a0KSA13050 CX380C LN002190 LJ018710 CX350C<\/td>\n<td width=\"357\">\u00a0KBA10060 KBA1024 CX225SR<\/td>\n<\/tr>\n<tr>\n<td width=\"413\">\u00a0KSA1298 KSA1288 CX350<\/td>\n<td width=\"357\">\u00a0KBA10060 CX240<\/td>\n<\/tr>\n<tr>\n<td width=\"413\">\u00a0KSA10222 LJ018710 CX370C<\/td>\n<td width=\"357\">\u00a0KAA1132 LN00106 CX80<\/td>\n<\/tr>\n<tr>\n<td width=\"413\">\u00a0LJ013790 LN001600 CX360B<\/td>\n<td width=\"357\">\u00a0KAA10310 CX75C<\/td>\n<\/tr>\n<tr>\n<td width=\"413\">\u00a0KSA10221 LJ013790 LN001600 KSC10070 CX370B<\/td>\n<td width=\"357\">47813966 KRA16480 CX180D LC<\/td>\n<\/tr>\n<tr>\n<td width=\"413\">\u00a047875247 CX160D LC<\/td>\n<td width=\"357\">47789945 CX300D 47757461 CX240D<\/td>\n<\/tr>\n<\/tbody>\n<\/table>\n<table width=\"601\">\n<tbody>\n<tr>\n<td width=\"601\">\u00a0CX80: KAA10310, KAA1132 LN017130 LJ01025 LN002390 LN00106<\/td>\n<\/tr>\n<tr>\n<td>Cazul CX75: KAA10310, KAA1132, LN017130, LJ01025.<\/td>\n<\/tr>\n<tr>\n<td>Case CX60: transmisie pe \u0219enile 31M8-40040CG.<\/td>\n<\/tr>\n<tr>\n<td>Case CX39: trac\u021biune pe \u0219enile 72280157.<\/td>\n<\/tr>\n<tr>\n<td>\u00a0Case CX36: transmisie pe \u0219enile PX15V00020F2<\/td>\n<\/tr>\n<tr>\n<td>Case CX350: transmisie final\u0103 KSA10220, KSA1298<\/td>\n<\/tr>\n<tr>\n<td>\u00a0Case CX35: 47043513, motor de deplasare 47046013<\/td>\n<\/tr>\n<tr>\n<td>\u00a0CX330: KSA10220, KSA1101, KSA1298, KSA1322<\/td>\n<\/tr>\n<tr>\n<td>Case CX290: transmisie final\u0103 KBA1137, KBA10750.<\/td>\n<\/tr>\n<tr>\n<td>Case CX28: trac\u021biune pe \u0219enile 47043512<\/td>\n<\/tr>\n<tr>\n<td>Case CX27: PM15V00021F1, 72281630<\/td>\n<\/tr>\n<tr>\n<td>Cazul CX25: PV15V00018F1<\/td>\n<\/tr>\n<tr>\n<td>Case CX240: transmisie final\u0103 KBA10290, KBA1024, KRA10120<\/td>\n<\/tr>\n<tr>\n<td>\u00a0Case CX23: transmisie pe \u0219enile PM15V00009F1<\/td>\n<\/tr>\n<tr>\n<td>Case CX225SR: KBA1024, KBA1318, KRA12910, KBA10060.<\/td>\n<\/tr>\n<tr>\n<td>Case CX22: trac\u021biune pe \u0219enile 72282278<\/td>\n<\/tr>\n<tr>\n<td width=\"601\">\u00a0CX210B, CX210C-LR, CaseCX 210C-LC, Case CX210C-NLC.<\/td>\n<\/tr>\n<tr>\n<td width=\"601\">Case CX180 KRA1860, CX180C: KRA15450.CX180B: fKRA12910<\/td>\n<\/tr>\n<tr>\n<td>Case CX17: transmisie final\u0103 PU15V00018F1, PU15V00021F1<\/td>\n<\/tr>\n<tr>\n<td>Case CX18: trac\u021biune pe \u0219enile 72271598<\/td>\n<\/tr>\n<tr>\n<td width=\"601\">Case CX160: transmisie pe \u0219enile KLA0156, KLA10030, KLA10710,<br \/>\nCase CX160B: transmisie final\u0103, transmisie pe \u0219enile LN00083, LN002060<\/td>\n<\/tr>\n<tr>\n<td>Case CX15: transmisie final\u0103, transmisie pe \u0219enile 72271598, 87595370.<\/td>\n<\/tr>\n<tr>\n<td>Case CX16: transmisie final\u0103, transmisie pe \u0219enile 47043305, 72271598.<\/td>\n<\/tr>\n<tr>\n<td>\u00a0Case CX135SR: KNA10520 LJ015920, transmisie pe \u0219enile LN0002260<\/td>\n<\/tr>\n<tr>\n<td width=\"601\">\u00a0CX130:169351A1, KNA10460, LJ013420, LN00072, 164693A1<\/td>\n<\/tr>\n<tr>\n<td>Case CK50: transmisie pe \u0219enile 6867761290, 6867113300<\/td>\n<\/tr>\n<tr>\n<td>Case CK52: transmisie final\u0103, transmisie pe \u0219enile 200166A1<\/td>\n<\/tr>\n<tr>\n<td>Case CK38: transmisie pe \u0219enile 200107A1.<\/td>\n<\/tr>\n<tr>\n<td>Case CK36: transmisie final\u0103, transmisie pe \u0219enile 6865761290.<\/td>\n<\/tr>\n<tr>\n<td>Cazul 1188: transmisie pe \u0219enile J2948562<\/td>\n<\/tr>\n<tr>\n<td>Case 9020: transmisie pe \u0219enile 161303A1, KLA0134<\/td>\n<\/tr>\n<tr>\n<td>Cazul CK13: 6815761290, 6971561290, 6971561292<\/td>\n<\/tr>\n<tr>\n<td>Cazul CK15: 6815761290, 6971561290, 6971561292<\/td>\n<\/tr>\n<tr>\n<td>Case CK32: transmisie pe \u0219enile 200035A1<\/td>\n<\/tr>\n<tr>\n<td>Case CK28: transmisie final\u0103, transmisie pe \u0219enile 6831161390<\/td>\n<\/tr>\n<tr>\n<td>\u00a0Case CX460 KTA10190 LJ015030<\/td>\n<\/tr>\n<tr>\n<td>\u00a0Case CX130B: KNA10520, LJ015920 LN0002260.<\/td>\n<\/tr>\n<tr>\n<td>Case CX210 KRA1426, KRA10150, KRA15450, KRA12900, KRA10120<\/td>\n<\/tr>\n<\/tbody>\n<\/table>\n<\/figure>\n<h4><strong>\u00a0Motor \u0219i cutie de viteze disponibile Model:<\/strong><\/h4>\n<figure class=\"wp-block-table is-style-stripes has-small-font-size\">1188 CK 1188 LC 1288CK 1288NLC 15 16 23 23 28 31 35 588 688 688 688B 688B CK 788CK 788LC 788LLC 888 888 Amfibiu 888B CK 888B CKE 888B CKL 9007 9007B 9010 9010B 9013 9020 9020B 9021 9030 9030B 9040 9040B 988 CK CK15 CK13 CK15 CK15 CK25 CK28 CK32 CK36 CK38 CK50 CK52 CX130 CX130B CX130C CX135SR CX14 CX145C SR CX15 CX15 CX15B CX16 CX16B CX17B CX180 CX180B CX18B CX20B CX210 CX210B CX210BLR CX210BNLC CX210LR CX210N CX225SR CX22B CX23 CX230 CX230B CX235C SR CX240 CX240B CX240BLR CX240LC CX240LC CX240LR CX240NLC CX25 CX250C LR CX26B CX27B CX28 CX290 CX290B CX300C CX30B CX31 CX31B CX330 CX35 CX350 CX350B CX36 CX36B CX40B CX45B CX47 CX50 CX50B CX55B CX75C SR CX75SR CX80 CX80C TR320 420CT 440CT 445CT 450CT TR270 TV380 9030B TK CX250C CX330B CX350C CX370C<\/figure>\n<div id=\"attachment_2045\" style=\"width: 425px\" class=\"wp-caption alignnone\"><img decoding=\"async\" aria-describedby=\"caption-attachment-2045\" class=\"wp-image-2045\" src=\"https:\/\/swingbearing.net\/wp-content\/uploads\/2024\/03\/\u884c\u8d70_01-300x99.jpg\" alt=\"motor de deplasare\" width=\"415\" height=\"137\" srcset=\"https:\/\/swingbearing.net\/wp-content\/uploads\/2024\/03\/\u884c\u8d70_01-300x99.jpg 300w, https:\/\/swingbearing.net\/wp-content\/uploads\/2024\/03\/\u884c\u8d70_01-18x6.jpg 18w, https:\/\/swingbearing.net\/wp-content\/uploads\/2024\/03\/\u884c\u8d70_01-600x199.jpg 600w, https:\/\/swingbearing.net\/wp-content\/uploads\/2024\/03\/\u884c\u8d70_01.jpg 749w\" sizes=\"(max-width: 415px) 100vw, 415px\" \/><p id=\"caption-attachment-2045\" class=\"wp-caption-text\"><a href=\"https:\/\/swingbearing.net\/ro\/travel-reducer\/\">motor de mers<\/a><\/p><\/div>\n<div id=\"attachment_2046\" style=\"width: 445px\" class=\"wp-caption alignnone\"><img decoding=\"async\" aria-describedby=\"caption-attachment-2046\" class=\"wp-image-2046\" src=\"https:\/\/swingbearing.net\/wp-content\/uploads\/2024\/03\/\u884c\u8d70_03-300x100.jpg\" alt=\"motor de deplasare\" width=\"435\" height=\"145\" srcset=\"https:\/\/swingbearing.net\/wp-content\/uploads\/2024\/03\/\u884c\u8d70_03-300x100.jpg 300w, https:\/\/swingbearing.net\/wp-content\/uploads\/2024\/03\/\u884c\u8d70_03-18x6.jpg 18w, https:\/\/swingbearing.net\/wp-content\/uploads\/2024\/03\/\u884c\u8d70_03-600x201.jpg 600w, https:\/\/swingbearing.net\/wp-content\/uploads\/2024\/03\/\u884c\u8d70_03.jpg 750w\" sizes=\"(max-width: 435px) 100vw, 435px\" \/><p id=\"caption-attachment-2046\" class=\"wp-caption-text\"><a href=\"https:\/\/swingbearing.net\/ro\/hydraulic-motor\/\">transmisie final\u0103 de deplasare<\/a><\/p><\/div>\n<div id=\"attachment_2047\" style=\"width: 450px\" class=\"wp-caption alignnone\"><img decoding=\"async\" aria-describedby=\"caption-attachment-2047\" class=\"wp-image-2047\" src=\"https:\/\/swingbearing.net\/wp-content\/uploads\/2024\/03\/\u884c\u8d70_04-300x101.jpg\" alt=\"Reducerea c\u0103l\u0103toriilor\" width=\"440\" height=\"148\" srcset=\"https:\/\/swingbearing.net\/wp-content\/uploads\/2024\/03\/\u884c\u8d70_04-300x101.jpg 300w, https:\/\/swingbearing.net\/wp-content\/uploads\/2024\/03\/\u884c\u8d70_04-18x6.jpg 18w, https:\/\/swingbearing.net\/wp-content\/uploads\/2024\/03\/\u884c\u8d70_04-600x202.jpg 600w, https:\/\/swingbearing.net\/wp-content\/uploads\/2024\/03\/\u884c\u8d70_04.jpg 750w\" sizes=\"(max-width: 440px) 100vw, 440px\" \/><p id=\"caption-attachment-2047\" class=\"wp-caption-text\"><a href=\"https:\/\/swingbearing.net\/ro\/swing-bearing\/\">Reducerea c\u0103l\u0103toriilor<\/a><\/p><\/div>","protected":false},"excerpt":{"rendered":"<h5 class=\"ct-headline\">Categorii: Case Travel Motor Motor hidraulic Motor hidraulic Transmisie final\u0103<br \/>\nModel: Cx160<br \/>\nNr. pies\u0103: Kla0156 Kla10030, Kla10710<\/h5>","protected":false},"featured_media":2055,"template":"","meta":[],"product_brand":[],"product_cat":[26],"product_tag":[],"class_list":{"0":"post-2069","1":"product","2":"type-product","3":"status-publish","4":"has-post-thumbnail","6":"product_cat-hydraulic-motors","8":"first","9":"instock","10":"shipping-taxable","11":"product-type-simple"},"_links":{"self":[{"href":"https:\/\/swingbearing.net\/ro\/wp-json\/wp\/v2\/product\/2069","targetHints":{"allow":["GET"]}}],"collection":[{"href":"https:\/\/swingbearing.net\/ro\/wp-json\/wp\/v2\/product"}],"about":[{"href":"https:\/\/swingbearing.net\/ro\/wp-json\/wp\/v2\/types\/product"}],"wp:featuredmedia":[{"embeddable":true,"href":"https:\/\/swingbearing.net\/ro\/wp-json\/wp\/v2\/media\/2055"}],"wp:attachment":[{"href":"https:\/\/swingbearing.net\/ro\/wp-json\/wp\/v2\/media?parent=2069"}],"wp:term":[{"taxonomy":"product_brand","embeddable":true,"href":"https:\/\/swingbearing.net\/ro\/wp-json\/wp\/v2\/product_brand?post=2069"},{"taxonomy":"product_cat","embeddable":true,"href":"https:\/\/swingbearing.net\/ro\/wp-json\/wp\/v2\/product_cat?post=2069"},{"taxonomy":"product_tag","embeddable":true,"href":"https:\/\/swingbearing.net\/ro\/wp-json\/wp\/v2\/product_tag?post=2069"}],"curies":[{"name":"wp","href":"https:\/\/api.w.org\/{rel}","templated":true}]}}