{"id":2065,"date":"2024-03-08T06:28:34","date_gmt":"2024-03-08T06:28:34","guid":{"rendered":"https:\/\/swingbearing.net\/?post_type=product&#038;p=2065"},"modified":"2024-03-11T03:55:55","modified_gmt":"2024-03-11T03:55:55","slug":"travel-motor-ec290b","status":"publish","type":"product","link":"https:\/\/swingbearing.net\/ro\/product\/travel-motor-ec290b\/","title":{"rendered":"Motor hidraulic de deplasare SA7117-38020 SA7240-10402 Reducerea cursei EC290B"},"content":{"rendered":"<h4>Putem furniza o gam\u0103 extins\u0103 de motoare de deplasare\/ansamblu de ac\u021bionare final\u0103\/cutii de viteze de reducere a deplas\u0103rii pentru excavatoare.<\/h4>\n<p>Un motor de deplasare (transmisie final\u0103) este un dispozitiv mecanic utilizat \u00een principal pentru a ac\u021biona dispozitive electrice, cum ar fi robo\u021bii, scuterele \u0219i bicicletele electrice, \u00eenainte sau la lucru. Principiul s\u0103u de lucru de baz\u0103 este de a utiliza principiul induc\u021biei electromagnetice pentru a genera un cuplu de rota\u021bie \u0219i apoi de a reduce viteza prin intermediul dispozitivului de reducere a angrenajului intern pentru a ac\u021biona ro\u021bile sau lan\u021burile externe pentru a se deplasa. Din punct de vedere structural, motorul de deplasare este compus, de obicei, dintr-un motor hidraulic de mare vitez\u0103, fr\u00e2n\u0103, reductor planetar, grup de supape etc. \u0219i adopt\u0103 un design de rulmen\u021bi cu role conice cu sarcin\u0103 ridicat\u0103 pentru a suporta for\u021bele axiale \u0219i radiale generate de excavator \u00een timpul func\u021bion\u0103rii \u0219i \u00eentoarcerii.<br \/>\nEchipa noastr\u0103 de v\u00e2nz\u0103ri experimentat\u0103 are la \u00eendem\u00e2n\u0103 o mul\u021bime de cuno\u0219tin\u021be \u0219i experien\u021b\u0103 \u00een domeniul motoarelor finale de c\u0103l\u0103torie pentru a se asigura c\u0103 v\u0103 \u00eendeplinim rapid \u0219i eficient din punct de vedere al costurilor cerin\u021bele dumneavoastr\u0103 \u00een materie de motoare de c\u0103l\u0103torie.<\/p>\n<p><strong>\u00a0M\u0103rcile acceptate<\/strong><br \/>\n\u00cen prezent, putem furniza motoare de deplasare pentru o selec\u021bie larg\u0103 de excavatoare fabricate de companii precum Komatsu, Caterpillar, Volvo, Case, Doosan, Sumitomo, Hyundai, Kobelco, JCB, Liugong, Sany, XCMG \u0219i Hitachi.<\/p>\n<h4>\u00cen leg\u0103tur\u0103 cu ansamblul motorului de deplasare al excavatorului Volvo<\/h4>\n<figure class=\"wp-block-table is-style-stripes has-small-font-size\">\n<table class=\"has-cyan-bluish-gray-background-color has-background\">\n<tbody>\n<tr>\n<td width=\"598\">\u00a0Volvo EC150, Volvo EC150LC unitate de trac\u021biune cu deplasare: SA7117-30011,<br \/>\n\u2013 Volvo 150 Akerman travel drive unit: 14216035,<br \/>\n\u2013 Volvo 150C, Volvo 150 gearbox: 14214704 motor: 14268106<\/td>\n<td width=\"614\">Unitate de trac\u021biune Volvo 160: 14370176,<br \/>\n- Unitate de trac\u021biune Volvo 160BLC\/BNLC: 14515045, 14528730,<br \/>\n\u2013 Volvo 160CL\/CNL travel drive unit: 14538585<\/td>\n<\/tr>\n<tr>\n<td width=\"598\">Unitate de trac\u021biune Volvo 180BLC: 145212111, 14528731,<br \/>\n180CL 14538586<\/td>\n<td width=\"614\">EC210\/F\/LC\/NLC\/BF\/BFX\/BLC\/BLR\/BNLC\/BNC\/BNC\/CL\/LD\/LR\/N\/NL SA7117-30030, 14525366, 14528732, 14528930<\/td>\n<\/tr>\n<tr>\n<td width=\"598\">Unitate de trac\u021biune Volvo EC 200\/200B: 14528732<\/td>\n<td width=\"614\">Unitate de trac\u021biune Volvo EC 235\/235-C: 14550250<\/td>\n<\/tr>\n<tr>\n<td width=\"598\">Numerele de referin\u021b\u0103 Volvo EC210, Volvo EC210F, Volvo EC210LC, Volvo EC210NLC, Volvo EC210BF, Volvo EC210BFX, Volvo EC210BLC, Volvo EC210BLR, Volvo EC210BNLC, Volvo EC210BNC, Volvo EC210CL, Volvo EC210LD, Volvo EC210LR, Volvo EC210N, Volvo EC210NL, Volvo EC210NL: SA7117-30030, 14525366, 14528732, 14528930.<\/td>\n<td width=\"614\">Volvo EC290, 290LC, 290LR, 290NLC: transmisie final\u0103: SA7117-38001, transmisie pe \u0219enile: SA7240-10402, cutie de viteze: SA7117-38050,<br \/>\nVolvo EC290BFX ,EC 290BLC: SA7117-38020, VOE14521691, VOE14522894, VOE14551154<br \/>\nVolvo EC290 BLR , EC290 BNLC: final drive: VOE14509996, VOE14521389, VOE14528280.<\/td>\n<\/tr>\n<tr>\n<td width=\"598\">Volvo EC 240\/LC\/LR\/NLC\/B\/B\/B-LC\/B-LR\/B-NLC\/C\/CL\/CL\/C-LD\/C-LR\/C-NL unitate de ac\u021bionare a deplas\u0103rii:  SA7117-34001, SA8230-21631, 14528734, 14533652, 14528258<\/td>\n<td width=\"614\">Numerele pieselor Volvo ECR 88 pentru unitatea de transmisie de deplasare: 14516538, motor de deplasare: 14520757<\/td>\n<\/tr>\n<tr>\n<td width=\"598\">Volvo EC360, Volvo EC360LC, Volvo EC360NLC, Volvo EC360B, Volvo EC360B-LC, Volvo EC360B-LR, Volvo EC360B-NLC, Volvo EC360C, Volvo EC360CL, Volvo EC360C, Volvo EC360CL, Volvo<\/td>\n<td width=\"614\">EC360C-LD, Volvo EC360C-LR, Volvo EC360C-NL excavator<br \/>\n- Volvo EC 360 SA7117-45010, 14551150, 14566400, 14513049, 14521695, 14522994<\/td>\n<\/tr>\n<tr>\n<td width=\"598\">Numerele pieselor Volvo ECR 145 pentru unitatea de antrenare a deplas\u0103rii: 14573820, 14614941<\/td>\n<td width=\"614\">Unitate de trac\u021biune Volvo G726: 12725795<\/td>\n<\/tr>\n<tr>\n<td width=\"598\">EC460 EC460B VOE 14508165 EC460 EC480<\/td>\n<td width=\"614\">EC700 EC700B EC700BLC VOE 14522564<\/td>\n<\/tr>\n<tr>\n<td width=\"598\">EC460 EC480 14733880 14733880 14727995 EC460 EC460 EC460B<\/td>\n<td width=\"614\">7117-38020 Ansamblu transmisie final\u0103 EC290 Vol Vo<\/td>\n<\/tr>\n<tr>\n<td width=\"598\">\u00a0EC460 EC460B VOE 14508165 14522563<\/td>\n<td width=\"614\">Vol Vo EC700BHR EC700C EC700B<\/td>\n<\/tr>\n<tr>\n<td width=\"598\">EC290 Vol Vo Excavator Final Drive<\/td>\n<td width=\"614\">\u00a07117-38020 14551154 14524707 14522894 14528257 14521691<\/td>\n<\/tr>\n<tr>\n<td width=\"598\">Motor EC360C EC360B EC290B<\/td>\n<td width=\"614\">\u00a014528259 14513049 14521695<\/td>\n<\/tr>\n<tr>\n<td width=\"598\">\u00a0Vol Vo Excavator EC290B EC330B EC360B EC360C<\/td>\n<td width=\"614\">\u00a0VOE1455551150 14528260 14528281<\/td>\n<\/tr>\n<tr>\n<td width=\"598\">Vol Vo EC290B 7117-38020 14551154 14592030<\/td>\n<td width=\"614\">\u00a07117-38020 14551154 14592030<\/td>\n<\/tr>\n<tr>\n<td width=\"598\">EC460 EC460B<\/td>\n<td width=\"614\">VOE 14508165<\/td>\n<\/tr>\n<tr>\n<td width=\"598\">EC210BLC VOE14533651<\/td>\n<td width=\"614\">EC210BLC VOE14533651<\/td>\n<\/tr>\n<tr>\n<td width=\"598\">R140LC-9 R140-9 R140-9 31Q4-4003 Ansamblu motor de deplasare<\/td>\n<td width=\"614\">R140LC-9 R140-9 31Q4-4003<\/td>\n<\/tr>\n<tr>\n<td width=\"598\">E349D2 209-5992 215-9982<\/td>\n<td width=\"614\">E349D2 209-5992 215-9982<\/td>\n<\/tr>\n<tr>\n<td width=\"598\">VIO50-3 TM06F MAG33VP-550F-10 Reductor<\/td>\n<td width=\"614\">VIO50-3 TM06F MAG33VP-550F-10 Reductor<\/td>\n<\/tr>\n<tr>\n<td width=\"598\">E349D2 MCA250 MOBA250 390-1088<\/td>\n<td width=\"614\">E349D2 MCA250 MOBA250 390-1088<\/td>\n<\/tr>\n<tr>\n<td width=\"598\">EC210BLC SA1143-01270 Motor hidraulic de deplasare<\/td>\n<td width=\"614\">EC210BLC SA1143-01270<\/td>\n<\/tr>\n<\/tbody>\n<\/table>\n<\/figure>\n<h4><strong>\u00a0Motor \u0219i cutie de viteze disponibile Model:<\/strong><\/h4>\n<figure class=\"wp-block-table is-style-stripes has-small-font-size\">1188 CK 1188 LC 1288CK 1288NLC 15 16 23 23 28 31 35 588 688 688 688B 688B CK 788CK 788LC 788LLC 888 888 Amfibiu 888B CK 888B CKE 888B CKL 9007 9007B 9010 9010B 9013 9020 9020B 9021 9030 9030B 9040 9040B 988 CK CK15 CK13 CK15 CK15 CK25 CK28 CK32 CK36 CK38 CK50 CK52 CX130 CX130B CX130C CX135SR CX14 CX145C SR CX15 CX15 CX15B CX16 CX16B CX17B CX180 CX180B CX18B CX20B CX210 CX210B CX210BLR CX210BNLC CX210LR CX210N CX225SR CX22B CX23 CX230 CX230B CX235C SR CX240 CX240B CX240BLR CX240LC CX240LC CX240LR CX240NLC CX25 CX250C LR CX26B CX27B CX28 CX290 CX290B CX300C CX30B CX31 CX31B CX330 CX35 CX350 CX350B CX36 CX36B CX40B CX45B CX47 CX50 CX50B CX55B CX75C SR CX75SR CX80 CX80C TR320 420CT 440CT 445CT 450CT TR270 TV380 9030B TK CX250C CX330B CX350C CX370C<\/figure>\n<div id=\"attachment_2045\" style=\"width: 425px\" class=\"wp-caption alignnone\"><img decoding=\"async\" aria-describedby=\"caption-attachment-2045\" class=\"wp-image-2045\" src=\"https:\/\/swingbearing.net\/wp-content\/uploads\/2024\/03\/\u884c\u8d70_01-300x99.jpg\" alt=\"motor de deplasare\" width=\"415\" height=\"137\" srcset=\"https:\/\/swingbearing.net\/wp-content\/uploads\/2024\/03\/\u884c\u8d70_01-300x99.jpg 300w, https:\/\/swingbearing.net\/wp-content\/uploads\/2024\/03\/\u884c\u8d70_01-18x6.jpg 18w, https:\/\/swingbearing.net\/wp-content\/uploads\/2024\/03\/\u884c\u8d70_01-600x199.jpg 600w, https:\/\/swingbearing.net\/wp-content\/uploads\/2024\/03\/\u884c\u8d70_01.jpg 749w\" sizes=\"(max-width: 415px) 100vw, 415px\" \/><p id=\"caption-attachment-2045\" class=\"wp-caption-text\"><a href=\"https:\/\/swingbearing.net\/ro\/travel-reducer\/\">motor de mers<\/a><\/p><\/div>\n<div id=\"attachment_2046\" style=\"width: 445px\" class=\"wp-caption alignnone\"><img decoding=\"async\" aria-describedby=\"caption-attachment-2046\" class=\"wp-image-2046\" src=\"https:\/\/swingbearing.net\/wp-content\/uploads\/2024\/03\/\u884c\u8d70_03-300x100.jpg\" alt=\"motor de deplasare\" width=\"435\" height=\"145\" srcset=\"https:\/\/swingbearing.net\/wp-content\/uploads\/2024\/03\/\u884c\u8d70_03-300x100.jpg 300w, https:\/\/swingbearing.net\/wp-content\/uploads\/2024\/03\/\u884c\u8d70_03-18x6.jpg 18w, https:\/\/swingbearing.net\/wp-content\/uploads\/2024\/03\/\u884c\u8d70_03-600x201.jpg 600w, https:\/\/swingbearing.net\/wp-content\/uploads\/2024\/03\/\u884c\u8d70_03.jpg 750w\" sizes=\"(max-width: 435px) 100vw, 435px\" \/><p id=\"caption-attachment-2046\" class=\"wp-caption-text\"><a href=\"https:\/\/swingbearing.net\/ro\/hydraulic-motor\/\">transmisie final\u0103 de deplasare<\/a><\/p><\/div>\n<div id=\"attachment_2047\" style=\"width: 450px\" class=\"wp-caption alignnone\"><img decoding=\"async\" aria-describedby=\"caption-attachment-2047\" class=\"wp-image-2047\" src=\"https:\/\/swingbearing.net\/wp-content\/uploads\/2024\/03\/\u884c\u8d70_04-300x101.jpg\" alt=\"Reducerea c\u0103l\u0103toriilor\" width=\"440\" height=\"148\" srcset=\"https:\/\/swingbearing.net\/wp-content\/uploads\/2024\/03\/\u884c\u8d70_04-300x101.jpg 300w, https:\/\/swingbearing.net\/wp-content\/uploads\/2024\/03\/\u884c\u8d70_04-18x6.jpg 18w, https:\/\/swingbearing.net\/wp-content\/uploads\/2024\/03\/\u884c\u8d70_04-600x202.jpg 600w, https:\/\/swingbearing.net\/wp-content\/uploads\/2024\/03\/\u884c\u8d70_04.jpg 750w\" sizes=\"(max-width: 440px) 100vw, 440px\" \/><p id=\"caption-attachment-2047\" class=\"wp-caption-text\"><a href=\"https:\/\/swingbearing.net\/ro\/swing-bearing\/\">Reducerea c\u0103l\u0103toriilor<\/a><\/p><\/div>","protected":false},"excerpt":{"rendered":"<h5 class=\"ct-headline\">Categorii: Motor de c\u0103l\u0103torie Volvo Motor hidraulic Motor hidraulic cu transmisie final\u0103<br \/>\nModel: EC290B<br \/>\nPart No.:SA7117-38020 SA7240-10402<\/h5>","protected":false},"featured_media":2068,"template":"","meta":[],"product_brand":[],"product_cat":[26],"product_tag":[],"class_list":{"0":"post-2065","1":"product","2":"type-product","3":"status-publish","4":"has-post-thumbnail","6":"product_cat-hydraulic-motors","8":"first","9":"instock","10":"shipping-taxable","11":"product-type-simple"},"_links":{"self":[{"href":"https:\/\/swingbearing.net\/ro\/wp-json\/wp\/v2\/product\/2065","targetHints":{"allow":["GET"]}}],"collection":[{"href":"https:\/\/swingbearing.net\/ro\/wp-json\/wp\/v2\/product"}],"about":[{"href":"https:\/\/swingbearing.net\/ro\/wp-json\/wp\/v2\/types\/product"}],"wp:featuredmedia":[{"embeddable":true,"href":"https:\/\/swingbearing.net\/ro\/wp-json\/wp\/v2\/media\/2068"}],"wp:attachment":[{"href":"https:\/\/swingbearing.net\/ro\/wp-json\/wp\/v2\/media?parent=2065"}],"wp:term":[{"taxonomy":"product_brand","embeddable":true,"href":"https:\/\/swingbearing.net\/ro\/wp-json\/wp\/v2\/product_brand?post=2065"},{"taxonomy":"product_cat","embeddable":true,"href":"https:\/\/swingbearing.net\/ro\/wp-json\/wp\/v2\/product_cat?post=2065"},{"taxonomy":"product_tag","embeddable":true,"href":"https:\/\/swingbearing.net\/ro\/wp-json\/wp\/v2\/product_tag?post=2065"}],"curies":[{"name":"wp","href":"https:\/\/api.w.org\/{rel}","templated":true}]}}