{"id":2037,"date":"2024-03-07T06:19:13","date_gmt":"2024-03-07T06:19:13","guid":{"rendered":"https:\/\/swingbearing.net\/?post_type=product&#038;p=2037"},"modified":"2024-03-07T06:40:47","modified_gmt":"2024-03-07T06:40:47","slug":"swing-motors-706-7k-01011","status":"publish","type":"product","link":"https:\/\/swingbearing.net\/ro\/product\/swing-motors-706-7k-01011\/","title":{"rendered":"706-7K-01011 Motor hidraulic Swing pentru SANY SY135-8 SY65 SY75 SY75 SY200 SY300"},"content":{"rendered":"<h4>Putem furniza o gam\u0103 extins\u0103 de motoare de oscila\u021bie\/reductoare de oscila\u021bie\/reductoare de oscila\u021bie pentru excavatoare.<\/h4>\n<p>1\u3001 Func\u021bia motorului de leag\u0103n<br \/>\nMotorul de balansare este una dintre componentele cheie ale unui excavator, iar func\u021bia sa principal\u0103 este de a ac\u021biona \u00eentregul sistem de balansare, astfel \u00eenc\u00e2t partea superioar\u0103 a excavatorului s\u0103 se poat\u0103 balansa la 360 de grade. \u00cen mod specific, partea superioar\u0103 a unui excavator include componente precum o platform\u0103 de oscila\u021bie, un motor de oscila\u021bie \u0219i un mecanism de oscila\u021bie. Motorul de balansare ac\u021bioneaz\u0103 mecanismul de balansare, permi\u021b\u00e2nd p\u0103r\u021bii superioare a excavatorului s\u0103 se balanseze la st\u00e2nga \u0219i la dreapta.<br \/>\nPrincipiul de lucru al motorului de leag\u0103n 2\u3001<br \/>\nMotorul de leag\u0103n adopt\u0103 o metod\u0103 de ac\u021bionare hidraulic\u0103, care converte\u0219te energia hidraulic\u0103 \u00een energie mecanic\u0103 \u0219i transmite puterea c\u0103tre mecanismul de leag\u0103n printr-un dispozitiv de transmisie hidraulic\u0103, determin\u00e2nd rota\u021bia acestuia. \u00cen mod specific, motorul de balansare con\u021bine mai multe plonjere, corpuri cilindrice \u0219i angrenaje. Atunci c\u00e2nd uleiul hidraulic curge \u00een motorul de oscila\u021bie de la pompa de ulei, pistonii sunt supu\u0219i presiunii hidraulice \u0219i se deplaseaz\u0103 spre corpul cilindrului, ac\u021bion\u00e2nd angrenajele s\u0103 se roteasc\u0103 \u0219i, astfel, ac\u021bion\u00e2nd mecanismul rotativ s\u0103 se balanseze.<\/p>\n<p><strong>M\u0103rcile acceptate<\/strong><br \/>\n\u00cen prezent, putem furniza motoare oscilante pentru o selec\u021bie larg\u0103 de excavatoare fabricate de companii precum Komatsu, Caterpillar, Volvo, Case, Doosan, Sumitomo, Hyundai, Kobelco, JCB, Liugong, Sany, XCMG \u0219i Hitachi.<\/p>\n<h4>Related Sany Excavator Swing Motor Assy<\/h4>\n<figure class=\"wp-block-table is-style-stripes has-small-font-size\">\n<table style=\"height: 410px;\" width=\"607\">\n<tbody>\n<tr>\n<td width=\"236\">GM85<\/td>\n<td width=\"273\">MAG-1700VP-5000<\/td>\n<\/tr>\n<tr>\n<td width=\"236\">\u00a0Sany 335<\/td>\n<td width=\"273\">MAG-18000VP-6000<\/td>\n<\/tr>\n<tr>\n<td width=\"236\">Sany JS200 332\/K1192<\/td>\n<td width=\"273\">MAG-170V9-G-GT40D43B B0240-93111<\/td>\n<\/tr>\n<tr>\n<td width=\"236\">\u00a0Sany 335<\/td>\n<td width=\"273\">MAG-18000VP-6000<\/td>\n<\/tr>\n<tr>\n<td>SANY258<\/td>\n<td>SANY258<\/td>\n<\/tr>\n<tr>\n<td width=\"236\">\u00a0Sany305<\/td>\n<td width=\"273\">MAG-1700VP-5000<\/td>\n<\/tr>\n<tr>\n<td width=\"236\">\u00a0Sany 335<\/td>\n<td width=\"273\">MAG-18000VP-6000<\/td>\n<\/tr>\n<tr>\n<td width=\"236\">Sany JS200<\/td>\n<td width=\"273\">MAG-170V9-G-GT40D43B<\/td>\n<\/tr>\n<tr>\n<td width=\"236\">\u00a0 orice 335<\/td>\n<td width=\"273\">MAG-18000VP-6000<\/td>\n<\/tr>\n<tr>\n<td width=\"236\">SANY Sy385 Sy335 Sk350<\/td>\n<td width=\"273\">Msf-180vp-G-1<\/td>\n<\/tr>\n<tr>\n<td width=\"236\">Liugong 925D SANY SY215 SK200-8 SANY SY215 SK200-8<\/td>\n<td width=\"273\">MAG170VP-3800G-10<\/td>\n<\/tr>\n<tr>\n<td>\u00a0SK460 SY485<\/td>\n<td>GM85<\/td>\n<\/tr>\n<\/tbody>\n<\/table>\n<\/figure>\n<h4><strong>Motor \u0219i cutie de viteze disponibile Model:<\/strong><\/h4>\n<figure class=\"wp-block-table is-style-stripes has-small-font-size\">Modele de excavatoare SANY SY135C SY230C SY55, SY60, SY65, SY70, SY75, SY85, SY95, SY115, SY135, SY155, SY195, SY200, SY205, SY215, SY220, SY225, SY235, SY245, SY285, SY305, SY335, SY365, SY375, SY395, SY415 \u0219i SY485.<\/figure>\n<p><img decoding=\"async\" class=\"wp-image-1155 aligncenter\" src=\"https:\/\/swingbearing.net\/wp-content\/uploads\/2023\/11\/111-300x187.jpg\" alt=\"Transmisie final\u0103 a excavatorului\" width=\"718\" height=\"448\" srcset=\"https:\/\/swingbearing.net\/wp-content\/uploads\/2023\/11\/111-300x187.jpg 300w, https:\/\/swingbearing.net\/wp-content\/uploads\/2023\/11\/111-768x479.jpg 768w, https:\/\/swingbearing.net\/wp-content\/uploads\/2023\/11\/111-600x374.jpg 600w, https:\/\/swingbearing.net\/wp-content\/uploads\/2023\/11\/111.jpg 850w\" sizes=\"(max-width: 718px) 100vw, 718px\" \/><\/p>\n<p><img decoding=\"async\" class=\"wp-image-1156 aligncenter\" src=\"https:\/\/swingbearing.net\/wp-content\/uploads\/2023\/11\/222.jpg\" alt=\"Transmisie final\u0103 a excavatorului\" width=\"727\" height=\"546\" srcset=\"https:\/\/swingbearing.net\/wp-content\/uploads\/2023\/11\/222.jpg 850w, https:\/\/swingbearing.net\/wp-content\/uploads\/2023\/11\/222-300x225.jpg 300w, https:\/\/swingbearing.net\/wp-content\/uploads\/2023\/11\/222-768x576.jpg 768w, https:\/\/swingbearing.net\/wp-content\/uploads\/2023\/11\/222-600x450.jpg 600w\" sizes=\"(max-width: 727px) 100vw, 727px\" \/><\/p>","protected":false},"excerpt":{"rendered":"<h5 class=\"ct-headline\">Categorii: Sany Swing Motor, Swing Gearbox, Swing Reductor,<br \/>\nModel: SY135-8 SY65 SY75 SY200 SY300<br \/>\nNr. pies\u0103:706-7K-01011<\/h5>","protected":false},"featured_media":1887,"template":"","meta":[],"product_brand":[],"product_cat":[26],"product_tag":[],"class_list":{"0":"post-2037","1":"product","2":"type-product","3":"status-publish","4":"has-post-thumbnail","6":"product_cat-hydraulic-motors","8":"first","9":"instock","10":"shipping-taxable","11":"product-type-simple"},"_links":{"self":[{"href":"https:\/\/swingbearing.net\/ro\/wp-json\/wp\/v2\/product\/2037","targetHints":{"allow":["GET"]}}],"collection":[{"href":"https:\/\/swingbearing.net\/ro\/wp-json\/wp\/v2\/product"}],"about":[{"href":"https:\/\/swingbearing.net\/ro\/wp-json\/wp\/v2\/types\/product"}],"wp:featuredmedia":[{"embeddable":true,"href":"https:\/\/swingbearing.net\/ro\/wp-json\/wp\/v2\/media\/1887"}],"wp:attachment":[{"href":"https:\/\/swingbearing.net\/ro\/wp-json\/wp\/v2\/media?parent=2037"}],"wp:term":[{"taxonomy":"product_brand","embeddable":true,"href":"https:\/\/swingbearing.net\/ro\/wp-json\/wp\/v2\/product_brand?post=2037"},{"taxonomy":"product_cat","embeddable":true,"href":"https:\/\/swingbearing.net\/ro\/wp-json\/wp\/v2\/product_cat?post=2037"},{"taxonomy":"product_tag","embeddable":true,"href":"https:\/\/swingbearing.net\/ro\/wp-json\/wp\/v2\/product_tag?post=2037"}],"curies":[{"name":"wp","href":"https:\/\/api.w.org\/{rel}","templated":true}]}}