{"id":796,"date":"2023-10-23T06:06:08","date_gmt":"2023-10-23T06:06:08","guid":{"rendered":"https:\/\/swingbearing.net\/?post_type=product&#038;p=796"},"modified":"2023-10-23T06:07:25","modified_gmt":"2023-10-23T06:07:25","slug":"gearbox-parts-yc60-8","status":"publish","type":"product","link":"https:\/\/swingbearing.net\/pt\/produto\/gearbox-parts-yc60-8\/","title":{"rendered":"Pe\u00e7as da caixa de velocidades YC60-8"},"content":{"rendered":"","protected":false},"excerpt":{"rendered":"<p>Andar a p\u00e9 Montagem de um ou dois n\u00edveis<\/p>","protected":false},"featured_media":789,"template":"","meta":[],"product_brand":[],"product_cat":[27],"product_tag":[],"class_list":{"0":"post-796","1":"product","2":"type-product","3":"status-publish","4":"has-post-thumbnail","6":"product_cat-gearbox-parts","8":"first","9":"instock","10":"shipping-taxable","11":"product-type-simple"},"_links":{"self":[{"href":"https:\/\/swingbearing.net\/pt\/wp-json\/wp\/v2\/product\/796","targetHints":{"allow":["GET"]}}],"collection":[{"href":"https:\/\/swingbearing.net\/pt\/wp-json\/wp\/v2\/product"}],"about":[{"href":"https:\/\/swingbearing.net\/pt\/wp-json\/wp\/v2\/types\/product"}],"wp:featuredmedia":[{"embeddable":true,"href":"https:\/\/swingbearing.net\/pt\/wp-json\/wp\/v2\/media\/789"}],"wp:attachment":[{"href":"https:\/\/swingbearing.net\/pt\/wp-json\/wp\/v2\/media?parent=796"}],"wp:term":[{"taxonomy":"product_brand","embeddable":true,"href":"https:\/\/swingbearing.net\/pt\/wp-json\/wp\/v2\/product_brand?post=796"},{"taxonomy":"product_cat","embeddable":true,"href":"https:\/\/swingbearing.net\/pt\/wp-json\/wp\/v2\/product_cat?post=796"},{"taxonomy":"product_tag","embeddable":true,"href":"https:\/\/swingbearing.net\/pt\/wp-json\/wp\/v2\/product_tag?post=796"}],"curies":[{"name":"wp","href":"https:\/\/api.w.org\/{rel}","templated":true}]}}