{"id":579,"date":"2023-09-27T05:49:33","date_gmt":"2023-09-27T05:49:33","guid":{"rendered":"https:\/\/swingbearing.net\/?post_type=product&#038;p=579"},"modified":"2024-05-15T06:39:37","modified_gmt":"2024-05-15T06:39:37","slug":"swing-bearing-sumitomo","status":"publish","type":"product","link":"https:\/\/swingbearing.net\/pt\/produto\/rolamento-de-balanco-sumitomo\/","title":{"rendered":"Rolamento de balan\u00e7o SUMITOMO"},"content":{"rendered":"<h2 class=\"has-text-align-center\" style=\"text-align: center;\">SUMITOMO Rolamento de balan\u00e7o Par\u00e2metros<\/h2>\n<figure class=\"wp-block-table is-style-stripes has-small-font-size\">\n<table class=\"has-cyan-bluish-gray-background-color has-background\">\n<tbody>\n<tr>\n<td>Di\u00e2metro exterior Da<\/td>\n<td>Di\u00e2metro interior Di<\/td>\n<td>Altura de montagem H<\/td>\n<td>Designa\u00e7\u00e3o<\/td>\n<\/tr>\n<tr>\n<td>615<\/td>\n<td>451<\/td>\n<td>53<\/td>\n<td>SH50<\/td>\n<\/tr>\n<tr>\n<td>766<\/td>\n<td>560<\/td>\n<td>97<\/td>\n<td>SH60-1<\/td>\n<\/tr>\n<tr>\n<td>1169<\/td>\n<td>971<\/td>\n<td>75<\/td>\n<td>SH120A1<\/td>\n<\/tr>\n<tr>\n<td>1171<\/td>\n<td>973<\/td>\n<td>88<\/td>\n<td>SH120A2<\/td>\n<\/tr>\n<tr>\n<td>1171<\/td>\n<td>973<\/td>\n<td>78<\/td>\n<td>SH120A3<\/td>\n<\/tr>\n<tr>\n<td>1171<\/td>\n<td>973<\/td>\n<td>88<\/td>\n<td>SH120-1<\/td>\n<\/tr>\n<tr>\n<td>1171<\/td>\n<td>973<\/td>\n<td>88<\/td>\n<td>SH120-2<\/td>\n<\/tr>\n<tr>\n<td>1171<\/td>\n<td>973<\/td>\n<td>84<\/td>\n<td>SH265<\/td>\n<\/tr>\n<tr>\n<td>1171<\/td>\n<td>973<\/td>\n<td>84<\/td>\n<td>SH260<\/td>\n<\/tr>\n<tr>\n<td>1330<\/td>\n<td>1093<\/td>\n<td>102<\/td>\n<td>SH200A1a<\/td>\n<\/tr>\n<tr>\n<td>1330<\/td>\n<td>1093<\/td>\n<td>102<\/td>\n<td>SH200A1b<\/td>\n<\/tr>\n<tr>\n<td>1330<\/td>\n<td>1093<\/td>\n<td>102<\/td>\n<td>SH200A2<\/td>\n<\/tr>\n<tr>\n<td>1330<\/td>\n<td>1093<\/td>\n<td>102.5<\/td>\n<td>SH200A3<\/td>\n<\/tr>\n<tr>\n<td>1330<\/td>\n<td>1093<\/td>\n<td>102<\/td>\n<td>SH200C2<\/td>\n<\/tr>\n<tr>\n<td>1330<\/td>\n<td>1093<\/td>\n<td>102<\/td>\n<td>SH200C3<\/td>\n<\/tr>\n<tr>\n<td>1330<\/td>\n<td>1093<\/td>\n<td>102<\/td>\n<td>SH200Z3<\/td>\n<\/tr>\n<tr>\n<td>1375<\/td>\n<td>1095<\/td>\n<td>123<\/td>\n<td>SH220-2<\/td>\n<\/tr>\n<tr>\n<td>1330<\/td>\n<td>1084<\/td>\n<td>103<\/td>\n<td>210-5<\/td>\n<\/tr>\n<tr>\n<td>1330<\/td>\n<td>1084<\/td>\n<td>103<\/td>\n<td>210-5<\/td>\n<\/tr>\n<tr>\n<td>1375<\/td>\n<td>1094<\/td>\n<td>121<\/td>\n<td>SH220-3<\/td>\n<\/tr>\n<tr>\n<td>1329<\/td>\n<td>1093<\/td>\n<td>103<\/td>\n<td>SH225<\/td>\n<\/tr>\n<tr>\n<td>1376<\/td>\n<td>1092<\/td>\n<td>123<\/td>\n<td>SH240-3<\/td>\n<\/tr>\n<tr>\n<td>1377<\/td>\n<td>1094<\/td>\n<td>123<\/td>\n<td>SH240-5<\/td>\n<\/tr>\n<tr>\n<td>1330<\/td>\n<td>1082<\/td>\n<td>99<\/td>\n<td>SH280<\/td>\n<\/tr>\n<tr>\n<td>1510<\/td>\n<td>1193<\/td>\n<td>135<\/td>\n<td>SH350<\/td>\n<\/tr>\n<tr>\n<td>1463<\/td>\n<td>1191<\/td>\n<td>135<\/td>\n<td>SH430<\/td>\n<\/tr>\n<\/tbody>\n<\/table>\n<\/figure>\n<p>Se est\u00e1 \u00e0 procura de um rolamento de oscila\u00e7\u00e3o de alta qualidade para a sua escavadora, n\u00e3o procure mais, SUMITOMO. Os seus produtos de rolamentos de oscila\u00e7\u00e3o para escavadoras s\u00e3o concebidos e fabricados de acordo com os mais elevados padr\u00f5es, garantindo um desempenho fi\u00e1vel e duradouro mesmo nas aplica\u00e7\u00f5es mais exigentes.<\/p>\n<p>A SUMITOMO oferece uma ampla gama de rolamentos de giro de escavadeira para atender a v\u00e1rios modelos, incluindo o SH55, SH60, SH75, SH50, SH100, SH120, SH125, SH135, SH140, SH145, SH200, SH200-3-5, SH220-2-3, SH240, SH225, SH260, SH265, SH280, SH300, SH340, SH350, SH400, SH430, SH450, SH40T, SH60-1, SH100A1, SH120, SH120A1, SH120A2, SH120A3, SH200A1, SH200A3, SH210A3, SH210A5, SH220-2, SH220-3, SH225, SH260, SH265, SH240-5, SH340, SH300A2 e SH350.<\/p>\n<p>Esses rolamentos de giro de escavadeira s\u00e3o fabricados com materiais de alta qualidade e t\u00e9cnicas de engenharia de precis\u00e3o, garantindo desempenho e durabilidade superiores. O rolamento da mesa girat\u00f3ria \u00e9 um dos componentes mais cr\u00edticos de uma escavadeira, e os rolamentos de giro da SUMITOMO s\u00e3o projetados para suportar os rigores de aplica\u00e7\u00f5es pesadas.<br \/>\nUm dos principais benef\u00edcios dos rolamentos de giro para escavadeiras da SUMITOMO \u00e9 sua excelente capacidade de carga. Os rolamentos s\u00e3o projetados para suportar altas cargas axiais e radiais, tornando-os ideais para aplica\u00e7\u00f5es exigentes. Al\u00e9m disso, os rolamentos s\u00e3o projetados para operar em altas velocidades, permitindo tempos de ciclo mais r\u00e1pidos e maior produtividade.<\/p>\n<p>Outra vantagem fundamental dos rolamentos de giro para escavadeiras da SUMITOMO \u00e9 seu baixo atrito e alta precis\u00e3o. Estas caracter\u00edsticas ajudam a minimizar o desgaste dos rolamentos, reduzindo os custos de manuten\u00e7\u00e3o e prolongando a vida \u00fatil do rolamento. O baixo atrito tamb\u00e9m ajuda a melhorar a efici\u00eancia do combust\u00edvel, uma vez que a escavadora requer menos energia para funcionar. Em conclus\u00e3o, se procura um rolamento de giro para escavadora fi\u00e1vel e de alta qualidade, a SUMITOMO \u00e9 uma excelente escolha. Os seus produtos s\u00e3o concebidos para satisfazer as exig\u00eancias das aplica\u00e7\u00f5es pesadas e oferecem uma excelente capacidade de carga, baixo atrito e elevada precis\u00e3o. Assim, quer esteja a trabalhar na constru\u00e7\u00e3o, na explora\u00e7\u00e3o mineira ou em qualquer outra ind\u00fastria pesada, os rolamentos de giro para escavadoras da SUMITOMO podem ajud\u00e1-lo a realizar o trabalho de forma eficiente e fi\u00e1vel.<\/p>\n<p>Podemos fornecer rolamentos alternativos para o seu\u00a0 <a href=\"https:\/\/national-bearing.com\/excavator-swing-bearings-slewing-rings-cat\/\" target=\"_blank\" rel=\"noopener\">CAT<\/a>Existem mais de 1000 centenas de tipos normais e n\u00e3o normais para escolher.<\/p>\n<figure class=\"wp-block-table aligncenter\"><\/figure>","protected":false},"excerpt":{"rendered":"<p>Rolamento de balan\u00e7o SUMITOMO<br \/>\nModelo: SH430, SH350,SH280<br \/>\nSH265,SH240-5, SH240-3,SH225<\/p>","protected":false},"featured_media":136,"template":"","meta":[],"product_brand":[],"product_cat":[22,58],"product_tag":[],"class_list":{"0":"post-579","1":"product","2":"type-product","3":"status-publish","4":"has-post-thumbnail","6":"product_cat-swing-bearing","7":"product_cat-cat-excavator-swing-bearing","9":"first","10":"instock","11":"shipping-taxable","12":"product-type-simple"},"_links":{"self":[{"href":"https:\/\/swingbearing.net\/pt\/wp-json\/wp\/v2\/product\/579","targetHints":{"allow":["GET"]}}],"collection":[{"href":"https:\/\/swingbearing.net\/pt\/wp-json\/wp\/v2\/product"}],"about":[{"href":"https:\/\/swingbearing.net\/pt\/wp-json\/wp\/v2\/types\/product"}],"wp:featuredmedia":[{"embeddable":true,"href":"https:\/\/swingbearing.net\/pt\/wp-json\/wp\/v2\/media\/136"}],"wp:attachment":[{"href":"https:\/\/swingbearing.net\/pt\/wp-json\/wp\/v2\/media?parent=579"}],"wp:term":[{"taxonomy":"product_brand","embeddable":true,"href":"https:\/\/swingbearing.net\/pt\/wp-json\/wp\/v2\/product_brand?post=579"},{"taxonomy":"product_cat","embeddable":true,"href":"https:\/\/swingbearing.net\/pt\/wp-json\/wp\/v2\/product_cat?post=579"},{"taxonomy":"product_tag","embeddable":true,"href":"https:\/\/swingbearing.net\/pt\/wp-json\/wp\/v2\/product_tag?post=579"}],"curies":[{"name":"wp","href":"https:\/\/api.w.org\/{rel}","templated":true}]}}