{"id":577,"date":"2023-09-27T05:44:31","date_gmt":"2023-09-27T05:44:31","guid":{"rendered":"https:\/\/swingbearing.net\/?post_type=product&#038;p=577"},"modified":"2024-05-15T06:41:28","modified_gmt":"2024-05-15T06:41:28","slug":"swing-bearing-yuchai","status":"publish","type":"product","link":"https:\/\/swingbearing.net\/pt\/produto\/swing-bearing-yuchai\/","title":{"rendered":"Rolamento de balan\u00e7o YUCHAI"},"content":{"rendered":"<h4 style=\"text-align: center;\">Par\u00e2metros do rolamento de balan\u00e7o HITACHI<\/h4>\n<figure class=\"wp-block-table is-style-stripes has-small-font-size\">\n<table class=\"has-cyan-bluish-gray-background-color has-background\">\n<tbody>\n<tr>\n<td>Di\u00e2metro exterior (Da)<\/td>\n<td>Di\u00e2metro interior (Di)<\/td>\n<td>Altura de montagem (H)<\/td>\n<td>Designa\u00e7\u00e3o<\/td>\n<\/tr>\n<tr>\n<td>545<\/td>\n<td>380<\/td>\n<td>50<\/td>\n<td>YC13<\/td>\n<\/tr>\n<tr>\n<td>573<\/td>\n<td>380<\/td>\n<td>55<\/td>\n<td>YC15<\/td>\n<\/tr>\n<tr>\n<td>573<\/td>\n<td>380<\/td>\n<td>55<\/td>\n<td>YC18-3<\/td>\n<\/tr>\n<tr>\n<td>573<\/td>\n<td>380<\/td>\n<td>55<\/td>\n<td>YC20<\/td>\n<\/tr>\n<tr>\n<td>640<\/td>\n<td>473<\/td>\n<td>55<\/td>\n<td>YC35<\/td>\n<\/tr>\n<tr>\n<td>640<\/td>\n<td>471<\/td>\n<td>55<\/td>\n<td>YC35<\/td>\n<\/tr>\n<tr>\n<td>800<\/td>\n<td>590<\/td>\n<td>70<\/td>\n<td>YC55<\/td>\n<\/tr>\n<tr>\n<td>800<\/td>\n<td>590<\/td>\n<td>70<\/td>\n<td>YC60(86Z)<\/td>\n<\/tr>\n<tr>\n<td>812<\/td>\n<td>623<\/td>\n<td>75<\/td>\n<td>YC6-5T(90Z)<\/td>\n<\/tr>\n<tr>\n<td>811<\/td>\n<td>621<\/td>\n<td>75<\/td>\n<td>YC65-2<\/td>\n<\/tr>\n<tr>\n<td>922<\/td>\n<td>635<\/td>\n<td>104<\/td>\n<td>YC85<\/td>\n<\/tr>\n<tr>\n<td>922<\/td>\n<td>635<\/td>\n<td>104<\/td>\n<td>YC85-3<\/td>\n<\/tr>\n<tr>\n<td>922<\/td>\n<td>635<\/td>\n<td>104<\/td>\n<td>YC85-5<\/td>\n<\/tr>\n<tr>\n<td>922<\/td>\n<td>635<\/td>\n<td>104<\/td>\n<td>YC85-6<\/td>\n<\/tr>\n<tr>\n<td>922<\/td>\n<td>635<\/td>\n<td>104<\/td>\n<td>YC85-7<\/td>\n<\/tr>\n<tr>\n<td>1195<\/td>\n<td>963<\/td>\n<td>85<\/td>\n<td>YC135,10T<\/td>\n<\/tr>\n<tr>\n<td>1323<\/td>\n<td>1071<\/td>\n<td>104<\/td>\n<td>YC210-8<\/td>\n<\/tr>\n<tr>\n<td>1327<\/td>\n<td>1083<\/td>\n<td>110<\/td>\n<td>YC230-8<\/td>\n<\/tr>\n<tr>\n<td>1534<\/td>\n<td>1238<\/td>\n<td>125<\/td>\n<td>YC350<\/td>\n<\/tr>\n<tr>\n<td>1327<\/td>\n<td>1083<\/td>\n<td>110<\/td>\n<td>YC225<\/td>\n<\/tr>\n<tr>\n<td>1534<\/td>\n<td>1238<\/td>\n<td>125<\/td>\n<td>YC400-8<\/td>\n<\/tr>\n<\/tbody>\n<\/table>\n<\/figure>\n<p>Procura rolamentos de balan\u00e7o de escavadora de alta qualidade? A Yuchai \u00e9 a melhor escolha! Com a nossa tecnologia avan\u00e7ada e vasta experi\u00eancia no sector, orgulhamo-nos de oferecer uma vasta gama de rolamentos de giro de alta qualidade para escavadoras de todos os tamanhos e modelos.<br \/>\nOs nossos rolamentos de giro s\u00e3o fabricados utilizando apenas materiais e m\u00e9todos de produ\u00e7\u00e3o da mais elevada qualidade para garantir um desempenho e fiabilidade duradouros. Quer necessite de um rolamento de giro para os modelos de escavadoras YC13, YC18, YC18-3, YC35, YC45, YC55, YC65, YC65-2, YC85, YC85-3, YC135, YC225LC ou YC230, temos a solu\u00e7\u00e3o perfeita para as suas necessidades.<\/p>\n<p>Os nossos rolamentos de oscila\u00e7\u00e3o s\u00e3o concebidos para suportar as condi\u00e7\u00f5es de trabalho mais dif\u00edceis, garantindo um desempenho e uma longevidade \u00f3ptimos. Oferecemos uma vasta gama de tamanhos e configura\u00e7\u00f5es para se adaptarem a todos os tipos de escavadoras, desde as pequenas e compactas \u00e0s grandes e pesadas.<br \/>\nA nossa gama de rolamentos de giro para escavadeiras inclui rolamentos de anel oscilante, rolamentos de mesa girat\u00f3ria e rolamentos de anel girat\u00f3rio, <a href=\"https:\/\/swingbearing.net\/pt\/gear-box-parts\/\">pe\u00e7as para escavadoras<\/a> rolamentos de baloi\u00e7o e muito mais. Independentemente das suas necessidades, temos a solu\u00e7\u00e3o perfeita para as satisfazer.<\/p>\n<p>Na Yuchai, estamos empenhados em fornecer aos nossos clientes produtos da mais alta qualidade e o melhor servi\u00e7o poss\u00edvel. A nossa equipa de especialistas est\u00e1 sempre dispon\u00edvel para responder a quaisquer perguntas que possa ter e para o ajudar a encontrar a solu\u00e7\u00e3o perfeita para as suas necessidades de escavadoras.<\/p>\n<p>Ent\u00e3o, porqu\u00ea esperar? Contacte-nos hoje mesmo para saber mais sobre a nossa gama de rolamentos de giro para escavadoras e para descobrir como podemos ajud\u00e1-lo a levar o desempenho da sua escavadora para o pr\u00f3ximo n\u00edvel. Estamos ansiosos por trabalhar consigo!<\/p>\n<p>Podemos fornecer um c\u00edrculo oscilante alternativo para o seu CAT, HITACHI, KOMATSU, KOBELCO, HYUNDAI, VOLVO, DOOSAN, DAEWOO, JCB, CASE, SUMITOMO, KATO.<\/p>\n<figure class=\"wp-block-image size-full is-resized\"><a href=\"https:\/\/swingbearing.net\/pt\/swing-bearing\/\"><img decoding=\"async\" class=\"alignnone wp-image-177\" src=\"https:\/\/national-bearing.com\/wp-content\/uploads\/2023\/04\/0001.jpg\" sizes=\"(max-width: 843px) 100vw, 843px\" srcset=\"https:\/\/national-bearing.com\/wp-content\/uploads\/2023\/04\/0001.jpg 600w, https:\/\/national-bearing.com\/wp-content\/uploads\/2023\/04\/0001-300x200.jpg 300w\" alt=\"\" width=\"462\" height=\"308\" \/><\/a><\/figure>","protected":false},"excerpt":{"rendered":"<p>Rolamento de balan\u00e7o YUCHAI<br \/>\nModel:YC400-8,YC225,YC230-8<br \/>\nYC350,YC210-8,YC85-7,YC85-5<\/p>","protected":false},"featured_media":136,"template":"","meta":[],"product_brand":[],"product_cat":[22],"product_tag":[],"class_list":{"0":"post-577","1":"product","2":"type-product","3":"status-publish","4":"has-post-thumbnail","6":"product_cat-swing-bearing","8":"first","9":"instock","10":"shipping-taxable","11":"product-type-simple"},"_links":{"self":[{"href":"https:\/\/swingbearing.net\/pt\/wp-json\/wp\/v2\/product\/577","targetHints":{"allow":["GET"]}}],"collection":[{"href":"https:\/\/swingbearing.net\/pt\/wp-json\/wp\/v2\/product"}],"about":[{"href":"https:\/\/swingbearing.net\/pt\/wp-json\/wp\/v2\/types\/product"}],"wp:featuredmedia":[{"embeddable":true,"href":"https:\/\/swingbearing.net\/pt\/wp-json\/wp\/v2\/media\/136"}],"wp:attachment":[{"href":"https:\/\/swingbearing.net\/pt\/wp-json\/wp\/v2\/media?parent=577"}],"wp:term":[{"taxonomy":"product_brand","embeddable":true,"href":"https:\/\/swingbearing.net\/pt\/wp-json\/wp\/v2\/product_brand?post=577"},{"taxonomy":"product_cat","embeddable":true,"href":"https:\/\/swingbearing.net\/pt\/wp-json\/wp\/v2\/product_cat?post=577"},{"taxonomy":"product_tag","embeddable":true,"href":"https:\/\/swingbearing.net\/pt\/wp-json\/wp\/v2\/product_tag?post=577"}],"curies":[{"name":"wp","href":"https:\/\/api.w.org\/{rel}","templated":true}]}}