{"id":575,"date":"2023-09-27T05:22:14","date_gmt":"2023-09-27T05:22:14","guid":{"rendered":"https:\/\/swingbearing.net\/?post_type=product&#038;p=575"},"modified":"2024-05-15T06:44:50","modified_gmt":"2024-05-15T06:44:50","slug":"swing-bearing-liugong","status":"publish","type":"product","link":"https:\/\/swingbearing.net\/pt\/produto\/rolamento-de-balanco-liugong\/","title":{"rendered":"Rolamento de balan\u00e7o LIUGONG"},"content":{"rendered":"<h2 style=\"text-align: center;\">Par\u00e2metros do rolamento de balan\u00e7o LIUGONG<\/h2>\n<figure class=\"wp-block-table is-style-stripes has-small-font-size\">\n<table class=\"has-cyan-bluish-gray-background-color has-background\">\n<tbody>\n<tr>\n<td width=\"52\">Modelo<\/td>\n<td width=\"62\">N\u00famero da pe\u00e7a<\/td>\n<td width=\"81\">Di\u00e2metro exterior<\/td>\n<td width=\"111\">Di\u00e2metro interior<\/td>\n<td width=\"77\">Altura total<\/td>\n<td width=\"77\">Altura exterior<\/td>\n<td width=\"104\">Altura interior<\/td>\n<td width=\"141\">Par\u00e2metros do furo exterior<\/td>\n<td width=\"103\">Par\u00e2metros do furo interior<\/td>\n<td width=\"85\">N\u00famero de dentes<\/td>\n<\/tr>\n<tr>\n<td width=\"52\">922<\/td>\n<td width=\"62\">26b0272<\/td>\n<td width=\"81\">1405<\/td>\n<td width=\"111\">1129<\/td>\n<td width=\"77\">100<\/td>\n<td width=\"77\">70<\/td>\n<td width=\"104\">90<\/td>\n<td width=\"141\">36-\u03c624 desigual<\/td>\n<td width=\"103\">36-M22<\/td>\n<td width=\"85\">95<\/td>\n<\/tr>\n<tr>\n<td width=\"52\">922<\/td>\n<td width=\"62\">26b0122<\/td>\n<td width=\"81\">1405<\/td>\n<td width=\"111\">1129<\/td>\n<td width=\"77\">100<\/td>\n<td width=\"77\">70<\/td>\n<td width=\"104\">90<\/td>\n<td width=\"141\">36-\u03c624 desigual<\/td>\n<td width=\"103\">36-M22<\/td>\n<td width=\"85\">95<\/td>\n<\/tr>\n<tr>\n<td width=\"52\">922<\/td>\n<td width=\"62\">26b0010<\/td>\n<td width=\"81\">1405<\/td>\n<td width=\"111\">1129<\/td>\n<td width=\"77\">100<\/td>\n<td width=\"77\">70<\/td>\n<td width=\"104\">90<\/td>\n<td width=\"141\">36 Distribu\u00eddo uniformemente<\/td>\n<td width=\"103\">36-M22<\/td>\n<td width=\"85\">91<\/td>\n<\/tr>\n<tr>\n<td width=\"52\">LG922D<\/td>\n<td width=\"62\">26B0122<\/td>\n<td width=\"81\">1405<\/td>\n<td width=\"111\">1129<\/td>\n<td width=\"77\">100<\/td>\n<td width=\"77\">70<\/td>\n<td width=\"104\">90<\/td>\n<td width=\"141\">36-\u03c624 desigual<\/td>\n<td width=\"103\">36-M22<\/td>\n<td width=\"85\">95<\/td>\n<\/tr>\n<tr>\n<td width=\"52\"><strong><b>936D<\/b><\/strong><\/td>\n<td width=\"62\">26B0120<\/td>\n<td width=\"81\">1658<\/td>\n<td width=\"111\">1334.3<\/td>\n<td width=\"77\">125<\/td>\n<td width=\"77\">82<\/td>\n<td width=\"104\">115<\/td>\n<td width=\"141\">40-\u03c626 desigual<\/td>\n<td width=\"103\">40-M24 Distribu\u00eddo uniformemente<\/td>\n<td width=\"85\">97<\/td>\n<\/tr>\n<\/tbody>\n<\/table>\n<\/figure>\n<h5 class=\"wp-block-heading has-medium-font-size\">Rolamentos de balan\u00e7o da escavadeira Liugong<\/h5>\n<p>Rolamento de balan\u00e7o da escavadeira Liugong: Uma escolha dur\u00e1vel e fi\u00e1vel para a sua escavadora<br \/>\nOs rolamentos oscilantes, tamb\u00e9m conhecidos como rolamentos da mesa girat\u00f3ria, s\u00e3o um componente essencial das escavadoras. Estes rolamentos permitem que a estrutura superior da escavadora rode de forma suave e segura. Os rolamentos de giro da escavadora desempenham um papel crucial no desempenho e na fiabilidade da m\u00e1quina. Por este motivo, a escolha de rolamentos de giro de alta qualidade \u00e9 essencial para a longevidade e efici\u00eancia da sua escavadora.<br \/>\nA Liugong \u00e9 uma marca de renome na ind\u00fastria do equipamento de constru\u00e7\u00e3o e oferece uma gama de rolamentos de giro para escavadoras que s\u00e3o conhecidos pela sua durabilidade e fiabilidade. Os rolamentos de giro de escavadeira Liugong s\u00e3o projetados para suportar condi\u00e7\u00f5es adversas e cargas pesadas, garantindo que sua escavadeira possa lidar com qualquer trabalho, grande ou pequeno.<\/p>\n<h5 class=\"wp-block-heading has-medium-font-size\">Modelo de rolamento de balan\u00e7o da escavadora aplic\u00e1vel<\/h5>\n<p class=\"has-text-align-left\">Est\u00e3o dispon\u00edveis os seguintes modelos de rolamentos de oscila\u00e7\u00e3o para escavadoras Liugong: CLG904, CLG9055, CLG906, CLG907, CLG9075, CLG908, CLG915, CLG150, CLG920, CLG921, CLG922, CLG225, CLG924, CLG925, CLG933, CLG936, CLG939, CLG942, CLG948, CLG950, CLG952, CLG200, CLG205, CLG220 e CLG225.<br \/>\nEstes rolamentos girat\u00f3rios para escavadoras Liugong s\u00e3o concebidos com precis\u00e3o e exatid\u00e3o para garantir um desempenho e durabilidade \u00f3ptimos. Fabricados com materiais de alta qualidade, eles podem suportar condi\u00e7\u00f5es clim\u00e1ticas extremas e aplica\u00e7\u00f5es pesadas.<br \/>\nO compromisso da Liugong com a qualidade e a fiabilidade reflecte-se em todos os aspectos dos seus produtos, e os seus rolamentos de oscila\u00e7\u00e3o para escavadoras n\u00e3o s\u00e3o exce\u00e7\u00e3o. S\u00e3o concebidos para proporcionar uma excelente capacidade de carga e elevada precis\u00e3o, assegurando que a sua escavadora funciona de forma suave e eficiente.<br \/>\nPara al\u00e9m das suas vantagens de desempenho, os rolamentos girat\u00f3rios para escavadoras Liugong s\u00e3o tamb\u00e9m f\u00e1ceis de instalar e requerem uma manuten\u00e7\u00e3o m\u00ednima, reduzindo o tempo de inatividade e os custos de repara\u00e7\u00e3o.<br \/>\nQuando se trata de selecionar o rolamento de balan\u00e7o das pe\u00e7as da escavadora, escolher uma marca de alta qualidade como a Liugong \u00e9 crucial para a longevidade e fiabilidade da sua m\u00e1quina. A engrenagem de balan\u00e7o da escavadeira Liugong \u00e9 projetada para fornecer o melhor desempenho, durabilidade e confiabilidade, tornando-os uma excelente escolha para qualquer projeto de escava\u00e7\u00e3o.<br \/>\nEm conclus\u00e3o, se estiver \u00e0 procura de rolamentos de giro para escavadoras de alta qualidade, n\u00e3o procure mais do que Liugong. Com a sua gama de rolamentos de anel girat\u00f3rio dur\u00e1veis e fi\u00e1veis, pode ter a certeza de que a sua escavadora funcionar\u00e1 de forma eficiente e suave, proporcionando-lhe o desempenho e a fiabilidade de que necessita para realizar o trabalho.<br \/>\nPodemos fornecer um c\u00edrculo de balan\u00e7o alternativo para o seu ,<a href=\"https:\/\/national-bearing.com\/excavator-swing-bearings-slewing-rings-cat\/\" target=\"_blank\" rel=\"noopener\">\u00a0CAT<\/a>HITACHI, KOMATSU, KOBELCO, HYUNDAI, VOLVO, DOOSAN, DAEWOO, JCB, CASE, SUMITOMO, KATO, existem mais de 1000 tipos normais e n\u00e3o normais para escolher.<\/p>\n<figure class=\"wp-block-image size-full\"><\/figure>\n<p>Podemos estar ao seu dispor para qualquer tipo, modelo ou marca de coroa de orienta\u00e7\u00e3o. Contacte-nos hoje mesmo com quaisquer quest\u00f5es sobre as suas necessidades.<\/p>\n<figure class=\"wp-block-table\">\n<table>\n<tbody>\n<tr>\n<td><img decoding=\"async\" class=\"wp-image-177\" src=\"https:\/\/national-bearing.com\/wp-content\/uploads\/2023\/04\/0001.jpg\" sizes=\"(max-width: 600px) 100vw, 600px\" srcset=\"https:\/\/national-bearing.com\/wp-content\/uploads\/2023\/04\/0001.jpg 600w, https:\/\/national-bearing.com\/wp-content\/uploads\/2023\/04\/0001-300x200.jpg 300w\" alt=\"rolamento de balan\u00e7o da escavadora \" width=\"600\" height=\"400\" \/><\/td>\n<td><img decoding=\"async\" class=\"wp-image-643\" src=\"https:\/\/national-bearing.com\/wp-content\/uploads\/2023\/04\/66.jpg\" sizes=\"(max-width: 600px) 100vw, 600px\" srcset=\"https:\/\/national-bearing.com\/wp-content\/uploads\/2023\/04\/66.jpg 600w, https:\/\/national-bearing.com\/wp-content\/uploads\/2023\/04\/66-300x200.jpg 300w\" alt=\"medi\u00e7\u00e3o do rolamento de balan\u00e7o da escavadora\" width=\"600\" height=\"400\" \/><\/td>\n<\/tr>\n<\/tbody>\n<\/table>\n<\/figure>","protected":false},"excerpt":{"rendered":"<p>Rolamento de balan\u00e7o LIUGONG<br \/>\nModel:CLG950,CLG948,LG922D<br \/>\nCLG907,CLG9075,CLG952,CLG904<\/p>","protected":false},"featured_media":136,"template":"","meta":[],"product_brand":[],"product_cat":[22,73],"product_tag":[],"class_list":{"0":"post-575","1":"product","2":"type-product","3":"status-publish","4":"has-post-thumbnail","6":"product_cat-swing-bearing","7":"product_cat-liugong-excavator-swing-bearing","9":"first","10":"instock","11":"shipping-taxable","12":"product-type-simple"},"_links":{"self":[{"href":"https:\/\/swingbearing.net\/pt\/wp-json\/wp\/v2\/product\/575","targetHints":{"allow":["GET"]}}],"collection":[{"href":"https:\/\/swingbearing.net\/pt\/wp-json\/wp\/v2\/product"}],"about":[{"href":"https:\/\/swingbearing.net\/pt\/wp-json\/wp\/v2\/types\/product"}],"wp:featuredmedia":[{"embeddable":true,"href":"https:\/\/swingbearing.net\/pt\/wp-json\/wp\/v2\/media\/136"}],"wp:attachment":[{"href":"https:\/\/swingbearing.net\/pt\/wp-json\/wp\/v2\/media?parent=575"}],"wp:term":[{"taxonomy":"product_brand","embeddable":true,"href":"https:\/\/swingbearing.net\/pt\/wp-json\/wp\/v2\/product_brand?post=575"},{"taxonomy":"product_cat","embeddable":true,"href":"https:\/\/swingbearing.net\/pt\/wp-json\/wp\/v2\/product_cat?post=575"},{"taxonomy":"product_tag","embeddable":true,"href":"https:\/\/swingbearing.net\/pt\/wp-json\/wp\/v2\/product_tag?post=575"}],"curies":[{"name":"wp","href":"https:\/\/api.w.org\/{rel}","templated":true}]}}