{"id":574,"date":"2023-09-27T05:19:35","date_gmt":"2023-09-27T05:19:35","guid":{"rendered":"https:\/\/swingbearing.net\/?post_type=product&#038;p=574"},"modified":"2024-06-12T02:15:53","modified_gmt":"2024-06-12T02:15:53","slug":"swing-bearings-sany","status":"publish","type":"product","link":"https:\/\/swingbearing.net\/pt\/produto\/swing-bearings-sany\/","title":{"rendered":"Rolamentos de balan\u00e7o SANY"},"content":{"rendered":"<h2 style=\"text-align: center;\">SANY Swing Bearings Par\u00e2metros<\/h2>\n<figure class=\"wp-block-table is-style-stripes has-small-font-size\">\n<table class=\"has-cyan-bluish-gray-background-color has-background\">\n<tbody>\n<tr>\n<td>Di\u00e2metro exterior Da<\/td>\n<td>Di\u00e2metro interior Di<\/td>\n<td>Altura de montagem H<\/td>\n<td>Designa\u00e7\u00e3o<\/td>\n<\/tr>\n<tr>\n<td>811<\/td>\n<td>622<\/td>\n<td>75<\/td>\n<td>SY65<\/td>\n<\/tr>\n<tr>\n<td>810<\/td>\n<td>621<\/td>\n<td>75<\/td>\n<td>SY75(90Z)<\/td>\n<\/tr>\n<tr>\n<td>811<\/td>\n<td>601.6<\/td>\n<td>75<\/td>\n<td>SY75(76Z)<\/td>\n<\/tr>\n<tr>\n<td>1122<\/td>\n<td>821<\/td>\n<td>100<\/td>\n<td>SY135<\/td>\n<\/tr>\n<tr>\n<td>1327<\/td>\n<td>1071<\/td>\n<td>99.5<\/td>\n<td>SY185<\/td>\n<\/tr>\n<tr>\n<td>1327<\/td>\n<td>1071<\/td>\n<td>99.5<\/td>\n<td>SY195<\/td>\n<\/tr>\n<tr>\n<td>1322<\/td>\n<td>1071<\/td>\n<td>100<\/td>\n<td>SY200<\/td>\n<\/tr>\n<tr>\n<td>1327<\/td>\n<td>1071<\/td>\n<td>99.5<\/td>\n<td>SY205<\/td>\n<\/tr>\n<tr>\n<td>1322<\/td>\n<td>1071<\/td>\n<td>100<\/td>\n<td>SY210<\/td>\n<\/tr>\n<tr>\n<td>1322<\/td>\n<td>1071<\/td>\n<td>100<\/td>\n<td>SY215-7<\/td>\n<\/tr>\n<tr>\n<td>1322<\/td>\n<td>1071<\/td>\n<td>100<\/td>\n<td>SY215-8<\/td>\n<\/tr>\n<tr>\n<td>1322<\/td>\n<td>1071<\/td>\n<td>100<\/td>\n<td>SY215-9<\/td>\n<\/tr>\n<tr>\n<td>1320<\/td>\n<td>1071<\/td>\n<td>100<\/td>\n<td>SY215<\/td>\n<\/tr>\n<tr>\n<td>1327<\/td>\n<td>1071<\/td>\n<td>99.5<\/td>\n<td>SY235<\/td>\n<\/tr>\n<tr>\n<td>1532<\/td>\n<td>1235<\/td>\n<td>125<\/td>\n<td>SY300<\/td>\n<\/tr>\n<tr>\n<td>1550<\/td>\n<td>1238<\/td>\n<td>152<\/td>\n<td>SY305<\/td>\n<\/tr>\n<tr>\n<td>1532<\/td>\n<td>1235<\/td>\n<td>125<\/td>\n<td>SY310<\/td>\n<\/tr>\n<tr>\n<td>1550<\/td>\n<td>1238<\/td>\n<td>152<\/td>\n<td>SY335<\/td>\n<\/tr>\n<tr>\n<td>1532<\/td>\n<td>1235<\/td>\n<td>125<\/td>\n<td>SY360<\/td>\n<\/tr>\n<tr>\n<td>1550<\/td>\n<td>1238<\/td>\n<td>152<\/td>\n<td>SY365<\/td>\n<\/tr>\n<tr>\n<td>1550<\/td>\n<td>1238.5<\/td>\n<td>152<\/td>\n<td>SY420<\/td>\n<\/tr>\n<\/tbody>\n<\/table>\n<\/figure>\n<p>Os rolamentos de giro da escavadeira Sany s\u00e3o componentes essenciais do sistema de giro de qualquer escavadeira. Estes rolamentos permitem que a escavadora rode e gire, possibilitando que os operadores executem uma vasta gama de tarefas de escava\u00e7\u00e3o, eleva\u00e7\u00e3o e carregamento com facilidade. Na Sany, oferecemos uma gama de rolamentos girat\u00f3rios de alta qualidade concebidos especificamente para escavadoras, incluindo modelos que se adaptam aos modelos de escavadoras SY55, SY60, SY65, SY70, SY75, SY85, SY95, SY115, SY135, SY155, SY195, SY200, SY205, SY215, SY220, SY225, SY235, SY245, SY285, SY305, SY335, SY365, SY375, SY395, SY415 e SY485.<\/p>\n<p>Os nossos rolamentos de oscila\u00e7\u00e3o para escavadoras Sany foram concebidos para proporcionar um desempenho e durabilidade \u00f3ptimos, mesmo nas condi\u00e7\u00f5es de trabalho mais dif\u00edceis. S\u00e3o fabricados com materiais de alta qualidade, incluindo a\u00e7o forjado e a\u00e7o especializado para rolamentos, e apresentam processos de fabrico avan\u00e7ados que garantem que s\u00e3o precisos, fi\u00e1veis e duradouros.<\/p>\n<p>Uma das principais vantagens da nossa coroa de orienta\u00e7\u00e3o para escavadoras Sany \u00e9 a sua capacidade de suportar cargas pesadas e condi\u00e7\u00f5es de funcionamento extremas. Foram concebidas para suportar cargas axiais e radiais, bem como elevados n\u00edveis de choque e vibra\u00e7\u00e3o, o que as torna ideais para utiliza\u00e7\u00e3o em aplica\u00e7\u00f5es exigentes como a explora\u00e7\u00e3o mineira, a constru\u00e7\u00e3o e a silvicultura.<\/p>\n<p>Para al\u00e9m da sua resist\u00eancia e durabilidade, os nossos rolamentos de giro para escavadoras Sany tamb\u00e9m foram concebidos para facilitar a instala\u00e7\u00e3o e a manuten\u00e7\u00e3o. Na Sany, estamos empenhados em fornecer aos nossos clientes produtos e servi\u00e7os da mais elevada qualidade, e os nossos rolamentos de giro para escavadoras Sany n\u00e3o s\u00e3o exce\u00e7\u00e3o. Quer esteja \u00e0 procura de um rolamento de substitui\u00e7\u00e3o para uma escavadora existente ou esteja a equipar uma nova m\u00e1quina, a nossa equipa de especialistas pode ajud\u00e1-lo a encontrar a solu\u00e7\u00e3o perfeita para satisfazer as suas necessidades.<\/p>\n<p>Em conclus\u00e3o, os rolamentos de oscila\u00e7\u00e3o para escavadoras Sany s\u00e3o componentes essenciais para qualquer escavadora, e a escolha do rolamento correto pode fazer uma diferen\u00e7a significativa no desempenho e na longevidade da sua m\u00e1quina. Com a nossa gama de rolamentos de alta qualidade concebidos especificamente para escavadoras, pode ter a certeza de que est\u00e1 a adquirir um produto fi\u00e1vel e dur\u00e1vel que proporcionar\u00e1 um desempenho e uma longevidade \u00f3ptimos mesmo nas condi\u00e7\u00f5es mais dif\u00edceis.<br \/>\nN\u00f3s podemos fornecer an\u00e9is girat\u00f3rios alternativos para o seu , CAT, HITACHI, KOMATSU, KOBELCO, HYUNDAI, VOLVO, DOOSAN, DAEWOO, JCB, CASE, SUMITOMO, KATO, , H\u00e1 normal e n\u00e3o padr\u00e3o mais de 1000 centenas de tipos para voc\u00ea escolher.<\/p>\n<figure class=\"wp-block-image size-full is-resized\"><img decoding=\"async\" class=\"wp-image-177\" src=\"https:\/\/national-bearing.com\/wp-content\/uploads\/2023\/04\/0001.jpg\" sizes=\"(max-width: 843px) 100vw, 843px\" srcset=\"https:\/\/national-bearing.com\/wp-content\/uploads\/2023\/04\/0001.jpg 600w, https:\/\/national-bearing.com\/wp-content\/uploads\/2023\/04\/0001-300x200.jpg 300w\" alt=\"\" width=\"515\" height=\"343\" \/><\/figure>\n<p>&nbsp;<\/p>","protected":false},"excerpt":{"rendered":"<p>Rolamentos de balan\u00e7o SANY<br \/>\nModel:SY485,SY415,SY395<br \/>\nSY365,SY375,SY335,SY310<\/p>","protected":false},"featured_media":136,"template":"","meta":[],"product_brand":[],"product_cat":[22,74],"product_tag":[],"class_list":{"0":"post-574","1":"product","2":"type-product","3":"status-publish","4":"has-post-thumbnail","6":"product_cat-swing-bearing","7":"product_cat-sany-excavator-swing-bearing","9":"first","10":"instock","11":"shipping-taxable","12":"product-type-simple"},"_links":{"self":[{"href":"https:\/\/swingbearing.net\/pt\/wp-json\/wp\/v2\/product\/574","targetHints":{"allow":["GET"]}}],"collection":[{"href":"https:\/\/swingbearing.net\/pt\/wp-json\/wp\/v2\/product"}],"about":[{"href":"https:\/\/swingbearing.net\/pt\/wp-json\/wp\/v2\/types\/product"}],"wp:featuredmedia":[{"embeddable":true,"href":"https:\/\/swingbearing.net\/pt\/wp-json\/wp\/v2\/media\/136"}],"wp:attachment":[{"href":"https:\/\/swingbearing.net\/pt\/wp-json\/wp\/v2\/media?parent=574"}],"wp:term":[{"taxonomy":"product_brand","embeddable":true,"href":"https:\/\/swingbearing.net\/pt\/wp-json\/wp\/v2\/product_brand?post=574"},{"taxonomy":"product_cat","embeddable":true,"href":"https:\/\/swingbearing.net\/pt\/wp-json\/wp\/v2\/product_cat?post=574"},{"taxonomy":"product_tag","embeddable":true,"href":"https:\/\/swingbearing.net\/pt\/wp-json\/wp\/v2\/product_tag?post=574"}],"curies":[{"name":"wp","href":"https:\/\/api.w.org\/{rel}","templated":true}]}}