{"id":572,"date":"2023-09-27T05:08:54","date_gmt":"2023-09-27T05:08:54","guid":{"rendered":"https:\/\/swingbearing.net\/?post_type=product&#038;p=572"},"modified":"2024-05-15T06:51:15","modified_gmt":"2024-05-15T06:51:15","slug":"swing-bearing-case","status":"publish","type":"product","link":"https:\/\/swingbearing.net\/pt\/produto\/swing-bearing-case\/","title":{"rendered":"Rolamento de balan\u00e7o CASE"},"content":{"rendered":"<h2 style=\"text-align: center;\">Par\u00e2metros da chumaceira de balan\u00e7o CASE<\/h2>\n<figure class=\"wp-block-table is-style-stripes has-small-font-size\">\n<table class=\"has-cyan-bluish-gray-background-color has-background\">\n<tbody>\n<tr>\n<td style=\"text-align: right;\">Modelo<\/td>\n<td style=\"text-align: right;\">N\u00famero da pe\u00e7a<\/td>\n<td style=\"text-align: right;\">Di\u00e2metro exterior<\/td>\n<td style=\"text-align: right;\">Di\u00e2metro interior<\/td>\n<td style=\"text-align: right;\">Altura total<\/td>\n<td style=\"text-align: right;\">Altura exterior<\/td>\n<td style=\"text-align: right;\">Altura interior<\/td>\n<td style=\"text-align: right;\">Par\u00e2metros do furo exterior<\/td>\n<td style=\"text-align: right;\">Par\u00e2metros do furo interior<\/td>\n<td style=\"text-align: right;\">N\u00famero de dentes<\/td>\n<\/tr>\n<tr>\n<td>CX130<\/td>\n<td>KNB10130<\/td>\n<td>1172<\/td>\n<td>972<\/td>\n<td>88<\/td>\n<td>65<\/td>\n<td>78<\/td>\n<td>28<\/td>\n<td>36<\/td>\n<td>98<\/td>\n<\/tr>\n<tr>\n<td>CX130<\/td>\n<td>KNB 11840<\/td>\n<td>1172<\/td>\n<td>973<\/td>\n<td>88<\/td>\n<td>65<\/td>\n<td>78<\/td>\n<td>28<\/td>\n<td>36<\/td>\n<td>98<\/td>\n<\/tr>\n<tr>\n<td>CX210<\/td>\n<td>KRB1347<\/td>\n<td>1330<\/td>\n<td>1094<\/td>\n<td>103<\/td>\n<td>74<\/td>\n<td>92<\/td>\n<td>31<\/td>\n<td>36<\/td>\n<td>92<\/td>\n<\/tr>\n<tr>\n<td>CX210<\/td>\n<td>KRB1603<\/td>\n<td>1330<\/td>\n<td>1094<\/td>\n<td>103<\/td>\n<td>74<\/td>\n<td>92<\/td>\n<td>31<\/td>\n<td>36<\/td>\n<td>92<\/td>\n<\/tr>\n<tr>\n<td>CX210<\/td>\n<td>KRB10160<\/td>\n<td>1330<\/td>\n<td>1093<\/td>\n<td>102<\/td>\n<td>74<\/td>\n<td>92<\/td>\n<td>31-\u03c622<\/td>\n<td>36-M20<\/td>\n<td>92<\/td>\n<\/tr>\n<tr>\n<td>CX210B<\/td>\n<td>KRB10160<\/td>\n<td>1330<\/td>\n<td>1093<\/td>\n<td>102<\/td>\n<td>74<\/td>\n<td>92<\/td>\n<td>31-\u03c622<\/td>\n<td>36-M20<\/td>\n<td>92<\/td>\n<\/tr>\n<tr>\n<td>CX210<\/td>\n<td>KRB10180<\/td>\n<td>1330<\/td>\n<td>1093<\/td>\n<td>102<\/td>\n<td>74<\/td>\n<td>92<\/td>\n<td>31-\u03c622.5<\/td>\n<td>36-M20<\/td>\n<td>92<\/td>\n<\/tr>\n<tr>\n<td>CX210B<\/td>\n<td>KRB11710<\/td>\n<td>1330<\/td>\n<td>1093<\/td>\n<td>102<\/td>\n<td>74<\/td>\n<td>92<\/td>\n<td>31-\u03c622<\/td>\n<td>36-M20<\/td>\n<td>92<\/td>\n<\/tr>\n<tr>\n<td>CX210C<\/td>\n<td>KRB11710<\/td>\n<td>1330<\/td>\n<td>1093<\/td>\n<td>102<\/td>\n<td>74<\/td>\n<td>92<\/td>\n<td>31-\u03c622<\/td>\n<td>36-M20<\/td>\n<td>92<\/td>\n<\/tr>\n<tr>\n<td>CNH E215<\/td>\n<td>72203516<\/td>\n<td>1312<\/td>\n<td>1082<\/td>\n<td>110<\/td>\n<td>79<\/td>\n<td>98<\/td>\n<td>33<\/td>\n<td>36<\/td>\n<td>110<\/td>\n<\/tr>\n<tr>\n<td>CNH E215<\/td>\n<td>87472588<\/td>\n<td>1312<\/td>\n<td>1082<\/td>\n<td>110<\/td>\n<td>79<\/td>\n<td>98<\/td>\n<td>33<\/td>\n<td>36<\/td>\n<td>110<\/td>\n<\/tr>\n<tr>\n<td>CX240<\/td>\n<td>KBB0878<\/td>\n<td>1375<\/td>\n<td>1094<\/td>\n<td>124<\/td>\n<td>88<\/td>\n<td>114<\/td>\n<td>27-\u03a626<\/td>\n<td>36-M24<\/td>\n<td>92<\/td>\n<\/tr>\n<tr>\n<td>CX240<\/td>\n<td>KBB0282<\/td>\n<td>1375<\/td>\n<td>1094<\/td>\n<td>124<\/td>\n<td>80<\/td>\n<td>114<\/td>\n<td>26-\u03c626<\/td>\n<td>36-M24<\/td>\n<td>92<\/td>\n<\/tr>\n<tr>\n<td>CX240<\/td>\n<td>KBB 10080<\/td>\n<td>1376<\/td>\n<td>1093<\/td>\n<td>125<\/td>\n<td>88<\/td>\n<td>114<\/td>\n<td>27<\/td>\n<td>36<\/td>\n<td>92<\/td>\n<\/tr>\n<tr>\n<td>CX240B<\/td>\n<td>KBB11350<\/td>\n<td>1377<\/td>\n<td>1094<\/td>\n<td>124<\/td>\n<td>88<\/td>\n<td>114<\/td>\n<td>28-26<\/td>\n<td>36-M24<\/td>\n<td>92<\/td>\n<\/tr>\n<tr>\n<td>CX460<\/td>\n<td>KTB10010<\/td>\n<td>1615<\/td>\n<td>1275<\/td>\n<td>145<\/td>\n<td>125<\/td>\n<td>135<\/td>\n<td>41-\u03a626<\/td>\n<td>46-M24<\/td>\n<td>92<\/td>\n<\/tr>\n<tr>\n<td>CX290<\/td>\n<td>KBB10100<\/td>\n<td>1615<\/td>\n<td>1274<\/td>\n<td>122<\/td>\n<td>100<\/td>\n<td>110<\/td>\n<td>41<\/td>\n<td>46<\/td>\n<td>92<\/td>\n<\/tr>\n<\/tbody>\n<\/table>\n<\/figure>\n<p>As escavadoras s\u00e3o m\u00e1quinas pesadas que s\u00e3o utilizadas para escavar, mover e levantar cargas pesadas na constru\u00e7\u00e3o, explora\u00e7\u00e3o mineira e outras ind\u00fastrias. Um componente chave de uma escavadora \u00e9 o seu rolamento de rota\u00e7\u00e3o, tamb\u00e9m conhecido como rolamento de balan\u00e7o, que permite \u00e0 m\u00e1quina rodar 360 graus. Se estiver \u00e0 procura de rolamentos de mesa girat\u00f3ria de alta qualidade para a sua escavadora CASE, n\u00e3o procure mais do que a nossa sele\u00e7\u00e3o de produtos.<\/p>\n<p>A nossa gama de rolamentos de balan\u00e7o para escavadoras CASE inclui os seguintes modelos: CX50B, CX55, CX210, CX210B, CX240A e CX240B. Estes rolamentos s\u00e3o especificamente concebidos para se adaptarem \u00e0 sua escavadora CASE e proporcionam uma rota\u00e7\u00e3o suave e fi\u00e1vel, mesmo sob cargas pesadas.<br \/>\nOs nossos rolamentos de oscila\u00e7\u00e3o para escavadoras s\u00e3o fabricados com materiais de alta qualidade para garantir a m\u00e1xima durabilidade e desempenho. Os componentes do rolamento da plataforma girat\u00f3ria e do rolamento do anel de oscila\u00e7\u00e3o s\u00e3o maquinados com toler\u00e2ncias apertadas para garantir um ajuste perfeito e um funcionamento suave. Al\u00e9m disso, os rolamentos s\u00e3o concebidos para resistir ao desgaste, tornando-os ideais para aplica\u00e7\u00f5es pesadas.<\/p>\n<p>Para al\u00e9m da sua constru\u00e7\u00e3o de alta qualidade, os nossos rolamentos de oscila\u00e7\u00e3o para escavadoras CASE s\u00e3o f\u00e1ceis de instalar e manter. Foram concebidos para substituir as pe\u00e7as originais do fabricante do equipamento (OEM) sem necessidade de modifica\u00e7\u00f5es, tornando a instala\u00e7\u00e3o muito f\u00e1cil. Tamb\u00e9m oferecemos uma gama de pe\u00e7as de substitui\u00e7\u00e3o para os nossos rolamentos, garantindo que pode manter a sua escavadora a funcionar sem problemas durante muitos anos.<\/p>\n<p>Os nossos rolamentos de giro para escavadoras s\u00e3o um componente essencial do sistema de engrenagens de giro da sua escavadora. A engrenagem de giro, que est\u00e1 ligada ao rolamento de giro, permite a rota\u00e7\u00e3o da escavadora. A engrenagem de giro da escavadeira tamb\u00e9m trabalha em conjunto com o rolamento de giro para garantir uma opera\u00e7\u00e3o suave e eficiente.<br \/>\nEm conclus\u00e3o, a nossa gama de rolamentos de giro para escavadoras CASE \u00e9 uma excelente escolha para quem procura pe\u00e7as de alta qualidade, fi\u00e1veis e duradouras para a sua escavadora. A nossa sele\u00e7\u00e3o de rolamentos de giro foi especificamente concebida para se adaptar \u00e0 sua escavadora CASE e proporcionar um funcionamento suave e eficiente, mesmo sob cargas pesadas. Contacte-nos hoje para saber mais sobre os nossos produtos e como podemos ajud\u00e1-lo a manter a sua escavadora a funcionar sem problemas.<br \/>\nPodemos fornecer rolamentos Swing alternativos para o seu , CAT, HITACHI, KOMATSU, KOBELCO, HYUNDAI, VOLVO, DOOSAN, DAEWOO, JCB, CASE, SUMITOMO, KATO, ,Existem rolamentos normais e n\u00e3o normalizados de mais de 1000 centenas de tipos para escolher.<\/p>","protected":false},"excerpt":{"rendered":"<p>Rolamento de balan\u00e7o CASE<br \/>\nModel:CX290,CX460,CX240B<br \/>\nCNH E215,CX210C,CX210B<\/p>","protected":false},"featured_media":136,"template":"","meta":[],"product_brand":[],"product_cat":[22,71],"product_tag":[],"class_list":{"0":"post-572","1":"product","2":"type-product","3":"status-publish","4":"has-post-thumbnail","6":"product_cat-swing-bearing","7":"product_cat-case-excavator-swing-bearing","9":"first","10":"instock","11":"shipping-taxable","12":"product-type-simple"},"_links":{"self":[{"href":"https:\/\/swingbearing.net\/pt\/wp-json\/wp\/v2\/product\/572","targetHints":{"allow":["GET"]}}],"collection":[{"href":"https:\/\/swingbearing.net\/pt\/wp-json\/wp\/v2\/product"}],"about":[{"href":"https:\/\/swingbearing.net\/pt\/wp-json\/wp\/v2\/types\/product"}],"wp:featuredmedia":[{"embeddable":true,"href":"https:\/\/swingbearing.net\/pt\/wp-json\/wp\/v2\/media\/136"}],"wp:attachment":[{"href":"https:\/\/swingbearing.net\/pt\/wp-json\/wp\/v2\/media?parent=572"}],"wp:term":[{"taxonomy":"product_brand","embeddable":true,"href":"https:\/\/swingbearing.net\/pt\/wp-json\/wp\/v2\/product_brand?post=572"},{"taxonomy":"product_cat","embeddable":true,"href":"https:\/\/swingbearing.net\/pt\/wp-json\/wp\/v2\/product_cat?post=572"},{"taxonomy":"product_tag","embeddable":true,"href":"https:\/\/swingbearing.net\/pt\/wp-json\/wp\/v2\/product_tag?post=572"}],"curies":[{"name":"wp","href":"https:\/\/api.w.org\/{rel}","templated":true}]}}