{"id":568,"date":"2023-09-27T04:20:00","date_gmt":"2023-09-27T04:20:00","guid":{"rendered":"https:\/\/swingbearing.net\/?post_type=product&#038;p=568"},"modified":"2024-05-15T06:54:01","modified_gmt":"2024-05-15T06:54:01","slug":"swing-bearing-volvo","status":"publish","type":"product","link":"https:\/\/swingbearing.net\/pt\/produto\/swing-bearing-volvo\/","title":{"rendered":"Rolamento de balan\u00e7o VOLVO"},"content":{"rendered":"<h2 style=\"text-align: center;\">VOLVO Rolamento de balan\u00e7o Par\u00e2metros<\/h2>\n<figure class=\"wp-block-table is-style-stripes has-small-font-size\">\n<table class=\"has-cyan-bluish-gray-background-color has-background\">\n<tbody>\n<tr>\n<td>Modelo<\/td>\n<td>N\u00famero da pe\u00e7a<\/td>\n<td>Di\u00e2metro exterior<\/td>\n<td>Di\u00e2metro interior<\/td>\n<td>Altura total<\/td>\n<td>Altura exterior<\/td>\n<td>Altura interior<\/td>\n<td>Par\u00e2metros do furo exterior<\/td>\n<td>Par\u00e2metros do furo interior<\/td>\n<td>N\u00famero de dentes<\/td>\n<\/tr>\n<tr>\n<td>EC140B<\/td>\n<td>VOE14520561<\/td>\n<td>1196<\/td>\n<td>963<\/td>\n<td>90<\/td>\n<td>79<\/td>\n<td>80<\/td>\n<td>36-\u042419<\/td>\n<td>36-M16*1.5<\/td>\n<td>98<\/td>\n<\/tr>\n<tr>\n<td>EC210<\/td>\n<td>SA1155-00061<\/td>\n<td>1328<\/td>\n<td>1080<\/td>\n<td>110<\/td>\n<td>90<\/td>\n<td>90<\/td>\n<td>33-\u042422<\/td>\n<td>36-M20<\/td>\n<td>92<\/td>\n<\/tr>\n<tr>\n<td>EC210BLC<\/td>\n<td>14563341<\/td>\n<td>1327<\/td>\n<td>1082<\/td>\n<td>110<\/td>\n<td>90<\/td>\n<td>90<\/td>\n<td>34-\u03c622<\/td>\n<td>36-M20<\/td>\n<td>92<\/td>\n<\/tr>\n<tr>\n<td>EC210BLC<\/td>\n<td>14563342<\/td>\n<td>1327<\/td>\n<td>1082<\/td>\n<td>110<\/td>\n<td>90<\/td>\n<td>90<\/td>\n<td>34-\u03c622<\/td>\n<td>36-M20<\/td>\n<td>92<\/td>\n<\/tr>\n<tr>\n<td>EC210 2005<\/td>\n<td>EC210V13948<\/td>\n<td>1327<\/td>\n<td>1080<\/td>\n<td>110<\/td>\n<td>90<\/td>\n<td>90<\/td>\n<td>34-\u042421.5<\/td>\n<td>36-M20<\/td>\n<td>92<\/td>\n<\/tr>\n<tr>\n<td>EC210B<\/td>\n<td>14563327<\/td>\n<td>1328<\/td>\n<td>1080<\/td>\n<td>110<\/td>\n<td>90<\/td>\n<td>90<\/td>\n<td>34-\u042421.5<\/td>\n<td>36-M20<\/td>\n<td>92<\/td>\n<\/tr>\n<tr>\n<td>EC210B<\/td>\n<td>14505766<\/td>\n<td>1328<\/td>\n<td>1080<\/td>\n<td>110<\/td>\n<td>90<\/td>\n<td>90<\/td>\n<td>34-\u03c622<\/td>\n<td>36-M20<\/td>\n<td>92<\/td>\n<\/tr>\n<tr>\n<td>EC210BLC<\/td>\n<td>14577178<\/td>\n<td>1328<\/td>\n<td>1080<\/td>\n<td>110<\/td>\n<td>90<\/td>\n<td>90<\/td>\n<td>34-\u03c622<\/td>\n<td>36-M20<\/td>\n<td>92<\/td>\n<\/tr>\n<tr>\n<td>EC210BNC<\/td>\n<td>14530323<\/td>\n<td>1328<\/td>\n<td>1080<\/td>\n<td>110<\/td>\n<td>90<\/td>\n<td>90<\/td>\n<td>34-\u03c622<\/td>\n<td>36-M20<\/td>\n<td>92<\/td>\n<\/tr>\n<tr>\n<td>EC210LC<\/td>\n<td>1155-00061<\/td>\n<td>1328<\/td>\n<td>1080<\/td>\n<td>110<\/td>\n<td>90<\/td>\n<td>90<\/td>\n<td>33-\u03c622<\/td>\n<td>36-M20<\/td>\n<td>92<\/td>\n<\/tr>\n<tr>\n<td>EC210LC<\/td>\n<td>14563328<\/td>\n<td>1326<\/td>\n<td>1083<\/td>\n<td>108<\/td>\n<td>90<\/td>\n<td>90<\/td>\n<td>34<\/td>\n<td>36<\/td>\n<td>92<\/td>\n<\/tr>\n<tr>\n<td>EC240BLC<\/td>\n<td>14563334<\/td>\n<td>1462<\/td>\n<td>1162<\/td>\n<td>120<\/td>\n<td>95<\/td>\n<td>105<\/td>\n<td>33<\/td>\n<td>36<\/td>\n<td>85<\/td>\n<\/tr>\n<tr>\n<td>EC240BLC<\/td>\n<td>SA1155-00040<\/td>\n<td>1462<\/td>\n<td>1162<\/td>\n<td>120<\/td>\n<td>95<\/td>\n<td>105<\/td>\n<td>33<\/td>\n<td>36<\/td>\n<td>85<\/td>\n<\/tr>\n<tr>\n<td>EC240BNLC<\/td>\n<td>14520572<\/td>\n<td>1462<\/td>\n<td>1162<\/td>\n<td>120<\/td>\n<td>95<\/td>\n<td>105<\/td>\n<td>33<\/td>\n<td>36<\/td>\n<td>85<\/td>\n<\/tr>\n<tr>\n<td>EC290<\/td>\n<td>14570794<\/td>\n<td>1532<\/td>\n<td>1235<\/td>\n<td>123<\/td>\n<td>90<\/td>\n<td>113<\/td>\n<td>35-\u042426<\/td>\n<td>40-M24<\/td>\n<td>90<\/td>\n<\/tr>\n<tr>\n<td>EC290BLC<\/td>\n<td>14563335<\/td>\n<td>1533<\/td>\n<td>1235<\/td>\n<td>122<\/td>\n<td>90<\/td>\n<td>110<\/td>\n<td>35-\u03c626<\/td>\n<td>40-M24<\/td>\n<td>90<\/td>\n<\/tr>\n<tr>\n<td>EC290B<\/td>\n<td>14563335<\/td>\n<td>1532<\/td>\n<td>1235<\/td>\n<td>122<\/td>\n<td>90<\/td>\n<td>110<\/td>\n<td>35-\u03c626<\/td>\n<td>40-M24<\/td>\n<td>90<\/td>\n<\/tr>\n<tr>\n<td>EC290B<\/td>\n<td>14520573<\/td>\n<td>1532<\/td>\n<td>1235<\/td>\n<td>122<\/td>\n<td>90<\/td>\n<td>110<\/td>\n<td>35-\u03c626<\/td>\n<td>40-M24<\/td>\n<td>90<\/td>\n<\/tr>\n<tr>\n<td>EX300-3C<\/td>\n<td>9112188<\/td>\n<td>1531<\/td>\n<td>1248<\/td>\n<td>117<\/td>\n<td>83<\/td>\n<td>105<\/td>\n<td>32-\u03c626<\/td>\n<td>36-M24*2<\/td>\n<td>91<\/td>\n<\/tr>\n<tr>\n<td>EC360BLC<\/td>\n<td>14563350<\/td>\n<td>1550<\/td>\n<td>1239<\/td>\n<td>150<\/td>\n<td>110<\/td>\n<td>136<\/td>\n<td>35<\/td>\n<td>40<\/td>\n<td>90<\/td>\n<\/tr>\n<tr>\n<td>EC460BLC<\/td>\n<td>14507709<\/td>\n<td>1778<\/td>\n<td>1393<\/td>\n<td>120<\/td>\n<td>110<\/td>\n<td>110<\/td>\n<td>40-\u042433<\/td>\n<td>40-M30<\/td>\n<td>112<\/td>\n<\/tr>\n<tr>\n<td>EC480DL<\/td>\n<td>14559204<\/td>\n<td>1778<\/td>\n<td>1393<\/td>\n<td>120<\/td>\n<td>110<\/td>\n<td>110<\/td>\n<td>40\/33<\/td>\n<td>40\/M30<\/td>\n<td>112<\/td>\n<\/tr>\n<tr>\n<td>EC700BLC<\/td>\n<td>14559205<\/td>\n<td>1815<\/td>\n<td>1375<\/td>\n<td>205<\/td>\n<td>148<\/td>\n<td>180<\/td>\n<td>48<\/td>\n<td>60<\/td>\n<td>100<\/td>\n<\/tr>\n<\/tbody>\n<\/table>\n<\/figure>\n<p>A Volvo \u00e9 um nome bem conhecido na ind\u00fastria de equipamento de constru\u00e7\u00e3o, oferecendo m\u00e1quinas de alta qualidade e fi\u00e1veis para v\u00e1rias aplica\u00e7\u00f5es. Entre a sua extensa gama de produtos, as escavadoras Volvo s\u00e3o uma escolha popular entre empreiteiros e empresas de constru\u00e7\u00e3o pelo seu desempenho e durabilidade. Os produtos de rolamentos de giro para escavadeiras Volvo s\u00e3o um componente essencial dessas m\u00e1quinas, garantindo seu funcionamento suave e eficiente.<\/p>\n<p>Os rolamentos de giro para escavadeiras, tamb\u00e9m conhecidos como rolamentos de giro, rolamentos de plataforma girat\u00f3ria ou rolamentos de anel de giro, s\u00e3o respons\u00e1veis pela conex\u00e3o das partes superior e inferior de uma escavadeira. Permitem que a estrutura superior da escavadora rode sobre a estrutura inferior, proporcionando um movimento de 360 graus e flexibilidade. Este movimento \u00e9 crucial para as escavadoras, permitindo-lhes operar em espa\u00e7os apertados, alcan\u00e7ar \u00e2ngulos dif\u00edceis e executar uma vasta gama de tarefas.<\/p>\n<p>Os rolamentos de balan\u00e7o das escavadoras Volvo s\u00e3o concebidos para suportar cargas pesadas e condi\u00e7\u00f5es extremas, tornando-os adequados para v\u00e1rias aplica\u00e7\u00f5es. S\u00e3o fabricados com materiais de alta qualidade e passam por um rigoroso processo de testes para garantir a sua resist\u00eancia e durabilidade. Os rolamentos de coroa de orienta\u00e7\u00e3o das escavadoras Volvo tamb\u00e9m apresentam um design compacto, reduzindo o peso total da m\u00e1quina e melhorando a efici\u00eancia do combust\u00edvel.<\/p>\n<p>Os rolamentos de anel oscilante s\u00e3o componentes cruciais das escavadoras e a sua falha pode causar tempos de inatividade significativos e repara\u00e7\u00f5es dispendiosas. Ao utilizar os rolamentos de giro das pe\u00e7as das escavadoras Volvo, os empreiteiros podem garantir que as suas escavadoras est\u00e3o a funcionar sem problemas, reduzindo o risco de tempo de inatividade e minimizando os custos de manuten\u00e7\u00e3o. Os rolamentos de giro para escavadeiras Volvo s\u00e3o projetados para durar, proporcionando desempenho e confiabilidade a longo prazo.<\/p>\n<p>A Volvo oferece uma vasta gama de rolamentos de giro para escavadoras, adequados para v\u00e1rios modelos e aplica\u00e7\u00f5es. Os modelos Volvo EC55, EC60, EC140BP, EW145BP, EW160BB, EC210, EC240, EC290, EC360LC, EC380, EC460, EC480, EC700, EC210B, EC360 s\u00e3o apenas alguns dos modelos que utilizam os rolamentos de giro para escavadeiras Volvo.Em conclus\u00e3o, os rolamentos de giro para escavadeiras Volvo s\u00e3o um componente essencial das escavadeiras Volvo, proporcionando a flexibilidade e a capacidade de manobra necess\u00e1rias para v\u00e1rias tarefas de constru\u00e7\u00e3o. S\u00e3o concebidos para suportar cargas pesadas e condi\u00e7\u00f5es extremas, assegurando o desempenho a longo prazo e a fiabilidade da m\u00e1quina. Ao utilizar os rolamentos de giro das escavadeiras Volvo, os empreiteiros podem minimizar o tempo de inatividade, reduzir os custos de manuten\u00e7\u00e3o e aumentar a produtividade.<\/p>\n<p>N\u00f3s podemos fornecer alternativa Swing circle para o seu , CAT, HITACHI, KOMATSU, KOBELCO, HYUNDAI, VOLVO, DOOSAN, DAEWOO, JCB, CASE, SUMITOMO, KATO.H\u00e1 normal e n\u00e3o padr\u00e3o mais de 1000 centenas de tipos para voc\u00ea escolher.<\/p>","protected":false},"excerpt":{"rendered":"<p>Rolamento de balan\u00e7o Volvo<br \/>\nModelo:EC700BLC,EC480DL<br \/>\nEC460BLC,EC360BLC,EC290B<\/p>","protected":false},"featured_media":136,"template":"","meta":[],"product_brand":[],"product_cat":[22,68],"product_tag":[],"class_list":{"0":"post-568","1":"product","2":"type-product","3":"status-publish","4":"has-post-thumbnail","6":"product_cat-swing-bearing","7":"product_cat-volvo-excavator-swing-bearing","9":"first","10":"instock","11":"shipping-taxable","12":"product-type-simple"},"_links":{"self":[{"href":"https:\/\/swingbearing.net\/pt\/wp-json\/wp\/v2\/product\/568","targetHints":{"allow":["GET"]}}],"collection":[{"href":"https:\/\/swingbearing.net\/pt\/wp-json\/wp\/v2\/product"}],"about":[{"href":"https:\/\/swingbearing.net\/pt\/wp-json\/wp\/v2\/types\/product"}],"wp:featuredmedia":[{"embeddable":true,"href":"https:\/\/swingbearing.net\/pt\/wp-json\/wp\/v2\/media\/136"}],"wp:attachment":[{"href":"https:\/\/swingbearing.net\/pt\/wp-json\/wp\/v2\/media?parent=568"}],"wp:term":[{"taxonomy":"product_brand","embeddable":true,"href":"https:\/\/swingbearing.net\/pt\/wp-json\/wp\/v2\/product_brand?post=568"},{"taxonomy":"product_cat","embeddable":true,"href":"https:\/\/swingbearing.net\/pt\/wp-json\/wp\/v2\/product_cat?post=568"},{"taxonomy":"product_tag","embeddable":true,"href":"https:\/\/swingbearing.net\/pt\/wp-json\/wp\/v2\/product_tag?post=568"}],"curies":[{"name":"wp","href":"https:\/\/api.w.org\/{rel}","templated":true}]}}